{"id":1335,"date":"2023-10-05T15:37:43","date_gmt":"2023-10-05T15:37:43","guid":{"rendered":"https:\/\/izsekosanasierices.lv\/produktas\/gsm-4g-kamera-su-vidine-baterija-120dienu-su-pir-davikliu\/"},"modified":"2026-04-10T13:16:56","modified_gmt":"2026-04-10T10:16:56","slug":"gsm-4g-kamera-ar-ieksejo-akumulatoru-un-darbibas-laiku-lidz-120-dienam","status":"publish","type":"product","link":"https:\/\/izsekosanasierices.lv\/et\/produkts\/gsm-4g-kaamera-integreeritud-akuga-ja-kuni-120-paeva-aku-kestvusega\/","title":{"rendered":"GSM 4G kaamera sisemise akuga ja kuni 120 p\u00e4eva aku kestvusega"},"content":{"rendered":"<h3>Tehnilised parameetrid:<\/h3>\n<ul>\n<li>Kaugvaatamine: jah<\/li>\n<li>Video salvestamine koos heliga<\/li>\n<li>Kuni 120 p\u00e4eva ooteaeg<\/li>\n<li>PIR-andurid<\/li>\n<li>V\u00f5rk: GSM 4G<\/li>\n<li>\u00d6ine n\u00e4htavus<\/li>\n<li>Pildi kvaliteet: eelvaade - FULL HD 1080P,<\/li>\n<li>Piltide vaatamine telefonis, arvutis ja tahvelarvutis<\/li>\n<li>Optika: 3,7 mm<\/li>\n<li>Telefoniteated: jah<\/li>\n<li>SIM-kaardi pesa: jah<\/li>\n<li>\u00d6ine salvestusfunktsioon: jah<\/li>\n<li>Liikumistuvastuse re\u017eiim: jah (digitaalne)<\/li>\n<li>Vaatamisnurk: 140\u00b0<\/li>\n<li>Kaarditugi: kuni 128 gb (ei kuulu komplekti)<\/li>\n<li>Pakkimisformaat: avi H.264<\/li>\n<li>Toetatud s\u00fcsteemid: iOS, Android<\/li>\n<li>Mobiilirakendus<\/li>\n<li>Toiteallikas: sisemine aku ja vooluv\u00f5rk<\/li>\n<li>Salvestuse juhtimine: mis tahes nutiseadmest (telefon, arvuti v\u00f5i tahvelarvuti)<\/li>\n<li>Garantii 12 kuud<\/li>\n<\/ul>\n<p><span style=\"color: #ff0000;\"><strong>Vajad kiiret sama p\u00e4eva (ja n\u00e4dalavahetuse) kohaletoimetamist?  Helistage +37120484176!<\/strong><\/span><\/p>\n<p><strong>SIM-kaardiga 4G sisekaamera<\/strong><\/p>\n<p><strong>4G videosalvesti<\/strong><\/p>\n<p>Turvalisus on k\u00f5igi jaoks oluline, mist\u00f5ttu j\u00e4relevalvekaamerate kasutamine muutub \u00fcha populaarsemaks. Valvekaameratel on palju erinevaid rakendusi: need v\u00f5ivad olla kasulikud paljudes olukordades. Kaamerat saab kasutada peaaegu igas ruumis ja selle v\u00f5ib paigaldada ka autosse (nt kaubik v\u00f5i muu veoauto).<\/p>\n<p><strong>K\u00f5ik SIM-kaardid sobivad kaamera jaoks<\/strong><\/p>\n<p>Viimasel ajal on kasvanud huvi kaamerate SIM-kaartide vastu, mida on v\u00e4ga lihtne ja mugav kasutada: valige konkreetse operaatori SIM-kaart ja alustage videovalvet. Seda kaamerat saab kasutada ka kohtades, kus puudub <strong>WiFi<\/strong> \u00fchendus - oluline on veenduda, et teie valitud SIM-kaardi operaator pakub mobiilset internetti.<\/p>\n<p><strong>Lihtne kaamera ettevalmistamine<\/strong><\/p>\n<p>\u00c4rge muretsege, et kaamera sissel\u00fclitamine v\u00f5tab liiga kaua aega: sisestage valitud operaatori SIM-kaart ja nautige kaamera eeliseid.<\/p>\n<p><strong>Piiramatu valikuv\u00f5imalus<\/strong><\/p>\n<p>4G-kaameral on ka piiramatu leviala: kus iganes sa ka ei viibiks, saad alati rakendusse sisse logida ja n\u00e4ha, mis toimub j\u00e4lgitavas ruumis. Pilte saab vaadata \u00fcksk\u00f5ik millisest maailma paigast, seega ei pea muretsema, et teises riigis puhkusel olles j\u00e4\u00e4b midagi olulist kahe silma vahele.<\/p>\n<p><strong>Liikumise tuvastamise funktsioon<\/strong><\/p>\n<p>Selleks, et mitte kulutada palju aega kogu videomaterjali l\u00e4bivaatamisele, on soovitatav valida liikumistuvastusega salakaamerad. See 4G-kaamera saadab teateid, kui ruumis tuvastatakse liikumist: te ei pea pidevalt kontrollima, kas sel hetkel toimub midagi, mis s\u00e4\u00e4stab palju aega.<\/p>\n<p><strong>V\u00f5imalus valida suure mahutavusega m\u00e4lukaart<\/strong><\/p>\n<p>Valvekaamera valimisel on sageli oluline kriteerium maksimaalse mahutavusega m\u00e4lukaardi toetus. See 4G <em>stealth<\/em> Kaamera toetab kuni 128 gigabaidi suuruseid micro SD-m\u00e4lukaarte, mis v\u00f5imaldab j\u00e4\u00e4dvustada v\u00e4ga suurt hulka videomaterjali, mida saab arvutisse edastada.<\/p>","protected":false},"excerpt":{"rendered":"<p>Kvaliteetne CCTV kaamera koos sim-kaardiga. Lihtne kasutada, sobib kodu, talu v\u00f5i isegi garaa\u017ei turvamiseks. Saate vaadata live-videot oma mobiiltelefoni. rakendus<\/p>","protected":false},"featured_media":1961,"template":"","meta":[],"product_brand":[],"product_cat":[322,321],"product_tag":[324,325,326,36,327,328,329,32],"class_list":{"0":"post-1335","1":"product","2":"type-product","3":"status-publish","4":"has-post-thumbnail","6":"product_cat-4g-kameras","7":"product_cat-sleptas-kameras","8":"product_tag-izlukosanas-kamera","9":"product_tag-izsekosanas-kamera","10":"product_tag-maskesanas-kamera","11":"product_tag-mini-kamera","12":"product_tag-noverosanas-kamera","13":"product_tag-slepena-kamera","14":"product_tag-slepta-noverosanas-kamera","15":"product_tag-wifi-kamera","17":"first","18":"instock","19":"taxable","20":"shipping-taxable","21":"purchasable","22":"product-type-simple"},"yoast_head":"<!-- This site is optimized with the Yoast SEO plugin v27.5 - https:\/\/yoast.com\/product\/yoast-seo-wordpress\/ -->\n<title>Gsm 4G kamera ar iek\u0161\u0113jo akumulatoru un darb\u012bbas laiku l\u012bdz 120d<\/title>\n<meta name=\"description\" content=\"Augstas kvalit\u0101tes videonov\u0113ro\u0161anas kamera ar SIM Viegli lietojama, piem\u0113rota m\u0101jas, lauku saimniec\u012bbas vai gar\u0101\u017eas dro\u0161\u012bbai Tie\u0161raidi var skat\u012bties...\" \/>\n<meta name=\"robots\" content=\"index, follow, max-snippet:-1, max-image-preview:large, max-video-preview:-1\" \/>\n<link rel=\"canonical\" href=\"https:\/\/izsekosanasierices.lv\/et\/produkts\/gsm-4g-kaamera-integreeritud-akuga-ja-kuni-120-paeva-aku-kestvusega\/\" \/>\n<meta property=\"og:locale\" content=\"et_EE\" \/>\n<meta property=\"og:type\" content=\"article\" \/>\n<meta property=\"og:title\" content=\"GSM 4G kamera ar iek\u0161\u0113jo akumulatoru 120 dienas ar PIR sensora nakts redzam\u012bbas funkciju\" \/>\n<meta property=\"og:description\" content=\"Augstas kvalit\u0101tes videonov\u0113ro\u0161anas kamera ar sim karti. Viegli lietojams, piem\u0113rots m\u0101jas, lauku saimniec\u012bbas vai pat gar\u0101\u017eas dro\u0161\u012bbai. Tie\u0161raidi varat skat\u012bties mobilaj\u0101 t\u0101lrun\u012b. lietotne\" \/>\n<meta property=\"og:url\" content=\"https:\/\/izsekosanasierices.lv\/et\/produkts\/gsm-4g-kaamera-integreeritud-akuga-ja-kuni-120-paeva-aku-kestvusega\/\" \/>\n<meta property=\"og:site_name\" content=\"Nr1 Izseko\u0161anas ier\u012bces gps izseko\u0161anas iek\u0101rtas, klaus\u012b\u0161an\u0101s iek\u0101rtas\" \/>\n<meta property=\"article:modified_time\" content=\"2026-04-10T10:16:56+00:00\" \/>\n<meta property=\"og:image\" content=\"https:\/\/rvnski.dev\/sekimoiranga\/wp-content\/uploads\/izsekosanasierices.webp\" \/>\n<meta name=\"twitter:card\" content=\"summary_large_image\" \/>\n<meta name=\"twitter:title\" content=\"GSM 4G kamera ar iek\u0161\u0113jo akumulatoru 120 dienas ar PIR sensora nakts redzam\u012bbas funkciju\" \/>\n<meta name=\"twitter:description\" content=\"Augstas kvalit\u0101tes videonov\u0113ro\u0161anas kamera ar sim karti. Viegli lietojams, piem\u0113rots m\u0101jas, lauku saimniec\u012bbas vai pat gar\u0101\u017eas dro\u0161\u012bbai. Tie\u0161raidi varat skat\u012bties mobilaj\u0101 t\u0101lrun\u012b. lietotne\" \/>\n<meta name=\"twitter:label1\" content=\"Est. reading time\" \/>\n\t<meta name=\"twitter:data1\" content=\"3 minutit\" \/>\n<script type=\"application\/ld+json\" class=\"yoast-schema-graph\">{\"@context\":\"https:\\\/\\\/schema.org\",\"@graph\":[{\"@type\":\"WebPage\",\"@id\":\"https:\\\/\\\/izsekosanasierices.lv\\\/produkts\\\/gsm-4g-kamera-ar-ieksejo-akumulatoru-un-darbibas-laiku-lidz-120-dienam\\\/\",\"url\":\"https:\\\/\\\/izsekosanasierices.lv\\\/produkts\\\/gsm-4g-kamera-ar-ieksejo-akumulatoru-un-darbibas-laiku-lidz-120-dienam\\\/\",\"name\":\"Gsm 4G kamera ar iek\u0161\u0113jo akumulatoru un darb\u012bbas laiku l\u012bdz 120d\",\"isPartOf\":{\"@id\":\"https:\\\/\\\/izsekosanasierices.lv\\\/#website\"},\"primaryImageOfPage\":{\"@id\":\"https:\\\/\\\/izsekosanasierices.lv\\\/produkts\\\/gsm-4g-kamera-ar-ieksejo-akumulatoru-un-darbibas-laiku-lidz-120-dienam\\\/#primaryimage\"},\"image\":{\"@id\":\"https:\\\/\\\/izsekosanasierices.lv\\\/produkts\\\/gsm-4g-kamera-ar-ieksejo-akumulatoru-un-darbibas-laiku-lidz-120-dienam\\\/#primaryimage\"},\"thumbnailUrl\":\"https:\\\/\\\/izsekosanasierices.lv\\\/wp-content\\\/uploads\\\/izsekosanasierices-gsm-4g-kamera-su-vidine-baterija-patalpom-kur-nera-interneto-wi-fi.jpg\",\"datePublished\":\"2023-10-05T15:37:43+00:00\",\"dateModified\":\"2026-04-10T10:16:56+00:00\",\"description\":\"Augstas kvalit\u0101tes videonov\u0113ro\u0161anas kamera ar SIM Viegli lietojama, piem\u0113rota m\u0101jas, lauku saimniec\u012bbas vai gar\u0101\u017eas dro\u0161\u012bbai Tie\u0161raidi var skat\u012bties...\",\"breadcrumb\":{\"@id\":\"https:\\\/\\\/izsekosanasierices.lv\\\/produkts\\\/gsm-4g-kamera-ar-ieksejo-akumulatoru-un-darbibas-laiku-lidz-120-dienam\\\/#breadcrumb\"},\"inLanguage\":\"et\",\"potentialAction\":[{\"@type\":\"ReadAction\",\"target\":[\"https:\\\/\\\/izsekosanasierices.lv\\\/produkts\\\/gsm-4g-kamera-ar-ieksejo-akumulatoru-un-darbibas-laiku-lidz-120-dienam\\\/\"]}]},{\"@type\":\"ImageObject\",\"inLanguage\":\"et\",\"@id\":\"https:\\\/\\\/izsekosanasierices.lv\\\/produkts\\\/gsm-4g-kamera-ar-ieksejo-akumulatoru-un-darbibas-laiku-lidz-120-dienam\\\/#primaryimage\",\"url\":\"https:\\\/\\\/izsekosanasierices.lv\\\/wp-content\\\/uploads\\\/izsekosanasierices-gsm-4g-kamera-su-vidine-baterija-patalpom-kur-nera-interneto-wi-fi.jpg\",\"contentUrl\":\"https:\\\/\\\/izsekosanasierices.lv\\\/wp-content\\\/uploads\\\/izsekosanasierices-gsm-4g-kamera-su-vidine-baterija-patalpom-kur-nera-interneto-wi-fi.jpg\",\"width\":800,\"height\":800,\"caption\":\"4g kamera galima naudoti lauke su naktiniu matymu\"},{\"@type\":\"BreadcrumbList\",\"@id\":\"https:\\\/\\\/izsekosanasierices.lv\\\/produkts\\\/gsm-4g-kamera-ar-ieksejo-akumulatoru-un-darbibas-laiku-lidz-120-dienam\\\/#breadcrumb\",\"itemListElement\":[{\"@type\":\"ListItem\",\"position\":1,\"name\":\"S\u0101kums\",\"item\":\"https:\\\/\\\/izsekosanasierices.lv\\\/\"},{\"@type\":\"ListItem\",\"position\":2,\"name\":\"Veikals\",\"item\":\"https:\\\/\\\/izsekosanasierices.lv\\\/veikals\\\/\"},{\"@type\":\"ListItem\",\"position\":3,\"name\":\"GSM 4G kamera ar iek\u0161\u0113jo akumulatoru un darb\u012bbas laiku l\u012bdz 120 dien\u0101m\"}]},{\"@type\":\"WebSite\",\"@id\":\"https:\\\/\\\/izsekosanasierices.lv\\\/#website\",\"url\":\"https:\\\/\\\/izsekosanasierices.lv\\\/\",\"name\":\"Nr1 Izseko\u0161anas ier\u012bces gps izseko\u0161anas iek\u0101rtas, klaus\u012b\u0161an\u0101s iek\u0101rtas\",\"description\":\"\",\"potentialAction\":[{\"@type\":\"SearchAction\",\"target\":{\"@type\":\"EntryPoint\",\"urlTemplate\":\"https:\\\/\\\/izsekosanasierices.lv\\\/?s={search_term_string}\"},\"query-input\":{\"@type\":\"PropertyValueSpecification\",\"valueRequired\":true,\"valueName\":\"search_term_string\"}}],\"inLanguage\":\"et\"}]}<\/script>\n<!-- \/ Yoast SEO plugin. -->","yoast_head_json":{"title":"Gsm 4G kamera ar iek\u0161\u0113jo akumulatoru un darb\u012bbas laiku l\u012bdz 120d","description":"Augstas kvalit\u0101tes videonov\u0113ro\u0161anas kamera ar SIM Viegli lietojama, piem\u0113rota m\u0101jas, lauku saimniec\u012bbas vai gar\u0101\u017eas dro\u0161\u012bbai Tie\u0161raidi var skat\u012bties...","robots":{"index":"index","follow":"follow","max-snippet":"max-snippet:-1","max-image-preview":"max-image-preview:large","max-video-preview":"max-video-preview:-1"},"canonical":"https:\/\/izsekosanasierices.lv\/et\/produkts\/gsm-4g-kaamera-integreeritud-akuga-ja-kuni-120-paeva-aku-kestvusega\/","og_locale":"et_EE","og_type":"article","og_title":"GSM 4G kamera ar iek\u0161\u0113jo akumulatoru 120 dienas ar PIR sensora nakts redzam\u012bbas funkciju","og_description":"Augstas kvalit\u0101tes videonov\u0113ro\u0161anas kamera ar sim karti. Viegli lietojams, piem\u0113rots m\u0101jas, lauku saimniec\u012bbas vai pat gar\u0101\u017eas dro\u0161\u012bbai. Tie\u0161raidi varat skat\u012bties mobilaj\u0101 t\u0101lrun\u012b. lietotne","og_url":"https:\/\/izsekosanasierices.lv\/et\/produkts\/gsm-4g-kaamera-integreeritud-akuga-ja-kuni-120-paeva-aku-kestvusega\/","og_site_name":"Nr1 Izseko\u0161anas ier\u012bces gps izseko\u0161anas iek\u0101rtas, klaus\u012b\u0161an\u0101s iek\u0101rtas","article_modified_time":"2026-04-10T10:16:56+00:00","og_image":[{"url":"https:\/\/rvnski.dev\/sekimoiranga\/wp-content\/uploads\/izsekosanasierices.webp","type":"","width":"","height":""}],"twitter_card":"summary_large_image","twitter_title":"GSM 4G kamera ar iek\u0161\u0113jo akumulatoru 120 dienas ar PIR sensora nakts redzam\u012bbas funkciju","twitter_description":"Augstas kvalit\u0101tes videonov\u0113ro\u0161anas kamera ar sim karti. Viegli lietojams, piem\u0113rots m\u0101jas, lauku saimniec\u012bbas vai pat gar\u0101\u017eas dro\u0161\u012bbai. Tie\u0161raidi varat skat\u012bties mobilaj\u0101 t\u0101lrun\u012b. lietotne","twitter_misc":{"Est. reading time":"3 minutit"},"schema":{"@context":"https:\/\/schema.org","@graph":[{"@type":"WebPage","@id":"https:\/\/izsekosanasierices.lv\/produkts\/gsm-4g-kamera-ar-ieksejo-akumulatoru-un-darbibas-laiku-lidz-120-dienam\/","url":"https:\/\/izsekosanasierices.lv\/produkts\/gsm-4g-kamera-ar-ieksejo-akumulatoru-un-darbibas-laiku-lidz-120-dienam\/","name":"Gsm 4G kamera ar iek\u0161\u0113jo akumulatoru un darb\u012bbas laiku l\u012bdz 120d","isPartOf":{"@id":"https:\/\/izsekosanasierices.lv\/#website"},"primaryImageOfPage":{"@id":"https:\/\/izsekosanasierices.lv\/produkts\/gsm-4g-kamera-ar-ieksejo-akumulatoru-un-darbibas-laiku-lidz-120-dienam\/#primaryimage"},"image":{"@id":"https:\/\/izsekosanasierices.lv\/produkts\/gsm-4g-kamera-ar-ieksejo-akumulatoru-un-darbibas-laiku-lidz-120-dienam\/#primaryimage"},"thumbnailUrl":"https:\/\/izsekosanasierices.lv\/wp-content\/uploads\/izsekosanasierices-gsm-4g-kamera-su-vidine-baterija-patalpom-kur-nera-interneto-wi-fi.jpg","datePublished":"2023-10-05T15:37:43+00:00","dateModified":"2026-04-10T10:16:56+00:00","description":"Augstas kvalit\u0101tes videonov\u0113ro\u0161anas kamera ar SIM Viegli lietojama, piem\u0113rota m\u0101jas, lauku saimniec\u012bbas vai gar\u0101\u017eas dro\u0161\u012bbai Tie\u0161raidi var skat\u012bties...","breadcrumb":{"@id":"https:\/\/izsekosanasierices.lv\/produkts\/gsm-4g-kamera-ar-ieksejo-akumulatoru-un-darbibas-laiku-lidz-120-dienam\/#breadcrumb"},"inLanguage":"et","potentialAction":[{"@type":"ReadAction","target":["https:\/\/izsekosanasierices.lv\/produkts\/gsm-4g-kamera-ar-ieksejo-akumulatoru-un-darbibas-laiku-lidz-120-dienam\/"]}]},{"@type":"ImageObject","inLanguage":"et","@id":"https:\/\/izsekosanasierices.lv\/produkts\/gsm-4g-kamera-ar-ieksejo-akumulatoru-un-darbibas-laiku-lidz-120-dienam\/#primaryimage","url":"https:\/\/izsekosanasierices.lv\/wp-content\/uploads\/izsekosanasierices-gsm-4g-kamera-su-vidine-baterija-patalpom-kur-nera-interneto-wi-fi.jpg","contentUrl":"https:\/\/izsekosanasierices.lv\/wp-content\/uploads\/izsekosanasierices-gsm-4g-kamera-su-vidine-baterija-patalpom-kur-nera-interneto-wi-fi.jpg","width":800,"height":800,"caption":"4g kamera galima naudoti lauke su naktiniu matymu"},{"@type":"BreadcrumbList","@id":"https:\/\/izsekosanasierices.lv\/produkts\/gsm-4g-kamera-ar-ieksejo-akumulatoru-un-darbibas-laiku-lidz-120-dienam\/#breadcrumb","itemListElement":[{"@type":"ListItem","position":1,"name":"S\u0101kums","item":"https:\/\/izsekosanasierices.lv\/"},{"@type":"ListItem","position":2,"name":"Veikals","item":"https:\/\/izsekosanasierices.lv\/veikals\/"},{"@type":"ListItem","position":3,"name":"GSM 4G kamera ar iek\u0161\u0113jo akumulatoru un darb\u012bbas laiku l\u012bdz 120 dien\u0101m"}]},{"@type":"WebSite","@id":"https:\/\/izsekosanasierices.lv\/#website","url":"https:\/\/izsekosanasierices.lv\/","name":"Nr1 Izseko\u0161anas ier\u012bces gps izseko\u0161anas iek\u0101rtas, klaus\u012b\u0161an\u0101s iek\u0101rtas","description":"","potentialAction":[{"@type":"SearchAction","target":{"@type":"EntryPoint","urlTemplate":"https:\/\/izsekosanasierices.lv\/?s={search_term_string}"},"query-input":{"@type":"PropertyValueSpecification","valueRequired":true,"valueName":"search_term_string"}}],"inLanguage":"et"}]}},"_links":{"self":[{"href":"https:\/\/izsekosanasierices.lv\/et\/wp-json\/wp\/v2\/product\/1335","targetHints":{"allow":["GET"]}}],"collection":[{"href":"https:\/\/izsekosanasierices.lv\/et\/wp-json\/wp\/v2\/product"}],"about":[{"href":"https:\/\/izsekosanasierices.lv\/et\/wp-json\/wp\/v2\/types\/product"}],"wp:featuredmedia":[{"embeddable":true,"href":"https:\/\/izsekosanasierices.lv\/et\/wp-json\/wp\/v2\/media\/1961"}],"wp:attachment":[{"href":"https:\/\/izsekosanasierices.lv\/et\/wp-json\/wp\/v2\/media?parent=1335"}],"wp:term":[{"taxonomy":"product_brand","embeddable":true,"href":"https:\/\/izsekosanasierices.lv\/et\/wp-json\/wp\/v2\/product_brand?post=1335"},{"taxonomy":"product_cat","embeddable":true,"href":"https:\/\/izsekosanasierices.lv\/et\/wp-json\/wp\/v2\/product_cat?post=1335"},{"taxonomy":"product_tag","embeddable":true,"href":"https:\/\/izsekosanasierices.lv\/et\/wp-json\/wp\/v2\/product_tag?post=1335"}],"curies":[{"name":"wp","href":"https:\/\/api.w.org\/{rel}","templated":true}]}}