{"id":1336,"date":"2023-10-05T15:37:43","date_gmt":"2023-10-05T15:37:43","guid":{"rendered":"https:\/\/izsekosanasierices.lv\/produktas\/gsm-blake-kompiuterio-pele-logitech-su-pasiklausymo-iranga\/"},"modified":"2025-11-19T18:05:29","modified_gmt":"2025-11-19T16:05:29","slug":"datora-pele-logitech-ar-gsm-noklausisanas-iekartu","status":"publish","type":"product","link":"https:\/\/izsekosanasierices.lv\/et\/produkts\/logitechi-arvutihiir-koos-gsm-kuulamisega-pardal-oleva-hiirega\/","title":{"rendered":"Logitechi arvutihiir koos GSM pealtkuulamisseadmega"},"content":{"rendered":"<h3><strong>Tehnilised parameetrid:<\/strong><\/h3>\n<ul>\n<li>Sageduse valik: neli (850 MHz \/ 900M Hz \/ 1800 MHz \/ 1900 MHz)<\/li>\n<li>Piiramatu pealtkuulamiskaugus<\/li>\n<li>Heliedastuse funktsioon: GSM-mobiili\u00fchenduse kaudu<\/li>\n<li>Mikrofon: kvaliteetne<\/li>\n<li><strong>Garantii 12 kuud<\/strong><\/li>\n<\/ul>\n<p>Kasutamine: teie ohutuse tagamiseks, laste ohutuse tagamiseks.<\/p>\n<p><span style=\"color: #ff0000;\"><strong>Vajad kiiret sama p\u00e4eva (ja n\u00e4dalavahetuse) kohaletoimetamist? Helistage +371-20484176<\/strong><\/span><\/p>\n<p><strong>Sisaldab: <\/strong><\/p>\n<ul>\n<li>GSM-kuulamise seade;<\/li>\n<li><em>Logitech <\/em>optiline arvutihiir.<\/li>\n<\/ul>\n<p>See on suurep\u00e4rane valik lapse kontrollimiseks. Arvutihiire saab alati \u00fchendada ja aktiveerida ning te saate segamatult kuulata vestlusi. Lihtne kasutada - lihtsalt sisestage SIM-kaart seadmesse ja te saate alati teada, mis toimub. V\u00e4limuse ja funktsioonide poolest ei erine see hiir tavalisest arvutihiirest. Oluline on see, et selle sees on sisseehitatud aku, mis hoiab pealtkuulajat t\u00f6\u00f6s umbes 24 tundi p\u00e4rast seadme USB-pordist lahti\u00fchendamist. Kunagi varem pole olnud lihtsam oma alaealisel lapsel silma peal hoida.<\/p>","protected":false},"excerpt":{"rendered":"<p>Uus turul - sisseehitatud pealtkuulamisega arvutihiir. Kvaliteetne, lihtsalt kasutatav pealtkuulamisvahend. Lai valik tooteid, head allahindlused.<\/p>","protected":false},"featured_media":1965,"template":"","meta":[],"product_brand":[],"product_cat":[336,335,337],"product_tag":[62,375,338,339,340,341],"class_list":{"0":"post-1336","1":"product","2":"type-product","3":"status-publish","4":"has-post-thumbnail","6":"product_cat-gsm-noklausisanas-iekartas-blakes","7":"product_cat-noklausisanas-ierices","8":"product_cat-profesionals-noklausisanas-aprikojums","9":"product_tag-gsm-blake","10":"product_tag-mini-noklausisanas-kluda","11":"product_tag-noklausisanas-iekartas","12":"product_tag-noklausisanas-kluda","13":"product_tag-profesionalas-noklausisanas-iekartas","14":"product_tag-sarunu-noklausisanas","16":"first","17":"instock","18":"taxable","19":"shipping-taxable","20":"purchasable","21":"product-type-simple"},"yoast_head":"<!-- This site is optimized with the Yoast SEO plugin v27.5 - https:\/\/yoast.com\/product\/yoast-seo-wordpress\/ -->\n<title>Datora pele Logitech ar GSM noklaus\u012b\u0161an\u0101s ier\u012bce<\/title>\n<meta name=\"description\" content=\"Jaunums tirg\u016b datorpele ar ieb\u016bv\u0113tu noklaus\u012b\u0161an\u0101s ier\u012bce Augstas kvalit\u0101tes viegli lietojams noklaus\u012b\u0161an\u0101s apr\u012bkojums Pla\u0161a produktu izv\u0113le labas atlaides\" \/>\n<meta name=\"robots\" content=\"index, follow, max-snippet:-1, max-image-preview:large, max-video-preview:-1\" \/>\n<link rel=\"canonical\" href=\"https:\/\/izsekosanasierices.lv\/et\/produkts\/logitechi-arvutihiir-koos-gsm-kuulamisega-pardal-oleva-hiirega\/\" \/>\n<meta property=\"og:locale\" content=\"et_EE\" \/>\n<meta property=\"og:type\" content=\"article\" \/>\n<meta property=\"og:title\" content=\"GSM bug datora peles noklaus\u012b\u0161an\u0101s iek\u0101rtas\" \/>\n<meta property=\"og:description\" content=\"Jaunums tirg\u016b - datorpele ar noklaus\u012b\u0161an\u0101s iek\u0101rtu. Augstas kvalit\u0101tes, viegli lietojams noklaus\u012b\u0161an\u0101s apr\u012bkojums. Produktu izv\u0113le, atlaides\" \/>\n<meta property=\"og:url\" content=\"https:\/\/izsekosanasierices.lv\/et\/produkts\/logitechi-arvutihiir-koos-gsm-kuulamisega-pardal-oleva-hiirega\/\" \/>\n<meta property=\"og:site_name\" content=\"Nr1 Izseko\u0161anas ier\u012bces gps izseko\u0161anas iek\u0101rtas, klaus\u012b\u0161an\u0101s iek\u0101rtas\" \/>\n<meta property=\"article:modified_time\" content=\"2025-11-19T16:05:29+00:00\" \/>\n<meta property=\"og:image\" content=\"https:\/\/rvnski.dev\/sekimoiranga\/wp-content\/uploads\/izsekosanasierices.webp\" \/>\n<meta name=\"twitter:card\" content=\"summary_large_image\" \/>\n<meta name=\"twitter:title\" content=\"GSM bug datora peles noklaus\u012b\u0161an\u0101s iek\u0101rtas\" \/>\n<meta name=\"twitter:description\" content=\"Jaunums tirg\u016b - datorpele ar noklaus\u012b\u0161an\u0101s iek\u0101rtu. Augstas kvalit\u0101tes, viegli lietojams noklaus\u012b\u0161an\u0101s apr\u012bkojums. Produktu izv\u0113le, atlaides\" \/>\n<meta name=\"twitter:label1\" content=\"Est. reading time\" \/>\n\t<meta name=\"twitter:data1\" content=\"1 minut\" \/>\n<script type=\"application\/ld+json\" class=\"yoast-schema-graph\">{\"@context\":\"https:\\\/\\\/schema.org\",\"@graph\":[{\"@type\":\"WebPage\",\"@id\":\"https:\\\/\\\/izsekosanasierices.lv\\\/produkts\\\/datora-pele-logitech-ar-gsm-noklausisanas-iekartu\\\/\",\"url\":\"https:\\\/\\\/izsekosanasierices.lv\\\/produkts\\\/datora-pele-logitech-ar-gsm-noklausisanas-iekartu\\\/\",\"name\":\"Datora pele Logitech ar GSM noklaus\u012b\u0161an\u0101s ier\u012bce\",\"isPartOf\":{\"@id\":\"https:\\\/\\\/izsekosanasierices.lv\\\/#website\"},\"primaryImageOfPage\":{\"@id\":\"https:\\\/\\\/izsekosanasierices.lv\\\/produkts\\\/datora-pele-logitech-ar-gsm-noklausisanas-iekartu\\\/#primaryimage\"},\"image\":{\"@id\":\"https:\\\/\\\/izsekosanasierices.lv\\\/produkts\\\/datora-pele-logitech-ar-gsm-noklausisanas-iekartu\\\/#primaryimage\"},\"thumbnailUrl\":\"https:\\\/\\\/izsekosanasierices.lv\\\/wp-content\\\/uploads\\\/izsekosanasierices-gsm-blake-kompiuterio-pele-logitech-su-pasiklausymo-iranga.jpg\",\"datePublished\":\"2023-10-05T15:37:43+00:00\",\"dateModified\":\"2025-11-19T16:05:29+00:00\",\"description\":\"Jaunums tirg\u016b datorpele ar ieb\u016bv\u0113tu noklaus\u012b\u0161an\u0101s ier\u012bce Augstas kvalit\u0101tes viegli lietojams noklaus\u012b\u0161an\u0101s apr\u012bkojums Pla\u0161a produktu izv\u0113le labas atlaides\",\"breadcrumb\":{\"@id\":\"https:\\\/\\\/izsekosanasierices.lv\\\/produkts\\\/datora-pele-logitech-ar-gsm-noklausisanas-iekartu\\\/#breadcrumb\"},\"inLanguage\":\"et\",\"potentialAction\":[{\"@type\":\"ReadAction\",\"target\":[\"https:\\\/\\\/izsekosanasierices.lv\\\/produkts\\\/datora-pele-logitech-ar-gsm-noklausisanas-iekartu\\\/\"]}]},{\"@type\":\"ImageObject\",\"inLanguage\":\"et\",\"@id\":\"https:\\\/\\\/izsekosanasierices.lv\\\/produkts\\\/datora-pele-logitech-ar-gsm-noklausisanas-iekartu\\\/#primaryimage\",\"url\":\"https:\\\/\\\/izsekosanasierices.lv\\\/wp-content\\\/uploads\\\/izsekosanasierices-gsm-blake-kompiuterio-pele-logitech-su-pasiklausymo-iranga.jpg\",\"contentUrl\":\"https:\\\/\\\/izsekosanasierices.lv\\\/wp-content\\\/uploads\\\/izsekosanasierices-gsm-blake-kompiuterio-pele-logitech-su-pasiklausymo-iranga.jpg\",\"width\":536,\"height\":536,\"caption\":\"gsm blake kompiuterio pele pasiklausymo iranga\"},{\"@type\":\"BreadcrumbList\",\"@id\":\"https:\\\/\\\/izsekosanasierices.lv\\\/produkts\\\/datora-pele-logitech-ar-gsm-noklausisanas-iekartu\\\/#breadcrumb\",\"itemListElement\":[{\"@type\":\"ListItem\",\"position\":1,\"name\":\"S\u0101kums\",\"item\":\"https:\\\/\\\/izsekosanasierices.lv\\\/\"},{\"@type\":\"ListItem\",\"position\":2,\"name\":\"Veikals\",\"item\":\"https:\\\/\\\/izsekosanasierices.lv\\\/veikals\\\/\"},{\"@type\":\"ListItem\",\"position\":3,\"name\":\"Datora pele Logitech ar GSM noklaus\u012b\u0161an\u0101s ier\u012bce\"}]},{\"@type\":\"WebSite\",\"@id\":\"https:\\\/\\\/izsekosanasierices.lv\\\/#website\",\"url\":\"https:\\\/\\\/izsekosanasierices.lv\\\/\",\"name\":\"Nr1 Izseko\u0161anas ier\u012bces gps izseko\u0161anas iek\u0101rtas, klaus\u012b\u0161an\u0101s iek\u0101rtas\",\"description\":\"\",\"potentialAction\":[{\"@type\":\"SearchAction\",\"target\":{\"@type\":\"EntryPoint\",\"urlTemplate\":\"https:\\\/\\\/izsekosanasierices.lv\\\/?s={search_term_string}\"},\"query-input\":{\"@type\":\"PropertyValueSpecification\",\"valueRequired\":true,\"valueName\":\"search_term_string\"}}],\"inLanguage\":\"et\"}]}<\/script>\n<!-- \/ Yoast SEO plugin. -->","yoast_head_json":{"title":"Datora pele Logitech ar GSM noklaus\u012b\u0161an\u0101s ier\u012bce","description":"Jaunums tirg\u016b datorpele ar ieb\u016bv\u0113tu noklaus\u012b\u0161an\u0101s ier\u012bce Augstas kvalit\u0101tes viegli lietojams noklaus\u012b\u0161an\u0101s apr\u012bkojums Pla\u0161a produktu izv\u0113le labas atlaides","robots":{"index":"index","follow":"follow","max-snippet":"max-snippet:-1","max-image-preview":"max-image-preview:large","max-video-preview":"max-video-preview:-1"},"canonical":"https:\/\/izsekosanasierices.lv\/et\/produkts\/logitechi-arvutihiir-koos-gsm-kuulamisega-pardal-oleva-hiirega\/","og_locale":"et_EE","og_type":"article","og_title":"GSM bug datora peles noklaus\u012b\u0161an\u0101s iek\u0101rtas","og_description":"Jaunums tirg\u016b - datorpele ar noklaus\u012b\u0161an\u0101s iek\u0101rtu. Augstas kvalit\u0101tes, viegli lietojams noklaus\u012b\u0161an\u0101s apr\u012bkojums. Produktu izv\u0113le, atlaides","og_url":"https:\/\/izsekosanasierices.lv\/et\/produkts\/logitechi-arvutihiir-koos-gsm-kuulamisega-pardal-oleva-hiirega\/","og_site_name":"Nr1 Izseko\u0161anas ier\u012bces gps izseko\u0161anas iek\u0101rtas, klaus\u012b\u0161an\u0101s iek\u0101rtas","article_modified_time":"2025-11-19T16:05:29+00:00","og_image":[{"url":"https:\/\/rvnski.dev\/sekimoiranga\/wp-content\/uploads\/izsekosanasierices.webp","type":"","width":"","height":""}],"twitter_card":"summary_large_image","twitter_title":"GSM bug datora peles noklaus\u012b\u0161an\u0101s iek\u0101rtas","twitter_description":"Jaunums tirg\u016b - datorpele ar noklaus\u012b\u0161an\u0101s iek\u0101rtu. Augstas kvalit\u0101tes, viegli lietojams noklaus\u012b\u0161an\u0101s apr\u012bkojums. Produktu izv\u0113le, atlaides","twitter_misc":{"Est. reading time":"1 minut"},"schema":{"@context":"https:\/\/schema.org","@graph":[{"@type":"WebPage","@id":"https:\/\/izsekosanasierices.lv\/produkts\/datora-pele-logitech-ar-gsm-noklausisanas-iekartu\/","url":"https:\/\/izsekosanasierices.lv\/produkts\/datora-pele-logitech-ar-gsm-noklausisanas-iekartu\/","name":"Datora pele Logitech ar GSM noklaus\u012b\u0161an\u0101s ier\u012bce","isPartOf":{"@id":"https:\/\/izsekosanasierices.lv\/#website"},"primaryImageOfPage":{"@id":"https:\/\/izsekosanasierices.lv\/produkts\/datora-pele-logitech-ar-gsm-noklausisanas-iekartu\/#primaryimage"},"image":{"@id":"https:\/\/izsekosanasierices.lv\/produkts\/datora-pele-logitech-ar-gsm-noklausisanas-iekartu\/#primaryimage"},"thumbnailUrl":"https:\/\/izsekosanasierices.lv\/wp-content\/uploads\/izsekosanasierices-gsm-blake-kompiuterio-pele-logitech-su-pasiklausymo-iranga.jpg","datePublished":"2023-10-05T15:37:43+00:00","dateModified":"2025-11-19T16:05:29+00:00","description":"Jaunums tirg\u016b datorpele ar ieb\u016bv\u0113tu noklaus\u012b\u0161an\u0101s ier\u012bce Augstas kvalit\u0101tes viegli lietojams noklaus\u012b\u0161an\u0101s apr\u012bkojums Pla\u0161a produktu izv\u0113le labas atlaides","breadcrumb":{"@id":"https:\/\/izsekosanasierices.lv\/produkts\/datora-pele-logitech-ar-gsm-noklausisanas-iekartu\/#breadcrumb"},"inLanguage":"et","potentialAction":[{"@type":"ReadAction","target":["https:\/\/izsekosanasierices.lv\/produkts\/datora-pele-logitech-ar-gsm-noklausisanas-iekartu\/"]}]},{"@type":"ImageObject","inLanguage":"et","@id":"https:\/\/izsekosanasierices.lv\/produkts\/datora-pele-logitech-ar-gsm-noklausisanas-iekartu\/#primaryimage","url":"https:\/\/izsekosanasierices.lv\/wp-content\/uploads\/izsekosanasierices-gsm-blake-kompiuterio-pele-logitech-su-pasiklausymo-iranga.jpg","contentUrl":"https:\/\/izsekosanasierices.lv\/wp-content\/uploads\/izsekosanasierices-gsm-blake-kompiuterio-pele-logitech-su-pasiklausymo-iranga.jpg","width":536,"height":536,"caption":"gsm blake kompiuterio pele pasiklausymo iranga"},{"@type":"BreadcrumbList","@id":"https:\/\/izsekosanasierices.lv\/produkts\/datora-pele-logitech-ar-gsm-noklausisanas-iekartu\/#breadcrumb","itemListElement":[{"@type":"ListItem","position":1,"name":"S\u0101kums","item":"https:\/\/izsekosanasierices.lv\/"},{"@type":"ListItem","position":2,"name":"Veikals","item":"https:\/\/izsekosanasierices.lv\/veikals\/"},{"@type":"ListItem","position":3,"name":"Datora pele Logitech ar GSM noklaus\u012b\u0161an\u0101s ier\u012bce"}]},{"@type":"WebSite","@id":"https:\/\/izsekosanasierices.lv\/#website","url":"https:\/\/izsekosanasierices.lv\/","name":"Nr1 Izseko\u0161anas ier\u012bces gps izseko\u0161anas iek\u0101rtas, klaus\u012b\u0161an\u0101s iek\u0101rtas","description":"","potentialAction":[{"@type":"SearchAction","target":{"@type":"EntryPoint","urlTemplate":"https:\/\/izsekosanasierices.lv\/?s={search_term_string}"},"query-input":{"@type":"PropertyValueSpecification","valueRequired":true,"valueName":"search_term_string"}}],"inLanguage":"et"}]}},"_links":{"self":[{"href":"https:\/\/izsekosanasierices.lv\/et\/wp-json\/wp\/v2\/product\/1336","targetHints":{"allow":["GET"]}}],"collection":[{"href":"https:\/\/izsekosanasierices.lv\/et\/wp-json\/wp\/v2\/product"}],"about":[{"href":"https:\/\/izsekosanasierices.lv\/et\/wp-json\/wp\/v2\/types\/product"}],"wp:featuredmedia":[{"embeddable":true,"href":"https:\/\/izsekosanasierices.lv\/et\/wp-json\/wp\/v2\/media\/1965"}],"wp:attachment":[{"href":"https:\/\/izsekosanasierices.lv\/et\/wp-json\/wp\/v2\/media?parent=1336"}],"wp:term":[{"taxonomy":"product_brand","embeddable":true,"href":"https:\/\/izsekosanasierices.lv\/et\/wp-json\/wp\/v2\/product_brand?post=1336"},{"taxonomy":"product_cat","embeddable":true,"href":"https:\/\/izsekosanasierices.lv\/et\/wp-json\/wp\/v2\/product_cat?post=1336"},{"taxonomy":"product_tag","embeddable":true,"href":"https:\/\/izsekosanasierices.lv\/et\/wp-json\/wp\/v2\/product_tag?post=1336"}],"curies":[{"name":"wp","href":"https:\/\/api.w.org\/{rel}","templated":true}]}}