{"id":1338,"date":"2023-10-05T15:37:43","date_gmt":"2023-10-05T15:37:43","guid":{"rendered":"https:\/\/izsekosanasierices.lv\/produktas\/pro-uhf-pasiklausymo-blake-su-kvarciniu-stabilizavimu-radijo-imtuvas\/"},"modified":"2025-11-19T16:25:08","modified_gmt":"2025-11-19T14:25:08","slug":"pro-serijas-noklausisanas-ierice-kas-darbojas-uhf-radiofrekvence-ar-kvarca-stabilizatoru-un-komplekta-ieklautu-radio-uztvereju","status":"publish","type":"product","link":"https:\/\/izsekosanasierices.lv\/et\/produkts\/uhf-raadiosagedusel-tootav-pro-seeria-kuuldeaparaat-koos-kvartsstabiliseerija-ja-sisseehitatud-raadiovastuvotjaga\/","title":{"rendered":"PRO-seeria UHF raadiosageduste kuulamise seade koos kvartsstabilisaatori ja kaasasoleva raadiovastuv\u00f5tjaga"},"content":{"rendered":"<h3><strong>Tehnilised parameetrid:<\/strong><\/h3>\n<ul>\n<li>Sagedusvahemik: 430-440 MHz<\/li>\n<li>Raadiovastuv\u00f5tja: kaasas<\/li>\n<li>Kaugus paigaldusest: kuni 500 m avatud aladel ja kuni 200-300 m hoonete l\u00e4hedal.<\/li>\n<li>Toide: CR2032 patarei (kaasas)<\/li>\n<li>Pidev t\u00f6\u00f6aeg: umbes 30 tundi<\/li>\n<li>K\u00f5rge helikvaliteet<\/li>\n<li>Kaasa arvatud: kuulamise seade (<em>blake<\/em>) ja raadiovastuv\u00f5tja<\/li>\n<li><strong>Garantii 12 kuud<\/strong><\/li>\n<\/ul>\n<p><strong>\u00a0<\/strong><\/p>\n<p><span style=\"color: #ff0000;\"><strong>Vajad kiiret sama p\u00e4eva (ja n\u00e4dalavahetuse) kohaletoimetamist? Helistage <\/strong><strong>+<\/strong><strong>37120484176<\/strong><\/span><\/p>\n<p>Kvaliteetne heli \u00fclitundlikust mikrofonist, mis v\u00f5imaldab kuulda isegi vaikset vestlust. Sageduse stabiliseerimine on tagatud kvartsiga, nii et te ei pea muretsema sageduse langemise p\u00e4rast kasutamise ajal. Kuulamissagedused on valitud nii, et need ei kattuks teiste seadmete sagedustega.<\/p>\n<p>Lihtsalt \u00fchendage aku ja seade t\u00f6\u00f6tab. Kui ostate selle PRO-klassi kuuldeaparaadi, saate ka vajaliku sageduse kaardiga sageduskaardi.<\/p>\n<p>Kuulamiseks on vaja UHF-raadiovastuv\u00f5tjat.<\/p>","protected":false},"excerpt":{"rendered":"<p>Komplekt, mis koosneb raadiovastuv\u00f5tjast ja UHF-sageduskuulamise seadmest. Suur vastuv\u00f5tuulatus - kuni 500 meetrit. Suurep\u00e4rane helikvaliteet. Suur valik j\u00e4lgimisseadmeid. 200 mudelit.<\/p>","protected":false},"featured_media":1971,"template":"","meta":[],"product_brand":[],"product_cat":[335,379],"product_tag":[380,381,332,338,339,382],"class_list":{"0":"post-1338","1":"product","2":"type-product","3":"status-publish","4":"has-post-thumbnail","6":"product_cat-noklausisanas-ierices","7":"product_cat-rf-noklausisanas-iekartas","8":"product_tag-blake-rd","9":"product_tag-fm-blusa","10":"product_tag-izsekosanas-iekartas","11":"product_tag-noklausisanas-iekartas","12":"product_tag-noklausisanas-kluda","13":"product_tag-radiofrekvencu-bloks","15":"first","16":"instock","17":"taxable","18":"shipping-taxable","19":"purchasable","20":"product-type-simple"},"yoast_head":"<!-- This site is optimized with the Yoast SEO plugin v27.6 - https:\/\/yoast.com\/product\/yoast-seo-wordpress\/ -->\n<title>Pro s\u0113rijas noklaus\u012b\u0161an\u0101s ier\u012bce, kas darbojas UHF radiofrekvenc\u0113<\/title>\n<meta name=\"description\" content=\"Radio uztv\u0113r\u0113ja un UHF klaus\u012b\u0161an\u0101s l\u0101psti\u0146as komplekts Liels diapazons l\u012bdz 500 metriem Lieliska ska\u0146as kvalit\u0101te, Liels izseko\u0161anas apr\u012bkojuma kl\u0101sts.\" \/>\n<meta name=\"robots\" content=\"index, follow, max-snippet:-1, max-image-preview:large, max-video-preview:-1\" \/>\n<link rel=\"canonical\" href=\"https:\/\/izsekosanasierices.lv\/et\/produkts\/uhf-raadiosagedusel-tootav-pro-seeria-kuuldeaparaat-koos-kvartsstabiliseerija-ja-sisseehitatud-raadiovastuvotjaga\/\" \/>\n<meta property=\"og:locale\" content=\"et_EE\" \/>\n<meta property=\"og:type\" content=\"article\" \/>\n<meta property=\"og:title\" content=\"PRO klaus\u012b\u0161an\u0101s blake ar radio uztv\u0113r\u0113ju darbojas l\u012bdz 500 m att\u0101lum\u0101\" \/>\n<meta property=\"og:description\" content=\"Radio uztv\u0113r\u0113ja un UHF klaus\u012b\u0161an\u0101s l\u0101psti\u0146as komplekts Liels diapazons l\u012bdz 500 metriem Lieliska ska\u0146as kvalit\u0101te, Liels izseko\u0161anas apr\u012bkojuma kl\u0101sts. 200 mode\u013ci\" \/>\n<meta property=\"og:url\" content=\"https:\/\/izsekosanasierices.lv\/et\/produkts\/uhf-raadiosagedusel-tootav-pro-seeria-kuuldeaparaat-koos-kvartsstabiliseerija-ja-sisseehitatud-raadiovastuvotjaga\/\" \/>\n<meta property=\"og:site_name\" content=\"Nr1 Izseko\u0161anas ier\u012bces gps izseko\u0161anas iek\u0101rtas, klaus\u012b\u0161an\u0101s iek\u0101rtas\" \/>\n<meta property=\"article:modified_time\" content=\"2025-11-19T14:25:08+00:00\" \/>\n<meta property=\"og:image\" content=\"https:\/\/rvnski.dev\/sekimoiranga\/wp-content\/uploads\/izsekosanasierices.webp\" \/>\n<meta name=\"twitter:card\" content=\"summary_large_image\" \/>\n<meta name=\"twitter:title\" content=\"PRO klaus\u012b\u0161an\u0101s blake ar radio uztv\u0113r\u0113ju darbojas l\u012bdz 500 m att\u0101lum\u0101\" \/>\n<meta name=\"twitter:description\" content=\"Radio uztv\u0113r\u0113ja un UHF klaus\u012b\u0161an\u0101s l\u0101psti\u0146as komplekts Liels diapazons l\u012bdz 500 metriem Lieliska ska\u0146as kvalit\u0101te, Liels izseko\u0161anas apr\u012bkojuma kl\u0101sts. 200 mode\u013ci\" \/>\n<meta name=\"twitter:label1\" content=\"Est. reading time\" \/>\n\t<meta name=\"twitter:data1\" content=\"1 minut\" \/>\n<script type=\"application\/ld+json\" class=\"yoast-schema-graph\">{\"@context\":\"https:\\\/\\\/schema.org\",\"@graph\":[{\"@type\":\"WebPage\",\"@id\":\"https:\\\/\\\/izsekosanasierices.lv\\\/produkts\\\/pro-serijas-noklausisanas-ierice-kas-darbojas-uhf-radiofrekvence-ar-kvarca-stabilizatoru-un-komplekta-ieklautu-radio-uztvereju\\\/\",\"url\":\"https:\\\/\\\/izsekosanasierices.lv\\\/produkts\\\/pro-serijas-noklausisanas-ierice-kas-darbojas-uhf-radiofrekvence-ar-kvarca-stabilizatoru-un-komplekta-ieklautu-radio-uztvereju\\\/\",\"name\":\"Pro s\u0113rijas noklaus\u012b\u0161an\u0101s ier\u012bce, kas darbojas UHF radiofrekvenc\u0113\",\"isPartOf\":{\"@id\":\"https:\\\/\\\/izsekosanasierices.lv\\\/#website\"},\"primaryImageOfPage\":{\"@id\":\"https:\\\/\\\/izsekosanasierices.lv\\\/produkts\\\/pro-serijas-noklausisanas-ierice-kas-darbojas-uhf-radiofrekvence-ar-kvarca-stabilizatoru-un-komplekta-ieklautu-radio-uztvereju\\\/#primaryimage\"},\"image\":{\"@id\":\"https:\\\/\\\/izsekosanasierices.lv\\\/produkts\\\/pro-serijas-noklausisanas-ierice-kas-darbojas-uhf-radiofrekvence-ar-kvarca-stabilizatoru-un-komplekta-ieklautu-radio-uztvereju\\\/#primaryimage\"},\"thumbnailUrl\":\"https:\\\/\\\/izsekosanasierices.lv\\\/wp-content\\\/uploads\\\/izsekosanasierices-pro-uhf-pasiklausymo-blake-su-kvarciniu-stabilizavimu-radijo-imtuvas.jpg\",\"datePublished\":\"2023-10-05T15:37:43+00:00\",\"dateModified\":\"2025-11-19T14:25:08+00:00\",\"description\":\"Radio uztv\u0113r\u0113ja un UHF klaus\u012b\u0161an\u0101s l\u0101psti\u0146as komplekts Liels diapazons l\u012bdz 500 metriem Lieliska ska\u0146as kvalit\u0101te, Liels izseko\u0161anas apr\u012bkojuma kl\u0101sts.\",\"breadcrumb\":{\"@id\":\"https:\\\/\\\/izsekosanasierices.lv\\\/produkts\\\/pro-serijas-noklausisanas-ierice-kas-darbojas-uhf-radiofrekvence-ar-kvarca-stabilizatoru-un-komplekta-ieklautu-radio-uztvereju\\\/#breadcrumb\"},\"inLanguage\":\"et\",\"potentialAction\":[{\"@type\":\"ReadAction\",\"target\":[\"https:\\\/\\\/izsekosanasierices.lv\\\/produkts\\\/pro-serijas-noklausisanas-ierice-kas-darbojas-uhf-radiofrekvence-ar-kvarca-stabilizatoru-un-komplekta-ieklautu-radio-uztvereju\\\/\"]}]},{\"@type\":\"ImageObject\",\"inLanguage\":\"et\",\"@id\":\"https:\\\/\\\/izsekosanasierices.lv\\\/produkts\\\/pro-serijas-noklausisanas-ierice-kas-darbojas-uhf-radiofrekvence-ar-kvarca-stabilizatoru-un-komplekta-ieklautu-radio-uztvereju\\\/#primaryimage\",\"url\":\"https:\\\/\\\/izsekosanasierices.lv\\\/wp-content\\\/uploads\\\/izsekosanasierices-pro-uhf-pasiklausymo-blake-su-kvarciniu-stabilizavimu-radijo-imtuvas.jpg\",\"contentUrl\":\"https:\\\/\\\/izsekosanasierices.lv\\\/wp-content\\\/uploads\\\/izsekosanasierices-pro-uhf-pasiklausymo-blake-su-kvarciniu-stabilizavimu-radijo-imtuvas.jpg\",\"width\":433,\"height\":577,\"caption\":\"slapta pasiklausymo iranga uhf blake\"},{\"@type\":\"BreadcrumbList\",\"@id\":\"https:\\\/\\\/izsekosanasierices.lv\\\/produkts\\\/pro-serijas-noklausisanas-ierice-kas-darbojas-uhf-radiofrekvence-ar-kvarca-stabilizatoru-un-komplekta-ieklautu-radio-uztvereju\\\/#breadcrumb\",\"itemListElement\":[{\"@type\":\"ListItem\",\"position\":1,\"name\":\"S\u0101kums\",\"item\":\"https:\\\/\\\/izsekosanasierices.lv\\\/\"},{\"@type\":\"ListItem\",\"position\":2,\"name\":\"Veikals\",\"item\":\"https:\\\/\\\/izsekosanasierices.lv\\\/veikals\\\/\"},{\"@type\":\"ListItem\",\"position\":3,\"name\":\"PRO s\u0113rijas noklaus\u012b\u0161an\u0101s ier\u012bce, kas darbojas UHF radiofrekvenc\u0113, ar kvarca stabilizatoru un komplekt\u0101 iek\u013cautu radio uztv\u0113r\u0113ju\"}]},{\"@type\":\"WebSite\",\"@id\":\"https:\\\/\\\/izsekosanasierices.lv\\\/#website\",\"url\":\"https:\\\/\\\/izsekosanasierices.lv\\\/\",\"name\":\"Nr1 Izseko\u0161anas ier\u012bces gps izseko\u0161anas iek\u0101rtas, klaus\u012b\u0161an\u0101s iek\u0101rtas\",\"description\":\"\",\"potentialAction\":[{\"@type\":\"SearchAction\",\"target\":{\"@type\":\"EntryPoint\",\"urlTemplate\":\"https:\\\/\\\/izsekosanasierices.lv\\\/?s={search_term_string}\"},\"query-input\":{\"@type\":\"PropertyValueSpecification\",\"valueRequired\":true,\"valueName\":\"search_term_string\"}}],\"inLanguage\":\"et\"}]}<\/script>\n<!-- \/ Yoast SEO plugin. -->","yoast_head_json":{"title":"Pro s\u0113rijas noklaus\u012b\u0161an\u0101s ier\u012bce, kas darbojas UHF radiofrekvenc\u0113","description":"Radio uztv\u0113r\u0113ja un UHF klaus\u012b\u0161an\u0101s l\u0101psti\u0146as komplekts Liels diapazons l\u012bdz 500 metriem Lieliska ska\u0146as kvalit\u0101te, Liels izseko\u0161anas apr\u012bkojuma kl\u0101sts.","robots":{"index":"index","follow":"follow","max-snippet":"max-snippet:-1","max-image-preview":"max-image-preview:large","max-video-preview":"max-video-preview:-1"},"canonical":"https:\/\/izsekosanasierices.lv\/et\/produkts\/uhf-raadiosagedusel-tootav-pro-seeria-kuuldeaparaat-koos-kvartsstabiliseerija-ja-sisseehitatud-raadiovastuvotjaga\/","og_locale":"et_EE","og_type":"article","og_title":"PRO klaus\u012b\u0161an\u0101s blake ar radio uztv\u0113r\u0113ju darbojas l\u012bdz 500 m att\u0101lum\u0101","og_description":"Radio uztv\u0113r\u0113ja un UHF klaus\u012b\u0161an\u0101s l\u0101psti\u0146as komplekts Liels diapazons l\u012bdz 500 metriem Lieliska ska\u0146as kvalit\u0101te, Liels izseko\u0161anas apr\u012bkojuma kl\u0101sts. 200 mode\u013ci","og_url":"https:\/\/izsekosanasierices.lv\/et\/produkts\/uhf-raadiosagedusel-tootav-pro-seeria-kuuldeaparaat-koos-kvartsstabiliseerija-ja-sisseehitatud-raadiovastuvotjaga\/","og_site_name":"Nr1 Izseko\u0161anas ier\u012bces gps izseko\u0161anas iek\u0101rtas, klaus\u012b\u0161an\u0101s iek\u0101rtas","article_modified_time":"2025-11-19T14:25:08+00:00","og_image":[{"url":"https:\/\/rvnski.dev\/sekimoiranga\/wp-content\/uploads\/izsekosanasierices.webp","type":"","width":"","height":""}],"twitter_card":"summary_large_image","twitter_title":"PRO klaus\u012b\u0161an\u0101s blake ar radio uztv\u0113r\u0113ju darbojas l\u012bdz 500 m att\u0101lum\u0101","twitter_description":"Radio uztv\u0113r\u0113ja un UHF klaus\u012b\u0161an\u0101s l\u0101psti\u0146as komplekts Liels diapazons l\u012bdz 500 metriem Lieliska ska\u0146as kvalit\u0101te, Liels izseko\u0161anas apr\u012bkojuma kl\u0101sts. 200 mode\u013ci","twitter_misc":{"Est. reading time":"1 minut"},"schema":{"@context":"https:\/\/schema.org","@graph":[{"@type":"WebPage","@id":"https:\/\/izsekosanasierices.lv\/produkts\/pro-serijas-noklausisanas-ierice-kas-darbojas-uhf-radiofrekvence-ar-kvarca-stabilizatoru-un-komplekta-ieklautu-radio-uztvereju\/","url":"https:\/\/izsekosanasierices.lv\/produkts\/pro-serijas-noklausisanas-ierice-kas-darbojas-uhf-radiofrekvence-ar-kvarca-stabilizatoru-un-komplekta-ieklautu-radio-uztvereju\/","name":"Pro s\u0113rijas noklaus\u012b\u0161an\u0101s ier\u012bce, kas darbojas UHF radiofrekvenc\u0113","isPartOf":{"@id":"https:\/\/izsekosanasierices.lv\/#website"},"primaryImageOfPage":{"@id":"https:\/\/izsekosanasierices.lv\/produkts\/pro-serijas-noklausisanas-ierice-kas-darbojas-uhf-radiofrekvence-ar-kvarca-stabilizatoru-un-komplekta-ieklautu-radio-uztvereju\/#primaryimage"},"image":{"@id":"https:\/\/izsekosanasierices.lv\/produkts\/pro-serijas-noklausisanas-ierice-kas-darbojas-uhf-radiofrekvence-ar-kvarca-stabilizatoru-un-komplekta-ieklautu-radio-uztvereju\/#primaryimage"},"thumbnailUrl":"https:\/\/izsekosanasierices.lv\/wp-content\/uploads\/izsekosanasierices-pro-uhf-pasiklausymo-blake-su-kvarciniu-stabilizavimu-radijo-imtuvas.jpg","datePublished":"2023-10-05T15:37:43+00:00","dateModified":"2025-11-19T14:25:08+00:00","description":"Radio uztv\u0113r\u0113ja un UHF klaus\u012b\u0161an\u0101s l\u0101psti\u0146as komplekts Liels diapazons l\u012bdz 500 metriem Lieliska ska\u0146as kvalit\u0101te, Liels izseko\u0161anas apr\u012bkojuma kl\u0101sts.","breadcrumb":{"@id":"https:\/\/izsekosanasierices.lv\/produkts\/pro-serijas-noklausisanas-ierice-kas-darbojas-uhf-radiofrekvence-ar-kvarca-stabilizatoru-un-komplekta-ieklautu-radio-uztvereju\/#breadcrumb"},"inLanguage":"et","potentialAction":[{"@type":"ReadAction","target":["https:\/\/izsekosanasierices.lv\/produkts\/pro-serijas-noklausisanas-ierice-kas-darbojas-uhf-radiofrekvence-ar-kvarca-stabilizatoru-un-komplekta-ieklautu-radio-uztvereju\/"]}]},{"@type":"ImageObject","inLanguage":"et","@id":"https:\/\/izsekosanasierices.lv\/produkts\/pro-serijas-noklausisanas-ierice-kas-darbojas-uhf-radiofrekvence-ar-kvarca-stabilizatoru-un-komplekta-ieklautu-radio-uztvereju\/#primaryimage","url":"https:\/\/izsekosanasierices.lv\/wp-content\/uploads\/izsekosanasierices-pro-uhf-pasiklausymo-blake-su-kvarciniu-stabilizavimu-radijo-imtuvas.jpg","contentUrl":"https:\/\/izsekosanasierices.lv\/wp-content\/uploads\/izsekosanasierices-pro-uhf-pasiklausymo-blake-su-kvarciniu-stabilizavimu-radijo-imtuvas.jpg","width":433,"height":577,"caption":"slapta pasiklausymo iranga uhf blake"},{"@type":"BreadcrumbList","@id":"https:\/\/izsekosanasierices.lv\/produkts\/pro-serijas-noklausisanas-ierice-kas-darbojas-uhf-radiofrekvence-ar-kvarca-stabilizatoru-un-komplekta-ieklautu-radio-uztvereju\/#breadcrumb","itemListElement":[{"@type":"ListItem","position":1,"name":"S\u0101kums","item":"https:\/\/izsekosanasierices.lv\/"},{"@type":"ListItem","position":2,"name":"Veikals","item":"https:\/\/izsekosanasierices.lv\/veikals\/"},{"@type":"ListItem","position":3,"name":"PRO s\u0113rijas noklaus\u012b\u0161an\u0101s ier\u012bce, kas darbojas UHF radiofrekvenc\u0113, ar kvarca stabilizatoru un komplekt\u0101 iek\u013cautu radio uztv\u0113r\u0113ju"}]},{"@type":"WebSite","@id":"https:\/\/izsekosanasierices.lv\/#website","url":"https:\/\/izsekosanasierices.lv\/","name":"Nr1 Izseko\u0161anas ier\u012bces gps izseko\u0161anas iek\u0101rtas, klaus\u012b\u0161an\u0101s iek\u0101rtas","description":"","potentialAction":[{"@type":"SearchAction","target":{"@type":"EntryPoint","urlTemplate":"https:\/\/izsekosanasierices.lv\/?s={search_term_string}"},"query-input":{"@type":"PropertyValueSpecification","valueRequired":true,"valueName":"search_term_string"}}],"inLanguage":"et"}]}},"_links":{"self":[{"href":"https:\/\/izsekosanasierices.lv\/et\/wp-json\/wp\/v2\/product\/1338","targetHints":{"allow":["GET"]}}],"collection":[{"href":"https:\/\/izsekosanasierices.lv\/et\/wp-json\/wp\/v2\/product"}],"about":[{"href":"https:\/\/izsekosanasierices.lv\/et\/wp-json\/wp\/v2\/types\/product"}],"wp:featuredmedia":[{"embeddable":true,"href":"https:\/\/izsekosanasierices.lv\/et\/wp-json\/wp\/v2\/media\/1971"}],"wp:attachment":[{"href":"https:\/\/izsekosanasierices.lv\/et\/wp-json\/wp\/v2\/media?parent=1338"}],"wp:term":[{"taxonomy":"product_brand","embeddable":true,"href":"https:\/\/izsekosanasierices.lv\/et\/wp-json\/wp\/v2\/product_brand?post=1338"},{"taxonomy":"product_cat","embeddable":true,"href":"https:\/\/izsekosanasierices.lv\/et\/wp-json\/wp\/v2\/product_cat?post=1338"},{"taxonomy":"product_tag","embeddable":true,"href":"https:\/\/izsekosanasierices.lv\/et\/wp-json\/wp\/v2\/product_tag?post=1338"}],"curies":[{"name":"wp","href":"https:\/\/api.w.org\/{rel}","templated":true}]}}