{"id":1340,"date":"2023-10-05T15:37:43","date_gmt":"2023-10-05T15:37:43","guid":{"rendered":"https:\/\/izsekosanasierices.lv\/produktas\/mini-kamera-su-naktyniu-matymu-full-hd-vaizdas\/"},"modified":"2025-11-19T17:44:47","modified_gmt":"2025-11-19T15:44:47","slug":"mini-kamera-ar-full-hd-nakts-redzamibas-funkciju","status":"publish","type":"product","link":"https:\/\/izsekosanasierices.lv\/et\/produkts\/mini-kaamera-full-hd-oonagemisega\/","title":{"rendered":"FULL HD \u00f6\u00f6n\u00e4gemisega minikaamera"},"content":{"rendered":"<h3>Tehnilised parameetrid:<\/h3>\n<ul>\n<li>Kaugvaatamine: jah<\/li>\n<li>\u00d6\u00f6vaatlusre\u017eiim<\/li>\n<li>Video salvestamine koos heliga<\/li>\n<li>Pildi kvaliteet: FULL HD 1080P,<\/li>\n<li>Piltide vaatamine telefonis, arvutis ja tahvelarvutis<\/li>\n<li>Salvestusaeg akuga: umbes 3-4 tundi, v\u00f5ib kasutada suuremat akut, n\u00e4iteks PowerBanki.<\/li>\n<li>Liikumistuvastuse re\u017eiim: jah (digitaalne)<\/li>\n<li>Vaatamisnurk: 110\u00b0<\/li>\n<li>M\u00e4lukaardi tugi: 8 - 128 GB (m\u00e4lukaart ei kuulu komplekti)<\/li>\n<li>1 ingliskeelne video 310 m<\/li>\n<li>Pakkimisformaat: avi H.264<\/li>\n<li>Toetatud s\u00fcsteemid: iOS, Android, Windows<\/li>\n<li>Rakendused Androidile \/ iPhone'ile<\/li>\n<li>Toiteallikas: aku v\u00f5i vooluv\u00f5rk (nt mobiiltelefoni laadija)<\/li>\n<li>Wi-Fi \u00fchenduvus: IEEE802.11 b\/g\/n<\/li>\n<li>Aku mahutavus: 4000 mAh<\/li>\n<li>Pikkus: 10 cm<\/li>\n<li>Pakendi suurus: 50 mm x 32 mm x 12 mm<\/li>\n<li>Salvestuse juhtimine: mis tahes nutiseadmest (telefon, arvuti v\u00f5i tahvelarvuti)<\/li>\n<li><strong>24 kuu garantii.<\/strong><\/li>\n<\/ul>\n<p><span style=\"color: #ff0000;\"><strong>Vajad kiiret sama p\u00e4eva (ja n\u00e4dalavahetuse) kohaletoimetamist?  Helistage +37120484176<\/strong><\/span><\/p>\n<p>Kasutamine: teie ohutuse tagamiseks, laste ohutuse tagamiseks.<\/p>\n<p><strong>PEIDETUD HD KAAMERA KOOS WIFIGA<\/strong><\/p>\n<p>Elastse rihmaga miniatuurne peidetud kaamera sobib ideaalselt pildistamiseks erinevates siseruumides (kontorid, hotellid jne). Seda v\u00e4ikest seadet saab h\u00f5lpsasti peita kohtadesse, kus tavalised peidetud kaamerad oleksid n\u00e4htavad, n\u00e4iteks vaasidesse, raamatute v\u00f5i muude ruumis olevate esemete vahele, ning see suudab salvestada v\u00e4ga l\u00e4hedalt. Kaamera v\u00f5imas 4000 mAh aku tagab kuni 3 tundi pidevat video- ja\/v\u00f5i pildi salvestamist ning piiramatu t\u00f6\u00f6 on v\u00f5imalik, kui kaamera on \u00fchendatud pistikupessa.<br \/>\nKaameraga j\u00e4\u00e4dvustatud pilte ja videoid saab vaadata k\u00f5ikjal maailmas - selleks on vaja vaid \u00fchendust traadita internetiv\u00f5rguga. Full HD peidetud kaamera koos <strong>WiFi <\/strong>lihtne kasutada ja paigaldada. Kasutusjuhend on pakendi sees. See on \u00fcks lihtsamaid ja usaldusv\u00e4\u00e4rsemaid viise, kuidas salaja pilti v\u00f5i videot teha.<\/p>\n<p><strong>OTSE\u00dcLEKANDE VIDEOVALVE<\/strong><\/p>\n<p>See kaamera pakub piiramatuid v\u00f5imalusi j\u00e4\u00e4dvustatud pildi otse\u00fclekandeks. Seda saab vaadata mis tahes nutiseadmes - alates tavalisest arvutist kuni tahvelarvuti v\u00f5i mobiiltelefonini. Interneti\u00fchenduse (LTE, 3G v\u00f5i WiFi) abil saab neid \u00fclekandeid vaadata k\u00f5ikjal maailmas (otse\u00fclekande asemel saab kasutada ka salvestusfunktsiooni, mille puhul salvestatud pildid ja videod kantakse valitud seadme m\u00e4llu v\u00f5i m\u00e4lukaardile (Micro SD)).<br \/>\nSalajane kaamera teeb j\u00e4lgimise lihtsaks. Selle seadmega j\u00e4\u00e4dvustatud videoid saab vaadata \u00fclik\u00f5rge kvaliteediga (1080P FULL HD) ja selle v\u00e4ga v\u00e4ike suurus tagab t\u00e4ieliku diskreetsuse. Saate filmida teksti paberil v\u00f5i arvutiekraanil t\u00e4iesti salaja.<\/p>\n<p><strong>SEADME ELUIGA<\/strong><\/p>\n<p>See salakaamera t\u00f6\u00f6tab kahel re\u017eiimil: akutoitega v\u00f5i elektripistikupesast voolu v\u00f5ttes. Sisseehitatud aku mahutavus on 4000 mAh ja suudab seadet umbes 3-4 tundi t\u00f6\u00f6s hoida. Seadme k\u00fclge saab \u00fchendada ka v\u00e4lise aku ja seda kasutada, mis pikendab peidetud kaamera kasutusiga. Kui kaamera on \u00fchendatud pistikupessa, on seadme kasutusiga t\u00e4iesti piiramatu. Iga tund videosalvestust v\u00f5tab m\u00e4lukaardile umbes 350 MB.<\/p>\n<p><strong>KVALITEETNE PILT<\/strong><\/p>\n<p>Salajas salvestatud video on \u00fclik\u00f5rge kvaliteediga FULL HD formaadis. Video seadeid saab kohandada. Parima pildikvaliteedi saavutamiseks on soovitatav pildistamiskaugus 5 meetrit, kuid kaamera sobib salvestamiseks ka pikematel kaugustel (10-15 meetrit). Seda peidetud kaamerat saab kasutada mis tahes t\u00fc\u00fcpi siseruumides vastavalt konkreetsetele vajadustele (saadaval on mitu videosalvestusfunktsiooni: filmimine, fotode tegemine ja videovalve k\u00e4ivitamine, kui ruumis tuvastatakse liikumist).<\/p>\n<p><strong>LIIKUMISANDUR<\/strong><\/p>\n<p>Seda t\u00fc\u00fcpi peidetud kaameraid saab aktiveerida liikumisanduri funktsiooniga, mis tagab, et videosalvestus k\u00e4ivitub ainult siis, kui keegi liigub ruumis. Selle funktsiooni aktiveerimiseks kasutatakse rakendusi Proicam ja P2PliveCAM, mis v\u00f5imaldavad aktiveerida automaatse videosalvestuse re\u017eiimi. Selle funktsiooni suurim eelis on see, et see v\u00e4ldib video salvestamist, kui midagi ei toimu. Samuti ei raiska see seadme v\u00f5i kaardi m\u00e4lu. Kui m\u00e4lukaardil v\u00f5i seadmes pole enam ruumi, asendatakse vanimad salvestused praeguste salvestustega.<\/p>\n<p><strong>VIDEOSALVESTUSE V\u00d5IMALUSED<\/strong><\/p>\n<p><em>Candid<\/em> Kaamerad j\u00e4\u00e4dvustavad pilte ja videoid mitmes re\u017eiimis: liikumisele reageerides, teatud aja jooksul v\u00f5i pidevalt. Saate peidetud kaamerat ka eemalt juhtida, valides salvestusfunktsioonid. Kui valite re\u017eiimi, kus salvestamine algab liikumise peale, saadab kaamera liikumise tuvastamisel ja salvestamise alustamisel teate m\u00e4\u00e4ratud telefoninumbrile.<\/p>\n<p><strong>SUJUV TOIMIMINE JA JUHTIMINE<\/strong><\/p>\n<p>Selleks, et salakaamerad t\u00f6\u00f6taksid \u00f6\u00f6p\u00e4evaringselt h\u00e4sti ja ei tekiks talitlush\u00e4ireid, on kasutusele v\u00f5etud spetsiaalsed tehnoloogiad, mis kaitsevad seadet \u00fclekuumenemise eest. Selle tulemusel ei teki seadmesse soojust, mis tagab salakaamera t\u00f5rgeteta t\u00f6\u00f6 24 tundi \u00f6\u00f6p\u00e4evas. Need kaamerad ei t\u00f6\u00f6ta mitte ainult h\u00e4sti, vaid neid on ka v\u00e4ga lihtne hooldada ja kasutada. Salvestusi saab vaadata arvutist v\u00f5i mobiiltelefonist - selleks on vaja vaid traadita internetiv\u00f5rku \u00fchendada ja m\u00f5ne hetkega on v\u00f5imalik otse\u00fclekanne ekraanil n\u00e4ha (piltide vaatamiseks on vaja rakendusi, mida saab tasuta alla laadida populaarsetest Google Play ja Appstore'i poodidest).<\/p>\n<p><strong>PILTIDE SALVESTAMINE ARVUTIS<\/strong><\/p>\n<p>Saate salvestada peidetud kaamera poolt j\u00e4\u00e4dvustatud materjali arvutisse (arvuti m\u00e4lu abil) v\u00f5i m\u00e4lukaardile (kaamera toetab micro SD-m\u00e4lukaarte, kuid need ei kuulu komplekti). Salvestatud ja salvestatud pilte saab vaadata mitu kasutajat korraga (vaatamiseks saab \u00fchendada kuni 32 seadet).<\/p>\n<p><strong>MOBIILTELEFONI J\u00c4LGIMINE<\/strong><\/p>\n<p>Salakaamerat on v\u00e4ga lihtne ja mugav juhtida v\u00f5i vaadata salvestusi oma mobiiltelefonist. Salvestuste vaatamise v\u00f5imalus on h\u00f5lpsasti aktiveeritav ja saate vaadata salvestusi, kus iganes te ka viibite (v\u00f5imalus vaadata korraga kuni nelja salakaamera salvestusi). Kui kaamera on liikumistuvastuse re\u017eiimis, saab liikumistuvastuse teateid saata m\u00e4\u00e4ratud mobiiltelefonile.<\/p>","protected":false},"excerpt":{"rendered":"<p>\u00dclimalt v\u00e4ike peidetud kaamera koos <strong>WiFi. <\/strong>Vaadake videoid eemalt. Salvestage videot koos heliga. \u00d6\u00f6vaatlusre\u017eiim. Madal hind + soodustused.<\/p>","protected":false},"featured_media":1982,"template":"","meta":[],"product_brand":[],"product_cat":[330,321,331],"product_tag":[324,325,326,36,327,328,329,32],"class_list":{"0":"post-1340","1":"product","2":"type-product","3":"status-publish","4":"has-post-thumbnail","6":"product_cat-masketas-kameras","7":"product_cat-sleptas-kameras","8":"product_cat-wi-fi-slepenas-kameras","9":"product_tag-izlukosanas-kamera","10":"product_tag-izsekosanas-kamera","11":"product_tag-maskesanas-kamera","12":"product_tag-mini-kamera","13":"product_tag-noverosanas-kamera","14":"product_tag-slepena-kamera","15":"product_tag-slepta-noverosanas-kamera","16":"product_tag-wifi-kamera","18":"first","19":"instock","20":"taxable","21":"shipping-taxable","22":"purchasable","23":"product-type-simple"},"yoast_head":"<!-- This site is optimized with the Yoast SEO plugin v27.5 - https:\/\/yoast.com\/product\/yoast-seo-wordpress\/ -->\n<title>Mini kamera ar FULL HD nakts redzam\u012bbas funkciju<\/title>\n<meta name=\"description\" content=\"\u012apa\u0161i maza izm\u0113ra sl\u0113pt\u0101 kamera ar WiFi. Iesp\u0113ja skat\u012bties video att\u0101lin\u0101ti. Video ierakst\u012b\u0161ana ar ska\u0146u. Nakts redzam\u012bbas re\u017e\u012bms. Zema cena + atlaides.\" \/>\n<meta name=\"robots\" content=\"index, follow, max-snippet:-1, max-image-preview:large, max-video-preview:-1\" \/>\n<link rel=\"canonical\" href=\"https:\/\/izsekosanasierices.lv\/et\/produkts\/mini-kaamera-full-hd-oonagemisega\/\" \/>\n<meta property=\"og:locale\" content=\"et_EE\" \/>\n<meta property=\"og:type\" content=\"article\" \/>\n<meta property=\"og:title\" content=\"Mini kamera ar nakts redzam\u012bbas funkciju augstas kvalit\u0101tes video ar WI FI\" \/>\n<meta property=\"og:description\" content=\"\u012apa\u0161i maza izm\u0113ra slepena mini kamera ar wi fi Iesp\u0113ja nov\u0113rot att\u0113lu no att\u0101luma. Video ierakst\u012b\u0161ana ar ska\u0146u, nakts redzam\u012bba. Zema cena + atlaides\" \/>\n<meta property=\"og:url\" content=\"https:\/\/izsekosanasierices.lv\/et\/produkts\/mini-kaamera-full-hd-oonagemisega\/\" \/>\n<meta property=\"og:site_name\" content=\"Nr1 Izseko\u0161anas ier\u012bces gps izseko\u0161anas iek\u0101rtas, klaus\u012b\u0161an\u0101s iek\u0101rtas\" \/>\n<meta property=\"article:modified_time\" content=\"2025-11-19T15:44:47+00:00\" \/>\n<meta property=\"og:image\" content=\"https:\/\/rvnski.dev\/sekimoiranga\/wp-content\/uploads\/izsekosanasierices.webp\" \/>\n<meta name=\"twitter:card\" content=\"summary_large_image\" \/>\n<meta name=\"twitter:title\" content=\"Mini kamera ar nakts redzam\u012bbas funkciju augstas kvalit\u0101tes video ar WI FI\" \/>\n<meta name=\"twitter:description\" content=\"\u012apa\u0161i maza izm\u0113ra slepena mini kamera ar wi fi Iesp\u0113ja nov\u0113rot att\u0113lu no att\u0101luma. Video ierakst\u012b\u0161ana ar ska\u0146u, nakts redzam\u012bba. Zema cena + atlaides\" \/>\n<meta name=\"twitter:label1\" content=\"Est. reading time\" \/>\n\t<meta name=\"twitter:data1\" content=\"5 minutit\" \/>\n<script type=\"application\/ld+json\" class=\"yoast-schema-graph\">{\"@context\":\"https:\\\/\\\/schema.org\",\"@graph\":[{\"@type\":\"WebPage\",\"@id\":\"https:\\\/\\\/izsekosanasierices.lv\\\/produkts\\\/mini-kamera-ar-full-hd-nakts-redzamibas-funkciju\\\/\",\"url\":\"https:\\\/\\\/izsekosanasierices.lv\\\/produkts\\\/mini-kamera-ar-full-hd-nakts-redzamibas-funkciju\\\/\",\"name\":\"Mini kamera ar FULL HD nakts redzam\u012bbas funkciju\",\"isPartOf\":{\"@id\":\"https:\\\/\\\/izsekosanasierices.lv\\\/#website\"},\"primaryImageOfPage\":{\"@id\":\"https:\\\/\\\/izsekosanasierices.lv\\\/produkts\\\/mini-kamera-ar-full-hd-nakts-redzamibas-funkciju\\\/#primaryimage\"},\"image\":{\"@id\":\"https:\\\/\\\/izsekosanasierices.lv\\\/produkts\\\/mini-kamera-ar-full-hd-nakts-redzamibas-funkciju\\\/#primaryimage\"},\"thumbnailUrl\":\"https:\\\/\\\/izsekosanasierices.lv\\\/wp-content\\\/uploads\\\/izsekosanasierices-mini-kamera-su-naktiniu-matymu-aukstos-kokybes-vaizdo-irasai-su-wi-fi.jpg\",\"datePublished\":\"2023-10-05T15:37:43+00:00\",\"dateModified\":\"2025-11-19T15:44:47+00:00\",\"description\":\"\u012apa\u0161i maza izm\u0113ra sl\u0113pt\u0101 kamera ar WiFi. Iesp\u0113ja skat\u012bties video att\u0101lin\u0101ti. Video ierakst\u012b\u0161ana ar ska\u0146u. Nakts redzam\u012bbas re\u017e\u012bms. Zema cena + atlaides.\",\"breadcrumb\":{\"@id\":\"https:\\\/\\\/izsekosanasierices.lv\\\/produkts\\\/mini-kamera-ar-full-hd-nakts-redzamibas-funkciju\\\/#breadcrumb\"},\"inLanguage\":\"et\",\"potentialAction\":[{\"@type\":\"ReadAction\",\"target\":[\"https:\\\/\\\/izsekosanasierices.lv\\\/produkts\\\/mini-kamera-ar-full-hd-nakts-redzamibas-funkciju\\\/\"]}]},{\"@type\":\"ImageObject\",\"inLanguage\":\"et\",\"@id\":\"https:\\\/\\\/izsekosanasierices.lv\\\/produkts\\\/mini-kamera-ar-full-hd-nakts-redzamibas-funkciju\\\/#primaryimage\",\"url\":\"https:\\\/\\\/izsekosanasierices.lv\\\/wp-content\\\/uploads\\\/izsekosanasierices-mini-kamera-su-naktiniu-matymu-aukstos-kokybes-vaizdo-irasai-su-wi-fi.jpg\",\"contentUrl\":\"https:\\\/\\\/izsekosanasierices.lv\\\/wp-content\\\/uploads\\\/izsekosanasierices-mini-kamera-su-naktiniu-matymu-aukstos-kokybes-vaizdo-irasai-su-wi-fi.jpg\",\"width\":789,\"height\":782,\"caption\":\"sekimo kamera\"},{\"@type\":\"BreadcrumbList\",\"@id\":\"https:\\\/\\\/izsekosanasierices.lv\\\/produkts\\\/mini-kamera-ar-full-hd-nakts-redzamibas-funkciju\\\/#breadcrumb\",\"itemListElement\":[{\"@type\":\"ListItem\",\"position\":1,\"name\":\"S\u0101kums\",\"item\":\"https:\\\/\\\/izsekosanasierices.lv\\\/\"},{\"@type\":\"ListItem\",\"position\":2,\"name\":\"Veikals\",\"item\":\"https:\\\/\\\/izsekosanasierices.lv\\\/veikals\\\/\"},{\"@type\":\"ListItem\",\"position\":3,\"name\":\"Mini kamera ar FULL HD nakts redzam\u012bbas funkciju\"}]},{\"@type\":\"WebSite\",\"@id\":\"https:\\\/\\\/izsekosanasierices.lv\\\/#website\",\"url\":\"https:\\\/\\\/izsekosanasierices.lv\\\/\",\"name\":\"Nr1 Izseko\u0161anas ier\u012bces gps izseko\u0161anas iek\u0101rtas, klaus\u012b\u0161an\u0101s iek\u0101rtas\",\"description\":\"\",\"potentialAction\":[{\"@type\":\"SearchAction\",\"target\":{\"@type\":\"EntryPoint\",\"urlTemplate\":\"https:\\\/\\\/izsekosanasierices.lv\\\/?s={search_term_string}\"},\"query-input\":{\"@type\":\"PropertyValueSpecification\",\"valueRequired\":true,\"valueName\":\"search_term_string\"}}],\"inLanguage\":\"et\"}]}<\/script>\n<!-- \/ Yoast SEO plugin. -->","yoast_head_json":{"title":"Mini kamera ar FULL HD nakts redzam\u012bbas funkciju","description":"\u012apa\u0161i maza izm\u0113ra sl\u0113pt\u0101 kamera ar WiFi. Iesp\u0113ja skat\u012bties video att\u0101lin\u0101ti. Video ierakst\u012b\u0161ana ar ska\u0146u. Nakts redzam\u012bbas re\u017e\u012bms. Zema cena + atlaides.","robots":{"index":"index","follow":"follow","max-snippet":"max-snippet:-1","max-image-preview":"max-image-preview:large","max-video-preview":"max-video-preview:-1"},"canonical":"https:\/\/izsekosanasierices.lv\/et\/produkts\/mini-kaamera-full-hd-oonagemisega\/","og_locale":"et_EE","og_type":"article","og_title":"Mini kamera ar nakts redzam\u012bbas funkciju augstas kvalit\u0101tes video ar WI FI","og_description":"\u012apa\u0161i maza izm\u0113ra slepena mini kamera ar wi fi Iesp\u0113ja nov\u0113rot att\u0113lu no att\u0101luma. Video ierakst\u012b\u0161ana ar ska\u0146u, nakts redzam\u012bba. Zema cena + atlaides","og_url":"https:\/\/izsekosanasierices.lv\/et\/produkts\/mini-kaamera-full-hd-oonagemisega\/","og_site_name":"Nr1 Izseko\u0161anas ier\u012bces gps izseko\u0161anas iek\u0101rtas, klaus\u012b\u0161an\u0101s iek\u0101rtas","article_modified_time":"2025-11-19T15:44:47+00:00","og_image":[{"url":"https:\/\/rvnski.dev\/sekimoiranga\/wp-content\/uploads\/izsekosanasierices.webp","type":"","width":"","height":""}],"twitter_card":"summary_large_image","twitter_title":"Mini kamera ar nakts redzam\u012bbas funkciju augstas kvalit\u0101tes video ar WI FI","twitter_description":"\u012apa\u0161i maza izm\u0113ra slepena mini kamera ar wi fi Iesp\u0113ja nov\u0113rot att\u0113lu no att\u0101luma. Video ierakst\u012b\u0161ana ar ska\u0146u, nakts redzam\u012bba. Zema cena + atlaides","twitter_misc":{"Est. reading time":"5 minutit"},"schema":{"@context":"https:\/\/schema.org","@graph":[{"@type":"WebPage","@id":"https:\/\/izsekosanasierices.lv\/produkts\/mini-kamera-ar-full-hd-nakts-redzamibas-funkciju\/","url":"https:\/\/izsekosanasierices.lv\/produkts\/mini-kamera-ar-full-hd-nakts-redzamibas-funkciju\/","name":"Mini kamera ar FULL HD nakts redzam\u012bbas funkciju","isPartOf":{"@id":"https:\/\/izsekosanasierices.lv\/#website"},"primaryImageOfPage":{"@id":"https:\/\/izsekosanasierices.lv\/produkts\/mini-kamera-ar-full-hd-nakts-redzamibas-funkciju\/#primaryimage"},"image":{"@id":"https:\/\/izsekosanasierices.lv\/produkts\/mini-kamera-ar-full-hd-nakts-redzamibas-funkciju\/#primaryimage"},"thumbnailUrl":"https:\/\/izsekosanasierices.lv\/wp-content\/uploads\/izsekosanasierices-mini-kamera-su-naktiniu-matymu-aukstos-kokybes-vaizdo-irasai-su-wi-fi.jpg","datePublished":"2023-10-05T15:37:43+00:00","dateModified":"2025-11-19T15:44:47+00:00","description":"\u012apa\u0161i maza izm\u0113ra sl\u0113pt\u0101 kamera ar WiFi. Iesp\u0113ja skat\u012bties video att\u0101lin\u0101ti. Video ierakst\u012b\u0161ana ar ska\u0146u. Nakts redzam\u012bbas re\u017e\u012bms. Zema cena + atlaides.","breadcrumb":{"@id":"https:\/\/izsekosanasierices.lv\/produkts\/mini-kamera-ar-full-hd-nakts-redzamibas-funkciju\/#breadcrumb"},"inLanguage":"et","potentialAction":[{"@type":"ReadAction","target":["https:\/\/izsekosanasierices.lv\/produkts\/mini-kamera-ar-full-hd-nakts-redzamibas-funkciju\/"]}]},{"@type":"ImageObject","inLanguage":"et","@id":"https:\/\/izsekosanasierices.lv\/produkts\/mini-kamera-ar-full-hd-nakts-redzamibas-funkciju\/#primaryimage","url":"https:\/\/izsekosanasierices.lv\/wp-content\/uploads\/izsekosanasierices-mini-kamera-su-naktiniu-matymu-aukstos-kokybes-vaizdo-irasai-su-wi-fi.jpg","contentUrl":"https:\/\/izsekosanasierices.lv\/wp-content\/uploads\/izsekosanasierices-mini-kamera-su-naktiniu-matymu-aukstos-kokybes-vaizdo-irasai-su-wi-fi.jpg","width":789,"height":782,"caption":"sekimo kamera"},{"@type":"BreadcrumbList","@id":"https:\/\/izsekosanasierices.lv\/produkts\/mini-kamera-ar-full-hd-nakts-redzamibas-funkciju\/#breadcrumb","itemListElement":[{"@type":"ListItem","position":1,"name":"S\u0101kums","item":"https:\/\/izsekosanasierices.lv\/"},{"@type":"ListItem","position":2,"name":"Veikals","item":"https:\/\/izsekosanasierices.lv\/veikals\/"},{"@type":"ListItem","position":3,"name":"Mini kamera ar FULL HD nakts redzam\u012bbas funkciju"}]},{"@type":"WebSite","@id":"https:\/\/izsekosanasierices.lv\/#website","url":"https:\/\/izsekosanasierices.lv\/","name":"Nr1 Izseko\u0161anas ier\u012bces gps izseko\u0161anas iek\u0101rtas, klaus\u012b\u0161an\u0101s iek\u0101rtas","description":"","potentialAction":[{"@type":"SearchAction","target":{"@type":"EntryPoint","urlTemplate":"https:\/\/izsekosanasierices.lv\/?s={search_term_string}"},"query-input":{"@type":"PropertyValueSpecification","valueRequired":true,"valueName":"search_term_string"}}],"inLanguage":"et"}]}},"_links":{"self":[{"href":"https:\/\/izsekosanasierices.lv\/et\/wp-json\/wp\/v2\/product\/1340","targetHints":{"allow":["GET"]}}],"collection":[{"href":"https:\/\/izsekosanasierices.lv\/et\/wp-json\/wp\/v2\/product"}],"about":[{"href":"https:\/\/izsekosanasierices.lv\/et\/wp-json\/wp\/v2\/types\/product"}],"wp:featuredmedia":[{"embeddable":true,"href":"https:\/\/izsekosanasierices.lv\/et\/wp-json\/wp\/v2\/media\/1982"}],"wp:attachment":[{"href":"https:\/\/izsekosanasierices.lv\/et\/wp-json\/wp\/v2\/media?parent=1340"}],"wp:term":[{"taxonomy":"product_brand","embeddable":true,"href":"https:\/\/izsekosanasierices.lv\/et\/wp-json\/wp\/v2\/product_brand?post=1340"},{"taxonomy":"product_cat","embeddable":true,"href":"https:\/\/izsekosanasierices.lv\/et\/wp-json\/wp\/v2\/product_cat?post=1340"},{"taxonomy":"product_tag","embeddable":true,"href":"https:\/\/izsekosanasierices.lv\/et\/wp-json\/wp\/v2\/product_tag?post=1340"}],"curies":[{"name":"wp","href":"https:\/\/api.w.org\/{rel}","templated":true}]}}