{"id":1343,"date":"2023-10-05T15:37:43","date_gmt":"2023-10-05T15:37:43","guid":{"rendered":"https:\/\/izsekosanasierices.lv\/produktas\/pro-serijos-wifi-pasiklausymo-blake-gyvas-klausymas-irasu-atsisiuntimas\/"},"modified":"2026-04-07T15:25:59","modified_gmt":"2026-04-07T12:25:59","slug":"pro-serijas-wifi-noklausisanas-ierice-noklausisanas-tiesraide-ierakstu-lejupielade","status":"publish","type":"product","link":"https:\/\/izsekosanasierices.lv\/et\/produkts\/pro-seeria-wifi-pealtkuulamise-funktsioon-pealtkuulamise-liikluse-salvestamise-allalaadimine\/","title":{"rendered":"PRO seeria WiFi kuulamise seade (otse kuulamine + salvestuse allalaadimine)"},"content":{"rendered":"<h3><strong>Tehnilised parameetrid:<\/strong><\/h3>\n<ul>\n<li>Heli: k\u00f5rgeima kvaliteediga heli WI FI<\/li>\n<li>Sisaldab 32 gb m\u00e4lukaarti<\/li>\n<li>Ei tekita mingit heli<\/li>\n<li>V\u00f5imalik otse\u00fclekanne<\/li>\n<li>32 gb sisem\u00e4lu (v\u00f5imalik kauglaadimine)<\/li>\n<li>Mobiilirakendus saadaval<\/li>\n<li>Mikrofon: k\u00f5rge helikvaliteet<\/li>\n<li>Toimivus +\/- 5 - 7 p\u00e4eva (siseakust) saab \u00fchendada vooluallikaga (telefonilaadijaga v\u00f5i <em>PowerBank<\/em>), pealtkuulamise aeg on piiramatu.<\/li>\n<li>Seade suudab saata telefoni teate ja salvestada heli automaatselt (kui tuvastatakse 50db, 60db v\u00f5i 70db).<\/li>\n<li>M\u00f5\u00f5tmed: k\u00f5rgus 5 cm x laius 2,8 cm x paksus 1,3 cm.<\/li>\n<li><strong>Garantii 12 kuud<\/strong><\/li>\n<\/ul>\n<p><span style=\"color: #ff0000;\"><strong>Vajad kiiret sama p\u00e4eva (ja n\u00e4dalavahetuse) kohaletoimetamist? Helistage +371-20484176<\/strong><\/span><\/p>\n<p>Kasutamine: teie ohutuse tagamiseks, laste ohutuse tagamiseks.<\/p>\n<p><strong>Sisaldab:<\/strong><\/p>\n<ul>\n<li>WiFi PRO kuulamise seade;<\/li>\n<li>Juhised<\/li>\n<\/ul>\n<p>Kasutage enda ja oma laste ohutuse tagamiseks.<\/p>\n<p>WiFi PRO kuulamisseadmed on turu k\u00f5rgeima kvaliteediga. Saate nautida kvaliteetset heli, kaugjuurdep\u00e4\u00e4su (ei pea kogu aeg kuulama) rakenduse kaudu, laadida salvestusi oma mobiilseadmesse. 32 GB sisem\u00e4lu. Seade teeb automaatselt helisalvestusi. N\u00e4iteks kui inimesed hakkavad r\u00e4\u00e4kima, saate telefoni teate. Kui saate, saate kuulata reaalajas, kui aga ei saa, salvestatakse toimuv seadme sisem\u00e4llu ja on teile eemalt k\u00e4ttesaadav.<\/p>\n<p>Kui paigaldate seadme ruumi, kus puudub WiFi \u00fchendus, salvestab seade helisid. Mille poolest on see kuulamise seade parem kui GSM?<\/p>\n<ul>\n<li>See salvestab salvestused sisem\u00e4llu;<\/li>\n<li>kirjed on k\u00e4ttesaadavad eemalt;<\/li>\n<li>k\u00f5rgem helikvaliteet.<\/li>\n<\/ul>\n<p>See uus pealtkuulamisseade on mugav ja funktsionaalne vahend, mis t\u00f6\u00f6tab \u00fcle WiFi v\u00f5rgu. Sellega saab salvestada vestlusi ja v\u00f5imaldada neid kuulata v\u00f5i mobiilirakenduse kaudu alla laadida ja salvestada teise seadmesse. Sellel on kuni 32 GB sisem\u00e4lu, nii et salvestamiseks on piisavalt aega. Seade kasutab uut tehnoloogiat, mis tagab, et see vajab v\u00e4he energiat, nii et see v\u00f5ib pikka aega ilma laadimiseta t\u00f6\u00f6tada. Te ei pea muretsema, et olulised vestlused v\u00f5i teave j\u00e4\u00e4b saamata, ning saate mobiilirakenduse kaudu kuulata vestlusi otse\u00fclekandes.<\/p>","protected":false},"excerpt":{"rendered":"<p>PRO-seeria WIFI kuulamise seade. K\u00f5rgeim helikvaliteet. Lihtne kasutada - kaugjuhitav heli allalaadimine. Saadaval live-kuulamiseks.<\/p>","protected":false},"featured_media":2011,"template":"","meta":[],"product_brand":[],"product_cat":[335,351,337,352],"product_tag":[62,338,339,340,341],"class_list":{"0":"post-1343","1":"product","2":"type-product","3":"status-publish","4":"has-post-thumbnail","6":"product_cat-noklausisanas-ierices","7":"product_cat-pagarinatajs-ar-iebuvetu-noklausisanas-iekartu","8":"product_cat-profesionals-noklausisanas-aprikojums","9":"product_cat-wi-fi-noklausisanas-iekartas-jaunums","10":"product_tag-gsm-blake","11":"product_tag-noklausisanas-iekartas","12":"product_tag-noklausisanas-kluda","13":"product_tag-profesionalas-noklausisanas-iekartas","14":"product_tag-sarunu-noklausisanas","16":"first","17":"instock","18":"taxable","19":"shipping-taxable","20":"purchasable","21":"product-type-simple"},"yoast_head":"<!-- This site is optimized with the Yoast SEO plugin v27.5 - https:\/\/yoast.com\/product\/yoast-seo-wordpress\/ -->\n<title>PRO s\u0113rijas WiFi noklaus\u012b\u0161an\u0101s ier\u012bce<\/title>\n<meta name=\"description\" content=\"PRO s\u0113rijas WIFI noklaus\u012b\u0161an\u0101s ier\u012bce. Visaugst\u0101k\u0101 ska\u0146as kvalit\u0101te. Vienk\u0101r\u0161a lieto\u0161ana \u2013 att\u0101lin\u0101ta audio lejupiel\u0101de. Pieejama klaus\u012b\u0161anai tie\u0161raid\u0113.\" \/>\n<meta name=\"robots\" content=\"index, follow, max-snippet:-1, max-image-preview:large, max-video-preview:-1\" \/>\n<link rel=\"canonical\" href=\"https:\/\/izsekosanasierices.lv\/et\/produkts\/pro-seeria-wifi-pealtkuulamise-funktsioon-pealtkuulamise-liikluse-salvestamise-allalaadimine\/\" \/>\n<meta property=\"og:locale\" content=\"et_EE\" \/>\n<meta property=\"og:type\" content=\"article\" \/>\n<meta property=\"og:title\" content=\"Jauns PRO WIFI noklaus\u012b\u0161an\u0101s blake 32gb tie\u0161raides noklaus\u012b\u0161an\u0101s\" \/>\n<meta property=\"og:description\" content=\"PRO s\u0113rijas WIFI klaus\u012b\u0161an\u0101s asmens, visaugst\u0101k\u0101 ska\u0146as kvalit\u0101te, vienk\u0101r\u0161a lieto\u0161ana - t\u0101lvad\u012bbas audio lejupiel\u0101de. Pieejams klaus\u012b\u0161anai tie\u0161raid\u0113\" \/>\n<meta property=\"og:url\" content=\"https:\/\/izsekosanasierices.lv\/et\/produkts\/pro-seeria-wifi-pealtkuulamise-funktsioon-pealtkuulamise-liikluse-salvestamise-allalaadimine\/\" \/>\n<meta property=\"og:site_name\" content=\"Nr1 Izseko\u0161anas ier\u012bces gps izseko\u0161anas iek\u0101rtas, klaus\u012b\u0161an\u0101s iek\u0101rtas\" \/>\n<meta property=\"article:modified_time\" content=\"2026-04-07T12:25:59+00:00\" \/>\n<meta property=\"og:image\" content=\"https:\/\/rvnski.dev\/sekimoiranga\/wp-content\/uploads\/izsekosanasierices.webp\" \/>\n<meta name=\"twitter:card\" content=\"summary_large_image\" \/>\n<meta name=\"twitter:title\" content=\"Jauns PRO WIFI noklaus\u012b\u0161an\u0101s blake 32gb tie\u0161raides noklaus\u012b\u0161an\u0101s\" \/>\n<meta name=\"twitter:description\" content=\"PRO s\u0113rijas WIFI klaus\u012b\u0161an\u0101s asmens, visaugst\u0101k\u0101 ska\u0146as kvalit\u0101te, vienk\u0101r\u0161a lieto\u0161ana - t\u0101lvad\u012bbas audio lejupiel\u0101de. Pieejams klaus\u012b\u0161anai tie\u0161raid\u0113\" \/>\n<meta name=\"twitter:label1\" content=\"Est. reading time\" \/>\n\t<meta name=\"twitter:data1\" content=\"2 minutit\" \/>\n<script type=\"application\/ld+json\" class=\"yoast-schema-graph\">{\"@context\":\"https:\\\/\\\/schema.org\",\"@graph\":[{\"@type\":\"WebPage\",\"@id\":\"https:\\\/\\\/izsekosanasierices.lv\\\/produkts\\\/pro-serijas-wifi-noklausisanas-ierice-noklausisanas-tiesraide-ierakstu-lejupielade\\\/\",\"url\":\"https:\\\/\\\/izsekosanasierices.lv\\\/produkts\\\/pro-serijas-wifi-noklausisanas-ierice-noklausisanas-tiesraide-ierakstu-lejupielade\\\/\",\"name\":\"PRO s\u0113rijas WiFi noklaus\u012b\u0161an\u0101s ier\u012bce\",\"isPartOf\":{\"@id\":\"https:\\\/\\\/izsekosanasierices.lv\\\/#website\"},\"primaryImageOfPage\":{\"@id\":\"https:\\\/\\\/izsekosanasierices.lv\\\/produkts\\\/pro-serijas-wifi-noklausisanas-ierice-noklausisanas-tiesraide-ierakstu-lejupielade\\\/#primaryimage\"},\"image\":{\"@id\":\"https:\\\/\\\/izsekosanasierices.lv\\\/produkts\\\/pro-serijas-wifi-noklausisanas-ierice-noklausisanas-tiesraide-ierakstu-lejupielade\\\/#primaryimage\"},\"thumbnailUrl\":\"https:\\\/\\\/izsekosanasierices.lv\\\/wp-content\\\/uploads\\\/izsekosanasierices-pro-serijos-wifi-pasiklausymo-blake-gyvas-klausymas-irasu-atsisiuntimas.jpg\",\"datePublished\":\"2023-10-05T15:37:43+00:00\",\"dateModified\":\"2026-04-07T12:25:59+00:00\",\"description\":\"PRO s\u0113rijas WIFI noklaus\u012b\u0161an\u0101s ier\u012bce. Visaugst\u0101k\u0101 ska\u0146as kvalit\u0101te. Vienk\u0101r\u0161a lieto\u0161ana \u2013 att\u0101lin\u0101ta audio lejupiel\u0101de. Pieejama klaus\u012b\u0161anai tie\u0161raid\u0113.\",\"breadcrumb\":{\"@id\":\"https:\\\/\\\/izsekosanasierices.lv\\\/produkts\\\/pro-serijas-wifi-noklausisanas-ierice-noklausisanas-tiesraide-ierakstu-lejupielade\\\/#breadcrumb\"},\"inLanguage\":\"et\",\"potentialAction\":[{\"@type\":\"ReadAction\",\"target\":[\"https:\\\/\\\/izsekosanasierices.lv\\\/produkts\\\/pro-serijas-wifi-noklausisanas-ierice-noklausisanas-tiesraide-ierakstu-lejupielade\\\/\"]}]},{\"@type\":\"ImageObject\",\"inLanguage\":\"et\",\"@id\":\"https:\\\/\\\/izsekosanasierices.lv\\\/produkts\\\/pro-serijas-wifi-noklausisanas-ierice-noklausisanas-tiesraide-ierakstu-lejupielade\\\/#primaryimage\",\"url\":\"https:\\\/\\\/izsekosanasierices.lv\\\/wp-content\\\/uploads\\\/izsekosanasierices-pro-serijos-wifi-pasiklausymo-blake-gyvas-klausymas-irasu-atsisiuntimas.jpg\",\"contentUrl\":\"https:\\\/\\\/izsekosanasierices.lv\\\/wp-content\\\/uploads\\\/izsekosanasierices-pro-serijos-wifi-pasiklausymo-blake-gyvas-klausymas-irasu-atsisiuntimas.jpg\",\"width\":491,\"height\":544,\"caption\":\"Slapta pasiklausymo iranga su wi fi\"},{\"@type\":\"BreadcrumbList\",\"@id\":\"https:\\\/\\\/izsekosanasierices.lv\\\/produkts\\\/pro-serijas-wifi-noklausisanas-ierice-noklausisanas-tiesraide-ierakstu-lejupielade\\\/#breadcrumb\",\"itemListElement\":[{\"@type\":\"ListItem\",\"position\":1,\"name\":\"S\u0101kums\",\"item\":\"https:\\\/\\\/izsekosanasierices.lv\\\/\"},{\"@type\":\"ListItem\",\"position\":2,\"name\":\"Veikals\",\"item\":\"https:\\\/\\\/izsekosanasierices.lv\\\/veikals\\\/\"},{\"@type\":\"ListItem\",\"position\":3,\"name\":\"PRO s\u0113rijas WiFi noklaus\u012b\u0161an\u0101s ier\u012bce (noklaus\u012b\u0161an\u0101s tie\u0161raid\u0113 + ierakstu lejupiel\u0101de)\"}]},{\"@type\":\"WebSite\",\"@id\":\"https:\\\/\\\/izsekosanasierices.lv\\\/#website\",\"url\":\"https:\\\/\\\/izsekosanasierices.lv\\\/\",\"name\":\"Nr1 Izseko\u0161anas ier\u012bces gps izseko\u0161anas iek\u0101rtas, klaus\u012b\u0161an\u0101s iek\u0101rtas\",\"description\":\"\",\"potentialAction\":[{\"@type\":\"SearchAction\",\"target\":{\"@type\":\"EntryPoint\",\"urlTemplate\":\"https:\\\/\\\/izsekosanasierices.lv\\\/?s={search_term_string}\"},\"query-input\":{\"@type\":\"PropertyValueSpecification\",\"valueRequired\":true,\"valueName\":\"search_term_string\"}}],\"inLanguage\":\"et\"}]}<\/script>\n<!-- \/ Yoast SEO plugin. -->","yoast_head_json":{"title":"PRO s\u0113rijas WiFi noklaus\u012b\u0161an\u0101s ier\u012bce","description":"PRO s\u0113rijas WIFI noklaus\u012b\u0161an\u0101s ier\u012bce. Visaugst\u0101k\u0101 ska\u0146as kvalit\u0101te. Vienk\u0101r\u0161a lieto\u0161ana \u2013 att\u0101lin\u0101ta audio lejupiel\u0101de. Pieejama klaus\u012b\u0161anai tie\u0161raid\u0113.","robots":{"index":"index","follow":"follow","max-snippet":"max-snippet:-1","max-image-preview":"max-image-preview:large","max-video-preview":"max-video-preview:-1"},"canonical":"https:\/\/izsekosanasierices.lv\/et\/produkts\/pro-seeria-wifi-pealtkuulamise-funktsioon-pealtkuulamise-liikluse-salvestamise-allalaadimine\/","og_locale":"et_EE","og_type":"article","og_title":"Jauns PRO WIFI noklaus\u012b\u0161an\u0101s blake 32gb tie\u0161raides noklaus\u012b\u0161an\u0101s","og_description":"PRO s\u0113rijas WIFI klaus\u012b\u0161an\u0101s asmens, visaugst\u0101k\u0101 ska\u0146as kvalit\u0101te, vienk\u0101r\u0161a lieto\u0161ana - t\u0101lvad\u012bbas audio lejupiel\u0101de. Pieejams klaus\u012b\u0161anai tie\u0161raid\u0113","og_url":"https:\/\/izsekosanasierices.lv\/et\/produkts\/pro-seeria-wifi-pealtkuulamise-funktsioon-pealtkuulamise-liikluse-salvestamise-allalaadimine\/","og_site_name":"Nr1 Izseko\u0161anas ier\u012bces gps izseko\u0161anas iek\u0101rtas, klaus\u012b\u0161an\u0101s iek\u0101rtas","article_modified_time":"2026-04-07T12:25:59+00:00","og_image":[{"url":"https:\/\/rvnski.dev\/sekimoiranga\/wp-content\/uploads\/izsekosanasierices.webp","type":"","width":"","height":""}],"twitter_card":"summary_large_image","twitter_title":"Jauns PRO WIFI noklaus\u012b\u0161an\u0101s blake 32gb tie\u0161raides noklaus\u012b\u0161an\u0101s","twitter_description":"PRO s\u0113rijas WIFI klaus\u012b\u0161an\u0101s asmens, visaugst\u0101k\u0101 ska\u0146as kvalit\u0101te, vienk\u0101r\u0161a lieto\u0161ana - t\u0101lvad\u012bbas audio lejupiel\u0101de. Pieejams klaus\u012b\u0161anai tie\u0161raid\u0113","twitter_misc":{"Est. reading time":"2 minutit"},"schema":{"@context":"https:\/\/schema.org","@graph":[{"@type":"WebPage","@id":"https:\/\/izsekosanasierices.lv\/produkts\/pro-serijas-wifi-noklausisanas-ierice-noklausisanas-tiesraide-ierakstu-lejupielade\/","url":"https:\/\/izsekosanasierices.lv\/produkts\/pro-serijas-wifi-noklausisanas-ierice-noklausisanas-tiesraide-ierakstu-lejupielade\/","name":"PRO s\u0113rijas WiFi noklaus\u012b\u0161an\u0101s ier\u012bce","isPartOf":{"@id":"https:\/\/izsekosanasierices.lv\/#website"},"primaryImageOfPage":{"@id":"https:\/\/izsekosanasierices.lv\/produkts\/pro-serijas-wifi-noklausisanas-ierice-noklausisanas-tiesraide-ierakstu-lejupielade\/#primaryimage"},"image":{"@id":"https:\/\/izsekosanasierices.lv\/produkts\/pro-serijas-wifi-noklausisanas-ierice-noklausisanas-tiesraide-ierakstu-lejupielade\/#primaryimage"},"thumbnailUrl":"https:\/\/izsekosanasierices.lv\/wp-content\/uploads\/izsekosanasierices-pro-serijos-wifi-pasiklausymo-blake-gyvas-klausymas-irasu-atsisiuntimas.jpg","datePublished":"2023-10-05T15:37:43+00:00","dateModified":"2026-04-07T12:25:59+00:00","description":"PRO s\u0113rijas WIFI noklaus\u012b\u0161an\u0101s ier\u012bce. Visaugst\u0101k\u0101 ska\u0146as kvalit\u0101te. Vienk\u0101r\u0161a lieto\u0161ana \u2013 att\u0101lin\u0101ta audio lejupiel\u0101de. Pieejama klaus\u012b\u0161anai tie\u0161raid\u0113.","breadcrumb":{"@id":"https:\/\/izsekosanasierices.lv\/produkts\/pro-serijas-wifi-noklausisanas-ierice-noklausisanas-tiesraide-ierakstu-lejupielade\/#breadcrumb"},"inLanguage":"et","potentialAction":[{"@type":"ReadAction","target":["https:\/\/izsekosanasierices.lv\/produkts\/pro-serijas-wifi-noklausisanas-ierice-noklausisanas-tiesraide-ierakstu-lejupielade\/"]}]},{"@type":"ImageObject","inLanguage":"et","@id":"https:\/\/izsekosanasierices.lv\/produkts\/pro-serijas-wifi-noklausisanas-ierice-noklausisanas-tiesraide-ierakstu-lejupielade\/#primaryimage","url":"https:\/\/izsekosanasierices.lv\/wp-content\/uploads\/izsekosanasierices-pro-serijos-wifi-pasiklausymo-blake-gyvas-klausymas-irasu-atsisiuntimas.jpg","contentUrl":"https:\/\/izsekosanasierices.lv\/wp-content\/uploads\/izsekosanasierices-pro-serijos-wifi-pasiklausymo-blake-gyvas-klausymas-irasu-atsisiuntimas.jpg","width":491,"height":544,"caption":"Slapta pasiklausymo iranga su wi fi"},{"@type":"BreadcrumbList","@id":"https:\/\/izsekosanasierices.lv\/produkts\/pro-serijas-wifi-noklausisanas-ierice-noklausisanas-tiesraide-ierakstu-lejupielade\/#breadcrumb","itemListElement":[{"@type":"ListItem","position":1,"name":"S\u0101kums","item":"https:\/\/izsekosanasierices.lv\/"},{"@type":"ListItem","position":2,"name":"Veikals","item":"https:\/\/izsekosanasierices.lv\/veikals\/"},{"@type":"ListItem","position":3,"name":"PRO s\u0113rijas WiFi noklaus\u012b\u0161an\u0101s ier\u012bce (noklaus\u012b\u0161an\u0101s tie\u0161raid\u0113 + ierakstu lejupiel\u0101de)"}]},{"@type":"WebSite","@id":"https:\/\/izsekosanasierices.lv\/#website","url":"https:\/\/izsekosanasierices.lv\/","name":"Nr1 Izseko\u0161anas ier\u012bces gps izseko\u0161anas iek\u0101rtas, klaus\u012b\u0161an\u0101s iek\u0101rtas","description":"","potentialAction":[{"@type":"SearchAction","target":{"@type":"EntryPoint","urlTemplate":"https:\/\/izsekosanasierices.lv\/?s={search_term_string}"},"query-input":{"@type":"PropertyValueSpecification","valueRequired":true,"valueName":"search_term_string"}}],"inLanguage":"et"}]}},"_links":{"self":[{"href":"https:\/\/izsekosanasierices.lv\/et\/wp-json\/wp\/v2\/product\/1343","targetHints":{"allow":["GET"]}}],"collection":[{"href":"https:\/\/izsekosanasierices.lv\/et\/wp-json\/wp\/v2\/product"}],"about":[{"href":"https:\/\/izsekosanasierices.lv\/et\/wp-json\/wp\/v2\/types\/product"}],"wp:featuredmedia":[{"embeddable":true,"href":"https:\/\/izsekosanasierices.lv\/et\/wp-json\/wp\/v2\/media\/2011"}],"wp:attachment":[{"href":"https:\/\/izsekosanasierices.lv\/et\/wp-json\/wp\/v2\/media?parent=1343"}],"wp:term":[{"taxonomy":"product_brand","embeddable":true,"href":"https:\/\/izsekosanasierices.lv\/et\/wp-json\/wp\/v2\/product_brand?post=1343"},{"taxonomy":"product_cat","embeddable":true,"href":"https:\/\/izsekosanasierices.lv\/et\/wp-json\/wp\/v2\/product_cat?post=1343"},{"taxonomy":"product_tag","embeddable":true,"href":"https:\/\/izsekosanasierices.lv\/et\/wp-json\/wp\/v2\/product_tag?post=1343"}],"curies":[{"name":"wp","href":"https:\/\/api.w.org\/{rel}","templated":true}]}}