{"id":1345,"date":"2023-10-05T15:37:43","date_gmt":"2023-10-05T15:37:43","guid":{"rendered":"https:\/\/izsekosanasierices.lv\/produktas\/kamera-sage-egzaminams-wi-fi-galima-stebeti-gyvai-vaizda\/"},"modified":"2025-11-19T18:07:55","modified_gmt":"2025-11-19T16:07:55","slug":"kamera-izmantosanai-eksamenu-laika-wifi-iespeja-redzet-video-tiesraide","status":"publish","type":"product","link":"https:\/\/izsekosanasierices.lv\/et\/produkts\/kaamera-eksami-ajal-wifi-video-vaatamiseks\/","title":{"rendered":"Eksamite ajal kasutatav kaamera (WiFi), otse\u00fclekanne (video)"},"content":{"rendered":"<h3>Tehnilised parameetrid:<\/h3>\n<ul>\n<li>Kaugvaatamine: jah<\/li>\n<li>32 gb m\u00e4lukaart kaasas<\/li>\n<li>Video salvestamine koos heliga<\/li>\n<li>Pildi kvaliteet: FULL HD 1080P,<\/li>\n<li>Piltide vaatamine: rakenduse kaudu<\/li>\n<li>Salvestusaeg akuga: umbes 1 - 2 tundi (t\u00e4iendav <em>PowerBank<\/em> lisatud)<\/li>\n<li>Liikumistuvastuse re\u017eiim: jah (digitaalne)<\/li>\n<li>Vaatamisnurk: 110\u00b0<\/li>\n<li>Kaarditugi: 16 - 128 GB (kaart ei kuulu komplekti)<\/li>\n<li>1 Video suurus: 310 mb<\/li>\n<li>Toetatud s\u00fcsteemid: iOS; Android<\/li>\n<li>Rakendused Androidile \/ iPhone'ile<\/li>\n<li>Wi-Fi \u00fchenduvus: IEEE802.11 b\/g\/n<\/li>\n<li>M\u00f5\u00f5tmed: pikkus 5,8 cm x paksus 1,3 cm x laius 2,1 cm.<\/li>\n<li>Salvestuse juhtimine: mis tahes nutiseadmest (telefon, arvuti v\u00f5i tahvelarvuti)<\/li>\n<li><strong>Garantii 24 kuud<\/strong><\/li>\n<\/ul>\n<p>&nbsp;<\/p>\n<p>Kasutamine: teie ohutuse tagamiseks, laste ohutuse tagamiseks.<\/p>\n<p>&nbsp;<\/p>\n<p><span style=\"color: #ff0000;\"><strong>Vajad kiiret sama p\u00e4eva (ja n\u00e4dalavahetuse) kohaletoimetamist? Helistage <\/strong><strong>+<\/strong><strong>37120484176<\/strong><\/span><\/p>\n<p>See kaamera sobib ideaalselt teadmiste kontrollimiseks v\u00f5i t\u00f5endite kogumiseks. \u00dchendage see WiFi v\u00f5rku (k\u00e4ttesaadav mobiiltelefoni kaudu), nt avame telefonis WiFi v\u00f5rgu, \u00fchendame kaamera sellesse v\u00f5rku ja teised saavad eemalt vaadata kaamera poolt edastatud pilti v\u00f5i videot. Kaasas on 4000 mAh aku, mis annab kaamerale umbes 3 tundi t\u00f6\u00f6aega. Kaamera objektiiv on ainult 1 mm suur ja peaaegu n\u00e4htamatu. Kaamera objektiiv on maskeeritud nupu sisse. See kaamera on suurep\u00e4rane, seda on lihtne kasutada ja selle pildi eraldusv\u00f5ime on suurep\u00e4rane. Me aitame teil kaamerat seadistada, et saaksite seda kasutada.<\/p>\n<p>&nbsp;<\/p>","protected":false},"excerpt":{"rendered":"<p>Salajane kaamera eksamite ajal kasutamiseks. Pilti saab j\u00e4\u00e4dvustada ka eemalt. K\u00f5rge pildi eraldusv\u00f5ime. Suur valik peidetud kaameraid, nende kasutamise koolitus. Tasuta kohaletoimetamine.<\/p>","protected":false},"featured_media":2019,"template":"","meta":[],"product_brand":[],"product_cat":[353,330,321,331],"product_tag":[324,325,367,326,36,327,328,329,32],"class_list":{"0":"post-1345","1":"product","2":"type-product","3":"status-publish","4":"has-post-thumbnail","6":"product_cat-austinas-eksameniem","7":"product_cat-masketas-kameras","8":"product_cat-sleptas-kameras","9":"product_cat-wi-fi-slepenas-kameras","10":"product_tag-izlukosanas-kamera","11":"product_tag-izsekosanas-kamera","12":"product_tag-kamera-izmeklejumiem","13":"product_tag-maskesanas-kamera","14":"product_tag-mini-kamera","15":"product_tag-noverosanas-kamera","16":"product_tag-slepena-kamera","17":"product_tag-slepta-noverosanas-kamera","18":"product_tag-wifi-kamera","20":"first","21":"instock","22":"taxable","23":"shipping-taxable","24":"purchasable","25":"product-type-simple"},"yoast_head":"<!-- This site is optimized with the Yoast SEO plugin v27.5 - https:\/\/yoast.com\/product\/yoast-seo-wordpress\/ -->\n<title>Kamera izmanto\u0161anai eks\u0101menu laik\u0101 wifi iesp\u0113ja redz\u0113t video...<\/title>\n<meta name=\"description\" content=\"Slepen\u0101 kamera izmanto\u0161anai eks\u0101menu laik\u0101 Att\u0113lu var uztvert no att\u0101luma. Augsta att\u0113lu iz\u0161\u0137irtsp\u0113ja. Liels sl\u0113pto kameru kl\u0101sts, apm\u0101c\u012bba par to lieto\u0161anu\" \/>\n<meta name=\"robots\" content=\"index, follow, max-snippet:-1, max-image-preview:large, max-video-preview:-1\" \/>\n<link rel=\"canonical\" href=\"https:\/\/izsekosanasierices.lv\/et\/produkts\/kaamera-eksami-ajal-wifi-video-vaatamiseks\/\" \/>\n<meta property=\"og:locale\" content=\"et_EE\" \/>\n<meta property=\"og:type\" content=\"article\" \/>\n<meta property=\"og:title\" content=\"Slepeno eks\u0101menu mini kameru var skat\u012bties tie\u0161raid\u0113 tie\u0161saist\u0113\" \/>\n<meta property=\"og:description\" content=\"Slepen\u0101 kamera eks\u0101meniem. Att\u0113lu var nov\u0113rot no att\u0101luma. Augsta att\u0113lu iz\u0161\u0137irtsp\u0113ja. Liels sl\u0113pto kameru kl\u0101sts, apm\u0101c\u012bba par to lieto\u0161anu. Bezmaksas pieg\u0101de\" \/>\n<meta property=\"og:url\" content=\"https:\/\/izsekosanasierices.lv\/et\/produkts\/kaamera-eksami-ajal-wifi-video-vaatamiseks\/\" \/>\n<meta property=\"og:site_name\" content=\"Nr1 Izseko\u0161anas ier\u012bces gps izseko\u0161anas iek\u0101rtas, klaus\u012b\u0161an\u0101s iek\u0101rtas\" \/>\n<meta property=\"article:modified_time\" content=\"2025-11-19T16:07:55+00:00\" \/>\n<meta property=\"og:image\" content=\"https:\/\/rvnski.dev\/sekimoiranga\/wp-content\/uploads\/izsekosanasierices.webp\" \/>\n<meta name=\"twitter:card\" content=\"summary_large_image\" \/>\n<meta name=\"twitter:title\" content=\"Slepeno eks\u0101menu mini kameru var skat\u012bties tie\u0161raid\u0113 tie\u0161saist\u0113\" \/>\n<meta name=\"twitter:description\" content=\"Slepen\u0101 kamera eks\u0101meniem. Att\u0113lu var nov\u0113rot no att\u0101luma. Augsta att\u0113lu iz\u0161\u0137irtsp\u0113ja. Liels sl\u0113pto kameru kl\u0101sts, apm\u0101c\u012bba par to lieto\u0161anu. Bezmaksas pieg\u0101de\" \/>\n<meta name=\"twitter:label1\" content=\"Est. reading time\" \/>\n\t<meta name=\"twitter:data1\" content=\"2 minutit\" \/>\n<script type=\"application\/ld+json\" class=\"yoast-schema-graph\">{\"@context\":\"https:\\\/\\\/schema.org\",\"@graph\":[{\"@type\":\"WebPage\",\"@id\":\"https:\\\/\\\/izsekosanasierices.lv\\\/produkts\\\/kamera-izmantosanai-eksamenu-laika-wifi-iespeja-redzet-video-tiesraide\\\/\",\"url\":\"https:\\\/\\\/izsekosanasierices.lv\\\/produkts\\\/kamera-izmantosanai-eksamenu-laika-wifi-iespeja-redzet-video-tiesraide\\\/\",\"name\":\"Kamera izmanto\u0161anai eks\u0101menu laik\u0101 wifi iesp\u0113ja redz\u0113t video...\",\"isPartOf\":{\"@id\":\"https:\\\/\\\/izsekosanasierices.lv\\\/#website\"},\"primaryImageOfPage\":{\"@id\":\"https:\\\/\\\/izsekosanasierices.lv\\\/produkts\\\/kamera-izmantosanai-eksamenu-laika-wifi-iespeja-redzet-video-tiesraide\\\/#primaryimage\"},\"image\":{\"@id\":\"https:\\\/\\\/izsekosanasierices.lv\\\/produkts\\\/kamera-izmantosanai-eksamenu-laika-wifi-iespeja-redzet-video-tiesraide\\\/#primaryimage\"},\"thumbnailUrl\":\"https:\\\/\\\/izsekosanasierices.lv\\\/wp-content\\\/uploads\\\/izsekosanasierices-slapta-mini-kamera-egzaminams-galima-vaizda-ziureti-gyvai-internetu-scaled.jpg\",\"datePublished\":\"2023-10-05T15:37:43+00:00\",\"dateModified\":\"2025-11-19T16:07:55+00:00\",\"description\":\"Slepen\u0101 kamera izmanto\u0161anai eks\u0101menu laik\u0101 Att\u0113lu var uztvert no att\u0101luma. Augsta att\u0113lu iz\u0161\u0137irtsp\u0113ja. Liels sl\u0113pto kameru kl\u0101sts, apm\u0101c\u012bba par to lieto\u0161anu\",\"breadcrumb\":{\"@id\":\"https:\\\/\\\/izsekosanasierices.lv\\\/produkts\\\/kamera-izmantosanai-eksamenu-laika-wifi-iespeja-redzet-video-tiesraide\\\/#breadcrumb\"},\"inLanguage\":\"et\",\"potentialAction\":[{\"@type\":\"ReadAction\",\"target\":[\"https:\\\/\\\/izsekosanasierices.lv\\\/produkts\\\/kamera-izmantosanai-eksamenu-laika-wifi-iespeja-redzet-video-tiesraide\\\/\"]}]},{\"@type\":\"ImageObject\",\"inLanguage\":\"et\",\"@id\":\"https:\\\/\\\/izsekosanasierices.lv\\\/produkts\\\/kamera-izmantosanai-eksamenu-laika-wifi-iespeja-redzet-video-tiesraide\\\/#primaryimage\",\"url\":\"https:\\\/\\\/izsekosanasierices.lv\\\/wp-content\\\/uploads\\\/izsekosanasierices-slapta-mini-kamera-egzaminams-galima-vaizda-ziureti-gyvai-internetu-scaled.jpg\",\"contentUrl\":\"https:\\\/\\\/izsekosanasierices.lv\\\/wp-content\\\/uploads\\\/izsekosanasierices-slapta-mini-kamera-egzaminams-galima-vaizda-ziureti-gyvai-internetu-scaled.jpg\",\"width\":1782,\"height\":2560,\"caption\":\"slapta kamera egzaminui\"},{\"@type\":\"BreadcrumbList\",\"@id\":\"https:\\\/\\\/izsekosanasierices.lv\\\/produkts\\\/kamera-izmantosanai-eksamenu-laika-wifi-iespeja-redzet-video-tiesraide\\\/#breadcrumb\",\"itemListElement\":[{\"@type\":\"ListItem\",\"position\":1,\"name\":\"S\u0101kums\",\"item\":\"https:\\\/\\\/izsekosanasierices.lv\\\/\"},{\"@type\":\"ListItem\",\"position\":2,\"name\":\"Veikals\",\"item\":\"https:\\\/\\\/izsekosanasierices.lv\\\/veikals\\\/\"},{\"@type\":\"ListItem\",\"position\":3,\"name\":\"Kamera izmanto\u0161anai eks\u0101menu laik\u0101 (WiFi), iesp\u0113ja redz\u0113t video tie\u0161raid\u0113\"}]},{\"@type\":\"WebSite\",\"@id\":\"https:\\\/\\\/izsekosanasierices.lv\\\/#website\",\"url\":\"https:\\\/\\\/izsekosanasierices.lv\\\/\",\"name\":\"Nr1 Izseko\u0161anas ier\u012bces gps izseko\u0161anas iek\u0101rtas, klaus\u012b\u0161an\u0101s iek\u0101rtas\",\"description\":\"\",\"potentialAction\":[{\"@type\":\"SearchAction\",\"target\":{\"@type\":\"EntryPoint\",\"urlTemplate\":\"https:\\\/\\\/izsekosanasierices.lv\\\/?s={search_term_string}\"},\"query-input\":{\"@type\":\"PropertyValueSpecification\",\"valueRequired\":true,\"valueName\":\"search_term_string\"}}],\"inLanguage\":\"et\"}]}<\/script>\n<!-- \/ Yoast SEO plugin. -->","yoast_head_json":{"title":"Kamera izmanto\u0161anai eks\u0101menu laik\u0101 wifi iesp\u0113ja redz\u0113t video...","description":"Slepen\u0101 kamera izmanto\u0161anai eks\u0101menu laik\u0101 Att\u0113lu var uztvert no att\u0101luma. Augsta att\u0113lu iz\u0161\u0137irtsp\u0113ja. Liels sl\u0113pto kameru kl\u0101sts, apm\u0101c\u012bba par to lieto\u0161anu","robots":{"index":"index","follow":"follow","max-snippet":"max-snippet:-1","max-image-preview":"max-image-preview:large","max-video-preview":"max-video-preview:-1"},"canonical":"https:\/\/izsekosanasierices.lv\/et\/produkts\/kaamera-eksami-ajal-wifi-video-vaatamiseks\/","og_locale":"et_EE","og_type":"article","og_title":"Slepeno eks\u0101menu mini kameru var skat\u012bties tie\u0161raid\u0113 tie\u0161saist\u0113","og_description":"Slepen\u0101 kamera eks\u0101meniem. Att\u0113lu var nov\u0113rot no att\u0101luma. Augsta att\u0113lu iz\u0161\u0137irtsp\u0113ja. Liels sl\u0113pto kameru kl\u0101sts, apm\u0101c\u012bba par to lieto\u0161anu. Bezmaksas pieg\u0101de","og_url":"https:\/\/izsekosanasierices.lv\/et\/produkts\/kaamera-eksami-ajal-wifi-video-vaatamiseks\/","og_site_name":"Nr1 Izseko\u0161anas ier\u012bces gps izseko\u0161anas iek\u0101rtas, klaus\u012b\u0161an\u0101s iek\u0101rtas","article_modified_time":"2025-11-19T16:07:55+00:00","og_image":[{"url":"https:\/\/rvnski.dev\/sekimoiranga\/wp-content\/uploads\/izsekosanasierices.webp","type":"","width":"","height":""}],"twitter_card":"summary_large_image","twitter_title":"Slepeno eks\u0101menu mini kameru var skat\u012bties tie\u0161raid\u0113 tie\u0161saist\u0113","twitter_description":"Slepen\u0101 kamera eks\u0101meniem. Att\u0113lu var nov\u0113rot no att\u0101luma. Augsta att\u0113lu iz\u0161\u0137irtsp\u0113ja. Liels sl\u0113pto kameru kl\u0101sts, apm\u0101c\u012bba par to lieto\u0161anu. Bezmaksas pieg\u0101de","twitter_misc":{"Est. reading time":"2 minutit"},"schema":{"@context":"https:\/\/schema.org","@graph":[{"@type":"WebPage","@id":"https:\/\/izsekosanasierices.lv\/produkts\/kamera-izmantosanai-eksamenu-laika-wifi-iespeja-redzet-video-tiesraide\/","url":"https:\/\/izsekosanasierices.lv\/produkts\/kamera-izmantosanai-eksamenu-laika-wifi-iespeja-redzet-video-tiesraide\/","name":"Kamera izmanto\u0161anai eks\u0101menu laik\u0101 wifi iesp\u0113ja redz\u0113t video...","isPartOf":{"@id":"https:\/\/izsekosanasierices.lv\/#website"},"primaryImageOfPage":{"@id":"https:\/\/izsekosanasierices.lv\/produkts\/kamera-izmantosanai-eksamenu-laika-wifi-iespeja-redzet-video-tiesraide\/#primaryimage"},"image":{"@id":"https:\/\/izsekosanasierices.lv\/produkts\/kamera-izmantosanai-eksamenu-laika-wifi-iespeja-redzet-video-tiesraide\/#primaryimage"},"thumbnailUrl":"https:\/\/izsekosanasierices.lv\/wp-content\/uploads\/izsekosanasierices-slapta-mini-kamera-egzaminams-galima-vaizda-ziureti-gyvai-internetu-scaled.jpg","datePublished":"2023-10-05T15:37:43+00:00","dateModified":"2025-11-19T16:07:55+00:00","description":"Slepen\u0101 kamera izmanto\u0161anai eks\u0101menu laik\u0101 Att\u0113lu var uztvert no att\u0101luma. Augsta att\u0113lu iz\u0161\u0137irtsp\u0113ja. Liels sl\u0113pto kameru kl\u0101sts, apm\u0101c\u012bba par to lieto\u0161anu","breadcrumb":{"@id":"https:\/\/izsekosanasierices.lv\/produkts\/kamera-izmantosanai-eksamenu-laika-wifi-iespeja-redzet-video-tiesraide\/#breadcrumb"},"inLanguage":"et","potentialAction":[{"@type":"ReadAction","target":["https:\/\/izsekosanasierices.lv\/produkts\/kamera-izmantosanai-eksamenu-laika-wifi-iespeja-redzet-video-tiesraide\/"]}]},{"@type":"ImageObject","inLanguage":"et","@id":"https:\/\/izsekosanasierices.lv\/produkts\/kamera-izmantosanai-eksamenu-laika-wifi-iespeja-redzet-video-tiesraide\/#primaryimage","url":"https:\/\/izsekosanasierices.lv\/wp-content\/uploads\/izsekosanasierices-slapta-mini-kamera-egzaminams-galima-vaizda-ziureti-gyvai-internetu-scaled.jpg","contentUrl":"https:\/\/izsekosanasierices.lv\/wp-content\/uploads\/izsekosanasierices-slapta-mini-kamera-egzaminams-galima-vaizda-ziureti-gyvai-internetu-scaled.jpg","width":1782,"height":2560,"caption":"slapta kamera egzaminui"},{"@type":"BreadcrumbList","@id":"https:\/\/izsekosanasierices.lv\/produkts\/kamera-izmantosanai-eksamenu-laika-wifi-iespeja-redzet-video-tiesraide\/#breadcrumb","itemListElement":[{"@type":"ListItem","position":1,"name":"S\u0101kums","item":"https:\/\/izsekosanasierices.lv\/"},{"@type":"ListItem","position":2,"name":"Veikals","item":"https:\/\/izsekosanasierices.lv\/veikals\/"},{"@type":"ListItem","position":3,"name":"Kamera izmanto\u0161anai eks\u0101menu laik\u0101 (WiFi), iesp\u0113ja redz\u0113t video tie\u0161raid\u0113"}]},{"@type":"WebSite","@id":"https:\/\/izsekosanasierices.lv\/#website","url":"https:\/\/izsekosanasierices.lv\/","name":"Nr1 Izseko\u0161anas ier\u012bces gps izseko\u0161anas iek\u0101rtas, klaus\u012b\u0161an\u0101s iek\u0101rtas","description":"","potentialAction":[{"@type":"SearchAction","target":{"@type":"EntryPoint","urlTemplate":"https:\/\/izsekosanasierices.lv\/?s={search_term_string}"},"query-input":{"@type":"PropertyValueSpecification","valueRequired":true,"valueName":"search_term_string"}}],"inLanguage":"et"}]}},"_links":{"self":[{"href":"https:\/\/izsekosanasierices.lv\/et\/wp-json\/wp\/v2\/product\/1345","targetHints":{"allow":["GET"]}}],"collection":[{"href":"https:\/\/izsekosanasierices.lv\/et\/wp-json\/wp\/v2\/product"}],"about":[{"href":"https:\/\/izsekosanasierices.lv\/et\/wp-json\/wp\/v2\/types\/product"}],"wp:featuredmedia":[{"embeddable":true,"href":"https:\/\/izsekosanasierices.lv\/et\/wp-json\/wp\/v2\/media\/2019"}],"wp:attachment":[{"href":"https:\/\/izsekosanasierices.lv\/et\/wp-json\/wp\/v2\/media?parent=1345"}],"wp:term":[{"taxonomy":"product_brand","embeddable":true,"href":"https:\/\/izsekosanasierices.lv\/et\/wp-json\/wp\/v2\/product_brand?post=1345"},{"taxonomy":"product_cat","embeddable":true,"href":"https:\/\/izsekosanasierices.lv\/et\/wp-json\/wp\/v2\/product_cat?post=1345"},{"taxonomy":"product_tag","embeddable":true,"href":"https:\/\/izsekosanasierices.lv\/et\/wp-json\/wp\/v2\/product_tag?post=1345"}],"curies":[{"name":"wp","href":"https:\/\/api.w.org\/{rel}","templated":true}]}}