{"id":1347,"date":"2023-10-05T15:37:43","date_gmt":"2023-10-05T15:37:43","guid":{"rendered":"https:\/\/izsekosanasierices.lv\/produktas\/gps-seklys-rele-galimybe-uzgesinti-varikli-su-variklio-blokavimu\/"},"modified":"2025-12-20T01:12:30","modified_gmt":"2025-12-19T23:12:30","slug":"gps-izsekosanas-ierice-ar-dzineja-izslegsanas-funkciju-ar-dzineja-blokesanu","status":"publish","type":"product","link":"https:\/\/izsekosanasierices.lv\/et\/produkts\/gps-jalgimisseade-millel-on-toukeratta-lukustusfunktsioon\/","title":{"rendered":"GPS j\u00e4lgimisseade koos mootori v\u00e4ljal\u00fclitusfunktsiooniga (koos mootorilukuga)"},"content":{"rendered":"<p><strong>Tehnilised omadused:<\/strong><\/p>\n<ul>\n<li>V\u00f5rgud: GSM \/ GPRS<\/li>\n<li>V\u00f5ime mootorit peatada<\/li>\n<li>Euroopa server<\/li>\n<li>SIM-kaart lisatud<\/li>\n<li>Saate t\u00e4ielikult ettevalmistatud varustuse<\/li>\n<li>GPS j\u00e4lgimisseadme kaal ilma karbita: 35gr<\/li>\n<li>M\u00f5\u00f5tmed: pikkus 35,7 cm x laius 3,1 cm x paksus 3,1 cm.<\/li>\n<li>Toetatavad sagedused: 850 \/ 900 \/ 1800 \/ 1900 MHz<\/li>\n<li>GPS kiip: SIRF3 kiip<\/li>\n<li>GPS-tundlikkus: 159 dBm<\/li>\n<li>GPS t\u00e4psus: kuni 10 meetrit<\/li>\n<li>Aku: 3,7 V 100 mAh<\/li>\n<li>Online-seire: saadaval<\/li>\n<li>Pealtkuulamisfunktsioon: saadaval<\/li>\n<li>GSM pealtkuulamisfunktsioon: saadaval<\/li>\n<li>Tasuta veebip\u00f5hine seire<\/li>\n<li>Tasuta j\u00e4lgimisrakendus<\/li>\n<\/ul>\n<p><strong>Sisaldab:<\/strong><\/p>\n<ul>\n<li>GPS-j\u00e4lgimisseade;<\/li>\n<li>USB-kaabel;<\/li>\n<li>omanik;<\/li>\n<li>juhised EN<\/li>\n<li>Logi sisse oma profiili (kasutajanimi + parool)<\/li>\n<li><strong>Garantii 12 kuud.<\/strong><\/li>\n<\/ul>\n<p>&nbsp;<\/p>\n<p><strong>Vajad kiiret sama p\u00e4eva (ja n\u00e4dalavahetuse) kohaletoimetamist? Helistage +37<\/strong><strong>120484176<\/strong><strong>!<\/strong><\/p>\n<h3>Kasutamine: teie auto ja asjade ohutuse tagamiseks.<\/h3>\n<p>Meil on uskumatult t\u00f5hus vahend teie auto ohutuse tagamiseks. See GPS-j\u00e4lgimisseade (GPS-j\u00e4lgimisseade), mida saab paigaldada oma autosse, pakub palju kasulikke funktsioone.<\/p>\n<p>\u00dcks peamisi funktsioone on v\u00f5imalus auto mootorit eemalt v\u00e4lja l\u00fclitada. See on v\u00e4ga kasulik juhul, kui teil on vaja oma auto \"maha v\u00f5tta\", n\u00e4iteks juhul, kui auto varastatakse v\u00f5i klient ei maksa rendi eest. Auto mootori v\u00e4ljal\u00fclitamiseks piisab sellest, kui \u00fchendate j\u00e4lgimisseadmega oma mobiiltelefoni kaudu ja vajutate \u00fchte nuppu. See on suurep\u00e4rane v\u00f5imalus kaitsta oma vara ja v\u00e4ltida auto v\u00e4\u00e4rkasutust.<\/p>\n<p>See on ka suurep\u00e4rane viis oma auto p\u00fcsivaks kaitsmiseks. See v\u00f5imaldab teil j\u00e4lgida oma auto asukohta reaalajas mobiiltelefoni abil ja teeb auto leidmise lihtsaks, kui see on varastatud v\u00f5i kadunud. See annab teile suurema meelerahu, teades, et saate oma autot igal ajal h\u00f5lpsasti j\u00e4lgida.<\/p>\n<p>K\u00f5ik seadmed on kasutusvalmis ja konfigureeritud vastavalt teie vajadustele. Pakume usaldusv\u00e4\u00e4rset ja t\u00f5husat lahendust, mis aitab hoida teie autot ja isiklikke asju turvaliselt.<\/p>\n<p>Selle GPS-j\u00e4lgimisseadme abil saate oma auto mootori eemalt v\u00e4lja l\u00fclitada. See lahendus on suurep\u00e4rane autorendifirmadele - kui klient ei maksa renditasu, on teil v\u00f5imalus auto mootor eemalt v\u00e4lja l\u00fclitada.<\/p>","protected":false},"excerpt":{"rendered":"<p>GPS-seireseadme, mis v\u00f5imaldab auto mootori kaugjuhtimise teel v\u00e4lja l\u00fclitada. T\u00f5hus lahendus auto \u00e4rajuhtimise korral. SIM-kaart lisatud.<\/p>","protected":false},"featured_media":2028,"template":"","meta":[],"product_brand":[],"product_cat":[357],"product_tag":[370,130,371,383,372,384,332],"class_list":{"0":"post-1347","1":"product","2":"type-product","3":"status-publish","4":"has-post-thumbnail","6":"product_cat-gps-izsekosanas-ierice","7":"product_tag-automasinas-gps-izsekotajs","8":"product_tag-gps","9":"product_tag-gps-izsekosanas-iekartas","10":"product_tag-gps-izsekosanas-ierice-cilvekiem","11":"product_tag-gps-izsekotajs","12":"product_tag-gps-izsekotajs-berniem","13":"product_tag-izsekosanas-iekartas","15":"first","16":"instock","17":"sale","18":"taxable","19":"shipping-taxable","20":"purchasable","21":"product-type-simple"},"yoast_head":"<!-- This site is optimized with the Yoast SEO plugin v27.5 - https:\/\/yoast.com\/product\/yoast-seo-wordpress\/ -->\n<title>GPS izseko\u0161anas ier\u012bce ar dzin\u0113ja izsl\u0113g\u0161anas funkciju EU serveris<\/title>\n<meta name=\"description\" content=\"GPS izseko\u0161anas ier\u012bce ar iesp\u0113ju att\u0101lin\u0101ti izsl\u0113gt auto dzin\u0113ju. Efekt\u012bvs risin\u0101jums auto aizdz\u012b\u0161anas gad\u012bjum\u0101. Komplekt\u0101 iek\u013cauta SIM karte.\" \/>\n<meta name=\"robots\" content=\"index, follow, max-snippet:-1, max-image-preview:large, max-video-preview:-1\" \/>\n<link rel=\"canonical\" href=\"https:\/\/izsekosanasierices.lv\/et\/produkts\/gps-jalgimisseade-millel-on-toukeratta-lukustusfunktsioon\/\" \/>\n<meta property=\"og:locale\" content=\"et_EE\" \/>\n<meta property=\"og:type\" content=\"article\" \/>\n<meta property=\"og:title\" content=\"GPS izsekot\u0101js ar dzin\u0113ja blo\u0137\u0113\u0161anu BEZMAKSAS ES serveris\" \/>\n<meta property=\"og:description\" content=\"GPS izseko\u0161anas ier\u012bce vec\u0101ka gadag\u0101juma cilv\u0113ku vai b\u0113rnu uzraudz\u012bbai GPS izseko\u0161anas ier\u012bce ar SOS pogu Bezmaksas Eiropas serveris - liels produktu kl\u0101sts Zema cena\" \/>\n<meta property=\"og:url\" content=\"https:\/\/izsekosanasierices.lv\/et\/produkts\/gps-jalgimisseade-millel-on-toukeratta-lukustusfunktsioon\/\" \/>\n<meta property=\"og:site_name\" content=\"Nr1 Izseko\u0161anas ier\u012bces gps izseko\u0161anas iek\u0101rtas, klaus\u012b\u0161an\u0101s iek\u0101rtas\" \/>\n<meta property=\"article:modified_time\" content=\"2025-12-19T23:12:30+00:00\" \/>\n<meta property=\"og:image\" content=\"https:\/\/rvnski.dev\/sekimoiranga\/wp-content\/uploads\/izsekosanasierices.webp\" \/>\n<meta name=\"twitter:card\" content=\"summary_large_image\" \/>\n<meta name=\"twitter:title\" content=\"GPS izsekot\u0101js ar dzin\u0113ja blo\u0137\u0113\u0161anu BEZMAKSAS ES serveris\" \/>\n<meta name=\"twitter:description\" content=\"GPS izseko\u0161anas ier\u012bce vec\u0101ka gadag\u0101juma cilv\u0113ku vai b\u0113rnu uzraudz\u012bbai GPS izseko\u0161anas ier\u012bce ar SOS pogu Bezmaksas Eiropas serveris - liels produktu kl\u0101sts Zema cena\" \/>\n<meta name=\"twitter:label1\" content=\"Est. reading time\" \/>\n\t<meta name=\"twitter:data1\" content=\"2 minutit\" \/>\n<script type=\"application\/ld+json\" class=\"yoast-schema-graph\">{\"@context\":\"https:\\\/\\\/schema.org\",\"@graph\":[{\"@type\":\"WebPage\",\"@id\":\"https:\\\/\\\/izsekosanasierices.lv\\\/produkts\\\/gps-izsekosanas-ierice-ar-dzineja-izslegsanas-funkciju-ar-dzineja-blokesanu\\\/\",\"url\":\"https:\\\/\\\/izsekosanasierices.lv\\\/produkts\\\/gps-izsekosanas-ierice-ar-dzineja-izslegsanas-funkciju-ar-dzineja-blokesanu\\\/\",\"name\":\"GPS izseko\u0161anas ier\u012bce ar dzin\u0113ja izsl\u0113g\u0161anas funkciju EU serveris\",\"isPartOf\":{\"@id\":\"https:\\\/\\\/izsekosanasierices.lv\\\/#website\"},\"primaryImageOfPage\":{\"@id\":\"https:\\\/\\\/izsekosanasierices.lv\\\/produkts\\\/gps-izsekosanas-ierice-ar-dzineja-izslegsanas-funkciju-ar-dzineja-blokesanu\\\/#primaryimage\"},\"image\":{\"@id\":\"https:\\\/\\\/izsekosanasierices.lv\\\/produkts\\\/gps-izsekosanas-ierice-ar-dzineja-izslegsanas-funkciju-ar-dzineja-blokesanu\\\/#primaryimage\"},\"thumbnailUrl\":\"https:\\\/\\\/izsekosanasierices.lv\\\/wp-content\\\/uploads\\\/izsekosanasierices-gps-seklys-rele-su-galimybe-uzgesinti-varikli.jpg\",\"datePublished\":\"2023-10-05T15:37:43+00:00\",\"dateModified\":\"2025-12-19T23:12:30+00:00\",\"description\":\"GPS izseko\u0161anas ier\u012bce ar iesp\u0113ju att\u0101lin\u0101ti izsl\u0113gt auto dzin\u0113ju. Efekt\u012bvs risin\u0101jums auto aizdz\u012b\u0161anas gad\u012bjum\u0101. Komplekt\u0101 iek\u013cauta SIM karte.\",\"breadcrumb\":{\"@id\":\"https:\\\/\\\/izsekosanasierices.lv\\\/produkts\\\/gps-izsekosanas-ierice-ar-dzineja-izslegsanas-funkciju-ar-dzineja-blokesanu\\\/#breadcrumb\"},\"inLanguage\":\"et\",\"potentialAction\":[{\"@type\":\"ReadAction\",\"target\":[\"https:\\\/\\\/izsekosanasierices.lv\\\/produkts\\\/gps-izsekosanas-ierice-ar-dzineja-izslegsanas-funkciju-ar-dzineja-blokesanu\\\/\"]}]},{\"@type\":\"ImageObject\",\"inLanguage\":\"et\",\"@id\":\"https:\\\/\\\/izsekosanasierices.lv\\\/produkts\\\/gps-izsekosanas-ierice-ar-dzineja-izslegsanas-funkciju-ar-dzineja-blokesanu\\\/#primaryimage\",\"url\":\"https:\\\/\\\/izsekosanasierices.lv\\\/wp-content\\\/uploads\\\/izsekosanasierices-gps-seklys-rele-su-galimybe-uzgesinti-varikli.jpg\",\"contentUrl\":\"https:\\\/\\\/izsekosanasierices.lv\\\/wp-content\\\/uploads\\\/izsekosanasierices-gps-seklys-rele-su-galimybe-uzgesinti-varikli.jpg\",\"width\":660,\"height\":513,\"caption\":\"GPS seklys su variklio blokavimu\"},{\"@type\":\"BreadcrumbList\",\"@id\":\"https:\\\/\\\/izsekosanasierices.lv\\\/produkts\\\/gps-izsekosanas-ierice-ar-dzineja-izslegsanas-funkciju-ar-dzineja-blokesanu\\\/#breadcrumb\",\"itemListElement\":[{\"@type\":\"ListItem\",\"position\":1,\"name\":\"S\u0101kums\",\"item\":\"https:\\\/\\\/izsekosanasierices.lv\\\/\"},{\"@type\":\"ListItem\",\"position\":2,\"name\":\"Veikals\",\"item\":\"https:\\\/\\\/izsekosanasierices.lv\\\/veikals\\\/\"},{\"@type\":\"ListItem\",\"position\":3,\"name\":\"GPS izseko\u0161anas ier\u012bce ar dzin\u0113ja izsl\u0113g\u0161anas funkciju (ar dzin\u0113ja blo\u0137\u0113\u0161anu)\"}]},{\"@type\":\"WebSite\",\"@id\":\"https:\\\/\\\/izsekosanasierices.lv\\\/#website\",\"url\":\"https:\\\/\\\/izsekosanasierices.lv\\\/\",\"name\":\"Nr1 Izseko\u0161anas ier\u012bces gps izseko\u0161anas iek\u0101rtas, klaus\u012b\u0161an\u0101s iek\u0101rtas\",\"description\":\"\",\"potentialAction\":[{\"@type\":\"SearchAction\",\"target\":{\"@type\":\"EntryPoint\",\"urlTemplate\":\"https:\\\/\\\/izsekosanasierices.lv\\\/?s={search_term_string}\"},\"query-input\":{\"@type\":\"PropertyValueSpecification\",\"valueRequired\":true,\"valueName\":\"search_term_string\"}}],\"inLanguage\":\"et\"}]}<\/script>\n<!-- \/ Yoast SEO plugin. -->","yoast_head_json":{"title":"GPS izseko\u0161anas ier\u012bce ar dzin\u0113ja izsl\u0113g\u0161anas funkciju EU serveris","description":"GPS izseko\u0161anas ier\u012bce ar iesp\u0113ju att\u0101lin\u0101ti izsl\u0113gt auto dzin\u0113ju. Efekt\u012bvs risin\u0101jums auto aizdz\u012b\u0161anas gad\u012bjum\u0101. Komplekt\u0101 iek\u013cauta SIM karte.","robots":{"index":"index","follow":"follow","max-snippet":"max-snippet:-1","max-image-preview":"max-image-preview:large","max-video-preview":"max-video-preview:-1"},"canonical":"https:\/\/izsekosanasierices.lv\/et\/produkts\/gps-jalgimisseade-millel-on-toukeratta-lukustusfunktsioon\/","og_locale":"et_EE","og_type":"article","og_title":"GPS izsekot\u0101js ar dzin\u0113ja blo\u0137\u0113\u0161anu BEZMAKSAS ES serveris","og_description":"GPS izseko\u0161anas ier\u012bce vec\u0101ka gadag\u0101juma cilv\u0113ku vai b\u0113rnu uzraudz\u012bbai GPS izseko\u0161anas ier\u012bce ar SOS pogu Bezmaksas Eiropas serveris - liels produktu kl\u0101sts Zema cena","og_url":"https:\/\/izsekosanasierices.lv\/et\/produkts\/gps-jalgimisseade-millel-on-toukeratta-lukustusfunktsioon\/","og_site_name":"Nr1 Izseko\u0161anas ier\u012bces gps izseko\u0161anas iek\u0101rtas, klaus\u012b\u0161an\u0101s iek\u0101rtas","article_modified_time":"2025-12-19T23:12:30+00:00","og_image":[{"url":"https:\/\/rvnski.dev\/sekimoiranga\/wp-content\/uploads\/izsekosanasierices.webp","type":"","width":"","height":""}],"twitter_card":"summary_large_image","twitter_title":"GPS izsekot\u0101js ar dzin\u0113ja blo\u0137\u0113\u0161anu BEZMAKSAS ES serveris","twitter_description":"GPS izseko\u0161anas ier\u012bce vec\u0101ka gadag\u0101juma cilv\u0113ku vai b\u0113rnu uzraudz\u012bbai GPS izseko\u0161anas ier\u012bce ar SOS pogu Bezmaksas Eiropas serveris - liels produktu kl\u0101sts Zema cena","twitter_misc":{"Est. reading time":"2 minutit"},"schema":{"@context":"https:\/\/schema.org","@graph":[{"@type":"WebPage","@id":"https:\/\/izsekosanasierices.lv\/produkts\/gps-izsekosanas-ierice-ar-dzineja-izslegsanas-funkciju-ar-dzineja-blokesanu\/","url":"https:\/\/izsekosanasierices.lv\/produkts\/gps-izsekosanas-ierice-ar-dzineja-izslegsanas-funkciju-ar-dzineja-blokesanu\/","name":"GPS izseko\u0161anas ier\u012bce ar dzin\u0113ja izsl\u0113g\u0161anas funkciju EU serveris","isPartOf":{"@id":"https:\/\/izsekosanasierices.lv\/#website"},"primaryImageOfPage":{"@id":"https:\/\/izsekosanasierices.lv\/produkts\/gps-izsekosanas-ierice-ar-dzineja-izslegsanas-funkciju-ar-dzineja-blokesanu\/#primaryimage"},"image":{"@id":"https:\/\/izsekosanasierices.lv\/produkts\/gps-izsekosanas-ierice-ar-dzineja-izslegsanas-funkciju-ar-dzineja-blokesanu\/#primaryimage"},"thumbnailUrl":"https:\/\/izsekosanasierices.lv\/wp-content\/uploads\/izsekosanasierices-gps-seklys-rele-su-galimybe-uzgesinti-varikli.jpg","datePublished":"2023-10-05T15:37:43+00:00","dateModified":"2025-12-19T23:12:30+00:00","description":"GPS izseko\u0161anas ier\u012bce ar iesp\u0113ju att\u0101lin\u0101ti izsl\u0113gt auto dzin\u0113ju. Efekt\u012bvs risin\u0101jums auto aizdz\u012b\u0161anas gad\u012bjum\u0101. Komplekt\u0101 iek\u013cauta SIM karte.","breadcrumb":{"@id":"https:\/\/izsekosanasierices.lv\/produkts\/gps-izsekosanas-ierice-ar-dzineja-izslegsanas-funkciju-ar-dzineja-blokesanu\/#breadcrumb"},"inLanguage":"et","potentialAction":[{"@type":"ReadAction","target":["https:\/\/izsekosanasierices.lv\/produkts\/gps-izsekosanas-ierice-ar-dzineja-izslegsanas-funkciju-ar-dzineja-blokesanu\/"]}]},{"@type":"ImageObject","inLanguage":"et","@id":"https:\/\/izsekosanasierices.lv\/produkts\/gps-izsekosanas-ierice-ar-dzineja-izslegsanas-funkciju-ar-dzineja-blokesanu\/#primaryimage","url":"https:\/\/izsekosanasierices.lv\/wp-content\/uploads\/izsekosanasierices-gps-seklys-rele-su-galimybe-uzgesinti-varikli.jpg","contentUrl":"https:\/\/izsekosanasierices.lv\/wp-content\/uploads\/izsekosanasierices-gps-seklys-rele-su-galimybe-uzgesinti-varikli.jpg","width":660,"height":513,"caption":"GPS seklys su variklio blokavimu"},{"@type":"BreadcrumbList","@id":"https:\/\/izsekosanasierices.lv\/produkts\/gps-izsekosanas-ierice-ar-dzineja-izslegsanas-funkciju-ar-dzineja-blokesanu\/#breadcrumb","itemListElement":[{"@type":"ListItem","position":1,"name":"S\u0101kums","item":"https:\/\/izsekosanasierices.lv\/"},{"@type":"ListItem","position":2,"name":"Veikals","item":"https:\/\/izsekosanasierices.lv\/veikals\/"},{"@type":"ListItem","position":3,"name":"GPS izseko\u0161anas ier\u012bce ar dzin\u0113ja izsl\u0113g\u0161anas funkciju (ar dzin\u0113ja blo\u0137\u0113\u0161anu)"}]},{"@type":"WebSite","@id":"https:\/\/izsekosanasierices.lv\/#website","url":"https:\/\/izsekosanasierices.lv\/","name":"Nr1 Izseko\u0161anas ier\u012bces gps izseko\u0161anas iek\u0101rtas, klaus\u012b\u0161an\u0101s iek\u0101rtas","description":"","potentialAction":[{"@type":"SearchAction","target":{"@type":"EntryPoint","urlTemplate":"https:\/\/izsekosanasierices.lv\/?s={search_term_string}"},"query-input":{"@type":"PropertyValueSpecification","valueRequired":true,"valueName":"search_term_string"}}],"inLanguage":"et"}]}},"_links":{"self":[{"href":"https:\/\/izsekosanasierices.lv\/et\/wp-json\/wp\/v2\/product\/1347","targetHints":{"allow":["GET"]}}],"collection":[{"href":"https:\/\/izsekosanasierices.lv\/et\/wp-json\/wp\/v2\/product"}],"about":[{"href":"https:\/\/izsekosanasierices.lv\/et\/wp-json\/wp\/v2\/types\/product"}],"wp:featuredmedia":[{"embeddable":true,"href":"https:\/\/izsekosanasierices.lv\/et\/wp-json\/wp\/v2\/media\/2028"}],"wp:attachment":[{"href":"https:\/\/izsekosanasierices.lv\/et\/wp-json\/wp\/v2\/media?parent=1347"}],"wp:term":[{"taxonomy":"product_brand","embeddable":true,"href":"https:\/\/izsekosanasierices.lv\/et\/wp-json\/wp\/v2\/product_brand?post=1347"},{"taxonomy":"product_cat","embeddable":true,"href":"https:\/\/izsekosanasierices.lv\/et\/wp-json\/wp\/v2\/product_cat?post=1347"},{"taxonomy":"product_tag","embeddable":true,"href":"https:\/\/izsekosanasierices.lv\/et\/wp-json\/wp\/v2\/product_tag?post=1347"}],"curies":[{"name":"wp","href":"https:\/\/api.w.org\/{rel}","templated":true}]}}