{"id":1348,"date":"2023-10-05T15:37:43","date_gmt":"2023-10-05T15:37:43","guid":{"rendered":"https:\/\/izsekosanasierices.lv\/produktas\/kelioninis-usb-pakrovejas-su-imontuota-slapta-kamera\/"},"modified":"2026-04-16T10:13:50","modified_gmt":"2026-04-16T07:13:50","slug":"usb-ladetajs-celojumiem-ar-iebuvetu-slepeno-kameru","status":"publish","type":"product","link":"https:\/\/izsekosanasierices.lv\/et\/produkts\/usb-tuuner-tostmiseks-koos-sisseehitatud-varjatud-kaameraga\/","title":{"rendered":"USB-laadija koos sisseehitatud salajase kaameraga"},"content":{"rendered":"<p><strong><span style=\"color: #ff0000;\">PROMOTION: 32 GB micro SD kingitusena<\/span> <\/strong><\/p>\n<p><strong>Tehnilised parameetrid:<\/strong><\/p>\n<ul>\n<li>M\u00e4lukaardi tugi: micro SD\/SDHC kuni 128 GB (ei kuulu komplekti)<\/li>\n<li>Video salvestamine koos heliga<\/li>\n<li>Salvestuslahutus: Full HD 1920 x 1080 px<\/li>\n<li>Pildi resolutsioon: jpeg 1280 x 1024 px<\/li>\n<li>Vaatamisnurk: 110\u00b0<\/li>\n<li>Heli: m\u00fcrasummutusmikrofon<\/li>\n<li>\u00dchendusstandard: USB<\/li>\n<li>\u00d6\u00f6n\u00e4gemine: ei ole<\/li>\n<li>Online-seire (mobiilirakenduse kaudu)<\/li>\n<li>Liikumisandur<\/li>\n<li>Pidev videosalvestus<\/li>\n<li>Video kodeerimine : H264<\/li>\n<li>Kaasas: WiFi kaamera, micro SD kaardilugeja<\/li>\n<li><strong>Garantii 12 kuud <\/strong><\/li>\n<\/ul>\n<p><span style=\"color: #ff0000;\"><strong>Vajad kiiret sama p\u00e4eva (ja n\u00e4dalavahetuse) kohaletoimetamist?  Helistage +37120484176!<\/strong><\/span><\/p>\n<p>Kasutamine: enda kaitseks, laste kaitseks.<\/p>\n<p>Mobiiltelefoni reisilaadija. Visuaalselt eristamatu tavalisest laadijast. Seda laadija saab \u00fchendada nt vooluv\u00f5rku, koduse <strong>WiFi<\/strong> v\u00f5rku, ja kui see on seadistatud, saate j\u00e4lgida toimuvat \u00fcksk\u00f5ik kust maailma punktist. Saate kaamera seadistada nii, et see hakkab salvestama, kui keegi siseneb ruumi - \u00fclej\u00e4\u00e4nud aja jooksul ei salvesta kaamera midagi. See s\u00e4\u00e4stab videote vaatamisel v\u00e4\u00e4rtuslikku aega. Video salvestamiseks saab kaamerasse sisestada m\u00e4lukaardi. See on ideaalne lahendus kodu turvamiseks, alaealiste laste j\u00e4lgimiseks.<\/p>","protected":false},"excerpt":{"rendered":"<p>Telefoni laadijal on sisseehitatud peidetud kaamera. Kvaliteetne pilt. Lihtne kasutada. Kaugvaatamine. Tasuta saatmine.<\/p>","protected":false},"featured_media":2033,"template":"","meta":[],"product_brand":[],"product_cat":[330,321,331],"product_tag":[332,325,23,333,334,328,29],"class_list":{"0":"post-1348","1":"product","2":"type-product","3":"status-publish","4":"has-post-thumbnail","6":"product_cat-masketas-kameras","7":"product_cat-sleptas-kameras","8":"product_cat-wi-fi-slepenas-kameras","9":"product_tag-izsekosanas-iekartas","10":"product_tag-izsekosanas-kamera","11":"product_tag-kamera","12":"product_tag-kameras-pulkstenis","13":"product_tag-masketa-kamera","14":"product_tag-slepena-kamera","15":"product_tag-wi-fi-kamera","17":"first","18":"instock","19":"sale","20":"taxable","21":"shipping-taxable","22":"purchasable","23":"product-type-simple"},"yoast_head":"<!-- This site is optimized with the Yoast SEO plugin v27.5 - https:\/\/yoast.com\/product\/yoast-seo-wordpress\/ -->\n<title>USB l\u0101d\u0113t\u0101js ce\u013cojumiem ar ieb\u016bv\u0113tu slepeno kameru<\/title>\n<meta name=\"description\" content=\"T\u0101lru\u0146a l\u0101d\u0113t\u0101j\u0101 ieb\u016bv\u0113ta sl\u0113pt\u0101 kamera. Augstas kvalit\u0101tes att\u0113ls. Viegli lietojama. Att\u0101lin\u0101ta skat\u012b\u0161an\u0101s. Bezmaksas pieg\u0101de. D\u0101van\u0101 micro SD 32 GB\" \/>\n<meta name=\"robots\" content=\"index, follow, max-snippet:-1, max-image-preview:large, max-video-preview:-1\" \/>\n<link rel=\"canonical\" href=\"https:\/\/izsekosanasierices.lv\/et\/produkts\/usb-tuuner-tostmiseks-koos-sisseehitatud-varjatud-kaameraga\/\" \/>\n<meta property=\"og:locale\" content=\"et_EE\" \/>\n<meta property=\"og:type\" content=\"article\" \/>\n<meta property=\"og:title\" content=\"Ce\u013cojuma USB l\u0101d\u0113t\u0101js ar slepeno kameru (tie\u0161raide, izmantojot tel.)\" \/>\n<meta property=\"og:description\" content=\"Slepen\u0101 kamera ir ieb\u016bv\u0113ta ce\u013cojuma t\u0101lru\u0146a l\u0101d\u0113t\u0101j\u0101. Augstas kvalit\u0101tes att\u0113ls, viegli lietojams. Att\u0101lin\u0101ta skat\u012b\u0161an\u0101s. Bezmaksas pieg\u0101de\" \/>\n<meta property=\"og:url\" content=\"https:\/\/izsekosanasierices.lv\/et\/produkts\/usb-tuuner-tostmiseks-koos-sisseehitatud-varjatud-kaameraga\/\" \/>\n<meta property=\"og:site_name\" content=\"Nr1 Izseko\u0161anas ier\u012bces gps izseko\u0161anas iek\u0101rtas, klaus\u012b\u0161an\u0101s iek\u0101rtas\" \/>\n<meta property=\"article:modified_time\" content=\"2026-04-16T07:13:50+00:00\" \/>\n<meta property=\"og:image\" content=\"https:\/\/rvnski.dev\/sekimoiranga\/wp-content\/uploads\/izsekosanasierices.webp\" \/>\n<meta name=\"twitter:card\" content=\"summary_large_image\" \/>\n<meta name=\"twitter:title\" content=\"Ce\u013cojuma USB l\u0101d\u0113t\u0101js ar slepeno kameru (tie\u0161raide, izmantojot tel.)\" \/>\n<meta name=\"twitter:description\" content=\"Slepen\u0101 kamera ir ieb\u016bv\u0113ta ce\u013cojuma t\u0101lru\u0146a l\u0101d\u0113t\u0101j\u0101. Augstas kvalit\u0101tes att\u0113ls, viegli lietojams. Att\u0101lin\u0101ta skat\u012b\u0161an\u0101s. Bezmaksas pieg\u0101de\" \/>\n<meta name=\"twitter:label1\" content=\"Est. reading time\" \/>\n\t<meta name=\"twitter:data1\" content=\"2 minutit\" \/>\n<script type=\"application\/ld+json\" class=\"yoast-schema-graph\">{\"@context\":\"https:\\\/\\\/schema.org\",\"@graph\":[{\"@type\":\"WebPage\",\"@id\":\"https:\\\/\\\/izsekosanasierices.lv\\\/produkts\\\/usb-ladetajs-celojumiem-ar-iebuvetu-slepeno-kameru\\\/\",\"url\":\"https:\\\/\\\/izsekosanasierices.lv\\\/produkts\\\/usb-ladetajs-celojumiem-ar-iebuvetu-slepeno-kameru\\\/\",\"name\":\"USB l\u0101d\u0113t\u0101js ce\u013cojumiem ar ieb\u016bv\u0113tu slepeno kameru\",\"isPartOf\":{\"@id\":\"https:\\\/\\\/izsekosanasierices.lv\\\/#website\"},\"primaryImageOfPage\":{\"@id\":\"https:\\\/\\\/izsekosanasierices.lv\\\/produkts\\\/usb-ladetajs-celojumiem-ar-iebuvetu-slepeno-kameru\\\/#primaryimage\"},\"image\":{\"@id\":\"https:\\\/\\\/izsekosanasierices.lv\\\/produkts\\\/usb-ladetajs-celojumiem-ar-iebuvetu-slepeno-kameru\\\/#primaryimage\"},\"thumbnailUrl\":\"https:\\\/\\\/izsekosanasierices.lv\\\/wp-content\\\/uploads\\\/izsekosanasierices-kelioninis-usb-pakrovejas-su-imontuota-slapta-kamera.jpg\",\"datePublished\":\"2023-10-05T15:37:43+00:00\",\"dateModified\":\"2026-04-16T07:13:50+00:00\",\"description\":\"T\u0101lru\u0146a l\u0101d\u0113t\u0101j\u0101 ieb\u016bv\u0113ta sl\u0113pt\u0101 kamera. Augstas kvalit\u0101tes att\u0113ls. Viegli lietojama. Att\u0101lin\u0101ta skat\u012b\u0161an\u0101s. Bezmaksas pieg\u0101de. D\u0101van\u0101 micro SD 32 GB\",\"breadcrumb\":{\"@id\":\"https:\\\/\\\/izsekosanasierices.lv\\\/produkts\\\/usb-ladetajs-celojumiem-ar-iebuvetu-slepeno-kameru\\\/#breadcrumb\"},\"inLanguage\":\"et\",\"potentialAction\":[{\"@type\":\"ReadAction\",\"target\":[\"https:\\\/\\\/izsekosanasierices.lv\\\/produkts\\\/usb-ladetajs-celojumiem-ar-iebuvetu-slepeno-kameru\\\/\"]}]},{\"@type\":\"ImageObject\",\"inLanguage\":\"et\",\"@id\":\"https:\\\/\\\/izsekosanasierices.lv\\\/produkts\\\/usb-ladetajs-celojumiem-ar-iebuvetu-slepeno-kameru\\\/#primaryimage\",\"url\":\"https:\\\/\\\/izsekosanasierices.lv\\\/wp-content\\\/uploads\\\/izsekosanasierices-kelioninis-usb-pakrovejas-su-imontuota-slapta-kamera.jpg\",\"contentUrl\":\"https:\\\/\\\/izsekosanasierices.lv\\\/wp-content\\\/uploads\\\/izsekosanasierices-kelioninis-usb-pakrovejas-su-imontuota-slapta-kamera.jpg\",\"width\":1000,\"height\":1000,\"caption\":\"Kelioninis USB pakrov\u0117jas su \u012fmontuota slapta kamera\"},{\"@type\":\"BreadcrumbList\",\"@id\":\"https:\\\/\\\/izsekosanasierices.lv\\\/produkts\\\/usb-ladetajs-celojumiem-ar-iebuvetu-slepeno-kameru\\\/#breadcrumb\",\"itemListElement\":[{\"@type\":\"ListItem\",\"position\":1,\"name\":\"S\u0101kums\",\"item\":\"https:\\\/\\\/izsekosanasierices.lv\\\/\"},{\"@type\":\"ListItem\",\"position\":2,\"name\":\"Veikals\",\"item\":\"https:\\\/\\\/izsekosanasierices.lv\\\/veikals\\\/\"},{\"@type\":\"ListItem\",\"position\":3,\"name\":\"USB l\u0101d\u0113t\u0101js ce\u013cojumiem ar ieb\u016bv\u0113tu slepeno kameru\"}]},{\"@type\":\"WebSite\",\"@id\":\"https:\\\/\\\/izsekosanasierices.lv\\\/#website\",\"url\":\"https:\\\/\\\/izsekosanasierices.lv\\\/\",\"name\":\"Nr1 Izseko\u0161anas ier\u012bces gps izseko\u0161anas iek\u0101rtas, klaus\u012b\u0161an\u0101s iek\u0101rtas\",\"description\":\"\",\"potentialAction\":[{\"@type\":\"SearchAction\",\"target\":{\"@type\":\"EntryPoint\",\"urlTemplate\":\"https:\\\/\\\/izsekosanasierices.lv\\\/?s={search_term_string}\"},\"query-input\":{\"@type\":\"PropertyValueSpecification\",\"valueRequired\":true,\"valueName\":\"search_term_string\"}}],\"inLanguage\":\"et\"}]}<\/script>\n<!-- \/ Yoast SEO plugin. -->","yoast_head_json":{"title":"USB l\u0101d\u0113t\u0101js ce\u013cojumiem ar ieb\u016bv\u0113tu slepeno kameru","description":"T\u0101lru\u0146a l\u0101d\u0113t\u0101j\u0101 ieb\u016bv\u0113ta sl\u0113pt\u0101 kamera. Augstas kvalit\u0101tes att\u0113ls. Viegli lietojama. Att\u0101lin\u0101ta skat\u012b\u0161an\u0101s. Bezmaksas pieg\u0101de. D\u0101van\u0101 micro SD 32 GB","robots":{"index":"index","follow":"follow","max-snippet":"max-snippet:-1","max-image-preview":"max-image-preview:large","max-video-preview":"max-video-preview:-1"},"canonical":"https:\/\/izsekosanasierices.lv\/et\/produkts\/usb-tuuner-tostmiseks-koos-sisseehitatud-varjatud-kaameraga\/","og_locale":"et_EE","og_type":"article","og_title":"Ce\u013cojuma USB l\u0101d\u0113t\u0101js ar slepeno kameru (tie\u0161raide, izmantojot tel.)","og_description":"Slepen\u0101 kamera ir ieb\u016bv\u0113ta ce\u013cojuma t\u0101lru\u0146a l\u0101d\u0113t\u0101j\u0101. Augstas kvalit\u0101tes att\u0113ls, viegli lietojams. Att\u0101lin\u0101ta skat\u012b\u0161an\u0101s. Bezmaksas pieg\u0101de","og_url":"https:\/\/izsekosanasierices.lv\/et\/produkts\/usb-tuuner-tostmiseks-koos-sisseehitatud-varjatud-kaameraga\/","og_site_name":"Nr1 Izseko\u0161anas ier\u012bces gps izseko\u0161anas iek\u0101rtas, klaus\u012b\u0161an\u0101s iek\u0101rtas","article_modified_time":"2026-04-16T07:13:50+00:00","og_image":[{"url":"https:\/\/rvnski.dev\/sekimoiranga\/wp-content\/uploads\/izsekosanasierices.webp","type":"","width":"","height":""}],"twitter_card":"summary_large_image","twitter_title":"Ce\u013cojuma USB l\u0101d\u0113t\u0101js ar slepeno kameru (tie\u0161raide, izmantojot tel.)","twitter_description":"Slepen\u0101 kamera ir ieb\u016bv\u0113ta ce\u013cojuma t\u0101lru\u0146a l\u0101d\u0113t\u0101j\u0101. Augstas kvalit\u0101tes att\u0113ls, viegli lietojams. Att\u0101lin\u0101ta skat\u012b\u0161an\u0101s. Bezmaksas pieg\u0101de","twitter_misc":{"Est. reading time":"2 minutit"},"schema":{"@context":"https:\/\/schema.org","@graph":[{"@type":"WebPage","@id":"https:\/\/izsekosanasierices.lv\/produkts\/usb-ladetajs-celojumiem-ar-iebuvetu-slepeno-kameru\/","url":"https:\/\/izsekosanasierices.lv\/produkts\/usb-ladetajs-celojumiem-ar-iebuvetu-slepeno-kameru\/","name":"USB l\u0101d\u0113t\u0101js ce\u013cojumiem ar ieb\u016bv\u0113tu slepeno kameru","isPartOf":{"@id":"https:\/\/izsekosanasierices.lv\/#website"},"primaryImageOfPage":{"@id":"https:\/\/izsekosanasierices.lv\/produkts\/usb-ladetajs-celojumiem-ar-iebuvetu-slepeno-kameru\/#primaryimage"},"image":{"@id":"https:\/\/izsekosanasierices.lv\/produkts\/usb-ladetajs-celojumiem-ar-iebuvetu-slepeno-kameru\/#primaryimage"},"thumbnailUrl":"https:\/\/izsekosanasierices.lv\/wp-content\/uploads\/izsekosanasierices-kelioninis-usb-pakrovejas-su-imontuota-slapta-kamera.jpg","datePublished":"2023-10-05T15:37:43+00:00","dateModified":"2026-04-16T07:13:50+00:00","description":"T\u0101lru\u0146a l\u0101d\u0113t\u0101j\u0101 ieb\u016bv\u0113ta sl\u0113pt\u0101 kamera. Augstas kvalit\u0101tes att\u0113ls. Viegli lietojama. Att\u0101lin\u0101ta skat\u012b\u0161an\u0101s. Bezmaksas pieg\u0101de. D\u0101van\u0101 micro SD 32 GB","breadcrumb":{"@id":"https:\/\/izsekosanasierices.lv\/produkts\/usb-ladetajs-celojumiem-ar-iebuvetu-slepeno-kameru\/#breadcrumb"},"inLanguage":"et","potentialAction":[{"@type":"ReadAction","target":["https:\/\/izsekosanasierices.lv\/produkts\/usb-ladetajs-celojumiem-ar-iebuvetu-slepeno-kameru\/"]}]},{"@type":"ImageObject","inLanguage":"et","@id":"https:\/\/izsekosanasierices.lv\/produkts\/usb-ladetajs-celojumiem-ar-iebuvetu-slepeno-kameru\/#primaryimage","url":"https:\/\/izsekosanasierices.lv\/wp-content\/uploads\/izsekosanasierices-kelioninis-usb-pakrovejas-su-imontuota-slapta-kamera.jpg","contentUrl":"https:\/\/izsekosanasierices.lv\/wp-content\/uploads\/izsekosanasierices-kelioninis-usb-pakrovejas-su-imontuota-slapta-kamera.jpg","width":1000,"height":1000,"caption":"Kelioninis USB pakrov\u0117jas su \u012fmontuota slapta kamera"},{"@type":"BreadcrumbList","@id":"https:\/\/izsekosanasierices.lv\/produkts\/usb-ladetajs-celojumiem-ar-iebuvetu-slepeno-kameru\/#breadcrumb","itemListElement":[{"@type":"ListItem","position":1,"name":"S\u0101kums","item":"https:\/\/izsekosanasierices.lv\/"},{"@type":"ListItem","position":2,"name":"Veikals","item":"https:\/\/izsekosanasierices.lv\/veikals\/"},{"@type":"ListItem","position":3,"name":"USB l\u0101d\u0113t\u0101js ce\u013cojumiem ar ieb\u016bv\u0113tu slepeno kameru"}]},{"@type":"WebSite","@id":"https:\/\/izsekosanasierices.lv\/#website","url":"https:\/\/izsekosanasierices.lv\/","name":"Nr1 Izseko\u0161anas ier\u012bces gps izseko\u0161anas iek\u0101rtas, klaus\u012b\u0161an\u0101s iek\u0101rtas","description":"","potentialAction":[{"@type":"SearchAction","target":{"@type":"EntryPoint","urlTemplate":"https:\/\/izsekosanasierices.lv\/?s={search_term_string}"},"query-input":{"@type":"PropertyValueSpecification","valueRequired":true,"valueName":"search_term_string"}}],"inLanguage":"et"}]}},"_links":{"self":[{"href":"https:\/\/izsekosanasierices.lv\/et\/wp-json\/wp\/v2\/product\/1348","targetHints":{"allow":["GET"]}}],"collection":[{"href":"https:\/\/izsekosanasierices.lv\/et\/wp-json\/wp\/v2\/product"}],"about":[{"href":"https:\/\/izsekosanasierices.lv\/et\/wp-json\/wp\/v2\/types\/product"}],"wp:featuredmedia":[{"embeddable":true,"href":"https:\/\/izsekosanasierices.lv\/et\/wp-json\/wp\/v2\/media\/2033"}],"wp:attachment":[{"href":"https:\/\/izsekosanasierices.lv\/et\/wp-json\/wp\/v2\/media?parent=1348"}],"wp:term":[{"taxonomy":"product_brand","embeddable":true,"href":"https:\/\/izsekosanasierices.lv\/et\/wp-json\/wp\/v2\/product_brand?post=1348"},{"taxonomy":"product_cat","embeddable":true,"href":"https:\/\/izsekosanasierices.lv\/et\/wp-json\/wp\/v2\/product_cat?post=1348"},{"taxonomy":"product_tag","embeddable":true,"href":"https:\/\/izsekosanasierices.lv\/et\/wp-json\/wp\/v2\/product_tag?post=1348"}],"curies":[{"name":"wp","href":"https:\/\/api.w.org\/{rel}","templated":true}]}}