{"id":1349,"date":"2023-10-05T15:37:43","date_gmt":"2023-10-05T15:37:43","guid":{"rendered":"https:\/\/izsekosanasierices.lv\/produktas\/triuksmo-generatorius-apsauga-nuo-pasiklausymo\/"},"modified":"2025-11-19T15:53:10","modified_gmt":"2025-11-19T13:53:10","slug":"troksnu-generators-aizsardzibai-pret-noklausisanos","status":"publish","type":"product","link":"https:\/\/izsekosanasierices.lv\/et\/produkts\/murageneraator-kaitseks-pealtkuulamise-eest\/","title":{"rendered":"M\u00fcrageneraator pealtkuulamise kaitseks"},"content":{"rendered":"<h3><strong>Tehnilised parameetrid:<\/strong><\/h3>\n<ul>\n<li>M\u00f5\u00f5tmed: 13,5 x 6,5 x 2,4 cm<\/li>\n<li>Kaks m\u00fcrataset (k\u00f5nede kaitsmiseks)<\/li>\n<li>Aku laetuse tase kuvatakse ekraanil<\/li>\n<li>M\u00fcratase kuvatakse ekraanil (asend 1 - 2).<\/li>\n<li>Ultraheli mikrofonid<\/li>\n<li>Salvestatud vestlusi ei ole v\u00f5imalik kuulata.<\/li>\n<li>Sobib kasutamiseks kontoris, autos ja igas muus ruumis.<\/li>\n<li>Saab sisse l\u00fclitada nupuvajutusega v\u00f5i kaasasoleva puldiga<\/li>\n<li>Garantii 6 kuud<\/li>\n<\/ul>\n<p><span style=\"color: #ff0000;\"><strong>Vajad kiiret sama p\u00e4eva (ja n\u00e4dalavahetuse) kohaletoimetamist? Helistage <\/strong><strong>+<\/strong><strong>37120484176<\/strong><\/span><\/p>\n<p>T\u00f5hus pealtkuulamiskaitse. See seade blokeerib varjatud mikrofoni (tekitades ultraheli m\u00fcra), nii et diktofoniga tehtud salvestused ei oma mingit v\u00e4\u00e4rtust, sest salvestuse taasesitamisel on kuulda m\u00fcra. See seade v\u00f5imaldab teil pidada vestlusi ilma hirmuta, et teid salaja salvestatakse. Isegi kui teil on kodus peidetud GSM-monitooringu- ja pealtkuulamisseade, takistab see m\u00fcra generaator teistel teie vestlusi pealt kuulata, kuna ultraheli summutab 99 % mikrofoni. Selle ulatus on 1 kuni 10 meetrit ja ultraheli kiirguse nurk 300 kraadi.<strong>.<\/strong><\/p>\n<p>Seadet on v\u00e4ga lihtne kasutada ja sellel on kaugjuhtimispult, mille abil saab pealtkuulamiskaitse sisse ja v\u00e4lja l\u00fclitada. Saate valida kahe m\u00fcrataseme vahel, n\u00f5rgem ja valjem (et kaitsta teie vestlust rohkem).<\/p>","protected":false},"excerpt":{"rendered":"<p>T\u00f5hus pealtkuulamiskaitse - m\u00fcrageneraator p\u00e4rsib mikrofonide v\u00f5imet vestlusi salaja salvestada. Kvaliteetne mikrofonide vastuv\u00f5tu summuti.<\/p>","protected":false},"featured_media":2038,"template":"","meta":[],"product_brand":[],"product_cat":[390,359,358,342,336,335,337,379],"product_tag":[391,392,393,394,395],"class_list":{"0":"post-1349","1":"product","2":"type-product","3":"status-publish","4":"has-post-thumbnail","6":"product_cat-aizsardziba-pret-noklausisanos-un-noverosanu","7":"product_cat-citi-preces","8":"product_cat-detektori","9":"product_cat-diktofoni","10":"product_cat-gsm-noklausisanas-iekartas-blakes","11":"product_cat-noklausisanas-ierices","12":"product_cat-profesionals-noklausisanas-aprikojums","13":"product_cat-rf-noklausisanas-iekartas","14":"product_tag-aizsardziba-pret-noklausisanos","15":"product_tag-atslegu-aizsardziba","16":"product_tag-gps-slapetajs","17":"product_tag-gsm-bloketajs","18":"product_tag-zvanu-aizsardziba","20":"first","21":"instock","22":"taxable","23":"shipping-taxable","24":"purchasable","25":"product-type-simple"},"yoast_head":"<!-- This site is optimized with the Yoast SEO plugin v27.5 - https:\/\/yoast.com\/product\/yoast-seo-wordpress\/ -->\n<title>Trok\u0161\u0146u \u0123enerators aizsardz\u012bbai pret noklaus\u012b\u0161anos<\/title>\n<meta name=\"description\" content=\"Efekt\u012bva aizsardz\u012bba pret noklaus\u012b\u0161anos trok\u0161\u0146u \u0123enerators sl\u0101p\u0113 mikrofonu iesp\u0113jas slepeni ierakst\u012bt sarunas Augstas kvalit\u0101tes mikrofona uztveres sl\u0101p\u0113t\u0101j\" \/>\n<meta name=\"robots\" content=\"index, follow, max-snippet:-1, max-image-preview:large, max-video-preview:-1\" \/>\n<link rel=\"canonical\" href=\"https:\/\/izsekosanasierices.lv\/et\/produkts\/murageneraator-kaitseks-pealtkuulamise-eest\/\" \/>\n<meta property=\"og:locale\" content=\"et_EE\" \/>\n<meta property=\"og:type\" content=\"article\" \/>\n<meta property=\"og:title\" content=\"Aizsardz\u012bba pret noklaus\u012b\u0161anos (trok\u0161\u0146u \u0123enerators)\" \/>\n<meta property=\"og:description\" content=\"Aizsardz\u012bba pret noklaus\u012b\u0161anos - trok\u0161\u0146u \u0123enerators sl\u0101p\u0113 mikrofonus, lai nov\u0113rstu iesp\u0113ju slepeni ierakst\u012bt sarunas. Augstas kvalit\u0101tes mikrofona atenuators\" \/>\n<meta property=\"og:url\" content=\"https:\/\/izsekosanasierices.lv\/et\/produkts\/murageneraator-kaitseks-pealtkuulamise-eest\/\" \/>\n<meta property=\"og:site_name\" content=\"Nr1 Izseko\u0161anas ier\u012bces gps izseko\u0161anas iek\u0101rtas, klaus\u012b\u0161an\u0101s iek\u0101rtas\" \/>\n<meta property=\"article:modified_time\" content=\"2025-11-19T13:53:10+00:00\" \/>\n<meta property=\"og:image\" content=\"https:\/\/rvnski.dev\/sekimoiranga\/wp-content\/uploads\/izsekosanasierices.webp\" \/>\n<meta name=\"twitter:card\" content=\"summary_large_image\" \/>\n<meta name=\"twitter:title\" content=\"Aizsardz\u012bba pret noklaus\u012b\u0161anos (trok\u0161\u0146u \u0123enerators)\" \/>\n<meta name=\"twitter:description\" content=\"Aizsardz\u012bba pret noklaus\u012b\u0161anos - trok\u0161\u0146u \u0123enerators sl\u0101p\u0113 mikrofonus, lai nov\u0113rstu iesp\u0113ju slepeni ierakst\u012bt sarunas. Augstas kvalit\u0101tes mikrofona atenuators\" \/>\n<meta name=\"twitter:label1\" content=\"Est. reading time\" \/>\n\t<meta name=\"twitter:data1\" content=\"2 minutit\" \/>\n<script type=\"application\/ld+json\" class=\"yoast-schema-graph\">{\"@context\":\"https:\\\/\\\/schema.org\",\"@graph\":[{\"@type\":\"WebPage\",\"@id\":\"https:\\\/\\\/izsekosanasierices.lv\\\/produkts\\\/troksnu-generators-aizsardzibai-pret-noklausisanos\\\/\",\"url\":\"https:\\\/\\\/izsekosanasierices.lv\\\/produkts\\\/troksnu-generators-aizsardzibai-pret-noklausisanos\\\/\",\"name\":\"Trok\u0161\u0146u \u0123enerators aizsardz\u012bbai pret noklaus\u012b\u0161anos\",\"isPartOf\":{\"@id\":\"https:\\\/\\\/izsekosanasierices.lv\\\/#website\"},\"primaryImageOfPage\":{\"@id\":\"https:\\\/\\\/izsekosanasierices.lv\\\/produkts\\\/troksnu-generators-aizsardzibai-pret-noklausisanos\\\/#primaryimage\"},\"image\":{\"@id\":\"https:\\\/\\\/izsekosanasierices.lv\\\/produkts\\\/troksnu-generators-aizsardzibai-pret-noklausisanos\\\/#primaryimage\"},\"thumbnailUrl\":\"https:\\\/\\\/izsekosanasierices.lv\\\/wp-content\\\/uploads\\\/izsekosanasierices-triuksmo-generatorius-apsauga-nuo-pasiklausymo.jpg\",\"datePublished\":\"2023-10-05T15:37:43+00:00\",\"dateModified\":\"2025-11-19T13:53:10+00:00\",\"description\":\"Efekt\u012bva aizsardz\u012bba pret noklaus\u012b\u0161anos trok\u0161\u0146u \u0123enerators sl\u0101p\u0113 mikrofonu iesp\u0113jas slepeni ierakst\u012bt sarunas Augstas kvalit\u0101tes mikrofona uztveres sl\u0101p\u0113t\u0101j\",\"breadcrumb\":{\"@id\":\"https:\\\/\\\/izsekosanasierices.lv\\\/produkts\\\/troksnu-generators-aizsardzibai-pret-noklausisanos\\\/#breadcrumb\"},\"inLanguage\":\"et\",\"potentialAction\":[{\"@type\":\"ReadAction\",\"target\":[\"https:\\\/\\\/izsekosanasierices.lv\\\/produkts\\\/troksnu-generators-aizsardzibai-pret-noklausisanos\\\/\"]}]},{\"@type\":\"ImageObject\",\"inLanguage\":\"et\",\"@id\":\"https:\\\/\\\/izsekosanasierices.lv\\\/produkts\\\/troksnu-generators-aizsardzibai-pret-noklausisanos\\\/#primaryimage\",\"url\":\"https:\\\/\\\/izsekosanasierices.lv\\\/wp-content\\\/uploads\\\/izsekosanasierices-triuksmo-generatorius-apsauga-nuo-pasiklausymo.jpg\",\"contentUrl\":\"https:\\\/\\\/izsekosanasierices.lv\\\/wp-content\\\/uploads\\\/izsekosanasierices-triuksmo-generatorius-apsauga-nuo-pasiklausymo.jpg\",\"width\":639,\"height\":632,\"caption\":\"Triuk\u0161mo generatorius apsauga nuo pasiklausymo\"},{\"@type\":\"BreadcrumbList\",\"@id\":\"https:\\\/\\\/izsekosanasierices.lv\\\/produkts\\\/troksnu-generators-aizsardzibai-pret-noklausisanos\\\/#breadcrumb\",\"itemListElement\":[{\"@type\":\"ListItem\",\"position\":1,\"name\":\"S\u0101kums\",\"item\":\"https:\\\/\\\/izsekosanasierices.lv\\\/\"},{\"@type\":\"ListItem\",\"position\":2,\"name\":\"Veikals\",\"item\":\"https:\\\/\\\/izsekosanasierices.lv\\\/veikals\\\/\"},{\"@type\":\"ListItem\",\"position\":3,\"name\":\"Trok\u0161\u0146u \u0123enerators aizsardz\u012bbai pret noklaus\u012b\u0161anos\"}]},{\"@type\":\"WebSite\",\"@id\":\"https:\\\/\\\/izsekosanasierices.lv\\\/#website\",\"url\":\"https:\\\/\\\/izsekosanasierices.lv\\\/\",\"name\":\"Nr1 Izseko\u0161anas ier\u012bces gps izseko\u0161anas iek\u0101rtas, klaus\u012b\u0161an\u0101s iek\u0101rtas\",\"description\":\"\",\"potentialAction\":[{\"@type\":\"SearchAction\",\"target\":{\"@type\":\"EntryPoint\",\"urlTemplate\":\"https:\\\/\\\/izsekosanasierices.lv\\\/?s={search_term_string}\"},\"query-input\":{\"@type\":\"PropertyValueSpecification\",\"valueRequired\":true,\"valueName\":\"search_term_string\"}}],\"inLanguage\":\"et\"}]}<\/script>\n<!-- \/ Yoast SEO plugin. -->","yoast_head_json":{"title":"Trok\u0161\u0146u \u0123enerators aizsardz\u012bbai pret noklaus\u012b\u0161anos","description":"Efekt\u012bva aizsardz\u012bba pret noklaus\u012b\u0161anos trok\u0161\u0146u \u0123enerators sl\u0101p\u0113 mikrofonu iesp\u0113jas slepeni ierakst\u012bt sarunas Augstas kvalit\u0101tes mikrofona uztveres sl\u0101p\u0113t\u0101j","robots":{"index":"index","follow":"follow","max-snippet":"max-snippet:-1","max-image-preview":"max-image-preview:large","max-video-preview":"max-video-preview:-1"},"canonical":"https:\/\/izsekosanasierices.lv\/et\/produkts\/murageneraator-kaitseks-pealtkuulamise-eest\/","og_locale":"et_EE","og_type":"article","og_title":"Aizsardz\u012bba pret noklaus\u012b\u0161anos (trok\u0161\u0146u \u0123enerators)","og_description":"Aizsardz\u012bba pret noklaus\u012b\u0161anos - trok\u0161\u0146u \u0123enerators sl\u0101p\u0113 mikrofonus, lai nov\u0113rstu iesp\u0113ju slepeni ierakst\u012bt sarunas. Augstas kvalit\u0101tes mikrofona atenuators","og_url":"https:\/\/izsekosanasierices.lv\/et\/produkts\/murageneraator-kaitseks-pealtkuulamise-eest\/","og_site_name":"Nr1 Izseko\u0161anas ier\u012bces gps izseko\u0161anas iek\u0101rtas, klaus\u012b\u0161an\u0101s iek\u0101rtas","article_modified_time":"2025-11-19T13:53:10+00:00","og_image":[{"url":"https:\/\/rvnski.dev\/sekimoiranga\/wp-content\/uploads\/izsekosanasierices.webp","type":"","width":"","height":""}],"twitter_card":"summary_large_image","twitter_title":"Aizsardz\u012bba pret noklaus\u012b\u0161anos (trok\u0161\u0146u \u0123enerators)","twitter_description":"Aizsardz\u012bba pret noklaus\u012b\u0161anos - trok\u0161\u0146u \u0123enerators sl\u0101p\u0113 mikrofonus, lai nov\u0113rstu iesp\u0113ju slepeni ierakst\u012bt sarunas. Augstas kvalit\u0101tes mikrofona atenuators","twitter_misc":{"Est. reading time":"2 minutit"},"schema":{"@context":"https:\/\/schema.org","@graph":[{"@type":"WebPage","@id":"https:\/\/izsekosanasierices.lv\/produkts\/troksnu-generators-aizsardzibai-pret-noklausisanos\/","url":"https:\/\/izsekosanasierices.lv\/produkts\/troksnu-generators-aizsardzibai-pret-noklausisanos\/","name":"Trok\u0161\u0146u \u0123enerators aizsardz\u012bbai pret noklaus\u012b\u0161anos","isPartOf":{"@id":"https:\/\/izsekosanasierices.lv\/#website"},"primaryImageOfPage":{"@id":"https:\/\/izsekosanasierices.lv\/produkts\/troksnu-generators-aizsardzibai-pret-noklausisanos\/#primaryimage"},"image":{"@id":"https:\/\/izsekosanasierices.lv\/produkts\/troksnu-generators-aizsardzibai-pret-noklausisanos\/#primaryimage"},"thumbnailUrl":"https:\/\/izsekosanasierices.lv\/wp-content\/uploads\/izsekosanasierices-triuksmo-generatorius-apsauga-nuo-pasiklausymo.jpg","datePublished":"2023-10-05T15:37:43+00:00","dateModified":"2025-11-19T13:53:10+00:00","description":"Efekt\u012bva aizsardz\u012bba pret noklaus\u012b\u0161anos trok\u0161\u0146u \u0123enerators sl\u0101p\u0113 mikrofonu iesp\u0113jas slepeni ierakst\u012bt sarunas Augstas kvalit\u0101tes mikrofona uztveres sl\u0101p\u0113t\u0101j","breadcrumb":{"@id":"https:\/\/izsekosanasierices.lv\/produkts\/troksnu-generators-aizsardzibai-pret-noklausisanos\/#breadcrumb"},"inLanguage":"et","potentialAction":[{"@type":"ReadAction","target":["https:\/\/izsekosanasierices.lv\/produkts\/troksnu-generators-aizsardzibai-pret-noklausisanos\/"]}]},{"@type":"ImageObject","inLanguage":"et","@id":"https:\/\/izsekosanasierices.lv\/produkts\/troksnu-generators-aizsardzibai-pret-noklausisanos\/#primaryimage","url":"https:\/\/izsekosanasierices.lv\/wp-content\/uploads\/izsekosanasierices-triuksmo-generatorius-apsauga-nuo-pasiklausymo.jpg","contentUrl":"https:\/\/izsekosanasierices.lv\/wp-content\/uploads\/izsekosanasierices-triuksmo-generatorius-apsauga-nuo-pasiklausymo.jpg","width":639,"height":632,"caption":"Triuk\u0161mo generatorius apsauga nuo pasiklausymo"},{"@type":"BreadcrumbList","@id":"https:\/\/izsekosanasierices.lv\/produkts\/troksnu-generators-aizsardzibai-pret-noklausisanos\/#breadcrumb","itemListElement":[{"@type":"ListItem","position":1,"name":"S\u0101kums","item":"https:\/\/izsekosanasierices.lv\/"},{"@type":"ListItem","position":2,"name":"Veikals","item":"https:\/\/izsekosanasierices.lv\/veikals\/"},{"@type":"ListItem","position":3,"name":"Trok\u0161\u0146u \u0123enerators aizsardz\u012bbai pret noklaus\u012b\u0161anos"}]},{"@type":"WebSite","@id":"https:\/\/izsekosanasierices.lv\/#website","url":"https:\/\/izsekosanasierices.lv\/","name":"Nr1 Izseko\u0161anas ier\u012bces gps izseko\u0161anas iek\u0101rtas, klaus\u012b\u0161an\u0101s iek\u0101rtas","description":"","potentialAction":[{"@type":"SearchAction","target":{"@type":"EntryPoint","urlTemplate":"https:\/\/izsekosanasierices.lv\/?s={search_term_string}"},"query-input":{"@type":"PropertyValueSpecification","valueRequired":true,"valueName":"search_term_string"}}],"inLanguage":"et"}]}},"_links":{"self":[{"href":"https:\/\/izsekosanasierices.lv\/et\/wp-json\/wp\/v2\/product\/1349","targetHints":{"allow":["GET"]}}],"collection":[{"href":"https:\/\/izsekosanasierices.lv\/et\/wp-json\/wp\/v2\/product"}],"about":[{"href":"https:\/\/izsekosanasierices.lv\/et\/wp-json\/wp\/v2\/types\/product"}],"wp:featuredmedia":[{"embeddable":true,"href":"https:\/\/izsekosanasierices.lv\/et\/wp-json\/wp\/v2\/media\/2038"}],"wp:attachment":[{"href":"https:\/\/izsekosanasierices.lv\/et\/wp-json\/wp\/v2\/media?parent=1349"}],"wp:term":[{"taxonomy":"product_brand","embeddable":true,"href":"https:\/\/izsekosanasierices.lv\/et\/wp-json\/wp\/v2\/product_brand?post=1349"},{"taxonomy":"product_cat","embeddable":true,"href":"https:\/\/izsekosanasierices.lv\/et\/wp-json\/wp\/v2\/product_cat?post=1349"},{"taxonomy":"product_tag","embeddable":true,"href":"https:\/\/izsekosanasierices.lv\/et\/wp-json\/wp\/v2\/product_tag?post=1349"}],"curies":[{"name":"wp","href":"https:\/\/api.w.org\/{rel}","templated":true}]}}