{"id":1352,"date":"2023-10-05T15:37:43","date_gmt":"2023-10-05T15:37:43","guid":{"rendered":"https:\/\/izsekosanasierices.lv\/produktas\/unisex-sidabrines-spalvos-laikrodis-su-slapta-kamera\/"},"modified":"2025-11-19T16:50:07","modified_gmt":"2025-11-19T14:50:07","slug":"unisex-sudraba-pulkstenis-ar-slepeno-kameru","status":"publish","type":"product","link":"https:\/\/izsekosanasierices.lv\/et\/produkts\/unisex-hobedane-kella-salajase-kaameraga\/","title":{"rendered":"Unisex h\u00f5bedane k\u00e4ekell salajase kaameraga"},"content":{"rendered":"<h3><strong>Tehnilised parameetrid:<\/strong><\/h3>\n<ul>\n<li>Fotograafia: jah<\/li>\n<li>Nahast k\u00e4ev\u00f5ru<\/li>\n<li>V\u00e4rv: must<\/li>\n<li>Salvestaja: jah<\/li>\n<li>Kuni 150 min ilma laadimiseta<\/li>\n<li>Video salvestamine koos heliga<\/li>\n<li>Sisseehitatud mikrofon<\/li>\n<li>Metallist korpus<\/li>\n<li>Sisemine m\u00e4lu: 32 GB, 30 fps<\/li>\n<li>Pildi kvaliteet: jpg 3840 x 2880 px<\/li>\n<li>Vaatamisnurk: 90\u00b0<\/li>\n<li>\u00d6\u00f6n\u00e4gemine (l\u00fclitub automaatselt sisse)<\/li>\n<li>\u00dchendused: USB<\/li>\n<li>Laadimine: USB kaudu<\/li>\n<li>T\u00f6\u00f6temperatuur: -10 kuni +60<\/li>\n<li>Komplektis: kellakaamera, USB-kaabel, karp.<\/li>\n<li><strong>Garantii 12 kuud<\/strong><\/li>\n<\/ul>\n<p><strong>\u00a0<\/strong><\/p>\n<p><span style=\"color: #ff0000;\"><strong>Vajad kiiret sama p\u00e4eva (ja n\u00e4dalavahetuse) kohaletoimetamist?  Helistage +37120484176<\/strong><\/span><\/p>\n<p>Kasutamine: teie ohutuse tagamiseks, laste ohutuse tagamiseks.<\/p>\n<p>Kaamerat on lihtne kasutada, vaid m\u00f5ned nupud aktiveerivad vajalikud funktsioonid.<\/p>","protected":false},"excerpt":{"rendered":"<p>Peidetud kaameraga kell. K\u00f5rgeim pildikvaliteet. V\u00f5imalus diskreetselt pildistada <strong>videod<\/strong>. Lihtsalt kasutatav varjatud kaamera. Madalad hinnad aadressil Izsekosanasierices.lv<\/p>","protected":false},"featured_media":2053,"template":"","meta":[],"product_brand":[],"product_cat":[330,362,321],"product_tag":[325,23,363,364,333,365,366,328],"class_list":{"0":"post-1352","1":"product","2":"type-product","3":"status-publish","4":"has-post-thumbnail","6":"product_cat-masketas-kameras","7":"product_cat-rokas-pulksteni-kameras","8":"product_cat-sleptas-kameras","9":"product_tag-izsekosanas-kamera","10":"product_tag-kamera","11":"product_tag-kamera-modinataja","12":"product_tag-kamera-pulkstena-kamera","13":"product_tag-kameras-pulkstenis","14":"product_tag-pulkstenis","15":"product_tag-skatities-kameru","16":"product_tag-slepena-kamera","18":"first","19":"instock","20":"taxable","21":"shipping-taxable","22":"purchasable","23":"product-type-simple"},"yoast_head":"<!-- This site is optimized with the Yoast SEO plugin v27.5 - https:\/\/yoast.com\/product\/yoast-seo-wordpress\/ -->\n<title>Unisex sudraba pulkstenis ar slepeno kameru<\/title>\n<meta name=\"description\" content=\"Pulkstenis ar sl\u0113pto kameru. Augst\u0101k\u0101s kvalit\u0101tes att\u0113ls. Iesp\u0113ja diskr\u0113ti uz\u0146emt videoierakstus. Viegli lietojama slepena kamera. Zemas cenas\" \/>\n<meta name=\"robots\" content=\"index, follow, max-snippet:-1, max-image-preview:large, max-video-preview:-1\" \/>\n<link rel=\"canonical\" href=\"https:\/\/izsekosanasierices.lv\/et\/produkts\/unisex-hobedane-kella-salajase-kaameraga\/\" \/>\n<meta property=\"og:locale\" content=\"et_EE\" \/>\n<meta property=\"og:type\" content=\"article\" \/>\n<meta property=\"og:title\" content=\"Slepena kamera rokas pulkstenis 32gb Sekimoiranga.lt\" \/>\n<meta property=\"og:description\" content=\"Secret Camera Watch - augst\u0101k\u0101s kvalit\u0101tes att\u0113ls. Var\u0113siet diskr\u0113ti uz\u0146emt videoklipus. Viegli lietojama slepena kamera. Zemas cenas Sekimoiranga.lt\" \/>\n<meta property=\"og:url\" content=\"https:\/\/izsekosanasierices.lv\/et\/produkts\/unisex-hobedane-kella-salajase-kaameraga\/\" \/>\n<meta property=\"og:site_name\" content=\"Nr1 Izseko\u0161anas ier\u012bces gps izseko\u0161anas iek\u0101rtas, klaus\u012b\u0161an\u0101s iek\u0101rtas\" \/>\n<meta property=\"article:modified_time\" content=\"2025-11-19T14:50:07+00:00\" \/>\n<meta property=\"og:image\" content=\"https:\/\/rvnski.dev\/sekimoiranga\/wp-content\/uploads\/izsekosanasierices.webp\" \/>\n<meta name=\"twitter:card\" content=\"summary_large_image\" \/>\n<meta name=\"twitter:title\" content=\"Slepena kamera rokas pulkstenis 32gb Sekimoiranga.lt\" \/>\n<meta name=\"twitter:description\" content=\"Secret Camera Watch - augst\u0101k\u0101s kvalit\u0101tes att\u0113ls. Var\u0113siet diskr\u0113ti uz\u0146emt videoklipus. Viegli lietojama slepena kamera. Zemas cenas Sekimoiranga.lt\" \/>\n<meta name=\"twitter:label1\" content=\"Est. reading time\" \/>\n\t<meta name=\"twitter:data1\" content=\"1 minut\" \/>\n<script type=\"application\/ld+json\" class=\"yoast-schema-graph\">{\"@context\":\"https:\\\/\\\/schema.org\",\"@graph\":[{\"@type\":\"WebPage\",\"@id\":\"https:\\\/\\\/izsekosanasierices.lv\\\/produkts\\\/unisex-sudraba-pulkstenis-ar-slepeno-kameru\\\/\",\"url\":\"https:\\\/\\\/izsekosanasierices.lv\\\/produkts\\\/unisex-sudraba-pulkstenis-ar-slepeno-kameru\\\/\",\"name\":\"Unisex sudraba pulkstenis ar slepeno kameru\",\"isPartOf\":{\"@id\":\"https:\\\/\\\/izsekosanasierices.lv\\\/#website\"},\"primaryImageOfPage\":{\"@id\":\"https:\\\/\\\/izsekosanasierices.lv\\\/produkts\\\/unisex-sudraba-pulkstenis-ar-slepeno-kameru\\\/#primaryimage\"},\"image\":{\"@id\":\"https:\\\/\\\/izsekosanasierices.lv\\\/produkts\\\/unisex-sudraba-pulkstenis-ar-slepeno-kameru\\\/#primaryimage\"},\"thumbnailUrl\":\"https:\\\/\\\/izsekosanasierices.lv\\\/wp-content\\\/uploads\\\/izsekosanasierices-unisex-sidabrines-spalvos-laikrodis-su-slapta-kamera.jpg\",\"datePublished\":\"2023-10-05T15:37:43+00:00\",\"dateModified\":\"2025-11-19T14:50:07+00:00\",\"description\":\"Pulkstenis ar sl\u0113pto kameru. Augst\u0101k\u0101s kvalit\u0101tes att\u0113ls. Iesp\u0113ja diskr\u0113ti uz\u0146emt videoierakstus. Viegli lietojama slepena kamera. Zemas cenas\",\"breadcrumb\":{\"@id\":\"https:\\\/\\\/izsekosanasierices.lv\\\/produkts\\\/unisex-sudraba-pulkstenis-ar-slepeno-kameru\\\/#breadcrumb\"},\"inLanguage\":\"et\",\"potentialAction\":[{\"@type\":\"ReadAction\",\"target\":[\"https:\\\/\\\/izsekosanasierices.lv\\\/produkts\\\/unisex-sudraba-pulkstenis-ar-slepeno-kameru\\\/\"]}]},{\"@type\":\"ImageObject\",\"inLanguage\":\"et\",\"@id\":\"https:\\\/\\\/izsekosanasierices.lv\\\/produkts\\\/unisex-sudraba-pulkstenis-ar-slepeno-kameru\\\/#primaryimage\",\"url\":\"https:\\\/\\\/izsekosanasierices.lv\\\/wp-content\\\/uploads\\\/izsekosanasierices-unisex-sidabrines-spalvos-laikrodis-su-slapta-kamera.jpg\",\"contentUrl\":\"https:\\\/\\\/izsekosanasierices.lv\\\/wp-content\\\/uploads\\\/izsekosanasierices-unisex-sidabrines-spalvos-laikrodis-su-slapta-kamera.jpg\",\"width\":1000,\"height\":1000,\"caption\":\"Slapta uzmaskuota kamera\"},{\"@type\":\"BreadcrumbList\",\"@id\":\"https:\\\/\\\/izsekosanasierices.lv\\\/produkts\\\/unisex-sudraba-pulkstenis-ar-slepeno-kameru\\\/#breadcrumb\",\"itemListElement\":[{\"@type\":\"ListItem\",\"position\":1,\"name\":\"S\u0101kums\",\"item\":\"https:\\\/\\\/izsekosanasierices.lv\\\/\"},{\"@type\":\"ListItem\",\"position\":2,\"name\":\"Veikals\",\"item\":\"https:\\\/\\\/izsekosanasierices.lv\\\/veikals\\\/\"},{\"@type\":\"ListItem\",\"position\":3,\"name\":\"Unisex sudraba pulkstenis ar slepeno kameru\"}]},{\"@type\":\"WebSite\",\"@id\":\"https:\\\/\\\/izsekosanasierices.lv\\\/#website\",\"url\":\"https:\\\/\\\/izsekosanasierices.lv\\\/\",\"name\":\"Nr1 Izseko\u0161anas ier\u012bces gps izseko\u0161anas iek\u0101rtas, klaus\u012b\u0161an\u0101s iek\u0101rtas\",\"description\":\"\",\"potentialAction\":[{\"@type\":\"SearchAction\",\"target\":{\"@type\":\"EntryPoint\",\"urlTemplate\":\"https:\\\/\\\/izsekosanasierices.lv\\\/?s={search_term_string}\"},\"query-input\":{\"@type\":\"PropertyValueSpecification\",\"valueRequired\":true,\"valueName\":\"search_term_string\"}}],\"inLanguage\":\"et\"}]}<\/script>\n<!-- \/ Yoast SEO plugin. -->","yoast_head_json":{"title":"Unisex sudraba pulkstenis ar slepeno kameru","description":"Pulkstenis ar sl\u0113pto kameru. Augst\u0101k\u0101s kvalit\u0101tes att\u0113ls. Iesp\u0113ja diskr\u0113ti uz\u0146emt videoierakstus. Viegli lietojama slepena kamera. Zemas cenas","robots":{"index":"index","follow":"follow","max-snippet":"max-snippet:-1","max-image-preview":"max-image-preview:large","max-video-preview":"max-video-preview:-1"},"canonical":"https:\/\/izsekosanasierices.lv\/et\/produkts\/unisex-hobedane-kella-salajase-kaameraga\/","og_locale":"et_EE","og_type":"article","og_title":"Slepena kamera rokas pulkstenis 32gb Sekimoiranga.lt","og_description":"Secret Camera Watch - augst\u0101k\u0101s kvalit\u0101tes att\u0113ls. Var\u0113siet diskr\u0113ti uz\u0146emt videoklipus. Viegli lietojama slepena kamera. Zemas cenas Sekimoiranga.lt","og_url":"https:\/\/izsekosanasierices.lv\/et\/produkts\/unisex-hobedane-kella-salajase-kaameraga\/","og_site_name":"Nr1 Izseko\u0161anas ier\u012bces gps izseko\u0161anas iek\u0101rtas, klaus\u012b\u0161an\u0101s iek\u0101rtas","article_modified_time":"2025-11-19T14:50:07+00:00","og_image":[{"url":"https:\/\/rvnski.dev\/sekimoiranga\/wp-content\/uploads\/izsekosanasierices.webp","type":"","width":"","height":""}],"twitter_card":"summary_large_image","twitter_title":"Slepena kamera rokas pulkstenis 32gb Sekimoiranga.lt","twitter_description":"Secret Camera Watch - augst\u0101k\u0101s kvalit\u0101tes att\u0113ls. Var\u0113siet diskr\u0113ti uz\u0146emt videoklipus. Viegli lietojama slepena kamera. Zemas cenas Sekimoiranga.lt","twitter_misc":{"Est. reading time":"1 minut"},"schema":{"@context":"https:\/\/schema.org","@graph":[{"@type":"WebPage","@id":"https:\/\/izsekosanasierices.lv\/produkts\/unisex-sudraba-pulkstenis-ar-slepeno-kameru\/","url":"https:\/\/izsekosanasierices.lv\/produkts\/unisex-sudraba-pulkstenis-ar-slepeno-kameru\/","name":"Unisex sudraba pulkstenis ar slepeno kameru","isPartOf":{"@id":"https:\/\/izsekosanasierices.lv\/#website"},"primaryImageOfPage":{"@id":"https:\/\/izsekosanasierices.lv\/produkts\/unisex-sudraba-pulkstenis-ar-slepeno-kameru\/#primaryimage"},"image":{"@id":"https:\/\/izsekosanasierices.lv\/produkts\/unisex-sudraba-pulkstenis-ar-slepeno-kameru\/#primaryimage"},"thumbnailUrl":"https:\/\/izsekosanasierices.lv\/wp-content\/uploads\/izsekosanasierices-unisex-sidabrines-spalvos-laikrodis-su-slapta-kamera.jpg","datePublished":"2023-10-05T15:37:43+00:00","dateModified":"2025-11-19T14:50:07+00:00","description":"Pulkstenis ar sl\u0113pto kameru. Augst\u0101k\u0101s kvalit\u0101tes att\u0113ls. Iesp\u0113ja diskr\u0113ti uz\u0146emt videoierakstus. Viegli lietojama slepena kamera. Zemas cenas","breadcrumb":{"@id":"https:\/\/izsekosanasierices.lv\/produkts\/unisex-sudraba-pulkstenis-ar-slepeno-kameru\/#breadcrumb"},"inLanguage":"et","potentialAction":[{"@type":"ReadAction","target":["https:\/\/izsekosanasierices.lv\/produkts\/unisex-sudraba-pulkstenis-ar-slepeno-kameru\/"]}]},{"@type":"ImageObject","inLanguage":"et","@id":"https:\/\/izsekosanasierices.lv\/produkts\/unisex-sudraba-pulkstenis-ar-slepeno-kameru\/#primaryimage","url":"https:\/\/izsekosanasierices.lv\/wp-content\/uploads\/izsekosanasierices-unisex-sidabrines-spalvos-laikrodis-su-slapta-kamera.jpg","contentUrl":"https:\/\/izsekosanasierices.lv\/wp-content\/uploads\/izsekosanasierices-unisex-sidabrines-spalvos-laikrodis-su-slapta-kamera.jpg","width":1000,"height":1000,"caption":"Slapta uzmaskuota kamera"},{"@type":"BreadcrumbList","@id":"https:\/\/izsekosanasierices.lv\/produkts\/unisex-sudraba-pulkstenis-ar-slepeno-kameru\/#breadcrumb","itemListElement":[{"@type":"ListItem","position":1,"name":"S\u0101kums","item":"https:\/\/izsekosanasierices.lv\/"},{"@type":"ListItem","position":2,"name":"Veikals","item":"https:\/\/izsekosanasierices.lv\/veikals\/"},{"@type":"ListItem","position":3,"name":"Unisex sudraba pulkstenis ar slepeno kameru"}]},{"@type":"WebSite","@id":"https:\/\/izsekosanasierices.lv\/#website","url":"https:\/\/izsekosanasierices.lv\/","name":"Nr1 Izseko\u0161anas ier\u012bces gps izseko\u0161anas iek\u0101rtas, klaus\u012b\u0161an\u0101s iek\u0101rtas","description":"","potentialAction":[{"@type":"SearchAction","target":{"@type":"EntryPoint","urlTemplate":"https:\/\/izsekosanasierices.lv\/?s={search_term_string}"},"query-input":{"@type":"PropertyValueSpecification","valueRequired":true,"valueName":"search_term_string"}}],"inLanguage":"et"}]}},"_links":{"self":[{"href":"https:\/\/izsekosanasierices.lv\/et\/wp-json\/wp\/v2\/product\/1352","targetHints":{"allow":["GET"]}}],"collection":[{"href":"https:\/\/izsekosanasierices.lv\/et\/wp-json\/wp\/v2\/product"}],"about":[{"href":"https:\/\/izsekosanasierices.lv\/et\/wp-json\/wp\/v2\/types\/product"}],"wp:featuredmedia":[{"embeddable":true,"href":"https:\/\/izsekosanasierices.lv\/et\/wp-json\/wp\/v2\/media\/2053"}],"wp:attachment":[{"href":"https:\/\/izsekosanasierices.lv\/et\/wp-json\/wp\/v2\/media?parent=1352"}],"wp:term":[{"taxonomy":"product_brand","embeddable":true,"href":"https:\/\/izsekosanasierices.lv\/et\/wp-json\/wp\/v2\/product_brand?post=1352"},{"taxonomy":"product_cat","embeddable":true,"href":"https:\/\/izsekosanasierices.lv\/et\/wp-json\/wp\/v2\/product_cat?post=1352"},{"taxonomy":"product_tag","embeddable":true,"href":"https:\/\/izsekosanasierices.lv\/et\/wp-json\/wp\/v2\/product_tag?post=1352"}],"curies":[{"name":"wp","href":"https:\/\/api.w.org\/{rel}","templated":true}]}}