{"id":1358,"date":"2023-10-05T15:37:57","date_gmt":"2023-10-05T15:37:57","guid":{"rendered":"https:\/\/izsekosanasierices.lv\/produktas\/ptz-4g-kamera-su-10x-optiniu-priartinimu-5mpx-nereikia-wi-fi\/"},"modified":"2025-11-19T15:29:27","modified_gmt":"2025-11-19T13:29:27","slug":"ptz-4g-kamera-ar-10-x-optisko-talummainu-5-mpx-nav-nepieciesams-wifi","status":"publish","type":"product","link":"https:\/\/izsekosanasierices.lv\/et\/produkts\/ptz-4g-kaamera-10x-optilise-suumiga-5-mpx-mitte-puutumatu-wifi\/","title":{"rendered":"PTZ 4G kaamera 10x optilise suumiga 5 mpx (WiFi ei ole vajalik)"},"content":{"rendered":"<h3><strong>Tehnilised parameetrid:<\/strong><\/h3>\n<ul>\n<li>Kaugvaatamine: jah<\/li>\n<li>Saadaval on elav heli<\/li>\n<li>Videosalvestused on tehtud koos heliga<\/li>\n<li>Kaamera kaabli pikkus 0,4 m<\/li>\n<li>Automaatne objekti j\u00e4lgimine<\/li>\n<li>Video salvestamine koos heliga<\/li>\n<li>Suum: optiline 10 x<\/li>\n<li>Kaamera suudab objekti j\u00e4lgida<\/li>\n<li>Toetab kuni 128 GB m\u00e4lukaarte<\/li>\n<li>Saab \u00fchendada alalise toiteallikaga<\/li>\n<li>V\u00f5rk : GSM 4G, SIM-kaart koos internetiga<\/li>\n<li>\u00d6ine n\u00e4htavus: saadaval<\/li>\n<li>Pildi kvaliteet: eelvaade - FULL HD 1080P,<\/li>\n<li>Salvestuste vaatamine: telefonis<\/li>\n<li>Telefoniteated: jah<\/li>\n<li>SIM-kaardi pesa: jah<\/li>\n<li>Liikumistuvastuse re\u017eiim: jah<\/li>\n<li>Vaatamisnurk: 110\u00b0<\/li>\n<li>Pakkimisformaat: avi H.264<\/li>\n<li>Toetatud s\u00fcsteemid: iOS, Android<\/li>\n<li>Mobiilirakendus Toiteplokk PPOE v\u00f5i v\u00f5rk (220 V)<\/li>\n<li>Salvestuse juhtimine: mis tahes nutiseadmest (telefon, arvuti v\u00f5i tahvelarvuti).<\/li>\n<li>Garantii 12 kuud<\/li>\n<\/ul>\n<p><strong>\u00a0<\/strong><\/p>\n<p><span style=\"color: #ff0000;\"><strong>Vajad kiiret sama p\u00e4eva (ja n\u00e4dalavahetuse) kohaletoimetamist?  Helistage +37120484176<\/strong><\/span><\/p>\n<p>&nbsp;<\/p>\n<p>PTZ-kaamera (panoraam-, kallutus- ja suumkaamera) on ideaalne valik kodu v\u00f5i aia turvalisuse tagamiseks. See suudab j\u00e4lgida liikuvaid objekte ja p\u00f6\u00f6rata kaamerat automaatselt, et j\u00e4lgida kogu ala. Sellel kaameral on ka optiline suum, mis tagab detailsema pildi ja \u00f6\u00f6vaatlusfunktsioon kuni 30 meetri kaugusele.<\/p>\n<p>&nbsp;<\/p>\n<p>Selle kaamera kasutamiseks on vaja SIM-kaarti koos interneti\u00fchendusega, et vaadata otse\u00fclekannet mobiiltelefonist. Kaameral on ka metallist korpus ja LED-taustvalgustus, mis muudab selle vastupidavaks keskkonnam\u00f5judele.<\/p>\n<p>Kaamera v\u00f5ib saata ka teateid teie mobiiltelefoni, kui keegi siseneb teie piirkonda. See v\u00f5imaldab teil kiiresti reageerida ohtlikele v\u00f5i soovimatutele s\u00fcndmustele ning kaitsta oma vara ja turvalisust.<\/p>\n<p>&nbsp;<\/p>\n<p>\u00dcldiselt on PTZ-kaamera suurep\u00e4rane valik kodu v\u00f5i talu j\u00e4lgimiseks, isegi kui teie piirkonnas ei ole WiFi internetti. See v\u00f5imaldab teil j\u00e4lgida otse\u00fclekannet oma mobiiltelefoni kaudu ja saada teateid vahejuhtumitest, et saaksite kiiresti reageerida ja oma vara kaitsta.<\/p>","protected":false},"excerpt":{"rendered":"<p>K\u00f5rge pildikvaliteet kuni 10-kordse optilise suumiga. 4g kaamera (sim-kaart kaasas) Kaugvideo j\u00e4lgimine. Tasuta kohaletoimetamine Leedus<\/p>","protected":false},"featured_media":2078,"template":"","meta":[],"product_brand":[],"product_cat":[322,323,321],"product_tag":[324,325,326,36,327,328,329,32],"class_list":{"0":"post-1358","1":"product","2":"type-product","3":"status-publish","4":"has-post-thumbnail","6":"product_cat-4g-kameras","7":"product_cat-ara-kameras-4g-wifi","8":"product_cat-sleptas-kameras","9":"product_tag-izlukosanas-kamera","10":"product_tag-izsekosanas-kamera","11":"product_tag-maskesanas-kamera","12":"product_tag-mini-kamera","13":"product_tag-noverosanas-kamera","14":"product_tag-slepena-kamera","15":"product_tag-slepta-noverosanas-kamera","16":"product_tag-wifi-kamera","18":"first","19":"outofstock","20":"taxable","21":"shipping-taxable","22":"purchasable","23":"product-type-simple"},"yoast_head":"<!-- This site is optimized with the Yoast SEO plugin v27.5 - https:\/\/yoast.com\/product\/yoast-seo-wordpress\/ -->\n<title>PTZ 4G kamera ar 10 x optisko t\u0101lummai\u0146u 5 mpx<\/title>\n<meta name=\"description\" content=\"Augstas kvalit\u0101tes att\u0113ls. Optisk\u0101 t\u0101lummai\u0146u l\u012bdz pat 10 x. Kamera ar 4G SIM karte. Att\u0101lin\u0101ta videonov\u0113ro\u0161ana. Bezmaksas pieg\u0101de Latvia.\" \/>\n<meta name=\"robots\" content=\"index, follow, max-snippet:-1, max-image-preview:large, max-video-preview:-1\" \/>\n<link rel=\"canonical\" href=\"https:\/\/izsekosanasierices.lv\/et\/produkts\/ptz-4g-kaamera-10x-optilise-suumiga-5-mpx-mitte-puutumatu-wifi\/\" \/>\n<meta property=\"og:locale\" content=\"et_EE\" \/>\n<meta property=\"og:type\" content=\"article\" \/>\n<meta property=\"og:title\" content=\"PTZ 4g kamera ar 10x optisko t\u0101lummai\u0146u 5mpx - Sekimoiranga.lt\" \/>\n<meta property=\"og:description\" content=\"Augstas kvalit\u0101tes att\u0113la kvalit\u0101te ar l\u012bdz pat 10x optisko t\u0101lummai\u0146u. Kamera ar 4g (sim karte iek\u013cauta komplekt\u0101) Att\u0101lin\u0101ta videonov\u0113ro\u0161ana. Bezmaksas pieg\u0101de Lietuv\u0101\" \/>\n<meta property=\"og:url\" content=\"https:\/\/izsekosanasierices.lv\/et\/produkts\/ptz-4g-kaamera-10x-optilise-suumiga-5-mpx-mitte-puutumatu-wifi\/\" \/>\n<meta property=\"og:site_name\" content=\"Nr1 Izseko\u0161anas ier\u012bces gps izseko\u0161anas iek\u0101rtas, klaus\u012b\u0161an\u0101s iek\u0101rtas\" \/>\n<meta property=\"article:modified_time\" content=\"2025-11-19T13:29:27+00:00\" \/>\n<meta property=\"og:image\" content=\"https:\/\/rvnski.dev\/sekimoiranga\/wp-content\/uploads\/izsekosanasierices.webp\" \/>\n<meta name=\"twitter:card\" content=\"summary_large_image\" \/>\n<meta name=\"twitter:title\" content=\"PTZ 4g kamera ar 10x optisko t\u0101lummai\u0146u 5mpx - Sekimoiranga.lt\" \/>\n<meta name=\"twitter:description\" content=\"Augstas kvalit\u0101tes att\u0113la kvalit\u0101te ar l\u012bdz pat 10x optisko t\u0101lummai\u0146u. Kamera ar 4g (sim karte iek\u013cauta komplekt\u0101) Att\u0101lin\u0101ta videonov\u0113ro\u0161ana. Bezmaksas pieg\u0101de Lietuv\u0101\" \/>\n<meta name=\"twitter:label1\" content=\"Est. reading time\" \/>\n\t<meta name=\"twitter:data1\" content=\"2 minutit\" \/>\n<script type=\"application\/ld+json\" class=\"yoast-schema-graph\">{\"@context\":\"https:\\\/\\\/schema.org\",\"@graph\":[{\"@type\":\"WebPage\",\"@id\":\"https:\\\/\\\/izsekosanasierices.lv\\\/produkts\\\/ptz-4g-kamera-ar-10-x-optisko-talummainu-5-mpx-nav-nepieciesams-wifi\\\/\",\"url\":\"https:\\\/\\\/izsekosanasierices.lv\\\/produkts\\\/ptz-4g-kamera-ar-10-x-optisko-talummainu-5-mpx-nav-nepieciesams-wifi\\\/\",\"name\":\"PTZ 4G kamera ar 10 x optisko t\u0101lummai\u0146u 5 mpx\",\"isPartOf\":{\"@id\":\"https:\\\/\\\/izsekosanasierices.lv\\\/#website\"},\"primaryImageOfPage\":{\"@id\":\"https:\\\/\\\/izsekosanasierices.lv\\\/produkts\\\/ptz-4g-kamera-ar-10-x-optisko-talummainu-5-mpx-nav-nepieciesams-wifi\\\/#primaryimage\"},\"image\":{\"@id\":\"https:\\\/\\\/izsekosanasierices.lv\\\/produkts\\\/ptz-4g-kamera-ar-10-x-optisko-talummainu-5-mpx-nav-nepieciesams-wifi\\\/#primaryimage\"},\"thumbnailUrl\":\"https:\\\/\\\/izsekosanasierices.lv\\\/wp-content\\\/uploads\\\/izsekosanasierices-ptz-4g-kamera-su-10x-optiniu-priartinimu-5mpx-nereikia-wi-fi.jpg\",\"datePublished\":\"2023-10-05T15:37:57+00:00\",\"dateModified\":\"2025-11-19T13:29:27+00:00\",\"description\":\"Augstas kvalit\u0101tes att\u0113ls. Optisk\u0101 t\u0101lummai\u0146u l\u012bdz pat 10 x. Kamera ar 4G SIM karte. Att\u0101lin\u0101ta videonov\u0113ro\u0161ana. Bezmaksas pieg\u0101de Latvia.\",\"breadcrumb\":{\"@id\":\"https:\\\/\\\/izsekosanasierices.lv\\\/produkts\\\/ptz-4g-kamera-ar-10-x-optisko-talummainu-5-mpx-nav-nepieciesams-wifi\\\/#breadcrumb\"},\"inLanguage\":\"et\",\"potentialAction\":[{\"@type\":\"ReadAction\",\"target\":[\"https:\\\/\\\/izsekosanasierices.lv\\\/produkts\\\/ptz-4g-kamera-ar-10-x-optisko-talummainu-5-mpx-nav-nepieciesams-wifi\\\/\"]}]},{\"@type\":\"ImageObject\",\"inLanguage\":\"et\",\"@id\":\"https:\\\/\\\/izsekosanasierices.lv\\\/produkts\\\/ptz-4g-kamera-ar-10-x-optisko-talummainu-5-mpx-nav-nepieciesams-wifi\\\/#primaryimage\",\"url\":\"https:\\\/\\\/izsekosanasierices.lv\\\/wp-content\\\/uploads\\\/izsekosanasierices-ptz-4g-kamera-su-10x-optiniu-priartinimu-5mpx-nereikia-wi-fi.jpg\",\"contentUrl\":\"https:\\\/\\\/izsekosanasierices.lv\\\/wp-content\\\/uploads\\\/izsekosanasierices-ptz-4g-kamera-su-10x-optiniu-priartinimu-5mpx-nereikia-wi-fi.jpg\",\"width\":925,\"height\":826,\"caption\":\"vaizdo stebejimo kamera 4g su sim kortele PTZ\"},{\"@type\":\"BreadcrumbList\",\"@id\":\"https:\\\/\\\/izsekosanasierices.lv\\\/produkts\\\/ptz-4g-kamera-ar-10-x-optisko-talummainu-5-mpx-nav-nepieciesams-wifi\\\/#breadcrumb\",\"itemListElement\":[{\"@type\":\"ListItem\",\"position\":1,\"name\":\"S\u0101kums\",\"item\":\"https:\\\/\\\/izsekosanasierices.lv\\\/\"},{\"@type\":\"ListItem\",\"position\":2,\"name\":\"Veikals\",\"item\":\"https:\\\/\\\/izsekosanasierices.lv\\\/veikals\\\/\"},{\"@type\":\"ListItem\",\"position\":3,\"name\":\"PTZ 4G kamera ar 10 x optisko t\u0101lummai\u0146u 5 mpx (nav nepiecie\u0161ams WiFi)\"}]},{\"@type\":\"WebSite\",\"@id\":\"https:\\\/\\\/izsekosanasierices.lv\\\/#website\",\"url\":\"https:\\\/\\\/izsekosanasierices.lv\\\/\",\"name\":\"Nr1 Izseko\u0161anas ier\u012bces gps izseko\u0161anas iek\u0101rtas, klaus\u012b\u0161an\u0101s iek\u0101rtas\",\"description\":\"\",\"potentialAction\":[{\"@type\":\"SearchAction\",\"target\":{\"@type\":\"EntryPoint\",\"urlTemplate\":\"https:\\\/\\\/izsekosanasierices.lv\\\/?s={search_term_string}\"},\"query-input\":{\"@type\":\"PropertyValueSpecification\",\"valueRequired\":true,\"valueName\":\"search_term_string\"}}],\"inLanguage\":\"et\"}]}<\/script>\n<!-- \/ Yoast SEO plugin. -->","yoast_head_json":{"title":"PTZ 4G kamera ar 10 x optisko t\u0101lummai\u0146u 5 mpx","description":"Augstas kvalit\u0101tes att\u0113ls. Optisk\u0101 t\u0101lummai\u0146u l\u012bdz pat 10 x. Kamera ar 4G SIM karte. Att\u0101lin\u0101ta videonov\u0113ro\u0161ana. Bezmaksas pieg\u0101de Latvia.","robots":{"index":"index","follow":"follow","max-snippet":"max-snippet:-1","max-image-preview":"max-image-preview:large","max-video-preview":"max-video-preview:-1"},"canonical":"https:\/\/izsekosanasierices.lv\/et\/produkts\/ptz-4g-kaamera-10x-optilise-suumiga-5-mpx-mitte-puutumatu-wifi\/","og_locale":"et_EE","og_type":"article","og_title":"PTZ 4g kamera ar 10x optisko t\u0101lummai\u0146u 5mpx - Sekimoiranga.lt","og_description":"Augstas kvalit\u0101tes att\u0113la kvalit\u0101te ar l\u012bdz pat 10x optisko t\u0101lummai\u0146u. Kamera ar 4g (sim karte iek\u013cauta komplekt\u0101) Att\u0101lin\u0101ta videonov\u0113ro\u0161ana. Bezmaksas pieg\u0101de Lietuv\u0101","og_url":"https:\/\/izsekosanasierices.lv\/et\/produkts\/ptz-4g-kaamera-10x-optilise-suumiga-5-mpx-mitte-puutumatu-wifi\/","og_site_name":"Nr1 Izseko\u0161anas ier\u012bces gps izseko\u0161anas iek\u0101rtas, klaus\u012b\u0161an\u0101s iek\u0101rtas","article_modified_time":"2025-11-19T13:29:27+00:00","og_image":[{"url":"https:\/\/rvnski.dev\/sekimoiranga\/wp-content\/uploads\/izsekosanasierices.webp","type":"","width":"","height":""}],"twitter_card":"summary_large_image","twitter_title":"PTZ 4g kamera ar 10x optisko t\u0101lummai\u0146u 5mpx - Sekimoiranga.lt","twitter_description":"Augstas kvalit\u0101tes att\u0113la kvalit\u0101te ar l\u012bdz pat 10x optisko t\u0101lummai\u0146u. Kamera ar 4g (sim karte iek\u013cauta komplekt\u0101) Att\u0101lin\u0101ta videonov\u0113ro\u0161ana. Bezmaksas pieg\u0101de Lietuv\u0101","twitter_misc":{"Est. reading time":"2 minutit"},"schema":{"@context":"https:\/\/schema.org","@graph":[{"@type":"WebPage","@id":"https:\/\/izsekosanasierices.lv\/produkts\/ptz-4g-kamera-ar-10-x-optisko-talummainu-5-mpx-nav-nepieciesams-wifi\/","url":"https:\/\/izsekosanasierices.lv\/produkts\/ptz-4g-kamera-ar-10-x-optisko-talummainu-5-mpx-nav-nepieciesams-wifi\/","name":"PTZ 4G kamera ar 10 x optisko t\u0101lummai\u0146u 5 mpx","isPartOf":{"@id":"https:\/\/izsekosanasierices.lv\/#website"},"primaryImageOfPage":{"@id":"https:\/\/izsekosanasierices.lv\/produkts\/ptz-4g-kamera-ar-10-x-optisko-talummainu-5-mpx-nav-nepieciesams-wifi\/#primaryimage"},"image":{"@id":"https:\/\/izsekosanasierices.lv\/produkts\/ptz-4g-kamera-ar-10-x-optisko-talummainu-5-mpx-nav-nepieciesams-wifi\/#primaryimage"},"thumbnailUrl":"https:\/\/izsekosanasierices.lv\/wp-content\/uploads\/izsekosanasierices-ptz-4g-kamera-su-10x-optiniu-priartinimu-5mpx-nereikia-wi-fi.jpg","datePublished":"2023-10-05T15:37:57+00:00","dateModified":"2025-11-19T13:29:27+00:00","description":"Augstas kvalit\u0101tes att\u0113ls. Optisk\u0101 t\u0101lummai\u0146u l\u012bdz pat 10 x. Kamera ar 4G SIM karte. Att\u0101lin\u0101ta videonov\u0113ro\u0161ana. Bezmaksas pieg\u0101de Latvia.","breadcrumb":{"@id":"https:\/\/izsekosanasierices.lv\/produkts\/ptz-4g-kamera-ar-10-x-optisko-talummainu-5-mpx-nav-nepieciesams-wifi\/#breadcrumb"},"inLanguage":"et","potentialAction":[{"@type":"ReadAction","target":["https:\/\/izsekosanasierices.lv\/produkts\/ptz-4g-kamera-ar-10-x-optisko-talummainu-5-mpx-nav-nepieciesams-wifi\/"]}]},{"@type":"ImageObject","inLanguage":"et","@id":"https:\/\/izsekosanasierices.lv\/produkts\/ptz-4g-kamera-ar-10-x-optisko-talummainu-5-mpx-nav-nepieciesams-wifi\/#primaryimage","url":"https:\/\/izsekosanasierices.lv\/wp-content\/uploads\/izsekosanasierices-ptz-4g-kamera-su-10x-optiniu-priartinimu-5mpx-nereikia-wi-fi.jpg","contentUrl":"https:\/\/izsekosanasierices.lv\/wp-content\/uploads\/izsekosanasierices-ptz-4g-kamera-su-10x-optiniu-priartinimu-5mpx-nereikia-wi-fi.jpg","width":925,"height":826,"caption":"vaizdo stebejimo kamera 4g su sim kortele PTZ"},{"@type":"BreadcrumbList","@id":"https:\/\/izsekosanasierices.lv\/produkts\/ptz-4g-kamera-ar-10-x-optisko-talummainu-5-mpx-nav-nepieciesams-wifi\/#breadcrumb","itemListElement":[{"@type":"ListItem","position":1,"name":"S\u0101kums","item":"https:\/\/izsekosanasierices.lv\/"},{"@type":"ListItem","position":2,"name":"Veikals","item":"https:\/\/izsekosanasierices.lv\/veikals\/"},{"@type":"ListItem","position":3,"name":"PTZ 4G kamera ar 10 x optisko t\u0101lummai\u0146u 5 mpx (nav nepiecie\u0161ams WiFi)"}]},{"@type":"WebSite","@id":"https:\/\/izsekosanasierices.lv\/#website","url":"https:\/\/izsekosanasierices.lv\/","name":"Nr1 Izseko\u0161anas ier\u012bces gps izseko\u0161anas iek\u0101rtas, klaus\u012b\u0161an\u0101s iek\u0101rtas","description":"","potentialAction":[{"@type":"SearchAction","target":{"@type":"EntryPoint","urlTemplate":"https:\/\/izsekosanasierices.lv\/?s={search_term_string}"},"query-input":{"@type":"PropertyValueSpecification","valueRequired":true,"valueName":"search_term_string"}}],"inLanguage":"et"}]}},"_links":{"self":[{"href":"https:\/\/izsekosanasierices.lv\/et\/wp-json\/wp\/v2\/product\/1358","targetHints":{"allow":["GET"]}}],"collection":[{"href":"https:\/\/izsekosanasierices.lv\/et\/wp-json\/wp\/v2\/product"}],"about":[{"href":"https:\/\/izsekosanasierices.lv\/et\/wp-json\/wp\/v2\/types\/product"}],"wp:featuredmedia":[{"embeddable":true,"href":"https:\/\/izsekosanasierices.lv\/et\/wp-json\/wp\/v2\/media\/2078"}],"wp:attachment":[{"href":"https:\/\/izsekosanasierices.lv\/et\/wp-json\/wp\/v2\/media?parent=1358"}],"wp:term":[{"taxonomy":"product_brand","embeddable":true,"href":"https:\/\/izsekosanasierices.lv\/et\/wp-json\/wp\/v2\/product_brand?post=1358"},{"taxonomy":"product_cat","embeddable":true,"href":"https:\/\/izsekosanasierices.lv\/et\/wp-json\/wp\/v2\/product_cat?post=1358"},{"taxonomy":"product_tag","embeddable":true,"href":"https:\/\/izsekosanasierices.lv\/et\/wp-json\/wp\/v2\/product_tag?post=1358"}],"curies":[{"name":"wp","href":"https:\/\/api.w.org\/{rel}","templated":true}]}}