{"id":1360,"date":"2023-10-05T15:37:57","date_gmt":"2023-10-05T15:37:57","guid":{"rendered":"https:\/\/izsekosanasierices.lv\/produktas\/vaizdo-stebejimo-kamera-5mpx-wi-fi-kamera-namu-apsaugai-smart\/"},"modified":"2025-11-19T16:56:08","modified_gmt":"2025-11-19T14:56:08","slug":"videonoverosanas-kamera-5mpx-kamera-ar-wifi-majas-apsardzei-smart","status":"publish","type":"product","link":"https:\/\/izsekosanasierices.lv\/et\/produkts\/videovalvekaamera-5mpx-kaamera-koos-wifiga-aruka-turvalisuse-tagamiseks\/","title":{"rendered":"5mpx videovalvekaamera | kaamera koos WiFi koduse turvalisuse SMARTiga"},"content":{"rendered":"<h3><strong>Tehnilised parameetrid:<\/strong><\/h3>\n<ul>\n<li>Kaugvaatamine: jah<\/li>\n<li>Saadaval on elav heli<\/li>\n<li>Kaamera kaabli pikkus: 0,2 meetrit<\/li>\n<li>5mpx SONY objektiiv<\/li>\n<li>Video salvestamine koos heliga<\/li>\n<li>Toetab kuni 128 GB m\u00e4lukaarte<\/li>\n<li>Saab \u00fchendada alalise toiteallikaga<\/li>\n<li>V\u00f5rk: \u00fchendab <strong>WiFi<\/strong> v\u00f5rk<\/li>\n<li>\u00d6\u00f6vaatlusre\u017eiim: saadaval<\/li>\n<li>Pildi kvaliteet: eelvaade - FULL HD 1080P,<\/li>\n<li>Piltide ja videote vaatamine: telefonisS\u00f5numid telefoni: jah<\/li>\n<li>SIM-kaardi pesa: jah<\/li>\n<li>Liikumistuvastuse re\u017eiim: jah<\/li>\n<li>Vaatamisnurk: 110\u00b0<\/li>\n<li>Pakkimisformaat: avi H.264<\/li>\n<li>Toetatud s\u00fcsteemid: iOS, Android<\/li>\n<li>Mobiilirakendus<\/li>\n<li>Toiteallikas: PPOE v\u00f5i elektriv\u00f5rk (220 V)<\/li>\n<li>Salvestuse juhtimine: mis tahes nutiseadmest (telefon, arvuti v\u00f5i tahvelarvuti)<\/li>\n<li>Garantii 12 kuud<\/li>\n<\/ul>\n<p><span style=\"color: #ff0000;\"><strong>Vajad kiiret sama p\u00e4eva (ja n\u00e4dalavahetuse) kohaletoimetamist?  Helistage +37120484176<\/strong><\/span><\/p>\n<p>See kaamera on suurep\u00e4rane valik kodu v\u00f5i talu turvalisuse tagamiseks, eriti kui teil ei ole <strong>WiFi<\/strong>. Seda saab kasutada koos interneti\u00fchendusega SIM-kaardiga, mis v\u00f5imaldab teil vaadata otse\u00fclekannet oma mobiiltelefonist. Kaameral on kvaliteetsed pildid ja \u00f6\u00f6vaatlusre\u017eiim, nii et see suudab j\u00e4lgida piirkonda ja n\u00e4idata sissetungijaid ka pimedal ajal.<\/p>\n<p>Kaamera on varustatud ka valjuh\u00e4\u00e4ldiga, nii et saate mitte ainult kuulda, mis teie \u00fcmber toimub, vaid ka midagi \u00f6elda. See v\u00f5ib olla kasulik, kui soovite sissetungijaid t\u00f5rjuda v\u00f5i suhelda teiste \u00fcmbruskonnas viibivate inimestega.<\/p>\n<p>Kaamera suudab tuvastada ka liikumist ja saata teateid mobiiltelefoni, et saaksite soovimatutele s\u00fcndmustele kiiresti reageerida. See v\u00f5imaldab teil end turvaliselt tunda ning kaitsta oma vara ja turvalisust.<\/p>\n<p>See kaamera on suurep\u00e4rane valik kodu v\u00f5i maakodu kaitsmiseks, kui ei ole <strong>WiFi<\/strong> internet. See pakub kvaliteetset ja laia valikut funktsioone piirkonna j\u00e4lgimiseks ja ohtlikele v\u00f5i ebasoovitavatele s\u00fcndmustele reageerimiseks.<\/p>\n<p>&nbsp;<\/p>\n<p>&nbsp;<\/p>","protected":false},"excerpt":{"rendered":"<p>WIFI 5 mpx CCTV kaamera. Ideaalne kodu v\u00f5i majapidamise turvalisuse tagamiseks. Liigub h\u00f5lpsasti <strong>WiFi<\/strong> v\u00f5rgud. \u00d6\u00f6vaatlus. Tasuta rakendus.<\/p>","protected":false},"featured_media":2083,"template":"","meta":[],"product_brand":[],"product_cat":[323,321,331],"product_tag":[324,325,326,36,327,328,329,32],"class_list":{"0":"post-1360","1":"product","2":"type-product","3":"status-publish","4":"has-post-thumbnail","6":"product_cat-ara-kameras-4g-wifi","7":"product_cat-sleptas-kameras","8":"product_cat-wi-fi-slepenas-kameras","9":"product_tag-izlukosanas-kamera","10":"product_tag-izsekosanas-kamera","11":"product_tag-maskesanas-kamera","12":"product_tag-mini-kamera","13":"product_tag-noverosanas-kamera","14":"product_tag-slepena-kamera","15":"product_tag-slepta-noverosanas-kamera","16":"product_tag-wifi-kamera","18":"first","19":"instock","20":"taxable","21":"shipping-taxable","22":"purchasable","23":"product-type-simple"},"yoast_head":"<!-- This site is optimized with the Yoast SEO plugin v27.4 - https:\/\/yoast.com\/product\/yoast-seo-wordpress\/ -->\n<title>Videonov\u0113ro\u0161anas kamera 5mpx ar wifi m\u0101jas apsardzei smart<\/title>\n<meta name=\"description\" content=\"Videonov\u0113ro\u0161anas kamera wifi 5mpx. Ide\u0101li piem\u0113rota m\u0101jas vai saimniec\u012bbas dro\u0161\u012bbai. Viegli savienojama ar wifi t\u012bklu. Nakts redzam\u012bbas re\u017e\u012bms. Bezmaksas..\" \/>\n<meta name=\"robots\" content=\"index, follow, max-snippet:-1, max-image-preview:large, max-video-preview:-1\" \/>\n<link rel=\"canonical\" href=\"https:\/\/izsekosanasierices.lv\/et\/produkts\/videovalvekaamera-5mpx-kaamera-koos-wifiga-aruka-turvalisuse-tagamiseks\/\" \/>\n<meta property=\"og:locale\" content=\"et_EE\" \/>\n<meta property=\"og:type\" content=\"article\" \/>\n<meta property=\"og:title\" content=\"\u0100ra videonov\u0113ro\u0161anas kamera WI FI 5mpx SONY optika - Sekimoiranga.lt\" \/>\n<meta property=\"og:description\" content=\"Videonov\u0113ro\u0161anas kamera WIFI 5 mpx. Ide\u0101li piem\u0113rots m\u0101jas dro\u0161\u012bbai vai m\u0101jsaimniec\u012bbai.Viegli savienojams ar wifi t\u012bklu. Nakts redzam\u012bba, bezmaksas lietotne\" \/>\n<meta property=\"og:url\" content=\"https:\/\/izsekosanasierices.lv\/et\/produkts\/videovalvekaamera-5mpx-kaamera-koos-wifiga-aruka-turvalisuse-tagamiseks\/\" \/>\n<meta property=\"og:site_name\" content=\"Nr1 Izseko\u0161anas ier\u012bces gps izseko\u0161anas iek\u0101rtas, klaus\u012b\u0161an\u0101s iek\u0101rtas\" \/>\n<meta property=\"article:modified_time\" content=\"2025-11-19T14:56:08+00:00\" \/>\n<meta property=\"og:image\" content=\"https:\/\/rvnski.dev\/sekimoiranga\/wp-content\/uploads\/izsekosanasierices.webp\" \/>\n<meta name=\"twitter:card\" content=\"summary_large_image\" \/>\n<meta name=\"twitter:title\" content=\"\u0100ra videonov\u0113ro\u0161anas kamera WI FI 5mpx SONY optika - Sekimoiranga.lt\" \/>\n<meta name=\"twitter:description\" content=\"Videonov\u0113ro\u0161anas kamera WIFI 5 mpx. Ide\u0101li piem\u0113rots m\u0101jas dro\u0161\u012bbai vai m\u0101jsaimniec\u012bbai.Viegli savienojams ar wifi t\u012bklu. Nakts redzam\u012bba, bezmaksas lietotne\" \/>\n<meta name=\"twitter:label1\" content=\"Est. reading time\" \/>\n\t<meta name=\"twitter:data1\" content=\"2 minutit\" \/>\n<script type=\"application\/ld+json\" class=\"yoast-schema-graph\">{\"@context\":\"https:\\\/\\\/schema.org\",\"@graph\":[{\"@type\":\"WebPage\",\"@id\":\"https:\\\/\\\/izsekosanasierices.lv\\\/produkts\\\/videonoverosanas-kamera-5mpx-kamera-ar-wifi-majas-apsardzei-smart\\\/\",\"url\":\"https:\\\/\\\/izsekosanasierices.lv\\\/produkts\\\/videonoverosanas-kamera-5mpx-kamera-ar-wifi-majas-apsardzei-smart\\\/\",\"name\":\"Videonov\u0113ro\u0161anas kamera 5mpx ar wifi m\u0101jas apsardzei smart\",\"isPartOf\":{\"@id\":\"https:\\\/\\\/izsekosanasierices.lv\\\/#website\"},\"primaryImageOfPage\":{\"@id\":\"https:\\\/\\\/izsekosanasierices.lv\\\/produkts\\\/videonoverosanas-kamera-5mpx-kamera-ar-wifi-majas-apsardzei-smart\\\/#primaryimage\"},\"image\":{\"@id\":\"https:\\\/\\\/izsekosanasierices.lv\\\/produkts\\\/videonoverosanas-kamera-5mpx-kamera-ar-wifi-majas-apsardzei-smart\\\/#primaryimage\"},\"thumbnailUrl\":\"https:\\\/\\\/izsekosanasierices.lv\\\/wp-content\\\/uploads\\\/izsekosanasierices-vaizdo-stebejimo-kamera-5mpx-wi-fi-kamera-namu-apsaugai-smart.jpg\",\"datePublished\":\"2023-10-05T15:37:57+00:00\",\"dateModified\":\"2025-11-19T14:56:08+00:00\",\"description\":\"Videonov\u0113ro\u0161anas kamera wifi 5mpx. Ide\u0101li piem\u0113rota m\u0101jas vai saimniec\u012bbas dro\u0161\u012bbai. Viegli savienojama ar wifi t\u012bklu. Nakts redzam\u012bbas re\u017e\u012bms. Bezmaksas..\",\"breadcrumb\":{\"@id\":\"https:\\\/\\\/izsekosanasierices.lv\\\/produkts\\\/videonoverosanas-kamera-5mpx-kamera-ar-wifi-majas-apsardzei-smart\\\/#breadcrumb\"},\"inLanguage\":\"et\",\"potentialAction\":[{\"@type\":\"ReadAction\",\"target\":[\"https:\\\/\\\/izsekosanasierices.lv\\\/produkts\\\/videonoverosanas-kamera-5mpx-kamera-ar-wifi-majas-apsardzei-smart\\\/\"]}]},{\"@type\":\"ImageObject\",\"inLanguage\":\"et\",\"@id\":\"https:\\\/\\\/izsekosanasierices.lv\\\/produkts\\\/videonoverosanas-kamera-5mpx-kamera-ar-wifi-majas-apsardzei-smart\\\/#primaryimage\",\"url\":\"https:\\\/\\\/izsekosanasierices.lv\\\/wp-content\\\/uploads\\\/izsekosanasierices-vaizdo-stebejimo-kamera-5mpx-wi-fi-kamera-namu-apsaugai-smart.jpg\",\"contentUrl\":\"https:\\\/\\\/izsekosanasierices.lv\\\/wp-content\\\/uploads\\\/izsekosanasierices-vaizdo-stebejimo-kamera-5mpx-wi-fi-kamera-namu-apsaugai-smart.jpg\",\"width\":768,\"height\":768,\"caption\":\"WIfi lauko kamera 5mpx\"},{\"@type\":\"BreadcrumbList\",\"@id\":\"https:\\\/\\\/izsekosanasierices.lv\\\/produkts\\\/videonoverosanas-kamera-5mpx-kamera-ar-wifi-majas-apsardzei-smart\\\/#breadcrumb\",\"itemListElement\":[{\"@type\":\"ListItem\",\"position\":1,\"name\":\"S\u0101kums\",\"item\":\"https:\\\/\\\/izsekosanasierices.lv\\\/\"},{\"@type\":\"ListItem\",\"position\":2,\"name\":\"Veikals\",\"item\":\"https:\\\/\\\/izsekosanasierices.lv\\\/veikals\\\/\"},{\"@type\":\"ListItem\",\"position\":3,\"name\":\"Videonov\u0113ro\u0161anas kamera 5mpx | kamera ar WiFi m\u0101jas apsardzei SMART\"}]},{\"@type\":\"WebSite\",\"@id\":\"https:\\\/\\\/izsekosanasierices.lv\\\/#website\",\"url\":\"https:\\\/\\\/izsekosanasierices.lv\\\/\",\"name\":\"Nr1 Izseko\u0161anas ier\u012bces gps izseko\u0161anas iek\u0101rtas, klaus\u012b\u0161an\u0101s iek\u0101rtas\",\"description\":\"\",\"potentialAction\":[{\"@type\":\"SearchAction\",\"target\":{\"@type\":\"EntryPoint\",\"urlTemplate\":\"https:\\\/\\\/izsekosanasierices.lv\\\/?s={search_term_string}\"},\"query-input\":{\"@type\":\"PropertyValueSpecification\",\"valueRequired\":true,\"valueName\":\"search_term_string\"}}],\"inLanguage\":\"et\"}]}<\/script>\n<!-- \/ Yoast SEO plugin. -->","yoast_head_json":{"title":"Videonov\u0113ro\u0161anas kamera 5mpx ar wifi m\u0101jas apsardzei smart","description":"Videonov\u0113ro\u0161anas kamera wifi 5mpx. Ide\u0101li piem\u0113rota m\u0101jas vai saimniec\u012bbas dro\u0161\u012bbai. Viegli savienojama ar wifi t\u012bklu. Nakts redzam\u012bbas re\u017e\u012bms. Bezmaksas..","robots":{"index":"index","follow":"follow","max-snippet":"max-snippet:-1","max-image-preview":"max-image-preview:large","max-video-preview":"max-video-preview:-1"},"canonical":"https:\/\/izsekosanasierices.lv\/et\/produkts\/videovalvekaamera-5mpx-kaamera-koos-wifiga-aruka-turvalisuse-tagamiseks\/","og_locale":"et_EE","og_type":"article","og_title":"\u0100ra videonov\u0113ro\u0161anas kamera WI FI 5mpx SONY optika - Sekimoiranga.lt","og_description":"Videonov\u0113ro\u0161anas kamera WIFI 5 mpx. Ide\u0101li piem\u0113rots m\u0101jas dro\u0161\u012bbai vai m\u0101jsaimniec\u012bbai.Viegli savienojams ar wifi t\u012bklu. Nakts redzam\u012bba, bezmaksas lietotne","og_url":"https:\/\/izsekosanasierices.lv\/et\/produkts\/videovalvekaamera-5mpx-kaamera-koos-wifiga-aruka-turvalisuse-tagamiseks\/","og_site_name":"Nr1 Izseko\u0161anas ier\u012bces gps izseko\u0161anas iek\u0101rtas, klaus\u012b\u0161an\u0101s iek\u0101rtas","article_modified_time":"2025-11-19T14:56:08+00:00","og_image":[{"url":"https:\/\/rvnski.dev\/sekimoiranga\/wp-content\/uploads\/izsekosanasierices.webp","type":"","width":"","height":""}],"twitter_card":"summary_large_image","twitter_title":"\u0100ra videonov\u0113ro\u0161anas kamera WI FI 5mpx SONY optika - Sekimoiranga.lt","twitter_description":"Videonov\u0113ro\u0161anas kamera WIFI 5 mpx. Ide\u0101li piem\u0113rots m\u0101jas dro\u0161\u012bbai vai m\u0101jsaimniec\u012bbai.Viegli savienojams ar wifi t\u012bklu. Nakts redzam\u012bba, bezmaksas lietotne","twitter_misc":{"Est. reading time":"2 minutit"},"schema":{"@context":"https:\/\/schema.org","@graph":[{"@type":"WebPage","@id":"https:\/\/izsekosanasierices.lv\/produkts\/videonoverosanas-kamera-5mpx-kamera-ar-wifi-majas-apsardzei-smart\/","url":"https:\/\/izsekosanasierices.lv\/produkts\/videonoverosanas-kamera-5mpx-kamera-ar-wifi-majas-apsardzei-smart\/","name":"Videonov\u0113ro\u0161anas kamera 5mpx ar wifi m\u0101jas apsardzei smart","isPartOf":{"@id":"https:\/\/izsekosanasierices.lv\/#website"},"primaryImageOfPage":{"@id":"https:\/\/izsekosanasierices.lv\/produkts\/videonoverosanas-kamera-5mpx-kamera-ar-wifi-majas-apsardzei-smart\/#primaryimage"},"image":{"@id":"https:\/\/izsekosanasierices.lv\/produkts\/videonoverosanas-kamera-5mpx-kamera-ar-wifi-majas-apsardzei-smart\/#primaryimage"},"thumbnailUrl":"https:\/\/izsekosanasierices.lv\/wp-content\/uploads\/izsekosanasierices-vaizdo-stebejimo-kamera-5mpx-wi-fi-kamera-namu-apsaugai-smart.jpg","datePublished":"2023-10-05T15:37:57+00:00","dateModified":"2025-11-19T14:56:08+00:00","description":"Videonov\u0113ro\u0161anas kamera wifi 5mpx. Ide\u0101li piem\u0113rota m\u0101jas vai saimniec\u012bbas dro\u0161\u012bbai. Viegli savienojama ar wifi t\u012bklu. Nakts redzam\u012bbas re\u017e\u012bms. Bezmaksas..","breadcrumb":{"@id":"https:\/\/izsekosanasierices.lv\/produkts\/videonoverosanas-kamera-5mpx-kamera-ar-wifi-majas-apsardzei-smart\/#breadcrumb"},"inLanguage":"et","potentialAction":[{"@type":"ReadAction","target":["https:\/\/izsekosanasierices.lv\/produkts\/videonoverosanas-kamera-5mpx-kamera-ar-wifi-majas-apsardzei-smart\/"]}]},{"@type":"ImageObject","inLanguage":"et","@id":"https:\/\/izsekosanasierices.lv\/produkts\/videonoverosanas-kamera-5mpx-kamera-ar-wifi-majas-apsardzei-smart\/#primaryimage","url":"https:\/\/izsekosanasierices.lv\/wp-content\/uploads\/izsekosanasierices-vaizdo-stebejimo-kamera-5mpx-wi-fi-kamera-namu-apsaugai-smart.jpg","contentUrl":"https:\/\/izsekosanasierices.lv\/wp-content\/uploads\/izsekosanasierices-vaizdo-stebejimo-kamera-5mpx-wi-fi-kamera-namu-apsaugai-smart.jpg","width":768,"height":768,"caption":"WIfi lauko kamera 5mpx"},{"@type":"BreadcrumbList","@id":"https:\/\/izsekosanasierices.lv\/produkts\/videonoverosanas-kamera-5mpx-kamera-ar-wifi-majas-apsardzei-smart\/#breadcrumb","itemListElement":[{"@type":"ListItem","position":1,"name":"S\u0101kums","item":"https:\/\/izsekosanasierices.lv\/"},{"@type":"ListItem","position":2,"name":"Veikals","item":"https:\/\/izsekosanasierices.lv\/veikals\/"},{"@type":"ListItem","position":3,"name":"Videonov\u0113ro\u0161anas kamera 5mpx | kamera ar WiFi m\u0101jas apsardzei SMART"}]},{"@type":"WebSite","@id":"https:\/\/izsekosanasierices.lv\/#website","url":"https:\/\/izsekosanasierices.lv\/","name":"Nr1 Izseko\u0161anas ier\u012bces gps izseko\u0161anas iek\u0101rtas, klaus\u012b\u0161an\u0101s iek\u0101rtas","description":"","potentialAction":[{"@type":"SearchAction","target":{"@type":"EntryPoint","urlTemplate":"https:\/\/izsekosanasierices.lv\/?s={search_term_string}"},"query-input":{"@type":"PropertyValueSpecification","valueRequired":true,"valueName":"search_term_string"}}],"inLanguage":"et"}]}},"_links":{"self":[{"href":"https:\/\/izsekosanasierices.lv\/et\/wp-json\/wp\/v2\/product\/1360","targetHints":{"allow":["GET"]}}],"collection":[{"href":"https:\/\/izsekosanasierices.lv\/et\/wp-json\/wp\/v2\/product"}],"about":[{"href":"https:\/\/izsekosanasierices.lv\/et\/wp-json\/wp\/v2\/types\/product"}],"wp:featuredmedia":[{"embeddable":true,"href":"https:\/\/izsekosanasierices.lv\/et\/wp-json\/wp\/v2\/media\/2083"}],"wp:attachment":[{"href":"https:\/\/izsekosanasierices.lv\/et\/wp-json\/wp\/v2\/media?parent=1360"}],"wp:term":[{"taxonomy":"product_brand","embeddable":true,"href":"https:\/\/izsekosanasierices.lv\/et\/wp-json\/wp\/v2\/product_brand?post=1360"},{"taxonomy":"product_cat","embeddable":true,"href":"https:\/\/izsekosanasierices.lv\/et\/wp-json\/wp\/v2\/product_cat?post=1360"},{"taxonomy":"product_tag","embeddable":true,"href":"https:\/\/izsekosanasierices.lv\/et\/wp-json\/wp\/v2\/product_tag?post=1360"}],"curies":[{"name":"wp","href":"https:\/\/api.w.org\/{rel}","templated":true}]}}