{"id":1361,"date":"2023-10-05T15:37:57","date_gmt":"2023-10-05T15:37:57","guid":{"rendered":"https:\/\/izsekosanasierices.lv\/produktas\/wifi-kamera-ptz-5mpx-seka-stebima-objekta\/"},"modified":"2025-11-19T15:32:51","modified_gmt":"2025-11-19T13:32:51","slug":"ptz-kamera-5-mpx-ar-wifi-spej-sekot-objektam","status":"publish","type":"product","link":"https:\/\/izsekosanasierices.lv\/et\/produkts\/ptz-kaamera-5-mpx-koos-wifiga-objekti-jalgimiseks\/","title":{"rendered":"PTZ kaamera 5 mpx koos Wifi | j\u00e4lgimisv\u00f5imeline"},"content":{"rendered":"<h3><strong>Tehnilised parameetrid:<\/strong><\/h3>\n<ul>\n<li>Kaugvaatamine: jah<\/li>\n<li>Saadaval on elav heli<\/li>\n<li>Videod on salvestatud koos heliga<\/li>\n<li>Kaamera kaabli pikkus: 0,4 m<\/li>\n<li>Automaatne objekti j\u00e4lgimine<\/li>\n<li>Video salvestamine koos heliga<\/li>\n<li>Suum: optiline 10 x<\/li>\n<li>Toetab kuni 128 GB m\u00e4lukaarte<\/li>\n<li>Saab \u00fchendada alalise toiteallikaga<\/li>\n<li>V\u00f5rk: \u00fchendub WiFi v\u00f5rku<\/li>\n<li>\u00d6ine n\u00e4htavus: saadaval<\/li>\n<li>Pildi kvaliteet: eelvaade - FULL HD 1080P<\/li>\n<li>Salvestuste vaatamine: telefonis<\/li>\n<li>Telefoniteated: jah<\/li>\n<li>SIM-kaardi pesa: jah<\/li>\n<li>Liikumistuvastuse re\u017eiim: jah<\/li>\n<li>Vaatamisnurk: 110\u00b0<\/li>\n<li>Pakkimisformaat: avi H.264<\/li>\n<li>Toetatud s\u00fcsteemid: iOS, Android<\/li>\n<li>Mobiilirakendus Toiteplokk PPOE v\u00f5i v\u00f5rk (220 V)<\/li>\n<li>Salvestuse juhtimine: mis tahes nutiseadmest (telefon, arvuti v\u00f5i tahvelarvuti)<\/li>\n<li>Garantii 12 kuud<\/li>\n<\/ul>\n<p><strong>\u00a0<\/strong><\/p>\n<p><span style=\"color: #ff0000;\"><strong>Vajad kiiret sama p\u00e4eva (ja n\u00e4dalavahetuse) kohaletoimetamist?  Helistage +37120484176<\/strong><\/span><\/p>\n<p>&nbsp;<\/p>\n<p>See kaamera sobib ideaalselt kodu v\u00f5i talu valvamiseks. \u00dchendage kaamera WiFi-v\u00f5rku ja saate vaadata otse\u00fclekannet oma mobiiltelefonist. PTZ-kaamera suudab objekti j\u00e4lgida, n\u00e4iteks kui keegi l\u00e4heb krundile ja k\u00f5nnib l\u00e4bi selle, siis see kaamera p\u00f6\u00f6rdub ja j\u00e4lgib objekti. \u00d6\u00f6n\u00e4gemine kuni 30 meetri kaugusele. Vastupidav plastikust korpus, 6 LED-tuled. Saate mobiiltelefoni teateid, kui keegi siseneb teie alale.<\/p>","protected":false},"excerpt":{"rendered":"<p>Lihtsalt paigaldatav CCTV-kaamera. Automaatne objekti j\u00e4lgimine, 5mpx. pildi eraldusv\u00f5ime + \u00f6\u00f6vaatlus kuni 30 meetri kaugusele. Suur valik kaameraid<\/p>","protected":false},"featured_media":2086,"template":"","meta":[],"product_brand":[],"product_cat":[323,321,331],"product_tag":[324,325,326,36,327,328,329,32],"class_list":{"0":"post-1361","1":"product","2":"type-product","3":"status-publish","4":"has-post-thumbnail","6":"product_cat-ara-kameras-4g-wifi","7":"product_cat-sleptas-kameras","8":"product_cat-wi-fi-slepenas-kameras","9":"product_tag-izlukosanas-kamera","10":"product_tag-izsekosanas-kamera","11":"product_tag-maskesanas-kamera","12":"product_tag-mini-kamera","13":"product_tag-noverosanas-kamera","14":"product_tag-slepena-kamera","15":"product_tag-slepta-noverosanas-kamera","16":"product_tag-wifi-kamera","18":"first","19":"outofstock","20":"taxable","21":"shipping-taxable","22":"purchasable","23":"product-type-simple"},"yoast_head":"<!-- This site is optimized with the Yoast SEO plugin v27.5 - https:\/\/yoast.com\/product\/yoast-seo-wordpress\/ -->\n<title>PTZ kamera 5 mpx ar Wifi | sp\u0113j sekot objektam<\/title>\n<meta name=\"description\" content=\"Viegli uzst\u0101d\u0101ma videonov\u0113ro\u0161anas kamera. Var autom\u0101tiski izsekot objektu. 5 mpx att\u0113la iz\u0161\u0137irtsp\u0113ja. Nakts redzam\u012bba l\u012bdz 30 metriem. Liels kameru kl\u0101sts.\" \/>\n<meta name=\"robots\" content=\"index, follow, max-snippet:-1, max-image-preview:large, max-video-preview:-1\" \/>\n<link rel=\"canonical\" href=\"https:\/\/izsekosanasierices.lv\/et\/produkts\/ptz-kaamera-5-mpx-koos-wifiga-objekti-jalgimiseks\/\" \/>\n<meta property=\"og:locale\" content=\"et_EE\" \/>\n<meta property=\"og:type\" content=\"article\" \/>\n<meta property=\"og:title\" content=\"WIFI PTZ kamera 5mpx SONY objekt\u012bvs -Sekimoiranga.lt\" \/>\n<meta property=\"og:description\" content=\"Viegli uzst\u0101d\u0101ma videonov\u0113ro\u0161anas kamera. Var autom\u0101tiski izsekot objektu, 5mpx. att\u0113la iz\u0161\u0137irtsp\u0113ja + nakts redzam\u012bba l\u012bdz 30 metriem. Liels kameru kl\u0101sts\" \/>\n<meta property=\"og:url\" content=\"https:\/\/izsekosanasierices.lv\/et\/produkts\/ptz-kaamera-5-mpx-koos-wifiga-objekti-jalgimiseks\/\" \/>\n<meta property=\"og:site_name\" content=\"Nr1 Izseko\u0161anas ier\u012bces gps izseko\u0161anas iek\u0101rtas, klaus\u012b\u0161an\u0101s iek\u0101rtas\" \/>\n<meta property=\"article:modified_time\" content=\"2025-11-19T13:32:51+00:00\" \/>\n<meta property=\"og:image\" content=\"https:\/\/rvnski.dev\/sekimoiranga\/wp-content\/uploads\/izsekosanasierices.webp\" \/>\n<meta name=\"twitter:card\" content=\"summary_large_image\" \/>\n<meta name=\"twitter:title\" content=\"WIFI PTZ kamera 5mpx SONY objekt\u012bvs -Sekimoiranga.lt\" \/>\n<meta name=\"twitter:description\" content=\"Viegli uzst\u0101d\u0101ma videonov\u0113ro\u0161anas kamera. Var autom\u0101tiski izsekot objektu, 5mpx. att\u0113la iz\u0161\u0137irtsp\u0113ja + nakts redzam\u012bba l\u012bdz 30 metriem. Liels kameru kl\u0101sts\" \/>\n<meta name=\"twitter:label1\" content=\"Est. reading time\" \/>\n\t<meta name=\"twitter:data1\" content=\"2 minutit\" \/>\n<script type=\"application\/ld+json\" class=\"yoast-schema-graph\">{\"@context\":\"https:\\\/\\\/schema.org\",\"@graph\":[{\"@type\":\"WebPage\",\"@id\":\"https:\\\/\\\/izsekosanasierices.lv\\\/produkts\\\/ptz-kamera-5-mpx-ar-wifi-spej-sekot-objektam\\\/\",\"url\":\"https:\\\/\\\/izsekosanasierices.lv\\\/produkts\\\/ptz-kamera-5-mpx-ar-wifi-spej-sekot-objektam\\\/\",\"name\":\"PTZ kamera 5 mpx ar Wifi | sp\u0113j sekot objektam\",\"isPartOf\":{\"@id\":\"https:\\\/\\\/izsekosanasierices.lv\\\/#website\"},\"primaryImageOfPage\":{\"@id\":\"https:\\\/\\\/izsekosanasierices.lv\\\/produkts\\\/ptz-kamera-5-mpx-ar-wifi-spej-sekot-objektam\\\/#primaryimage\"},\"image\":{\"@id\":\"https:\\\/\\\/izsekosanasierices.lv\\\/produkts\\\/ptz-kamera-5-mpx-ar-wifi-spej-sekot-objektam\\\/#primaryimage\"},\"thumbnailUrl\":\"https:\\\/\\\/izsekosanasierices.lv\\\/wp-content\\\/uploads\\\/izsekosanasierices-wifi-kamera-ptz-5mpx-seka-stebima-objekta.jpg\",\"datePublished\":\"2023-10-05T15:37:57+00:00\",\"dateModified\":\"2025-11-19T13:32:51+00:00\",\"description\":\"Viegli uzst\u0101d\u0101ma videonov\u0113ro\u0161anas kamera. Var autom\u0101tiski izsekot objektu. 5 mpx att\u0113la iz\u0161\u0137irtsp\u0113ja. Nakts redzam\u012bba l\u012bdz 30 metriem. Liels kameru kl\u0101sts.\",\"breadcrumb\":{\"@id\":\"https:\\\/\\\/izsekosanasierices.lv\\\/produkts\\\/ptz-kamera-5-mpx-ar-wifi-spej-sekot-objektam\\\/#breadcrumb\"},\"inLanguage\":\"et\",\"potentialAction\":[{\"@type\":\"ReadAction\",\"target\":[\"https:\\\/\\\/izsekosanasierices.lv\\\/produkts\\\/ptz-kamera-5-mpx-ar-wifi-spej-sekot-objektam\\\/\"]}]},{\"@type\":\"ImageObject\",\"inLanguage\":\"et\",\"@id\":\"https:\\\/\\\/izsekosanasierices.lv\\\/produkts\\\/ptz-kamera-5-mpx-ar-wifi-spej-sekot-objektam\\\/#primaryimage\",\"url\":\"https:\\\/\\\/izsekosanasierices.lv\\\/wp-content\\\/uploads\\\/izsekosanasierices-wifi-kamera-ptz-5mpx-seka-stebima-objekta.jpg\",\"contentUrl\":\"https:\\\/\\\/izsekosanasierices.lv\\\/wp-content\\\/uploads\\\/izsekosanasierices-wifi-kamera-ptz-5mpx-seka-stebima-objekta.jpg\",\"width\":768,\"height\":768,\"caption\":\"PTZ kamera 5mpx sony objektyvas\"},{\"@type\":\"BreadcrumbList\",\"@id\":\"https:\\\/\\\/izsekosanasierices.lv\\\/produkts\\\/ptz-kamera-5-mpx-ar-wifi-spej-sekot-objektam\\\/#breadcrumb\",\"itemListElement\":[{\"@type\":\"ListItem\",\"position\":1,\"name\":\"S\u0101kums\",\"item\":\"https:\\\/\\\/izsekosanasierices.lv\\\/\"},{\"@type\":\"ListItem\",\"position\":2,\"name\":\"Veikals\",\"item\":\"https:\\\/\\\/izsekosanasierices.lv\\\/veikals\\\/\"},{\"@type\":\"ListItem\",\"position\":3,\"name\":\"PTZ kamera 5 mpx ar Wifi | sp\u0113j sekot objektam\"}]},{\"@type\":\"WebSite\",\"@id\":\"https:\\\/\\\/izsekosanasierices.lv\\\/#website\",\"url\":\"https:\\\/\\\/izsekosanasierices.lv\\\/\",\"name\":\"Nr1 Izseko\u0161anas ier\u012bces gps izseko\u0161anas iek\u0101rtas, klaus\u012b\u0161an\u0101s iek\u0101rtas\",\"description\":\"\",\"potentialAction\":[{\"@type\":\"SearchAction\",\"target\":{\"@type\":\"EntryPoint\",\"urlTemplate\":\"https:\\\/\\\/izsekosanasierices.lv\\\/?s={search_term_string}\"},\"query-input\":{\"@type\":\"PropertyValueSpecification\",\"valueRequired\":true,\"valueName\":\"search_term_string\"}}],\"inLanguage\":\"et\"}]}<\/script>\n<!-- \/ Yoast SEO plugin. -->","yoast_head_json":{"title":"PTZ kamera 5 mpx ar Wifi | sp\u0113j sekot objektam","description":"Viegli uzst\u0101d\u0101ma videonov\u0113ro\u0161anas kamera. Var autom\u0101tiski izsekot objektu. 5 mpx att\u0113la iz\u0161\u0137irtsp\u0113ja. Nakts redzam\u012bba l\u012bdz 30 metriem. Liels kameru kl\u0101sts.","robots":{"index":"index","follow":"follow","max-snippet":"max-snippet:-1","max-image-preview":"max-image-preview:large","max-video-preview":"max-video-preview:-1"},"canonical":"https:\/\/izsekosanasierices.lv\/et\/produkts\/ptz-kaamera-5-mpx-koos-wifiga-objekti-jalgimiseks\/","og_locale":"et_EE","og_type":"article","og_title":"WIFI PTZ kamera 5mpx SONY objekt\u012bvs -Sekimoiranga.lt","og_description":"Viegli uzst\u0101d\u0101ma videonov\u0113ro\u0161anas kamera. Var autom\u0101tiski izsekot objektu, 5mpx. att\u0113la iz\u0161\u0137irtsp\u0113ja + nakts redzam\u012bba l\u012bdz 30 metriem. Liels kameru kl\u0101sts","og_url":"https:\/\/izsekosanasierices.lv\/et\/produkts\/ptz-kaamera-5-mpx-koos-wifiga-objekti-jalgimiseks\/","og_site_name":"Nr1 Izseko\u0161anas ier\u012bces gps izseko\u0161anas iek\u0101rtas, klaus\u012b\u0161an\u0101s iek\u0101rtas","article_modified_time":"2025-11-19T13:32:51+00:00","og_image":[{"url":"https:\/\/rvnski.dev\/sekimoiranga\/wp-content\/uploads\/izsekosanasierices.webp","type":"","width":"","height":""}],"twitter_card":"summary_large_image","twitter_title":"WIFI PTZ kamera 5mpx SONY objekt\u012bvs -Sekimoiranga.lt","twitter_description":"Viegli uzst\u0101d\u0101ma videonov\u0113ro\u0161anas kamera. Var autom\u0101tiski izsekot objektu, 5mpx. att\u0113la iz\u0161\u0137irtsp\u0113ja + nakts redzam\u012bba l\u012bdz 30 metriem. Liels kameru kl\u0101sts","twitter_misc":{"Est. reading time":"2 minutit"},"schema":{"@context":"https:\/\/schema.org","@graph":[{"@type":"WebPage","@id":"https:\/\/izsekosanasierices.lv\/produkts\/ptz-kamera-5-mpx-ar-wifi-spej-sekot-objektam\/","url":"https:\/\/izsekosanasierices.lv\/produkts\/ptz-kamera-5-mpx-ar-wifi-spej-sekot-objektam\/","name":"PTZ kamera 5 mpx ar Wifi | sp\u0113j sekot objektam","isPartOf":{"@id":"https:\/\/izsekosanasierices.lv\/#website"},"primaryImageOfPage":{"@id":"https:\/\/izsekosanasierices.lv\/produkts\/ptz-kamera-5-mpx-ar-wifi-spej-sekot-objektam\/#primaryimage"},"image":{"@id":"https:\/\/izsekosanasierices.lv\/produkts\/ptz-kamera-5-mpx-ar-wifi-spej-sekot-objektam\/#primaryimage"},"thumbnailUrl":"https:\/\/izsekosanasierices.lv\/wp-content\/uploads\/izsekosanasierices-wifi-kamera-ptz-5mpx-seka-stebima-objekta.jpg","datePublished":"2023-10-05T15:37:57+00:00","dateModified":"2025-11-19T13:32:51+00:00","description":"Viegli uzst\u0101d\u0101ma videonov\u0113ro\u0161anas kamera. Var autom\u0101tiski izsekot objektu. 5 mpx att\u0113la iz\u0161\u0137irtsp\u0113ja. Nakts redzam\u012bba l\u012bdz 30 metriem. Liels kameru kl\u0101sts.","breadcrumb":{"@id":"https:\/\/izsekosanasierices.lv\/produkts\/ptz-kamera-5-mpx-ar-wifi-spej-sekot-objektam\/#breadcrumb"},"inLanguage":"et","potentialAction":[{"@type":"ReadAction","target":["https:\/\/izsekosanasierices.lv\/produkts\/ptz-kamera-5-mpx-ar-wifi-spej-sekot-objektam\/"]}]},{"@type":"ImageObject","inLanguage":"et","@id":"https:\/\/izsekosanasierices.lv\/produkts\/ptz-kamera-5-mpx-ar-wifi-spej-sekot-objektam\/#primaryimage","url":"https:\/\/izsekosanasierices.lv\/wp-content\/uploads\/izsekosanasierices-wifi-kamera-ptz-5mpx-seka-stebima-objekta.jpg","contentUrl":"https:\/\/izsekosanasierices.lv\/wp-content\/uploads\/izsekosanasierices-wifi-kamera-ptz-5mpx-seka-stebima-objekta.jpg","width":768,"height":768,"caption":"PTZ kamera 5mpx sony objektyvas"},{"@type":"BreadcrumbList","@id":"https:\/\/izsekosanasierices.lv\/produkts\/ptz-kamera-5-mpx-ar-wifi-spej-sekot-objektam\/#breadcrumb","itemListElement":[{"@type":"ListItem","position":1,"name":"S\u0101kums","item":"https:\/\/izsekosanasierices.lv\/"},{"@type":"ListItem","position":2,"name":"Veikals","item":"https:\/\/izsekosanasierices.lv\/veikals\/"},{"@type":"ListItem","position":3,"name":"PTZ kamera 5 mpx ar Wifi | sp\u0113j sekot objektam"}]},{"@type":"WebSite","@id":"https:\/\/izsekosanasierices.lv\/#website","url":"https:\/\/izsekosanasierices.lv\/","name":"Nr1 Izseko\u0161anas ier\u012bces gps izseko\u0161anas iek\u0101rtas, klaus\u012b\u0161an\u0101s iek\u0101rtas","description":"","potentialAction":[{"@type":"SearchAction","target":{"@type":"EntryPoint","urlTemplate":"https:\/\/izsekosanasierices.lv\/?s={search_term_string}"},"query-input":{"@type":"PropertyValueSpecification","valueRequired":true,"valueName":"search_term_string"}}],"inLanguage":"et"}]}},"_links":{"self":[{"href":"https:\/\/izsekosanasierices.lv\/et\/wp-json\/wp\/v2\/product\/1361","targetHints":{"allow":["GET"]}}],"collection":[{"href":"https:\/\/izsekosanasierices.lv\/et\/wp-json\/wp\/v2\/product"}],"about":[{"href":"https:\/\/izsekosanasierices.lv\/et\/wp-json\/wp\/v2\/types\/product"}],"wp:featuredmedia":[{"embeddable":true,"href":"https:\/\/izsekosanasierices.lv\/et\/wp-json\/wp\/v2\/media\/2086"}],"wp:attachment":[{"href":"https:\/\/izsekosanasierices.lv\/et\/wp-json\/wp\/v2\/media?parent=1361"}],"wp:term":[{"taxonomy":"product_brand","embeddable":true,"href":"https:\/\/izsekosanasierices.lv\/et\/wp-json\/wp\/v2\/product_brand?post=1361"},{"taxonomy":"product_cat","embeddable":true,"href":"https:\/\/izsekosanasierices.lv\/et\/wp-json\/wp\/v2\/product_cat?post=1361"},{"taxonomy":"product_tag","embeddable":true,"href":"https:\/\/izsekosanasierices.lv\/et\/wp-json\/wp\/v2\/product_tag?post=1361"}],"curies":[{"name":"wp","href":"https:\/\/api.w.org\/{rel}","templated":true}]}}