{"id":1363,"date":"2023-10-05T15:37:57","date_gmt":"2023-10-05T15:37:57","guid":{"rendered":"https:\/\/izsekosanasierices.lv\/produktas\/elektros-lizdo-sakotuvas-2ju-lizdu-ir-usb-su-slapta-kamera-32gb-wifi\/"},"modified":"2025-11-19T17:50:09","modified_gmt":"2025-11-19T15:50:09","slug":"stravas-kontaktligzda-ar-wifi-slepto-kameru-2-ligzdas-un-usb","status":"publish","type":"product","link":"https:\/\/izsekosanasierices.lv\/et\/produkts\/pistikupesa-koos-wifi-peidetud-kaameraga-2-pesa-ja-usb\/","title":{"rendered":"Pistikupesa koos WiFi peidetud kaameraga - 2 pistikupesa ja USB-pesa"},"content":{"rendered":"<p><strong>PROMOTION: 32 GB micro SD kingitusena <\/strong><\/p>\n<p><strong>Tehnilised parameetrid:<\/strong><\/p>\n<ul>\n<li>M\u00e4lukaardi tugi: micro SD\/SDHC kuni 128 GB (ei kuulu komplekti)<\/li>\n<li>Otse\u00fclekanne telefoni teel<\/li>\n<li>Sobib Androidile ja iPhone'ile<\/li>\n<li>Video salvestamine koos heliga<\/li>\n<li>Salvestuslahutus: Full HD 1920 x 1080px<\/li>\n<li>Kaks pistikupesa + kaks t\u00e4iendavat USB-laadimispesa<\/li>\n<li>Pildi resolutsioon: jpeg 1280 x 1024 px<\/li>\n<li>Heli: m\u00fcrasummutusmikrofon<\/li>\n<li>\u00dchendusstandard: USB ja tavaline pistikupesa<\/li>\n<li>\u00d6\u00f6n\u00e4gemine: ei ole<\/li>\n<li>Online-seire (mobiilirakenduse kaudu)<\/li>\n<li>Liikumisandur: kaamera alustab video salvestamist, kui ta tuvastab ruumis liikumise.<\/li>\n<li>Telefoniteated, kui keegi siseneb tuppa<\/li>\n<li>Pidev videosalvestus<\/li>\n<li>Video kodeerimine : H264<\/li>\n<li>Sisaldab: kaamera koos <strong>WiFi<\/strong>, micro SD-kaardi lugeja<\/li>\n<li><strong>Garantii 12 kuud<\/strong><\/li>\n<\/ul>\n<p><span style=\"color: #ff0000;\"><strong>Vajad kiiret sama p\u00e4eva (ja n\u00e4dalavahetuse) kohaletoimetamist?  Helistage +37120484176!<\/strong><\/span><\/p>\n<p>Kasutamine: enda kaitseks, laste kaitseks.<\/p>\n<p>Elektripistikupesa jaotur koos sisseehitatud salakaameraga. See n\u00e4eb v\u00e4lja nagu tavaline jaotur. Salajase kaameraga elektripistikupesa jaoturit saab kasutada kodus turvaelemendina. Sobib alaealiste j\u00e4relevalveks.<\/p>","protected":false},"excerpt":{"rendered":"<p>Pistikupessa sisseehitatud peidetud kaamera. Kvaliteetne pilt. Lihtne kasutada. Kaugvaatamine. Tasuta saatmine.<\/p>","protected":false},"featured_media":2096,"template":"","meta":[],"product_brand":[],"product_cat":[330,321,331],"product_tag":[332,325,23,333,334,328,29],"class_list":{"0":"post-1363","1":"product","2":"type-product","3":"status-publish","4":"has-post-thumbnail","6":"product_cat-masketas-kameras","7":"product_cat-sleptas-kameras","8":"product_cat-wi-fi-slepenas-kameras","9":"product_tag-izsekosanas-iekartas","10":"product_tag-izsekosanas-kamera","11":"product_tag-kamera","12":"product_tag-kameras-pulkstenis","13":"product_tag-masketa-kamera","14":"product_tag-slepena-kamera","15":"product_tag-wi-fi-kamera","17":"first","18":"instock","19":"sale","20":"taxable","21":"shipping-taxable","22":"purchasable","23":"product-type-simple"},"yoast_head":"<!-- This site is optimized with the Yoast SEO plugin v27.4 - https:\/\/yoast.com\/product\/yoast-seo-wordpress\/ -->\n<title>Str\u0101vas kontaktligzda ar WiFi sl\u0113pto kameru \u2013 2 ligzdas un USB<\/title>\n<meta name=\"description\" content=\"Str\u0101vas kontaktligzd\u0101 ieb\u016bv\u0113ta sl\u0113pt\u0101 kamera. Augstas kvalit\u0101tes att\u0113ls. Viegli lietojama. Att\u0101lin\u0101ta skat\u012b\u0161an\u0101s. Bezmaksas pieg\u0101de.\" \/>\n<meta name=\"robots\" content=\"index, follow, max-snippet:-1, max-image-preview:large, max-video-preview:-1\" \/>\n<link rel=\"canonical\" href=\"https:\/\/izsekosanasierices.lv\/et\/produkts\/pistikupesa-koos-wifi-peidetud-kaameraga-2-pesa-ja-usb\/\" \/>\n<meta property=\"og:locale\" content=\"et_EE\" \/>\n<meta property=\"og:type\" content=\"article\" \/>\n<meta property=\"og:title\" content=\"Elektrisk\u0101s rozetes mezgls ar sl\u0113pto kameru wifi Sekimoiranga.lt\" \/>\n<meta property=\"og:description\" content=\"Slepen\u0101 kamera ir ieb\u016bv\u0113ta ce\u013cojuma t\u0101lru\u0146a l\u0101d\u0113t\u0101j\u0101. Augstas kvalit\u0101tes att\u0113ls, viegli lietojams. Att\u0101lin\u0101ta skat\u012b\u0161an\u0101s. Bezmaksas pieg\u0101de\" \/>\n<meta property=\"og:url\" content=\"https:\/\/izsekosanasierices.lv\/et\/produkts\/pistikupesa-koos-wifi-peidetud-kaameraga-2-pesa-ja-usb\/\" \/>\n<meta property=\"og:site_name\" content=\"Nr1 Izseko\u0161anas ier\u012bces gps izseko\u0161anas iek\u0101rtas, klaus\u012b\u0161an\u0101s iek\u0101rtas\" \/>\n<meta property=\"article:modified_time\" content=\"2025-11-19T15:50:09+00:00\" \/>\n<meta property=\"og:image\" content=\"https:\/\/rvnski.dev\/sekimoiranga\/wp-content\/uploads\/izsekosanasierices.webp\" \/>\n<meta name=\"twitter:card\" content=\"summary_large_image\" \/>\n<meta name=\"twitter:title\" content=\"Elektrisk\u0101s rozetes mezgls ar sl\u0113pto kameru wifi Sekimoiranga.lt\" \/>\n<meta name=\"twitter:description\" content=\"Slepen\u0101 kamera ir ieb\u016bv\u0113ta ce\u013cojuma t\u0101lru\u0146a l\u0101d\u0113t\u0101j\u0101. Augstas kvalit\u0101tes att\u0113ls, viegli lietojams. Att\u0101lin\u0101ta skat\u012b\u0161an\u0101s. Bezmaksas pieg\u0101de\" \/>\n<meta name=\"twitter:label1\" content=\"Est. reading time\" \/>\n\t<meta name=\"twitter:data1\" content=\"2 minutit\" \/>\n<script type=\"application\/ld+json\" class=\"yoast-schema-graph\">{\"@context\":\"https:\\\/\\\/schema.org\",\"@graph\":[{\"@type\":\"WebPage\",\"@id\":\"https:\\\/\\\/izsekosanasierices.lv\\\/produkts\\\/stravas-kontaktligzda-ar-wifi-slepto-kameru-2-ligzdas-un-usb\\\/\",\"url\":\"https:\\\/\\\/izsekosanasierices.lv\\\/produkts\\\/stravas-kontaktligzda-ar-wifi-slepto-kameru-2-ligzdas-un-usb\\\/\",\"name\":\"Str\u0101vas kontaktligzda ar WiFi sl\u0113pto kameru \u2013 2 ligzdas un USB\",\"isPartOf\":{\"@id\":\"https:\\\/\\\/izsekosanasierices.lv\\\/#website\"},\"primaryImageOfPage\":{\"@id\":\"https:\\\/\\\/izsekosanasierices.lv\\\/produkts\\\/stravas-kontaktligzda-ar-wifi-slepto-kameru-2-ligzdas-un-usb\\\/#primaryimage\"},\"image\":{\"@id\":\"https:\\\/\\\/izsekosanasierices.lv\\\/produkts\\\/stravas-kontaktligzda-ar-wifi-slepto-kameru-2-ligzdas-un-usb\\\/#primaryimage\"},\"thumbnailUrl\":\"https:\\\/\\\/izsekosanasierices.lv\\\/wp-content\\\/uploads\\\/izsekosanasierices-elektros-lizdo-sakotuvas-2ju-lizdu-ir-usb-su-slapta-kamera-32gb-wifi.jpg\",\"datePublished\":\"2023-10-05T15:37:57+00:00\",\"dateModified\":\"2025-11-19T15:50:09+00:00\",\"description\":\"Str\u0101vas kontaktligzd\u0101 ieb\u016bv\u0113ta sl\u0113pt\u0101 kamera. Augstas kvalit\u0101tes att\u0113ls. Viegli lietojama. Att\u0101lin\u0101ta skat\u012b\u0161an\u0101s. Bezmaksas pieg\u0101de.\",\"breadcrumb\":{\"@id\":\"https:\\\/\\\/izsekosanasierices.lv\\\/produkts\\\/stravas-kontaktligzda-ar-wifi-slepto-kameru-2-ligzdas-un-usb\\\/#breadcrumb\"},\"inLanguage\":\"et\",\"potentialAction\":[{\"@type\":\"ReadAction\",\"target\":[\"https:\\\/\\\/izsekosanasierices.lv\\\/produkts\\\/stravas-kontaktligzda-ar-wifi-slepto-kameru-2-ligzdas-un-usb\\\/\"]}]},{\"@type\":\"ImageObject\",\"inLanguage\":\"et\",\"@id\":\"https:\\\/\\\/izsekosanasierices.lv\\\/produkts\\\/stravas-kontaktligzda-ar-wifi-slepto-kameru-2-ligzdas-un-usb\\\/#primaryimage\",\"url\":\"https:\\\/\\\/izsekosanasierices.lv\\\/wp-content\\\/uploads\\\/izsekosanasierices-elektros-lizdo-sakotuvas-2ju-lizdu-ir-usb-su-slapta-kamera-32gb-wifi.jpg\",\"contentUrl\":\"https:\\\/\\\/izsekosanasierices.lv\\\/wp-content\\\/uploads\\\/izsekosanasierices-elektros-lizdo-sakotuvas-2ju-lizdu-ir-usb-su-slapta-kamera-32gb-wifi.jpg\",\"width\":404,\"height\":460,\"caption\":\"imontuota slapta kamera wi fi\"},{\"@type\":\"BreadcrumbList\",\"@id\":\"https:\\\/\\\/izsekosanasierices.lv\\\/produkts\\\/stravas-kontaktligzda-ar-wifi-slepto-kameru-2-ligzdas-un-usb\\\/#breadcrumb\",\"itemListElement\":[{\"@type\":\"ListItem\",\"position\":1,\"name\":\"S\u0101kums\",\"item\":\"https:\\\/\\\/izsekosanasierices.lv\\\/\"},{\"@type\":\"ListItem\",\"position\":2,\"name\":\"Veikals\",\"item\":\"https:\\\/\\\/izsekosanasierices.lv\\\/veikals\\\/\"},{\"@type\":\"ListItem\",\"position\":3,\"name\":\"Str\u0101vas kontaktligzda ar WiFi sl\u0113pto kameru \u2013 2 ligzdas un USB\"}]},{\"@type\":\"WebSite\",\"@id\":\"https:\\\/\\\/izsekosanasierices.lv\\\/#website\",\"url\":\"https:\\\/\\\/izsekosanasierices.lv\\\/\",\"name\":\"Nr1 Izseko\u0161anas ier\u012bces gps izseko\u0161anas iek\u0101rtas, klaus\u012b\u0161an\u0101s iek\u0101rtas\",\"description\":\"\",\"potentialAction\":[{\"@type\":\"SearchAction\",\"target\":{\"@type\":\"EntryPoint\",\"urlTemplate\":\"https:\\\/\\\/izsekosanasierices.lv\\\/?s={search_term_string}\"},\"query-input\":{\"@type\":\"PropertyValueSpecification\",\"valueRequired\":true,\"valueName\":\"search_term_string\"}}],\"inLanguage\":\"et\"}]}<\/script>\n<!-- \/ Yoast SEO plugin. -->","yoast_head_json":{"title":"Str\u0101vas kontaktligzda ar WiFi sl\u0113pto kameru \u2013 2 ligzdas un USB","description":"Str\u0101vas kontaktligzd\u0101 ieb\u016bv\u0113ta sl\u0113pt\u0101 kamera. Augstas kvalit\u0101tes att\u0113ls. Viegli lietojama. Att\u0101lin\u0101ta skat\u012b\u0161an\u0101s. Bezmaksas pieg\u0101de.","robots":{"index":"index","follow":"follow","max-snippet":"max-snippet:-1","max-image-preview":"max-image-preview:large","max-video-preview":"max-video-preview:-1"},"canonical":"https:\/\/izsekosanasierices.lv\/et\/produkts\/pistikupesa-koos-wifi-peidetud-kaameraga-2-pesa-ja-usb\/","og_locale":"et_EE","og_type":"article","og_title":"Elektrisk\u0101s rozetes mezgls ar sl\u0113pto kameru wifi Sekimoiranga.lt","og_description":"Slepen\u0101 kamera ir ieb\u016bv\u0113ta ce\u013cojuma t\u0101lru\u0146a l\u0101d\u0113t\u0101j\u0101. Augstas kvalit\u0101tes att\u0113ls, viegli lietojams. Att\u0101lin\u0101ta skat\u012b\u0161an\u0101s. Bezmaksas pieg\u0101de","og_url":"https:\/\/izsekosanasierices.lv\/et\/produkts\/pistikupesa-koos-wifi-peidetud-kaameraga-2-pesa-ja-usb\/","og_site_name":"Nr1 Izseko\u0161anas ier\u012bces gps izseko\u0161anas iek\u0101rtas, klaus\u012b\u0161an\u0101s iek\u0101rtas","article_modified_time":"2025-11-19T15:50:09+00:00","og_image":[{"url":"https:\/\/rvnski.dev\/sekimoiranga\/wp-content\/uploads\/izsekosanasierices.webp","type":"","width":"","height":""}],"twitter_card":"summary_large_image","twitter_title":"Elektrisk\u0101s rozetes mezgls ar sl\u0113pto kameru wifi Sekimoiranga.lt","twitter_description":"Slepen\u0101 kamera ir ieb\u016bv\u0113ta ce\u013cojuma t\u0101lru\u0146a l\u0101d\u0113t\u0101j\u0101. Augstas kvalit\u0101tes att\u0113ls, viegli lietojams. Att\u0101lin\u0101ta skat\u012b\u0161an\u0101s. Bezmaksas pieg\u0101de","twitter_misc":{"Est. reading time":"2 minutit"},"schema":{"@context":"https:\/\/schema.org","@graph":[{"@type":"WebPage","@id":"https:\/\/izsekosanasierices.lv\/produkts\/stravas-kontaktligzda-ar-wifi-slepto-kameru-2-ligzdas-un-usb\/","url":"https:\/\/izsekosanasierices.lv\/produkts\/stravas-kontaktligzda-ar-wifi-slepto-kameru-2-ligzdas-un-usb\/","name":"Str\u0101vas kontaktligzda ar WiFi sl\u0113pto kameru \u2013 2 ligzdas un USB","isPartOf":{"@id":"https:\/\/izsekosanasierices.lv\/#website"},"primaryImageOfPage":{"@id":"https:\/\/izsekosanasierices.lv\/produkts\/stravas-kontaktligzda-ar-wifi-slepto-kameru-2-ligzdas-un-usb\/#primaryimage"},"image":{"@id":"https:\/\/izsekosanasierices.lv\/produkts\/stravas-kontaktligzda-ar-wifi-slepto-kameru-2-ligzdas-un-usb\/#primaryimage"},"thumbnailUrl":"https:\/\/izsekosanasierices.lv\/wp-content\/uploads\/izsekosanasierices-elektros-lizdo-sakotuvas-2ju-lizdu-ir-usb-su-slapta-kamera-32gb-wifi.jpg","datePublished":"2023-10-05T15:37:57+00:00","dateModified":"2025-11-19T15:50:09+00:00","description":"Str\u0101vas kontaktligzd\u0101 ieb\u016bv\u0113ta sl\u0113pt\u0101 kamera. Augstas kvalit\u0101tes att\u0113ls. Viegli lietojama. Att\u0101lin\u0101ta skat\u012b\u0161an\u0101s. Bezmaksas pieg\u0101de.","breadcrumb":{"@id":"https:\/\/izsekosanasierices.lv\/produkts\/stravas-kontaktligzda-ar-wifi-slepto-kameru-2-ligzdas-un-usb\/#breadcrumb"},"inLanguage":"et","potentialAction":[{"@type":"ReadAction","target":["https:\/\/izsekosanasierices.lv\/produkts\/stravas-kontaktligzda-ar-wifi-slepto-kameru-2-ligzdas-un-usb\/"]}]},{"@type":"ImageObject","inLanguage":"et","@id":"https:\/\/izsekosanasierices.lv\/produkts\/stravas-kontaktligzda-ar-wifi-slepto-kameru-2-ligzdas-un-usb\/#primaryimage","url":"https:\/\/izsekosanasierices.lv\/wp-content\/uploads\/izsekosanasierices-elektros-lizdo-sakotuvas-2ju-lizdu-ir-usb-su-slapta-kamera-32gb-wifi.jpg","contentUrl":"https:\/\/izsekosanasierices.lv\/wp-content\/uploads\/izsekosanasierices-elektros-lizdo-sakotuvas-2ju-lizdu-ir-usb-su-slapta-kamera-32gb-wifi.jpg","width":404,"height":460,"caption":"imontuota slapta kamera wi fi"},{"@type":"BreadcrumbList","@id":"https:\/\/izsekosanasierices.lv\/produkts\/stravas-kontaktligzda-ar-wifi-slepto-kameru-2-ligzdas-un-usb\/#breadcrumb","itemListElement":[{"@type":"ListItem","position":1,"name":"S\u0101kums","item":"https:\/\/izsekosanasierices.lv\/"},{"@type":"ListItem","position":2,"name":"Veikals","item":"https:\/\/izsekosanasierices.lv\/veikals\/"},{"@type":"ListItem","position":3,"name":"Str\u0101vas kontaktligzda ar WiFi sl\u0113pto kameru \u2013 2 ligzdas un USB"}]},{"@type":"WebSite","@id":"https:\/\/izsekosanasierices.lv\/#website","url":"https:\/\/izsekosanasierices.lv\/","name":"Nr1 Izseko\u0161anas ier\u012bces gps izseko\u0161anas iek\u0101rtas, klaus\u012b\u0161an\u0101s iek\u0101rtas","description":"","potentialAction":[{"@type":"SearchAction","target":{"@type":"EntryPoint","urlTemplate":"https:\/\/izsekosanasierices.lv\/?s={search_term_string}"},"query-input":{"@type":"PropertyValueSpecification","valueRequired":true,"valueName":"search_term_string"}}],"inLanguage":"et"}]}},"_links":{"self":[{"href":"https:\/\/izsekosanasierices.lv\/et\/wp-json\/wp\/v2\/product\/1363","targetHints":{"allow":["GET"]}}],"collection":[{"href":"https:\/\/izsekosanasierices.lv\/et\/wp-json\/wp\/v2\/product"}],"about":[{"href":"https:\/\/izsekosanasierices.lv\/et\/wp-json\/wp\/v2\/types\/product"}],"wp:featuredmedia":[{"embeddable":true,"href":"https:\/\/izsekosanasierices.lv\/et\/wp-json\/wp\/v2\/media\/2096"}],"wp:attachment":[{"href":"https:\/\/izsekosanasierices.lv\/et\/wp-json\/wp\/v2\/media?parent=1363"}],"wp:term":[{"taxonomy":"product_brand","embeddable":true,"href":"https:\/\/izsekosanasierices.lv\/et\/wp-json\/wp\/v2\/product_brand?post=1363"},{"taxonomy":"product_cat","embeddable":true,"href":"https:\/\/izsekosanasierices.lv\/et\/wp-json\/wp\/v2\/product_cat?post=1363"},{"taxonomy":"product_tag","embeddable":true,"href":"https:\/\/izsekosanasierices.lv\/et\/wp-json\/wp\/v2\/product_tag?post=1363"}],"curies":[{"name":"wp","href":"https:\/\/api.w.org\/{rel}","templated":true}]}}