{"id":1364,"date":"2023-10-05T15:37:57","date_gmt":"2023-10-05T15:37:57","guid":{"rendered":"https:\/\/izsekosanasierices.lv\/produktas\/pro-belaide-be-rites-mikro-ausine-egzaminams\/"},"modified":"2026-04-15T10:57:39","modified_gmt":"2026-04-15T07:57:39","slug":"pro-bezvadu-mikro-austina-eksameniem-bez-indukcijas-spoles","status":"publish","type":"product","link":"https:\/\/izsekosanasierices.lv\/et\/produkts\/traadita-mikrokudumise-eksamite-jaoks-ilma-induktsioonimahiseta\/","title":{"rendered":"PRO traadita mikrok\u00f5rvaklapid eksamite jaoks (ilma induktsioonim\u00e4hiseta)"},"content":{"rendered":"<h3><strong>Tehnilised parameetrid:<\/strong><\/h3>\n<ul>\n<li>\u00dchendamine telefoniga BLUETOOTHi abil<\/li>\n<li>Bluetooth-seadme kasutusiga: kuni 8 tundi<\/li>\n<li>Reguleeritav helitugevus<\/li>\n<li>Sisseehitatud tundlik mikrofon (see, kes dikteerib teksti, kuuleb nii teid kui ka k\u00fcsitlejat, nii et ta saab aidata teil vastata).<\/li>\n<li>\u00dchekordne k\u00f5ne vastuv\u00f5tmine<\/li>\n<li>Sisseehitatud sisemine mikrofon<\/li>\n<li>K\u00f5rgeim helikvaliteet<\/li>\n<li>Mini k\u00f5rvaklappide aku kestvus : umbes 2-3 tundi<\/li>\n<li>N\u00e4htamatu k\u00f5rvaklapp: ainult 4 mm<\/li>\n<li>Seade on originaalpakendis. Juhised kaasas. Sisaldab: k\u00f5rvaklapp, laadimiskaabel, 2 patareid k\u00f5rvaklappi.<\/li>\n<li><strong>Garantii 12 kuud<\/strong><\/li>\n<\/ul>\n<p><span style=\"color: #ff0000;\"><strong>Vajad kiiret sama p\u00e4eva (ja n\u00e4dalavahetuse) kohaletoimetamist? Helistage +371-20484176<\/strong><\/span><\/p>\n<p>See k\u00f5rvaklapp ei vaja induktsioonim\u00e4hist, saatjat tuleks hoida umbes 30 cm kaugusel k\u00f5rvast (nt kaenlaaluses v\u00f5i selja k\u00fclge kinnitatud). Premium Bluetooth mini peidetud k\u00f5rvaklapp on suurep\u00e4rane valik, kui teil on vaja, et keegi teine aitaks teid ja dikteeriks teksti. K\u00f5rvaklapp on v\u00e4ga v\u00e4ike - vaid 4 mm - ja kui paned selle k\u00f5rva, kuuled k\u00f5ike, mida teine inimene sulle \u00fctleb. V\u00f5ite julgelt minna eksamile v\u00f5i v\u00e4ga olulisele koosolekule. Seade \u00fchendub teie mobiiltelefoniga Bluetoothi kaudu ja seda on lihtne seadistada. Ei ole vaja panna Bluetooth-saatjaga induktsioonim\u00e4hist kaela, lihtsalt asetage mikroseade k\u00f5rva ja olete valmis. Salajane k\u00f5rvaklapp sobib k\u00f5ikidele mobiiltelefonidele - Android, iPhone ja nuppudega0 telefonidele.<\/p>","protected":false},"excerpt":{"rendered":"<p>Salajane k\u00f5rvaklapp eksamiteks - eriti v\u00e4ike suurus, k\u00f5rgeim helikvaliteet. Minik\u00f5rvaklapp ainult 4 mm suur, EI vaja induktsioonim\u00e4hist.<\/p>","protected":false},"featured_media":2102,"template":"","meta":[],"product_brand":[],"product_cat":[353,335],"product_tag":[354,355,356],"class_list":{"0":"post-1364","1":"product","2":"type-product","3":"status-publish","4":"has-post-thumbnail","6":"product_cat-austinas-eksameniem","7":"product_cat-noklausisanas-ierices","8":"product_tag-austinas-eksameniem","9":"product_tag-mikro-austinas","10":"product_tag-mini-austinas","12":"first","13":"instock","14":"taxable","15":"shipping-taxable","16":"purchasable","17":"product-type-simple"},"yoast_head":"<!-- This site is optimized with the Yoast SEO plugin v27.5 - https:\/\/yoast.com\/product\/yoast-seo-wordpress\/ -->\n<title>PRO bezvadu mikro austi\u0146a eks\u0101meniem (bez indukcijas spoles)<\/title>\n<meta name=\"description\" content=\"Slepena austi\u0146a eks\u0101meniem \u2013 \u012bpa\u0161i mazi izm\u0113ri, visaugst\u0101k\u0101 ska\u0146as kvalit\u0101te. Mini austi\u0146a tikai 4 mm lielum\u0101, NAV nepiecie\u0161ama indukcijas spole.\u00a0\" \/>\n<meta name=\"robots\" content=\"index, follow, max-snippet:-1, max-image-preview:large, max-video-preview:-1\" \/>\n<link rel=\"canonical\" href=\"https:\/\/izsekosanasierices.lv\/et\/produkts\/traadita-mikrokudumise-eksamite-jaoks-ilma-induktsioonimahiseta\/\" \/>\n<meta property=\"og:locale\" content=\"et_EE\" \/>\n<meta property=\"og:type\" content=\"article\" \/>\n<meta property=\"og:title\" content=\"PRO slepen\u0101s austi\u0146as eks\u0101meniem tikai 4 mm lielum\u0101 - Sekimoiranga.lt\" \/>\n<meta property=\"og:description\" content=\"Slepenas austi\u0146as eks\u0101meniem - \u012bpa\u0161i mazi izm\u0113ri, visaugst\u0101k\u0101 ska\u0146as kvalit\u0101te. Mini austi\u0146as tikai 4 mm lielum\u0101, NAV nepiecie\u0161ama indukcijas spole Sekimoiranga.lt\" \/>\n<meta property=\"og:url\" content=\"https:\/\/izsekosanasierices.lv\/et\/produkts\/traadita-mikrokudumise-eksamite-jaoks-ilma-induktsioonimahiseta\/\" \/>\n<meta property=\"og:site_name\" content=\"Nr1 Izseko\u0161anas ier\u012bces gps izseko\u0161anas iek\u0101rtas, klaus\u012b\u0161an\u0101s iek\u0101rtas\" \/>\n<meta property=\"article:modified_time\" content=\"2026-04-15T07:57:39+00:00\" \/>\n<meta property=\"og:image\" content=\"https:\/\/rvnski.dev\/sekimoiranga\/wp-content\/uploads\/izsekosanasierices.webp\" \/>\n<meta name=\"twitter:card\" content=\"summary_large_image\" \/>\n<meta name=\"twitter:title\" content=\"PRO slepen\u0101s austi\u0146as eks\u0101meniem tikai 4 mm lielum\u0101 - Sekimoiranga.lt\" \/>\n<meta name=\"twitter:description\" content=\"Slepenas austi\u0146as eks\u0101meniem - \u012bpa\u0161i mazi izm\u0113ri, visaugst\u0101k\u0101 ska\u0146as kvalit\u0101te. Mini austi\u0146as tikai 4 mm lielum\u0101, NAV nepiecie\u0161ama indukcijas spole Sekimoiranga.lt\" \/>\n<meta name=\"twitter:label1\" content=\"Est. reading time\" \/>\n\t<meta name=\"twitter:data1\" content=\"2 minutit\" \/>\n<script type=\"application\/ld+json\" class=\"yoast-schema-graph\">{\"@context\":\"https:\\\/\\\/schema.org\",\"@graph\":[{\"@type\":\"WebPage\",\"@id\":\"https:\\\/\\\/izsekosanasierices.lv\\\/produkts\\\/pro-bezvadu-mikro-austina-eksameniem-bez-indukcijas-spoles\\\/\",\"url\":\"https:\\\/\\\/izsekosanasierices.lv\\\/produkts\\\/pro-bezvadu-mikro-austina-eksameniem-bez-indukcijas-spoles\\\/\",\"name\":\"PRO bezvadu mikro austi\u0146a eks\u0101meniem (bez indukcijas spoles)\",\"isPartOf\":{\"@id\":\"https:\\\/\\\/izsekosanasierices.lv\\\/#website\"},\"primaryImageOfPage\":{\"@id\":\"https:\\\/\\\/izsekosanasierices.lv\\\/produkts\\\/pro-bezvadu-mikro-austina-eksameniem-bez-indukcijas-spoles\\\/#primaryimage\"},\"image\":{\"@id\":\"https:\\\/\\\/izsekosanasierices.lv\\\/produkts\\\/pro-bezvadu-mikro-austina-eksameniem-bez-indukcijas-spoles\\\/#primaryimage\"},\"thumbnailUrl\":\"https:\\\/\\\/izsekosanasierices.lv\\\/wp-content\\\/uploads\\\/izsekosanasierices-pro-belaide-be-rites-mikro-ausine-egzaminams.jpg\",\"datePublished\":\"2023-10-05T15:37:57+00:00\",\"dateModified\":\"2026-04-15T07:57:39+00:00\",\"description\":\"Slepena austi\u0146a eks\u0101meniem \u2013 \u012bpa\u0161i mazi izm\u0113ri, visaugst\u0101k\u0101 ska\u0146as kvalit\u0101te. Mini austi\u0146a tikai 4 mm lielum\u0101, NAV nepiecie\u0161ama indukcijas spole.\u00a0\",\"breadcrumb\":{\"@id\":\"https:\\\/\\\/izsekosanasierices.lv\\\/produkts\\\/pro-bezvadu-mikro-austina-eksameniem-bez-indukcijas-spoles\\\/#breadcrumb\"},\"inLanguage\":\"et\",\"potentialAction\":[{\"@type\":\"ReadAction\",\"target\":[\"https:\\\/\\\/izsekosanasierices.lv\\\/produkts\\\/pro-bezvadu-mikro-austina-eksameniem-bez-indukcijas-spoles\\\/\"]}]},{\"@type\":\"ImageObject\",\"inLanguage\":\"et\",\"@id\":\"https:\\\/\\\/izsekosanasierices.lv\\\/produkts\\\/pro-bezvadu-mikro-austina-eksameniem-bez-indukcijas-spoles\\\/#primaryimage\",\"url\":\"https:\\\/\\\/izsekosanasierices.lv\\\/wp-content\\\/uploads\\\/izsekosanasierices-pro-belaide-be-rites-mikro-ausine-egzaminams.jpg\",\"contentUrl\":\"https:\\\/\\\/izsekosanasierices.lv\\\/wp-content\\\/uploads\\\/izsekosanasierices-pro-belaide-be-rites-mikro-ausine-egzaminams.jpg\",\"width\":433,\"height\":577,\"caption\":\"Slapta mini ausin\u0117 egzminams\"},{\"@type\":\"BreadcrumbList\",\"@id\":\"https:\\\/\\\/izsekosanasierices.lv\\\/produkts\\\/pro-bezvadu-mikro-austina-eksameniem-bez-indukcijas-spoles\\\/#breadcrumb\",\"itemListElement\":[{\"@type\":\"ListItem\",\"position\":1,\"name\":\"S\u0101kums\",\"item\":\"https:\\\/\\\/izsekosanasierices.lv\\\/\"},{\"@type\":\"ListItem\",\"position\":2,\"name\":\"Veikals\",\"item\":\"https:\\\/\\\/izsekosanasierices.lv\\\/veikals\\\/\"},{\"@type\":\"ListItem\",\"position\":3,\"name\":\"PRO bezvadu mikro austi\u0146a eks\u0101meniem (bez indukcijas spoles)\"}]},{\"@type\":\"WebSite\",\"@id\":\"https:\\\/\\\/izsekosanasierices.lv\\\/#website\",\"url\":\"https:\\\/\\\/izsekosanasierices.lv\\\/\",\"name\":\"Nr1 Izseko\u0161anas ier\u012bces gps izseko\u0161anas iek\u0101rtas, klaus\u012b\u0161an\u0101s iek\u0101rtas\",\"description\":\"\",\"potentialAction\":[{\"@type\":\"SearchAction\",\"target\":{\"@type\":\"EntryPoint\",\"urlTemplate\":\"https:\\\/\\\/izsekosanasierices.lv\\\/?s={search_term_string}\"},\"query-input\":{\"@type\":\"PropertyValueSpecification\",\"valueRequired\":true,\"valueName\":\"search_term_string\"}}],\"inLanguage\":\"et\"}]}<\/script>\n<!-- \/ Yoast SEO plugin. -->","yoast_head_json":{"title":"PRO bezvadu mikro austi\u0146a eks\u0101meniem (bez indukcijas spoles)","description":"Slepena austi\u0146a eks\u0101meniem \u2013 \u012bpa\u0161i mazi izm\u0113ri, visaugst\u0101k\u0101 ska\u0146as kvalit\u0101te. Mini austi\u0146a tikai 4 mm lielum\u0101, NAV nepiecie\u0161ama indukcijas spole.\u00a0","robots":{"index":"index","follow":"follow","max-snippet":"max-snippet:-1","max-image-preview":"max-image-preview:large","max-video-preview":"max-video-preview:-1"},"canonical":"https:\/\/izsekosanasierices.lv\/et\/produkts\/traadita-mikrokudumise-eksamite-jaoks-ilma-induktsioonimahiseta\/","og_locale":"et_EE","og_type":"article","og_title":"PRO slepen\u0101s austi\u0146as eks\u0101meniem tikai 4 mm lielum\u0101 - Sekimoiranga.lt","og_description":"Slepenas austi\u0146as eks\u0101meniem - \u012bpa\u0161i mazi izm\u0113ri, visaugst\u0101k\u0101 ska\u0146as kvalit\u0101te. Mini austi\u0146as tikai 4 mm lielum\u0101, NAV nepiecie\u0161ama indukcijas spole Sekimoiranga.lt","og_url":"https:\/\/izsekosanasierices.lv\/et\/produkts\/traadita-mikrokudumise-eksamite-jaoks-ilma-induktsioonimahiseta\/","og_site_name":"Nr1 Izseko\u0161anas ier\u012bces gps izseko\u0161anas iek\u0101rtas, klaus\u012b\u0161an\u0101s iek\u0101rtas","article_modified_time":"2026-04-15T07:57:39+00:00","og_image":[{"url":"https:\/\/rvnski.dev\/sekimoiranga\/wp-content\/uploads\/izsekosanasierices.webp","type":"","width":"","height":""}],"twitter_card":"summary_large_image","twitter_title":"PRO slepen\u0101s austi\u0146as eks\u0101meniem tikai 4 mm lielum\u0101 - Sekimoiranga.lt","twitter_description":"Slepenas austi\u0146as eks\u0101meniem - \u012bpa\u0161i mazi izm\u0113ri, visaugst\u0101k\u0101 ska\u0146as kvalit\u0101te. Mini austi\u0146as tikai 4 mm lielum\u0101, NAV nepiecie\u0161ama indukcijas spole Sekimoiranga.lt","twitter_misc":{"Est. reading time":"2 minutit"},"schema":{"@context":"https:\/\/schema.org","@graph":[{"@type":"WebPage","@id":"https:\/\/izsekosanasierices.lv\/produkts\/pro-bezvadu-mikro-austina-eksameniem-bez-indukcijas-spoles\/","url":"https:\/\/izsekosanasierices.lv\/produkts\/pro-bezvadu-mikro-austina-eksameniem-bez-indukcijas-spoles\/","name":"PRO bezvadu mikro austi\u0146a eks\u0101meniem (bez indukcijas spoles)","isPartOf":{"@id":"https:\/\/izsekosanasierices.lv\/#website"},"primaryImageOfPage":{"@id":"https:\/\/izsekosanasierices.lv\/produkts\/pro-bezvadu-mikro-austina-eksameniem-bez-indukcijas-spoles\/#primaryimage"},"image":{"@id":"https:\/\/izsekosanasierices.lv\/produkts\/pro-bezvadu-mikro-austina-eksameniem-bez-indukcijas-spoles\/#primaryimage"},"thumbnailUrl":"https:\/\/izsekosanasierices.lv\/wp-content\/uploads\/izsekosanasierices-pro-belaide-be-rites-mikro-ausine-egzaminams.jpg","datePublished":"2023-10-05T15:37:57+00:00","dateModified":"2026-04-15T07:57:39+00:00","description":"Slepena austi\u0146a eks\u0101meniem \u2013 \u012bpa\u0161i mazi izm\u0113ri, visaugst\u0101k\u0101 ska\u0146as kvalit\u0101te. Mini austi\u0146a tikai 4 mm lielum\u0101, NAV nepiecie\u0161ama indukcijas spole.\u00a0","breadcrumb":{"@id":"https:\/\/izsekosanasierices.lv\/produkts\/pro-bezvadu-mikro-austina-eksameniem-bez-indukcijas-spoles\/#breadcrumb"},"inLanguage":"et","potentialAction":[{"@type":"ReadAction","target":["https:\/\/izsekosanasierices.lv\/produkts\/pro-bezvadu-mikro-austina-eksameniem-bez-indukcijas-spoles\/"]}]},{"@type":"ImageObject","inLanguage":"et","@id":"https:\/\/izsekosanasierices.lv\/produkts\/pro-bezvadu-mikro-austina-eksameniem-bez-indukcijas-spoles\/#primaryimage","url":"https:\/\/izsekosanasierices.lv\/wp-content\/uploads\/izsekosanasierices-pro-belaide-be-rites-mikro-ausine-egzaminams.jpg","contentUrl":"https:\/\/izsekosanasierices.lv\/wp-content\/uploads\/izsekosanasierices-pro-belaide-be-rites-mikro-ausine-egzaminams.jpg","width":433,"height":577,"caption":"Slapta mini ausin\u0117 egzminams"},{"@type":"BreadcrumbList","@id":"https:\/\/izsekosanasierices.lv\/produkts\/pro-bezvadu-mikro-austina-eksameniem-bez-indukcijas-spoles\/#breadcrumb","itemListElement":[{"@type":"ListItem","position":1,"name":"S\u0101kums","item":"https:\/\/izsekosanasierices.lv\/"},{"@type":"ListItem","position":2,"name":"Veikals","item":"https:\/\/izsekosanasierices.lv\/veikals\/"},{"@type":"ListItem","position":3,"name":"PRO bezvadu mikro austi\u0146a eks\u0101meniem (bez indukcijas spoles)"}]},{"@type":"WebSite","@id":"https:\/\/izsekosanasierices.lv\/#website","url":"https:\/\/izsekosanasierices.lv\/","name":"Nr1 Izseko\u0161anas ier\u012bces gps izseko\u0161anas iek\u0101rtas, klaus\u012b\u0161an\u0101s iek\u0101rtas","description":"","potentialAction":[{"@type":"SearchAction","target":{"@type":"EntryPoint","urlTemplate":"https:\/\/izsekosanasierices.lv\/?s={search_term_string}"},"query-input":{"@type":"PropertyValueSpecification","valueRequired":true,"valueName":"search_term_string"}}],"inLanguage":"et"}]}},"_links":{"self":[{"href":"https:\/\/izsekosanasierices.lv\/et\/wp-json\/wp\/v2\/product\/1364","targetHints":{"allow":["GET"]}}],"collection":[{"href":"https:\/\/izsekosanasierices.lv\/et\/wp-json\/wp\/v2\/product"}],"about":[{"href":"https:\/\/izsekosanasierices.lv\/et\/wp-json\/wp\/v2\/types\/product"}],"wp:featuredmedia":[{"embeddable":true,"href":"https:\/\/izsekosanasierices.lv\/et\/wp-json\/wp\/v2\/media\/2102"}],"wp:attachment":[{"href":"https:\/\/izsekosanasierices.lv\/et\/wp-json\/wp\/v2\/media?parent=1364"}],"wp:term":[{"taxonomy":"product_brand","embeddable":true,"href":"https:\/\/izsekosanasierices.lv\/et\/wp-json\/wp\/v2\/product_brand?post=1364"},{"taxonomy":"product_cat","embeddable":true,"href":"https:\/\/izsekosanasierices.lv\/et\/wp-json\/wp\/v2\/product_cat?post=1364"},{"taxonomy":"product_tag","embeddable":true,"href":"https:\/\/izsekosanasierices.lv\/et\/wp-json\/wp\/v2\/product_tag?post=1364"}],"curies":[{"name":"wp","href":"https:\/\/api.w.org\/{rel}","templated":true}]}}