{"id":1365,"date":"2023-10-05T15:37:57","date_gmt":"2023-10-05T15:37:57","guid":{"rendered":"https:\/\/izsekosanasierices.lv\/produktas\/aukstos-kokybes-slapta-ausine-egzaminams-bluetooth\/"},"modified":"2025-12-11T12:46:42","modified_gmt":"2025-12-11T10:46:42","slug":"augstas-kvalitates-bluetooth-austina-eksameniem","status":"publish","type":"product","link":"https:\/\/izsekosanasierices.lv\/et\/produkts\/korge-kvaliteediga-bluetooth-kudumine-eksamite-jaoks\/","title":{"rendered":"Kvaliteetne Bluetooth-k\u00f5rvaklapp eksamiteks"},"content":{"rendered":"<h3><strong>Tehnilised parameetrid:<\/strong><\/h3>\n<ul>\n<li>\u00dchendamine telefoniga BLUETOOTHi abil<\/li>\n<li>Bluetooth-seadme kasutusiga: kuni 8 tundi<\/li>\n<li>Reguleeritav helitugevus<\/li>\n<li>Sisseehitatud tundlik mikrofon (see, kes dikteerib teksti, kuuleb nii teid kui ka k\u00fcsitlejat, nii et ta saab aidata teil vastata).<\/li>\n<li>\u00dchekordne k\u00f5ne vastuv\u00f5tmine<\/li>\n<li>Sisseehitatud sisemine mikrofon<\/li>\n<li>K\u00f5rgeim helikvaliteet<\/li>\n<li>Mini k\u00f5rvaklappide aku kestvus: umbes 2 - 3 tundi<\/li>\n<li>Ainult 4 mm suurune n\u00e4htamatu k\u00f5rvaklapp<\/li>\n<li>Induktsioonim\u00e4hise saatja m\u00f5\u00f5tmed: 60 mm \u00d7 10 mm \u00d7 15 mm<\/li>\n<li>Originaalpakendis. Kasutusjuhend lisatud. Sisaldab: k\u00f5rvaklapid, induktsioonim\u00e4his koos Bluetooth-saatjaga, laadimiskaabel, 2 k\u00f5rvaklappide patareid.<\/li>\n<li><strong>Garantii 12 kuud<\/strong><\/li>\n<\/ul>\n<p><span style=\"color: #ff0000;\"><strong>Vajad kiiret sama p\u00e4eva (ja n\u00e4dalavahetuse) kohaletoimetamist? Helistage +371-20484176<\/strong><\/span><\/p>\n<p>See on tippkvaliteediga minik\u00f5rvaklapp, mida saab kasutada eksamite ajal! See on valmistatud Euroopas ja seda ei saa v\u00f5rrelda Hiinas valmistatud k\u00f5rvaklappidega. See n\u00e4htamatu k\u00f5rvaklapp on suurep\u00e4rane valik, kui teil on vaja kedagi teist, kes aitaks teid ja dikteeriks teksti. K\u00f5rvaklapp on v\u00e4ga v\u00e4ike - ainult 4 mm - ja kui paned selle k\u00f5rva, kuuled k\u00f5ike, mida teine inimene sulle \u00fctleb. V\u00f5ite julgelt minna eksamile v\u00f5i v\u00e4ga olulisele koosolekule. See \u00fchendub teie mobiiltelefoniga Bluetoothi kaudu. Seadistamine ja kasutamine on lihtne. Pange induktsioonim\u00e4his koos Bluetooth-saatjaga kaela \u00fcmber (see on n\u00e4htamatu), sisestage seade k\u00f5rva ja olete valmis. Salajane k\u00f5rvaklapp sobib k\u00f5igi mobiiltelefonidega - Android, iPhone ja nuputelefonid.<\/p>","protected":false},"excerpt":{"rendered":"<p>Salajane mini k\u00f5rvaklapp eksamiteks. K\u00f5rge helikvaliteet, sujuv t\u00f6\u00f6. Lihtne kasutada. K\u00f5rvaklappide suurus ainult 4 mm. Tasuta kohaletoimetamine 2 p\u00e4eva jooksul<\/p>","protected":false},"featured_media":2108,"template":"","meta":[],"product_brand":[],"product_cat":[353,335],"product_tag":[354,355,356],"class_list":{"0":"post-1365","1":"product","2":"type-product","3":"status-publish","4":"has-post-thumbnail","6":"product_cat-austinas-eksameniem","7":"product_cat-noklausisanas-ierices","8":"product_tag-austinas-eksameniem","9":"product_tag-mikro-austinas","10":"product_tag-mini-austinas","12":"first","13":"instock","14":"taxable","15":"shipping-taxable","16":"purchasable","17":"product-type-simple"},"yoast_head":"<!-- This site is optimized with the Yoast SEO plugin v27.5 - https:\/\/yoast.com\/product\/yoast-seo-wordpress\/ -->\n<title>Augstas kvalit\u0101tes Bluetooth austi\u0146a eks\u0101meniem<\/title>\n<meta name=\"description\" content=\"Slepena mini austi\u0146a eks\u0101meniem. Augsta ska\u0146as kvalit\u0101te, vienm\u0113r\u012bga darb\u012bba. Viegli lietojama. Austi\u0146as izm\u0113rs tikai 4 mm. Bezmaksas pieg\u0101de 2 dienu laik\u0101\" \/>\n<meta name=\"robots\" content=\"index, follow, max-snippet:-1, max-image-preview:large, max-video-preview:-1\" \/>\n<link rel=\"canonical\" href=\"https:\/\/izsekosanasierices.lv\/et\/produkts\/korge-kvaliteediga-bluetooth-kudumine-eksamite-jaoks\/\" \/>\n<meta property=\"og:locale\" content=\"et_EE\" \/>\n<meta property=\"og:type\" content=\"article\" \/>\n<meta property=\"og:title\" content=\"Slepena austi\u0146a mikroeks\u0101meniem - Sekimoiranga.lt\" \/>\n<meta property=\"og:description\" content=\"Slepenas mini austi\u0146as eks\u0101menam. Augsta ska\u0146as kvalit\u0101te, vienm\u0113r\u012bga darb\u012bba. Viegli lietojams, austi\u0146u izm\u0113rs tikai 4 mm Bezmaksas pieg\u0101de 2.d laik\u0101 Sekimoiranga.lt\" \/>\n<meta property=\"og:url\" content=\"https:\/\/izsekosanasierices.lv\/et\/produkts\/korge-kvaliteediga-bluetooth-kudumine-eksamite-jaoks\/\" \/>\n<meta property=\"og:site_name\" content=\"Nr1 Izseko\u0161anas ier\u012bces gps izseko\u0161anas iek\u0101rtas, klaus\u012b\u0161an\u0101s iek\u0101rtas\" \/>\n<meta property=\"article:modified_time\" content=\"2025-12-11T10:46:42+00:00\" \/>\n<meta property=\"og:image\" content=\"https:\/\/rvnski.dev\/sekimoiranga\/wp-content\/uploads\/izsekosanasierices.webp\" \/>\n<meta name=\"twitter:card\" content=\"summary_large_image\" \/>\n<meta name=\"twitter:title\" content=\"Slepena austi\u0146a mikroeks\u0101meniem - Sekimoiranga.lt\" \/>\n<meta name=\"twitter:description\" content=\"Slepenas mini austi\u0146as eks\u0101menam. Augsta ska\u0146as kvalit\u0101te, vienm\u0113r\u012bga darb\u012bba. Viegli lietojams, austi\u0146u izm\u0113rs tikai 4 mm Bezmaksas pieg\u0101de 2.d laik\u0101 Sekimoiranga.lt\" \/>\n<meta name=\"twitter:label1\" content=\"Est. reading time\" \/>\n\t<meta name=\"twitter:data1\" content=\"2 minutit\" \/>\n<script type=\"application\/ld+json\" class=\"yoast-schema-graph\">{\"@context\":\"https:\\\/\\\/schema.org\",\"@graph\":[{\"@type\":\"WebPage\",\"@id\":\"https:\\\/\\\/izsekosanasierices.lv\\\/produkts\\\/augstas-kvalitates-bluetooth-austina-eksameniem\\\/\",\"url\":\"https:\\\/\\\/izsekosanasierices.lv\\\/produkts\\\/augstas-kvalitates-bluetooth-austina-eksameniem\\\/\",\"name\":\"Augstas kvalit\u0101tes Bluetooth austi\u0146a eks\u0101meniem\",\"isPartOf\":{\"@id\":\"https:\\\/\\\/izsekosanasierices.lv\\\/#website\"},\"primaryImageOfPage\":{\"@id\":\"https:\\\/\\\/izsekosanasierices.lv\\\/produkts\\\/augstas-kvalitates-bluetooth-austina-eksameniem\\\/#primaryimage\"},\"image\":{\"@id\":\"https:\\\/\\\/izsekosanasierices.lv\\\/produkts\\\/augstas-kvalitates-bluetooth-austina-eksameniem\\\/#primaryimage\"},\"thumbnailUrl\":\"https:\\\/\\\/izsekosanasierices.lv\\\/wp-content\\\/uploads\\\/izsekosanasierices-aukstos-kokybes-slapta-ausine-egzaminams-bluetooth.jpg\",\"datePublished\":\"2023-10-05T15:37:57+00:00\",\"dateModified\":\"2025-12-11T10:46:42+00:00\",\"description\":\"Slepena mini austi\u0146a eks\u0101meniem. Augsta ska\u0146as kvalit\u0101te, vienm\u0113r\u012bga darb\u012bba. Viegli lietojama. Austi\u0146as izm\u0113rs tikai 4 mm. Bezmaksas pieg\u0101de 2 dienu laik\u0101\",\"breadcrumb\":{\"@id\":\"https:\\\/\\\/izsekosanasierices.lv\\\/produkts\\\/augstas-kvalitates-bluetooth-austina-eksameniem\\\/#breadcrumb\"},\"inLanguage\":\"et\",\"potentialAction\":[{\"@type\":\"ReadAction\",\"target\":[\"https:\\\/\\\/izsekosanasierices.lv\\\/produkts\\\/augstas-kvalitates-bluetooth-austina-eksameniem\\\/\"]}]},{\"@type\":\"ImageObject\",\"inLanguage\":\"et\",\"@id\":\"https:\\\/\\\/izsekosanasierices.lv\\\/produkts\\\/augstas-kvalitates-bluetooth-austina-eksameniem\\\/#primaryimage\",\"url\":\"https:\\\/\\\/izsekosanasierices.lv\\\/wp-content\\\/uploads\\\/izsekosanasierices-aukstos-kokybes-slapta-ausine-egzaminams-bluetooth.jpg\",\"contentUrl\":\"https:\\\/\\\/izsekosanasierices.lv\\\/wp-content\\\/uploads\\\/izsekosanasierices-aukstos-kokybes-slapta-ausine-egzaminams-bluetooth.jpg\",\"width\":463,\"height\":644,\"caption\":\"Profesionali slapta ausin\u0117 egzaminui\"},{\"@type\":\"BreadcrumbList\",\"@id\":\"https:\\\/\\\/izsekosanasierices.lv\\\/produkts\\\/augstas-kvalitates-bluetooth-austina-eksameniem\\\/#breadcrumb\",\"itemListElement\":[{\"@type\":\"ListItem\",\"position\":1,\"name\":\"S\u0101kums\",\"item\":\"https:\\\/\\\/izsekosanasierices.lv\\\/\"},{\"@type\":\"ListItem\",\"position\":2,\"name\":\"Veikals\",\"item\":\"https:\\\/\\\/izsekosanasierices.lv\\\/veikals\\\/\"},{\"@type\":\"ListItem\",\"position\":3,\"name\":\"Augstas kvalit\u0101tes Bluetooth austi\u0146a eks\u0101meniem\"}]},{\"@type\":\"WebSite\",\"@id\":\"https:\\\/\\\/izsekosanasierices.lv\\\/#website\",\"url\":\"https:\\\/\\\/izsekosanasierices.lv\\\/\",\"name\":\"Nr1 Izseko\u0161anas ier\u012bces gps izseko\u0161anas iek\u0101rtas, klaus\u012b\u0161an\u0101s iek\u0101rtas\",\"description\":\"\",\"potentialAction\":[{\"@type\":\"SearchAction\",\"target\":{\"@type\":\"EntryPoint\",\"urlTemplate\":\"https:\\\/\\\/izsekosanasierices.lv\\\/?s={search_term_string}\"},\"query-input\":{\"@type\":\"PropertyValueSpecification\",\"valueRequired\":true,\"valueName\":\"search_term_string\"}}],\"inLanguage\":\"et\"}]}<\/script>\n<!-- \/ Yoast SEO plugin. -->","yoast_head_json":{"title":"Augstas kvalit\u0101tes Bluetooth austi\u0146a eks\u0101meniem","description":"Slepena mini austi\u0146a eks\u0101meniem. Augsta ska\u0146as kvalit\u0101te, vienm\u0113r\u012bga darb\u012bba. Viegli lietojama. Austi\u0146as izm\u0113rs tikai 4 mm. Bezmaksas pieg\u0101de 2 dienu laik\u0101","robots":{"index":"index","follow":"follow","max-snippet":"max-snippet:-1","max-image-preview":"max-image-preview:large","max-video-preview":"max-video-preview:-1"},"canonical":"https:\/\/izsekosanasierices.lv\/et\/produkts\/korge-kvaliteediga-bluetooth-kudumine-eksamite-jaoks\/","og_locale":"et_EE","og_type":"article","og_title":"Slepena austi\u0146a mikroeks\u0101meniem - Sekimoiranga.lt","og_description":"Slepenas mini austi\u0146as eks\u0101menam. Augsta ska\u0146as kvalit\u0101te, vienm\u0113r\u012bga darb\u012bba. Viegli lietojams, austi\u0146u izm\u0113rs tikai 4 mm Bezmaksas pieg\u0101de 2.d laik\u0101 Sekimoiranga.lt","og_url":"https:\/\/izsekosanasierices.lv\/et\/produkts\/korge-kvaliteediga-bluetooth-kudumine-eksamite-jaoks\/","og_site_name":"Nr1 Izseko\u0161anas ier\u012bces gps izseko\u0161anas iek\u0101rtas, klaus\u012b\u0161an\u0101s iek\u0101rtas","article_modified_time":"2025-12-11T10:46:42+00:00","og_image":[{"url":"https:\/\/rvnski.dev\/sekimoiranga\/wp-content\/uploads\/izsekosanasierices.webp","type":"","width":"","height":""}],"twitter_card":"summary_large_image","twitter_title":"Slepena austi\u0146a mikroeks\u0101meniem - Sekimoiranga.lt","twitter_description":"Slepenas mini austi\u0146as eks\u0101menam. Augsta ska\u0146as kvalit\u0101te, vienm\u0113r\u012bga darb\u012bba. Viegli lietojams, austi\u0146u izm\u0113rs tikai 4 mm Bezmaksas pieg\u0101de 2.d laik\u0101 Sekimoiranga.lt","twitter_misc":{"Est. reading time":"2 minutit"},"schema":{"@context":"https:\/\/schema.org","@graph":[{"@type":"WebPage","@id":"https:\/\/izsekosanasierices.lv\/produkts\/augstas-kvalitates-bluetooth-austina-eksameniem\/","url":"https:\/\/izsekosanasierices.lv\/produkts\/augstas-kvalitates-bluetooth-austina-eksameniem\/","name":"Augstas kvalit\u0101tes Bluetooth austi\u0146a eks\u0101meniem","isPartOf":{"@id":"https:\/\/izsekosanasierices.lv\/#website"},"primaryImageOfPage":{"@id":"https:\/\/izsekosanasierices.lv\/produkts\/augstas-kvalitates-bluetooth-austina-eksameniem\/#primaryimage"},"image":{"@id":"https:\/\/izsekosanasierices.lv\/produkts\/augstas-kvalitates-bluetooth-austina-eksameniem\/#primaryimage"},"thumbnailUrl":"https:\/\/izsekosanasierices.lv\/wp-content\/uploads\/izsekosanasierices-aukstos-kokybes-slapta-ausine-egzaminams-bluetooth.jpg","datePublished":"2023-10-05T15:37:57+00:00","dateModified":"2025-12-11T10:46:42+00:00","description":"Slepena mini austi\u0146a eks\u0101meniem. Augsta ska\u0146as kvalit\u0101te, vienm\u0113r\u012bga darb\u012bba. Viegli lietojama. Austi\u0146as izm\u0113rs tikai 4 mm. Bezmaksas pieg\u0101de 2 dienu laik\u0101","breadcrumb":{"@id":"https:\/\/izsekosanasierices.lv\/produkts\/augstas-kvalitates-bluetooth-austina-eksameniem\/#breadcrumb"},"inLanguage":"et","potentialAction":[{"@type":"ReadAction","target":["https:\/\/izsekosanasierices.lv\/produkts\/augstas-kvalitates-bluetooth-austina-eksameniem\/"]}]},{"@type":"ImageObject","inLanguage":"et","@id":"https:\/\/izsekosanasierices.lv\/produkts\/augstas-kvalitates-bluetooth-austina-eksameniem\/#primaryimage","url":"https:\/\/izsekosanasierices.lv\/wp-content\/uploads\/izsekosanasierices-aukstos-kokybes-slapta-ausine-egzaminams-bluetooth.jpg","contentUrl":"https:\/\/izsekosanasierices.lv\/wp-content\/uploads\/izsekosanasierices-aukstos-kokybes-slapta-ausine-egzaminams-bluetooth.jpg","width":463,"height":644,"caption":"Profesionali slapta ausin\u0117 egzaminui"},{"@type":"BreadcrumbList","@id":"https:\/\/izsekosanasierices.lv\/produkts\/augstas-kvalitates-bluetooth-austina-eksameniem\/#breadcrumb","itemListElement":[{"@type":"ListItem","position":1,"name":"S\u0101kums","item":"https:\/\/izsekosanasierices.lv\/"},{"@type":"ListItem","position":2,"name":"Veikals","item":"https:\/\/izsekosanasierices.lv\/veikals\/"},{"@type":"ListItem","position":3,"name":"Augstas kvalit\u0101tes Bluetooth austi\u0146a eks\u0101meniem"}]},{"@type":"WebSite","@id":"https:\/\/izsekosanasierices.lv\/#website","url":"https:\/\/izsekosanasierices.lv\/","name":"Nr1 Izseko\u0161anas ier\u012bces gps izseko\u0161anas iek\u0101rtas, klaus\u012b\u0161an\u0101s iek\u0101rtas","description":"","potentialAction":[{"@type":"SearchAction","target":{"@type":"EntryPoint","urlTemplate":"https:\/\/izsekosanasierices.lv\/?s={search_term_string}"},"query-input":{"@type":"PropertyValueSpecification","valueRequired":true,"valueName":"search_term_string"}}],"inLanguage":"et"}]}},"_links":{"self":[{"href":"https:\/\/izsekosanasierices.lv\/et\/wp-json\/wp\/v2\/product\/1365","targetHints":{"allow":["GET"]}}],"collection":[{"href":"https:\/\/izsekosanasierices.lv\/et\/wp-json\/wp\/v2\/product"}],"about":[{"href":"https:\/\/izsekosanasierices.lv\/et\/wp-json\/wp\/v2\/types\/product"}],"wp:featuredmedia":[{"embeddable":true,"href":"https:\/\/izsekosanasierices.lv\/et\/wp-json\/wp\/v2\/media\/2108"}],"wp:attachment":[{"href":"https:\/\/izsekosanasierices.lv\/et\/wp-json\/wp\/v2\/media?parent=1365"}],"wp:term":[{"taxonomy":"product_brand","embeddable":true,"href":"https:\/\/izsekosanasierices.lv\/et\/wp-json\/wp\/v2\/product_brand?post=1365"},{"taxonomy":"product_cat","embeddable":true,"href":"https:\/\/izsekosanasierices.lv\/et\/wp-json\/wp\/v2\/product_cat?post=1365"},{"taxonomy":"product_tag","embeddable":true,"href":"https:\/\/izsekosanasierices.lv\/et\/wp-json\/wp\/v2\/product_tag?post=1365"}],"curies":[{"name":"wp","href":"https:\/\/api.w.org\/{rel}","templated":true}]}}