{"id":1367,"date":"2023-10-05T15:37:57","date_gmt":"2023-10-05T15:37:57","guid":{"rendered":"https:\/\/izsekosanasierices.lv\/produktas\/light-slapta-ausine-egzaminams\/"},"modified":"2025-11-19T18:02:33","modified_gmt":"2025-11-19T16:02:33","slug":"slepena-austina-light-eksameniem","status":"publish","type":"product","link":"https:\/\/izsekosanasierices.lv\/et\/produkts\/salajane-austiina-valgus-noortele\/","title":{"rendered":"Salajane k\u00f5rvaklapp LIGHT eksamite jaoks"},"content":{"rendered":"<h3><strong>Tehnilised parameetrid:<\/strong><\/h3>\n<ul>\n<li>Telefoni \u00fchendamine k\u00f5rvaklapipesa abil<\/li>\n<li>Kuulete 2-3 korda paremini kui magnetk\u00f5rvaklappidega (k\u00f5rva).<\/li>\n<li>Erinevalt PRO-seeriast: vaiksem heli<\/li>\n<li>Sisseehitatud tundlik mikrofon (see, kes dikteerib teksti, kuuleb nii teid kui ka k\u00fcsitlejat, nii et ta saab aidata teil vastata).<\/li>\n<li>\u00dchekordne k\u00f5ne vastuv\u00f5tmine<\/li>\n<li>Sisseehitatud sisemine mikrofon<\/li>\n<li>Hea helikvaliteet<\/li>\n<li>Mini-k\u00f5rvaklappide aku kestvus: umbes 2-3 tundi.<\/li>\n<li>Salajane k\u00f5rvaklapp on ainult 4,5 mm ja seda ei ole v\u00f5imalik n\u00e4ha.<\/li>\n<li>Induktsioonim\u00e4hise saatja m\u00f5\u00f5tmed: 30 mm \u00d7 10 mm \u00d7 5 mm<\/li>\n<li>Seade on originaalpakendis. Juhised kaasas. Kaasas: k\u00f5rvaklapid, induktsioonim\u00e4his, 1 k\u00f5rvaklapi patarei.<\/li>\n<li><strong>Garantii 12 kuud<\/strong><\/li>\n<\/ul>\n<p>&nbsp;<\/p>\n<p><span style=\"color: #ff0000;\"><strong>Vajad kiiret sama p\u00e4eva (ja n\u00e4dalavahetuse) kohaletoimetamist? Helistage +371-20484176<\/strong><\/span><\/p>\n<p>Heli on parem kui magnetiga k\u00f5rvaklappide kasutamisel (kuulete 2-3 korda paremini ja valjemini). K\u00f5rvaklapid \u00fchendatakse telefoniga AUX-pistiku abil. Kui teie telefonil ei ole AUX-\u00fchendust, saate osta AUX-adapteri mis tahes elektroonikapoest.<\/p>\n<p>Seadet on v\u00e4ga lihtne kasutada - panete induktsioonim\u00e4hise kaabli abil kaela, \u00fchendate selle mobiiltelefoniga ja sisestate mikroseadme k\u00f5rva. Te kuulete k\u00f5ike, mida teie assistent teile \u00fctleb.<\/p>","protected":false},"excerpt":{"rendered":"<p>Eriline v\u00e4ike, salajane k\u00f5rvaklapp eksamiteks. K\u00f5rgeim helikvaliteet. Kuulete oma vestluspartnerit suurep\u00e4raselt. Lihtne kasutada. Pikk kasutusiga. Tasuta saatmine.<\/p>","protected":false},"featured_media":2120,"template":"","meta":[],"product_brand":[],"product_cat":[353,335],"product_tag":[354,355,356],"class_list":{"0":"post-1367","1":"product","2":"type-product","3":"status-publish","4":"has-post-thumbnail","6":"product_cat-austinas-eksameniem","7":"product_cat-noklausisanas-ierices","8":"product_tag-austinas-eksameniem","9":"product_tag-mikro-austinas","10":"product_tag-mini-austinas","12":"first","13":"instock","14":"taxable","15":"shipping-taxable","16":"purchasable","17":"product-type-simple"},"yoast_head":"<!-- This site is optimized with the Yoast SEO plugin v27.4 - https:\/\/yoast.com\/product\/yoast-seo-wordpress\/ -->\n<title>Slepena austi\u0146a LIGHT eks\u0101meniem<\/title>\n<meta name=\"description\" content=\"\u012apa\u0161i maza slepena austi\u0146a eks\u0101meniem Visaugst\u0101k\u0101 ska\u0146as kvalit\u0101te. J\u016bs lieliski dzird\u0113siet sarunu biedru Vienk\u0101r\u0161i lietojama Ilgs kalpo\u0161anas laiks\" \/>\n<meta name=\"robots\" content=\"index, follow, max-snippet:-1, max-image-preview:large, max-video-preview:-1\" \/>\n<link rel=\"canonical\" href=\"https:\/\/izsekosanasierices.lv\/et\/produkts\/salajane-austiina-valgus-noortele\/\" \/>\n<meta property=\"og:locale\" content=\"et_EE\" \/>\n<meta property=\"og:type\" content=\"article\" \/>\n<meta property=\"og:title\" content=\"Mini slepenas austi\u0146as eks\u0101meniem ar augstu ska\u0146as kvalit\u0101ti - Sekimoiranga.lt\" \/>\n<meta property=\"og:description\" content=\"\u012apa\u0161i mazas slepenas austi\u0146as eks\u0101meniem, visaugst\u0101k\u0101 ska\u0146as kvalit\u0101te. J\u016bs lieliski dzird\u0113siet sarunu biedru. Vienk\u0101r\u0161a lieto\u0161ana, ilgs kalpo\u0161anas laiks, bezmaksas pieg\u0101de\" \/>\n<meta property=\"og:url\" content=\"https:\/\/izsekosanasierices.lv\/et\/produkts\/salajane-austiina-valgus-noortele\/\" \/>\n<meta property=\"og:site_name\" content=\"Nr1 Izseko\u0161anas ier\u012bces gps izseko\u0161anas iek\u0101rtas, klaus\u012b\u0161an\u0101s iek\u0101rtas\" \/>\n<meta property=\"article:modified_time\" content=\"2025-11-19T16:02:33+00:00\" \/>\n<meta property=\"og:image\" content=\"https:\/\/rvnski.dev\/sekimoiranga\/wp-content\/uploads\/izsekosanasierices.webp\" \/>\n<meta name=\"twitter:card\" content=\"summary_large_image\" \/>\n<meta name=\"twitter:title\" content=\"Mini slepenas austi\u0146as eks\u0101meniem ar augstu ska\u0146as kvalit\u0101ti - Sekimoiranga.lt\" \/>\n<meta name=\"twitter:description\" content=\"\u012apa\u0161i mazas slepenas austi\u0146as eks\u0101meniem, visaugst\u0101k\u0101 ska\u0146as kvalit\u0101te. J\u016bs lieliski dzird\u0113siet sarunu biedru. Vienk\u0101r\u0161a lieto\u0161ana, ilgs kalpo\u0161anas laiks, bezmaksas pieg\u0101de\" \/>\n<meta name=\"twitter:label1\" content=\"Est. reading time\" \/>\n\t<meta name=\"twitter:data1\" content=\"2 minutit\" \/>\n<script type=\"application\/ld+json\" class=\"yoast-schema-graph\">{\"@context\":\"https:\\\/\\\/schema.org\",\"@graph\":[{\"@type\":\"WebPage\",\"@id\":\"https:\\\/\\\/izsekosanasierices.lv\\\/produkts\\\/slepena-austina-light-eksameniem\\\/\",\"url\":\"https:\\\/\\\/izsekosanasierices.lv\\\/produkts\\\/slepena-austina-light-eksameniem\\\/\",\"name\":\"Slepena austi\u0146a LIGHT eks\u0101meniem\",\"isPartOf\":{\"@id\":\"https:\\\/\\\/izsekosanasierices.lv\\\/#website\"},\"primaryImageOfPage\":{\"@id\":\"https:\\\/\\\/izsekosanasierices.lv\\\/produkts\\\/slepena-austina-light-eksameniem\\\/#primaryimage\"},\"image\":{\"@id\":\"https:\\\/\\\/izsekosanasierices.lv\\\/produkts\\\/slepena-austina-light-eksameniem\\\/#primaryimage\"},\"thumbnailUrl\":\"https:\\\/\\\/izsekosanasierices.lv\\\/wp-content\\\/uploads\\\/izsekosanasierices-light-slapta-ausine-egzaminams.jpg\",\"datePublished\":\"2023-10-05T15:37:57+00:00\",\"dateModified\":\"2025-11-19T16:02:33+00:00\",\"description\":\"\u012apa\u0161i maza slepena austi\u0146a eks\u0101meniem Visaugst\u0101k\u0101 ska\u0146as kvalit\u0101te. J\u016bs lieliski dzird\u0113siet sarunu biedru Vienk\u0101r\u0161i lietojama Ilgs kalpo\u0161anas laiks\",\"breadcrumb\":{\"@id\":\"https:\\\/\\\/izsekosanasierices.lv\\\/produkts\\\/slepena-austina-light-eksameniem\\\/#breadcrumb\"},\"inLanguage\":\"et\",\"potentialAction\":[{\"@type\":\"ReadAction\",\"target\":[\"https:\\\/\\\/izsekosanasierices.lv\\\/produkts\\\/slepena-austina-light-eksameniem\\\/\"]}]},{\"@type\":\"ImageObject\",\"inLanguage\":\"et\",\"@id\":\"https:\\\/\\\/izsekosanasierices.lv\\\/produkts\\\/slepena-austina-light-eksameniem\\\/#primaryimage\",\"url\":\"https:\\\/\\\/izsekosanasierices.lv\\\/wp-content\\\/uploads\\\/izsekosanasierices-light-slapta-ausine-egzaminams.jpg\",\"contentUrl\":\"https:\\\/\\\/izsekosanasierices.lv\\\/wp-content\\\/uploads\\\/izsekosanasierices-light-slapta-ausine-egzaminams.jpg\",\"width\":1200,\"height\":1600,\"caption\":\"LIGHT Slapta ausin\u0117 egzaminams\"},{\"@type\":\"BreadcrumbList\",\"@id\":\"https:\\\/\\\/izsekosanasierices.lv\\\/produkts\\\/slepena-austina-light-eksameniem\\\/#breadcrumb\",\"itemListElement\":[{\"@type\":\"ListItem\",\"position\":1,\"name\":\"S\u0101kums\",\"item\":\"https:\\\/\\\/izsekosanasierices.lv\\\/\"},{\"@type\":\"ListItem\",\"position\":2,\"name\":\"Veikals\",\"item\":\"https:\\\/\\\/izsekosanasierices.lv\\\/veikals\\\/\"},{\"@type\":\"ListItem\",\"position\":3,\"name\":\"Slepena austi\u0146a LIGHT eks\u0101meniem\"}]},{\"@type\":\"WebSite\",\"@id\":\"https:\\\/\\\/izsekosanasierices.lv\\\/#website\",\"url\":\"https:\\\/\\\/izsekosanasierices.lv\\\/\",\"name\":\"Nr1 Izseko\u0161anas ier\u012bces gps izseko\u0161anas iek\u0101rtas, klaus\u012b\u0161an\u0101s iek\u0101rtas\",\"description\":\"\",\"potentialAction\":[{\"@type\":\"SearchAction\",\"target\":{\"@type\":\"EntryPoint\",\"urlTemplate\":\"https:\\\/\\\/izsekosanasierices.lv\\\/?s={search_term_string}\"},\"query-input\":{\"@type\":\"PropertyValueSpecification\",\"valueRequired\":true,\"valueName\":\"search_term_string\"}}],\"inLanguage\":\"et\"}]}<\/script>\n<!-- \/ Yoast SEO plugin. -->","yoast_head_json":{"title":"Slepena austi\u0146a LIGHT eks\u0101meniem","description":"\u012apa\u0161i maza slepena austi\u0146a eks\u0101meniem Visaugst\u0101k\u0101 ska\u0146as kvalit\u0101te. J\u016bs lieliski dzird\u0113siet sarunu biedru Vienk\u0101r\u0161i lietojama Ilgs kalpo\u0161anas laiks","robots":{"index":"index","follow":"follow","max-snippet":"max-snippet:-1","max-image-preview":"max-image-preview:large","max-video-preview":"max-video-preview:-1"},"canonical":"https:\/\/izsekosanasierices.lv\/et\/produkts\/salajane-austiina-valgus-noortele\/","og_locale":"et_EE","og_type":"article","og_title":"Mini slepenas austi\u0146as eks\u0101meniem ar augstu ska\u0146as kvalit\u0101ti - Sekimoiranga.lt","og_description":"\u012apa\u0161i mazas slepenas austi\u0146as eks\u0101meniem, visaugst\u0101k\u0101 ska\u0146as kvalit\u0101te. J\u016bs lieliski dzird\u0113siet sarunu biedru. Vienk\u0101r\u0161a lieto\u0161ana, ilgs kalpo\u0161anas laiks, bezmaksas pieg\u0101de","og_url":"https:\/\/izsekosanasierices.lv\/et\/produkts\/salajane-austiina-valgus-noortele\/","og_site_name":"Nr1 Izseko\u0161anas ier\u012bces gps izseko\u0161anas iek\u0101rtas, klaus\u012b\u0161an\u0101s iek\u0101rtas","article_modified_time":"2025-11-19T16:02:33+00:00","og_image":[{"url":"https:\/\/rvnski.dev\/sekimoiranga\/wp-content\/uploads\/izsekosanasierices.webp","type":"","width":"","height":""}],"twitter_card":"summary_large_image","twitter_title":"Mini slepenas austi\u0146as eks\u0101meniem ar augstu ska\u0146as kvalit\u0101ti - Sekimoiranga.lt","twitter_description":"\u012apa\u0161i mazas slepenas austi\u0146as eks\u0101meniem, visaugst\u0101k\u0101 ska\u0146as kvalit\u0101te. J\u016bs lieliski dzird\u0113siet sarunu biedru. Vienk\u0101r\u0161a lieto\u0161ana, ilgs kalpo\u0161anas laiks, bezmaksas pieg\u0101de","twitter_misc":{"Est. reading time":"2 minutit"},"schema":{"@context":"https:\/\/schema.org","@graph":[{"@type":"WebPage","@id":"https:\/\/izsekosanasierices.lv\/produkts\/slepena-austina-light-eksameniem\/","url":"https:\/\/izsekosanasierices.lv\/produkts\/slepena-austina-light-eksameniem\/","name":"Slepena austi\u0146a LIGHT eks\u0101meniem","isPartOf":{"@id":"https:\/\/izsekosanasierices.lv\/#website"},"primaryImageOfPage":{"@id":"https:\/\/izsekosanasierices.lv\/produkts\/slepena-austina-light-eksameniem\/#primaryimage"},"image":{"@id":"https:\/\/izsekosanasierices.lv\/produkts\/slepena-austina-light-eksameniem\/#primaryimage"},"thumbnailUrl":"https:\/\/izsekosanasierices.lv\/wp-content\/uploads\/izsekosanasierices-light-slapta-ausine-egzaminams.jpg","datePublished":"2023-10-05T15:37:57+00:00","dateModified":"2025-11-19T16:02:33+00:00","description":"\u012apa\u0161i maza slepena austi\u0146a eks\u0101meniem Visaugst\u0101k\u0101 ska\u0146as kvalit\u0101te. J\u016bs lieliski dzird\u0113siet sarunu biedru Vienk\u0101r\u0161i lietojama Ilgs kalpo\u0161anas laiks","breadcrumb":{"@id":"https:\/\/izsekosanasierices.lv\/produkts\/slepena-austina-light-eksameniem\/#breadcrumb"},"inLanguage":"et","potentialAction":[{"@type":"ReadAction","target":["https:\/\/izsekosanasierices.lv\/produkts\/slepena-austina-light-eksameniem\/"]}]},{"@type":"ImageObject","inLanguage":"et","@id":"https:\/\/izsekosanasierices.lv\/produkts\/slepena-austina-light-eksameniem\/#primaryimage","url":"https:\/\/izsekosanasierices.lv\/wp-content\/uploads\/izsekosanasierices-light-slapta-ausine-egzaminams.jpg","contentUrl":"https:\/\/izsekosanasierices.lv\/wp-content\/uploads\/izsekosanasierices-light-slapta-ausine-egzaminams.jpg","width":1200,"height":1600,"caption":"LIGHT Slapta ausin\u0117 egzaminams"},{"@type":"BreadcrumbList","@id":"https:\/\/izsekosanasierices.lv\/produkts\/slepena-austina-light-eksameniem\/#breadcrumb","itemListElement":[{"@type":"ListItem","position":1,"name":"S\u0101kums","item":"https:\/\/izsekosanasierices.lv\/"},{"@type":"ListItem","position":2,"name":"Veikals","item":"https:\/\/izsekosanasierices.lv\/veikals\/"},{"@type":"ListItem","position":3,"name":"Slepena austi\u0146a LIGHT eks\u0101meniem"}]},{"@type":"WebSite","@id":"https:\/\/izsekosanasierices.lv\/#website","url":"https:\/\/izsekosanasierices.lv\/","name":"Nr1 Izseko\u0161anas ier\u012bces gps izseko\u0161anas iek\u0101rtas, klaus\u012b\u0161an\u0101s iek\u0101rtas","description":"","potentialAction":[{"@type":"SearchAction","target":{"@type":"EntryPoint","urlTemplate":"https:\/\/izsekosanasierices.lv\/?s={search_term_string}"},"query-input":{"@type":"PropertyValueSpecification","valueRequired":true,"valueName":"search_term_string"}}],"inLanguage":"et"}]}},"_links":{"self":[{"href":"https:\/\/izsekosanasierices.lv\/et\/wp-json\/wp\/v2\/product\/1367","targetHints":{"allow":["GET"]}}],"collection":[{"href":"https:\/\/izsekosanasierices.lv\/et\/wp-json\/wp\/v2\/product"}],"about":[{"href":"https:\/\/izsekosanasierices.lv\/et\/wp-json\/wp\/v2\/types\/product"}],"wp:featuredmedia":[{"embeddable":true,"href":"https:\/\/izsekosanasierices.lv\/et\/wp-json\/wp\/v2\/media\/2120"}],"wp:attachment":[{"href":"https:\/\/izsekosanasierices.lv\/et\/wp-json\/wp\/v2\/media?parent=1367"}],"wp:term":[{"taxonomy":"product_brand","embeddable":true,"href":"https:\/\/izsekosanasierices.lv\/et\/wp-json\/wp\/v2\/product_brand?post=1367"},{"taxonomy":"product_cat","embeddable":true,"href":"https:\/\/izsekosanasierices.lv\/et\/wp-json\/wp\/v2\/product_cat?post=1367"},{"taxonomy":"product_tag","embeddable":true,"href":"https:\/\/izsekosanasierices.lv\/et\/wp-json\/wp\/v2\/product_tag?post=1367"}],"curies":[{"name":"wp","href":"https:\/\/api.w.org\/{rel}","templated":true}]}}