{"id":1368,"date":"2023-10-05T15:37:57","date_gmt":"2023-10-05T15:37:57","guid":{"rendered":"https:\/\/izsekosanasierices.lv\/produktas\/elektros-lizdas-rozete-220v-5v-usb-su-imontuota-slapta-kamera-wifi\/"},"modified":"2026-02-26T09:05:59","modified_gmt":"2026-02-26T07:05:59","slug":"stravas-ligzda-ar-iebuvetu-slepeno-kameru-ar-wifi-220v-5v-un-usb","status":"publish","type":"product","link":"https:\/\/izsekosanasierices.lv\/et\/produkts\/sisseehitatud-salajase-kaamera-koos-wifiga-220v-5v-ja-usb-pistikupesa\/","title":{"rendered":"Sisseehitatud salajase kaameraga WiFi | 220V\/5V ja USB pistikupesa"},"content":{"rendered":"<p><strong>PROMOTION: 32 GB micro SD kingitusena <\/strong><\/p>\n<p><strong>Tehnilised parameetrid:<\/strong><\/p>\n<ul>\n<li>M\u00e4lukaardi tugi: micro SD 32 kuni 128 gb<\/li>\n<li>Video salvestamine koos heliga<\/li>\n<li>Salvestuslahutus: Full HD 1920 x 1080 px<\/li>\n<li>Toimiv rosett<\/li>\n<li>Nurk: 110\u00b0<\/li>\n<li>Heli: m\u00fcrasummutusmikrofon<\/li>\n<li>\u00dchendusstandard: USB<\/li>\n<li>\u00d6\u00f6n\u00e4gemine: ei ole<\/li>\n<li>Online-seire (mobiilirakenduse kaudu)<\/li>\n<li>Liikumisandur<\/li>\n<li>Pidev videosalvestus<\/li>\n<li>Video kodeerimine : H264<\/li>\n<li>Sisaldab: kaamera koos <strong>WiFi<\/strong>, micro SD-kaardi lugeja,<\/li>\n<li><strong>Garantii 12 kuud<\/strong><\/li>\n<\/ul>\n<p><span style=\"color: #ff0000;\"><strong>Vajad kiiret sama p\u00e4eva (ja n\u00e4dalavahetuse) kohaletoimetamist?  Helistage +37120484176!<\/strong><\/span><\/p>\n<p>Kasutamine: enda kaitseks, laste kaitseks.<\/p>\n<p>See sisseehitatud salajase kaameraga elektripesa on suurep\u00e4rane vahend teie ja teie laste kaitsmiseks. Visuaalselt on see tavalisest pistikupesast eristamatu, seega ei tekita see kahtlust ja t\u00e4idab oma funktsiooni n\u00f5uetekohaselt.<\/p>\n<p>Paigaldamine on lihtne ja kerge - \u00fchendage lihtsalt kaks juhtme vooluv\u00f5rku. Elektril\u00f6\u00f6gi ohu v\u00e4ltimiseks on oluline veenduda, et vooluv\u00f5rk on v\u00e4lja l\u00fclitatud. Pistikupesa t\u00f6\u00f6tab nagu tavaline pistikupesa ja sellel on kaks USB-laadimispesa.<\/p>\n<p>See pistikupesa v\u00f5imaldab teil j\u00e4lgida oma lapsi 24 tundi \u00f6\u00f6p\u00e4evas, 7 p\u00e4eva n\u00e4dalas. Sisseehitatud salakaamera v\u00f5imaldab teil n\u00e4ha, mis teie kodus toimub mobiilirakenduse v\u00f5i muu \u00fchendatava seadme kaudu. See annab teile suurep\u00e4rase turvatunde ja meelerahu, teades, et saate oma lastel silma peal hoida ka siis, kui teid ei ole kohal.<\/p>\n<p>See pistikupesa on suurep\u00e4rane viis laste turvalisuse tagamiseks, eriti kui nad on \u00fcksi kodus. Saate n\u00e4ha, kuidas nad k\u00e4ituvad, kas nad on ohutud ja kuidas nad reageerivad ootamatutes olukordades. See annab teile suurema kontrolli ja kindlustunde, et teie lastel on k\u00f5ik korras.<\/p>\n<p>See diskreetne ja praktiline rosett koos sisseehitatud salakaameraga on ideaalne abivahend, mis aitab teie peret turvaliselt hoida.<\/p>\n<p>See sisseehitatud salakaameraga pistikupesa on visuaalselt eristamatu tavalisest pistikupesast. Seda on lihtne paigaldada - \u00fchendage lihtsalt kaks juhet vooluv\u00f5rku (elektril\u00f6\u00f6gi v\u00e4ltimiseks l\u00fclitage vooluv\u00f5rk enne juhtmete \u00fchendamist v\u00e4lja). T\u00e4ielikult toimiv pistikupesa kahe USB-laadimisportiga. Saate oma lapsi j\u00e4lgida 24 tundi \u00f6\u00f6p\u00e4evas, 7 p\u00e4eva n\u00e4dalas.<\/p>","protected":false},"excerpt":{"rendered":"<p>Pistikupessa sisseehitatud peidetud kaamera. Kvaliteetne pilt. Lihtne kasutada. Kaugvaatamine. Tasuta saatmine.<\/p>","protected":false},"featured_media":2126,"template":"","meta":[],"product_brand":[],"product_cat":[330,321,331],"product_tag":[332,325,23,333,334,328,29],"class_list":{"0":"post-1368","1":"product","2":"type-product","3":"status-publish","4":"has-post-thumbnail","6":"product_cat-masketas-kameras","7":"product_cat-sleptas-kameras","8":"product_cat-wi-fi-slepenas-kameras","9":"product_tag-izsekosanas-iekartas","10":"product_tag-izsekosanas-kamera","11":"product_tag-kamera","12":"product_tag-kameras-pulkstenis","13":"product_tag-masketa-kamera","14":"product_tag-slepena-kamera","15":"product_tag-wi-fi-kamera","17":"first","18":"instock","19":"sale","20":"taxable","21":"shipping-taxable","22":"purchasable","23":"product-type-simple"},"yoast_head":"<!-- This site is optimized with the Yoast SEO plugin v27.3 - https:\/\/yoast.com\/product\/yoast-seo-wordpress\/ -->\n<title>Str\u0101vas ligzda ar ieb\u016bv\u0113tu slepeno kameru ar wifi 220V 5V un USB<\/title>\n<meta name=\"description\" content=\"Str\u0101vas kontaktligzd\u0101 ieb\u016bv\u0113ta sl\u0113pt\u0101 kamera. Augstas kvalit\u0101tes att\u0113ls. Viegli lietojama. Att\u0101lin\u0101ta skat\u012b\u0161an\u0101s. Bezmaksas pieg\u0101de.\" \/>\n<meta name=\"robots\" content=\"index, follow, max-snippet:-1, max-image-preview:large, max-video-preview:-1\" \/>\n<link rel=\"canonical\" href=\"https:\/\/izsekosanasierices.lv\/et\/produkts\/sisseehitatud-salajase-kaamera-koos-wifiga-220v-5v-ja-usb-pistikupesa\/\" \/>\n<meta property=\"og:locale\" content=\"et_EE\" \/>\n<meta property=\"og:type\" content=\"article\" \/>\n<meta property=\"og:title\" content=\"Elektrisk\u0101 kontaktligzda ar slepeno kameru WIFI - Sekimoiranga.lt\" \/>\n<meta property=\"og:description\" content=\"Slepen\u0101 kamera ir ieb\u016bv\u0113ta ce\u013cojuma t\u0101lru\u0146a l\u0101d\u0113t\u0101j\u0101. Augstas kvalit\u0101tes att\u0113ls, viegli lietojams. Att\u0101lin\u0101ta skat\u012b\u0161an\u0101s. Bezmaksas pieg\u0101de\" \/>\n<meta property=\"og:url\" content=\"https:\/\/izsekosanasierices.lv\/et\/produkts\/sisseehitatud-salajase-kaamera-koos-wifiga-220v-5v-ja-usb-pistikupesa\/\" \/>\n<meta property=\"og:site_name\" content=\"Nr1 Izseko\u0161anas ier\u012bces gps izseko\u0161anas iek\u0101rtas, klaus\u012b\u0161an\u0101s iek\u0101rtas\" \/>\n<meta property=\"article:modified_time\" content=\"2026-02-26T07:05:59+00:00\" \/>\n<meta property=\"og:image\" content=\"https:\/\/rvnski.dev\/sekimoiranga\/wp-content\/uploads\/izsekosanasierices.webp\" \/>\n<meta name=\"twitter:card\" content=\"summary_large_image\" \/>\n<meta name=\"twitter:title\" content=\"Elektrisk\u0101 kontaktligzda ar slepeno kameru WIFI - Sekimoiranga.lt\" \/>\n<meta name=\"twitter:description\" content=\"Slepen\u0101 kamera ir ieb\u016bv\u0113ta ce\u013cojuma t\u0101lru\u0146a l\u0101d\u0113t\u0101j\u0101. Augstas kvalit\u0101tes att\u0113ls, viegli lietojams. Att\u0101lin\u0101ta skat\u012b\u0161an\u0101s. Bezmaksas pieg\u0101de\" \/>\n<meta name=\"twitter:label1\" content=\"Est. reading time\" \/>\n\t<meta name=\"twitter:data1\" content=\"2 minutit\" \/>\n<script type=\"application\/ld+json\" class=\"yoast-schema-graph\">{\"@context\":\"https:\\\/\\\/schema.org\",\"@graph\":[{\"@type\":\"WebPage\",\"@id\":\"https:\\\/\\\/izsekosanasierices.lv\\\/produkts\\\/stravas-ligzda-ar-iebuvetu-slepeno-kameru-ar-wifi-220v-5v-un-usb\\\/\",\"url\":\"https:\\\/\\\/izsekosanasierices.lv\\\/produkts\\\/stravas-ligzda-ar-iebuvetu-slepeno-kameru-ar-wifi-220v-5v-un-usb\\\/\",\"name\":\"Str\u0101vas ligzda ar ieb\u016bv\u0113tu slepeno kameru ar wifi 220V 5V un USB\",\"isPartOf\":{\"@id\":\"https:\\\/\\\/izsekosanasierices.lv\\\/#website\"},\"primaryImageOfPage\":{\"@id\":\"https:\\\/\\\/izsekosanasierices.lv\\\/produkts\\\/stravas-ligzda-ar-iebuvetu-slepeno-kameru-ar-wifi-220v-5v-un-usb\\\/#primaryimage\"},\"image\":{\"@id\":\"https:\\\/\\\/izsekosanasierices.lv\\\/produkts\\\/stravas-ligzda-ar-iebuvetu-slepeno-kameru-ar-wifi-220v-5v-un-usb\\\/#primaryimage\"},\"thumbnailUrl\":\"https:\\\/\\\/izsekosanasierices.lv\\\/wp-content\\\/uploads\\\/izsekosanasierices-elektros-lizdas-rozete-220v-5v-usb-su-imontuota-slapta-kamera-wifi.jpg\",\"datePublished\":\"2023-10-05T15:37:57+00:00\",\"dateModified\":\"2026-02-26T07:05:59+00:00\",\"description\":\"Str\u0101vas kontaktligzd\u0101 ieb\u016bv\u0113ta sl\u0113pt\u0101 kamera. Augstas kvalit\u0101tes att\u0113ls. Viegli lietojama. Att\u0101lin\u0101ta skat\u012b\u0161an\u0101s. Bezmaksas pieg\u0101de.\",\"breadcrumb\":{\"@id\":\"https:\\\/\\\/izsekosanasierices.lv\\\/produkts\\\/stravas-ligzda-ar-iebuvetu-slepeno-kameru-ar-wifi-220v-5v-un-usb\\\/#breadcrumb\"},\"inLanguage\":\"et\",\"potentialAction\":[{\"@type\":\"ReadAction\",\"target\":[\"https:\\\/\\\/izsekosanasierices.lv\\\/produkts\\\/stravas-ligzda-ar-iebuvetu-slepeno-kameru-ar-wifi-220v-5v-un-usb\\\/\"]}]},{\"@type\":\"ImageObject\",\"inLanguage\":\"et\",\"@id\":\"https:\\\/\\\/izsekosanasierices.lv\\\/produkts\\\/stravas-ligzda-ar-iebuvetu-slepeno-kameru-ar-wifi-220v-5v-un-usb\\\/#primaryimage\",\"url\":\"https:\\\/\\\/izsekosanasierices.lv\\\/wp-content\\\/uploads\\\/izsekosanasierices-elektros-lizdas-rozete-220v-5v-usb-su-imontuota-slapta-kamera-wifi.jpg\",\"contentUrl\":\"https:\\\/\\\/izsekosanasierices.lv\\\/wp-content\\\/uploads\\\/izsekosanasierices-elektros-lizdas-rozete-220v-5v-usb-su-imontuota-slapta-kamera-wifi.jpg\",\"width\":713,\"height\":708,\"caption\":\"Kelioninis USB pakrov\u0117jas su \u012fmontuota slapta kamera\"},{\"@type\":\"BreadcrumbList\",\"@id\":\"https:\\\/\\\/izsekosanasierices.lv\\\/produkts\\\/stravas-ligzda-ar-iebuvetu-slepeno-kameru-ar-wifi-220v-5v-un-usb\\\/#breadcrumb\",\"itemListElement\":[{\"@type\":\"ListItem\",\"position\":1,\"name\":\"S\u0101kums\",\"item\":\"https:\\\/\\\/izsekosanasierices.lv\\\/\"},{\"@type\":\"ListItem\",\"position\":2,\"name\":\"Veikals\",\"item\":\"https:\\\/\\\/izsekosanasierices.lv\\\/veikals\\\/\"},{\"@type\":\"ListItem\",\"position\":3,\"name\":\"Str\u0101vas ligzda ar ieb\u016bv\u0113tu slepeno kameru ar WiFi | 220V \\\/ 5V un USB\"}]},{\"@type\":\"WebSite\",\"@id\":\"https:\\\/\\\/izsekosanasierices.lv\\\/#website\",\"url\":\"https:\\\/\\\/izsekosanasierices.lv\\\/\",\"name\":\"Nr1 Izseko\u0161anas ier\u012bces gps izseko\u0161anas iek\u0101rtas, klaus\u012b\u0161an\u0101s iek\u0101rtas\",\"description\":\"\",\"potentialAction\":[{\"@type\":\"SearchAction\",\"target\":{\"@type\":\"EntryPoint\",\"urlTemplate\":\"https:\\\/\\\/izsekosanasierices.lv\\\/?s={search_term_string}\"},\"query-input\":{\"@type\":\"PropertyValueSpecification\",\"valueRequired\":true,\"valueName\":\"search_term_string\"}}],\"inLanguage\":\"et\"}]}<\/script>\n<!-- \/ Yoast SEO plugin. -->","yoast_head_json":{"title":"Str\u0101vas ligzda ar ieb\u016bv\u0113tu slepeno kameru ar wifi 220V 5V un USB","description":"Str\u0101vas kontaktligzd\u0101 ieb\u016bv\u0113ta sl\u0113pt\u0101 kamera. Augstas kvalit\u0101tes att\u0113ls. Viegli lietojama. Att\u0101lin\u0101ta skat\u012b\u0161an\u0101s. Bezmaksas pieg\u0101de.","robots":{"index":"index","follow":"follow","max-snippet":"max-snippet:-1","max-image-preview":"max-image-preview:large","max-video-preview":"max-video-preview:-1"},"canonical":"https:\/\/izsekosanasierices.lv\/et\/produkts\/sisseehitatud-salajase-kaamera-koos-wifiga-220v-5v-ja-usb-pistikupesa\/","og_locale":"et_EE","og_type":"article","og_title":"Elektrisk\u0101 kontaktligzda ar slepeno kameru WIFI - Sekimoiranga.lt","og_description":"Slepen\u0101 kamera ir ieb\u016bv\u0113ta ce\u013cojuma t\u0101lru\u0146a l\u0101d\u0113t\u0101j\u0101. Augstas kvalit\u0101tes att\u0113ls, viegli lietojams. Att\u0101lin\u0101ta skat\u012b\u0161an\u0101s. Bezmaksas pieg\u0101de","og_url":"https:\/\/izsekosanasierices.lv\/et\/produkts\/sisseehitatud-salajase-kaamera-koos-wifiga-220v-5v-ja-usb-pistikupesa\/","og_site_name":"Nr1 Izseko\u0161anas ier\u012bces gps izseko\u0161anas iek\u0101rtas, klaus\u012b\u0161an\u0101s iek\u0101rtas","article_modified_time":"2026-02-26T07:05:59+00:00","og_image":[{"url":"https:\/\/rvnski.dev\/sekimoiranga\/wp-content\/uploads\/izsekosanasierices.webp","type":"","width":"","height":""}],"twitter_card":"summary_large_image","twitter_title":"Elektrisk\u0101 kontaktligzda ar slepeno kameru WIFI - Sekimoiranga.lt","twitter_description":"Slepen\u0101 kamera ir ieb\u016bv\u0113ta ce\u013cojuma t\u0101lru\u0146a l\u0101d\u0113t\u0101j\u0101. Augstas kvalit\u0101tes att\u0113ls, viegli lietojams. Att\u0101lin\u0101ta skat\u012b\u0161an\u0101s. Bezmaksas pieg\u0101de","twitter_misc":{"Est. reading time":"2 minutit"},"schema":{"@context":"https:\/\/schema.org","@graph":[{"@type":"WebPage","@id":"https:\/\/izsekosanasierices.lv\/produkts\/stravas-ligzda-ar-iebuvetu-slepeno-kameru-ar-wifi-220v-5v-un-usb\/","url":"https:\/\/izsekosanasierices.lv\/produkts\/stravas-ligzda-ar-iebuvetu-slepeno-kameru-ar-wifi-220v-5v-un-usb\/","name":"Str\u0101vas ligzda ar ieb\u016bv\u0113tu slepeno kameru ar wifi 220V 5V un USB","isPartOf":{"@id":"https:\/\/izsekosanasierices.lv\/#website"},"primaryImageOfPage":{"@id":"https:\/\/izsekosanasierices.lv\/produkts\/stravas-ligzda-ar-iebuvetu-slepeno-kameru-ar-wifi-220v-5v-un-usb\/#primaryimage"},"image":{"@id":"https:\/\/izsekosanasierices.lv\/produkts\/stravas-ligzda-ar-iebuvetu-slepeno-kameru-ar-wifi-220v-5v-un-usb\/#primaryimage"},"thumbnailUrl":"https:\/\/izsekosanasierices.lv\/wp-content\/uploads\/izsekosanasierices-elektros-lizdas-rozete-220v-5v-usb-su-imontuota-slapta-kamera-wifi.jpg","datePublished":"2023-10-05T15:37:57+00:00","dateModified":"2026-02-26T07:05:59+00:00","description":"Str\u0101vas kontaktligzd\u0101 ieb\u016bv\u0113ta sl\u0113pt\u0101 kamera. Augstas kvalit\u0101tes att\u0113ls. Viegli lietojama. Att\u0101lin\u0101ta skat\u012b\u0161an\u0101s. Bezmaksas pieg\u0101de.","breadcrumb":{"@id":"https:\/\/izsekosanasierices.lv\/produkts\/stravas-ligzda-ar-iebuvetu-slepeno-kameru-ar-wifi-220v-5v-un-usb\/#breadcrumb"},"inLanguage":"et","potentialAction":[{"@type":"ReadAction","target":["https:\/\/izsekosanasierices.lv\/produkts\/stravas-ligzda-ar-iebuvetu-slepeno-kameru-ar-wifi-220v-5v-un-usb\/"]}]},{"@type":"ImageObject","inLanguage":"et","@id":"https:\/\/izsekosanasierices.lv\/produkts\/stravas-ligzda-ar-iebuvetu-slepeno-kameru-ar-wifi-220v-5v-un-usb\/#primaryimage","url":"https:\/\/izsekosanasierices.lv\/wp-content\/uploads\/izsekosanasierices-elektros-lizdas-rozete-220v-5v-usb-su-imontuota-slapta-kamera-wifi.jpg","contentUrl":"https:\/\/izsekosanasierices.lv\/wp-content\/uploads\/izsekosanasierices-elektros-lizdas-rozete-220v-5v-usb-su-imontuota-slapta-kamera-wifi.jpg","width":713,"height":708,"caption":"Kelioninis USB pakrov\u0117jas su \u012fmontuota slapta kamera"},{"@type":"BreadcrumbList","@id":"https:\/\/izsekosanasierices.lv\/produkts\/stravas-ligzda-ar-iebuvetu-slepeno-kameru-ar-wifi-220v-5v-un-usb\/#breadcrumb","itemListElement":[{"@type":"ListItem","position":1,"name":"S\u0101kums","item":"https:\/\/izsekosanasierices.lv\/"},{"@type":"ListItem","position":2,"name":"Veikals","item":"https:\/\/izsekosanasierices.lv\/veikals\/"},{"@type":"ListItem","position":3,"name":"Str\u0101vas ligzda ar ieb\u016bv\u0113tu slepeno kameru ar WiFi | 220V \/ 5V un USB"}]},{"@type":"WebSite","@id":"https:\/\/izsekosanasierices.lv\/#website","url":"https:\/\/izsekosanasierices.lv\/","name":"Nr1 Izseko\u0161anas ier\u012bces gps izseko\u0161anas iek\u0101rtas, klaus\u012b\u0161an\u0101s iek\u0101rtas","description":"","potentialAction":[{"@type":"SearchAction","target":{"@type":"EntryPoint","urlTemplate":"https:\/\/izsekosanasierices.lv\/?s={search_term_string}"},"query-input":{"@type":"PropertyValueSpecification","valueRequired":true,"valueName":"search_term_string"}}],"inLanguage":"et"}]}},"_links":{"self":[{"href":"https:\/\/izsekosanasierices.lv\/et\/wp-json\/wp\/v2\/product\/1368","targetHints":{"allow":["GET"]}}],"collection":[{"href":"https:\/\/izsekosanasierices.lv\/et\/wp-json\/wp\/v2\/product"}],"about":[{"href":"https:\/\/izsekosanasierices.lv\/et\/wp-json\/wp\/v2\/types\/product"}],"wp:featuredmedia":[{"embeddable":true,"href":"https:\/\/izsekosanasierices.lv\/et\/wp-json\/wp\/v2\/media\/2126"}],"wp:attachment":[{"href":"https:\/\/izsekosanasierices.lv\/et\/wp-json\/wp\/v2\/media?parent=1368"}],"wp:term":[{"taxonomy":"product_brand","embeddable":true,"href":"https:\/\/izsekosanasierices.lv\/et\/wp-json\/wp\/v2\/product_brand?post=1368"},{"taxonomy":"product_cat","embeddable":true,"href":"https:\/\/izsekosanasierices.lv\/et\/wp-json\/wp\/v2\/product_cat?post=1368"},{"taxonomy":"product_tag","embeddable":true,"href":"https:\/\/izsekosanasierices.lv\/et\/wp-json\/wp\/v2\/product_tag?post=1368"}],"curies":[{"name":"wp","href":"https:\/\/api.w.org\/{rel}","templated":true}]}}