{"id":1370,"date":"2023-10-05T15:37:57","date_gmt":"2023-10-05T15:37:57","guid":{"rendered":"https:\/\/izsekosanasierices.lv\/produktas\/wi-fi-rysio-stiprintuvas-su-imontuota-kamera-stiprintuvas-veikiantis\/"},"modified":"2025-11-19T17:01:27","modified_gmt":"2025-11-19T15:01:27","slug":"wifi-pastiprinatajs-ar-iebuvetu-kameru","status":"publish","type":"product","link":"https:\/\/izsekosanasierices.lv\/et\/produkts\/sisseehitatud-kaameraga-wifi-voimendi\/","title":{"rendered":"Sisseehitatud kaameraga WiFI booster"},"content":{"rendered":"<p><strong>PROMOTION: 32 GB micro SD kingitusena <\/strong><\/p>\n<p><strong>Tehnilised parameetrid:<\/strong><\/p>\n<ul>\n<li>M\u00e4lukaardi tugi: micro SD 16 kuni 128 gb<\/li>\n<li>Video salvestamine koos heliga<\/li>\n<li>Operatiivne <strong>WiFi<\/strong> v\u00f5imendi (mitte imitatsioon)<\/li>\n<li>Salvestuslahutus: Full HD 1920 x 1080px<\/li>\n<li>Toiteallikas: pistikupessa \u00fchendatuna<\/li>\n<li>Nurk: 110\u00b0<\/li>\n<li>Heli: m\u00fcrasummutusmikrofon<\/li>\n<li>\u00d6\u00f6n\u00e4gemine: ei ole<\/li>\n<li>Online-seire (mobiilirakenduse kaudu)<\/li>\n<li>Liikumisandur<\/li>\n<li>Pidev videosalvestus<\/li>\n<li>Videokodeerimine: H264<\/li>\n<li>Sisaldab kaamerat koos <strong>WiFi<\/strong>, k\u00e4siraamat<\/li>\n<li><strong>Garantii 12 kuud<\/strong><\/li>\n<\/ul>\n<p><span style=\"color: #ff0000;\"><strong>Vajad kiiret sama p\u00e4eva (ja n\u00e4dalavahetuse) kohaletoimetamist?  Helistage +37120484176!<\/strong><\/span><\/p>\n<p>Kasutamine: enda kaitseks, laste kaitseks.<\/p>\n<p>See <strong>WiFi<\/strong> Sisseehitatud salajase kaameraga turvakaamera on suurep\u00e4rane vahend teie ja teie laste kaitsmiseks. See seade mitte ainult ei tugevda <strong>WiFi<\/strong> \u00fchenduvus, kuid v\u00f5imaldab teil ka j\u00e4lgida olukorda kodus ja vajadusel s\u00e4ilitada videosalvestusi.<\/p>\n<p>Seda on v\u00e4ga lihtne kasutada - konfigureeri see lihtsalt \u00fcks kord ja oledki valmis. Seda saab \u00fchendada pistikupessa k\u00f5ikjal majas. Otse\u00fclekannet saate vaadata mobiilirakendusest. Teadmine, mis teie kodus toimub, annab teile turvalisuse ja meelerahu.<\/p>\n<p>Salakaamera on paigutatud nii, et seda ei ole v\u00f5imalik n\u00e4ha, nii et saate j\u00e4lgida ja salvestada diskreetselt ja t\u00f5husalt. See v\u00f5ib alustada video salvestamist, kui tuvastab liikumise, nii et teie kodu on turvaline. Salvestatud videoid saate vaadata eemalt.<\/p>\n<p>Seda on lihtne kasutada, see pakub mugavust ja annab teile meelerahu, et teie kodus on k\u00f5ik korras. See on suurep\u00e4rane investeering teie turvalisuse tagamiseks, v\u00f5imaldades teil h\u00f5lpsasti j\u00e4lgida huvipakkuvat ala ja salvestada videot, ilma et teie privaatsust ohustataks.<\/p>\n<p><strong>WiFi<\/strong> sisseehitatud salakaameraga v\u00f5imendi. Seade toimib ka toimiva <strong>WiFi<\/strong> v\u00f5imendaja. Lihtne kasutada, ainult \u00fcks seadistus. Saate selle \u00fchendada pistikupessa \u00fcksk\u00f5ik kus kodus ja vaadata otse\u00fclekannet mobiilirakenduse kaudu. Kaamera v\u00f5ib liikumise peale hakata videot salvestama. K\u00f5iki salvestusi saab vaadata eemalt. Lihtne ja lihtne kasutada. Sisseehitatud salajane kaamera ei ole n\u00e4htav.<\/p>","protected":false},"excerpt":{"rendered":"<p><strong>WiFi<\/strong> peidetud kaameraga v\u00f5imendi. Kvaliteetne video. Professionaalsed peidetud kaamerad. Suur tootevalik. Tasuta kohaletoimetamine.<\/p>","protected":false},"featured_media":2132,"template":"","meta":[],"product_brand":[],"product_cat":[330,321,331],"product_tag":[332,325,23,333,334,328,29],"class_list":{"0":"post-1370","1":"product","2":"type-product","3":"status-publish","4":"has-post-thumbnail","6":"product_cat-masketas-kameras","7":"product_cat-sleptas-kameras","8":"product_cat-wi-fi-slepenas-kameras","9":"product_tag-izsekosanas-iekartas","10":"product_tag-izsekosanas-kamera","11":"product_tag-kamera","12":"product_tag-kameras-pulkstenis","13":"product_tag-masketa-kamera","14":"product_tag-slepena-kamera","15":"product_tag-wi-fi-kamera","17":"first","18":"instock","19":"taxable","20":"shipping-taxable","21":"purchasable","22":"product-type-simple"},"yoast_head":"<!-- This site is optimized with the Yoast SEO plugin v27.5 - https:\/\/yoast.com\/product\/yoast-seo-wordpress\/ -->\n<title>WiFI pastiprin\u0101t\u0101js ar ieb\u016bv\u0113tu kameru<\/title>\n<meta name=\"description\" content=\"WiFi pastiprin\u0101t\u0101js ar sl\u0113pto kameru. Augstas kvalit\u0101tes video. Profesion\u0101las sl\u0113pt\u0101s kameras. Liels produktu kl\u0101sts. Bezmaksas pieg\u0101de.\" \/>\n<meta name=\"robots\" content=\"index, follow, max-snippet:-1, max-image-preview:large, max-video-preview:-1\" \/>\n<link rel=\"canonical\" href=\"https:\/\/izsekosanasierices.lv\/et\/produkts\/sisseehitatud-kaameraga-wifi-voimendi\/\" \/>\n<meta property=\"og:locale\" content=\"et_EE\" \/>\n<meta property=\"og:type\" content=\"article\" \/>\n<meta property=\"og:title\" content=\"Wi FI pastiprin\u0101t\u0101js ar slepeno kameru - Sekimoiranga.lt\" \/>\n<meta property=\"og:description\" content=\"Wi fi pastiprin\u0101t\u0101js ar slepeno kameru. Augstas kvalit\u0101tes video, profesion\u0101las sl\u0113pt\u0101s kameras. Liels produktu kl\u0101sts Bezmaksas pieg\u0101de\" \/>\n<meta property=\"og:url\" content=\"https:\/\/izsekosanasierices.lv\/et\/produkts\/sisseehitatud-kaameraga-wifi-voimendi\/\" \/>\n<meta property=\"og:site_name\" content=\"Nr1 Izseko\u0161anas ier\u012bces gps izseko\u0161anas iek\u0101rtas, klaus\u012b\u0161an\u0101s iek\u0101rtas\" \/>\n<meta property=\"article:modified_time\" content=\"2025-11-19T15:01:27+00:00\" \/>\n<meta property=\"og:image\" content=\"https:\/\/rvnski.dev\/sekimoiranga\/wp-content\/uploads\/izsekosanasierices.webp\" \/>\n<meta name=\"twitter:card\" content=\"summary_large_image\" \/>\n<meta name=\"twitter:title\" content=\"Wi FI pastiprin\u0101t\u0101js ar slepeno kameru - Sekimoiranga.lt\" \/>\n<meta name=\"twitter:description\" content=\"Wi fi pastiprin\u0101t\u0101js ar slepeno kameru. Augstas kvalit\u0101tes video, profesion\u0101las sl\u0113pt\u0101s kameras. Liels produktu kl\u0101sts Bezmaksas pieg\u0101de\" \/>\n<meta name=\"twitter:label1\" content=\"Est. reading time\" \/>\n\t<meta name=\"twitter:data1\" content=\"2 minutit\" \/>\n<script type=\"application\/ld+json\" class=\"yoast-schema-graph\">{\"@context\":\"https:\\\/\\\/schema.org\",\"@graph\":[{\"@type\":\"WebPage\",\"@id\":\"https:\\\/\\\/izsekosanasierices.lv\\\/produkts\\\/wifi-pastiprinatajs-ar-iebuvetu-kameru\\\/\",\"url\":\"https:\\\/\\\/izsekosanasierices.lv\\\/produkts\\\/wifi-pastiprinatajs-ar-iebuvetu-kameru\\\/\",\"name\":\"WiFI pastiprin\u0101t\u0101js ar ieb\u016bv\u0113tu kameru\",\"isPartOf\":{\"@id\":\"https:\\\/\\\/izsekosanasierices.lv\\\/#website\"},\"primaryImageOfPage\":{\"@id\":\"https:\\\/\\\/izsekosanasierices.lv\\\/produkts\\\/wifi-pastiprinatajs-ar-iebuvetu-kameru\\\/#primaryimage\"},\"image\":{\"@id\":\"https:\\\/\\\/izsekosanasierices.lv\\\/produkts\\\/wifi-pastiprinatajs-ar-iebuvetu-kameru\\\/#primaryimage\"},\"thumbnailUrl\":\"https:\\\/\\\/izsekosanasierices.lv\\\/wp-content\\\/uploads\\\/izsekosanasierices-wi-fi-rysio-stiprintuvas-su-imontuota-kamera-stiprintuvas-veikiantis.jpg\",\"datePublished\":\"2023-10-05T15:37:57+00:00\",\"dateModified\":\"2025-11-19T15:01:27+00:00\",\"description\":\"WiFi pastiprin\u0101t\u0101js ar sl\u0113pto kameru. Augstas kvalit\u0101tes video. Profesion\u0101las sl\u0113pt\u0101s kameras. Liels produktu kl\u0101sts. Bezmaksas pieg\u0101de.\",\"breadcrumb\":{\"@id\":\"https:\\\/\\\/izsekosanasierices.lv\\\/produkts\\\/wifi-pastiprinatajs-ar-iebuvetu-kameru\\\/#breadcrumb\"},\"inLanguage\":\"et\",\"potentialAction\":[{\"@type\":\"ReadAction\",\"target\":[\"https:\\\/\\\/izsekosanasierices.lv\\\/produkts\\\/wifi-pastiprinatajs-ar-iebuvetu-kameru\\\/\"]}]},{\"@type\":\"ImageObject\",\"inLanguage\":\"et\",\"@id\":\"https:\\\/\\\/izsekosanasierices.lv\\\/produkts\\\/wifi-pastiprinatajs-ar-iebuvetu-kameru\\\/#primaryimage\",\"url\":\"https:\\\/\\\/izsekosanasierices.lv\\\/wp-content\\\/uploads\\\/izsekosanasierices-wi-fi-rysio-stiprintuvas-su-imontuota-kamera-stiprintuvas-veikiantis.jpg\",\"contentUrl\":\"https:\\\/\\\/izsekosanasierices.lv\\\/wp-content\\\/uploads\\\/izsekosanasierices-wi-fi-rysio-stiprintuvas-su-imontuota-kamera-stiprintuvas-veikiantis.jpg\",\"width\":521,\"height\":639,\"caption\":\"wifi rysio stiprintuva ssu paslepta kamera\"},{\"@type\":\"BreadcrumbList\",\"@id\":\"https:\\\/\\\/izsekosanasierices.lv\\\/produkts\\\/wifi-pastiprinatajs-ar-iebuvetu-kameru\\\/#breadcrumb\",\"itemListElement\":[{\"@type\":\"ListItem\",\"position\":1,\"name\":\"S\u0101kums\",\"item\":\"https:\\\/\\\/izsekosanasierices.lv\\\/\"},{\"@type\":\"ListItem\",\"position\":2,\"name\":\"Veikals\",\"item\":\"https:\\\/\\\/izsekosanasierices.lv\\\/veikals\\\/\"},{\"@type\":\"ListItem\",\"position\":3,\"name\":\"WiFI pastiprin\u0101t\u0101js ar ieb\u016bv\u0113tu kameru\"}]},{\"@type\":\"WebSite\",\"@id\":\"https:\\\/\\\/izsekosanasierices.lv\\\/#website\",\"url\":\"https:\\\/\\\/izsekosanasierices.lv\\\/\",\"name\":\"Nr1 Izseko\u0161anas ier\u012bces gps izseko\u0161anas iek\u0101rtas, klaus\u012b\u0161an\u0101s iek\u0101rtas\",\"description\":\"\",\"potentialAction\":[{\"@type\":\"SearchAction\",\"target\":{\"@type\":\"EntryPoint\",\"urlTemplate\":\"https:\\\/\\\/izsekosanasierices.lv\\\/?s={search_term_string}\"},\"query-input\":{\"@type\":\"PropertyValueSpecification\",\"valueRequired\":true,\"valueName\":\"search_term_string\"}}],\"inLanguage\":\"et\"}]}<\/script>\n<!-- \/ Yoast SEO plugin. -->","yoast_head_json":{"title":"WiFI pastiprin\u0101t\u0101js ar ieb\u016bv\u0113tu kameru","description":"WiFi pastiprin\u0101t\u0101js ar sl\u0113pto kameru. Augstas kvalit\u0101tes video. Profesion\u0101las sl\u0113pt\u0101s kameras. Liels produktu kl\u0101sts. Bezmaksas pieg\u0101de.","robots":{"index":"index","follow":"follow","max-snippet":"max-snippet:-1","max-image-preview":"max-image-preview:large","max-video-preview":"max-video-preview:-1"},"canonical":"https:\/\/izsekosanasierices.lv\/et\/produkts\/sisseehitatud-kaameraga-wifi-voimendi\/","og_locale":"et_EE","og_type":"article","og_title":"Wi FI pastiprin\u0101t\u0101js ar slepeno kameru - Sekimoiranga.lt","og_description":"Wi fi pastiprin\u0101t\u0101js ar slepeno kameru. Augstas kvalit\u0101tes video, profesion\u0101las sl\u0113pt\u0101s kameras. Liels produktu kl\u0101sts Bezmaksas pieg\u0101de","og_url":"https:\/\/izsekosanasierices.lv\/et\/produkts\/sisseehitatud-kaameraga-wifi-voimendi\/","og_site_name":"Nr1 Izseko\u0161anas ier\u012bces gps izseko\u0161anas iek\u0101rtas, klaus\u012b\u0161an\u0101s iek\u0101rtas","article_modified_time":"2025-11-19T15:01:27+00:00","og_image":[{"url":"https:\/\/rvnski.dev\/sekimoiranga\/wp-content\/uploads\/izsekosanasierices.webp","type":"","width":"","height":""}],"twitter_card":"summary_large_image","twitter_title":"Wi FI pastiprin\u0101t\u0101js ar slepeno kameru - Sekimoiranga.lt","twitter_description":"Wi fi pastiprin\u0101t\u0101js ar slepeno kameru. Augstas kvalit\u0101tes video, profesion\u0101las sl\u0113pt\u0101s kameras. Liels produktu kl\u0101sts Bezmaksas pieg\u0101de","twitter_misc":{"Est. reading time":"2 minutit"},"schema":{"@context":"https:\/\/schema.org","@graph":[{"@type":"WebPage","@id":"https:\/\/izsekosanasierices.lv\/produkts\/wifi-pastiprinatajs-ar-iebuvetu-kameru\/","url":"https:\/\/izsekosanasierices.lv\/produkts\/wifi-pastiprinatajs-ar-iebuvetu-kameru\/","name":"WiFI pastiprin\u0101t\u0101js ar ieb\u016bv\u0113tu kameru","isPartOf":{"@id":"https:\/\/izsekosanasierices.lv\/#website"},"primaryImageOfPage":{"@id":"https:\/\/izsekosanasierices.lv\/produkts\/wifi-pastiprinatajs-ar-iebuvetu-kameru\/#primaryimage"},"image":{"@id":"https:\/\/izsekosanasierices.lv\/produkts\/wifi-pastiprinatajs-ar-iebuvetu-kameru\/#primaryimage"},"thumbnailUrl":"https:\/\/izsekosanasierices.lv\/wp-content\/uploads\/izsekosanasierices-wi-fi-rysio-stiprintuvas-su-imontuota-kamera-stiprintuvas-veikiantis.jpg","datePublished":"2023-10-05T15:37:57+00:00","dateModified":"2025-11-19T15:01:27+00:00","description":"WiFi pastiprin\u0101t\u0101js ar sl\u0113pto kameru. Augstas kvalit\u0101tes video. Profesion\u0101las sl\u0113pt\u0101s kameras. Liels produktu kl\u0101sts. Bezmaksas pieg\u0101de.","breadcrumb":{"@id":"https:\/\/izsekosanasierices.lv\/produkts\/wifi-pastiprinatajs-ar-iebuvetu-kameru\/#breadcrumb"},"inLanguage":"et","potentialAction":[{"@type":"ReadAction","target":["https:\/\/izsekosanasierices.lv\/produkts\/wifi-pastiprinatajs-ar-iebuvetu-kameru\/"]}]},{"@type":"ImageObject","inLanguage":"et","@id":"https:\/\/izsekosanasierices.lv\/produkts\/wifi-pastiprinatajs-ar-iebuvetu-kameru\/#primaryimage","url":"https:\/\/izsekosanasierices.lv\/wp-content\/uploads\/izsekosanasierices-wi-fi-rysio-stiprintuvas-su-imontuota-kamera-stiprintuvas-veikiantis.jpg","contentUrl":"https:\/\/izsekosanasierices.lv\/wp-content\/uploads\/izsekosanasierices-wi-fi-rysio-stiprintuvas-su-imontuota-kamera-stiprintuvas-veikiantis.jpg","width":521,"height":639,"caption":"wifi rysio stiprintuva ssu paslepta kamera"},{"@type":"BreadcrumbList","@id":"https:\/\/izsekosanasierices.lv\/produkts\/wifi-pastiprinatajs-ar-iebuvetu-kameru\/#breadcrumb","itemListElement":[{"@type":"ListItem","position":1,"name":"S\u0101kums","item":"https:\/\/izsekosanasierices.lv\/"},{"@type":"ListItem","position":2,"name":"Veikals","item":"https:\/\/izsekosanasierices.lv\/veikals\/"},{"@type":"ListItem","position":3,"name":"WiFI pastiprin\u0101t\u0101js ar ieb\u016bv\u0113tu kameru"}]},{"@type":"WebSite","@id":"https:\/\/izsekosanasierices.lv\/#website","url":"https:\/\/izsekosanasierices.lv\/","name":"Nr1 Izseko\u0161anas ier\u012bces gps izseko\u0161anas iek\u0101rtas, klaus\u012b\u0161an\u0101s iek\u0101rtas","description":"","potentialAction":[{"@type":"SearchAction","target":{"@type":"EntryPoint","urlTemplate":"https:\/\/izsekosanasierices.lv\/?s={search_term_string}"},"query-input":{"@type":"PropertyValueSpecification","valueRequired":true,"valueName":"search_term_string"}}],"inLanguage":"et"}]}},"_links":{"self":[{"href":"https:\/\/izsekosanasierices.lv\/et\/wp-json\/wp\/v2\/product\/1370","targetHints":{"allow":["GET"]}}],"collection":[{"href":"https:\/\/izsekosanasierices.lv\/et\/wp-json\/wp\/v2\/product"}],"about":[{"href":"https:\/\/izsekosanasierices.lv\/et\/wp-json\/wp\/v2\/types\/product"}],"wp:featuredmedia":[{"embeddable":true,"href":"https:\/\/izsekosanasierices.lv\/et\/wp-json\/wp\/v2\/media\/2132"}],"wp:attachment":[{"href":"https:\/\/izsekosanasierices.lv\/et\/wp-json\/wp\/v2\/media?parent=1370"}],"wp:term":[{"taxonomy":"product_brand","embeddable":true,"href":"https:\/\/izsekosanasierices.lv\/et\/wp-json\/wp\/v2\/product_brand?post=1370"},{"taxonomy":"product_cat","embeddable":true,"href":"https:\/\/izsekosanasierices.lv\/et\/wp-json\/wp\/v2\/product_cat?post=1370"},{"taxonomy":"product_tag","embeddable":true,"href":"https:\/\/izsekosanasierices.lv\/et\/wp-json\/wp\/v2\/product_tag?post=1370"}],"curies":[{"name":"wp","href":"https:\/\/api.w.org\/{rel}","templated":true}]}}