{"id":1371,"date":"2023-10-05T15:37:57","date_gmt":"2023-10-05T15:37:57","guid":{"rendered":"https:\/\/izsekosanasierices.lv\/produktas\/dvigubas-elektros-lizdas-rozete-220v-5v-usb-su-imontuota-slapta-kamera-wifi\/"},"modified":"2025-11-19T18:06:13","modified_gmt":"2025-11-19T16:06:13","slug":"dubulta-elektribas-kontaktligzda-ar-iebuvetu-slepeno-kameru-ar-wifi-divas-usb-pieslegvietas-220v-5v","status":"publish","type":"product","link":"https:\/\/izsekosanasierices.lv\/et\/produkts\/topelt-pistikupesa-koos-sisseehitatud-salajase-kaamera-wifiga-kaks-usb-porti-220v-5v\/","title":{"rendered":"Topelt pistikupesa koos sisseehitatud salakaameraga koos WiFi | 2 USB porti | 220V\/5V"},"content":{"rendered":"<p><strong>PROMOTION: 32 GB micro SD kingitusena <\/strong><\/p>\n<p><strong>Tehnilised parameetrid:<\/strong><\/p>\n<ul>\n<li>M\u00e4lukaardi tugi: micro SD\/SDHC kuni 128 GB (ei kuulu komplekti)<\/li>\n<li>Video salvestamine koos heliga<\/li>\n<li>Salvestuslahutus: Full HD 1920 x 1080 px<\/li>\n<li>Videoformaat: avi | max 25 fps<\/li>\n<li>Pildi resolutsioon: jpeg 1280 x 720 px<\/li>\n<li>Vaatamisnurk: 120\u00b0<\/li>\n<li>Heli: m\u00fcrasummutusmikrofon<\/li>\n<li>\u00dchendusstandard: USB<\/li>\n<li>\u00d6ine n\u00e4htavus 6 meetrit<\/li>\n<li>Online-seire (mobiilirakenduse kaudu)<\/li>\n<li>Liikumisandur<\/li>\n<li>Pidev videosalvestus<\/li>\n<li>Videokodeerimine: H264<\/li>\n<li>Sisaldab kaamerat koos <strong>WiFi<\/strong> , micro SD kaardilugeja, USB-kaabel, toiteallikas<\/li>\n<li>M\u00f5\u00f5tmed: 4,8 x 4,8 x 6,9 cm<\/li>\n<li><strong>Garantii 12 kuud<\/strong><\/li>\n<\/ul>\n<p><span style=\"color: #ff0000;\"><strong>Vajad kiiret sama p\u00e4eva (ja n\u00e4dalavahetuse) kohaletoimetamist?  Helistage +37120484176<\/strong><\/span><\/p>\n<p>Kasutamine: enda kaitseks, laste kaitseks.<\/p>\n<p>Valvekaamerad on kasulikud erinevates olukordades, n\u00e4iteks selleks, et saada teada, mida alaealised lapsed teevad, v\u00f5i selleks, et veenduda, et eakad inimesed on kodus turvaliselt jne. Varjatud kaamera aitab diskreetselt j\u00e4\u00e4dvustada videomaterjali, mida saab j\u00e4lgida reaalajas. Kuigi varjatud kaameraid seostatakse sageli spionaa\u017eiga, v\u00f5ib selliste kaamerate kasutamine kindlasti pakkuda turvalisust paljudes olukordades.<\/p>\n<p><strong>Lai valik rakendusi<\/strong><\/p>\n<p>Telefonilaadijasse peidetud kaamera aitab teil j\u00e4lgida lapsehoidja, majahoidja v\u00f5i teiste teie kodus viibivate k\u00fclaliste tegevust. V\u00f5\u00f5rad inimesed ei ole alati usaldusv\u00e4\u00e4rsed, seega aitab salajane kaamera v\u00e4ltida v\u00f5imalikke vargusi v\u00f5i muid kuritegusid. Me k\u00f5ik ootame, et t\u00f6\u00f6tajad oleksid ausad ja teeksid oma t\u00f6\u00f6d korralikult, kuid salakaamera aitab teil olla turvalisem. Varjatud kaamerate kasutamine on m\u00f5nikord kasulik kontorites ja muudes asutustes: kui on kahtlusi \u00fcksikute t\u00f6\u00f6tajate aususes, v\u00f5ib see varjatud seade aidata lihtsustada teatud otsuseid. Varjatud kaamera v\u00f5ib aidata koguda t\u00f5endeid, mis v\u00f5ivad olla kasulikud kohtuprotsessis v\u00f5i kellegi ebaaususe t\u00f5estamiseks. Salakaameraid kasutatakse ka laste v\u00f5i eakate turvalisuse tagamiseks: salakaamera abil saate n\u00e4ha, kuidas nad \u00fcksi olles toimetavad, mis aitab \u00e4ra hoida v\u00f5imalikke \u00f5nnetusi.<\/p>\n<p><strong>N\u00e4htamatu seade<\/strong><\/p>\n<p>Varjatud kaamerad on alati kasulikud, kui soovite videoid m\u00e4rkamatult j\u00e4\u00e4dvustada. Salakaamera mobiiltelefoni laadijas v\u00f5ib olla v\u00e4ga hea valik: 90 % inimest j\u00e4tab oma mobiiltelefoni laadija pistikupessa, nii et keegi ei kahtle, et see on video jaoks. Salakaamera n\u00e4eb v\u00e4lja nagu tavaline mobiiltelefoni laadija, nii et ruumis viibijad ei kahtle midagi.<\/p>\n<p><strong>Suurep\u00e4rane video- ja helikvaliteet<\/strong><\/p>\n<p>Salakaamera ei j\u00e4\u00e4dvusta mitte ainult pilti, vaid ka heli, mis on piisavalt selge. Kuigi sageli tuntakse muret, et salakaamerad ei suuda pakkuda kvaliteetset videot ja heli, leiate, et selle p\u00e4rast ei ole vaja muretseda. Telefoni laadijasse sisseehitatud kaamera suudab pakkuda selget heli ja pilti, nii et te ei n\u00e4e, vaid ka kuulete, mis ruumis toimub.<\/p>\n<p><strong>Veelgi kasutajas\u00f5bralikum seade<\/strong><\/p>\n<p>Kaasaegsed peidetud kaamerad on varustatud video salvestamiseks reaalajas, mis aitab ennetada v\u00f5imalikke \u00f5nnetusi. Laadija peitkaamerat saab konfigureerida koos <strong>WiFi<\/strong>v\u00f5rgu kaudu tehtud salvestuste vaatamiseks, kui selleks peaks tekkima vajadus. Saate salvestusi vaadata, millal iganes soovite. Kui ruumis tuvastatakse liikumine, n\u00e4iteks kui keegi siseneb, saab teie mobiiltelefon teate, nii et saate kohe alustada voogedastust.<\/p>\n<p><strong>Suur m\u00e4lukaardi mahutavus<\/strong><\/p>\n<p>Kui kavatsete oma salakaamerat \u00fcsna tihti kasutada, on loomulik, et m\u00f5tlete, kas see toetab piisava mahuga m\u00e4lukaarti. Telefoni laadija sisseehitatud kaamera toetab kuni 128 GB suuruseid m\u00e4lukaarte. V\u00f5ite olla kindel, et selle salajase filmimisseadme kasutamisel ei tekita teile ebamugavusi piiratud m\u00e4lu - te ei j\u00e4ta midagi olulist vahele ja v\u00f5ite oma kahtlused maha j\u00e4tta.<\/p>","protected":false},"excerpt":{"rendered":"<p>Salajane kaamera on sisseehitatud reisitelefoni laadijasse. K\u00f5rge pildikvaliteet, lihtne kasutada. Kaugvaatamine. Tasuta saatmine<\/p>","protected":false},"featured_media":2141,"template":"","meta":[],"product_brand":[],"product_cat":[330,321,331],"product_tag":[332,325,23,333,334,328,29],"class_list":{"0":"post-1371","1":"product","2":"type-product","3":"status-publish","4":"has-post-thumbnail","6":"product_cat-masketas-kameras","7":"product_cat-sleptas-kameras","8":"product_cat-wi-fi-slepenas-kameras","9":"product_tag-izsekosanas-iekartas","10":"product_tag-izsekosanas-kamera","11":"product_tag-kamera","12":"product_tag-kameras-pulkstenis","13":"product_tag-masketa-kamera","14":"product_tag-slepena-kamera","15":"product_tag-wi-fi-kamera","17":"first","18":"instock","19":"taxable","20":"shipping-taxable","21":"purchasable","22":"product-type-simple"},"yoast_head":"<!-- This site is optimized with the Yoast SEO plugin v27.5 - https:\/\/yoast.com\/product\/yoast-seo-wordpress\/ -->\n<title>Dubult\u0101 elektr\u012bbas kontaktligzda ar ieb\u016bv\u0113tu slepeno kameru ar wifi<\/title>\n<meta name=\"description\" content=\"Str\u0101vas kontaktligzd\u0101 ieb\u016bv\u0113ta sl\u0113pt\u0101 kamera. Augstas kvalit\u0101tes att\u0113ls. Viegli lietojama. Att\u0101lin\u0101ta skat\u012b\u0161an\u0101s. Bezmaksas pieg\u0101de.\" \/>\n<meta name=\"robots\" content=\"index, follow, max-snippet:-1, max-image-preview:large, max-video-preview:-1\" \/>\n<link rel=\"canonical\" href=\"https:\/\/izsekosanasierices.lv\/et\/produkts\/topelt-pistikupesa-koos-sisseehitatud-salajase-kaamera-wifiga-kaks-usb-porti-220v-5v\/\" \/>\n<meta property=\"og:locale\" content=\"et_EE\" \/>\n<meta property=\"og:type\" content=\"article\" \/>\n<meta property=\"og:title\" content=\"Dubult\u0101s kontaktligzdas ar ieb\u016bv\u0113tu sl\u0113pto kameru WIFI\" \/>\n<meta property=\"og:description\" content=\"Slepen\u0101 kamera ir ieb\u016bv\u0113ta ce\u013cojuma t\u0101lru\u0146a l\u0101d\u0113t\u0101j\u0101. Augstas kvalit\u0101tes att\u0113ls, viegli lietojams. Att\u0101lin\u0101ta skat\u012b\u0161an\u0101s. Bezmaksas pieg\u0101de\" \/>\n<meta property=\"og:url\" content=\"https:\/\/izsekosanasierices.lv\/et\/produkts\/topelt-pistikupesa-koos-sisseehitatud-salajase-kaamera-wifiga-kaks-usb-porti-220v-5v\/\" \/>\n<meta property=\"og:site_name\" content=\"Nr1 Izseko\u0161anas ier\u012bces gps izseko\u0161anas iek\u0101rtas, klaus\u012b\u0161an\u0101s iek\u0101rtas\" \/>\n<meta property=\"article:modified_time\" content=\"2025-11-19T16:06:13+00:00\" \/>\n<meta property=\"og:image\" content=\"https:\/\/rvnski.dev\/sekimoiranga\/wp-content\/uploads\/izsekosanasierices.webp\" \/>\n<meta name=\"twitter:card\" content=\"summary_large_image\" \/>\n<meta name=\"twitter:title\" content=\"Dubult\u0101s kontaktligzdas ar ieb\u016bv\u0113tu sl\u0113pto kameru WIFI\" \/>\n<meta name=\"twitter:description\" content=\"Slepen\u0101 kamera ir ieb\u016bv\u0113ta ce\u013cojuma t\u0101lru\u0146a l\u0101d\u0113t\u0101j\u0101. Augstas kvalit\u0101tes att\u0113ls, viegli lietojams. Att\u0101lin\u0101ta skat\u012b\u0161an\u0101s. Bezmaksas pieg\u0101de\" \/>\n<meta name=\"twitter:label1\" content=\"Est. reading time\" \/>\n\t<meta name=\"twitter:data1\" content=\"4 minutit\" \/>\n<script type=\"application\/ld+json\" class=\"yoast-schema-graph\">{\"@context\":\"https:\\\/\\\/schema.org\",\"@graph\":[{\"@type\":\"WebPage\",\"@id\":\"https:\\\/\\\/izsekosanasierices.lv\\\/produkts\\\/dubulta-elektribas-kontaktligzda-ar-iebuvetu-slepeno-kameru-ar-wifi-divas-usb-pieslegvietas-220v-5v\\\/\",\"url\":\"https:\\\/\\\/izsekosanasierices.lv\\\/produkts\\\/dubulta-elektribas-kontaktligzda-ar-iebuvetu-slepeno-kameru-ar-wifi-divas-usb-pieslegvietas-220v-5v\\\/\",\"name\":\"Dubult\u0101 elektr\u012bbas kontaktligzda ar ieb\u016bv\u0113tu slepeno kameru ar wifi\",\"isPartOf\":{\"@id\":\"https:\\\/\\\/izsekosanasierices.lv\\\/#website\"},\"primaryImageOfPage\":{\"@id\":\"https:\\\/\\\/izsekosanasierices.lv\\\/produkts\\\/dubulta-elektribas-kontaktligzda-ar-iebuvetu-slepeno-kameru-ar-wifi-divas-usb-pieslegvietas-220v-5v\\\/#primaryimage\"},\"image\":{\"@id\":\"https:\\\/\\\/izsekosanasierices.lv\\\/produkts\\\/dubulta-elektribas-kontaktligzda-ar-iebuvetu-slepeno-kameru-ar-wifi-divas-usb-pieslegvietas-220v-5v\\\/#primaryimage\"},\"thumbnailUrl\":\"https:\\\/\\\/izsekosanasierices.lv\\\/wp-content\\\/uploads\\\/izsekosanasierices-dvigubas-elektros-lizdas-rozete-220v-5v-usb-su-imontuota-slapta-kamera-wifi.jpg\",\"datePublished\":\"2023-10-05T15:37:57+00:00\",\"dateModified\":\"2025-11-19T16:06:13+00:00\",\"description\":\"Str\u0101vas kontaktligzd\u0101 ieb\u016bv\u0113ta sl\u0113pt\u0101 kamera. Augstas kvalit\u0101tes att\u0113ls. Viegli lietojama. Att\u0101lin\u0101ta skat\u012b\u0161an\u0101s. Bezmaksas pieg\u0101de.\",\"breadcrumb\":{\"@id\":\"https:\\\/\\\/izsekosanasierices.lv\\\/produkts\\\/dubulta-elektribas-kontaktligzda-ar-iebuvetu-slepeno-kameru-ar-wifi-divas-usb-pieslegvietas-220v-5v\\\/#breadcrumb\"},\"inLanguage\":\"et\",\"potentialAction\":[{\"@type\":\"ReadAction\",\"target\":[\"https:\\\/\\\/izsekosanasierices.lv\\\/produkts\\\/dubulta-elektribas-kontaktligzda-ar-iebuvetu-slepeno-kameru-ar-wifi-divas-usb-pieslegvietas-220v-5v\\\/\"]}]},{\"@type\":\"ImageObject\",\"inLanguage\":\"et\",\"@id\":\"https:\\\/\\\/izsekosanasierices.lv\\\/produkts\\\/dubulta-elektribas-kontaktligzda-ar-iebuvetu-slepeno-kameru-ar-wifi-divas-usb-pieslegvietas-220v-5v\\\/#primaryimage\",\"url\":\"https:\\\/\\\/izsekosanasierices.lv\\\/wp-content\\\/uploads\\\/izsekosanasierices-dvigubas-elektros-lizdas-rozete-220v-5v-usb-su-imontuota-slapta-kamera-wifi.jpg\",\"contentUrl\":\"https:\\\/\\\/izsekosanasierices.lv\\\/wp-content\\\/uploads\\\/izsekosanasierices-dvigubas-elektros-lizdas-rozete-220v-5v-usb-su-imontuota-slapta-kamera-wifi.jpg\",\"width\":748,\"height\":693,\"caption\":\"Dviguba rozete su slapta kamera Wifi\"},{\"@type\":\"BreadcrumbList\",\"@id\":\"https:\\\/\\\/izsekosanasierices.lv\\\/produkts\\\/dubulta-elektribas-kontaktligzda-ar-iebuvetu-slepeno-kameru-ar-wifi-divas-usb-pieslegvietas-220v-5v\\\/#breadcrumb\",\"itemListElement\":[{\"@type\":\"ListItem\",\"position\":1,\"name\":\"S\u0101kums\",\"item\":\"https:\\\/\\\/izsekosanasierices.lv\\\/\"},{\"@type\":\"ListItem\",\"position\":2,\"name\":\"Veikals\",\"item\":\"https:\\\/\\\/izsekosanasierices.lv\\\/veikals\\\/\"},{\"@type\":\"ListItem\",\"position\":3,\"name\":\"Dubult\u0101 elektr\u012bbas kontaktligzda ar ieb\u016bv\u0113tu slepeno kameru ar WiFi | divas USB piesl\u0113gvietas | 220V\\\/5V\"}]},{\"@type\":\"WebSite\",\"@id\":\"https:\\\/\\\/izsekosanasierices.lv\\\/#website\",\"url\":\"https:\\\/\\\/izsekosanasierices.lv\\\/\",\"name\":\"Nr1 Izseko\u0161anas ier\u012bces gps izseko\u0161anas iek\u0101rtas, klaus\u012b\u0161an\u0101s iek\u0101rtas\",\"description\":\"\",\"potentialAction\":[{\"@type\":\"SearchAction\",\"target\":{\"@type\":\"EntryPoint\",\"urlTemplate\":\"https:\\\/\\\/izsekosanasierices.lv\\\/?s={search_term_string}\"},\"query-input\":{\"@type\":\"PropertyValueSpecification\",\"valueRequired\":true,\"valueName\":\"search_term_string\"}}],\"inLanguage\":\"et\"}]}<\/script>\n<!-- \/ Yoast SEO plugin. -->","yoast_head_json":{"title":"Dubult\u0101 elektr\u012bbas kontaktligzda ar ieb\u016bv\u0113tu slepeno kameru ar wifi","description":"Str\u0101vas kontaktligzd\u0101 ieb\u016bv\u0113ta sl\u0113pt\u0101 kamera. Augstas kvalit\u0101tes att\u0113ls. Viegli lietojama. Att\u0101lin\u0101ta skat\u012b\u0161an\u0101s. Bezmaksas pieg\u0101de.","robots":{"index":"index","follow":"follow","max-snippet":"max-snippet:-1","max-image-preview":"max-image-preview:large","max-video-preview":"max-video-preview:-1"},"canonical":"https:\/\/izsekosanasierices.lv\/et\/produkts\/topelt-pistikupesa-koos-sisseehitatud-salajase-kaamera-wifiga-kaks-usb-porti-220v-5v\/","og_locale":"et_EE","og_type":"article","og_title":"Dubult\u0101s kontaktligzdas ar ieb\u016bv\u0113tu sl\u0113pto kameru WIFI","og_description":"Slepen\u0101 kamera ir ieb\u016bv\u0113ta ce\u013cojuma t\u0101lru\u0146a l\u0101d\u0113t\u0101j\u0101. Augstas kvalit\u0101tes att\u0113ls, viegli lietojams. Att\u0101lin\u0101ta skat\u012b\u0161an\u0101s. Bezmaksas pieg\u0101de","og_url":"https:\/\/izsekosanasierices.lv\/et\/produkts\/topelt-pistikupesa-koos-sisseehitatud-salajase-kaamera-wifiga-kaks-usb-porti-220v-5v\/","og_site_name":"Nr1 Izseko\u0161anas ier\u012bces gps izseko\u0161anas iek\u0101rtas, klaus\u012b\u0161an\u0101s iek\u0101rtas","article_modified_time":"2025-11-19T16:06:13+00:00","og_image":[{"url":"https:\/\/rvnski.dev\/sekimoiranga\/wp-content\/uploads\/izsekosanasierices.webp","type":"","width":"","height":""}],"twitter_card":"summary_large_image","twitter_title":"Dubult\u0101s kontaktligzdas ar ieb\u016bv\u0113tu sl\u0113pto kameru WIFI","twitter_description":"Slepen\u0101 kamera ir ieb\u016bv\u0113ta ce\u013cojuma t\u0101lru\u0146a l\u0101d\u0113t\u0101j\u0101. Augstas kvalit\u0101tes att\u0113ls, viegli lietojams. Att\u0101lin\u0101ta skat\u012b\u0161an\u0101s. Bezmaksas pieg\u0101de","twitter_misc":{"Est. reading time":"4 minutit"},"schema":{"@context":"https:\/\/schema.org","@graph":[{"@type":"WebPage","@id":"https:\/\/izsekosanasierices.lv\/produkts\/dubulta-elektribas-kontaktligzda-ar-iebuvetu-slepeno-kameru-ar-wifi-divas-usb-pieslegvietas-220v-5v\/","url":"https:\/\/izsekosanasierices.lv\/produkts\/dubulta-elektribas-kontaktligzda-ar-iebuvetu-slepeno-kameru-ar-wifi-divas-usb-pieslegvietas-220v-5v\/","name":"Dubult\u0101 elektr\u012bbas kontaktligzda ar ieb\u016bv\u0113tu slepeno kameru ar wifi","isPartOf":{"@id":"https:\/\/izsekosanasierices.lv\/#website"},"primaryImageOfPage":{"@id":"https:\/\/izsekosanasierices.lv\/produkts\/dubulta-elektribas-kontaktligzda-ar-iebuvetu-slepeno-kameru-ar-wifi-divas-usb-pieslegvietas-220v-5v\/#primaryimage"},"image":{"@id":"https:\/\/izsekosanasierices.lv\/produkts\/dubulta-elektribas-kontaktligzda-ar-iebuvetu-slepeno-kameru-ar-wifi-divas-usb-pieslegvietas-220v-5v\/#primaryimage"},"thumbnailUrl":"https:\/\/izsekosanasierices.lv\/wp-content\/uploads\/izsekosanasierices-dvigubas-elektros-lizdas-rozete-220v-5v-usb-su-imontuota-slapta-kamera-wifi.jpg","datePublished":"2023-10-05T15:37:57+00:00","dateModified":"2025-11-19T16:06:13+00:00","description":"Str\u0101vas kontaktligzd\u0101 ieb\u016bv\u0113ta sl\u0113pt\u0101 kamera. Augstas kvalit\u0101tes att\u0113ls. Viegli lietojama. Att\u0101lin\u0101ta skat\u012b\u0161an\u0101s. Bezmaksas pieg\u0101de.","breadcrumb":{"@id":"https:\/\/izsekosanasierices.lv\/produkts\/dubulta-elektribas-kontaktligzda-ar-iebuvetu-slepeno-kameru-ar-wifi-divas-usb-pieslegvietas-220v-5v\/#breadcrumb"},"inLanguage":"et","potentialAction":[{"@type":"ReadAction","target":["https:\/\/izsekosanasierices.lv\/produkts\/dubulta-elektribas-kontaktligzda-ar-iebuvetu-slepeno-kameru-ar-wifi-divas-usb-pieslegvietas-220v-5v\/"]}]},{"@type":"ImageObject","inLanguage":"et","@id":"https:\/\/izsekosanasierices.lv\/produkts\/dubulta-elektribas-kontaktligzda-ar-iebuvetu-slepeno-kameru-ar-wifi-divas-usb-pieslegvietas-220v-5v\/#primaryimage","url":"https:\/\/izsekosanasierices.lv\/wp-content\/uploads\/izsekosanasierices-dvigubas-elektros-lizdas-rozete-220v-5v-usb-su-imontuota-slapta-kamera-wifi.jpg","contentUrl":"https:\/\/izsekosanasierices.lv\/wp-content\/uploads\/izsekosanasierices-dvigubas-elektros-lizdas-rozete-220v-5v-usb-su-imontuota-slapta-kamera-wifi.jpg","width":748,"height":693,"caption":"Dviguba rozete su slapta kamera Wifi"},{"@type":"BreadcrumbList","@id":"https:\/\/izsekosanasierices.lv\/produkts\/dubulta-elektribas-kontaktligzda-ar-iebuvetu-slepeno-kameru-ar-wifi-divas-usb-pieslegvietas-220v-5v\/#breadcrumb","itemListElement":[{"@type":"ListItem","position":1,"name":"S\u0101kums","item":"https:\/\/izsekosanasierices.lv\/"},{"@type":"ListItem","position":2,"name":"Veikals","item":"https:\/\/izsekosanasierices.lv\/veikals\/"},{"@type":"ListItem","position":3,"name":"Dubult\u0101 elektr\u012bbas kontaktligzda ar ieb\u016bv\u0113tu slepeno kameru ar WiFi | divas USB piesl\u0113gvietas | 220V\/5V"}]},{"@type":"WebSite","@id":"https:\/\/izsekosanasierices.lv\/#website","url":"https:\/\/izsekosanasierices.lv\/","name":"Nr1 Izseko\u0161anas ier\u012bces gps izseko\u0161anas iek\u0101rtas, klaus\u012b\u0161an\u0101s iek\u0101rtas","description":"","potentialAction":[{"@type":"SearchAction","target":{"@type":"EntryPoint","urlTemplate":"https:\/\/izsekosanasierices.lv\/?s={search_term_string}"},"query-input":{"@type":"PropertyValueSpecification","valueRequired":true,"valueName":"search_term_string"}}],"inLanguage":"et"}]}},"_links":{"self":[{"href":"https:\/\/izsekosanasierices.lv\/et\/wp-json\/wp\/v2\/product\/1371","targetHints":{"allow":["GET"]}}],"collection":[{"href":"https:\/\/izsekosanasierices.lv\/et\/wp-json\/wp\/v2\/product"}],"about":[{"href":"https:\/\/izsekosanasierices.lv\/et\/wp-json\/wp\/v2\/types\/product"}],"wp:featuredmedia":[{"embeddable":true,"href":"https:\/\/izsekosanasierices.lv\/et\/wp-json\/wp\/v2\/media\/2141"}],"wp:attachment":[{"href":"https:\/\/izsekosanasierices.lv\/et\/wp-json\/wp\/v2\/media?parent=1371"}],"wp:term":[{"taxonomy":"product_brand","embeddable":true,"href":"https:\/\/izsekosanasierices.lv\/et\/wp-json\/wp\/v2\/product_brand?post=1371"},{"taxonomy":"product_cat","embeddable":true,"href":"https:\/\/izsekosanasierices.lv\/et\/wp-json\/wp\/v2\/product_cat?post=1371"},{"taxonomy":"product_tag","embeddable":true,"href":"https:\/\/izsekosanasierices.lv\/et\/wp-json\/wp\/v2\/product_tag?post=1371"}],"curies":[{"name":"wp","href":"https:\/\/api.w.org\/{rel}","templated":true}]}}