{"id":1372,"date":"2023-10-05T15:37:57","date_gmt":"2023-10-05T15:37:57","guid":{"rendered":"https:\/\/izsekosanasierices.lv\/produktas\/pro-serijos-wifi-pasiklausymo-blake-su-isoriniu-mikrofonu-veikimas-iki-4-men\/"},"modified":"2026-04-05T11:22:11","modified_gmt":"2026-04-05T08:22:11","slug":"wifi-pro-serijas-noklausisanas-ierice-ar-arejiem-mikrofoniem-darbojas-lidz-4-menesiem","status":"publish","type":"product","link":"https:\/\/izsekosanasierices.lv\/et\/produkts\/wifi-pro-seeria-kuulamise-seade-areium-mikrofonidega-tootab-kuni-4-kuud\/","title":{"rendered":"WiFi PRO-seeria kuulamise seade koos v\u00e4liste mikrofonidega, kuni 4 kuud"},"content":{"rendered":"<h3><strong>Tehnilised parameetrid:<\/strong><\/h3>\n<ul>\n<li>Heli: WI-FI k\u00f5rgekvaliteediline heli<\/li>\n<li>Sisaldab 32 gb m\u00e4lukaarti<\/li>\n<li>Ei tekita mingit heli<\/li>\n<li>V\u00e4lise mikrofoni juhtme pikkus: 1,5 meetrit<\/li>\n<li>Saab kasutada ilma v\u00e4lise mikrofonita<\/li>\n<li>Sisaldab v\u00e4list mikrofoni (lihtne kasutada seadmete t\u00f5husaks varjamiseks - ainult mikrofon tuleb paigutada kuulamiskohale l\u00e4hemale).<\/li>\n<li>Saadaval on otse\u00fclekanne<\/li>\n<li>32 gb sisem\u00e4lu (v\u00f5imalik kauge allalaadimine)<\/li>\n<li>Mobiilirakendus saadaval<\/li>\n<li>Mikrofon: k\u00f5rge helikvaliteet<\/li>\n<li>T\u00f6\u00f6aeg: kuni 4 kuud (sisemise akuga). Seadet saab \u00fchendada toiteallikaga (telefonilaadijaga v\u00f5i <em>PowerBank<\/em>), kuulamisaeg on piiramatu<\/li>\n<li>Seade v\u00f5ib saata telefoni teate ja salvestada heli automaatselt (aktiveerub, kui tuvastab heli 50db, 60db v\u00f5i 70db).<\/li>\n<li>M\u00f5\u00f5tmed: k\u00f5rgus 9 cm x laius 5 cm x paksus 1,5 cm<\/li>\n<li><strong>Garantii 12 kuud<\/strong><\/li>\n<\/ul>\n<p><span style=\"color: #ff0000;\"><strong>Vajad kiiret sama p\u00e4eva (ja n\u00e4dalavahetuse) kohaletoimetamist? Helistage +371-20484176<\/strong><\/span><\/p>\n<p>Kasutamine: teie ohutuse tagamiseks, laste ohutuse tagamiseks.<\/p>\n<p><strong>Sisaldab:<\/strong><\/p>\n<ul>\n<li>WiFi PRO kuulamise seade;<\/li>\n<li>juhised<\/li>\n<\/ul>\n<p>Kasutage enda ja oma laste ohutuse tagamiseks.<\/p>\n<p>WiFi PRO kuuldeaparaadid on turu k\u00f5rgeima kvaliteediga. Saate nautida kvaliteetset heli, p\u00e4\u00e4seda helisalvestusele juurde, kui teile sobib (ei pea kogu aeg kuulama), ja laadida salvestusi rakenduse kaudu mobiiltelefoni v\u00f5i muusse seadmesse. 32 GB sisem\u00e4lu. Seade salvestab heli automaatselt. N\u00e4iteks kui inimesed hakkavad r\u00e4\u00e4kima, saate telefoni teate. Kui teil on sel ajal v\u00f5imalik seda teha, saate kuulata reaalajas, kuid kui teil ei ole sel ajal v\u00f5imalik seda teha, salvestatakse vestlused seadme sisem\u00e4llu ja salvestused on teile eemalt k\u00e4ttesaadavad.<\/p>\n<p>Kui paigaldate seadme ruumi, kus puudub WiFi \u00fchendus, salvestab seade helisid.<\/p>\n<p>Mille poolest on see kuulamise seade parem kui GSM?<\/p>\n<ul>\n<li>See salvestab salvestused sisem\u00e4llu;<\/li>\n<li>kirjed on k\u00e4ttesaadavad eemalt;<\/li>\n<li>k\u00f5rgem helikvaliteet.<\/li>\n<\/ul>\n<p>See uus pealtkuulamisseade on mugav ja funktsionaalne vahend, mis t\u00f6\u00f6tab \u00fcle Wi-Fi v\u00f5rgu. See v\u00f5ib salvestada vestlusi ja v\u00f5imaldada teil neid kuulata v\u00f5i laadida alla ja salvestada need teise seadmesse mobiilirakenduse abil. Sellel on kuni 32 GB sisem\u00e4lu, nii et salvestamiseks on piisavalt aega. Seade kasutab uut tehnoloogiat, mis tagab, et see vajab v\u00e4he energiat, nii et see v\u00f5ib pikka aega ilma laadimiseta t\u00f6\u00f6tada. Te ei pea muretsema, et olulised vestlused v\u00f5i teave j\u00e4\u00e4b saamata, ning saate mobiilirakenduse kaudu kuulata vestlusi otse\u00fclekandes.<\/p>","protected":false},"excerpt":{"rendered":"<p>Kuuldeaparaat kestab kuni 4 kuud ilma laadimiseta ja parima helikvaliteediga. Ei ole analoogi turul. Koolitus j\u00e4lgimisseadme kasutamise ja seadistamise kohta.<\/p>","protected":false},"featured_media":2143,"template":"","meta":[],"product_brand":[],"product_cat":[335,351,337,352],"product_tag":[62,338,339,340,341],"class_list":{"0":"post-1372","1":"product","2":"type-product","3":"status-publish","4":"has-post-thumbnail","6":"product_cat-noklausisanas-ierices","7":"product_cat-pagarinatajs-ar-iebuvetu-noklausisanas-iekartu","8":"product_cat-profesionals-noklausisanas-aprikojums","9":"product_cat-wi-fi-noklausisanas-iekartas-jaunums","10":"product_tag-gsm-blake","11":"product_tag-noklausisanas-iekartas","12":"product_tag-noklausisanas-kluda","13":"product_tag-profesionalas-noklausisanas-iekartas","14":"product_tag-sarunu-noklausisanas","16":"first","17":"instock","18":"taxable","19":"shipping-taxable","20":"purchasable","21":"product-type-simple"},"yoast_head":"<!-- This site is optimized with the Yoast SEO plugin v27.5 - https:\/\/yoast.com\/product\/yoast-seo-wordpress\/ -->\n<title>WiFi PRO noklaus\u012b\u0161an\u0101s ier\u012bce ar \u0101r\u0113jiem mikrofoniem<\/title>\n<meta name=\"description\" content=\"Klaus\u012b\u0161an\u0101s iek\u0101rta bez uzl\u0101des darbojas l\u012bdz pat 4 m\u0113ne\u0161iem, visaugst\u0101k\u0101 ska\u0146as kvalit\u0101te. Tirg\u016b nav analoga. Apm\u0101c\u012bba par izseko\u0161anas apr\u012bkojuma lieto\u0161anu\" \/>\n<meta name=\"robots\" content=\"index, follow, max-snippet:-1, max-image-preview:large, max-video-preview:-1\" \/>\n<link rel=\"canonical\" href=\"https:\/\/izsekosanasierices.lv\/et\/produkts\/wifi-pro-seeria-kuulamise-seade-areium-mikrofonidega-tootab-kuni-4-kuud\/\" \/>\n<meta property=\"og:locale\" content=\"et_EE\" \/>\n<meta property=\"og:type\" content=\"article\" \/>\n<meta property=\"og:title\" content=\"Wi FI klaus\u012b\u0161an\u0101s atloks ar \u0101r\u0113jo mikrofonu darbojas l\u012bdz 4 m\u0113ne\u0161iem bez maksas\" \/>\n<meta property=\"og:description\" content=\"Klaus\u012b\u0161an\u0101s iek\u0101rta bez uzl\u0101des darbojas l\u012bdz pat 4 m\u0113ne\u0161iem, visaugst\u0101k\u0101 ska\u0146as kvalit\u0101te. Tirg\u016b nav analoga. Apm\u0101c\u012bba par izseko\u0161anas apr\u012bkojuma lieto\u0161anu un konfigur\u0113\u0161anu.\" \/>\n<meta property=\"og:url\" content=\"https:\/\/izsekosanasierices.lv\/et\/produkts\/wifi-pro-seeria-kuulamise-seade-areium-mikrofonidega-tootab-kuni-4-kuud\/\" \/>\n<meta property=\"og:site_name\" content=\"Nr1 Izseko\u0161anas ier\u012bces gps izseko\u0161anas iek\u0101rtas, klaus\u012b\u0161an\u0101s iek\u0101rtas\" \/>\n<meta property=\"article:modified_time\" content=\"2026-04-05T08:22:11+00:00\" \/>\n<meta property=\"og:image\" content=\"https:\/\/rvnski.dev\/sekimoiranga\/wp-content\/uploads\/izsekosanasierices.webp\" \/>\n<meta name=\"twitter:card\" content=\"summary_large_image\" \/>\n<meta name=\"twitter:title\" content=\"Wi FI klaus\u012b\u0161an\u0101s atloks ar \u0101r\u0113jo mikrofonu darbojas l\u012bdz 4 m\u0113ne\u0161iem bez maksas\" \/>\n<meta name=\"twitter:description\" content=\"Klaus\u012b\u0161an\u0101s iek\u0101rta bez uzl\u0101des darbojas l\u012bdz pat 4 m\u0113ne\u0161iem, visaugst\u0101k\u0101 ska\u0146as kvalit\u0101te. Tirg\u016b nav analoga. Apm\u0101c\u012bba par izseko\u0161anas apr\u012bkojuma lieto\u0161anu un konfigur\u0113\u0161anu.\" \/>\n<meta name=\"twitter:label1\" content=\"Est. reading time\" \/>\n\t<meta name=\"twitter:data1\" content=\"3 minutit\" \/>\n<script type=\"application\/ld+json\" class=\"yoast-schema-graph\">{\"@context\":\"https:\\\/\\\/schema.org\",\"@graph\":[{\"@type\":\"WebPage\",\"@id\":\"https:\\\/\\\/izsekosanasierices.lv\\\/produkts\\\/wifi-pro-serijas-noklausisanas-ierice-ar-arejiem-mikrofoniem-darbojas-lidz-4-menesiem\\\/\",\"url\":\"https:\\\/\\\/izsekosanasierices.lv\\\/produkts\\\/wifi-pro-serijas-noklausisanas-ierice-ar-arejiem-mikrofoniem-darbojas-lidz-4-menesiem\\\/\",\"name\":\"WiFi PRO noklaus\u012b\u0161an\u0101s ier\u012bce ar \u0101r\u0113jiem mikrofoniem\",\"isPartOf\":{\"@id\":\"https:\\\/\\\/izsekosanasierices.lv\\\/#website\"},\"primaryImageOfPage\":{\"@id\":\"https:\\\/\\\/izsekosanasierices.lv\\\/produkts\\\/wifi-pro-serijas-noklausisanas-ierice-ar-arejiem-mikrofoniem-darbojas-lidz-4-menesiem\\\/#primaryimage\"},\"image\":{\"@id\":\"https:\\\/\\\/izsekosanasierices.lv\\\/produkts\\\/wifi-pro-serijas-noklausisanas-ierice-ar-arejiem-mikrofoniem-darbojas-lidz-4-menesiem\\\/#primaryimage\"},\"thumbnailUrl\":\"https:\\\/\\\/izsekosanasierices.lv\\\/wp-content\\\/uploads\\\/izsekosanasierices-pro-serijos-wifi-pasiklausymo-blake-su-isoriniu-mikrofonu-veikimas-iki-4-men.jpg\",\"datePublished\":\"2023-10-05T15:37:57+00:00\",\"dateModified\":\"2026-04-05T08:22:11+00:00\",\"description\":\"Klaus\u012b\u0161an\u0101s iek\u0101rta bez uzl\u0101des darbojas l\u012bdz pat 4 m\u0113ne\u0161iem, visaugst\u0101k\u0101 ska\u0146as kvalit\u0101te. Tirg\u016b nav analoga. Apm\u0101c\u012bba par izseko\u0161anas apr\u012bkojuma lieto\u0161anu\",\"breadcrumb\":{\"@id\":\"https:\\\/\\\/izsekosanasierices.lv\\\/produkts\\\/wifi-pro-serijas-noklausisanas-ierice-ar-arejiem-mikrofoniem-darbojas-lidz-4-menesiem\\\/#breadcrumb\"},\"inLanguage\":\"et\",\"potentialAction\":[{\"@type\":\"ReadAction\",\"target\":[\"https:\\\/\\\/izsekosanasierices.lv\\\/produkts\\\/wifi-pro-serijas-noklausisanas-ierice-ar-arejiem-mikrofoniem-darbojas-lidz-4-menesiem\\\/\"]}]},{\"@type\":\"ImageObject\",\"inLanguage\":\"et\",\"@id\":\"https:\\\/\\\/izsekosanasierices.lv\\\/produkts\\\/wifi-pro-serijas-noklausisanas-ierice-ar-arejiem-mikrofoniem-darbojas-lidz-4-menesiem\\\/#primaryimage\",\"url\":\"https:\\\/\\\/izsekosanasierices.lv\\\/wp-content\\\/uploads\\\/izsekosanasierices-pro-serijos-wifi-pasiklausymo-blake-su-isoriniu-mikrofonu-veikimas-iki-4-men.jpg\",\"contentUrl\":\"https:\\\/\\\/izsekosanasierices.lv\\\/wp-content\\\/uploads\\\/izsekosanasierices-pro-serijos-wifi-pasiklausymo-blake-su-isoriniu-mikrofonu-veikimas-iki-4-men.jpg\",\"width\":731,\"height\":791,\"caption\":\"wi fi pasiklausymo \u012franga su i\u0161oriniu mikrofonu\"},{\"@type\":\"BreadcrumbList\",\"@id\":\"https:\\\/\\\/izsekosanasierices.lv\\\/produkts\\\/wifi-pro-serijas-noklausisanas-ierice-ar-arejiem-mikrofoniem-darbojas-lidz-4-menesiem\\\/#breadcrumb\",\"itemListElement\":[{\"@type\":\"ListItem\",\"position\":1,\"name\":\"S\u0101kums\",\"item\":\"https:\\\/\\\/izsekosanasierices.lv\\\/\"},{\"@type\":\"ListItem\",\"position\":2,\"name\":\"Veikals\",\"item\":\"https:\\\/\\\/izsekosanasierices.lv\\\/veikals\\\/\"},{\"@type\":\"ListItem\",\"position\":3,\"name\":\"WiFi PRO s\u0113rijas noklaus\u012b\u0161an\u0101s ier\u012bce ar \u0101r\u0113jiem mikrofoniem, darbojas l\u012bdz 4 m\u0113ne\u0161iem\"}]},{\"@type\":\"WebSite\",\"@id\":\"https:\\\/\\\/izsekosanasierices.lv\\\/#website\",\"url\":\"https:\\\/\\\/izsekosanasierices.lv\\\/\",\"name\":\"Nr1 Izseko\u0161anas ier\u012bces gps izseko\u0161anas iek\u0101rtas, klaus\u012b\u0161an\u0101s iek\u0101rtas\",\"description\":\"\",\"potentialAction\":[{\"@type\":\"SearchAction\",\"target\":{\"@type\":\"EntryPoint\",\"urlTemplate\":\"https:\\\/\\\/izsekosanasierices.lv\\\/?s={search_term_string}\"},\"query-input\":{\"@type\":\"PropertyValueSpecification\",\"valueRequired\":true,\"valueName\":\"search_term_string\"}}],\"inLanguage\":\"et\"}]}<\/script>\n<!-- \/ Yoast SEO plugin. -->","yoast_head_json":{"title":"WiFi PRO noklaus\u012b\u0161an\u0101s ier\u012bce ar \u0101r\u0113jiem mikrofoniem","description":"Klaus\u012b\u0161an\u0101s iek\u0101rta bez uzl\u0101des darbojas l\u012bdz pat 4 m\u0113ne\u0161iem, visaugst\u0101k\u0101 ska\u0146as kvalit\u0101te. Tirg\u016b nav analoga. Apm\u0101c\u012bba par izseko\u0161anas apr\u012bkojuma lieto\u0161anu","robots":{"index":"index","follow":"follow","max-snippet":"max-snippet:-1","max-image-preview":"max-image-preview:large","max-video-preview":"max-video-preview:-1"},"canonical":"https:\/\/izsekosanasierices.lv\/et\/produkts\/wifi-pro-seeria-kuulamise-seade-areium-mikrofonidega-tootab-kuni-4-kuud\/","og_locale":"et_EE","og_type":"article","og_title":"Wi FI klaus\u012b\u0161an\u0101s atloks ar \u0101r\u0113jo mikrofonu darbojas l\u012bdz 4 m\u0113ne\u0161iem bez maksas","og_description":"Klaus\u012b\u0161an\u0101s iek\u0101rta bez uzl\u0101des darbojas l\u012bdz pat 4 m\u0113ne\u0161iem, visaugst\u0101k\u0101 ska\u0146as kvalit\u0101te. Tirg\u016b nav analoga. Apm\u0101c\u012bba par izseko\u0161anas apr\u012bkojuma lieto\u0161anu un konfigur\u0113\u0161anu.","og_url":"https:\/\/izsekosanasierices.lv\/et\/produkts\/wifi-pro-seeria-kuulamise-seade-areium-mikrofonidega-tootab-kuni-4-kuud\/","og_site_name":"Nr1 Izseko\u0161anas ier\u012bces gps izseko\u0161anas iek\u0101rtas, klaus\u012b\u0161an\u0101s iek\u0101rtas","article_modified_time":"2026-04-05T08:22:11+00:00","og_image":[{"url":"https:\/\/rvnski.dev\/sekimoiranga\/wp-content\/uploads\/izsekosanasierices.webp","type":"","width":"","height":""}],"twitter_card":"summary_large_image","twitter_title":"Wi FI klaus\u012b\u0161an\u0101s atloks ar \u0101r\u0113jo mikrofonu darbojas l\u012bdz 4 m\u0113ne\u0161iem bez maksas","twitter_description":"Klaus\u012b\u0161an\u0101s iek\u0101rta bez uzl\u0101des darbojas l\u012bdz pat 4 m\u0113ne\u0161iem, visaugst\u0101k\u0101 ska\u0146as kvalit\u0101te. Tirg\u016b nav analoga. Apm\u0101c\u012bba par izseko\u0161anas apr\u012bkojuma lieto\u0161anu un konfigur\u0113\u0161anu.","twitter_misc":{"Est. reading time":"3 minutit"},"schema":{"@context":"https:\/\/schema.org","@graph":[{"@type":"WebPage","@id":"https:\/\/izsekosanasierices.lv\/produkts\/wifi-pro-serijas-noklausisanas-ierice-ar-arejiem-mikrofoniem-darbojas-lidz-4-menesiem\/","url":"https:\/\/izsekosanasierices.lv\/produkts\/wifi-pro-serijas-noklausisanas-ierice-ar-arejiem-mikrofoniem-darbojas-lidz-4-menesiem\/","name":"WiFi PRO noklaus\u012b\u0161an\u0101s ier\u012bce ar \u0101r\u0113jiem mikrofoniem","isPartOf":{"@id":"https:\/\/izsekosanasierices.lv\/#website"},"primaryImageOfPage":{"@id":"https:\/\/izsekosanasierices.lv\/produkts\/wifi-pro-serijas-noklausisanas-ierice-ar-arejiem-mikrofoniem-darbojas-lidz-4-menesiem\/#primaryimage"},"image":{"@id":"https:\/\/izsekosanasierices.lv\/produkts\/wifi-pro-serijas-noklausisanas-ierice-ar-arejiem-mikrofoniem-darbojas-lidz-4-menesiem\/#primaryimage"},"thumbnailUrl":"https:\/\/izsekosanasierices.lv\/wp-content\/uploads\/izsekosanasierices-pro-serijos-wifi-pasiklausymo-blake-su-isoriniu-mikrofonu-veikimas-iki-4-men.jpg","datePublished":"2023-10-05T15:37:57+00:00","dateModified":"2026-04-05T08:22:11+00:00","description":"Klaus\u012b\u0161an\u0101s iek\u0101rta bez uzl\u0101des darbojas l\u012bdz pat 4 m\u0113ne\u0161iem, visaugst\u0101k\u0101 ska\u0146as kvalit\u0101te. Tirg\u016b nav analoga. Apm\u0101c\u012bba par izseko\u0161anas apr\u012bkojuma lieto\u0161anu","breadcrumb":{"@id":"https:\/\/izsekosanasierices.lv\/produkts\/wifi-pro-serijas-noklausisanas-ierice-ar-arejiem-mikrofoniem-darbojas-lidz-4-menesiem\/#breadcrumb"},"inLanguage":"et","potentialAction":[{"@type":"ReadAction","target":["https:\/\/izsekosanasierices.lv\/produkts\/wifi-pro-serijas-noklausisanas-ierice-ar-arejiem-mikrofoniem-darbojas-lidz-4-menesiem\/"]}]},{"@type":"ImageObject","inLanguage":"et","@id":"https:\/\/izsekosanasierices.lv\/produkts\/wifi-pro-serijas-noklausisanas-ierice-ar-arejiem-mikrofoniem-darbojas-lidz-4-menesiem\/#primaryimage","url":"https:\/\/izsekosanasierices.lv\/wp-content\/uploads\/izsekosanasierices-pro-serijos-wifi-pasiklausymo-blake-su-isoriniu-mikrofonu-veikimas-iki-4-men.jpg","contentUrl":"https:\/\/izsekosanasierices.lv\/wp-content\/uploads\/izsekosanasierices-pro-serijos-wifi-pasiklausymo-blake-su-isoriniu-mikrofonu-veikimas-iki-4-men.jpg","width":731,"height":791,"caption":"wi fi pasiklausymo \u012franga su i\u0161oriniu mikrofonu"},{"@type":"BreadcrumbList","@id":"https:\/\/izsekosanasierices.lv\/produkts\/wifi-pro-serijas-noklausisanas-ierice-ar-arejiem-mikrofoniem-darbojas-lidz-4-menesiem\/#breadcrumb","itemListElement":[{"@type":"ListItem","position":1,"name":"S\u0101kums","item":"https:\/\/izsekosanasierices.lv\/"},{"@type":"ListItem","position":2,"name":"Veikals","item":"https:\/\/izsekosanasierices.lv\/veikals\/"},{"@type":"ListItem","position":3,"name":"WiFi PRO s\u0113rijas noklaus\u012b\u0161an\u0101s ier\u012bce ar \u0101r\u0113jiem mikrofoniem, darbojas l\u012bdz 4 m\u0113ne\u0161iem"}]},{"@type":"WebSite","@id":"https:\/\/izsekosanasierices.lv\/#website","url":"https:\/\/izsekosanasierices.lv\/","name":"Nr1 Izseko\u0161anas ier\u012bces gps izseko\u0161anas iek\u0101rtas, klaus\u012b\u0161an\u0101s iek\u0101rtas","description":"","potentialAction":[{"@type":"SearchAction","target":{"@type":"EntryPoint","urlTemplate":"https:\/\/izsekosanasierices.lv\/?s={search_term_string}"},"query-input":{"@type":"PropertyValueSpecification","valueRequired":true,"valueName":"search_term_string"}}],"inLanguage":"et"}]}},"_links":{"self":[{"href":"https:\/\/izsekosanasierices.lv\/et\/wp-json\/wp\/v2\/product\/1372","targetHints":{"allow":["GET"]}}],"collection":[{"href":"https:\/\/izsekosanasierices.lv\/et\/wp-json\/wp\/v2\/product"}],"about":[{"href":"https:\/\/izsekosanasierices.lv\/et\/wp-json\/wp\/v2\/types\/product"}],"wp:featuredmedia":[{"embeddable":true,"href":"https:\/\/izsekosanasierices.lv\/et\/wp-json\/wp\/v2\/media\/2143"}],"wp:attachment":[{"href":"https:\/\/izsekosanasierices.lv\/et\/wp-json\/wp\/v2\/media?parent=1372"}],"wp:term":[{"taxonomy":"product_brand","embeddable":true,"href":"https:\/\/izsekosanasierices.lv\/et\/wp-json\/wp\/v2\/product_brand?post=1372"},{"taxonomy":"product_cat","embeddable":true,"href":"https:\/\/izsekosanasierices.lv\/et\/wp-json\/wp\/v2\/product_cat?post=1372"},{"taxonomy":"product_tag","embeddable":true,"href":"https:\/\/izsekosanasierices.lv\/et\/wp-json\/wp\/v2\/product_tag?post=1372"}],"curies":[{"name":"wp","href":"https:\/\/api.w.org\/{rel}","templated":true}]}}