{"id":1373,"date":"2023-10-05T15:37:57","date_gmt":"2023-10-05T15:37:57","guid":{"rendered":"https:\/\/izsekosanasierices.lv\/produktas\/hq-mini-diktofonas-nuo-garso-aktyvuojasi-garso-kokybe-nuo-192kbps\/"},"modified":"2025-12-02T17:07:58","modified_gmt":"2025-12-02T15:07:58","slug":"hq-mini-diktofons-ar-augstu-skanas-ieraksta-kvalitati","status":"publish","type":"product","link":"https:\/\/izsekosanasierices.lv\/et\/produkts\/hq-mini-diktofon-korge-helisalvestuskvaliteediga\/","title":{"rendered":"HQ mini helisalvesti k\u00f5rge helisalvestuskvaliteediga"},"content":{"rendered":"<h3><strong>Tehnilised parameetrid:<\/strong><\/h3>\n<ul>\n<li>Kaugus: 6 - 20 m<\/li>\n<li>Salvestuskvaliteet: 192 kbps kuni 512 kbps<\/li>\n<li>Sisemine m\u00e4lu: 8 GB<\/li>\n<li>T\u00f6\u00f6aeg: umbes 18 tundi (pidev salvestusre\u017eiim)<\/li>\n<li>Korpus: alumiinium<\/li>\n<li>DSP v\u00e4lise m\u00fcra t\u00fchistamine<\/li>\n<li>OTG: \u00fchendage seade mobiiltelefoniga, et kuulata helisalvestusi telefonis<\/li>\n<li>K\u00f5ik s\u00f5numid ajatempliga<\/li>\n<li>Seade ei anna helisignaali, kui aku laetuse tase on madal<\/li>\n<li>H\u00e4\u00e4ltuvastus: jah<\/li>\n<li>Salvestab heli pidevalt: jah<\/li>\n<li>Salvestusformaat: wav<\/li>\n<li>Toetatavad s\u00fcsteemid: k\u00f5ik<\/li>\n<li>Korpuse suurus: paksus 9,5 mm x laius 25 mm x pikkus 23 mm<\/li>\n<li><strong>Garantii 12 kuud<\/strong><\/li>\n<\/ul>\n<p><span style=\"color: #ff0000;\"><strong>Vajad kiiret sama p\u00e4eva (ja n\u00e4dalavahetuse) kohaletoimetamist? Helistage +371-20484176<\/strong><\/span><\/p>\n<p>Kasutamine: enda kaitseks, laste kaitseks.<\/p>\n<ul>\n<li>Mugav: minidiktofonid on kompaktsed ja kerged, nii et neid on lihtne kaasas kanda ja kasutada igal pool ja igal ajal. See mahub taskusse v\u00f5i k\u00e4ekotti, mist\u00f5ttu sobib see ideaalselt salvestamiseks teel, loengute, konverentside v\u00f5i koosolekute ajal.<\/li>\n<li>Diskreetsus: t\u00e4nu oma v\u00e4iksusele pakuvad minidiktofonid t\u00f5elist diskreetsust.<\/li>\n<li>Lihtne kasutada: minih\u00e4\u00e4lingu salvestusseadmetel on tavaliselt lihtne juhtimisliides, mis v\u00f5imaldab salvestamist kiiresti ja lihtsalt alustada v\u00f5i l\u00f5petada. See on eriti kasulik olukordades, kus oluline teave tuleb kiiresti salvestada.<\/li>\n<li>Pikk aku: diktofonil on t\u00f5hus aku, mis kestab kuni 18 tundi. See t\u00e4hendab, et saate salvestada heli pikka aega, ilma et peaksite muretsema aku t\u00fchjenemise p\u00e4rast.<\/li>\n<li>Kvaliteetsed salvestused: salajased mini helisalvestid on v\u00e4ikesed, kuid annavad siiski kvaliteetset heli. M\u00f5ned mudelid salvestavad stereona v\u00f5i kasutavad m\u00fcrasummutustehnoloogiat, et tagada selge ja kuuldav salvestus. See mudel sisaldab m\u00fcrav\u00e4henduss\u00fcsteemi.<\/li>\n<li>Lisafunktsioonid: sellel mudelil on taimeri ja h\u00e4\u00e4leaktiveerimise re\u017eiim.<\/li>\n<\/ul>","protected":false},"excerpt":{"rendered":"<p>V\u00e4ga k\u00f5rge helikvaliteediga professionaalne diktofon. M\u00fcrasummutuss\u00fcsteem kvaliteetse helisalvestuse jaoks. Varjatud helisalvesti madala hinnaga.<\/p>","protected":false},"featured_media":2155,"template":"","meta":[],"product_brand":[],"product_cat":[342,335],"product_tag":[343,344,345,346,347],"class_list":{"0":"post-1373","1":"product","2":"type-product","3":"status-publish","4":"has-post-thumbnail","6":"product_cat-diktofoni","7":"product_cat-noklausisanas-ierices","8":"product_tag-balss-diktofons","9":"product_tag-digitalais-balss-ierakstitajs","10":"product_tag-diktafons","11":"product_tag-mini-diktofons","12":"product_tag-slepenais-ierakstitajs","14":"first","15":"instock","16":"taxable","17":"shipping-taxable","18":"purchasable","19":"product-type-simple"},"yoast_head":"<!-- This site is optimized with the Yoast SEO plugin v27.5 - https:\/\/yoast.com\/product\/yoast-seo-wordpress\/ -->\n<title>HQ mini diktofons ar augstu ska\u0146as ieraksta kvalit\u0101ti<\/title>\n<meta name=\"description\" content=\"Pro diktofons ar \u013coti augstu ska\u0146as kvalit\u0101ti Trok\u0161\u0146u sl\u0101p\u0113\u0161anas sist\u0113ma augstas kvalit\u0101tes ska\u0146as ierakst\u012b\u0161anai Sl\u0113ptais audio ierakst\u012bt\u0101js par zemu cenu\" \/>\n<meta name=\"robots\" content=\"index, follow, max-snippet:-1, max-image-preview:large, max-video-preview:-1\" \/>\n<link rel=\"canonical\" href=\"https:\/\/izsekosanasierices.lv\/et\/produkts\/hq-mini-diktofon-korge-helisalvestuskvaliteediga\/\" \/>\n<meta property=\"og:locale\" content=\"et_EE\" \/>\n<meta property=\"og:type\" content=\"article\" \/>\n<meta property=\"og:title\" content=\"HQ mini diktofonu no 192 kbps ska\u0146as kvalit\u0101tes aktiviz\u0113\u0161ana\" \/>\n<meta property=\"og:description\" content=\"Profesion\u0101ls diktofons ar \u013coti augstu ska\u0146as kvalit\u0101ti. Trok\u0161\u0146u sl\u0101p\u0113\u0161anas sist\u0113ma augstas kvalit\u0101tes ska\u0146as ierakst\u012b\u0161anai. Secret Recorder par zemu cenu\" \/>\n<meta property=\"og:url\" content=\"https:\/\/izsekosanasierices.lv\/et\/produkts\/hq-mini-diktofon-korge-helisalvestuskvaliteediga\/\" \/>\n<meta property=\"og:site_name\" content=\"Nr1 Izseko\u0161anas ier\u012bces gps izseko\u0161anas iek\u0101rtas, klaus\u012b\u0161an\u0101s iek\u0101rtas\" \/>\n<meta property=\"article:modified_time\" content=\"2025-12-02T15:07:58+00:00\" \/>\n<meta property=\"og:image\" content=\"https:\/\/rvnski.dev\/sekimoiranga\/wp-content\/uploads\/izsekosanasierices.webp\" \/>\n<meta name=\"twitter:card\" content=\"summary_large_image\" \/>\n<meta name=\"twitter:title\" content=\"HQ mini diktofonu no 192 kbps ska\u0146as kvalit\u0101tes aktiviz\u0113\u0161ana\" \/>\n<meta name=\"twitter:description\" content=\"Profesion\u0101ls diktofons ar \u013coti augstu ska\u0146as kvalit\u0101ti. Trok\u0161\u0146u sl\u0101p\u0113\u0161anas sist\u0113ma augstas kvalit\u0101tes ska\u0146as ierakst\u012b\u0161anai. Secret Recorder par zemu cenu\" \/>\n<meta name=\"twitter:label1\" content=\"Est. reading time\" \/>\n\t<meta name=\"twitter:data1\" content=\"2 minutit\" \/>\n<script type=\"application\/ld+json\" class=\"yoast-schema-graph\">{\"@context\":\"https:\\\/\\\/schema.org\",\"@graph\":[{\"@type\":\"WebPage\",\"@id\":\"https:\\\/\\\/izsekosanasierices.lv\\\/produkts\\\/hq-mini-diktofons-ar-augstu-skanas-ieraksta-kvalitati\\\/\",\"url\":\"https:\\\/\\\/izsekosanasierices.lv\\\/produkts\\\/hq-mini-diktofons-ar-augstu-skanas-ieraksta-kvalitati\\\/\",\"name\":\"HQ mini diktofons ar augstu ska\u0146as ieraksta kvalit\u0101ti\",\"isPartOf\":{\"@id\":\"https:\\\/\\\/izsekosanasierices.lv\\\/#website\"},\"primaryImageOfPage\":{\"@id\":\"https:\\\/\\\/izsekosanasierices.lv\\\/produkts\\\/hq-mini-diktofons-ar-augstu-skanas-ieraksta-kvalitati\\\/#primaryimage\"},\"image\":{\"@id\":\"https:\\\/\\\/izsekosanasierices.lv\\\/produkts\\\/hq-mini-diktofons-ar-augstu-skanas-ieraksta-kvalitati\\\/#primaryimage\"},\"thumbnailUrl\":\"https:\\\/\\\/izsekosanasierices.lv\\\/wp-content\\\/uploads\\\/izsekosanasierices-hq-mini-diktofonas-nuo-garso-aktyvuojasi-garso-kokybe-nuo-192kbps.jpg\",\"datePublished\":\"2023-10-05T15:37:57+00:00\",\"dateModified\":\"2025-12-02T15:07:58+00:00\",\"description\":\"Pro diktofons ar \u013coti augstu ska\u0146as kvalit\u0101ti Trok\u0161\u0146u sl\u0101p\u0113\u0161anas sist\u0113ma augstas kvalit\u0101tes ska\u0146as ierakst\u012b\u0161anai Sl\u0113ptais audio ierakst\u012bt\u0101js par zemu cenu\",\"breadcrumb\":{\"@id\":\"https:\\\/\\\/izsekosanasierices.lv\\\/produkts\\\/hq-mini-diktofons-ar-augstu-skanas-ieraksta-kvalitati\\\/#breadcrumb\"},\"inLanguage\":\"et\",\"potentialAction\":[{\"@type\":\"ReadAction\",\"target\":[\"https:\\\/\\\/izsekosanasierices.lv\\\/produkts\\\/hq-mini-diktofons-ar-augstu-skanas-ieraksta-kvalitati\\\/\"]}]},{\"@type\":\"ImageObject\",\"inLanguage\":\"et\",\"@id\":\"https:\\\/\\\/izsekosanasierices.lv\\\/produkts\\\/hq-mini-diktofons-ar-augstu-skanas-ieraksta-kvalitati\\\/#primaryimage\",\"url\":\"https:\\\/\\\/izsekosanasierices.lv\\\/wp-content\\\/uploads\\\/izsekosanasierices-hq-mini-diktofonas-nuo-garso-aktyvuojasi-garso-kokybe-nuo-192kbps.jpg\",\"contentUrl\":\"https:\\\/\\\/izsekosanasierices.lv\\\/wp-content\\\/uploads\\\/izsekosanasierices-hq-mini-diktofonas-nuo-garso-aktyvuojasi-garso-kokybe-nuo-192kbps.jpg\",\"width\":830,\"height\":744,\"caption\":\"HQ mini diktofonas nuo garso aktyvuojasi garso kokyb\u0117 nuo 192kbps\"},{\"@type\":\"BreadcrumbList\",\"@id\":\"https:\\\/\\\/izsekosanasierices.lv\\\/produkts\\\/hq-mini-diktofons-ar-augstu-skanas-ieraksta-kvalitati\\\/#breadcrumb\",\"itemListElement\":[{\"@type\":\"ListItem\",\"position\":1,\"name\":\"S\u0101kums\",\"item\":\"https:\\\/\\\/izsekosanasierices.lv\\\/\"},{\"@type\":\"ListItem\",\"position\":2,\"name\":\"Veikals\",\"item\":\"https:\\\/\\\/izsekosanasierices.lv\\\/veikals\\\/\"},{\"@type\":\"ListItem\",\"position\":3,\"name\":\"HQ mini diktofons ar augstu ska\u0146as ieraksta kvalit\u0101ti\"}]},{\"@type\":\"WebSite\",\"@id\":\"https:\\\/\\\/izsekosanasierices.lv\\\/#website\",\"url\":\"https:\\\/\\\/izsekosanasierices.lv\\\/\",\"name\":\"Nr1 Izseko\u0161anas ier\u012bces gps izseko\u0161anas iek\u0101rtas, klaus\u012b\u0161an\u0101s iek\u0101rtas\",\"description\":\"\",\"potentialAction\":[{\"@type\":\"SearchAction\",\"target\":{\"@type\":\"EntryPoint\",\"urlTemplate\":\"https:\\\/\\\/izsekosanasierices.lv\\\/?s={search_term_string}\"},\"query-input\":{\"@type\":\"PropertyValueSpecification\",\"valueRequired\":true,\"valueName\":\"search_term_string\"}}],\"inLanguage\":\"et\"}]}<\/script>\n<!-- \/ Yoast SEO plugin. -->","yoast_head_json":{"title":"HQ mini diktofons ar augstu ska\u0146as ieraksta kvalit\u0101ti","description":"Pro diktofons ar \u013coti augstu ska\u0146as kvalit\u0101ti Trok\u0161\u0146u sl\u0101p\u0113\u0161anas sist\u0113ma augstas kvalit\u0101tes ska\u0146as ierakst\u012b\u0161anai Sl\u0113ptais audio ierakst\u012bt\u0101js par zemu cenu","robots":{"index":"index","follow":"follow","max-snippet":"max-snippet:-1","max-image-preview":"max-image-preview:large","max-video-preview":"max-video-preview:-1"},"canonical":"https:\/\/izsekosanasierices.lv\/et\/produkts\/hq-mini-diktofon-korge-helisalvestuskvaliteediga\/","og_locale":"et_EE","og_type":"article","og_title":"HQ mini diktofonu no 192 kbps ska\u0146as kvalit\u0101tes aktiviz\u0113\u0161ana","og_description":"Profesion\u0101ls diktofons ar \u013coti augstu ska\u0146as kvalit\u0101ti. Trok\u0161\u0146u sl\u0101p\u0113\u0161anas sist\u0113ma augstas kvalit\u0101tes ska\u0146as ierakst\u012b\u0161anai. Secret Recorder par zemu cenu","og_url":"https:\/\/izsekosanasierices.lv\/et\/produkts\/hq-mini-diktofon-korge-helisalvestuskvaliteediga\/","og_site_name":"Nr1 Izseko\u0161anas ier\u012bces gps izseko\u0161anas iek\u0101rtas, klaus\u012b\u0161an\u0101s iek\u0101rtas","article_modified_time":"2025-12-02T15:07:58+00:00","og_image":[{"url":"https:\/\/rvnski.dev\/sekimoiranga\/wp-content\/uploads\/izsekosanasierices.webp","type":"","width":"","height":""}],"twitter_card":"summary_large_image","twitter_title":"HQ mini diktofonu no 192 kbps ska\u0146as kvalit\u0101tes aktiviz\u0113\u0161ana","twitter_description":"Profesion\u0101ls diktofons ar \u013coti augstu ska\u0146as kvalit\u0101ti. Trok\u0161\u0146u sl\u0101p\u0113\u0161anas sist\u0113ma augstas kvalit\u0101tes ska\u0146as ierakst\u012b\u0161anai. Secret Recorder par zemu cenu","twitter_misc":{"Est. reading time":"2 minutit"},"schema":{"@context":"https:\/\/schema.org","@graph":[{"@type":"WebPage","@id":"https:\/\/izsekosanasierices.lv\/produkts\/hq-mini-diktofons-ar-augstu-skanas-ieraksta-kvalitati\/","url":"https:\/\/izsekosanasierices.lv\/produkts\/hq-mini-diktofons-ar-augstu-skanas-ieraksta-kvalitati\/","name":"HQ mini diktofons ar augstu ska\u0146as ieraksta kvalit\u0101ti","isPartOf":{"@id":"https:\/\/izsekosanasierices.lv\/#website"},"primaryImageOfPage":{"@id":"https:\/\/izsekosanasierices.lv\/produkts\/hq-mini-diktofons-ar-augstu-skanas-ieraksta-kvalitati\/#primaryimage"},"image":{"@id":"https:\/\/izsekosanasierices.lv\/produkts\/hq-mini-diktofons-ar-augstu-skanas-ieraksta-kvalitati\/#primaryimage"},"thumbnailUrl":"https:\/\/izsekosanasierices.lv\/wp-content\/uploads\/izsekosanasierices-hq-mini-diktofonas-nuo-garso-aktyvuojasi-garso-kokybe-nuo-192kbps.jpg","datePublished":"2023-10-05T15:37:57+00:00","dateModified":"2025-12-02T15:07:58+00:00","description":"Pro diktofons ar \u013coti augstu ska\u0146as kvalit\u0101ti Trok\u0161\u0146u sl\u0101p\u0113\u0161anas sist\u0113ma augstas kvalit\u0101tes ska\u0146as ierakst\u012b\u0161anai Sl\u0113ptais audio ierakst\u012bt\u0101js par zemu cenu","breadcrumb":{"@id":"https:\/\/izsekosanasierices.lv\/produkts\/hq-mini-diktofons-ar-augstu-skanas-ieraksta-kvalitati\/#breadcrumb"},"inLanguage":"et","potentialAction":[{"@type":"ReadAction","target":["https:\/\/izsekosanasierices.lv\/produkts\/hq-mini-diktofons-ar-augstu-skanas-ieraksta-kvalitati\/"]}]},{"@type":"ImageObject","inLanguage":"et","@id":"https:\/\/izsekosanasierices.lv\/produkts\/hq-mini-diktofons-ar-augstu-skanas-ieraksta-kvalitati\/#primaryimage","url":"https:\/\/izsekosanasierices.lv\/wp-content\/uploads\/izsekosanasierices-hq-mini-diktofonas-nuo-garso-aktyvuojasi-garso-kokybe-nuo-192kbps.jpg","contentUrl":"https:\/\/izsekosanasierices.lv\/wp-content\/uploads\/izsekosanasierices-hq-mini-diktofonas-nuo-garso-aktyvuojasi-garso-kokybe-nuo-192kbps.jpg","width":830,"height":744,"caption":"HQ mini diktofonas nuo garso aktyvuojasi garso kokyb\u0117 nuo 192kbps"},{"@type":"BreadcrumbList","@id":"https:\/\/izsekosanasierices.lv\/produkts\/hq-mini-diktofons-ar-augstu-skanas-ieraksta-kvalitati\/#breadcrumb","itemListElement":[{"@type":"ListItem","position":1,"name":"S\u0101kums","item":"https:\/\/izsekosanasierices.lv\/"},{"@type":"ListItem","position":2,"name":"Veikals","item":"https:\/\/izsekosanasierices.lv\/veikals\/"},{"@type":"ListItem","position":3,"name":"HQ mini diktofons ar augstu ska\u0146as ieraksta kvalit\u0101ti"}]},{"@type":"WebSite","@id":"https:\/\/izsekosanasierices.lv\/#website","url":"https:\/\/izsekosanasierices.lv\/","name":"Nr1 Izseko\u0161anas ier\u012bces gps izseko\u0161anas iek\u0101rtas, klaus\u012b\u0161an\u0101s iek\u0101rtas","description":"","potentialAction":[{"@type":"SearchAction","target":{"@type":"EntryPoint","urlTemplate":"https:\/\/izsekosanasierices.lv\/?s={search_term_string}"},"query-input":{"@type":"PropertyValueSpecification","valueRequired":true,"valueName":"search_term_string"}}],"inLanguage":"et"}]}},"_links":{"self":[{"href":"https:\/\/izsekosanasierices.lv\/et\/wp-json\/wp\/v2\/product\/1373","targetHints":{"allow":["GET"]}}],"collection":[{"href":"https:\/\/izsekosanasierices.lv\/et\/wp-json\/wp\/v2\/product"}],"about":[{"href":"https:\/\/izsekosanasierices.lv\/et\/wp-json\/wp\/v2\/types\/product"}],"wp:featuredmedia":[{"embeddable":true,"href":"https:\/\/izsekosanasierices.lv\/et\/wp-json\/wp\/v2\/media\/2155"}],"wp:attachment":[{"href":"https:\/\/izsekosanasierices.lv\/et\/wp-json\/wp\/v2\/media?parent=1373"}],"wp:term":[{"taxonomy":"product_brand","embeddable":true,"href":"https:\/\/izsekosanasierices.lv\/et\/wp-json\/wp\/v2\/product_brand?post=1373"},{"taxonomy":"product_cat","embeddable":true,"href":"https:\/\/izsekosanasierices.lv\/et\/wp-json\/wp\/v2\/product_cat?post=1373"},{"taxonomy":"product_tag","embeddable":true,"href":"https:\/\/izsekosanasierices.lv\/et\/wp-json\/wp\/v2\/product_tag?post=1373"}],"curies":[{"name":"wp","href":"https:\/\/api.w.org\/{rel}","templated":true}]}}