{"id":1374,"date":"2023-10-05T15:37:57","date_gmt":"2023-10-05T15:37:57","guid":{"rendered":"https:\/\/izsekosanasierices.lv\/produktas\/banko-mokejimo-korteles-dydzio-diktofonas-pro-serijos\/"},"modified":"2026-02-03T15:57:46","modified_gmt":"2026-02-03T13:57:46","slug":"bankas-maksajumu-kartes-izmera-pro-serijas-sarunu-ierakstitajs","status":"publish","type":"product","link":"https:\/\/izsekosanasierices.lv\/et\/produkts\/pro-serial-call-recorder-pangamakse-kaardi-suurus\/","title":{"rendered":"Pro Series diktofon, pangakaardi suurus"},"content":{"rendered":"<h3><strong>Tehnilised parameetrid:<\/strong><\/h3>\n<ul>\n<li>Kaugus: 6 - 20 m<\/li>\n<li>Viimase p\u00f5lvkonna protsessor v\u00e4lise m\u00fcra t\u00fchistamiseks<\/li>\n<li>Salvestuskvaliteet: 192 kbps kuni 512 kbps<\/li>\n<li>Sisemine m\u00e4lu: 8 GB<\/li>\n<li>T\u00f6\u00f6aeg: umbes 70 tundi (rekordaeg)<\/li>\n<li>Korpus: alumiinium<\/li>\n<li>DSP v\u00e4lise m\u00fcra t\u00fchistamine<\/li>\n<li>OTG : saab \u00fchendada mobiiltelefoniga ja kuulata helisalvestusi telefonis.<\/li>\n<li>K\u00f5ik s\u00f5numid ajatempliga<\/li>\n<li>Aku v\u00e4hese laetuse korral heli ei kostu<\/li>\n<li>H\u00e4\u00e4ltuvastus: jah<\/li>\n<li>Pidevad helisalvestused: jah<\/li>\n<li>Salvestusformaat: wav<\/li>\n<li>Toetatavad s\u00fcsteemid: k\u00f5ik<\/li>\n<li>Korpuse suurus: paksus 49 mm x laius 58 mm x pikkus 4,8 mm<\/li>\n<li><strong>Garantii 12 kuud<\/strong><\/li>\n<\/ul>\n<p><span style=\"color: #ff0000;\"><strong>Vajad kiiret sama p\u00e4eva (ja n\u00e4dalavahetuse) kohaletoimetamist? Helistage +371-20484176<\/strong><\/span><\/p>\n<p>Kasutamine: enda kaitseks, laste kaitseks.<\/p>\n<p>Sellel peidetud diktofonil on k\u00f5rge helikvaliteet, mis v\u00f5imaldab salvestada selgeid ja arusaadavaid salvestusi. See on oluline kvaliteetsete helifailide saamiseks. Pikk aku kestvus: 70 tundi aku kestvust ilma laadimiseta on muljetavaldav. See v\u00f5imaldab teil kasutada diktofoni pikka aega, kartmata, et aku saab t\u00fchjaks. See on eriti oluline, kui soovite salvestada pikki vestlusi. Kuni 8 GB sisem\u00e4lu v\u00f5imaldab salvestada kuni 14 p\u00e4eva salvestusi, s\u00f5ltuvalt salvestuse kvaliteedist ja kestusest. See on mugav, sest te ei pea neid pidevalt seadmest kustutama ega arvutisse kopeerima. Seda peidetud minih\u00e4\u00e4lingu salvestajat, mis on t\u00f5esti hea hinnaga, on lihtne kasutada ja seda saab aktiveerida \u00fche nupuvajutusega. See lihtsustab salvestusprotsessi ja aitab salvestamist kiiresti alustada v\u00f5i l\u00f5petada. VOX-funktsioon, mis aktiveeritakse tuvastatud heli j\u00e4rgi, v\u00f5imaldab diktofonil alustada salvestamist ainult siis, kui ta tuvastab heli. See on kasulik, kui soovite salvestada ainult olulisi vestlusi v\u00f5i tegevusi, v\u00e4ltides seega t\u00fchje salvestusperioode.<\/p>\n<p>See diktofon on praktiline ja k\u00e4ep\u00e4rane seade, mida saab kasutada mitmesugustes olukordades, alates vestluste salvestamisest kuni j\u00e4lgimise v\u00f5i dokumenteerimiseni.<\/p>","protected":false},"excerpt":{"rendered":"<p>\u00dclimalt \u00f5huke ja v\u00e4ike Pro-seeria peidetud diktofon. Lihtsalt kasutatav m\u00fcrasummutusfunktsioon. Suurep\u00e4rane hind. Suur valik j\u00e4lgimisseadmeid.<\/p>","protected":false},"featured_media":2164,"template":"","meta":[],"product_brand":[],"product_cat":[342,335],"product_tag":[343,344,345,346,347],"class_list":{"0":"post-1374","1":"product","2":"type-product","3":"status-publish","4":"has-post-thumbnail","6":"product_cat-diktofoni","7":"product_cat-noklausisanas-ierices","8":"product_tag-balss-diktofons","9":"product_tag-digitalais-balss-ierakstitajs","10":"product_tag-diktafons","11":"product_tag-mini-diktofons","12":"product_tag-slepenais-ierakstitajs","14":"first","15":"instock","16":"taxable","17":"shipping-taxable","18":"purchasable","19":"product-type-simple"},"yoast_head":"<!-- This site is optimized with the Yoast SEO plugin v27.5 - https:\/\/yoast.com\/product\/yoast-seo-wordpress\/ -->\n<title>Bankas maks\u0101jumu kartes izm\u0113ra Pro s\u0113rijas diktofons<\/title>\n<meta name=\"description\" content=\"\u012apa\u0161i pl\u0101ns un mazs Pro s\u0113rijas sl\u0113ptais diktofons. Viegli lietojama trok\u0161\u0146u sl\u0101p\u0113\u0161anas funkcija. Lieliska cena. Liels izseko\u0161anas apr\u012bkojuma kl\u0101sts.\" \/>\n<meta name=\"robots\" content=\"index, follow, max-snippet:-1, max-image-preview:large, max-video-preview:-1\" \/>\n<link rel=\"canonical\" href=\"https:\/\/izsekosanasierices.lv\/et\/produkts\/pro-serial-call-recorder-pangamakse-kaardi-suurus\/\" \/>\n<meta property=\"og:locale\" content=\"et_EE\" \/>\n<meta property=\"og:type\" content=\"article\" \/>\n<meta property=\"og:title\" content=\"Bankas maks\u0101jumu kartes izm\u0113ra ierakst\u012bt\u0101js Pro Series\" \/>\n<meta property=\"og:description\" content=\"Pro s\u0113rijas \u012bpa\u0161i pl\u0101ns un mazs sl\u0113ptais diktofons Viegli lietojama trok\u0161\u0146u sl\u0101p\u0113\u0161anas funkcija Ieraksta ier\u012bce par lielisku cenu. Liels izseko\u0161anas apr\u012bkojuma kl\u0101sts\" \/>\n<meta property=\"og:url\" content=\"https:\/\/izsekosanasierices.lv\/et\/produkts\/pro-serial-call-recorder-pangamakse-kaardi-suurus\/\" \/>\n<meta property=\"og:site_name\" content=\"Nr1 Izseko\u0161anas ier\u012bces gps izseko\u0161anas iek\u0101rtas, klaus\u012b\u0161an\u0101s iek\u0101rtas\" \/>\n<meta property=\"article:modified_time\" content=\"2026-02-03T13:57:46+00:00\" \/>\n<meta property=\"og:image\" content=\"https:\/\/rvnski.dev\/sekimoiranga\/wp-content\/uploads\/izsekosanasierices.webp\" \/>\n<meta name=\"twitter:card\" content=\"summary_large_image\" \/>\n<meta name=\"twitter:title\" content=\"Bankas maks\u0101jumu kartes izm\u0113ra ierakst\u012bt\u0101js Pro Series\" \/>\n<meta name=\"twitter:description\" content=\"Pro s\u0113rijas \u012bpa\u0161i pl\u0101ns un mazs sl\u0113ptais diktofons Viegli lietojama trok\u0161\u0146u sl\u0101p\u0113\u0161anas funkcija Ieraksta ier\u012bce par lielisku cenu. Liels izseko\u0161anas apr\u012bkojuma kl\u0101sts\" \/>\n<meta name=\"twitter:label1\" content=\"Est. reading time\" \/>\n\t<meta name=\"twitter:data1\" content=\"2 minutit\" \/>\n<script type=\"application\/ld+json\" class=\"yoast-schema-graph\">{\"@context\":\"https:\\\/\\\/schema.org\",\"@graph\":[{\"@type\":\"WebPage\",\"@id\":\"https:\\\/\\\/izsekosanasierices.lv\\\/produkts\\\/bankas-maksajumu-kartes-izmera-pro-serijas-sarunu-ierakstitajs\\\/\",\"url\":\"https:\\\/\\\/izsekosanasierices.lv\\\/produkts\\\/bankas-maksajumu-kartes-izmera-pro-serijas-sarunu-ierakstitajs\\\/\",\"name\":\"Bankas maks\u0101jumu kartes izm\u0113ra Pro s\u0113rijas diktofons\",\"isPartOf\":{\"@id\":\"https:\\\/\\\/izsekosanasierices.lv\\\/#website\"},\"primaryImageOfPage\":{\"@id\":\"https:\\\/\\\/izsekosanasierices.lv\\\/produkts\\\/bankas-maksajumu-kartes-izmera-pro-serijas-sarunu-ierakstitajs\\\/#primaryimage\"},\"image\":{\"@id\":\"https:\\\/\\\/izsekosanasierices.lv\\\/produkts\\\/bankas-maksajumu-kartes-izmera-pro-serijas-sarunu-ierakstitajs\\\/#primaryimage\"},\"thumbnailUrl\":\"https:\\\/\\\/izsekosanasierices.lv\\\/wp-content\\\/uploads\\\/izsekosanasierices-banko-mokejimo-korteles-dydzio-diktofonas-pro-serijos.jpg\",\"datePublished\":\"2023-10-05T15:37:57+00:00\",\"dateModified\":\"2026-02-03T13:57:46+00:00\",\"description\":\"\u012apa\u0161i pl\u0101ns un mazs Pro s\u0113rijas sl\u0113ptais diktofons. Viegli lietojama trok\u0161\u0146u sl\u0101p\u0113\u0161anas funkcija. Lieliska cena. Liels izseko\u0161anas apr\u012bkojuma kl\u0101sts.\",\"breadcrumb\":{\"@id\":\"https:\\\/\\\/izsekosanasierices.lv\\\/produkts\\\/bankas-maksajumu-kartes-izmera-pro-serijas-sarunu-ierakstitajs\\\/#breadcrumb\"},\"inLanguage\":\"et\",\"potentialAction\":[{\"@type\":\"ReadAction\",\"target\":[\"https:\\\/\\\/izsekosanasierices.lv\\\/produkts\\\/bankas-maksajumu-kartes-izmera-pro-serijas-sarunu-ierakstitajs\\\/\"]}]},{\"@type\":\"ImageObject\",\"inLanguage\":\"et\",\"@id\":\"https:\\\/\\\/izsekosanasierices.lv\\\/produkts\\\/bankas-maksajumu-kartes-izmera-pro-serijas-sarunu-ierakstitajs\\\/#primaryimage\",\"url\":\"https:\\\/\\\/izsekosanasierices.lv\\\/wp-content\\\/uploads\\\/izsekosanasierices-banko-mokejimo-korteles-dydzio-diktofonas-pro-serijos.jpg\",\"contentUrl\":\"https:\\\/\\\/izsekosanasierices.lv\\\/wp-content\\\/uploads\\\/izsekosanasierices-banko-mokejimo-korteles-dydzio-diktofonas-pro-serijos.jpg\",\"width\":375,\"height\":666,\"caption\":\"Banko Mok\u0117jimo kortel\u0117s dyd\u017eio diktofonas Pro serijos\"},{\"@type\":\"BreadcrumbList\",\"@id\":\"https:\\\/\\\/izsekosanasierices.lv\\\/produkts\\\/bankas-maksajumu-kartes-izmera-pro-serijas-sarunu-ierakstitajs\\\/#breadcrumb\",\"itemListElement\":[{\"@type\":\"ListItem\",\"position\":1,\"name\":\"S\u0101kums\",\"item\":\"https:\\\/\\\/izsekosanasierices.lv\\\/\"},{\"@type\":\"ListItem\",\"position\":2,\"name\":\"Veikals\",\"item\":\"https:\\\/\\\/izsekosanasierices.lv\\\/veikals\\\/\"},{\"@type\":\"ListItem\",\"position\":3,\"name\":\"Bankas maks\u0101jumu kartes izm\u0113ra Pro s\u0113rijas diktofons\"}]},{\"@type\":\"WebSite\",\"@id\":\"https:\\\/\\\/izsekosanasierices.lv\\\/#website\",\"url\":\"https:\\\/\\\/izsekosanasierices.lv\\\/\",\"name\":\"Nr1 Izseko\u0161anas ier\u012bces gps izseko\u0161anas iek\u0101rtas, klaus\u012b\u0161an\u0101s iek\u0101rtas\",\"description\":\"\",\"potentialAction\":[{\"@type\":\"SearchAction\",\"target\":{\"@type\":\"EntryPoint\",\"urlTemplate\":\"https:\\\/\\\/izsekosanasierices.lv\\\/?s={search_term_string}\"},\"query-input\":{\"@type\":\"PropertyValueSpecification\",\"valueRequired\":true,\"valueName\":\"search_term_string\"}}],\"inLanguage\":\"et\"}]}<\/script>\n<!-- \/ Yoast SEO plugin. -->","yoast_head_json":{"title":"Bankas maks\u0101jumu kartes izm\u0113ra Pro s\u0113rijas diktofons","description":"\u012apa\u0161i pl\u0101ns un mazs Pro s\u0113rijas sl\u0113ptais diktofons. Viegli lietojama trok\u0161\u0146u sl\u0101p\u0113\u0161anas funkcija. Lieliska cena. Liels izseko\u0161anas apr\u012bkojuma kl\u0101sts.","robots":{"index":"index","follow":"follow","max-snippet":"max-snippet:-1","max-image-preview":"max-image-preview:large","max-video-preview":"max-video-preview:-1"},"canonical":"https:\/\/izsekosanasierices.lv\/et\/produkts\/pro-serial-call-recorder-pangamakse-kaardi-suurus\/","og_locale":"et_EE","og_type":"article","og_title":"Bankas maks\u0101jumu kartes izm\u0113ra ierakst\u012bt\u0101js Pro Series","og_description":"Pro s\u0113rijas \u012bpa\u0161i pl\u0101ns un mazs sl\u0113ptais diktofons Viegli lietojama trok\u0161\u0146u sl\u0101p\u0113\u0161anas funkcija Ieraksta ier\u012bce par lielisku cenu. Liels izseko\u0161anas apr\u012bkojuma kl\u0101sts","og_url":"https:\/\/izsekosanasierices.lv\/et\/produkts\/pro-serial-call-recorder-pangamakse-kaardi-suurus\/","og_site_name":"Nr1 Izseko\u0161anas ier\u012bces gps izseko\u0161anas iek\u0101rtas, klaus\u012b\u0161an\u0101s iek\u0101rtas","article_modified_time":"2026-02-03T13:57:46+00:00","og_image":[{"url":"https:\/\/rvnski.dev\/sekimoiranga\/wp-content\/uploads\/izsekosanasierices.webp","type":"","width":"","height":""}],"twitter_card":"summary_large_image","twitter_title":"Bankas maks\u0101jumu kartes izm\u0113ra ierakst\u012bt\u0101js Pro Series","twitter_description":"Pro s\u0113rijas \u012bpa\u0161i pl\u0101ns un mazs sl\u0113ptais diktofons Viegli lietojama trok\u0161\u0146u sl\u0101p\u0113\u0161anas funkcija Ieraksta ier\u012bce par lielisku cenu. Liels izseko\u0161anas apr\u012bkojuma kl\u0101sts","twitter_misc":{"Est. reading time":"2 minutit"},"schema":{"@context":"https:\/\/schema.org","@graph":[{"@type":"WebPage","@id":"https:\/\/izsekosanasierices.lv\/produkts\/bankas-maksajumu-kartes-izmera-pro-serijas-sarunu-ierakstitajs\/","url":"https:\/\/izsekosanasierices.lv\/produkts\/bankas-maksajumu-kartes-izmera-pro-serijas-sarunu-ierakstitajs\/","name":"Bankas maks\u0101jumu kartes izm\u0113ra Pro s\u0113rijas diktofons","isPartOf":{"@id":"https:\/\/izsekosanasierices.lv\/#website"},"primaryImageOfPage":{"@id":"https:\/\/izsekosanasierices.lv\/produkts\/bankas-maksajumu-kartes-izmera-pro-serijas-sarunu-ierakstitajs\/#primaryimage"},"image":{"@id":"https:\/\/izsekosanasierices.lv\/produkts\/bankas-maksajumu-kartes-izmera-pro-serijas-sarunu-ierakstitajs\/#primaryimage"},"thumbnailUrl":"https:\/\/izsekosanasierices.lv\/wp-content\/uploads\/izsekosanasierices-banko-mokejimo-korteles-dydzio-diktofonas-pro-serijos.jpg","datePublished":"2023-10-05T15:37:57+00:00","dateModified":"2026-02-03T13:57:46+00:00","description":"\u012apa\u0161i pl\u0101ns un mazs Pro s\u0113rijas sl\u0113ptais diktofons. Viegli lietojama trok\u0161\u0146u sl\u0101p\u0113\u0161anas funkcija. Lieliska cena. Liels izseko\u0161anas apr\u012bkojuma kl\u0101sts.","breadcrumb":{"@id":"https:\/\/izsekosanasierices.lv\/produkts\/bankas-maksajumu-kartes-izmera-pro-serijas-sarunu-ierakstitajs\/#breadcrumb"},"inLanguage":"et","potentialAction":[{"@type":"ReadAction","target":["https:\/\/izsekosanasierices.lv\/produkts\/bankas-maksajumu-kartes-izmera-pro-serijas-sarunu-ierakstitajs\/"]}]},{"@type":"ImageObject","inLanguage":"et","@id":"https:\/\/izsekosanasierices.lv\/produkts\/bankas-maksajumu-kartes-izmera-pro-serijas-sarunu-ierakstitajs\/#primaryimage","url":"https:\/\/izsekosanasierices.lv\/wp-content\/uploads\/izsekosanasierices-banko-mokejimo-korteles-dydzio-diktofonas-pro-serijos.jpg","contentUrl":"https:\/\/izsekosanasierices.lv\/wp-content\/uploads\/izsekosanasierices-banko-mokejimo-korteles-dydzio-diktofonas-pro-serijos.jpg","width":375,"height":666,"caption":"Banko Mok\u0117jimo kortel\u0117s dyd\u017eio diktofonas Pro serijos"},{"@type":"BreadcrumbList","@id":"https:\/\/izsekosanasierices.lv\/produkts\/bankas-maksajumu-kartes-izmera-pro-serijas-sarunu-ierakstitajs\/#breadcrumb","itemListElement":[{"@type":"ListItem","position":1,"name":"S\u0101kums","item":"https:\/\/izsekosanasierices.lv\/"},{"@type":"ListItem","position":2,"name":"Veikals","item":"https:\/\/izsekosanasierices.lv\/veikals\/"},{"@type":"ListItem","position":3,"name":"Bankas maks\u0101jumu kartes izm\u0113ra Pro s\u0113rijas diktofons"}]},{"@type":"WebSite","@id":"https:\/\/izsekosanasierices.lv\/#website","url":"https:\/\/izsekosanasierices.lv\/","name":"Nr1 Izseko\u0161anas ier\u012bces gps izseko\u0161anas iek\u0101rtas, klaus\u012b\u0161an\u0101s iek\u0101rtas","description":"","potentialAction":[{"@type":"SearchAction","target":{"@type":"EntryPoint","urlTemplate":"https:\/\/izsekosanasierices.lv\/?s={search_term_string}"},"query-input":{"@type":"PropertyValueSpecification","valueRequired":true,"valueName":"search_term_string"}}],"inLanguage":"et"}]}},"_links":{"self":[{"href":"https:\/\/izsekosanasierices.lv\/et\/wp-json\/wp\/v2\/product\/1374","targetHints":{"allow":["GET"]}}],"collection":[{"href":"https:\/\/izsekosanasierices.lv\/et\/wp-json\/wp\/v2\/product"}],"about":[{"href":"https:\/\/izsekosanasierices.lv\/et\/wp-json\/wp\/v2\/types\/product"}],"wp:featuredmedia":[{"embeddable":true,"href":"https:\/\/izsekosanasierices.lv\/et\/wp-json\/wp\/v2\/media\/2164"}],"wp:attachment":[{"href":"https:\/\/izsekosanasierices.lv\/et\/wp-json\/wp\/v2\/media?parent=1374"}],"wp:term":[{"taxonomy":"product_brand","embeddable":true,"href":"https:\/\/izsekosanasierices.lv\/et\/wp-json\/wp\/v2\/product_brand?post=1374"},{"taxonomy":"product_cat","embeddable":true,"href":"https:\/\/izsekosanasierices.lv\/et\/wp-json\/wp\/v2\/product_cat?post=1374"},{"taxonomy":"product_tag","embeddable":true,"href":"https:\/\/izsekosanasierices.lv\/et\/wp-json\/wp\/v2\/product_tag?post=1374"}],"curies":[{"name":"wp","href":"https:\/\/api.w.org\/{rel}","templated":true}]}}