{"id":1375,"date":"2023-10-05T15:37:57","date_gmt":"2023-10-05T15:37:57","guid":{"rendered":"https:\/\/izsekosanasierices.lv\/produktas\/mini-gsm-pasiklausymo-blake-silikoninis-mikrofonas-hq\/"},"modified":"2025-11-20T15:22:38","modified_gmt":"2025-11-20T13:22:38","slug":"mini-gsm-noklausisanas-ierice-hq-silikona-mikrofons","status":"publish","type":"product","link":"https:\/\/izsekosanasierices.lv\/et\/produkts\/mini-gsm-kuuldeaparaat-hq-silikoonist-mikrofon\/","title":{"rendered":"Mini GSM kuulamise seade - HQ silikoonist mikrofon"},"content":{"rendered":"<p><strong>Tehnilised parameetrid:<\/strong><\/p>\n<ul>\n<li>Heliedastusre\u017eiim: GSM<\/li>\n<li>SIM-kaart lisatud<\/li>\n<li>Piiramatu kuulamiskaugus<\/li>\n<li>Aku t\u00fc\u00fcp: liitium-ioon (sisemine)<\/li>\n<li>Mikrofon: HQ silikoon<\/li>\n<li>Aku kestvus: kuulamisaeg kuni 5 tundi, mis kestab kuni 5 p\u00e4eva<\/li>\n<li>Kuuldeaparaadi m\u00f5\u00f5tmed: 55 mm x 22 mm x 15 mm<\/li>\n<li><strong>Garantii 12 kuud<\/strong><\/li>\n<\/ul>\n<p><span style=\"color: #ff0000;\"><strong>Kas vajate kiiret sama p\u00e4eva kohaletoimetamist? (ja n\u00e4dalavahetustel)- helistage +371-20484176<\/strong><\/span><\/p>\n<p>Kasutamine: teie ohutuse tagamiseks, laste ohutuse tagamiseks.<\/p>\n<p>N\u00fc\u00fcd saate oma vestlusi kuulata Blake Mini GSM Listeneriga! See v\u00e4ike seade v\u00f5imaldab teil kuulata vestlusi piiramatu vahemaa tagant. See on ideaalne seade k\u00f5igile, kes soovivad vestlusi pealt kuulata.<\/p>\n<p>\"Mini GSM Listening Blake\" tagab selge heli ilma moonutusteta<\/p>\n<p>Laetav aku: seadmel on laetav aku, mis t\u00f6\u00f6tab kuni 5 tundi kuulamist.<\/p>\n<p>Lihtne kasutada, lihtsalt sisestage sim-kaart ja seade on kasutusvalmis. On funktsioon koos kaitsega \" anname selle teie mobiiltelefonile. telefoninumbri administraatoriks, kui keegi helistab gsm-vigadele, siis on see h\u00f5ivatud. Ainult teie saate helistada terale ja kuulata vestlusi.<\/p>","protected":false},"excerpt":{"rendered":"<p>Mini GMS kuulamise seade koos HQ-mikrofoniga. K\u00f5rge helikvaliteet. Suur valik kuulamisseadmeid. Ainult kvaliteetsed kuulamisseadmed. Madala hinnagarantii.<\/p>","protected":false},"featured_media":2174,"template":"","meta":[],"product_brand":[],"product_cat":[336,335,337],"product_tag":[62,338,339,340,341],"class_list":{"0":"post-1375","1":"product","2":"type-product","3":"status-publish","4":"has-post-thumbnail","6":"product_cat-gsm-noklausisanas-iekartas-blakes","7":"product_cat-noklausisanas-ierices","8":"product_cat-profesionals-noklausisanas-aprikojums","9":"product_tag-gsm-blake","10":"product_tag-noklausisanas-iekartas","11":"product_tag-noklausisanas-kluda","12":"product_tag-profesionalas-noklausisanas-iekartas","13":"product_tag-sarunu-noklausisanas","15":"first","16":"instock","17":"taxable","18":"shipping-taxable","19":"purchasable","20":"product-type-simple"},"yoast_head":"<!-- This site is optimized with the Yoast SEO plugin v27.4 - https:\/\/yoast.com\/product\/yoast-seo-wordpress\/ -->\n<title>Mini GSM noklaus\u012b\u0161an\u0101s ier\u012bce \u2013 HQ silikona mikrofons<\/title>\n<meta name=\"description\" content=\"Mini GMS noklaus\u012b\u0161an\u0101s iek\u0101rta ar HQ mikrofonu. Augsta ska\u0146as kvalit\u0101te. Liela noklaus\u012b\u0161an\u0101s iek\u0101rtu izv\u0113le. Tikai augstas kvalit\u0101tes noklaus\u012b\u0161an\u0101s iek\u0101rtas\" \/>\n<meta name=\"robots\" content=\"index, follow, max-snippet:-1, max-image-preview:large, max-video-preview:-1\" \/>\n<link rel=\"canonical\" href=\"https:\/\/izsekosanasierices.lv\/et\/produkts\/mini-gsm-kuuldeaparaat-hq-silikoonist-mikrofon\/\" \/>\n<meta property=\"og:locale\" content=\"et_EE\" \/>\n<meta property=\"og:type\" content=\"article\" \/>\n<meta property=\"og:title\" content=\"Mini GSM noklaus\u012b\u0161an\u0101s ier\u012bce (silikona mikrofons) HQ -\" \/>\n<meta property=\"og:description\" content=\"Mini GMS blake HQ mikrofons, augsta ska\u0146as kvalit\u0101te. Liela noklaus\u012b\u0161an\u0101s k\u013c\u016bdu izv\u0113le. Tikai augstas kvalit\u0101tes noklaus\u012b\u0161an\u0101s iek\u0101rtas. Zemas cenas garantija\" \/>\n<meta property=\"og:url\" content=\"https:\/\/izsekosanasierices.lv\/et\/produkts\/mini-gsm-kuuldeaparaat-hq-silikoonist-mikrofon\/\" \/>\n<meta property=\"og:site_name\" content=\"Nr1 Izseko\u0161anas ier\u012bces gps izseko\u0161anas iek\u0101rtas, klaus\u012b\u0161an\u0101s iek\u0101rtas\" \/>\n<meta property=\"article:modified_time\" content=\"2025-11-20T13:22:38+00:00\" \/>\n<meta property=\"og:image\" content=\"https:\/\/rvnski.dev\/sekimoiranga\/wp-content\/uploads\/izsekosanasierices.webp\" \/>\n<meta name=\"twitter:card\" content=\"summary_large_image\" \/>\n<meta name=\"twitter:title\" content=\"Mini GSM noklaus\u012b\u0161an\u0101s ier\u012bce (silikona mikrofons) HQ -\" \/>\n<meta name=\"twitter:description\" content=\"Mini GMS blake HQ mikrofons, augsta ska\u0146as kvalit\u0101te. Liela noklaus\u012b\u0161an\u0101s k\u013c\u016bdu izv\u0113le. Tikai augstas kvalit\u0101tes noklaus\u012b\u0161an\u0101s iek\u0101rtas. Zemas cenas garantija\" \/>\n<meta name=\"twitter:label1\" content=\"Est. reading time\" \/>\n\t<meta name=\"twitter:data1\" content=\"2 minutit\" \/>\n<script type=\"application\/ld+json\" class=\"yoast-schema-graph\">{\"@context\":\"https:\\\/\\\/schema.org\",\"@graph\":[{\"@type\":\"WebPage\",\"@id\":\"https:\\\/\\\/izsekosanasierices.lv\\\/produkts\\\/mini-gsm-noklausisanas-ierice-hq-silikona-mikrofons\\\/\",\"url\":\"https:\\\/\\\/izsekosanasierices.lv\\\/produkts\\\/mini-gsm-noklausisanas-ierice-hq-silikona-mikrofons\\\/\",\"name\":\"Mini GSM noklaus\u012b\u0161an\u0101s ier\u012bce \u2013 HQ silikona mikrofons\",\"isPartOf\":{\"@id\":\"https:\\\/\\\/izsekosanasierices.lv\\\/#website\"},\"primaryImageOfPage\":{\"@id\":\"https:\\\/\\\/izsekosanasierices.lv\\\/produkts\\\/mini-gsm-noklausisanas-ierice-hq-silikona-mikrofons\\\/#primaryimage\"},\"image\":{\"@id\":\"https:\\\/\\\/izsekosanasierices.lv\\\/produkts\\\/mini-gsm-noklausisanas-ierice-hq-silikona-mikrofons\\\/#primaryimage\"},\"thumbnailUrl\":\"https:\\\/\\\/izsekosanasierices.lv\\\/wp-content\\\/uploads\\\/izsekosanasierices-mini-gsm-pasiklausymo-blake-silikoninis-mikrofonas-hq.jpg\",\"datePublished\":\"2023-10-05T15:37:57+00:00\",\"dateModified\":\"2025-11-20T13:22:38+00:00\",\"description\":\"Mini GMS noklaus\u012b\u0161an\u0101s iek\u0101rta ar HQ mikrofonu. Augsta ska\u0146as kvalit\u0101te. Liela noklaus\u012b\u0161an\u0101s iek\u0101rtu izv\u0113le. Tikai augstas kvalit\u0101tes noklaus\u012b\u0161an\u0101s iek\u0101rtas\",\"breadcrumb\":{\"@id\":\"https:\\\/\\\/izsekosanasierices.lv\\\/produkts\\\/mini-gsm-noklausisanas-ierice-hq-silikona-mikrofons\\\/#breadcrumb\"},\"inLanguage\":\"et\",\"potentialAction\":[{\"@type\":\"ReadAction\",\"target\":[\"https:\\\/\\\/izsekosanasierices.lv\\\/produkts\\\/mini-gsm-noklausisanas-ierice-hq-silikona-mikrofons\\\/\"]}]},{\"@type\":\"ImageObject\",\"inLanguage\":\"et\",\"@id\":\"https:\\\/\\\/izsekosanasierices.lv\\\/produkts\\\/mini-gsm-noklausisanas-ierice-hq-silikona-mikrofons\\\/#primaryimage\",\"url\":\"https:\\\/\\\/izsekosanasierices.lv\\\/wp-content\\\/uploads\\\/izsekosanasierices-mini-gsm-pasiklausymo-blake-silikoninis-mikrofonas-hq.jpg\",\"contentUrl\":\"https:\\\/\\\/izsekosanasierices.lv\\\/wp-content\\\/uploads\\\/izsekosanasierices-mini-gsm-pasiklausymo-blake-silikoninis-mikrofonas-hq.jpg\",\"width\":557,\"height\":577,\"caption\":\"Mini GSM pasiklausymo blak\u0117 ( silikoninis mikrofonas) HQ\"},{\"@type\":\"BreadcrumbList\",\"@id\":\"https:\\\/\\\/izsekosanasierices.lv\\\/produkts\\\/mini-gsm-noklausisanas-ierice-hq-silikona-mikrofons\\\/#breadcrumb\",\"itemListElement\":[{\"@type\":\"ListItem\",\"position\":1,\"name\":\"S\u0101kums\",\"item\":\"https:\\\/\\\/izsekosanasierices.lv\\\/\"},{\"@type\":\"ListItem\",\"position\":2,\"name\":\"Veikals\",\"item\":\"https:\\\/\\\/izsekosanasierices.lv\\\/veikals\\\/\"},{\"@type\":\"ListItem\",\"position\":3,\"name\":\"Mini GSM noklaus\u012b\u0161an\u0101s ier\u012bce \u2013 HQ silikona mikrofons\"}]},{\"@type\":\"WebSite\",\"@id\":\"https:\\\/\\\/izsekosanasierices.lv\\\/#website\",\"url\":\"https:\\\/\\\/izsekosanasierices.lv\\\/\",\"name\":\"Nr1 Izseko\u0161anas ier\u012bces gps izseko\u0161anas iek\u0101rtas, klaus\u012b\u0161an\u0101s iek\u0101rtas\",\"description\":\"\",\"potentialAction\":[{\"@type\":\"SearchAction\",\"target\":{\"@type\":\"EntryPoint\",\"urlTemplate\":\"https:\\\/\\\/izsekosanasierices.lv\\\/?s={search_term_string}\"},\"query-input\":{\"@type\":\"PropertyValueSpecification\",\"valueRequired\":true,\"valueName\":\"search_term_string\"}}],\"inLanguage\":\"et\"}]}<\/script>\n<!-- \/ Yoast SEO plugin. -->","yoast_head_json":{"title":"Mini GSM noklaus\u012b\u0161an\u0101s ier\u012bce \u2013 HQ silikona mikrofons","description":"Mini GMS noklaus\u012b\u0161an\u0101s iek\u0101rta ar HQ mikrofonu. Augsta ska\u0146as kvalit\u0101te. Liela noklaus\u012b\u0161an\u0101s iek\u0101rtu izv\u0113le. Tikai augstas kvalit\u0101tes noklaus\u012b\u0161an\u0101s iek\u0101rtas","robots":{"index":"index","follow":"follow","max-snippet":"max-snippet:-1","max-image-preview":"max-image-preview:large","max-video-preview":"max-video-preview:-1"},"canonical":"https:\/\/izsekosanasierices.lv\/et\/produkts\/mini-gsm-kuuldeaparaat-hq-silikoonist-mikrofon\/","og_locale":"et_EE","og_type":"article","og_title":"Mini GSM noklaus\u012b\u0161an\u0101s ier\u012bce (silikona mikrofons) HQ -","og_description":"Mini GMS blake HQ mikrofons, augsta ska\u0146as kvalit\u0101te. Liela noklaus\u012b\u0161an\u0101s k\u013c\u016bdu izv\u0113le. Tikai augstas kvalit\u0101tes noklaus\u012b\u0161an\u0101s iek\u0101rtas. Zemas cenas garantija","og_url":"https:\/\/izsekosanasierices.lv\/et\/produkts\/mini-gsm-kuuldeaparaat-hq-silikoonist-mikrofon\/","og_site_name":"Nr1 Izseko\u0161anas ier\u012bces gps izseko\u0161anas iek\u0101rtas, klaus\u012b\u0161an\u0101s iek\u0101rtas","article_modified_time":"2025-11-20T13:22:38+00:00","og_image":[{"url":"https:\/\/rvnski.dev\/sekimoiranga\/wp-content\/uploads\/izsekosanasierices.webp","type":"","width":"","height":""}],"twitter_card":"summary_large_image","twitter_title":"Mini GSM noklaus\u012b\u0161an\u0101s ier\u012bce (silikona mikrofons) HQ -","twitter_description":"Mini GMS blake HQ mikrofons, augsta ska\u0146as kvalit\u0101te. Liela noklaus\u012b\u0161an\u0101s k\u013c\u016bdu izv\u0113le. Tikai augstas kvalit\u0101tes noklaus\u012b\u0161an\u0101s iek\u0101rtas. Zemas cenas garantija","twitter_misc":{"Est. reading time":"2 minutit"},"schema":{"@context":"https:\/\/schema.org","@graph":[{"@type":"WebPage","@id":"https:\/\/izsekosanasierices.lv\/produkts\/mini-gsm-noklausisanas-ierice-hq-silikona-mikrofons\/","url":"https:\/\/izsekosanasierices.lv\/produkts\/mini-gsm-noklausisanas-ierice-hq-silikona-mikrofons\/","name":"Mini GSM noklaus\u012b\u0161an\u0101s ier\u012bce \u2013 HQ silikona mikrofons","isPartOf":{"@id":"https:\/\/izsekosanasierices.lv\/#website"},"primaryImageOfPage":{"@id":"https:\/\/izsekosanasierices.lv\/produkts\/mini-gsm-noklausisanas-ierice-hq-silikona-mikrofons\/#primaryimage"},"image":{"@id":"https:\/\/izsekosanasierices.lv\/produkts\/mini-gsm-noklausisanas-ierice-hq-silikona-mikrofons\/#primaryimage"},"thumbnailUrl":"https:\/\/izsekosanasierices.lv\/wp-content\/uploads\/izsekosanasierices-mini-gsm-pasiklausymo-blake-silikoninis-mikrofonas-hq.jpg","datePublished":"2023-10-05T15:37:57+00:00","dateModified":"2025-11-20T13:22:38+00:00","description":"Mini GMS noklaus\u012b\u0161an\u0101s iek\u0101rta ar HQ mikrofonu. Augsta ska\u0146as kvalit\u0101te. Liela noklaus\u012b\u0161an\u0101s iek\u0101rtu izv\u0113le. Tikai augstas kvalit\u0101tes noklaus\u012b\u0161an\u0101s iek\u0101rtas","breadcrumb":{"@id":"https:\/\/izsekosanasierices.lv\/produkts\/mini-gsm-noklausisanas-ierice-hq-silikona-mikrofons\/#breadcrumb"},"inLanguage":"et","potentialAction":[{"@type":"ReadAction","target":["https:\/\/izsekosanasierices.lv\/produkts\/mini-gsm-noklausisanas-ierice-hq-silikona-mikrofons\/"]}]},{"@type":"ImageObject","inLanguage":"et","@id":"https:\/\/izsekosanasierices.lv\/produkts\/mini-gsm-noklausisanas-ierice-hq-silikona-mikrofons\/#primaryimage","url":"https:\/\/izsekosanasierices.lv\/wp-content\/uploads\/izsekosanasierices-mini-gsm-pasiklausymo-blake-silikoninis-mikrofonas-hq.jpg","contentUrl":"https:\/\/izsekosanasierices.lv\/wp-content\/uploads\/izsekosanasierices-mini-gsm-pasiklausymo-blake-silikoninis-mikrofonas-hq.jpg","width":557,"height":577,"caption":"Mini GSM pasiklausymo blak\u0117 ( silikoninis mikrofonas) HQ"},{"@type":"BreadcrumbList","@id":"https:\/\/izsekosanasierices.lv\/produkts\/mini-gsm-noklausisanas-ierice-hq-silikona-mikrofons\/#breadcrumb","itemListElement":[{"@type":"ListItem","position":1,"name":"S\u0101kums","item":"https:\/\/izsekosanasierices.lv\/"},{"@type":"ListItem","position":2,"name":"Veikals","item":"https:\/\/izsekosanasierices.lv\/veikals\/"},{"@type":"ListItem","position":3,"name":"Mini GSM noklaus\u012b\u0161an\u0101s ier\u012bce \u2013 HQ silikona mikrofons"}]},{"@type":"WebSite","@id":"https:\/\/izsekosanasierices.lv\/#website","url":"https:\/\/izsekosanasierices.lv\/","name":"Nr1 Izseko\u0161anas ier\u012bces gps izseko\u0161anas iek\u0101rtas, klaus\u012b\u0161an\u0101s iek\u0101rtas","description":"","potentialAction":[{"@type":"SearchAction","target":{"@type":"EntryPoint","urlTemplate":"https:\/\/izsekosanasierices.lv\/?s={search_term_string}"},"query-input":{"@type":"PropertyValueSpecification","valueRequired":true,"valueName":"search_term_string"}}],"inLanguage":"et"}]}},"_links":{"self":[{"href":"https:\/\/izsekosanasierices.lv\/et\/wp-json\/wp\/v2\/product\/1375","targetHints":{"allow":["GET"]}}],"collection":[{"href":"https:\/\/izsekosanasierices.lv\/et\/wp-json\/wp\/v2\/product"}],"about":[{"href":"https:\/\/izsekosanasierices.lv\/et\/wp-json\/wp\/v2\/types\/product"}],"wp:featuredmedia":[{"embeddable":true,"href":"https:\/\/izsekosanasierices.lv\/et\/wp-json\/wp\/v2\/media\/2174"}],"wp:attachment":[{"href":"https:\/\/izsekosanasierices.lv\/et\/wp-json\/wp\/v2\/media?parent=1375"}],"wp:term":[{"taxonomy":"product_brand","embeddable":true,"href":"https:\/\/izsekosanasierices.lv\/et\/wp-json\/wp\/v2\/product_brand?post=1375"},{"taxonomy":"product_cat","embeddable":true,"href":"https:\/\/izsekosanasierices.lv\/et\/wp-json\/wp\/v2\/product_cat?post=1375"},{"taxonomy":"product_tag","embeddable":true,"href":"https:\/\/izsekosanasierices.lv\/et\/wp-json\/wp\/v2\/product_tag?post=1375"}],"curies":[{"name":"wp","href":"https:\/\/api.w.org\/{rel}","templated":true}]}}