{"id":1376,"date":"2023-10-05T15:37:57","date_gmt":"2023-10-05T15:37:57","guid":{"rendered":"https:\/\/izsekosanasierices.lv\/produktas\/hq-pasiklausymo-blake-sveria-tik-23g-su-hq-mikrofonu\/"},"modified":"2026-02-05T07:09:17","modified_gmt":"2026-02-05T05:09:17","slug":"ar-hq-mikrofonu-aprikota-noklausisanas-ierice-kas-sver-tikai-23-g","status":"publish","type":"product","link":"https:\/\/izsekosanasierices.lv\/et\/produkts\/hq-mikrofoniga-varustatud-kuuldeaparaat-mis-kaalub-ainult-23-g\/","title":{"rendered":"HQ mikrofoniga varustatud kuuldeaparaat, mis kaalub vaid 23 g"},"content":{"rendered":"<p><strong>Tehnilised parameetrid:<\/strong><\/p>\n<ul>\n<li>Heliedastusre\u017eiim: GSM<\/li>\n<li>SIM-kaart lisatud<\/li>\n<li>Piiramatu kuulamiskaugus<\/li>\n<li>Saab \u00fchendada pidevale toiteallikale (pidev t\u00f6\u00f6)<\/li>\n<li>Aku t\u00fc\u00fcp: liitium-ioon (sisemine)<\/li>\n<li>Mikrofon: HQ silikoon<\/li>\n<li>Aku kestvus: kuulamisaeg +\/- 3,5 h, ootere\u017eiim 2 - 3 p\u00e4eva<\/li>\n<li>Kuulamisseadme m\u00f5\u00f5tmed: 41 mm x 31 mm x 13 mm<\/li>\n<li><strong>Garantii 12 kuud<\/strong><\/li>\n<\/ul>\n<p><span style=\"color: #ff0000;\"><strong>Vajad kiiret sama p\u00e4eva (ja n\u00e4dalavahetuse) kohaletoimetamist? Helistage +371-20484176<\/strong><\/span><\/p>\n<p>Kasutamine: teie ohutuse tagamiseks, laste ohutuse tagamiseks.<\/p>\n<p>N\u00fc\u00fcd saate vestlusi pealt kuulata Mini GSM-kuulamisseadmega <em>Blake<\/em>! See v\u00e4ike seade v\u00f5imaldab teil kuulata vestlusi piiramatu vahemaa tagant. See on ideaalne seade k\u00f5igile, kes tahavad olla h\u00e4sti informeeritud.<\/p>\n<p>Mini-GSM-kuulamise seade pakub selget, moonutusvaba heli.<\/p>\n<p>Seadmel on laetav aku, mis kestab kuulamisre\u017eiimis kuni 3 tundi.<\/p>\n<p>Lihtne kasutada - lihtsalt sisestage SIM-kaart ja seade on kasutusvalmis. On olemas turvafunktsioon, mis v\u00f5imaldab anda mobiiltelefonile administraatori \u00f5igused. Kui keegi helistab GSM-kuulamise seadmele, on see h\u00f5ivatud. Ainult teie saate seadmele helistada ja k\u00f5nesid pealt kuulata.<\/p>","protected":false},"excerpt":{"rendered":"<p>Mini GMS kuulamise seade koos HQ-mikrofoniga. K\u00f5rge helikvaliteet. Suur valik kuulamisseadmeid. Ainult kvaliteetsed kuulamisseadmed. Madala hinnagarantii.<\/p>","protected":false},"featured_media":2180,"template":"","meta":[],"product_brand":[],"product_cat":[336,335,337],"product_tag":[62,338,339,340,341],"class_list":{"0":"post-1376","1":"product","2":"type-product","3":"status-publish","4":"has-post-thumbnail","6":"product_cat-gsm-noklausisanas-iekartas-blakes","7":"product_cat-noklausisanas-ierices","8":"product_cat-profesionals-noklausisanas-aprikojums","9":"product_tag-gsm-blake","10":"product_tag-noklausisanas-iekartas","11":"product_tag-noklausisanas-kluda","12":"product_tag-profesionalas-noklausisanas-iekartas","13":"product_tag-sarunu-noklausisanas","15":"first","16":"instock","17":"taxable","18":"shipping-taxable","19":"purchasable","20":"product-type-simple"},"yoast_head":"<!-- This site is optimized with the Yoast SEO plugin v27.5 - https:\/\/yoast.com\/product\/yoast-seo-wordpress\/ -->\n<title>Ar HQ mikrofonu apr\u012bkota noklaus\u012b\u0161an\u0101s ier\u012bce kas sver tikai 23 g<\/title>\n<meta name=\"description\" content=\"Mini GMS noklaus\u012b\u0161an\u0101s iek\u0101rta ar HQ mikrofonu. Augsta ska\u0146as kvalit\u0101te. Liela noklaus\u012b\u0161an\u0101s ier\u012b\u010du izv\u0113le. Tikai augstas kvalit\u0101tes noklaus\u012b\u0161an\u0101s iek\u0101rtas.\" \/>\n<meta name=\"robots\" content=\"index, follow, max-snippet:-1, max-image-preview:large, max-video-preview:-1\" \/>\n<link rel=\"canonical\" href=\"https:\/\/izsekosanasierices.lv\/et\/produkts\/hq-mikrofoniga-varustatud-kuuldeaparaat-mis-kaalub-ainult-23-g\/\" \/>\n<meta property=\"og:locale\" content=\"et_EE\" \/>\n<meta property=\"og:type\" content=\"article\" \/>\n<meta property=\"og:title\" content=\"HQ Listening Bug sver tikai 23 g. ar HQ mikrofonu\" \/>\n<meta property=\"og:description\" content=\"Mini GMS blake HQ mikrofons, augsta ska\u0146as kvalit\u0101te. Liela noklaus\u012b\u0161an\u0101s k\u013c\u016bdu izv\u0113le. Tikai augstas kvalit\u0101tes noklaus\u012b\u0161an\u0101s iek\u0101rtas. Zemas cenas garantija\" \/>\n<meta property=\"og:url\" content=\"https:\/\/izsekosanasierices.lv\/et\/produkts\/hq-mikrofoniga-varustatud-kuuldeaparaat-mis-kaalub-ainult-23-g\/\" \/>\n<meta property=\"og:site_name\" content=\"Nr1 Izseko\u0161anas ier\u012bces gps izseko\u0161anas iek\u0101rtas, klaus\u012b\u0161an\u0101s iek\u0101rtas\" \/>\n<meta property=\"article:modified_time\" content=\"2026-02-05T05:09:17+00:00\" \/>\n<meta property=\"og:image\" content=\"https:\/\/rvnski.dev\/sekimoiranga\/wp-content\/uploads\/izsekosanasierices.webp\" \/>\n<meta name=\"twitter:card\" content=\"summary_large_image\" \/>\n<meta name=\"twitter:title\" content=\"HQ Listening Bug sver tikai 23 g. ar HQ mikrofonu\" \/>\n<meta name=\"twitter:description\" content=\"Mini GMS blake HQ mikrofons, augsta ska\u0146as kvalit\u0101te. Liela noklaus\u012b\u0161an\u0101s k\u013c\u016bdu izv\u0113le. Tikai augstas kvalit\u0101tes noklaus\u012b\u0161an\u0101s iek\u0101rtas. Zemas cenas garantija\" \/>\n<meta name=\"twitter:label1\" content=\"Est. reading time\" \/>\n\t<meta name=\"twitter:data1\" content=\"2 minutit\" \/>\n<script type=\"application\/ld+json\" class=\"yoast-schema-graph\">{\"@context\":\"https:\\\/\\\/schema.org\",\"@graph\":[{\"@type\":\"WebPage\",\"@id\":\"https:\\\/\\\/izsekosanasierices.lv\\\/produkts\\\/ar-hq-mikrofonu-aprikota-noklausisanas-ierice-kas-sver-tikai-23-g\\\/\",\"url\":\"https:\\\/\\\/izsekosanasierices.lv\\\/produkts\\\/ar-hq-mikrofonu-aprikota-noklausisanas-ierice-kas-sver-tikai-23-g\\\/\",\"name\":\"Ar HQ mikrofonu apr\u012bkota noklaus\u012b\u0161an\u0101s ier\u012bce kas sver tikai 23 g\",\"isPartOf\":{\"@id\":\"https:\\\/\\\/izsekosanasierices.lv\\\/#website\"},\"primaryImageOfPage\":{\"@id\":\"https:\\\/\\\/izsekosanasierices.lv\\\/produkts\\\/ar-hq-mikrofonu-aprikota-noklausisanas-ierice-kas-sver-tikai-23-g\\\/#primaryimage\"},\"image\":{\"@id\":\"https:\\\/\\\/izsekosanasierices.lv\\\/produkts\\\/ar-hq-mikrofonu-aprikota-noklausisanas-ierice-kas-sver-tikai-23-g\\\/#primaryimage\"},\"thumbnailUrl\":\"https:\\\/\\\/izsekosanasierices.lv\\\/wp-content\\\/uploads\\\/izsekosanasierices-hq-pasiklausymo-blake-sveria-tik-23g-su-hq-mikrofonu.jpg\",\"datePublished\":\"2023-10-05T15:37:57+00:00\",\"dateModified\":\"2026-02-05T05:09:17+00:00\",\"description\":\"Mini GMS noklaus\u012b\u0161an\u0101s iek\u0101rta ar HQ mikrofonu. Augsta ska\u0146as kvalit\u0101te. Liela noklaus\u012b\u0161an\u0101s ier\u012b\u010du izv\u0113le. Tikai augstas kvalit\u0101tes noklaus\u012b\u0161an\u0101s iek\u0101rtas.\",\"breadcrumb\":{\"@id\":\"https:\\\/\\\/izsekosanasierices.lv\\\/produkts\\\/ar-hq-mikrofonu-aprikota-noklausisanas-ierice-kas-sver-tikai-23-g\\\/#breadcrumb\"},\"inLanguage\":\"et\",\"potentialAction\":[{\"@type\":\"ReadAction\",\"target\":[\"https:\\\/\\\/izsekosanasierices.lv\\\/produkts\\\/ar-hq-mikrofonu-aprikota-noklausisanas-ierice-kas-sver-tikai-23-g\\\/\"]}]},{\"@type\":\"ImageObject\",\"inLanguage\":\"et\",\"@id\":\"https:\\\/\\\/izsekosanasierices.lv\\\/produkts\\\/ar-hq-mikrofonu-aprikota-noklausisanas-ierice-kas-sver-tikai-23-g\\\/#primaryimage\",\"url\":\"https:\\\/\\\/izsekosanasierices.lv\\\/wp-content\\\/uploads\\\/izsekosanasierices-hq-pasiklausymo-blake-sveria-tik-23g-su-hq-mikrofonu.jpg\",\"contentUrl\":\"https:\\\/\\\/izsekosanasierices.lv\\\/wp-content\\\/uploads\\\/izsekosanasierices-hq-pasiklausymo-blake-sveria-tik-23g-su-hq-mikrofonu.jpg\",\"width\":511,\"height\":529,\"caption\":\"Mini GSM pasiklausymo blak\u0117 ( silikoninis mikrofonas) HQ\"},{\"@type\":\"BreadcrumbList\",\"@id\":\"https:\\\/\\\/izsekosanasierices.lv\\\/produkts\\\/ar-hq-mikrofonu-aprikota-noklausisanas-ierice-kas-sver-tikai-23-g\\\/#breadcrumb\",\"itemListElement\":[{\"@type\":\"ListItem\",\"position\":1,\"name\":\"S\u0101kums\",\"item\":\"https:\\\/\\\/izsekosanasierices.lv\\\/\"},{\"@type\":\"ListItem\",\"position\":2,\"name\":\"Veikals\",\"item\":\"https:\\\/\\\/izsekosanasierices.lv\\\/veikals\\\/\"},{\"@type\":\"ListItem\",\"position\":3,\"name\":\"Ar HQ mikrofonu apr\u012bkota noklaus\u012b\u0161an\u0101s ier\u012bce kas sver tikai 23 g\"}]},{\"@type\":\"WebSite\",\"@id\":\"https:\\\/\\\/izsekosanasierices.lv\\\/#website\",\"url\":\"https:\\\/\\\/izsekosanasierices.lv\\\/\",\"name\":\"Nr1 Izseko\u0161anas ier\u012bces gps izseko\u0161anas iek\u0101rtas, klaus\u012b\u0161an\u0101s iek\u0101rtas\",\"description\":\"\",\"potentialAction\":[{\"@type\":\"SearchAction\",\"target\":{\"@type\":\"EntryPoint\",\"urlTemplate\":\"https:\\\/\\\/izsekosanasierices.lv\\\/?s={search_term_string}\"},\"query-input\":{\"@type\":\"PropertyValueSpecification\",\"valueRequired\":true,\"valueName\":\"search_term_string\"}}],\"inLanguage\":\"et\"}]}<\/script>\n<!-- \/ Yoast SEO plugin. -->","yoast_head_json":{"title":"Ar HQ mikrofonu apr\u012bkota noklaus\u012b\u0161an\u0101s ier\u012bce kas sver tikai 23 g","description":"Mini GMS noklaus\u012b\u0161an\u0101s iek\u0101rta ar HQ mikrofonu. Augsta ska\u0146as kvalit\u0101te. Liela noklaus\u012b\u0161an\u0101s ier\u012b\u010du izv\u0113le. Tikai augstas kvalit\u0101tes noklaus\u012b\u0161an\u0101s iek\u0101rtas.","robots":{"index":"index","follow":"follow","max-snippet":"max-snippet:-1","max-image-preview":"max-image-preview:large","max-video-preview":"max-video-preview:-1"},"canonical":"https:\/\/izsekosanasierices.lv\/et\/produkts\/hq-mikrofoniga-varustatud-kuuldeaparaat-mis-kaalub-ainult-23-g\/","og_locale":"et_EE","og_type":"article","og_title":"HQ Listening Bug sver tikai 23 g. ar HQ mikrofonu","og_description":"Mini GMS blake HQ mikrofons, augsta ska\u0146as kvalit\u0101te. Liela noklaus\u012b\u0161an\u0101s k\u013c\u016bdu izv\u0113le. Tikai augstas kvalit\u0101tes noklaus\u012b\u0161an\u0101s iek\u0101rtas. Zemas cenas garantija","og_url":"https:\/\/izsekosanasierices.lv\/et\/produkts\/hq-mikrofoniga-varustatud-kuuldeaparaat-mis-kaalub-ainult-23-g\/","og_site_name":"Nr1 Izseko\u0161anas ier\u012bces gps izseko\u0161anas iek\u0101rtas, klaus\u012b\u0161an\u0101s iek\u0101rtas","article_modified_time":"2026-02-05T05:09:17+00:00","og_image":[{"url":"https:\/\/rvnski.dev\/sekimoiranga\/wp-content\/uploads\/izsekosanasierices.webp","type":"","width":"","height":""}],"twitter_card":"summary_large_image","twitter_title":"HQ Listening Bug sver tikai 23 g. ar HQ mikrofonu","twitter_description":"Mini GMS blake HQ mikrofons, augsta ska\u0146as kvalit\u0101te. Liela noklaus\u012b\u0161an\u0101s k\u013c\u016bdu izv\u0113le. Tikai augstas kvalit\u0101tes noklaus\u012b\u0161an\u0101s iek\u0101rtas. Zemas cenas garantija","twitter_misc":{"Est. reading time":"2 minutit"},"schema":{"@context":"https:\/\/schema.org","@graph":[{"@type":"WebPage","@id":"https:\/\/izsekosanasierices.lv\/produkts\/ar-hq-mikrofonu-aprikota-noklausisanas-ierice-kas-sver-tikai-23-g\/","url":"https:\/\/izsekosanasierices.lv\/produkts\/ar-hq-mikrofonu-aprikota-noklausisanas-ierice-kas-sver-tikai-23-g\/","name":"Ar HQ mikrofonu apr\u012bkota noklaus\u012b\u0161an\u0101s ier\u012bce kas sver tikai 23 g","isPartOf":{"@id":"https:\/\/izsekosanasierices.lv\/#website"},"primaryImageOfPage":{"@id":"https:\/\/izsekosanasierices.lv\/produkts\/ar-hq-mikrofonu-aprikota-noklausisanas-ierice-kas-sver-tikai-23-g\/#primaryimage"},"image":{"@id":"https:\/\/izsekosanasierices.lv\/produkts\/ar-hq-mikrofonu-aprikota-noklausisanas-ierice-kas-sver-tikai-23-g\/#primaryimage"},"thumbnailUrl":"https:\/\/izsekosanasierices.lv\/wp-content\/uploads\/izsekosanasierices-hq-pasiklausymo-blake-sveria-tik-23g-su-hq-mikrofonu.jpg","datePublished":"2023-10-05T15:37:57+00:00","dateModified":"2026-02-05T05:09:17+00:00","description":"Mini GMS noklaus\u012b\u0161an\u0101s iek\u0101rta ar HQ mikrofonu. Augsta ska\u0146as kvalit\u0101te. Liela noklaus\u012b\u0161an\u0101s ier\u012b\u010du izv\u0113le. Tikai augstas kvalit\u0101tes noklaus\u012b\u0161an\u0101s iek\u0101rtas.","breadcrumb":{"@id":"https:\/\/izsekosanasierices.lv\/produkts\/ar-hq-mikrofonu-aprikota-noklausisanas-ierice-kas-sver-tikai-23-g\/#breadcrumb"},"inLanguage":"et","potentialAction":[{"@type":"ReadAction","target":["https:\/\/izsekosanasierices.lv\/produkts\/ar-hq-mikrofonu-aprikota-noklausisanas-ierice-kas-sver-tikai-23-g\/"]}]},{"@type":"ImageObject","inLanguage":"et","@id":"https:\/\/izsekosanasierices.lv\/produkts\/ar-hq-mikrofonu-aprikota-noklausisanas-ierice-kas-sver-tikai-23-g\/#primaryimage","url":"https:\/\/izsekosanasierices.lv\/wp-content\/uploads\/izsekosanasierices-hq-pasiklausymo-blake-sveria-tik-23g-su-hq-mikrofonu.jpg","contentUrl":"https:\/\/izsekosanasierices.lv\/wp-content\/uploads\/izsekosanasierices-hq-pasiklausymo-blake-sveria-tik-23g-su-hq-mikrofonu.jpg","width":511,"height":529,"caption":"Mini GSM pasiklausymo blak\u0117 ( silikoninis mikrofonas) HQ"},{"@type":"BreadcrumbList","@id":"https:\/\/izsekosanasierices.lv\/produkts\/ar-hq-mikrofonu-aprikota-noklausisanas-ierice-kas-sver-tikai-23-g\/#breadcrumb","itemListElement":[{"@type":"ListItem","position":1,"name":"S\u0101kums","item":"https:\/\/izsekosanasierices.lv\/"},{"@type":"ListItem","position":2,"name":"Veikals","item":"https:\/\/izsekosanasierices.lv\/veikals\/"},{"@type":"ListItem","position":3,"name":"Ar HQ mikrofonu apr\u012bkota noklaus\u012b\u0161an\u0101s ier\u012bce kas sver tikai 23 g"}]},{"@type":"WebSite","@id":"https:\/\/izsekosanasierices.lv\/#website","url":"https:\/\/izsekosanasierices.lv\/","name":"Nr1 Izseko\u0161anas ier\u012bces gps izseko\u0161anas iek\u0101rtas, klaus\u012b\u0161an\u0101s iek\u0101rtas","description":"","potentialAction":[{"@type":"SearchAction","target":{"@type":"EntryPoint","urlTemplate":"https:\/\/izsekosanasierices.lv\/?s={search_term_string}"},"query-input":{"@type":"PropertyValueSpecification","valueRequired":true,"valueName":"search_term_string"}}],"inLanguage":"et"}]}},"_links":{"self":[{"href":"https:\/\/izsekosanasierices.lv\/et\/wp-json\/wp\/v2\/product\/1376","targetHints":{"allow":["GET"]}}],"collection":[{"href":"https:\/\/izsekosanasierices.lv\/et\/wp-json\/wp\/v2\/product"}],"about":[{"href":"https:\/\/izsekosanasierices.lv\/et\/wp-json\/wp\/v2\/types\/product"}],"wp:featuredmedia":[{"embeddable":true,"href":"https:\/\/izsekosanasierices.lv\/et\/wp-json\/wp\/v2\/media\/2180"}],"wp:attachment":[{"href":"https:\/\/izsekosanasierices.lv\/et\/wp-json\/wp\/v2\/media?parent=1376"}],"wp:term":[{"taxonomy":"product_brand","embeddable":true,"href":"https:\/\/izsekosanasierices.lv\/et\/wp-json\/wp\/v2\/product_brand?post=1376"},{"taxonomy":"product_cat","embeddable":true,"href":"https:\/\/izsekosanasierices.lv\/et\/wp-json\/wp\/v2\/product_cat?post=1376"},{"taxonomy":"product_tag","embeddable":true,"href":"https:\/\/izsekosanasierices.lv\/et\/wp-json\/wp\/v2\/product_tag?post=1376"}],"curies":[{"name":"wp","href":"https:\/\/api.w.org\/{rel}","templated":true}]}}