{"id":1377,"date":"2023-10-05T15:37:57","date_gmt":"2023-10-05T15:37:57","guid":{"rendered":"https:\/\/izsekosanasierices.lv\/produktas\/4g-medziokline-kamera-su-30-000mah-akumuliatoriumi-spalvotas-naktinis-matymas-iki-10-metru\/"},"modified":"2025-11-19T18:03:35","modified_gmt":"2025-11-19T16:03:35","slug":"4g-medibu-kamera-ar-30-000-mah-akumulatoru-krasu-redzamibas-diapazons-nakts-rezima-lidz-10-metriem","status":"publish","type":"product","link":"https:\/\/izsekosanasierices.lv\/et\/produkts\/4g-medibu-kaamera-30-000-mah-akuga-mis-tagab-laia-oovaatlusulatuse-kuni-10-meetri-ulatuses\/","title":{"rendered":"4G jahikaamera 30 000 Mah akuga, v\u00e4rviline \u00f6\u00f6vaatluskaamera kuni 10 meetri kaugusele"},"content":{"rendered":"<h3><strong>Tehnilised parameetrid:<\/strong><\/h3>\n<ul>\n<li>Kaugvaatamine: jah<\/li>\n<li>5 mp kaamera<\/li>\n<li>Ip66 veekaitse<\/li>\n<li>Live-heli<\/li>\n<li>Heliga videosalvestised<\/li>\n<li>Liikumise tuvastamine<\/li>\n<li>Laetav aku 30 000 Mah<\/li>\n<li>P\u00e4ikesepaneel<\/li>\n<li>Video salvestamise aeg on umbes 6 kuud, kui liikumist tuvastatakse 20 korda p\u00e4evas.<\/li>\n<li>PIR-andurid<\/li>\n<li>Toetab kuni 128 GB m\u00e4lukaarte<\/li>\n<li>V\u00f5rk : GSM 4 g. SIM-kaart koos internetiga<\/li>\n<li>\u00d6ine n\u00e4gemine 10 meetri kaugusele<\/li>\n<li>Kirjete vaatamine: telefonis<\/li>\n<li>Telefoniteated: jah<\/li>\n<li>SIM-kaardi pesa: jah<\/li>\n<li>Liikumistuvastuse re\u017eiim: jah<\/li>\n<li>Vaatamisnurk: 110\u00b0<\/li>\n<li>Pakkimisformaat: avi H.265<\/li>\n<li>Toetatud s\u00fcsteemid: iOS, Android<\/li>\n<li>Toiteallikas: sisemine aku v\u00f5i p\u00e4ikesepaneel (kaasas)<\/li>\n<li>Salvestuse juhtimine: mis tahes nutiseadmest (telefon, arvuti v\u00f5i tahvelarvuti)<\/li>\n<li>Garantii 12 kuud<\/li>\n<\/ul>\n<p><span style=\"color: #ff0000;\"><strong>Vajad kiiret sama p\u00e4eva (ja n\u00e4dalavahetuse) kohaletoimetamist?  Helistage +37120484176<\/strong><\/span><\/p>","protected":false},"excerpt":{"rendered":"<p><em>Sony<\/em> sensor k\u00f5rge pildikvaliteedi tagamiseks. \u00d6\u00f6vaatlusre\u017eiim, et n\u00e4ha k\u00f5ike, kui keegi \u00f6\u00f6sel sisse murrab. Kaamera, mis kaalub 4 g ja sobib nii koju kui ka aeda. Lihtne paigaldada.<\/p>","protected":false},"featured_media":2188,"template":"","meta":[],"product_brand":[],"product_cat":[322,348,323,321],"product_tag":[324,325,326,36,327,328,329,32],"class_list":{"0":"post-1377","1":"product","2":"type-product","3":"status-publish","4":"has-post-thumbnail","6":"product_cat-4g-kameras","7":"product_cat-4g-medibu-kameras","8":"product_cat-ara-kameras-4g-wifi","9":"product_cat-sleptas-kameras","10":"product_tag-izlukosanas-kamera","11":"product_tag-izsekosanas-kamera","12":"product_tag-maskesanas-kamera","13":"product_tag-mini-kamera","14":"product_tag-noverosanas-kamera","15":"product_tag-slepena-kamera","16":"product_tag-slepta-noverosanas-kamera","17":"product_tag-wifi-kamera","19":"first","20":"instock","21":"taxable","22":"shipping-taxable","23":"purchasable","24":"product-type-simple"},"yoast_head":"<!-- This site is optimized with the Yoast SEO plugin v27.5 - https:\/\/yoast.com\/product\/yoast-seo-wordpress\/ -->\n<title>4G med\u012bbu kamera ar 30 000Mah akumulatoru + saules paneli<\/title>\n<meta name=\"description\" content=\"Sony sensors, kas nodro\u0161ina augstu att\u0113la kvalit\u0101ti. Nakts redzam\u012bbas re\u017e\u012bms, kas \u013cauj visu redz\u0113t, ja k\u0101ds nakt\u012b ielau\u017eas teritorij\u0101. Kamera, kas sver 4g\" \/>\n<meta name=\"robots\" content=\"index, follow, max-snippet:-1, max-image-preview:large, max-video-preview:-1\" \/>\n<link rel=\"canonical\" href=\"https:\/\/izsekosanasierices.lv\/et\/produkts\/4g-medibu-kaamera-30-000-mah-akuga-mis-tagab-laia-oovaatlusulatuse-kuni-10-meetri-ulatuses\/\" \/>\n<meta property=\"og:locale\" content=\"et_EE\" \/>\n<meta property=\"og:type\" content=\"article\" \/>\n<meta property=\"og:title\" content=\"4G med\u012bbu kamera ar 30 000Mah akumulatoru + saules paneli\" \/>\n<meta property=\"og:description\" content=\"Augstas att\u0113la kvalit\u0101tes sony sensors. Nakts redzam\u012bba, lai j\u016bs var\u0113tu redz\u0113t, ja k\u0101ds ielau\u017eas teritorij\u0101 nakt\u012b. 4g kamera m\u0101jai un d\u0101rzam, viegli uzst\u0101d\u0101ma\" \/>\n<meta property=\"og:url\" content=\"https:\/\/izsekosanasierices.lv\/et\/produkts\/4g-medibu-kaamera-30-000-mah-akuga-mis-tagab-laia-oovaatlusulatuse-kuni-10-meetri-ulatuses\/\" \/>\n<meta property=\"og:site_name\" content=\"Nr1 Izseko\u0161anas ier\u012bces gps izseko\u0161anas iek\u0101rtas, klaus\u012b\u0161an\u0101s iek\u0101rtas\" \/>\n<meta property=\"article:modified_time\" content=\"2025-11-19T16:03:35+00:00\" \/>\n<meta property=\"og:image\" content=\"https:\/\/rvnski.dev\/sekimoiranga\/wp-content\/uploads\/izsekosanasierices.webp\" \/>\n<meta name=\"twitter:card\" content=\"summary_large_image\" \/>\n<meta name=\"twitter:title\" content=\"4G med\u012bbu kamera ar 30 000Mah akumulatoru + saules paneli\" \/>\n<meta name=\"twitter:description\" content=\"Augstas att\u0113la kvalit\u0101tes sony sensors. Nakts redzam\u012bba, lai j\u016bs var\u0113tu redz\u0113t, ja k\u0101ds ielau\u017eas teritorij\u0101 nakt\u012b. 4g kamera m\u0101jai un d\u0101rzam, viegli uzst\u0101d\u0101ma\" \/>\n<meta name=\"twitter:label1\" content=\"Est. reading time\" \/>\n\t<meta name=\"twitter:data1\" content=\"1 minut\" \/>\n<script type=\"application\/ld+json\" class=\"yoast-schema-graph\">{\"@context\":\"https:\\\/\\\/schema.org\",\"@graph\":[{\"@type\":\"WebPage\",\"@id\":\"https:\\\/\\\/izsekosanasierices.lv\\\/produkts\\\/4g-medibu-kamera-ar-30-000-mah-akumulatoru-krasu-redzamibas-diapazons-nakts-rezima-lidz-10-metriem\\\/\",\"url\":\"https:\\\/\\\/izsekosanasierices.lv\\\/produkts\\\/4g-medibu-kamera-ar-30-000-mah-akumulatoru-krasu-redzamibas-diapazons-nakts-rezima-lidz-10-metriem\\\/\",\"name\":\"4G med\u012bbu kamera ar 30 000Mah akumulatoru + saules paneli\",\"isPartOf\":{\"@id\":\"https:\\\/\\\/izsekosanasierices.lv\\\/#website\"},\"primaryImageOfPage\":{\"@id\":\"https:\\\/\\\/izsekosanasierices.lv\\\/produkts\\\/4g-medibu-kamera-ar-30-000-mah-akumulatoru-krasu-redzamibas-diapazons-nakts-rezima-lidz-10-metriem\\\/#primaryimage\"},\"image\":{\"@id\":\"https:\\\/\\\/izsekosanasierices.lv\\\/produkts\\\/4g-medibu-kamera-ar-30-000-mah-akumulatoru-krasu-redzamibas-diapazons-nakts-rezima-lidz-10-metriem\\\/#primaryimage\"},\"thumbnailUrl\":\"https:\\\/\\\/izsekosanasierices.lv\\\/wp-content\\\/uploads\\\/izsekosanasierices-4g-medziokline-kamera-su-30-000mah-akumuliatoriumi-spalvotas-naktinis-matymas-iki-10-metru.jpg\",\"datePublished\":\"2023-10-05T15:37:57+00:00\",\"dateModified\":\"2025-11-19T16:03:35+00:00\",\"description\":\"Sony sensors, kas nodro\u0161ina augstu att\u0113la kvalit\u0101ti. Nakts redzam\u012bbas re\u017e\u012bms, kas \u013cauj visu redz\u0113t, ja k\u0101ds nakt\u012b ielau\u017eas teritorij\u0101. Kamera, kas sver 4g\",\"breadcrumb\":{\"@id\":\"https:\\\/\\\/izsekosanasierices.lv\\\/produkts\\\/4g-medibu-kamera-ar-30-000-mah-akumulatoru-krasu-redzamibas-diapazons-nakts-rezima-lidz-10-metriem\\\/#breadcrumb\"},\"inLanguage\":\"et\",\"potentialAction\":[{\"@type\":\"ReadAction\",\"target\":[\"https:\\\/\\\/izsekosanasierices.lv\\\/produkts\\\/4g-medibu-kamera-ar-30-000-mah-akumulatoru-krasu-redzamibas-diapazons-nakts-rezima-lidz-10-metriem\\\/\"]}]},{\"@type\":\"ImageObject\",\"inLanguage\":\"et\",\"@id\":\"https:\\\/\\\/izsekosanasierices.lv\\\/produkts\\\/4g-medibu-kamera-ar-30-000-mah-akumulatoru-krasu-redzamibas-diapazons-nakts-rezima-lidz-10-metriem\\\/#primaryimage\",\"url\":\"https:\\\/\\\/izsekosanasierices.lv\\\/wp-content\\\/uploads\\\/izsekosanasierices-4g-medziokline-kamera-su-30-000mah-akumuliatoriumi-spalvotas-naktinis-matymas-iki-10-metru.jpg\",\"contentUrl\":\"https:\\\/\\\/izsekosanasierices.lv\\\/wp-content\\\/uploads\\\/izsekosanasierices-4g-medziokline-kamera-su-30-000mah-akumuliatoriumi-spalvotas-naktinis-matymas-iki-10-metru.jpg\",\"width\":458,\"height\":458,\"caption\":\"medziokles kameros didelis pasirinkimas\"},{\"@type\":\"BreadcrumbList\",\"@id\":\"https:\\\/\\\/izsekosanasierices.lv\\\/produkts\\\/4g-medibu-kamera-ar-30-000-mah-akumulatoru-krasu-redzamibas-diapazons-nakts-rezima-lidz-10-metriem\\\/#breadcrumb\",\"itemListElement\":[{\"@type\":\"ListItem\",\"position\":1,\"name\":\"S\u0101kums\",\"item\":\"https:\\\/\\\/izsekosanasierices.lv\\\/\"},{\"@type\":\"ListItem\",\"position\":2,\"name\":\"Veikals\",\"item\":\"https:\\\/\\\/izsekosanasierices.lv\\\/veikals\\\/\"},{\"@type\":\"ListItem\",\"position\":3,\"name\":\"4G med\u012bbu kamera ar 30 000 Mah akumulatoru, kr\u0101su redzam\u012bbas diapazons nakts re\u017e\u012bm\u0101 l\u012bdz 10 metriem\"}]},{\"@type\":\"WebSite\",\"@id\":\"https:\\\/\\\/izsekosanasierices.lv\\\/#website\",\"url\":\"https:\\\/\\\/izsekosanasierices.lv\\\/\",\"name\":\"Nr1 Izseko\u0161anas ier\u012bces gps izseko\u0161anas iek\u0101rtas, klaus\u012b\u0161an\u0101s iek\u0101rtas\",\"description\":\"\",\"potentialAction\":[{\"@type\":\"SearchAction\",\"target\":{\"@type\":\"EntryPoint\",\"urlTemplate\":\"https:\\\/\\\/izsekosanasierices.lv\\\/?s={search_term_string}\"},\"query-input\":{\"@type\":\"PropertyValueSpecification\",\"valueRequired\":true,\"valueName\":\"search_term_string\"}}],\"inLanguage\":\"et\"}]}<\/script>\n<!-- \/ Yoast SEO plugin. -->","yoast_head_json":{"title":"4G med\u012bbu kamera ar 30 000Mah akumulatoru + saules paneli","description":"Sony sensors, kas nodro\u0161ina augstu att\u0113la kvalit\u0101ti. Nakts redzam\u012bbas re\u017e\u012bms, kas \u013cauj visu redz\u0113t, ja k\u0101ds nakt\u012b ielau\u017eas teritorij\u0101. Kamera, kas sver 4g","robots":{"index":"index","follow":"follow","max-snippet":"max-snippet:-1","max-image-preview":"max-image-preview:large","max-video-preview":"max-video-preview:-1"},"canonical":"https:\/\/izsekosanasierices.lv\/et\/produkts\/4g-medibu-kaamera-30-000-mah-akuga-mis-tagab-laia-oovaatlusulatuse-kuni-10-meetri-ulatuses\/","og_locale":"et_EE","og_type":"article","og_title":"4G med\u012bbu kamera ar 30 000Mah akumulatoru + saules paneli","og_description":"Augstas att\u0113la kvalit\u0101tes sony sensors. Nakts redzam\u012bba, lai j\u016bs var\u0113tu redz\u0113t, ja k\u0101ds ielau\u017eas teritorij\u0101 nakt\u012b. 4g kamera m\u0101jai un d\u0101rzam, viegli uzst\u0101d\u0101ma","og_url":"https:\/\/izsekosanasierices.lv\/et\/produkts\/4g-medibu-kaamera-30-000-mah-akuga-mis-tagab-laia-oovaatlusulatuse-kuni-10-meetri-ulatuses\/","og_site_name":"Nr1 Izseko\u0161anas ier\u012bces gps izseko\u0161anas iek\u0101rtas, klaus\u012b\u0161an\u0101s iek\u0101rtas","article_modified_time":"2025-11-19T16:03:35+00:00","og_image":[{"url":"https:\/\/rvnski.dev\/sekimoiranga\/wp-content\/uploads\/izsekosanasierices.webp","type":"","width":"","height":""}],"twitter_card":"summary_large_image","twitter_title":"4G med\u012bbu kamera ar 30 000Mah akumulatoru + saules paneli","twitter_description":"Augstas att\u0113la kvalit\u0101tes sony sensors. Nakts redzam\u012bba, lai j\u016bs var\u0113tu redz\u0113t, ja k\u0101ds ielau\u017eas teritorij\u0101 nakt\u012b. 4g kamera m\u0101jai un d\u0101rzam, viegli uzst\u0101d\u0101ma","twitter_misc":{"Est. reading time":"1 minut"},"schema":{"@context":"https:\/\/schema.org","@graph":[{"@type":"WebPage","@id":"https:\/\/izsekosanasierices.lv\/produkts\/4g-medibu-kamera-ar-30-000-mah-akumulatoru-krasu-redzamibas-diapazons-nakts-rezima-lidz-10-metriem\/","url":"https:\/\/izsekosanasierices.lv\/produkts\/4g-medibu-kamera-ar-30-000-mah-akumulatoru-krasu-redzamibas-diapazons-nakts-rezima-lidz-10-metriem\/","name":"4G med\u012bbu kamera ar 30 000Mah akumulatoru + saules paneli","isPartOf":{"@id":"https:\/\/izsekosanasierices.lv\/#website"},"primaryImageOfPage":{"@id":"https:\/\/izsekosanasierices.lv\/produkts\/4g-medibu-kamera-ar-30-000-mah-akumulatoru-krasu-redzamibas-diapazons-nakts-rezima-lidz-10-metriem\/#primaryimage"},"image":{"@id":"https:\/\/izsekosanasierices.lv\/produkts\/4g-medibu-kamera-ar-30-000-mah-akumulatoru-krasu-redzamibas-diapazons-nakts-rezima-lidz-10-metriem\/#primaryimage"},"thumbnailUrl":"https:\/\/izsekosanasierices.lv\/wp-content\/uploads\/izsekosanasierices-4g-medziokline-kamera-su-30-000mah-akumuliatoriumi-spalvotas-naktinis-matymas-iki-10-metru.jpg","datePublished":"2023-10-05T15:37:57+00:00","dateModified":"2025-11-19T16:03:35+00:00","description":"Sony sensors, kas nodro\u0161ina augstu att\u0113la kvalit\u0101ti. Nakts redzam\u012bbas re\u017e\u012bms, kas \u013cauj visu redz\u0113t, ja k\u0101ds nakt\u012b ielau\u017eas teritorij\u0101. Kamera, kas sver 4g","breadcrumb":{"@id":"https:\/\/izsekosanasierices.lv\/produkts\/4g-medibu-kamera-ar-30-000-mah-akumulatoru-krasu-redzamibas-diapazons-nakts-rezima-lidz-10-metriem\/#breadcrumb"},"inLanguage":"et","potentialAction":[{"@type":"ReadAction","target":["https:\/\/izsekosanasierices.lv\/produkts\/4g-medibu-kamera-ar-30-000-mah-akumulatoru-krasu-redzamibas-diapazons-nakts-rezima-lidz-10-metriem\/"]}]},{"@type":"ImageObject","inLanguage":"et","@id":"https:\/\/izsekosanasierices.lv\/produkts\/4g-medibu-kamera-ar-30-000-mah-akumulatoru-krasu-redzamibas-diapazons-nakts-rezima-lidz-10-metriem\/#primaryimage","url":"https:\/\/izsekosanasierices.lv\/wp-content\/uploads\/izsekosanasierices-4g-medziokline-kamera-su-30-000mah-akumuliatoriumi-spalvotas-naktinis-matymas-iki-10-metru.jpg","contentUrl":"https:\/\/izsekosanasierices.lv\/wp-content\/uploads\/izsekosanasierices-4g-medziokline-kamera-su-30-000mah-akumuliatoriumi-spalvotas-naktinis-matymas-iki-10-metru.jpg","width":458,"height":458,"caption":"medziokles kameros didelis pasirinkimas"},{"@type":"BreadcrumbList","@id":"https:\/\/izsekosanasierices.lv\/produkts\/4g-medibu-kamera-ar-30-000-mah-akumulatoru-krasu-redzamibas-diapazons-nakts-rezima-lidz-10-metriem\/#breadcrumb","itemListElement":[{"@type":"ListItem","position":1,"name":"S\u0101kums","item":"https:\/\/izsekosanasierices.lv\/"},{"@type":"ListItem","position":2,"name":"Veikals","item":"https:\/\/izsekosanasierices.lv\/veikals\/"},{"@type":"ListItem","position":3,"name":"4G med\u012bbu kamera ar 30 000 Mah akumulatoru, kr\u0101su redzam\u012bbas diapazons nakts re\u017e\u012bm\u0101 l\u012bdz 10 metriem"}]},{"@type":"WebSite","@id":"https:\/\/izsekosanasierices.lv\/#website","url":"https:\/\/izsekosanasierices.lv\/","name":"Nr1 Izseko\u0161anas ier\u012bces gps izseko\u0161anas iek\u0101rtas, klaus\u012b\u0161an\u0101s iek\u0101rtas","description":"","potentialAction":[{"@type":"SearchAction","target":{"@type":"EntryPoint","urlTemplate":"https:\/\/izsekosanasierices.lv\/?s={search_term_string}"},"query-input":{"@type":"PropertyValueSpecification","valueRequired":true,"valueName":"search_term_string"}}],"inLanguage":"et"}]}},"_links":{"self":[{"href":"https:\/\/izsekosanasierices.lv\/et\/wp-json\/wp\/v2\/product\/1377","targetHints":{"allow":["GET"]}}],"collection":[{"href":"https:\/\/izsekosanasierices.lv\/et\/wp-json\/wp\/v2\/product"}],"about":[{"href":"https:\/\/izsekosanasierices.lv\/et\/wp-json\/wp\/v2\/types\/product"}],"wp:featuredmedia":[{"embeddable":true,"href":"https:\/\/izsekosanasierices.lv\/et\/wp-json\/wp\/v2\/media\/2188"}],"wp:attachment":[{"href":"https:\/\/izsekosanasierices.lv\/et\/wp-json\/wp\/v2\/media?parent=1377"}],"wp:term":[{"taxonomy":"product_brand","embeddable":true,"href":"https:\/\/izsekosanasierices.lv\/et\/wp-json\/wp\/v2\/product_brand?post=1377"},{"taxonomy":"product_cat","embeddable":true,"href":"https:\/\/izsekosanasierices.lv\/et\/wp-json\/wp\/v2\/product_cat?post=1377"},{"taxonomy":"product_tag","embeddable":true,"href":"https:\/\/izsekosanasierices.lv\/et\/wp-json\/wp\/v2\/product_tag?post=1377"}],"curies":[{"name":"wp","href":"https:\/\/api.w.org\/{rel}","templated":true}]}}