{"id":1378,"date":"2023-10-05T15:37:57","date_gmt":"2023-10-05T15:37:57","guid":{"rendered":"https:\/\/izsekosanasierices.lv\/produktas\/medziokles-kamera-4g-10400mah-spalvotas-naktinis-matymas\/"},"modified":"2025-11-19T17:55:33","modified_gmt":"2025-11-19T15:55:33","slug":"medibu-kamera-4g-10400mah-krasu-nakts-redzamiba","status":"publish","type":"product","link":"https:\/\/izsekosanasierices.lv\/et\/produkts\/medibu-kaamera-4g-10400mah-terav-oine-nagemine\/","title":{"rendered":"Jahikaamera 4G 10400mAh, v\u00e4rviline \u00f6\u00f6n\u00e4gemine"},"content":{"rendered":"<h3><strong>Tehnilised parameetrid:<\/strong><\/h3>\n<ul>\n<li>Kaugvaatamine: JAH<\/li>\n<li>4mp kaamera<\/li>\n<li>Ip66 veekaitse<\/li>\n<li>T\u00f6\u00f6tab ilma p\u00e4ikesepaneelita<\/li>\n<li>HD 2k video<\/li>\n<li>Saadaval on elav heli<\/li>\n<li>Videod on tehtud heliga<\/li>\n<li>Liikumise tuvastamine<\/li>\n<li>Laetav aku 10 400Mah<\/li>\n<li>P\u00e4ikesepaneel<\/li>\n<li>Filmi tegemiseks kulub umbes 3 kuud. kuni 20 detektiiviga p\u00e4evas.<\/li>\n<li>Video salvestamine koos heliga<\/li>\n<li>PIR-andur suurema tundlikkusega<\/li>\n<li>Toetab kuni 128 GB m\u00e4lukaarte<\/li>\n<li>V\u00f5rk : GSM 4g sim-kaart koos internetiga<\/li>\n<li>\u00d6\u00f6vaatlus 3 re\u017eiimi (\"\u00d6\u00f6 IR\") (\"\u00d6\u00f6 v\u00e4rviline\") (\"Auto\")<\/li>\n<li>Piltide vaatamiseks: telefoni teel<\/li>\n<li>Telefoniteated: jah<\/li>\n<li>Sim-kaardi pesa: jah<\/li>\n<li>Liikumistuvastuse re\u017eiim: JAH<\/li>\n<li>Vaatamisnurk: 102\u00b0<\/li>\n<li>Pakkimisformaat: avi H.265<\/li>\n<li>Toetatud s\u00fcsteemid: iOS Android<\/li>\n<li>Toiteallikas: sisemine aku v\u00f5i p\u00e4ikesepaneel (kaasas)<\/li>\n<li>Salvestuse juhtimine: mis tahes nutiseadmest (telefon, arvuti v\u00f5i tahvelarvuti).<\/li>\n<li>Garantii 12 kuud<\/li>\n<\/ul>\n<p><span style=\"color: #d0121a;\"><strong>Kas vajate kiiret sama p\u00e4eva kohaletoimetamist? (ja n\u00e4dalavahetustel)- helista +37068411114<\/strong><\/span><\/p>","protected":false},"excerpt":{"rendered":"<p>Eriti pika elueaga jahi- v\u00f5i v\u00e4likaamera. Pir sensor, mustvalge v\u00f5i v\u00e4rviline \u00f6\u00f6n\u00e4gemine. Suur valik j\u00e4lgimisseadmeid<\/p>","protected":false},"featured_media":2195,"template":"","meta":[],"product_brand":[],"product_cat":[322,348,323,321],"product_tag":[349,350,324,325,184,326,36,327,328,329,32],"class_list":{"0":"post-1378","1":"product","2":"type-product","3":"status-publish","4":"has-post-thumbnail","6":"product_cat-4g-kameras","7":"product_cat-4g-medibu-kameras","8":"product_cat-ara-kameras-4g-wifi","9":"product_cat-sleptas-kameras","10":"product_tag-intermediate-windows-skamera","11":"product_tag-interokulara-kamera","12":"product_tag-izlukosanas-kamera","13":"product_tag-izsekosanas-kamera","14":"product_tag-m","15":"product_tag-maskesanas-kamera","16":"product_tag-mini-kamera","17":"product_tag-noverosanas-kamera","18":"product_tag-slepena-kamera","19":"product_tag-slepta-noverosanas-kamera","20":"product_tag-wifi-kamera","22":"first","23":"instock","24":"taxable","25":"shipping-taxable","26":"purchasable","27":"product-type-simple"},"yoast_head":"<!-- This site is optimized with the Yoast SEO plugin v27.5 - https:\/\/yoast.com\/product\/yoast-seo-wordpress\/ -->\n<title>4G kamera 10400 mAh akumulators Saules panelis + nakts IR vai<\/title>\n<meta name=\"description\" content=\"Med\u012bbu vai \u0101ra kamera ar \u012bpa\u0161i ilgu kalpo\u0161anas laiku. Pir sensors, melnbalta vai kr\u0101saina nakts redzam\u012bba. Liels izseko\u0161anas apr\u012bkojuma kl\u0101sts\" \/>\n<meta name=\"robots\" content=\"index, follow, max-snippet:-1, max-image-preview:large, max-video-preview:-1\" \/>\n<link rel=\"canonical\" href=\"https:\/\/izsekosanasierices.lv\/et\/produkts\/medibu-kaamera-4g-10400mah-terav-oine-nagemine\/\" \/>\n<meta property=\"og:locale\" content=\"et_EE\" \/>\n<meta property=\"og:type\" content=\"article\" \/>\n<meta property=\"og:title\" content=\"4G kamera 10400 mAh akumulators Saules panelis + nakts IR vai kr\u0101su\" \/>\n<meta property=\"og:description\" content=\"Med\u012bbu vai \u0101ra kamera ar \u012bpa\u0161i ilgu kalpo\u0161anas laiku. Pir sensors, melnbalta vai kr\u0101saina nakts redzam\u012bba. Liels izseko\u0161anas apr\u012bkojuma kl\u0101sts\" \/>\n<meta property=\"og:url\" content=\"https:\/\/izsekosanasierices.lv\/et\/produkts\/medibu-kaamera-4g-10400mah-terav-oine-nagemine\/\" \/>\n<meta property=\"og:site_name\" content=\"Nr1 Izseko\u0161anas ier\u012bces gps izseko\u0161anas iek\u0101rtas, klaus\u012b\u0161an\u0101s iek\u0101rtas\" \/>\n<meta property=\"article:modified_time\" content=\"2025-11-19T15:55:33+00:00\" \/>\n<meta property=\"og:image\" content=\"https:\/\/rvnski.dev\/sekimoiranga\/wp-content\/uploads\/izsekosanasierices.webp\" \/>\n<meta name=\"twitter:card\" content=\"summary_large_image\" \/>\n<meta name=\"twitter:title\" content=\"4G kamera 10400 mAh akumulators Saules panelis + nakts IR vai kr\u0101su\" \/>\n<meta name=\"twitter:description\" content=\"Med\u012bbu vai \u0101ra kamera ar \u012bpa\u0161i ilgu kalpo\u0161anas laiku. Pir sensors, melnbalta vai kr\u0101saina nakts redzam\u012bba. Liels izseko\u0161anas apr\u012bkojuma kl\u0101sts\" \/>\n<meta name=\"twitter:label1\" content=\"Est. reading time\" \/>\n\t<meta name=\"twitter:data1\" content=\"1 minut\" \/>\n<script type=\"application\/ld+json\" class=\"yoast-schema-graph\">{\"@context\":\"https:\\\/\\\/schema.org\",\"@graph\":[{\"@type\":\"WebPage\",\"@id\":\"https:\\\/\\\/izsekosanasierices.lv\\\/produkts\\\/medibu-kamera-4g-10400mah-krasu-nakts-redzamiba\\\/\",\"url\":\"https:\\\/\\\/izsekosanasierices.lv\\\/produkts\\\/medibu-kamera-4g-10400mah-krasu-nakts-redzamiba\\\/\",\"name\":\"4G kamera 10400 mAh akumulators Saules panelis + nakts IR vai\",\"isPartOf\":{\"@id\":\"https:\\\/\\\/izsekosanasierices.lv\\\/#website\"},\"primaryImageOfPage\":{\"@id\":\"https:\\\/\\\/izsekosanasierices.lv\\\/produkts\\\/medibu-kamera-4g-10400mah-krasu-nakts-redzamiba\\\/#primaryimage\"},\"image\":{\"@id\":\"https:\\\/\\\/izsekosanasierices.lv\\\/produkts\\\/medibu-kamera-4g-10400mah-krasu-nakts-redzamiba\\\/#primaryimage\"},\"thumbnailUrl\":\"https:\\\/\\\/izsekosanasierices.lv\\\/wp-content\\\/uploads\\\/izsekosanasierices-medziokles-kamera-4g-10400mah-spalvotas-naktinis-matymas.jpg\",\"datePublished\":\"2023-10-05T15:37:57+00:00\",\"dateModified\":\"2025-11-19T15:55:33+00:00\",\"description\":\"Med\u012bbu vai \u0101ra kamera ar \u012bpa\u0161i ilgu kalpo\u0161anas laiku. Pir sensors, melnbalta vai kr\u0101saina nakts redzam\u012bba. Liels izseko\u0161anas apr\u012bkojuma kl\u0101sts\",\"breadcrumb\":{\"@id\":\"https:\\\/\\\/izsekosanasierices.lv\\\/produkts\\\/medibu-kamera-4g-10400mah-krasu-nakts-redzamiba\\\/#breadcrumb\"},\"inLanguage\":\"et\",\"potentialAction\":[{\"@type\":\"ReadAction\",\"target\":[\"https:\\\/\\\/izsekosanasierices.lv\\\/produkts\\\/medibu-kamera-4g-10400mah-krasu-nakts-redzamiba\\\/\"]}]},{\"@type\":\"ImageObject\",\"inLanguage\":\"et\",\"@id\":\"https:\\\/\\\/izsekosanasierices.lv\\\/produkts\\\/medibu-kamera-4g-10400mah-krasu-nakts-redzamiba\\\/#primaryimage\",\"url\":\"https:\\\/\\\/izsekosanasierices.lv\\\/wp-content\\\/uploads\\\/izsekosanasierices-medziokles-kamera-4g-10400mah-spalvotas-naktinis-matymas.jpg\",\"contentUrl\":\"https:\\\/\\\/izsekosanasierices.lv\\\/wp-content\\\/uploads\\\/izsekosanasierices-medziokles-kamera-4g-10400mah-spalvotas-naktinis-matymas.jpg\",\"width\":458,\"height\":458,\"caption\":\"Med\u017eiokl\u0117s kamera 4G 10400mAh spalvotas naktinis matymas\"},{\"@type\":\"BreadcrumbList\",\"@id\":\"https:\\\/\\\/izsekosanasierices.lv\\\/produkts\\\/medibu-kamera-4g-10400mah-krasu-nakts-redzamiba\\\/#breadcrumb\",\"itemListElement\":[{\"@type\":\"ListItem\",\"position\":1,\"name\":\"S\u0101kums\",\"item\":\"https:\\\/\\\/izsekosanasierices.lv\\\/\"},{\"@type\":\"ListItem\",\"position\":2,\"name\":\"Veikals\",\"item\":\"https:\\\/\\\/izsekosanasierices.lv\\\/veikals\\\/\"},{\"@type\":\"ListItem\",\"position\":3,\"name\":\"Med\u012bbu kamera 4G 10400mAh, kr\u0101su nakts redzam\u012bba\"}]},{\"@type\":\"WebSite\",\"@id\":\"https:\\\/\\\/izsekosanasierices.lv\\\/#website\",\"url\":\"https:\\\/\\\/izsekosanasierices.lv\\\/\",\"name\":\"Nr1 Izseko\u0161anas ier\u012bces gps izseko\u0161anas iek\u0101rtas, klaus\u012b\u0161an\u0101s iek\u0101rtas\",\"description\":\"\",\"potentialAction\":[{\"@type\":\"SearchAction\",\"target\":{\"@type\":\"EntryPoint\",\"urlTemplate\":\"https:\\\/\\\/izsekosanasierices.lv\\\/?s={search_term_string}\"},\"query-input\":{\"@type\":\"PropertyValueSpecification\",\"valueRequired\":true,\"valueName\":\"search_term_string\"}}],\"inLanguage\":\"et\"}]}<\/script>\n<!-- \/ Yoast SEO plugin. -->","yoast_head_json":{"title":"4G kamera 10400 mAh akumulators Saules panelis + nakts IR vai","description":"Med\u012bbu vai \u0101ra kamera ar \u012bpa\u0161i ilgu kalpo\u0161anas laiku. Pir sensors, melnbalta vai kr\u0101saina nakts redzam\u012bba. Liels izseko\u0161anas apr\u012bkojuma kl\u0101sts","robots":{"index":"index","follow":"follow","max-snippet":"max-snippet:-1","max-image-preview":"max-image-preview:large","max-video-preview":"max-video-preview:-1"},"canonical":"https:\/\/izsekosanasierices.lv\/et\/produkts\/medibu-kaamera-4g-10400mah-terav-oine-nagemine\/","og_locale":"et_EE","og_type":"article","og_title":"4G kamera 10400 mAh akumulators Saules panelis + nakts IR vai kr\u0101su","og_description":"Med\u012bbu vai \u0101ra kamera ar \u012bpa\u0161i ilgu kalpo\u0161anas laiku. Pir sensors, melnbalta vai kr\u0101saina nakts redzam\u012bba. Liels izseko\u0161anas apr\u012bkojuma kl\u0101sts","og_url":"https:\/\/izsekosanasierices.lv\/et\/produkts\/medibu-kaamera-4g-10400mah-terav-oine-nagemine\/","og_site_name":"Nr1 Izseko\u0161anas ier\u012bces gps izseko\u0161anas iek\u0101rtas, klaus\u012b\u0161an\u0101s iek\u0101rtas","article_modified_time":"2025-11-19T15:55:33+00:00","og_image":[{"url":"https:\/\/rvnski.dev\/sekimoiranga\/wp-content\/uploads\/izsekosanasierices.webp","type":"","width":"","height":""}],"twitter_card":"summary_large_image","twitter_title":"4G kamera 10400 mAh akumulators Saules panelis + nakts IR vai kr\u0101su","twitter_description":"Med\u012bbu vai \u0101ra kamera ar \u012bpa\u0161i ilgu kalpo\u0161anas laiku. Pir sensors, melnbalta vai kr\u0101saina nakts redzam\u012bba. Liels izseko\u0161anas apr\u012bkojuma kl\u0101sts","twitter_misc":{"Est. reading time":"1 minut"},"schema":{"@context":"https:\/\/schema.org","@graph":[{"@type":"WebPage","@id":"https:\/\/izsekosanasierices.lv\/produkts\/medibu-kamera-4g-10400mah-krasu-nakts-redzamiba\/","url":"https:\/\/izsekosanasierices.lv\/produkts\/medibu-kamera-4g-10400mah-krasu-nakts-redzamiba\/","name":"4G kamera 10400 mAh akumulators Saules panelis + nakts IR vai","isPartOf":{"@id":"https:\/\/izsekosanasierices.lv\/#website"},"primaryImageOfPage":{"@id":"https:\/\/izsekosanasierices.lv\/produkts\/medibu-kamera-4g-10400mah-krasu-nakts-redzamiba\/#primaryimage"},"image":{"@id":"https:\/\/izsekosanasierices.lv\/produkts\/medibu-kamera-4g-10400mah-krasu-nakts-redzamiba\/#primaryimage"},"thumbnailUrl":"https:\/\/izsekosanasierices.lv\/wp-content\/uploads\/izsekosanasierices-medziokles-kamera-4g-10400mah-spalvotas-naktinis-matymas.jpg","datePublished":"2023-10-05T15:37:57+00:00","dateModified":"2025-11-19T15:55:33+00:00","description":"Med\u012bbu vai \u0101ra kamera ar \u012bpa\u0161i ilgu kalpo\u0161anas laiku. Pir sensors, melnbalta vai kr\u0101saina nakts redzam\u012bba. Liels izseko\u0161anas apr\u012bkojuma kl\u0101sts","breadcrumb":{"@id":"https:\/\/izsekosanasierices.lv\/produkts\/medibu-kamera-4g-10400mah-krasu-nakts-redzamiba\/#breadcrumb"},"inLanguage":"et","potentialAction":[{"@type":"ReadAction","target":["https:\/\/izsekosanasierices.lv\/produkts\/medibu-kamera-4g-10400mah-krasu-nakts-redzamiba\/"]}]},{"@type":"ImageObject","inLanguage":"et","@id":"https:\/\/izsekosanasierices.lv\/produkts\/medibu-kamera-4g-10400mah-krasu-nakts-redzamiba\/#primaryimage","url":"https:\/\/izsekosanasierices.lv\/wp-content\/uploads\/izsekosanasierices-medziokles-kamera-4g-10400mah-spalvotas-naktinis-matymas.jpg","contentUrl":"https:\/\/izsekosanasierices.lv\/wp-content\/uploads\/izsekosanasierices-medziokles-kamera-4g-10400mah-spalvotas-naktinis-matymas.jpg","width":458,"height":458,"caption":"Med\u017eiokl\u0117s kamera 4G 10400mAh spalvotas naktinis matymas"},{"@type":"BreadcrumbList","@id":"https:\/\/izsekosanasierices.lv\/produkts\/medibu-kamera-4g-10400mah-krasu-nakts-redzamiba\/#breadcrumb","itemListElement":[{"@type":"ListItem","position":1,"name":"S\u0101kums","item":"https:\/\/izsekosanasierices.lv\/"},{"@type":"ListItem","position":2,"name":"Veikals","item":"https:\/\/izsekosanasierices.lv\/veikals\/"},{"@type":"ListItem","position":3,"name":"Med\u012bbu kamera 4G 10400mAh, kr\u0101su nakts redzam\u012bba"}]},{"@type":"WebSite","@id":"https:\/\/izsekosanasierices.lv\/#website","url":"https:\/\/izsekosanasierices.lv\/","name":"Nr1 Izseko\u0161anas ier\u012bces gps izseko\u0161anas iek\u0101rtas, klaus\u012b\u0161an\u0101s iek\u0101rtas","description":"","potentialAction":[{"@type":"SearchAction","target":{"@type":"EntryPoint","urlTemplate":"https:\/\/izsekosanasierices.lv\/?s={search_term_string}"},"query-input":{"@type":"PropertyValueSpecification","valueRequired":true,"valueName":"search_term_string"}}],"inLanguage":"et"}]}},"_links":{"self":[{"href":"https:\/\/izsekosanasierices.lv\/et\/wp-json\/wp\/v2\/product\/1378","targetHints":{"allow":["GET"]}}],"collection":[{"href":"https:\/\/izsekosanasierices.lv\/et\/wp-json\/wp\/v2\/product"}],"about":[{"href":"https:\/\/izsekosanasierices.lv\/et\/wp-json\/wp\/v2\/types\/product"}],"wp:featuredmedia":[{"embeddable":true,"href":"https:\/\/izsekosanasierices.lv\/et\/wp-json\/wp\/v2\/media\/2195"}],"wp:attachment":[{"href":"https:\/\/izsekosanasierices.lv\/et\/wp-json\/wp\/v2\/media?parent=1378"}],"wp:term":[{"taxonomy":"product_brand","embeddable":true,"href":"https:\/\/izsekosanasierices.lv\/et\/wp-json\/wp\/v2\/product_brand?post=1378"},{"taxonomy":"product_cat","embeddable":true,"href":"https:\/\/izsekosanasierices.lv\/et\/wp-json\/wp\/v2\/product_cat?post=1378"},{"taxonomy":"product_tag","embeddable":true,"href":"https:\/\/izsekosanasierices.lv\/et\/wp-json\/wp\/v2\/product_tag?post=1378"}],"curies":[{"name":"wp","href":"https:\/\/api.w.org\/{rel}","templated":true}]}}