{"id":1381,"date":"2023-10-05T15:37:57","date_gmt":"2023-10-05T15:37:57","guid":{"rendered":"https:\/\/izsekosanasierices.lv\/produktas\/black-box-kamera-su-pir-davikliu-iki-1-metu\/"},"modified":"2025-11-19T16:01:24","modified_gmt":"2025-11-19T14:01:24","slug":"black-box-kamera-ar-pir-sensoru-darbibas-laiks-lidz-1-gadam","status":"publish","type":"product","link":"https:\/\/izsekosanasierices.lv\/et\/produkts\/must-kast-kaamera-koos-pir-sensoriga-kuni-1-aasta-jooksul\/","title":{"rendered":"BLACK BOX kaamera PIR-anduriga | kuni 1 aasta"},"content":{"rendered":"<p><strong><span style=\"color: #ff0000;\">PROMOTION: 32 GB micro SD kingitusena<\/span> <\/strong><\/p>\n<p><strong>Tehnilised parameetrid:<\/strong><\/p>\n<ul>\n<li>Kaugvideo vaatamine: jah<\/li>\n<li>Video salvestamine koos heliga<\/li>\n<li>Objektiiv: 2mpx<\/li>\n<li>\u00d6\u00f6n\u00e4gemine: 5 m<\/li>\n<li>Pildi kvaliteet: eelvaade - HD 1920*1080<\/li>\n<li>Foto resolutsioon: 1920*1080<\/li>\n<li>Objektiiv: 90-kraadine vaatenurk<\/li>\n<li>Video: 1 h. 360mb<\/li>\n<li>Kaadrisagedus: 15 FPS<\/li>\n<li><em>Push<\/em> teadaanded<\/li>\n<li>M\u00e4lukaardi tugi: 16 GB kuni 128 GB (32 gb kaart on kaasas)<\/li>\n<li>Videovalve: telefoni v\u00f5i arvutiga (otse\u00fclekanne internetis)<\/li>\n<li>T\u00f6\u00f6aeg: 8 - 9 tundi pidevas videosalvestusre\u017eiimis<\/li>\n<li>Aku kestvus: kuni 1 aasta aku kestvus ootere\u017eiimil<\/li>\n<li>Aku: 2500 mAh<\/li>\n<li>Liikumistuvastus: jah<\/li>\n<li>Pakkimisformaat: avi H.264<\/li>\n<li>Video formaat: avi<\/li>\n<li>S\u00fcsteemid: iOS, Android<\/li>\n<li>Rakendus: saadaval<\/li>\n<li>Toiteallikas: sisemine v\u00f5i v\u00e4line aku; 5 V toitepistikupesa.<\/li>\n<li>Wi-Fi: jah<\/li>\n<li>M\u00f5\u00f5tmed 11,8 x 7,2 x 1,8 cm<\/li>\n<li><strong>Garantii 12 kuud<\/strong><\/li>\n<\/ul>\n<p><span style=\"color: #ff0000;\"><strong>Vajad kiiret sama p\u00e4eva (ja n\u00e4dalavahetuse) kohaletoimetamist?  Helistage +37120484176<\/strong><\/span><\/p>\n<p>Kasutamine: enda kaitseks, laste kaitseks.<\/p>","protected":false},"excerpt":{"rendered":"<p>Varjatud kaamera <em>Must kast<\/em> v\u00e4ga pika elueaga. Elagu teie telefonis. Liikumise tuvastamine. Suur valik j\u00e4lgimisseadmeid.<\/p>","protected":false},"featured_media":2213,"template":"","meta":[],"product_brand":[],"product_cat":[330,321,331],"product_tag":[332,325,23,333,334,328,29],"class_list":{"0":"post-1381","1":"product","2":"type-product","3":"status-publish","4":"has-post-thumbnail","6":"product_cat-masketas-kameras","7":"product_cat-sleptas-kameras","8":"product_cat-wi-fi-slepenas-kameras","9":"product_tag-izsekosanas-iekartas","10":"product_tag-izsekosanas-kamera","11":"product_tag-kamera","12":"product_tag-kameras-pulkstenis","13":"product_tag-masketa-kamera","14":"product_tag-slepena-kamera","15":"product_tag-wi-fi-kamera","17":"first","18":"outofstock","19":"taxable","20":"shipping-taxable","21":"purchasable","22":"product-type-simple"},"yoast_head":"<!-- This site is optimized with the Yoast SEO plugin v27.5 - https:\/\/yoast.com\/product\/yoast-seo-wordpress\/ -->\n<title>BLACK BOX kamera ar PIR sensoru | darb\u012bbas laiks l\u012bdz 1 gadam<\/title>\n<meta name=\"description\" content=\"Sl\u0113pta kamera BLACK box ar \u013coti ilgu darb\u012bbas laiku. Tie\u0161raide t\u0101lrun\u012b. Kust\u012bbu noteik\u0161anas funkcija. Liels izseko\u0161anas apr\u012bkojuma kl\u0101sts.\" \/>\n<meta name=\"robots\" content=\"index, follow, max-snippet:-1, max-image-preview:large, max-video-preview:-1\" \/>\n<link rel=\"canonical\" href=\"https:\/\/izsekosanasierices.lv\/et\/produkts\/must-kast-kaamera-koos-pir-sensoriga-kuni-1-aasta-jooksul\/\" \/>\n<meta property=\"og:locale\" content=\"et_EE\" \/>\n<meta property=\"og:type\" content=\"article\" \/>\n<meta property=\"og:title\" content=\"Black BOX kamera ar ilgu kalpo\u0161anas laiku l\u012bdz 1 gadam - Sekimoiranga.lt\" \/>\n<meta property=\"og:description\" content=\"Sl\u0113pta kamera BLACK box ar \u013coti ilgu darb\u012bbas laiku. Tie\u0161\u0101 apskate t\u0101lrun\u012b ar kust\u012bbas noteik\u0161anu. Liels izseko\u0161anas apr\u012bkojuma kl\u0101sts\" \/>\n<meta property=\"og:url\" content=\"https:\/\/izsekosanasierices.lv\/et\/produkts\/must-kast-kaamera-koos-pir-sensoriga-kuni-1-aasta-jooksul\/\" \/>\n<meta property=\"og:site_name\" content=\"Nr1 Izseko\u0161anas ier\u012bces gps izseko\u0161anas iek\u0101rtas, klaus\u012b\u0161an\u0101s iek\u0101rtas\" \/>\n<meta property=\"article:modified_time\" content=\"2025-11-19T14:01:24+00:00\" \/>\n<meta property=\"og:image\" content=\"https:\/\/rvnski.dev\/sekimoiranga\/wp-content\/uploads\/izsekosanasierices.webp\" \/>\n<meta name=\"twitter:card\" content=\"summary_large_image\" \/>\n<meta name=\"twitter:title\" content=\"Black BOX kamera ar ilgu kalpo\u0161anas laiku l\u012bdz 1 gadam - Sekimoiranga.lt\" \/>\n<meta name=\"twitter:description\" content=\"Sl\u0113pta kamera BLACK box ar \u013coti ilgu darb\u012bbas laiku. Tie\u0161\u0101 apskate t\u0101lrun\u012b ar kust\u012bbas noteik\u0161anu. Liels izseko\u0161anas apr\u012bkojuma kl\u0101sts\" \/>\n<meta name=\"twitter:label1\" content=\"Est. reading time\" \/>\n\t<meta name=\"twitter:data1\" content=\"1 minut\" \/>\n<script type=\"application\/ld+json\" class=\"yoast-schema-graph\">{\"@context\":\"https:\\\/\\\/schema.org\",\"@graph\":[{\"@type\":\"WebPage\",\"@id\":\"https:\\\/\\\/izsekosanasierices.lv\\\/produkts\\\/black-box-kamera-ar-pir-sensoru-darbibas-laiks-lidz-1-gadam\\\/\",\"url\":\"https:\\\/\\\/izsekosanasierices.lv\\\/produkts\\\/black-box-kamera-ar-pir-sensoru-darbibas-laiks-lidz-1-gadam\\\/\",\"name\":\"BLACK BOX kamera ar PIR sensoru | darb\u012bbas laiks l\u012bdz 1 gadam\",\"isPartOf\":{\"@id\":\"https:\\\/\\\/izsekosanasierices.lv\\\/#website\"},\"primaryImageOfPage\":{\"@id\":\"https:\\\/\\\/izsekosanasierices.lv\\\/produkts\\\/black-box-kamera-ar-pir-sensoru-darbibas-laiks-lidz-1-gadam\\\/#primaryimage\"},\"image\":{\"@id\":\"https:\\\/\\\/izsekosanasierices.lv\\\/produkts\\\/black-box-kamera-ar-pir-sensoru-darbibas-laiks-lidz-1-gadam\\\/#primaryimage\"},\"thumbnailUrl\":\"https:\\\/\\\/izsekosanasierices.lv\\\/wp-content\\\/uploads\\\/izsekosanasierices-black-box-kamera-su-pir-davikliu-iki-1-metu.jpg\",\"datePublished\":\"2023-10-05T15:37:57+00:00\",\"dateModified\":\"2025-11-19T14:01:24+00:00\",\"description\":\"Sl\u0113pta kamera BLACK box ar \u013coti ilgu darb\u012bbas laiku. Tie\u0161raide t\u0101lrun\u012b. Kust\u012bbu noteik\u0161anas funkcija. Liels izseko\u0161anas apr\u012bkojuma kl\u0101sts.\",\"breadcrumb\":{\"@id\":\"https:\\\/\\\/izsekosanasierices.lv\\\/produkts\\\/black-box-kamera-ar-pir-sensoru-darbibas-laiks-lidz-1-gadam\\\/#breadcrumb\"},\"inLanguage\":\"et\",\"potentialAction\":[{\"@type\":\"ReadAction\",\"target\":[\"https:\\\/\\\/izsekosanasierices.lv\\\/produkts\\\/black-box-kamera-ar-pir-sensoru-darbibas-laiks-lidz-1-gadam\\\/\"]}]},{\"@type\":\"ImageObject\",\"inLanguage\":\"et\",\"@id\":\"https:\\\/\\\/izsekosanasierices.lv\\\/produkts\\\/black-box-kamera-ar-pir-sensoru-darbibas-laiks-lidz-1-gadam\\\/#primaryimage\",\"url\":\"https:\\\/\\\/izsekosanasierices.lv\\\/wp-content\\\/uploads\\\/izsekosanasierices-black-box-kamera-su-pir-davikliu-iki-1-metu.jpg\",\"contentUrl\":\"https:\\\/\\\/izsekosanasierices.lv\\\/wp-content\\\/uploads\\\/izsekosanasierices-black-box-kamera-su-pir-davikliu-iki-1-metu.jpg\",\"width\":460,\"height\":520,\"caption\":\"BLACK BOX kamera su pir davikliu iki 1 met\u0173\"},{\"@type\":\"BreadcrumbList\",\"@id\":\"https:\\\/\\\/izsekosanasierices.lv\\\/produkts\\\/black-box-kamera-ar-pir-sensoru-darbibas-laiks-lidz-1-gadam\\\/#breadcrumb\",\"itemListElement\":[{\"@type\":\"ListItem\",\"position\":1,\"name\":\"S\u0101kums\",\"item\":\"https:\\\/\\\/izsekosanasierices.lv\\\/\"},{\"@type\":\"ListItem\",\"position\":2,\"name\":\"Veikals\",\"item\":\"https:\\\/\\\/izsekosanasierices.lv\\\/veikals\\\/\"},{\"@type\":\"ListItem\",\"position\":3,\"name\":\"BLACK BOX kamera ar PIR sensoru | darb\u012bbas laiks l\u012bdz 1 gadam\"}]},{\"@type\":\"WebSite\",\"@id\":\"https:\\\/\\\/izsekosanasierices.lv\\\/#website\",\"url\":\"https:\\\/\\\/izsekosanasierices.lv\\\/\",\"name\":\"Nr1 Izseko\u0161anas ier\u012bces gps izseko\u0161anas iek\u0101rtas, klaus\u012b\u0161an\u0101s iek\u0101rtas\",\"description\":\"\",\"potentialAction\":[{\"@type\":\"SearchAction\",\"target\":{\"@type\":\"EntryPoint\",\"urlTemplate\":\"https:\\\/\\\/izsekosanasierices.lv\\\/?s={search_term_string}\"},\"query-input\":{\"@type\":\"PropertyValueSpecification\",\"valueRequired\":true,\"valueName\":\"search_term_string\"}}],\"inLanguage\":\"et\"}]}<\/script>\n<!-- \/ Yoast SEO plugin. -->","yoast_head_json":{"title":"BLACK BOX kamera ar PIR sensoru | darb\u012bbas laiks l\u012bdz 1 gadam","description":"Sl\u0113pta kamera BLACK box ar \u013coti ilgu darb\u012bbas laiku. Tie\u0161raide t\u0101lrun\u012b. Kust\u012bbu noteik\u0161anas funkcija. Liels izseko\u0161anas apr\u012bkojuma kl\u0101sts.","robots":{"index":"index","follow":"follow","max-snippet":"max-snippet:-1","max-image-preview":"max-image-preview:large","max-video-preview":"max-video-preview:-1"},"canonical":"https:\/\/izsekosanasierices.lv\/et\/produkts\/must-kast-kaamera-koos-pir-sensoriga-kuni-1-aasta-jooksul\/","og_locale":"et_EE","og_type":"article","og_title":"Black BOX kamera ar ilgu kalpo\u0161anas laiku l\u012bdz 1 gadam - Sekimoiranga.lt","og_description":"Sl\u0113pta kamera BLACK box ar \u013coti ilgu darb\u012bbas laiku. Tie\u0161\u0101 apskate t\u0101lrun\u012b ar kust\u012bbas noteik\u0161anu. Liels izseko\u0161anas apr\u012bkojuma kl\u0101sts","og_url":"https:\/\/izsekosanasierices.lv\/et\/produkts\/must-kast-kaamera-koos-pir-sensoriga-kuni-1-aasta-jooksul\/","og_site_name":"Nr1 Izseko\u0161anas ier\u012bces gps izseko\u0161anas iek\u0101rtas, klaus\u012b\u0161an\u0101s iek\u0101rtas","article_modified_time":"2025-11-19T14:01:24+00:00","og_image":[{"url":"https:\/\/rvnski.dev\/sekimoiranga\/wp-content\/uploads\/izsekosanasierices.webp","type":"","width":"","height":""}],"twitter_card":"summary_large_image","twitter_title":"Black BOX kamera ar ilgu kalpo\u0161anas laiku l\u012bdz 1 gadam - Sekimoiranga.lt","twitter_description":"Sl\u0113pta kamera BLACK box ar \u013coti ilgu darb\u012bbas laiku. Tie\u0161\u0101 apskate t\u0101lrun\u012b ar kust\u012bbas noteik\u0161anu. Liels izseko\u0161anas apr\u012bkojuma kl\u0101sts","twitter_misc":{"Est. reading time":"1 minut"},"schema":{"@context":"https:\/\/schema.org","@graph":[{"@type":"WebPage","@id":"https:\/\/izsekosanasierices.lv\/produkts\/black-box-kamera-ar-pir-sensoru-darbibas-laiks-lidz-1-gadam\/","url":"https:\/\/izsekosanasierices.lv\/produkts\/black-box-kamera-ar-pir-sensoru-darbibas-laiks-lidz-1-gadam\/","name":"BLACK BOX kamera ar PIR sensoru | darb\u012bbas laiks l\u012bdz 1 gadam","isPartOf":{"@id":"https:\/\/izsekosanasierices.lv\/#website"},"primaryImageOfPage":{"@id":"https:\/\/izsekosanasierices.lv\/produkts\/black-box-kamera-ar-pir-sensoru-darbibas-laiks-lidz-1-gadam\/#primaryimage"},"image":{"@id":"https:\/\/izsekosanasierices.lv\/produkts\/black-box-kamera-ar-pir-sensoru-darbibas-laiks-lidz-1-gadam\/#primaryimage"},"thumbnailUrl":"https:\/\/izsekosanasierices.lv\/wp-content\/uploads\/izsekosanasierices-black-box-kamera-su-pir-davikliu-iki-1-metu.jpg","datePublished":"2023-10-05T15:37:57+00:00","dateModified":"2025-11-19T14:01:24+00:00","description":"Sl\u0113pta kamera BLACK box ar \u013coti ilgu darb\u012bbas laiku. Tie\u0161raide t\u0101lrun\u012b. Kust\u012bbu noteik\u0161anas funkcija. Liels izseko\u0161anas apr\u012bkojuma kl\u0101sts.","breadcrumb":{"@id":"https:\/\/izsekosanasierices.lv\/produkts\/black-box-kamera-ar-pir-sensoru-darbibas-laiks-lidz-1-gadam\/#breadcrumb"},"inLanguage":"et","potentialAction":[{"@type":"ReadAction","target":["https:\/\/izsekosanasierices.lv\/produkts\/black-box-kamera-ar-pir-sensoru-darbibas-laiks-lidz-1-gadam\/"]}]},{"@type":"ImageObject","inLanguage":"et","@id":"https:\/\/izsekosanasierices.lv\/produkts\/black-box-kamera-ar-pir-sensoru-darbibas-laiks-lidz-1-gadam\/#primaryimage","url":"https:\/\/izsekosanasierices.lv\/wp-content\/uploads\/izsekosanasierices-black-box-kamera-su-pir-davikliu-iki-1-metu.jpg","contentUrl":"https:\/\/izsekosanasierices.lv\/wp-content\/uploads\/izsekosanasierices-black-box-kamera-su-pir-davikliu-iki-1-metu.jpg","width":460,"height":520,"caption":"BLACK BOX kamera su pir davikliu iki 1 met\u0173"},{"@type":"BreadcrumbList","@id":"https:\/\/izsekosanasierices.lv\/produkts\/black-box-kamera-ar-pir-sensoru-darbibas-laiks-lidz-1-gadam\/#breadcrumb","itemListElement":[{"@type":"ListItem","position":1,"name":"S\u0101kums","item":"https:\/\/izsekosanasierices.lv\/"},{"@type":"ListItem","position":2,"name":"Veikals","item":"https:\/\/izsekosanasierices.lv\/veikals\/"},{"@type":"ListItem","position":3,"name":"BLACK BOX kamera ar PIR sensoru | darb\u012bbas laiks l\u012bdz 1 gadam"}]},{"@type":"WebSite","@id":"https:\/\/izsekosanasierices.lv\/#website","url":"https:\/\/izsekosanasierices.lv\/","name":"Nr1 Izseko\u0161anas ier\u012bces gps izseko\u0161anas iek\u0101rtas, klaus\u012b\u0161an\u0101s iek\u0101rtas","description":"","potentialAction":[{"@type":"SearchAction","target":{"@type":"EntryPoint","urlTemplate":"https:\/\/izsekosanasierices.lv\/?s={search_term_string}"},"query-input":{"@type":"PropertyValueSpecification","valueRequired":true,"valueName":"search_term_string"}}],"inLanguage":"et"}]}},"_links":{"self":[{"href":"https:\/\/izsekosanasierices.lv\/et\/wp-json\/wp\/v2\/product\/1381","targetHints":{"allow":["GET"]}}],"collection":[{"href":"https:\/\/izsekosanasierices.lv\/et\/wp-json\/wp\/v2\/product"}],"about":[{"href":"https:\/\/izsekosanasierices.lv\/et\/wp-json\/wp\/v2\/types\/product"}],"wp:featuredmedia":[{"embeddable":true,"href":"https:\/\/izsekosanasierices.lv\/et\/wp-json\/wp\/v2\/media\/2213"}],"wp:attachment":[{"href":"https:\/\/izsekosanasierices.lv\/et\/wp-json\/wp\/v2\/media?parent=1381"}],"wp:term":[{"taxonomy":"product_brand","embeddable":true,"href":"https:\/\/izsekosanasierices.lv\/et\/wp-json\/wp\/v2\/product_brand?post=1381"},{"taxonomy":"product_cat","embeddable":true,"href":"https:\/\/izsekosanasierices.lv\/et\/wp-json\/wp\/v2\/product_cat?post=1381"},{"taxonomy":"product_tag","embeddable":true,"href":"https:\/\/izsekosanasierices.lv\/et\/wp-json\/wp\/v2\/product_tag?post=1381"}],"curies":[{"name":"wp","href":"https:\/\/api.w.org\/{rel}","templated":true}]}}