{"id":1383,"date":"2023-10-05T15:37:57","date_gmt":"2023-10-05T15:37:57","guid":{"rendered":"https:\/\/izsekosanasierices.lv\/produktas\/pro-serijos-diktofonas-vos-10gr-svorio-su-garso-aptikimo-funkcija\/"},"modified":"2026-02-18T17:04:59","modified_gmt":"2026-02-18T15:04:59","slug":"pro-serijas-diktofons-kas-sver-tikai-10-gramus","status":"publish","type":"product","link":"https:\/\/izsekosanasierices.lv\/et\/produkts\/pro-seeria-diktofon-mis-kaalub-vaid-10-grammi\/","title":{"rendered":"PRO-seeria diktofon, mis kaalub vaid 10 grammi"},"content":{"rendered":"<h3><strong>Tehnilised parameetrid:<\/strong><\/h3>\n<ul>\n<li>Kaugus: 7 - 20 m<\/li>\n<li>VOS (heli salvestamine) - aktiveeritakse nupuga<\/li>\n<li>Viimase p\u00f5lvkonna protsessor \u00fcmbritseva m\u00fcra t\u00fchistamiseks<\/li>\n<li>Salvestuskvaliteet: 192 kbps kuni 512 kbps<\/li>\n<li>Aku laadimisaeg: +\/- 1 tund<\/li>\n<li>Sisemine m\u00e4lu: 8 GB<\/li>\n<li>T\u00f6\u00f6aeg: umbes 20 tundi (pidev salvestusre\u017eiim)<\/li>\n<li>Korpus: alumiinium<\/li>\n<li>Digitaalne signaaliprotsessor (DSP) v\u00e4lise m\u00fcra summutamiseks<\/li>\n<li>OTG: \u00fchendage seade mobiiltelefoniga ja kuulake heli telefonist<\/li>\n<li>K\u00f5ik s\u00f5numid ajatempliga<\/li>\n<li>Seade ei anna helisignaali, kui aku laetuse tase on madal<\/li>\n<li>H\u00e4\u00e4ltuvastus: jah<\/li>\n<li>Pidev helisalvestus: jah<\/li>\n<li>Salvestusformaat: wav<\/li>\n<li>Kaal: 10 grammi<\/li>\n<li>Toetatavad s\u00fcsteemid: k\u00f5ik<\/li>\n<li>Korpuse suurus: paksus 39,5 mm x laius 30,5 mm x pikkus 5,6 mm<\/li>\n<li><strong>Garantii 12 kuud<\/strong><\/li>\n<\/ul>\n<p><strong>\u00a0<\/strong><\/p>\n<p><span style=\"color: #ff0000;\"><strong>Vajad kiiret sama p\u00e4eva (ja n\u00e4dalavahetuse) kohaletoimetamist? Helistage <\/strong><strong>+<\/strong><strong>37120484176<\/strong><\/span><\/p>\n<p>&nbsp;<\/p>\n<p>Kasutamine: enda kaitseks, laste kaitseks.<\/p>\n<p>See salajane helisignaalide aktiveerimisega diktofon on uusima p\u00f5lvkonna diktofon, mis v\u00f5imaldab kasutajatel salvestada olulisi vestlusi diskreetselt, sujuvalt ja t\u00f5husalt. Sellel uuenduslikul seadmel on VOS-nupp, mis v\u00f5imaldab teil h\u00f5lpsasti aktiveerida diktofoni elava vestluse v\u00f5i muu helimaterjali pidevaks salvestamiseks. See pealtkuulamisseade on suurep\u00e4rane vahend, mida saab kasutada erinevates olukordades, n\u00e4iteks vestluste salvestamiseks koosolekutel, konverentsidel, loengutes v\u00f5i isegi igap\u00e4evastes olukordades. VOS-nupp v\u00f5imaldab seadet lihtsalt ja kiiresti sisse ja v\u00e4lja l\u00fclitada, et alustada ja l\u00f5petada salvestamine. See on eriti kasulik, kui soovite j\u00e4\u00e4dvustada ainult olulisi hetki ja v\u00e4ltida olulise sisuga salvestusi.<\/p>\n<p>Selle diktofoni eelised on selle kompaktne suurus ja kasutusmugavus (iga\u00fcks saab seda kasutada). Seade on v\u00e4ike ja seda saab h\u00f5lpsasti peita. Sellel salajasel diktofonil on ka pikk aku, mis v\u00f5imaldab salvestada kuni 20 tundi heli, nii et te ei pea muretsema selle p\u00e4rast, et see l\u00fclitub t\u00e4htsal hetkel ootamatult v\u00e4lja. Sellel on ka suur 8 gigabaidi suurune m\u00e4lumaht.<\/p>","protected":false},"excerpt":{"rendered":"<p>See salajane helisalvesti kaalub vaid 10 grammi. VOS ehk h\u00e4\u00e4le aktiveerimise funktsioon. Kuni 20 tundi kestev aku. Lai valik j\u00e4lgimisseadmeid. Mini diktofon.<\/p>","protected":false},"featured_media":2225,"template":"","meta":[],"product_brand":[],"product_cat":[342,335],"product_tag":[343,344,345,346,347],"class_list":{"0":"post-1383","1":"product","2":"type-product","3":"status-publish","4":"has-post-thumbnail","6":"product_cat-diktofoni","7":"product_cat-noklausisanas-ierices","8":"product_tag-balss-diktofons","9":"product_tag-digitalais-balss-ierakstitajs","10":"product_tag-diktafons","11":"product_tag-mini-diktofons","12":"product_tag-slepenais-ierakstitajs","14":"first","15":"instock","16":"taxable","17":"shipping-taxable","18":"purchasable","19":"product-type-simple"},"yoast_head":"<!-- This site is optimized with the Yoast SEO plugin v27.5 - https:\/\/yoast.com\/product\/yoast-seo-wordpress\/ -->\n<title>PRO s\u0113rijas diktofons, kas sver tikai 10 gramus<\/title>\n<meta name=\"description\" content=\"\u0160is slepenais mini diktofons sver tikai 10 gr VOS jeb balss aktiviz\u0113\u0161anas funkcija. L\u012bdz 20 stund\u0101m ilgs darb\u012bbas laiks. Pla\u0161a izseko\u0161anas apr\u012bkojuma izv\u0113le\" \/>\n<meta name=\"robots\" content=\"index, follow, max-snippet:-1, max-image-preview:large, max-video-preview:-1\" \/>\n<link rel=\"canonical\" href=\"https:\/\/izsekosanasierices.lv\/et\/produkts\/pro-seeria-diktofon-mis-kaalub-vaid-10-grammi\/\" \/>\n<meta property=\"og:locale\" content=\"et_EE\" \/>\n<meta property=\"og:type\" content=\"article\" \/>\n<meta property=\"og:title\" content=\"PRO s\u0113rijas diktofoni, kas sver tikai 10 gramus ar audio noteik\u0161anu\" \/>\n<meta property=\"og:description\" content=\"Slepenais ierakst\u012bt\u0101js sver tikai 10 gramus. VOS ska\u0146as aktiviz\u0113\u0161anas funkcija, ilgs darb\u012bbas laiks l\u012bdz 20 stund\u0101m. Pla\u0161a izseko\u0161anas apr\u012bkojuma izv\u0113le. Mini diktofons\" \/>\n<meta property=\"og:url\" content=\"https:\/\/izsekosanasierices.lv\/et\/produkts\/pro-seeria-diktofon-mis-kaalub-vaid-10-grammi\/\" \/>\n<meta property=\"og:site_name\" content=\"Nr1 Izseko\u0161anas ier\u012bces gps izseko\u0161anas iek\u0101rtas, klaus\u012b\u0161an\u0101s iek\u0101rtas\" \/>\n<meta property=\"article:modified_time\" content=\"2026-02-18T15:04:59+00:00\" \/>\n<meta property=\"og:image\" content=\"https:\/\/rvnski.dev\/sekimoiranga\/wp-content\/uploads\/izsekosanasierices.webp\" \/>\n<meta name=\"twitter:card\" content=\"summary_large_image\" \/>\n<meta name=\"twitter:title\" content=\"PRO s\u0113rijas diktofoni, kas sver tikai 10 gramus ar audio noteik\u0161anu\" \/>\n<meta name=\"twitter:description\" content=\"Slepenais ierakst\u012bt\u0101js sver tikai 10 gramus. VOS ska\u0146as aktiviz\u0113\u0161anas funkcija, ilgs darb\u012bbas laiks l\u012bdz 20 stund\u0101m. Pla\u0161a izseko\u0161anas apr\u012bkojuma izv\u0113le. Mini diktofons\" \/>\n<meta name=\"twitter:label1\" content=\"Est. reading time\" \/>\n\t<meta name=\"twitter:data1\" content=\"2 minutit\" \/>\n<script type=\"application\/ld+json\" class=\"yoast-schema-graph\">{\"@context\":\"https:\\\/\\\/schema.org\",\"@graph\":[{\"@type\":\"WebPage\",\"@id\":\"https:\\\/\\\/izsekosanasierices.lv\\\/produkts\\\/pro-serijas-diktofons-kas-sver-tikai-10-gramus\\\/\",\"url\":\"https:\\\/\\\/izsekosanasierices.lv\\\/produkts\\\/pro-serijas-diktofons-kas-sver-tikai-10-gramus\\\/\",\"name\":\"PRO s\u0113rijas diktofons, kas sver tikai 10 gramus\",\"isPartOf\":{\"@id\":\"https:\\\/\\\/izsekosanasierices.lv\\\/#website\"},\"primaryImageOfPage\":{\"@id\":\"https:\\\/\\\/izsekosanasierices.lv\\\/produkts\\\/pro-serijas-diktofons-kas-sver-tikai-10-gramus\\\/#primaryimage\"},\"image\":{\"@id\":\"https:\\\/\\\/izsekosanasierices.lv\\\/produkts\\\/pro-serijas-diktofons-kas-sver-tikai-10-gramus\\\/#primaryimage\"},\"thumbnailUrl\":\"https:\\\/\\\/izsekosanasierices.lv\\\/wp-content\\\/uploads\\\/izsekosanasierices-pro-serijos-diktofonas-vos-10gr-svorio-su-garso-aptikimo-funkcija.jpg\",\"datePublished\":\"2023-10-05T15:37:57+00:00\",\"dateModified\":\"2026-02-18T15:04:59+00:00\",\"description\":\"\u0160is slepenais mini diktofons sver tikai 10 gr VOS jeb balss aktiviz\u0113\u0161anas funkcija. L\u012bdz 20 stund\u0101m ilgs darb\u012bbas laiks. Pla\u0161a izseko\u0161anas apr\u012bkojuma izv\u0113le\",\"breadcrumb\":{\"@id\":\"https:\\\/\\\/izsekosanasierices.lv\\\/produkts\\\/pro-serijas-diktofons-kas-sver-tikai-10-gramus\\\/#breadcrumb\"},\"inLanguage\":\"et\",\"potentialAction\":[{\"@type\":\"ReadAction\",\"target\":[\"https:\\\/\\\/izsekosanasierices.lv\\\/produkts\\\/pro-serijas-diktofons-kas-sver-tikai-10-gramus\\\/\"]}]},{\"@type\":\"ImageObject\",\"inLanguage\":\"et\",\"@id\":\"https:\\\/\\\/izsekosanasierices.lv\\\/produkts\\\/pro-serijas-diktofons-kas-sver-tikai-10-gramus\\\/#primaryimage\",\"url\":\"https:\\\/\\\/izsekosanasierices.lv\\\/wp-content\\\/uploads\\\/izsekosanasierices-pro-serijos-diktofonas-vos-10gr-svorio-su-garso-aptikimo-funkcija.jpg\",\"contentUrl\":\"https:\\\/\\\/izsekosanasierices.lv\\\/wp-content\\\/uploads\\\/izsekosanasierices-pro-serijos-diktofonas-vos-10gr-svorio-su-garso-aptikimo-funkcija.jpg\",\"width\":433,\"height\":577,\"caption\":\"PRO serijos diktofonas vos 10gr svorio su garso aptikimo funkcija\"},{\"@type\":\"BreadcrumbList\",\"@id\":\"https:\\\/\\\/izsekosanasierices.lv\\\/produkts\\\/pro-serijas-diktofons-kas-sver-tikai-10-gramus\\\/#breadcrumb\",\"itemListElement\":[{\"@type\":\"ListItem\",\"position\":1,\"name\":\"S\u0101kums\",\"item\":\"https:\\\/\\\/izsekosanasierices.lv\\\/\"},{\"@type\":\"ListItem\",\"position\":2,\"name\":\"Veikals\",\"item\":\"https:\\\/\\\/izsekosanasierices.lv\\\/veikals\\\/\"},{\"@type\":\"ListItem\",\"position\":3,\"name\":\"PRO s\u0113rijas diktofons kas sver tikai 10 gramus\"}]},{\"@type\":\"WebSite\",\"@id\":\"https:\\\/\\\/izsekosanasierices.lv\\\/#website\",\"url\":\"https:\\\/\\\/izsekosanasierices.lv\\\/\",\"name\":\"Nr1 Izseko\u0161anas ier\u012bces gps izseko\u0161anas iek\u0101rtas, klaus\u012b\u0161an\u0101s iek\u0101rtas\",\"description\":\"\",\"potentialAction\":[{\"@type\":\"SearchAction\",\"target\":{\"@type\":\"EntryPoint\",\"urlTemplate\":\"https:\\\/\\\/izsekosanasierices.lv\\\/?s={search_term_string}\"},\"query-input\":{\"@type\":\"PropertyValueSpecification\",\"valueRequired\":true,\"valueName\":\"search_term_string\"}}],\"inLanguage\":\"et\"}]}<\/script>\n<!-- \/ Yoast SEO plugin. -->","yoast_head_json":{"title":"PRO s\u0113rijas diktofons, kas sver tikai 10 gramus","description":"\u0160is slepenais mini diktofons sver tikai 10 gr VOS jeb balss aktiviz\u0113\u0161anas funkcija. L\u012bdz 20 stund\u0101m ilgs darb\u012bbas laiks. Pla\u0161a izseko\u0161anas apr\u012bkojuma izv\u0113le","robots":{"index":"index","follow":"follow","max-snippet":"max-snippet:-1","max-image-preview":"max-image-preview:large","max-video-preview":"max-video-preview:-1"},"canonical":"https:\/\/izsekosanasierices.lv\/et\/produkts\/pro-seeria-diktofon-mis-kaalub-vaid-10-grammi\/","og_locale":"et_EE","og_type":"article","og_title":"PRO s\u0113rijas diktofoni, kas sver tikai 10 gramus ar audio noteik\u0161anu","og_description":"Slepenais ierakst\u012bt\u0101js sver tikai 10 gramus. VOS ska\u0146as aktiviz\u0113\u0161anas funkcija, ilgs darb\u012bbas laiks l\u012bdz 20 stund\u0101m. Pla\u0161a izseko\u0161anas apr\u012bkojuma izv\u0113le. Mini diktofons","og_url":"https:\/\/izsekosanasierices.lv\/et\/produkts\/pro-seeria-diktofon-mis-kaalub-vaid-10-grammi\/","og_site_name":"Nr1 Izseko\u0161anas ier\u012bces gps izseko\u0161anas iek\u0101rtas, klaus\u012b\u0161an\u0101s iek\u0101rtas","article_modified_time":"2026-02-18T15:04:59+00:00","og_image":[{"url":"https:\/\/rvnski.dev\/sekimoiranga\/wp-content\/uploads\/izsekosanasierices.webp","type":"","width":"","height":""}],"twitter_card":"summary_large_image","twitter_title":"PRO s\u0113rijas diktofoni, kas sver tikai 10 gramus ar audio noteik\u0161anu","twitter_description":"Slepenais ierakst\u012bt\u0101js sver tikai 10 gramus. VOS ska\u0146as aktiviz\u0113\u0161anas funkcija, ilgs darb\u012bbas laiks l\u012bdz 20 stund\u0101m. Pla\u0161a izseko\u0161anas apr\u012bkojuma izv\u0113le. Mini diktofons","twitter_misc":{"Est. reading time":"2 minutit"},"schema":{"@context":"https:\/\/schema.org","@graph":[{"@type":"WebPage","@id":"https:\/\/izsekosanasierices.lv\/produkts\/pro-serijas-diktofons-kas-sver-tikai-10-gramus\/","url":"https:\/\/izsekosanasierices.lv\/produkts\/pro-serijas-diktofons-kas-sver-tikai-10-gramus\/","name":"PRO s\u0113rijas diktofons, kas sver tikai 10 gramus","isPartOf":{"@id":"https:\/\/izsekosanasierices.lv\/#website"},"primaryImageOfPage":{"@id":"https:\/\/izsekosanasierices.lv\/produkts\/pro-serijas-diktofons-kas-sver-tikai-10-gramus\/#primaryimage"},"image":{"@id":"https:\/\/izsekosanasierices.lv\/produkts\/pro-serijas-diktofons-kas-sver-tikai-10-gramus\/#primaryimage"},"thumbnailUrl":"https:\/\/izsekosanasierices.lv\/wp-content\/uploads\/izsekosanasierices-pro-serijos-diktofonas-vos-10gr-svorio-su-garso-aptikimo-funkcija.jpg","datePublished":"2023-10-05T15:37:57+00:00","dateModified":"2026-02-18T15:04:59+00:00","description":"\u0160is slepenais mini diktofons sver tikai 10 gr VOS jeb balss aktiviz\u0113\u0161anas funkcija. L\u012bdz 20 stund\u0101m ilgs darb\u012bbas laiks. Pla\u0161a izseko\u0161anas apr\u012bkojuma izv\u0113le","breadcrumb":{"@id":"https:\/\/izsekosanasierices.lv\/produkts\/pro-serijas-diktofons-kas-sver-tikai-10-gramus\/#breadcrumb"},"inLanguage":"et","potentialAction":[{"@type":"ReadAction","target":["https:\/\/izsekosanasierices.lv\/produkts\/pro-serijas-diktofons-kas-sver-tikai-10-gramus\/"]}]},{"@type":"ImageObject","inLanguage":"et","@id":"https:\/\/izsekosanasierices.lv\/produkts\/pro-serijas-diktofons-kas-sver-tikai-10-gramus\/#primaryimage","url":"https:\/\/izsekosanasierices.lv\/wp-content\/uploads\/izsekosanasierices-pro-serijos-diktofonas-vos-10gr-svorio-su-garso-aptikimo-funkcija.jpg","contentUrl":"https:\/\/izsekosanasierices.lv\/wp-content\/uploads\/izsekosanasierices-pro-serijos-diktofonas-vos-10gr-svorio-su-garso-aptikimo-funkcija.jpg","width":433,"height":577,"caption":"PRO serijos diktofonas vos 10gr svorio su garso aptikimo funkcija"},{"@type":"BreadcrumbList","@id":"https:\/\/izsekosanasierices.lv\/produkts\/pro-serijas-diktofons-kas-sver-tikai-10-gramus\/#breadcrumb","itemListElement":[{"@type":"ListItem","position":1,"name":"S\u0101kums","item":"https:\/\/izsekosanasierices.lv\/"},{"@type":"ListItem","position":2,"name":"Veikals","item":"https:\/\/izsekosanasierices.lv\/veikals\/"},{"@type":"ListItem","position":3,"name":"PRO s\u0113rijas diktofons kas sver tikai 10 gramus"}]},{"@type":"WebSite","@id":"https:\/\/izsekosanasierices.lv\/#website","url":"https:\/\/izsekosanasierices.lv\/","name":"Nr1 Izseko\u0161anas ier\u012bces gps izseko\u0161anas iek\u0101rtas, klaus\u012b\u0161an\u0101s iek\u0101rtas","description":"","potentialAction":[{"@type":"SearchAction","target":{"@type":"EntryPoint","urlTemplate":"https:\/\/izsekosanasierices.lv\/?s={search_term_string}"},"query-input":{"@type":"PropertyValueSpecification","valueRequired":true,"valueName":"search_term_string"}}],"inLanguage":"et"}]}},"_links":{"self":[{"href":"https:\/\/izsekosanasierices.lv\/et\/wp-json\/wp\/v2\/product\/1383","targetHints":{"allow":["GET"]}}],"collection":[{"href":"https:\/\/izsekosanasierices.lv\/et\/wp-json\/wp\/v2\/product"}],"about":[{"href":"https:\/\/izsekosanasierices.lv\/et\/wp-json\/wp\/v2\/types\/product"}],"wp:featuredmedia":[{"embeddable":true,"href":"https:\/\/izsekosanasierices.lv\/et\/wp-json\/wp\/v2\/media\/2225"}],"wp:attachment":[{"href":"https:\/\/izsekosanasierices.lv\/et\/wp-json\/wp\/v2\/media?parent=1383"}],"wp:term":[{"taxonomy":"product_brand","embeddable":true,"href":"https:\/\/izsekosanasierices.lv\/et\/wp-json\/wp\/v2\/product_brand?post=1383"},{"taxonomy":"product_cat","embeddable":true,"href":"https:\/\/izsekosanasierices.lv\/et\/wp-json\/wp\/v2\/product_cat?post=1383"},{"taxonomy":"product_tag","embeddable":true,"href":"https:\/\/izsekosanasierices.lv\/et\/wp-json\/wp\/v2\/product_tag?post=1383"}],"curies":[{"name":"wp","href":"https:\/\/api.w.org\/{rel}","templated":true}]}}