{"id":1384,"date":"2023-10-05T15:37:57","date_gmt":"2023-10-05T15:37:57","guid":{"rendered":"https:\/\/izsekosanasierices.lv\/produktas\/pro-diktofonas-pokalbiu-irasymas-iki-150val-be-pakrovimo-vos\/"},"modified":"2026-03-28T15:35:01","modified_gmt":"2026-03-28T13:35:01","slug":"pro-serijas-diktofons-lidz-pat-150-stundam-ieraksta-laika-bez-uzlades","status":"publish","type":"product","link":"https:\/\/izsekosanasierices.lv\/et\/produkts\/pro-seeria-diktofon-kuni-150-tundi-salvestusaega-ilma-haalestuseta\/","title":{"rendered":"PRO-seeria diktofon - kuni 150 tundi salvestusaega ilma laadimiseta"},"content":{"rendered":"<h3><strong>Tehnilised parameetrid:<\/strong><\/h3>\n<ul>\n<li>Mikrofoni tundlikkus: 7 - 20 m<\/li>\n<li>VOS (heli salvestamine) - aktiveeritakse nupuga<\/li>\n<li>Viimase p\u00f5lvkonna protsessor \u00fcmbritseva m\u00fcra t\u00fchistamiseks<\/li>\n<li>Salvestuskvaliteet: 192 kbps kuni 512 kbps<\/li>\n<li>Aku laadimisaeg: +\/- 1 tund<\/li>\n<li>Sisemine m\u00e4lu: 8 GB<\/li>\n<li>T\u00f6\u00f6aeg: umbes 150 tundi (ilma laadimiseta, salvestusaeg), st +\/- 7 p\u00e4eva.<\/li>\n<li>Korpus: alumiinium<\/li>\n<li>Digitaalne signaaliprotsessor (DSP) v\u00e4lise m\u00fcra summutamiseks<\/li>\n<li>OTG: \u00fchendage seade mobiiltelefoniga ja kuulake heli telefonist<\/li>\n<li>K\u00f5ik s\u00f5numid ajatempliga<\/li>\n<li>Seade ei anna helisignaali, kui aku laetuse tase on madal<\/li>\n<li>H\u00e4\u00e4ltuvastus: jah<\/li>\n<li>Pidev helisalvestus: jah<\/li>\n<li>Salvestusformaat: wav<\/li>\n<li>Kaal: 33 grammi<\/li>\n<li>Toetatavad s\u00fcsteemid: k\u00f5ik<\/li>\n<li>Korpuse suurus: paksus 86 mm x laius 354 mm x pikkus 4 mm<\/li>\n<li><strong>Garantii 12 kuud<\/strong><\/li>\n<\/ul>\n<p><span style=\"color: #ff0000;\"><strong>Vajad kiiret sama p\u00e4eva (ja n\u00e4dalavahetuse) kohaletoimetamist? Helistage <\/strong><strong>+<\/strong><strong>37120484176<\/strong><\/span><\/p>\n<p>Kasutamine: enda kaitseks, laste kaitseks.<\/p>\n<p>Kvaliteetne PRO-seeria diktofon. Lihtne kasutada: helisalvestuse saab aktiveerida \u00fche puudutusega ja VOS-funktsiooni saab aktiveerida \u00fche puudutusega, kui diktofon hakkab heli peale salvestama (see t\u00e4hendab, et vaikust ei salvestata), nt kui ruumis on 2 p\u00e4eva jooksul kuulatud 3 tundi vestlusi, ei pea te 48 tundi kuulama ja otsima, millal vestlused toimuvad, sest salvestus on ainult 3 tundi pikk ja sisaldab k\u00f5iki ruumis toimunud vestlusi.<\/p>\n<p>Rekordid<\/p>\n<p>Sellel diktofonil on mitu seadistust, mida saab valida arvutiga \u00fchendamisel:<\/p>\n<p>1) audioformaat mp3 v\u00f5i wav;<\/p>\n<p>2) heli kvaliteet alates 92 kbps kuni 512 kbps;<\/p>\n<p>3) helisalvestus;<\/p>\n<p>4) helifaili kestus, nt salvestused salvestatakse iga 60 minuti j\u00e4rel eraldi failina;<\/p>\n<p>5) m\u00fcrasummutusfunktsioon (selle tundlikkus);<\/p>\n<p>6) salvestuse aktiveerimine heli peale;<\/p>\n<p>7) kellaaja ja kuup\u00e4eva seadistamine.<\/p>","protected":false},"excerpt":{"rendered":"<p>Mini diktofon m\u00fcravastutusega. Helisalvestus kuni 150 tundi ilma laadimiseta. Ainult 33 grammi. Suur valik salajasi diktofone, madalad hinnad<\/p>","protected":false},"featured_media":2232,"template":"","meta":[],"product_brand":[],"product_cat":[342,335],"product_tag":[343,344,345,346,347],"class_list":{"0":"post-1384","1":"product","2":"type-product","3":"status-publish","4":"has-post-thumbnail","6":"product_cat-diktofoni","7":"product_cat-noklausisanas-ierices","8":"product_tag-balss-diktofons","9":"product_tag-digitalais-balss-ierakstitajs","10":"product_tag-diktafons","11":"product_tag-mini-diktofons","12":"product_tag-slepenais-ierakstitajs","14":"first","15":"instock","16":"taxable","17":"shipping-taxable","18":"purchasable","19":"product-type-simple"},"yoast_head":"<!-- This site is optimized with the Yoast SEO plugin v27.5 - https:\/\/yoast.com\/product\/yoast-seo-wordpress\/ -->\n<title>PRO s\u0113rijas diktofons l\u012bdz pat 150 h. ieraksta laika bez uzl\u0101des<\/title>\n<meta name=\"description\" content=\"Mini diktofons ar trok\u0161\u0146u sl\u0101p\u0113\u0161anas funkciju. Audioieraksti l\u012bdz 150 h bez uzl\u0101des. Sver tikai 33 gramus. Liels sl\u0113pto audio ierakst\u012b\u0161anas ier\u012b\u010du kl\u0101sts.\" \/>\n<meta name=\"robots\" content=\"index, follow, max-snippet:-1, max-image-preview:large, max-video-preview:-1\" \/>\n<link rel=\"canonical\" href=\"https:\/\/izsekosanasierices.lv\/et\/produkts\/pro-seeria-diktofon-kuni-150-tundi-salvestusaega-ilma-haalestuseta\/\" \/>\n<meta property=\"og:locale\" content=\"et_EE\" \/>\n<meta property=\"og:type\" content=\"article\" \/>\n<meta property=\"og:title\" content=\"PRO balss ierakst\u012bt\u0101js, kas ieraksta l\u012bdz pat 150 stund\u0101m sarunu bez VOS iekrau\u0161anas\" \/>\n<meta property=\"og:description\" content=\"Mini diktofons ar trok\u0161\u0146u sl\u0101p\u0113\u0161anas funkciju. Audioieraksti l\u012bdz 150 h bez uzl\u0101des. Tikai 33 grami. Liels slepeno ierakst\u012bt\u0101ju kl\u0101sts, zemas cenas\" \/>\n<meta property=\"og:url\" content=\"https:\/\/izsekosanasierices.lv\/et\/produkts\/pro-seeria-diktofon-kuni-150-tundi-salvestusaega-ilma-haalestuseta\/\" \/>\n<meta property=\"og:site_name\" content=\"Nr1 Izseko\u0161anas ier\u012bces gps izseko\u0161anas iek\u0101rtas, klaus\u012b\u0161an\u0101s iek\u0101rtas\" \/>\n<meta property=\"article:modified_time\" content=\"2026-03-28T13:35:01+00:00\" \/>\n<meta property=\"og:image\" content=\"https:\/\/rvnski.dev\/sekimoiranga\/wp-content\/uploads\/izsekosanasierices.webp\" \/>\n<meta name=\"twitter:card\" content=\"summary_large_image\" \/>\n<meta name=\"twitter:title\" content=\"PRO balss ierakst\u012bt\u0101js, kas ieraksta l\u012bdz pat 150 stund\u0101m sarunu bez VOS iekrau\u0161anas\" \/>\n<meta name=\"twitter:description\" content=\"Mini diktofons ar trok\u0161\u0146u sl\u0101p\u0113\u0161anas funkciju. Audioieraksti l\u012bdz 150 h bez uzl\u0101des. Tikai 33 grami. Liels slepeno ierakst\u012bt\u0101ju kl\u0101sts, zemas cenas\" \/>\n<meta name=\"twitter:label1\" content=\"Est. reading time\" \/>\n\t<meta name=\"twitter:data1\" content=\"2 minutit\" \/>\n<script type=\"application\/ld+json\" class=\"yoast-schema-graph\">{\"@context\":\"https:\\\/\\\/schema.org\",\"@graph\":[{\"@type\":\"WebPage\",\"@id\":\"https:\\\/\\\/izsekosanasierices.lv\\\/produkts\\\/pro-serijas-diktofons-lidz-pat-150-stundam-ieraksta-laika-bez-uzlades\\\/\",\"url\":\"https:\\\/\\\/izsekosanasierices.lv\\\/produkts\\\/pro-serijas-diktofons-lidz-pat-150-stundam-ieraksta-laika-bez-uzlades\\\/\",\"name\":\"PRO s\u0113rijas diktofons l\u012bdz pat 150 h. ieraksta laika bez uzl\u0101des\",\"isPartOf\":{\"@id\":\"https:\\\/\\\/izsekosanasierices.lv\\\/#website\"},\"primaryImageOfPage\":{\"@id\":\"https:\\\/\\\/izsekosanasierices.lv\\\/produkts\\\/pro-serijas-diktofons-lidz-pat-150-stundam-ieraksta-laika-bez-uzlades\\\/#primaryimage\"},\"image\":{\"@id\":\"https:\\\/\\\/izsekosanasierices.lv\\\/produkts\\\/pro-serijas-diktofons-lidz-pat-150-stundam-ieraksta-laika-bez-uzlades\\\/#primaryimage\"},\"thumbnailUrl\":\"https:\\\/\\\/izsekosanasierices.lv\\\/wp-content\\\/uploads\\\/izsekosanasierices-pro-diktofonas-pokalbiu-irasymas-iki-150val-be-pakrovimo-vos.jpg\",\"datePublished\":\"2023-10-05T15:37:57+00:00\",\"dateModified\":\"2026-03-28T13:35:01+00:00\",\"description\":\"Mini diktofons ar trok\u0161\u0146u sl\u0101p\u0113\u0161anas funkciju. Audioieraksti l\u012bdz 150 h bez uzl\u0101des. Sver tikai 33 gramus. Liels sl\u0113pto audio ierakst\u012b\u0161anas ier\u012b\u010du kl\u0101sts.\",\"breadcrumb\":{\"@id\":\"https:\\\/\\\/izsekosanasierices.lv\\\/produkts\\\/pro-serijas-diktofons-lidz-pat-150-stundam-ieraksta-laika-bez-uzlades\\\/#breadcrumb\"},\"inLanguage\":\"et\",\"potentialAction\":[{\"@type\":\"ReadAction\",\"target\":[\"https:\\\/\\\/izsekosanasierices.lv\\\/produkts\\\/pro-serijas-diktofons-lidz-pat-150-stundam-ieraksta-laika-bez-uzlades\\\/\"]}]},{\"@type\":\"ImageObject\",\"inLanguage\":\"et\",\"@id\":\"https:\\\/\\\/izsekosanasierices.lv\\\/produkts\\\/pro-serijas-diktofons-lidz-pat-150-stundam-ieraksta-laika-bez-uzlades\\\/#primaryimage\",\"url\":\"https:\\\/\\\/izsekosanasierices.lv\\\/wp-content\\\/uploads\\\/izsekosanasierices-pro-diktofonas-pokalbiu-irasymas-iki-150val-be-pakrovimo-vos.jpg\",\"contentUrl\":\"https:\\\/\\\/izsekosanasierices.lv\\\/wp-content\\\/uploads\\\/izsekosanasierices-pro-diktofonas-pokalbiu-irasymas-iki-150val-be-pakrovimo-vos.jpg\",\"width\":433,\"height\":577,\"caption\":\"PRO serijos diktofonas vos 10gr svorio su garso aptikimo funkcija\"},{\"@type\":\"BreadcrumbList\",\"@id\":\"https:\\\/\\\/izsekosanasierices.lv\\\/produkts\\\/pro-serijas-diktofons-lidz-pat-150-stundam-ieraksta-laika-bez-uzlades\\\/#breadcrumb\",\"itemListElement\":[{\"@type\":\"ListItem\",\"position\":1,\"name\":\"S\u0101kums\",\"item\":\"https:\\\/\\\/izsekosanasierices.lv\\\/\"},{\"@type\":\"ListItem\",\"position\":2,\"name\":\"Veikals\",\"item\":\"https:\\\/\\\/izsekosanasierices.lv\\\/veikals\\\/\"},{\"@type\":\"ListItem\",\"position\":3,\"name\":\"PRO s\u0113rijas diktofons \u2013 l\u012bdz pat 150 stund\u0101m ieraksta laika bez uzl\u0101des\"}]},{\"@type\":\"WebSite\",\"@id\":\"https:\\\/\\\/izsekosanasierices.lv\\\/#website\",\"url\":\"https:\\\/\\\/izsekosanasierices.lv\\\/\",\"name\":\"Nr1 Izseko\u0161anas ier\u012bces gps izseko\u0161anas iek\u0101rtas, klaus\u012b\u0161an\u0101s iek\u0101rtas\",\"description\":\"\",\"potentialAction\":[{\"@type\":\"SearchAction\",\"target\":{\"@type\":\"EntryPoint\",\"urlTemplate\":\"https:\\\/\\\/izsekosanasierices.lv\\\/?s={search_term_string}\"},\"query-input\":{\"@type\":\"PropertyValueSpecification\",\"valueRequired\":true,\"valueName\":\"search_term_string\"}}],\"inLanguage\":\"et\"}]}<\/script>\n<!-- \/ Yoast SEO plugin. -->","yoast_head_json":{"title":"PRO s\u0113rijas diktofons l\u012bdz pat 150 h. ieraksta laika bez uzl\u0101des","description":"Mini diktofons ar trok\u0161\u0146u sl\u0101p\u0113\u0161anas funkciju. Audioieraksti l\u012bdz 150 h bez uzl\u0101des. Sver tikai 33 gramus. Liels sl\u0113pto audio ierakst\u012b\u0161anas ier\u012b\u010du kl\u0101sts.","robots":{"index":"index","follow":"follow","max-snippet":"max-snippet:-1","max-image-preview":"max-image-preview:large","max-video-preview":"max-video-preview:-1"},"canonical":"https:\/\/izsekosanasierices.lv\/et\/produkts\/pro-seeria-diktofon-kuni-150-tundi-salvestusaega-ilma-haalestuseta\/","og_locale":"et_EE","og_type":"article","og_title":"PRO balss ierakst\u012bt\u0101js, kas ieraksta l\u012bdz pat 150 stund\u0101m sarunu bez VOS iekrau\u0161anas","og_description":"Mini diktofons ar trok\u0161\u0146u sl\u0101p\u0113\u0161anas funkciju. Audioieraksti l\u012bdz 150 h bez uzl\u0101des. Tikai 33 grami. Liels slepeno ierakst\u012bt\u0101ju kl\u0101sts, zemas cenas","og_url":"https:\/\/izsekosanasierices.lv\/et\/produkts\/pro-seeria-diktofon-kuni-150-tundi-salvestusaega-ilma-haalestuseta\/","og_site_name":"Nr1 Izseko\u0161anas ier\u012bces gps izseko\u0161anas iek\u0101rtas, klaus\u012b\u0161an\u0101s iek\u0101rtas","article_modified_time":"2026-03-28T13:35:01+00:00","og_image":[{"url":"https:\/\/rvnski.dev\/sekimoiranga\/wp-content\/uploads\/izsekosanasierices.webp","type":"","width":"","height":""}],"twitter_card":"summary_large_image","twitter_title":"PRO balss ierakst\u012bt\u0101js, kas ieraksta l\u012bdz pat 150 stund\u0101m sarunu bez VOS iekrau\u0161anas","twitter_description":"Mini diktofons ar trok\u0161\u0146u sl\u0101p\u0113\u0161anas funkciju. Audioieraksti l\u012bdz 150 h bez uzl\u0101des. Tikai 33 grami. Liels slepeno ierakst\u012bt\u0101ju kl\u0101sts, zemas cenas","twitter_misc":{"Est. reading time":"2 minutit"},"schema":{"@context":"https:\/\/schema.org","@graph":[{"@type":"WebPage","@id":"https:\/\/izsekosanasierices.lv\/produkts\/pro-serijas-diktofons-lidz-pat-150-stundam-ieraksta-laika-bez-uzlades\/","url":"https:\/\/izsekosanasierices.lv\/produkts\/pro-serijas-diktofons-lidz-pat-150-stundam-ieraksta-laika-bez-uzlades\/","name":"PRO s\u0113rijas diktofons l\u012bdz pat 150 h. ieraksta laika bez uzl\u0101des","isPartOf":{"@id":"https:\/\/izsekosanasierices.lv\/#website"},"primaryImageOfPage":{"@id":"https:\/\/izsekosanasierices.lv\/produkts\/pro-serijas-diktofons-lidz-pat-150-stundam-ieraksta-laika-bez-uzlades\/#primaryimage"},"image":{"@id":"https:\/\/izsekosanasierices.lv\/produkts\/pro-serijas-diktofons-lidz-pat-150-stundam-ieraksta-laika-bez-uzlades\/#primaryimage"},"thumbnailUrl":"https:\/\/izsekosanasierices.lv\/wp-content\/uploads\/izsekosanasierices-pro-diktofonas-pokalbiu-irasymas-iki-150val-be-pakrovimo-vos.jpg","datePublished":"2023-10-05T15:37:57+00:00","dateModified":"2026-03-28T13:35:01+00:00","description":"Mini diktofons ar trok\u0161\u0146u sl\u0101p\u0113\u0161anas funkciju. Audioieraksti l\u012bdz 150 h bez uzl\u0101des. Sver tikai 33 gramus. Liels sl\u0113pto audio ierakst\u012b\u0161anas ier\u012b\u010du kl\u0101sts.","breadcrumb":{"@id":"https:\/\/izsekosanasierices.lv\/produkts\/pro-serijas-diktofons-lidz-pat-150-stundam-ieraksta-laika-bez-uzlades\/#breadcrumb"},"inLanguage":"et","potentialAction":[{"@type":"ReadAction","target":["https:\/\/izsekosanasierices.lv\/produkts\/pro-serijas-diktofons-lidz-pat-150-stundam-ieraksta-laika-bez-uzlades\/"]}]},{"@type":"ImageObject","inLanguage":"et","@id":"https:\/\/izsekosanasierices.lv\/produkts\/pro-serijas-diktofons-lidz-pat-150-stundam-ieraksta-laika-bez-uzlades\/#primaryimage","url":"https:\/\/izsekosanasierices.lv\/wp-content\/uploads\/izsekosanasierices-pro-diktofonas-pokalbiu-irasymas-iki-150val-be-pakrovimo-vos.jpg","contentUrl":"https:\/\/izsekosanasierices.lv\/wp-content\/uploads\/izsekosanasierices-pro-diktofonas-pokalbiu-irasymas-iki-150val-be-pakrovimo-vos.jpg","width":433,"height":577,"caption":"PRO serijos diktofonas vos 10gr svorio su garso aptikimo funkcija"},{"@type":"BreadcrumbList","@id":"https:\/\/izsekosanasierices.lv\/produkts\/pro-serijas-diktofons-lidz-pat-150-stundam-ieraksta-laika-bez-uzlades\/#breadcrumb","itemListElement":[{"@type":"ListItem","position":1,"name":"S\u0101kums","item":"https:\/\/izsekosanasierices.lv\/"},{"@type":"ListItem","position":2,"name":"Veikals","item":"https:\/\/izsekosanasierices.lv\/veikals\/"},{"@type":"ListItem","position":3,"name":"PRO s\u0113rijas diktofons \u2013 l\u012bdz pat 150 stund\u0101m ieraksta laika bez uzl\u0101des"}]},{"@type":"WebSite","@id":"https:\/\/izsekosanasierices.lv\/#website","url":"https:\/\/izsekosanasierices.lv\/","name":"Nr1 Izseko\u0161anas ier\u012bces gps izseko\u0161anas iek\u0101rtas, klaus\u012b\u0161an\u0101s iek\u0101rtas","description":"","potentialAction":[{"@type":"SearchAction","target":{"@type":"EntryPoint","urlTemplate":"https:\/\/izsekosanasierices.lv\/?s={search_term_string}"},"query-input":{"@type":"PropertyValueSpecification","valueRequired":true,"valueName":"search_term_string"}}],"inLanguage":"et"}]}},"_links":{"self":[{"href":"https:\/\/izsekosanasierices.lv\/et\/wp-json\/wp\/v2\/product\/1384","targetHints":{"allow":["GET"]}}],"collection":[{"href":"https:\/\/izsekosanasierices.lv\/et\/wp-json\/wp\/v2\/product"}],"about":[{"href":"https:\/\/izsekosanasierices.lv\/et\/wp-json\/wp\/v2\/types\/product"}],"wp:featuredmedia":[{"embeddable":true,"href":"https:\/\/izsekosanasierices.lv\/et\/wp-json\/wp\/v2\/media\/2232"}],"wp:attachment":[{"href":"https:\/\/izsekosanasierices.lv\/et\/wp-json\/wp\/v2\/media?parent=1384"}],"wp:term":[{"taxonomy":"product_brand","embeddable":true,"href":"https:\/\/izsekosanasierices.lv\/et\/wp-json\/wp\/v2\/product_brand?post=1384"},{"taxonomy":"product_cat","embeddable":true,"href":"https:\/\/izsekosanasierices.lv\/et\/wp-json\/wp\/v2\/product_cat?post=1384"},{"taxonomy":"product_tag","embeddable":true,"href":"https:\/\/izsekosanasierices.lv\/et\/wp-json\/wp\/v2\/product_tag?post=1384"}],"curies":[{"name":"wp","href":"https:\/\/api.w.org\/{rel}","templated":true}]}}