{"id":3551,"date":"2025-01-20T12:26:00","date_gmt":"2025-01-20T10:26:00","guid":{"rendered":"https:\/\/izsekosanasierices.lv\/?post_type=product&#038;p=3551"},"modified":"2026-03-30T22:16:47","modified_gmt":"2026-03-30T19:16:47","slug":"sleptas-kameras-galda-pulkstenis-ar-nakts-redzamibas-full-hd-kvalitati","status":"publish","type":"product","link":"https:\/\/izsekosanasierices.lv\/et\/produkts\/varjatud-kaamera-oise-nagemise-ja-full-hd-kvaliteediga-lauakell\/","title":{"rendered":"Varjatud kaamera - \u00f6ise n\u00e4gemise ja FULL HD kvaliteediga lauaarvutikell"},"content":{"rendered":"<p><strong><span style=\"color: #ff0000;\">PROMOTION: 32 GB micro SD kingitusena<\/span> <\/strong><\/p>\n<h2><strong>Kaameraga kell:<\/strong><\/h2>\n<ul>\n<li><strong>Kaugvideo l\u00e4bivaatamine:<\/strong> JAH<\/li>\n<li><strong>Kaamera lihtne konfigureerimine vaid 2 minutiga<\/strong><\/li>\n<li><strong>Video salvestamine koos heliga<\/strong><\/li>\n<li><strong>\u00d6ine n\u00e4htavus:<\/strong> 5 meetrit<\/li>\n<li><strong>Kaamera h\u00e4sti maskeeritud, v\u00f5imatu n\u00e4ha<\/strong><\/li>\n<li><strong>H\u00e4irefunktsioon:<\/strong> JAH<\/li>\n<li><strong>Video kvaliteet:<\/strong> HD 1920*1080 \u00fclevaade<\/li>\n<li><strong>Fotode resolutsioon:<\/strong> 1280*720<\/li>\n<li><strong>Vaatamisnurk:<\/strong> 120 kraadi<\/li>\n<li><strong>Kaadrite arv:<\/strong> 20 FPS<\/li>\n<li><strong>Push-teavitused (liikumistuvastamine)<\/strong><\/li>\n<li><strong>M\u00e4lukaardid:<\/strong> 32 GB kuni 128 GB (kaart ei kuulu komplekti)<\/li>\n<li><strong>Videovalve:<\/strong> Telefoni v\u00f5i arvuti kaudu (online)<\/li>\n<li><strong>Aku kestvus:<\/strong> umbes 3 tundi - \u00f6\u00f6p\u00e4evaringsel toitlustamisel<\/li>\n<li><strong>Aku mahutavus:<\/strong> 2500 mAh<\/li>\n<li><strong>Liikumise tuvastamine:<\/strong> JAH, digitaalne<\/li>\n<li><strong>Pakkimisvorming:<\/strong> AVI H.264<\/li>\n<li><strong>Video formaat:<\/strong> AVI<\/li>\n<li><strong>S\u00fcsteemid:<\/strong> \"iOS\", \"Android\"<\/li>\n<li><strong>App:<\/strong> Ja<\/li>\n<li><strong>S\u00f6\u00f6tmine:<\/strong> sisemine v\u00f5i v\u00e4line aku; 5V toitepistikupesa<\/li>\n<li><strong>Wi-Fi:<\/strong> Ja<\/li>\n<li><strong>GARANTII:<\/strong> 12 kuud<\/li>\n<\/ul>\n<p><strong>\u00a0<\/strong><\/p>\n<p><span style=\"color: #ff0000;\"><strong>Vajad kiiret sama p\u00e4eva (ja n\u00e4dalavahetuse) kohaletoimetamist?  Helistage +37120484176<\/strong><\/span><\/p>\n<p>&nbsp;<\/p>","protected":false},"excerpt":{"rendered":"<p><strong>WiFi<\/strong>sisseehitatud varjatud valvekaameraga kell. Full HD. Liikumisandur. \u00dcks parimaid maskeeritud kaameraid turul. Lai 160-kraadine vaatenurk.<\/p>","protected":false},"featured_media":3552,"template":"","meta":[],"product_brand":[],"product_cat":[330,321,331],"product_tag":[84,325,36,436,328,415,32,437],"class_list":{"0":"post-3551","1":"product","2":"type-product","3":"status-publish","4":"has-post-thumbnail","6":"product_cat-masketas-kameras","7":"product_cat-sleptas-kameras","8":"product_cat-wi-fi-slepenas-kameras","9":"product_tag-ip-kamera","10":"product_tag-izsekosanas-kamera","11":"product_tag-mini-kamera","12":"product_tag-noverosanas-kameras","13":"product_tag-slepena-kamera","14":"product_tag-slepenas-kameras","15":"product_tag-wifi-kamera","16":"product_tag-wifi-noverosanas-kamera","18":"first","19":"instock","20":"sale","21":"taxable","22":"shipping-taxable","23":"purchasable","24":"product-type-simple"},"yoast_head":"<!-- This site is optimized with the Yoast SEO plugin v27.5 - https:\/\/yoast.com\/product\/yoast-seo-wordpress\/ -->\n<title>Sl\u0113pt\u0101 kamera \u2013 galda pulkstenis ar nakts redzam\u012bbu un FULL HD<\/title>\n<meta name=\"description\" content=\"WiFipulkstenis ar ieb\u016bv\u0113tu sl\u0113pto nov\u0113ro\u0161anas kameru. Full HD. Kust\u012bbu sensors. Viena no lab\u0101kaj\u0101m mask\u0113taj\u0101m kamer\u0101m tirg\u016b. Pla\u0161s skata le\u0146\u0137is \u2013 160 gr\u0101du.\" \/>\n<meta name=\"robots\" content=\"index, follow, max-snippet:-1, max-image-preview:large, max-video-preview:-1\" \/>\n<link rel=\"canonical\" href=\"https:\/\/izsekosanasierices.lv\/et\/produkts\/varjatud-kaamera-oise-nagemise-ja-full-hd-kvaliteediga-lauakell\/\" \/>\n<meta property=\"og:locale\" content=\"et_EE\" \/>\n<meta property=\"og:type\" content=\"article\" \/>\n<meta property=\"og:title\" content=\"Wi-fi pulkstenis ar ieb\u016bv\u0113tu slepenas izseko\u0161anas kameru Full HD kust\u012bbu uztver\u0161ana\" \/>\n<meta property=\"og:description\" content=\"Wi-fi pulkstenis ar ieb\u016bv\u0113tu slepenas izseko\u0161anas kameru Full HD kust\u012bbu sensors. Viena no lab\u0101kaj\u0101m mask\u0113taj\u0101m kamer\u0101m tirg\u016b. Pla\u0161s skata le\u0146\u0137is 160\" \/>\n<meta property=\"og:url\" content=\"https:\/\/izsekosanasierices.lv\/et\/produkts\/varjatud-kaamera-oise-nagemise-ja-full-hd-kvaliteediga-lauakell\/\" \/>\n<meta property=\"og:site_name\" content=\"Nr1 Izseko\u0161anas ier\u012bces gps izseko\u0161anas iek\u0101rtas, klaus\u012b\u0161an\u0101s iek\u0101rtas\" \/>\n<meta property=\"article:modified_time\" content=\"2026-03-30T19:16:47+00:00\" \/>\n<meta property=\"og:image\" content=\"https:\/\/rvnski.dev\/sekimoiranga\/wp-content\/uploads\/izsekosanasierices.webp\" \/>\n<meta name=\"twitter:card\" content=\"summary_large_image\" \/>\n<meta name=\"twitter:title\" content=\"Wi-fi pulkstenis ar ieb\u016bv\u0113tu slepenas izseko\u0161anas kameru Full HD kust\u012bbu uztver\u0161ana\" \/>\n<meta name=\"twitter:description\" content=\"Wi-fi pulkstenis ar ieb\u016bv\u0113tu slepenas izseko\u0161anas kameru Full HD kust\u012bbu sensors. Viena no lab\u0101kaj\u0101m mask\u0113taj\u0101m kamer\u0101m tirg\u016b. Pla\u0161s skata le\u0146\u0137is 160\" \/>\n<meta name=\"twitter:label1\" content=\"Est. reading time\" \/>\n\t<meta name=\"twitter:data1\" content=\"1 minut\" \/>\n<script type=\"application\/ld+json\" class=\"yoast-schema-graph\">{\"@context\":\"https:\\\/\\\/schema.org\",\"@graph\":[{\"@type\":\"WebPage\",\"@id\":\"https:\\\/\\\/izsekosanasierices.lv\\\/produkts\\\/sleptas-kameras-galda-pulkstenis-ar-nakts-redzamibas-full-hd-kvalitati\\\/\",\"url\":\"https:\\\/\\\/izsekosanasierices.lv\\\/produkts\\\/sleptas-kameras-galda-pulkstenis-ar-nakts-redzamibas-full-hd-kvalitati\\\/\",\"name\":\"Sl\u0113pt\u0101 kamera \u2013 galda pulkstenis ar nakts redzam\u012bbu un FULL HD\",\"isPartOf\":{\"@id\":\"https:\\\/\\\/izsekosanasierices.lv\\\/#website\"},\"primaryImageOfPage\":{\"@id\":\"https:\\\/\\\/izsekosanasierices.lv\\\/produkts\\\/sleptas-kameras-galda-pulkstenis-ar-nakts-redzamibas-full-hd-kvalitati\\\/#primaryimage\"},\"image\":{\"@id\":\"https:\\\/\\\/izsekosanasierices.lv\\\/produkts\\\/sleptas-kameras-galda-pulkstenis-ar-nakts-redzamibas-full-hd-kvalitati\\\/#primaryimage\"},\"thumbnailUrl\":\"https:\\\/\\\/izsekosanasierices.lv\\\/wp-content\\\/uploads\\\/sleptas-kameras-galda-pulkstenis-ar-nakts-redzamibas-pilnu-HD-kvalitati.jpg\",\"datePublished\":\"2025-01-20T10:26:00+00:00\",\"dateModified\":\"2026-03-30T19:16:47+00:00\",\"description\":\"WiFipulkstenis ar ieb\u016bv\u0113tu sl\u0113pto nov\u0113ro\u0161anas kameru. Full HD. Kust\u012bbu sensors. Viena no lab\u0101kaj\u0101m mask\u0113taj\u0101m kamer\u0101m tirg\u016b. Pla\u0161s skata le\u0146\u0137is \u2013 160 gr\u0101du.\",\"breadcrumb\":{\"@id\":\"https:\\\/\\\/izsekosanasierices.lv\\\/produkts\\\/sleptas-kameras-galda-pulkstenis-ar-nakts-redzamibas-full-hd-kvalitati\\\/#breadcrumb\"},\"inLanguage\":\"et\",\"potentialAction\":[{\"@type\":\"ReadAction\",\"target\":[\"https:\\\/\\\/izsekosanasierices.lv\\\/produkts\\\/sleptas-kameras-galda-pulkstenis-ar-nakts-redzamibas-full-hd-kvalitati\\\/\"]}]},{\"@type\":\"ImageObject\",\"inLanguage\":\"et\",\"@id\":\"https:\\\/\\\/izsekosanasierices.lv\\\/produkts\\\/sleptas-kameras-galda-pulkstenis-ar-nakts-redzamibas-full-hd-kvalitati\\\/#primaryimage\",\"url\":\"https:\\\/\\\/izsekosanasierices.lv\\\/wp-content\\\/uploads\\\/sleptas-kameras-galda-pulkstenis-ar-nakts-redzamibas-pilnu-HD-kvalitati.jpg\",\"contentUrl\":\"https:\\\/\\\/izsekosanasierices.lv\\\/wp-content\\\/uploads\\\/sleptas-kameras-galda-pulkstenis-ar-nakts-redzamibas-pilnu-HD-kvalitati.jpg\",\"width\":458,\"height\":458,\"caption\":\"sl\u0113pt\u0101s kameras galda pulkstenis ar nakts redzam\u012bbas pilnu HD kvalit\u0101ti\"},{\"@type\":\"BreadcrumbList\",\"@id\":\"https:\\\/\\\/izsekosanasierices.lv\\\/produkts\\\/sleptas-kameras-galda-pulkstenis-ar-nakts-redzamibas-full-hd-kvalitati\\\/#breadcrumb\",\"itemListElement\":[{\"@type\":\"ListItem\",\"position\":1,\"name\":\"S\u0101kums\",\"item\":\"https:\\\/\\\/izsekosanasierices.lv\\\/\"},{\"@type\":\"ListItem\",\"position\":2,\"name\":\"Veikals\",\"item\":\"https:\\\/\\\/izsekosanasierices.lv\\\/veikals\\\/\"},{\"@type\":\"ListItem\",\"position\":3,\"name\":\"Sl\u0113pt\u0101 kamera \u2013 galda pulkstenis ar nakts redzam\u012bbu un FULL HD kvalit\u0101ti\"}]},{\"@type\":\"WebSite\",\"@id\":\"https:\\\/\\\/izsekosanasierices.lv\\\/#website\",\"url\":\"https:\\\/\\\/izsekosanasierices.lv\\\/\",\"name\":\"Nr1 Izseko\u0161anas ier\u012bces gps izseko\u0161anas iek\u0101rtas, klaus\u012b\u0161an\u0101s iek\u0101rtas\",\"description\":\"\",\"potentialAction\":[{\"@type\":\"SearchAction\",\"target\":{\"@type\":\"EntryPoint\",\"urlTemplate\":\"https:\\\/\\\/izsekosanasierices.lv\\\/?s={search_term_string}\"},\"query-input\":{\"@type\":\"PropertyValueSpecification\",\"valueRequired\":true,\"valueName\":\"search_term_string\"}}],\"inLanguage\":\"et\"}]}<\/script>\n<!-- \/ Yoast SEO plugin. -->","yoast_head_json":{"title":"Sl\u0113pt\u0101 kamera \u2013 galda pulkstenis ar nakts redzam\u012bbu un FULL HD","description":"WiFipulkstenis ar ieb\u016bv\u0113tu sl\u0113pto nov\u0113ro\u0161anas kameru. Full HD. Kust\u012bbu sensors. Viena no lab\u0101kaj\u0101m mask\u0113taj\u0101m kamer\u0101m tirg\u016b. Pla\u0161s skata le\u0146\u0137is \u2013 160 gr\u0101du.","robots":{"index":"index","follow":"follow","max-snippet":"max-snippet:-1","max-image-preview":"max-image-preview:large","max-video-preview":"max-video-preview:-1"},"canonical":"https:\/\/izsekosanasierices.lv\/et\/produkts\/varjatud-kaamera-oise-nagemise-ja-full-hd-kvaliteediga-lauakell\/","og_locale":"et_EE","og_type":"article","og_title":"Wi-fi pulkstenis ar ieb\u016bv\u0113tu slepenas izseko\u0161anas kameru Full HD kust\u012bbu uztver\u0161ana","og_description":"Wi-fi pulkstenis ar ieb\u016bv\u0113tu slepenas izseko\u0161anas kameru Full HD kust\u012bbu sensors. Viena no lab\u0101kaj\u0101m mask\u0113taj\u0101m kamer\u0101m tirg\u016b. Pla\u0161s skata le\u0146\u0137is 160","og_url":"https:\/\/izsekosanasierices.lv\/et\/produkts\/varjatud-kaamera-oise-nagemise-ja-full-hd-kvaliteediga-lauakell\/","og_site_name":"Nr1 Izseko\u0161anas ier\u012bces gps izseko\u0161anas iek\u0101rtas, klaus\u012b\u0161an\u0101s iek\u0101rtas","article_modified_time":"2026-03-30T19:16:47+00:00","og_image":[{"url":"https:\/\/rvnski.dev\/sekimoiranga\/wp-content\/uploads\/izsekosanasierices.webp","type":"","width":"","height":""}],"twitter_card":"summary_large_image","twitter_title":"Wi-fi pulkstenis ar ieb\u016bv\u0113tu slepenas izseko\u0161anas kameru Full HD kust\u012bbu uztver\u0161ana","twitter_description":"Wi-fi pulkstenis ar ieb\u016bv\u0113tu slepenas izseko\u0161anas kameru Full HD kust\u012bbu sensors. Viena no lab\u0101kaj\u0101m mask\u0113taj\u0101m kamer\u0101m tirg\u016b. Pla\u0161s skata le\u0146\u0137is 160","twitter_misc":{"Est. reading time":"1 minut"},"schema":{"@context":"https:\/\/schema.org","@graph":[{"@type":"WebPage","@id":"https:\/\/izsekosanasierices.lv\/produkts\/sleptas-kameras-galda-pulkstenis-ar-nakts-redzamibas-full-hd-kvalitati\/","url":"https:\/\/izsekosanasierices.lv\/produkts\/sleptas-kameras-galda-pulkstenis-ar-nakts-redzamibas-full-hd-kvalitati\/","name":"Sl\u0113pt\u0101 kamera \u2013 galda pulkstenis ar nakts redzam\u012bbu un FULL HD","isPartOf":{"@id":"https:\/\/izsekosanasierices.lv\/#website"},"primaryImageOfPage":{"@id":"https:\/\/izsekosanasierices.lv\/produkts\/sleptas-kameras-galda-pulkstenis-ar-nakts-redzamibas-full-hd-kvalitati\/#primaryimage"},"image":{"@id":"https:\/\/izsekosanasierices.lv\/produkts\/sleptas-kameras-galda-pulkstenis-ar-nakts-redzamibas-full-hd-kvalitati\/#primaryimage"},"thumbnailUrl":"https:\/\/izsekosanasierices.lv\/wp-content\/uploads\/sleptas-kameras-galda-pulkstenis-ar-nakts-redzamibas-pilnu-HD-kvalitati.jpg","datePublished":"2025-01-20T10:26:00+00:00","dateModified":"2026-03-30T19:16:47+00:00","description":"WiFipulkstenis ar ieb\u016bv\u0113tu sl\u0113pto nov\u0113ro\u0161anas kameru. Full HD. Kust\u012bbu sensors. Viena no lab\u0101kaj\u0101m mask\u0113taj\u0101m kamer\u0101m tirg\u016b. Pla\u0161s skata le\u0146\u0137is \u2013 160 gr\u0101du.","breadcrumb":{"@id":"https:\/\/izsekosanasierices.lv\/produkts\/sleptas-kameras-galda-pulkstenis-ar-nakts-redzamibas-full-hd-kvalitati\/#breadcrumb"},"inLanguage":"et","potentialAction":[{"@type":"ReadAction","target":["https:\/\/izsekosanasierices.lv\/produkts\/sleptas-kameras-galda-pulkstenis-ar-nakts-redzamibas-full-hd-kvalitati\/"]}]},{"@type":"ImageObject","inLanguage":"et","@id":"https:\/\/izsekosanasierices.lv\/produkts\/sleptas-kameras-galda-pulkstenis-ar-nakts-redzamibas-full-hd-kvalitati\/#primaryimage","url":"https:\/\/izsekosanasierices.lv\/wp-content\/uploads\/sleptas-kameras-galda-pulkstenis-ar-nakts-redzamibas-pilnu-HD-kvalitati.jpg","contentUrl":"https:\/\/izsekosanasierices.lv\/wp-content\/uploads\/sleptas-kameras-galda-pulkstenis-ar-nakts-redzamibas-pilnu-HD-kvalitati.jpg","width":458,"height":458,"caption":"sl\u0113pt\u0101s kameras galda pulkstenis ar nakts redzam\u012bbas pilnu HD kvalit\u0101ti"},{"@type":"BreadcrumbList","@id":"https:\/\/izsekosanasierices.lv\/produkts\/sleptas-kameras-galda-pulkstenis-ar-nakts-redzamibas-full-hd-kvalitati\/#breadcrumb","itemListElement":[{"@type":"ListItem","position":1,"name":"S\u0101kums","item":"https:\/\/izsekosanasierices.lv\/"},{"@type":"ListItem","position":2,"name":"Veikals","item":"https:\/\/izsekosanasierices.lv\/veikals\/"},{"@type":"ListItem","position":3,"name":"Sl\u0113pt\u0101 kamera \u2013 galda pulkstenis ar nakts redzam\u012bbu un FULL HD kvalit\u0101ti"}]},{"@type":"WebSite","@id":"https:\/\/izsekosanasierices.lv\/#website","url":"https:\/\/izsekosanasierices.lv\/","name":"Nr1 Izseko\u0161anas ier\u012bces gps izseko\u0161anas iek\u0101rtas, klaus\u012b\u0161an\u0101s iek\u0101rtas","description":"","potentialAction":[{"@type":"SearchAction","target":{"@type":"EntryPoint","urlTemplate":"https:\/\/izsekosanasierices.lv\/?s={search_term_string}"},"query-input":{"@type":"PropertyValueSpecification","valueRequired":true,"valueName":"search_term_string"}}],"inLanguage":"et"}]}},"_links":{"self":[{"href":"https:\/\/izsekosanasierices.lv\/et\/wp-json\/wp\/v2\/product\/3551","targetHints":{"allow":["GET"]}}],"collection":[{"href":"https:\/\/izsekosanasierices.lv\/et\/wp-json\/wp\/v2\/product"}],"about":[{"href":"https:\/\/izsekosanasierices.lv\/et\/wp-json\/wp\/v2\/types\/product"}],"wp:featuredmedia":[{"embeddable":true,"href":"https:\/\/izsekosanasierices.lv\/et\/wp-json\/wp\/v2\/media\/3552"}],"wp:attachment":[{"href":"https:\/\/izsekosanasierices.lv\/et\/wp-json\/wp\/v2\/media?parent=3551"}],"wp:term":[{"taxonomy":"product_brand","embeddable":true,"href":"https:\/\/izsekosanasierices.lv\/et\/wp-json\/wp\/v2\/product_brand?post=3551"},{"taxonomy":"product_cat","embeddable":true,"href":"https:\/\/izsekosanasierices.lv\/et\/wp-json\/wp\/v2\/product_cat?post=3551"},{"taxonomy":"product_tag","embeddable":true,"href":"https:\/\/izsekosanasierices.lv\/et\/wp-json\/wp\/v2\/product_tag?post=3551"}],"curies":[{"name":"wp","href":"https:\/\/api.w.org\/{rel}","templated":true}]}}