{"id":3558,"date":"2025-01-20T12:34:33","date_gmt":"2025-01-20T10:34:33","guid":{"rendered":"https:\/\/izsekosanasierices.lv\/?post_type=product&#038;p=3558"},"modified":"2025-11-19T17:58:03","modified_gmt":"2025-11-19T15:58:03","slug":"modinatajs-ar-kameru-termometru-un-mitruma-sensoru-rh-32-gb","status":"publish","type":"product","link":"https:\/\/izsekosanasierices.lv\/et\/produkts\/aratuskellkaamera-termomeetri-ja-rh-niiskusanduriga-32-gb\/","title":{"rendered":"H\u00e4irekell koos kaamera, termomeetri ja niiskusanduriga, 32 GB."},"content":{"rendered":"<div class=\"flex-shrink-0 flex flex-col relative items-end\">\n<div>\n<div class=\"pt-0\">\n<div class=\"gizmo-bot-avatar flex h-8 w-8 items-center justify-center overflow-hidden rounded-full\">\n<h2 class=\"relative p-1 rounded-sm flex items-center justify-center bg-token-main-surface-primary text-token-text-primary h-8 w-8\"><strong>Tehnilised parameetrid:<\/strong><\/h2>\n<p>&nbsp;<\/p>\n<\/div>\n<\/div>\n<\/div>\n<\/div>\n<div class=\"group\/conversation-turn relative flex w-full min-w-0 flex-col agent-turn\">\n<div class=\"flex-col gap-1 md:gap-3\">\n<div class=\"flex max-w-full flex-col flex-grow\">\n<div class=\"min-h-8 text-message flex w-full flex-col items-end gap-2 whitespace-normal break-words text-start [.text-message+&amp;]:mt-5\" dir=\"auto\" data-message-author-role=\"assistant\" data-message-id=\"b4154110-325c-4cb4-9eea-cd9761056625\" data-message-model-slug=\"gpt-4o\">\n<div class=\"flex w-full flex-col gap-1 empty:hidden first:pt-[3px]\">\n<div class=\"markdown prose w-full break-words dark:prose-invert light\">\n<ul>\n<li><strong>Kaugvideo l\u00e4bivaatamine:<\/strong> Saate pilti vaadata k\u00f5ikjal maailmas.<\/li>\n<li><strong>Wi-Fi-v\u00f5rguga \u00fchendamine<\/strong><\/li>\n<li><strong>Kiire ja lihtne paigaldus<\/strong> (ainult 2 minutit)<\/li>\n<li><strong>Video salvestamine koos heliga<\/strong><\/li>\n<li><strong>H\u00e4irefunktsioon:<\/strong> JAH<\/li>\n<li><strong>Ruumitemperatuuri andur<\/strong><\/li>\n<li><strong>Niiskusandur<\/strong><\/li>\n<li><strong>Video kvaliteet:<\/strong> FULL HD<\/li>\n<li><strong>Vaatamisnurk:<\/strong> 105 kraadi<\/li>\n<li><strong>Kaadrite arv:<\/strong> 25 FPS<\/li>\n<li><strong>Push-teavitused (liikumistuvastamine)<\/strong><\/li>\n<li><strong>Toode valmistatakse tellimuse alusel. Tooteid ei saa tagastada.<\/strong><\/li>\n<li><strong>MicroSD:<\/strong> 32 GB kuni 128 GB<\/li>\n<li><strong>Videovalve:<\/strong> Teie nutitelefonis v\u00f5i arvutis (internetis)<\/li>\n<li><strong>\u00dchendatakse otse laadimiskaabliga<\/strong><\/li>\n<li><strong>Adapter:<\/strong> 220V (alaliseks \u00fchendamiseks vooluv\u00f5rku)<\/li>\n<li><strong>Liikumise tuvastamine:<\/strong> JAH, digitaalne<\/li>\n<li><strong>Pakkimisvorming:<\/strong> AVI H.264<\/li>\n<li><strong>Video formaat:<\/strong> AVI<\/li>\n<li><strong>S\u00fcsteemid:<\/strong> \"iOS\", \"Android\"<\/li>\n<li><strong>App:<\/strong> Ja<\/li>\n<li><strong>S\u00f6\u00f6tmine:<\/strong> sisemine v\u00f5i v\u00e4line aku; 5V toitepistikupesa<\/li>\n<li><strong>V\u00e4rv:<\/strong> Must<\/li>\n<li><strong>Wi-Fi:<\/strong> Ja<\/li>\n<li><strong>GARANTII:<\/strong> 12 kuud<\/li>\n<\/ul>\n<\/div>\n<\/div>\n<\/div>\n<\/div>\n<\/div>\n<\/div>\n<p>&nbsp;<\/p>\n<p><strong>\u00a0<\/strong><\/p>\n<p><span style=\"color: #ff0000;\"><strong>Vajad kiiret sama p\u00e4eva (ja n\u00e4dalavahetuse) kohaletoimetamist?  Helistage +37120484176<\/strong><\/span><\/p>\n<p>&nbsp;<\/p>","protected":false},"excerpt":{"rendered":"<p>Tehnilised omadused Kaugvideo vaatamine: pilti saab vaadata \u00fcksk\u00f5ik kust maailma punktist Kella \u00fchendub Wi-Fi v\u00f5rku Kiire ja lihtne paigaldus (ainult 2 minutit) Videote salvestamine koos heliga...<\/p>","protected":false},"featured_media":3559,"template":"","meta":[],"product_brand":[],"product_cat":[330,321,331],"product_tag":[84,325,36,436,328,415,32,437],"class_list":{"0":"post-3558","1":"product","2":"type-product","3":"status-publish","4":"has-post-thumbnail","6":"product_cat-masketas-kameras","7":"product_cat-sleptas-kameras","8":"product_cat-wi-fi-slepenas-kameras","9":"product_tag-ip-kamera","10":"product_tag-izsekosanas-kamera","11":"product_tag-mini-kamera","12":"product_tag-noverosanas-kameras","13":"product_tag-slepena-kamera","14":"product_tag-slepenas-kameras","15":"product_tag-wifi-kamera","16":"product_tag-wifi-noverosanas-kamera","18":"first","19":"instock","20":"taxable","21":"shipping-taxable","22":"purchasable","23":"product-type-simple"},"yoast_head":"<!-- This site is optimized with the Yoast SEO plugin v27.5 - https:\/\/yoast.com\/product\/yoast-seo-wordpress\/ -->\n<title>Modin\u0101t\u0101js ar kameru, termometru un mitruma sensoru RH, 32 GB.<\/title>\n<meta name=\"robots\" content=\"index, follow, max-snippet:-1, max-image-preview:large, max-video-preview:-1\" \/>\n<link rel=\"canonical\" href=\"https:\/\/izsekosanasierices.lv\/et\/produkts\/aratuskellkaamera-termomeetri-ja-rh-niiskusanduriga-32-gb\/\" \/>\n<meta property=\"og:locale\" content=\"et_EE\" \/>\n<meta property=\"og:type\" content=\"article\" \/>\n<meta property=\"og:title\" content=\"Wi-fi pulkstenis ar ieb\u016bv\u0113tu slepenas izseko\u0161anas kameru Full HD kust\u012bbu uztver\u0161ana\" \/>\n<meta property=\"og:description\" content=\"Wi-fi pulkstenis ar ieb\u016bv\u0113tu slepenas izseko\u0161anas kameru Full HD kust\u012bbu sensors. Viena no lab\u0101kaj\u0101m mask\u0113taj\u0101m kamer\u0101m tirg\u016b. Pla\u0161s skata le\u0146\u0137is 160\" \/>\n<meta property=\"og:url\" content=\"https:\/\/izsekosanasierices.lv\/et\/produkts\/aratuskellkaamera-termomeetri-ja-rh-niiskusanduriga-32-gb\/\" \/>\n<meta property=\"og:site_name\" content=\"Nr1 Izseko\u0161anas ier\u012bces gps izseko\u0161anas iek\u0101rtas, klaus\u012b\u0161an\u0101s iek\u0101rtas\" \/>\n<meta property=\"article:modified_time\" content=\"2025-11-19T15:58:03+00:00\" \/>\n<meta property=\"og:image\" content=\"https:\/\/rvnski.dev\/sekimoiranga\/wp-content\/uploads\/izsekosanasierices.webp\" \/>\n<meta name=\"twitter:card\" content=\"summary_large_image\" \/>\n<meta name=\"twitter:title\" content=\"Wi-fi pulkstenis ar ieb\u016bv\u0113tu slepenas izseko\u0161anas kameru Full HD kust\u012bbu uztver\u0161ana\" \/>\n<meta name=\"twitter:description\" content=\"Wi-fi pulkstenis ar ieb\u016bv\u0113tu slepenas izseko\u0161anas kameru Full HD kust\u012bbu sensors. Viena no lab\u0101kaj\u0101m mask\u0113taj\u0101m kamer\u0101m tirg\u016b. Pla\u0161s skata le\u0146\u0137is 160\" \/>\n<meta name=\"twitter:label1\" content=\"Est. reading time\" \/>\n\t<meta name=\"twitter:data1\" content=\"1 minut\" \/>\n<script type=\"application\/ld+json\" class=\"yoast-schema-graph\">{\"@context\":\"https:\\\/\\\/schema.org\",\"@graph\":[{\"@type\":\"WebPage\",\"@id\":\"https:\\\/\\\/izsekosanasierices.lv\\\/produkts\\\/modinatajs-ar-kameru-termometru-un-mitruma-sensoru-rh-32-gb\\\/\",\"url\":\"https:\\\/\\\/izsekosanasierices.lv\\\/produkts\\\/modinatajs-ar-kameru-termometru-un-mitruma-sensoru-rh-32-gb\\\/\",\"name\":\"Modin\u0101t\u0101js ar kameru, termometru un mitruma sensoru RH, 32 GB.\",\"isPartOf\":{\"@id\":\"https:\\\/\\\/izsekosanasierices.lv\\\/#website\"},\"primaryImageOfPage\":{\"@id\":\"https:\\\/\\\/izsekosanasierices.lv\\\/produkts\\\/modinatajs-ar-kameru-termometru-un-mitruma-sensoru-rh-32-gb\\\/#primaryimage\"},\"image\":{\"@id\":\"https:\\\/\\\/izsekosanasierices.lv\\\/produkts\\\/modinatajs-ar-kameru-termometru-un-mitruma-sensoru-rh-32-gb\\\/#primaryimage\"},\"thumbnailUrl\":\"https:\\\/\\\/izsekosanasierices.lv\\\/wp-content\\\/uploads\\\/slepta-kamera.png\",\"datePublished\":\"2025-01-20T10:34:33+00:00\",\"dateModified\":\"2025-11-19T15:58:03+00:00\",\"breadcrumb\":{\"@id\":\"https:\\\/\\\/izsekosanasierices.lv\\\/produkts\\\/modinatajs-ar-kameru-termometru-un-mitruma-sensoru-rh-32-gb\\\/#breadcrumb\"},\"inLanguage\":\"et\",\"potentialAction\":[{\"@type\":\"ReadAction\",\"target\":[\"https:\\\/\\\/izsekosanasierices.lv\\\/produkts\\\/modinatajs-ar-kameru-termometru-un-mitruma-sensoru-rh-32-gb\\\/\"]}]},{\"@type\":\"ImageObject\",\"inLanguage\":\"et\",\"@id\":\"https:\\\/\\\/izsekosanasierices.lv\\\/produkts\\\/modinatajs-ar-kameru-termometru-un-mitruma-sensoru-rh-32-gb\\\/#primaryimage\",\"url\":\"https:\\\/\\\/izsekosanasierices.lv\\\/wp-content\\\/uploads\\\/slepta-kamera.png\",\"contentUrl\":\"https:\\\/\\\/izsekosanasierices.lv\\\/wp-content\\\/uploads\\\/slepta-kamera.png\",\"width\":600,\"height\":600,\"caption\":\"slepta kamera\"},{\"@type\":\"BreadcrumbList\",\"@id\":\"https:\\\/\\\/izsekosanasierices.lv\\\/produkts\\\/modinatajs-ar-kameru-termometru-un-mitruma-sensoru-rh-32-gb\\\/#breadcrumb\",\"itemListElement\":[{\"@type\":\"ListItem\",\"position\":1,\"name\":\"S\u0101kums\",\"item\":\"https:\\\/\\\/izsekosanasierices.lv\\\/\"},{\"@type\":\"ListItem\",\"position\":2,\"name\":\"Veikals\",\"item\":\"https:\\\/\\\/izsekosanasierices.lv\\\/veikals\\\/\"},{\"@type\":\"ListItem\",\"position\":3,\"name\":\"Modin\u0101t\u0101js ar kameru, termometru un mitruma sensoru RH, 32 GB.\"}]},{\"@type\":\"WebSite\",\"@id\":\"https:\\\/\\\/izsekosanasierices.lv\\\/#website\",\"url\":\"https:\\\/\\\/izsekosanasierices.lv\\\/\",\"name\":\"Nr1 Izseko\u0161anas ier\u012bces gps izseko\u0161anas iek\u0101rtas, klaus\u012b\u0161an\u0101s iek\u0101rtas\",\"description\":\"\",\"potentialAction\":[{\"@type\":\"SearchAction\",\"target\":{\"@type\":\"EntryPoint\",\"urlTemplate\":\"https:\\\/\\\/izsekosanasierices.lv\\\/?s={search_term_string}\"},\"query-input\":{\"@type\":\"PropertyValueSpecification\",\"valueRequired\":true,\"valueName\":\"search_term_string\"}}],\"inLanguage\":\"et\"}]}<\/script>\n<!-- \/ Yoast SEO plugin. -->","yoast_head_json":{"title":"Modin\u0101t\u0101js ar kameru, termometru un mitruma sensoru RH, 32 GB.","robots":{"index":"index","follow":"follow","max-snippet":"max-snippet:-1","max-image-preview":"max-image-preview:large","max-video-preview":"max-video-preview:-1"},"canonical":"https:\/\/izsekosanasierices.lv\/et\/produkts\/aratuskellkaamera-termomeetri-ja-rh-niiskusanduriga-32-gb\/","og_locale":"et_EE","og_type":"article","og_title":"Wi-fi pulkstenis ar ieb\u016bv\u0113tu slepenas izseko\u0161anas kameru Full HD kust\u012bbu uztver\u0161ana","og_description":"Wi-fi pulkstenis ar ieb\u016bv\u0113tu slepenas izseko\u0161anas kameru Full HD kust\u012bbu sensors. Viena no lab\u0101kaj\u0101m mask\u0113taj\u0101m kamer\u0101m tirg\u016b. Pla\u0161s skata le\u0146\u0137is 160","og_url":"https:\/\/izsekosanasierices.lv\/et\/produkts\/aratuskellkaamera-termomeetri-ja-rh-niiskusanduriga-32-gb\/","og_site_name":"Nr1 Izseko\u0161anas ier\u012bces gps izseko\u0161anas iek\u0101rtas, klaus\u012b\u0161an\u0101s iek\u0101rtas","article_modified_time":"2025-11-19T15:58:03+00:00","og_image":[{"url":"https:\/\/rvnski.dev\/sekimoiranga\/wp-content\/uploads\/izsekosanasierices.webp","type":"","width":"","height":""}],"twitter_card":"summary_large_image","twitter_title":"Wi-fi pulkstenis ar ieb\u016bv\u0113tu slepenas izseko\u0161anas kameru Full HD kust\u012bbu uztver\u0161ana","twitter_description":"Wi-fi pulkstenis ar ieb\u016bv\u0113tu slepenas izseko\u0161anas kameru Full HD kust\u012bbu sensors. Viena no lab\u0101kaj\u0101m mask\u0113taj\u0101m kamer\u0101m tirg\u016b. Pla\u0161s skata le\u0146\u0137is 160","twitter_misc":{"Est. reading time":"1 minut"},"schema":{"@context":"https:\/\/schema.org","@graph":[{"@type":"WebPage","@id":"https:\/\/izsekosanasierices.lv\/produkts\/modinatajs-ar-kameru-termometru-un-mitruma-sensoru-rh-32-gb\/","url":"https:\/\/izsekosanasierices.lv\/produkts\/modinatajs-ar-kameru-termometru-un-mitruma-sensoru-rh-32-gb\/","name":"Modin\u0101t\u0101js ar kameru, termometru un mitruma sensoru RH, 32 GB.","isPartOf":{"@id":"https:\/\/izsekosanasierices.lv\/#website"},"primaryImageOfPage":{"@id":"https:\/\/izsekosanasierices.lv\/produkts\/modinatajs-ar-kameru-termometru-un-mitruma-sensoru-rh-32-gb\/#primaryimage"},"image":{"@id":"https:\/\/izsekosanasierices.lv\/produkts\/modinatajs-ar-kameru-termometru-un-mitruma-sensoru-rh-32-gb\/#primaryimage"},"thumbnailUrl":"https:\/\/izsekosanasierices.lv\/wp-content\/uploads\/slepta-kamera.png","datePublished":"2025-01-20T10:34:33+00:00","dateModified":"2025-11-19T15:58:03+00:00","breadcrumb":{"@id":"https:\/\/izsekosanasierices.lv\/produkts\/modinatajs-ar-kameru-termometru-un-mitruma-sensoru-rh-32-gb\/#breadcrumb"},"inLanguage":"et","potentialAction":[{"@type":"ReadAction","target":["https:\/\/izsekosanasierices.lv\/produkts\/modinatajs-ar-kameru-termometru-un-mitruma-sensoru-rh-32-gb\/"]}]},{"@type":"ImageObject","inLanguage":"et","@id":"https:\/\/izsekosanasierices.lv\/produkts\/modinatajs-ar-kameru-termometru-un-mitruma-sensoru-rh-32-gb\/#primaryimage","url":"https:\/\/izsekosanasierices.lv\/wp-content\/uploads\/slepta-kamera.png","contentUrl":"https:\/\/izsekosanasierices.lv\/wp-content\/uploads\/slepta-kamera.png","width":600,"height":600,"caption":"slepta kamera"},{"@type":"BreadcrumbList","@id":"https:\/\/izsekosanasierices.lv\/produkts\/modinatajs-ar-kameru-termometru-un-mitruma-sensoru-rh-32-gb\/#breadcrumb","itemListElement":[{"@type":"ListItem","position":1,"name":"S\u0101kums","item":"https:\/\/izsekosanasierices.lv\/"},{"@type":"ListItem","position":2,"name":"Veikals","item":"https:\/\/izsekosanasierices.lv\/veikals\/"},{"@type":"ListItem","position":3,"name":"Modin\u0101t\u0101js ar kameru, termometru un mitruma sensoru RH, 32 GB."}]},{"@type":"WebSite","@id":"https:\/\/izsekosanasierices.lv\/#website","url":"https:\/\/izsekosanasierices.lv\/","name":"Nr1 Izseko\u0161anas ier\u012bces gps izseko\u0161anas iek\u0101rtas, klaus\u012b\u0161an\u0101s iek\u0101rtas","description":"","potentialAction":[{"@type":"SearchAction","target":{"@type":"EntryPoint","urlTemplate":"https:\/\/izsekosanasierices.lv\/?s={search_term_string}"},"query-input":{"@type":"PropertyValueSpecification","valueRequired":true,"valueName":"search_term_string"}}],"inLanguage":"et"}]}},"_links":{"self":[{"href":"https:\/\/izsekosanasierices.lv\/et\/wp-json\/wp\/v2\/product\/3558","targetHints":{"allow":["GET"]}}],"collection":[{"href":"https:\/\/izsekosanasierices.lv\/et\/wp-json\/wp\/v2\/product"}],"about":[{"href":"https:\/\/izsekosanasierices.lv\/et\/wp-json\/wp\/v2\/types\/product"}],"wp:featuredmedia":[{"embeddable":true,"href":"https:\/\/izsekosanasierices.lv\/et\/wp-json\/wp\/v2\/media\/3559"}],"wp:attachment":[{"href":"https:\/\/izsekosanasierices.lv\/et\/wp-json\/wp\/v2\/media?parent=3558"}],"wp:term":[{"taxonomy":"product_brand","embeddable":true,"href":"https:\/\/izsekosanasierices.lv\/et\/wp-json\/wp\/v2\/product_brand?post=3558"},{"taxonomy":"product_cat","embeddable":true,"href":"https:\/\/izsekosanasierices.lv\/et\/wp-json\/wp\/v2\/product_cat?post=3558"},{"taxonomy":"product_tag","embeddable":true,"href":"https:\/\/izsekosanasierices.lv\/et\/wp-json\/wp\/v2\/product_tag?post=3558"}],"curies":[{"name":"wp","href":"https:\/\/api.w.org\/{rel}","templated":true}]}}