{"id":3571,"date":"2025-01-20T12:48:38","date_gmt":"2025-01-20T10:48:38","guid":{"rendered":"https:\/\/izsekosanasierices.lv\/?post_type=product&#038;p=3571"},"modified":"2025-11-19T18:00:31","modified_gmt":"2025-11-19T16:00:31","slug":"galda-pulkstenis-ar-slepto-kameru-nakts-redzamibu-un-wi-fi","status":"publish","type":"product","link":"https:\/\/izsekosanasierices.lv\/et\/produkts\/lauakell-peidetud-kaamera-oise-nagemise-wi-fi-ga\/","title":{"rendered":"Lauakell koos peidetud kaamera + \u00f6\u00f6n\u00e4gemisega ja Wi-Fi."},"content":{"rendered":"<div class=\"flex-shrink-0 flex flex-col relative items-end\">\n<div>\n<div class=\"pt-0\">\n<div class=\"gizmo-bot-avatar flex h-8 w-8 items-center justify-center overflow-hidden rounded-full\">\n<h2 class=\"relative p-1 rounded-sm flex items-center justify-center bg-token-main-surface-primary text-token-text-primary h-8 w-8\"><strong>Tehnilised parameetrid:<\/strong><\/h2>\n<ul>\n<li><strong>Alumiiniumist korpus (k\u00f5rge kvaliteet)<\/strong><\/li>\n<li><strong>V\u00e4ga lihtne kasutada<\/strong><\/li>\n<li><strong>Video salvestamine koos heliga<\/strong><\/li>\n<li><strong>\u00d6ine n\u00e4htavus:<\/strong> 5 meetrit<\/li>\n<li><strong>H\u00e4irefunktsioon:<\/strong> JAH<\/li>\n<li><strong>Video kvaliteet:<\/strong> HD 1920*1080 \u00fclevaade<\/li>\n<li><strong>Fotode resolutsioon:<\/strong> 1280*720<\/li>\n<li><strong>Vaatamisnurk:<\/strong> 120 kraadi<\/li>\n<li><strong>Kaadrite arv:<\/strong> 20 FPS<\/li>\n<li><strong>Push-teavitused (liikumistuvastamine)<\/strong><\/li>\n<li><strong>M\u00e4lukaardi tugi:<\/strong> 32 GB kuni 128 GB (kaart ei kuulu komplekti)<\/li>\n<li><strong>Videovalve:<\/strong> Telefoni v\u00f5i arvuti kaudu (online)<\/li>\n<li><strong>Aku kestvus:<\/strong> umbes 3 tundi - \u00f6\u00f6p\u00e4evaringsel toitlustamisel<\/li>\n<li><strong>Aku mahutavus:<\/strong> 2500 mAh<\/li>\n<li><strong>Liikumise tuvastamine:<\/strong> JAH, digitaalne<\/li>\n<li><strong>Pakkimisvorming:<\/strong> AVI H.264<\/li>\n<li><strong>Video formaat:<\/strong> AVI<\/li>\n<li><strong>S\u00fcsteemid:<\/strong> \"iOS\", \"Android\"<\/li>\n<li><strong>App:<\/strong> Ja<\/li>\n<li><strong>S\u00f6\u00f6tmine:<\/strong> sisemine v\u00f5i v\u00e4line aku; 5V toitepistikupesa<\/li>\n<li><strong>Wi-Fi:<\/strong> Ja<\/li>\n<li><strong>GARANTII:<\/strong> 12 kuud<\/li>\n<\/ul>\n<\/div>\n<\/div>\n<\/div>\n<\/div>\n<p>&nbsp;<\/p>\n<p><span style=\"color: #ff0000;\"><strong>Vajad kiiret sama p\u00e4eva (ja n\u00e4dalavahetuse) kohaletoimetamist?  Helistage +37120484176<\/strong><\/span><\/p>\n<div class=\"flex max-w-full flex-col flex-grow\">\n<div class=\"min-h-8 text-message flex w-full flex-col items-end gap-2 whitespace-normal break-words text-start [.text-message+&amp;]:mt-5\" dir=\"auto\" data-message-author-role=\"assistant\" data-message-id=\"f9d7b359-3a47-4c7d-b731-a6fc2f54ad62\" data-message-model-slug=\"gpt-4o\">\n<div class=\"flex w-full flex-col gap-1 empty:hidden first:pt-[3px]\">\n<div class=\"markdown prose w-full break-words dark:prose-invert light\">\n<p>See peidetud kaamera on sisse ehitatud laua kellasse, mis muudab selle m\u00e4rkamatuks ja sobib ideaalselt kodu turvamiseks v\u00f5i laste j\u00e4lgimiseks. Kaamera edastab reaalajas pilti nutitelefonile, mis v\u00f5imaldab teil j\u00e4lgida oma kodu \u00fcksk\u00f5ik millisest maailma punktist.<\/p>\n<p><strong>Omadused:<\/strong><\/p>\n<ul>\n<li><strong>Varjatud kaamera:<\/strong> Kaamera on nutikalt kella sisse peidetud, nii et see n\u00e4eb v\u00e4lja nagu tavaline lauakell.<\/li>\n<li><strong>Otse\u00fclekanne:<\/strong> V\u00f5imalus vaadata otse\u00fclekannet nutitelefoni kaudu, kasutades selleks etten\u00e4htud rakendust.<\/li>\n<li><strong>Lihtne kasutada:<\/strong> Kasutajas\u00f5bralik ja lihtne kasutajaliides, mis v\u00f5imaldab kiiret ja t\u00f5husat j\u00e4lgimist.<\/li>\n<li><strong>Mitmekesisus:<\/strong> Ideaalne kodu turvamise, lapsehoiu v\u00f5i kontori j\u00e4lgimise jaoks.<\/li>\n<\/ul>\n<\/div>\n<\/div>\n<\/div>\n<\/div>","protected":false},"excerpt":{"rendered":"<p>Tehnilised parameetrid: Alumiiniumist korpus (kvaliteetne) V\u00e4ga lihtne kasutada Videosalvestus koos heliga \u00d6\u00f6n\u00e4gemine: 5 meetrit H\u00e4irefunktsioon: JA Video kvaliteet: \u00fclevaade HD 1920*1080 Foto resolutsioon: 1280*720 Vaatamise...<\/p>","protected":false},"featured_media":3572,"template":"","meta":[],"product_brand":[],"product_cat":[330,321,331],"product_tag":[84,325,36,436,328,415,32,437],"class_list":{"0":"post-3571","1":"product","2":"type-product","3":"status-publish","4":"has-post-thumbnail","6":"product_cat-masketas-kameras","7":"product_cat-sleptas-kameras","8":"product_cat-wi-fi-slepenas-kameras","9":"product_tag-ip-kamera","10":"product_tag-izsekosanas-kamera","11":"product_tag-mini-kamera","12":"product_tag-noverosanas-kameras","13":"product_tag-slepena-kamera","14":"product_tag-slepenas-kameras","15":"product_tag-wifi-kamera","16":"product_tag-wifi-noverosanas-kamera","18":"first","19":"instock","20":"sale","21":"taxable","22":"shipping-taxable","23":"purchasable","24":"product-type-simple"},"yoast_head":"<!-- This site is optimized with the Yoast SEO plugin v27.3 - https:\/\/yoast.com\/product\/yoast-seo-wordpress\/ -->\n<title>Galda pulkstenis ar sl\u0113pto kameru + nakts redzam\u012bbu un Wi-Fi.<\/title>\n<meta name=\"robots\" content=\"index, follow, max-snippet:-1, max-image-preview:large, max-video-preview:-1\" \/>\n<link rel=\"canonical\" href=\"https:\/\/izsekosanasierices.lv\/et\/produkts\/lauakell-peidetud-kaamera-oise-nagemise-wi-fi-ga\/\" \/>\n<meta property=\"og:locale\" content=\"et_EE\" \/>\n<meta property=\"og:type\" content=\"article\" \/>\n<meta property=\"og:title\" content=\"Wi-fi pulkstenis ar ieb\u016bv\u0113tu slepenas izseko\u0161anas kameru Full HD kust\u012bbu uztver\u0161ana\" \/>\n<meta property=\"og:description\" content=\"Wi-fi pulkstenis ar ieb\u016bv\u0113tu slepenas izseko\u0161anas kameru Full HD kust\u012bbu sensors. Viena no lab\u0101kaj\u0101m mask\u0113taj\u0101m kamer\u0101m tirg\u016b. Pla\u0161s skata le\u0146\u0137is 160\" \/>\n<meta property=\"og:url\" content=\"https:\/\/izsekosanasierices.lv\/et\/produkts\/lauakell-peidetud-kaamera-oise-nagemise-wi-fi-ga\/\" \/>\n<meta property=\"og:site_name\" content=\"Nr1 Izseko\u0161anas ier\u012bces gps izseko\u0161anas iek\u0101rtas, klaus\u012b\u0161an\u0101s iek\u0101rtas\" \/>\n<meta property=\"article:modified_time\" content=\"2025-11-19T16:00:31+00:00\" \/>\n<meta property=\"og:image\" content=\"https:\/\/rvnski.dev\/sekimoiranga\/wp-content\/uploads\/izsekosanasierices.webp\" \/>\n<meta name=\"twitter:card\" content=\"summary_large_image\" \/>\n<meta name=\"twitter:title\" content=\"Wi-fi pulkstenis ar ieb\u016bv\u0113tu slepenas izseko\u0161anas kameru Full HD kust\u012bbu uztver\u0161ana\" \/>\n<meta name=\"twitter:description\" content=\"Wi-fi pulkstenis ar ieb\u016bv\u0113tu slepenas izseko\u0161anas kameru Full HD kust\u012bbu sensors. Viena no lab\u0101kaj\u0101m mask\u0113taj\u0101m kamer\u0101m tirg\u016b. Pla\u0161s skata le\u0146\u0137is 160\" \/>\n<meta name=\"twitter:label1\" content=\"Est. reading time\" \/>\n\t<meta name=\"twitter:data1\" content=\"2 minutit\" \/>\n<script type=\"application\/ld+json\" class=\"yoast-schema-graph\">{\"@context\":\"https:\\\/\\\/schema.org\",\"@graph\":[{\"@type\":\"WebPage\",\"@id\":\"https:\\\/\\\/izsekosanasierices.lv\\\/produkts\\\/galda-pulkstenis-ar-slepto-kameru-nakts-redzamibu-un-wi-fi\\\/\",\"url\":\"https:\\\/\\\/izsekosanasierices.lv\\\/produkts\\\/galda-pulkstenis-ar-slepto-kameru-nakts-redzamibu-un-wi-fi\\\/\",\"name\":\"Galda pulkstenis ar sl\u0113pto kameru + nakts redzam\u012bbu un Wi-Fi.\",\"isPartOf\":{\"@id\":\"https:\\\/\\\/izsekosanasierices.lv\\\/#website\"},\"primaryImageOfPage\":{\"@id\":\"https:\\\/\\\/izsekosanasierices.lv\\\/produkts\\\/galda-pulkstenis-ar-slepto-kameru-nakts-redzamibu-un-wi-fi\\\/#primaryimage\"},\"image\":{\"@id\":\"https:\\\/\\\/izsekosanasierices.lv\\\/produkts\\\/galda-pulkstenis-ar-slepto-kameru-nakts-redzamibu-un-wi-fi\\\/#primaryimage\"},\"thumbnailUrl\":\"https:\\\/\\\/izsekosanasierices.lv\\\/wp-content\\\/uploads\\\/Sleptas-kameras-pulkstenis-1-500x500-1.jpeg\",\"datePublished\":\"2025-01-20T10:48:38+00:00\",\"dateModified\":\"2025-11-19T16:00:31+00:00\",\"breadcrumb\":{\"@id\":\"https:\\\/\\\/izsekosanasierices.lv\\\/produkts\\\/galda-pulkstenis-ar-slepto-kameru-nakts-redzamibu-un-wi-fi\\\/#breadcrumb\"},\"inLanguage\":\"et\",\"potentialAction\":[{\"@type\":\"ReadAction\",\"target\":[\"https:\\\/\\\/izsekosanasierices.lv\\\/produkts\\\/galda-pulkstenis-ar-slepto-kameru-nakts-redzamibu-un-wi-fi\\\/\"]}]},{\"@type\":\"ImageObject\",\"inLanguage\":\"et\",\"@id\":\"https:\\\/\\\/izsekosanasierices.lv\\\/produkts\\\/galda-pulkstenis-ar-slepto-kameru-nakts-redzamibu-un-wi-fi\\\/#primaryimage\",\"url\":\"https:\\\/\\\/izsekosanasierices.lv\\\/wp-content\\\/uploads\\\/Sleptas-kameras-pulkstenis-1-500x500-1.jpeg\",\"contentUrl\":\"https:\\\/\\\/izsekosanasierices.lv\\\/wp-content\\\/uploads\\\/Sleptas-kameras-pulkstenis-1-500x500-1.jpeg\",\"width\":500,\"height\":500,\"caption\":\"Sl\u0113pt\u0101s kameras pulkstenis-1-500x500\"},{\"@type\":\"BreadcrumbList\",\"@id\":\"https:\\\/\\\/izsekosanasierices.lv\\\/produkts\\\/galda-pulkstenis-ar-slepto-kameru-nakts-redzamibu-un-wi-fi\\\/#breadcrumb\",\"itemListElement\":[{\"@type\":\"ListItem\",\"position\":1,\"name\":\"S\u0101kums\",\"item\":\"https:\\\/\\\/izsekosanasierices.lv\\\/\"},{\"@type\":\"ListItem\",\"position\":2,\"name\":\"Veikals\",\"item\":\"https:\\\/\\\/izsekosanasierices.lv\\\/veikals\\\/\"},{\"@type\":\"ListItem\",\"position\":3,\"name\":\"Galda pulkstenis ar sl\u0113pto kameru + nakts redzam\u012bbu un Wi-Fi.\"}]},{\"@type\":\"WebSite\",\"@id\":\"https:\\\/\\\/izsekosanasierices.lv\\\/#website\",\"url\":\"https:\\\/\\\/izsekosanasierices.lv\\\/\",\"name\":\"Nr1 Izseko\u0161anas ier\u012bces gps izseko\u0161anas iek\u0101rtas, klaus\u012b\u0161an\u0101s iek\u0101rtas\",\"description\":\"\",\"potentialAction\":[{\"@type\":\"SearchAction\",\"target\":{\"@type\":\"EntryPoint\",\"urlTemplate\":\"https:\\\/\\\/izsekosanasierices.lv\\\/?s={search_term_string}\"},\"query-input\":{\"@type\":\"PropertyValueSpecification\",\"valueRequired\":true,\"valueName\":\"search_term_string\"}}],\"inLanguage\":\"et\"}]}<\/script>\n<!-- \/ Yoast SEO plugin. -->","yoast_head_json":{"title":"Galda pulkstenis ar sl\u0113pto kameru + nakts redzam\u012bbu un Wi-Fi.","robots":{"index":"index","follow":"follow","max-snippet":"max-snippet:-1","max-image-preview":"max-image-preview:large","max-video-preview":"max-video-preview:-1"},"canonical":"https:\/\/izsekosanasierices.lv\/et\/produkts\/lauakell-peidetud-kaamera-oise-nagemise-wi-fi-ga\/","og_locale":"et_EE","og_type":"article","og_title":"Wi-fi pulkstenis ar ieb\u016bv\u0113tu slepenas izseko\u0161anas kameru Full HD kust\u012bbu uztver\u0161ana","og_description":"Wi-fi pulkstenis ar ieb\u016bv\u0113tu slepenas izseko\u0161anas kameru Full HD kust\u012bbu sensors. Viena no lab\u0101kaj\u0101m mask\u0113taj\u0101m kamer\u0101m tirg\u016b. Pla\u0161s skata le\u0146\u0137is 160","og_url":"https:\/\/izsekosanasierices.lv\/et\/produkts\/lauakell-peidetud-kaamera-oise-nagemise-wi-fi-ga\/","og_site_name":"Nr1 Izseko\u0161anas ier\u012bces gps izseko\u0161anas iek\u0101rtas, klaus\u012b\u0161an\u0101s iek\u0101rtas","article_modified_time":"2025-11-19T16:00:31+00:00","og_image":[{"url":"https:\/\/rvnski.dev\/sekimoiranga\/wp-content\/uploads\/izsekosanasierices.webp","type":"","width":"","height":""}],"twitter_card":"summary_large_image","twitter_title":"Wi-fi pulkstenis ar ieb\u016bv\u0113tu slepenas izseko\u0161anas kameru Full HD kust\u012bbu uztver\u0161ana","twitter_description":"Wi-fi pulkstenis ar ieb\u016bv\u0113tu slepenas izseko\u0161anas kameru Full HD kust\u012bbu sensors. Viena no lab\u0101kaj\u0101m mask\u0113taj\u0101m kamer\u0101m tirg\u016b. Pla\u0161s skata le\u0146\u0137is 160","twitter_misc":{"Est. reading time":"2 minutit"},"schema":{"@context":"https:\/\/schema.org","@graph":[{"@type":"WebPage","@id":"https:\/\/izsekosanasierices.lv\/produkts\/galda-pulkstenis-ar-slepto-kameru-nakts-redzamibu-un-wi-fi\/","url":"https:\/\/izsekosanasierices.lv\/produkts\/galda-pulkstenis-ar-slepto-kameru-nakts-redzamibu-un-wi-fi\/","name":"Galda pulkstenis ar sl\u0113pto kameru + nakts redzam\u012bbu un Wi-Fi.","isPartOf":{"@id":"https:\/\/izsekosanasierices.lv\/#website"},"primaryImageOfPage":{"@id":"https:\/\/izsekosanasierices.lv\/produkts\/galda-pulkstenis-ar-slepto-kameru-nakts-redzamibu-un-wi-fi\/#primaryimage"},"image":{"@id":"https:\/\/izsekosanasierices.lv\/produkts\/galda-pulkstenis-ar-slepto-kameru-nakts-redzamibu-un-wi-fi\/#primaryimage"},"thumbnailUrl":"https:\/\/izsekosanasierices.lv\/wp-content\/uploads\/Sleptas-kameras-pulkstenis-1-500x500-1.jpeg","datePublished":"2025-01-20T10:48:38+00:00","dateModified":"2025-11-19T16:00:31+00:00","breadcrumb":{"@id":"https:\/\/izsekosanasierices.lv\/produkts\/galda-pulkstenis-ar-slepto-kameru-nakts-redzamibu-un-wi-fi\/#breadcrumb"},"inLanguage":"et","potentialAction":[{"@type":"ReadAction","target":["https:\/\/izsekosanasierices.lv\/produkts\/galda-pulkstenis-ar-slepto-kameru-nakts-redzamibu-un-wi-fi\/"]}]},{"@type":"ImageObject","inLanguage":"et","@id":"https:\/\/izsekosanasierices.lv\/produkts\/galda-pulkstenis-ar-slepto-kameru-nakts-redzamibu-un-wi-fi\/#primaryimage","url":"https:\/\/izsekosanasierices.lv\/wp-content\/uploads\/Sleptas-kameras-pulkstenis-1-500x500-1.jpeg","contentUrl":"https:\/\/izsekosanasierices.lv\/wp-content\/uploads\/Sleptas-kameras-pulkstenis-1-500x500-1.jpeg","width":500,"height":500,"caption":"Sl\u0113pt\u0101s kameras pulkstenis-1-500x500"},{"@type":"BreadcrumbList","@id":"https:\/\/izsekosanasierices.lv\/produkts\/galda-pulkstenis-ar-slepto-kameru-nakts-redzamibu-un-wi-fi\/#breadcrumb","itemListElement":[{"@type":"ListItem","position":1,"name":"S\u0101kums","item":"https:\/\/izsekosanasierices.lv\/"},{"@type":"ListItem","position":2,"name":"Veikals","item":"https:\/\/izsekosanasierices.lv\/veikals\/"},{"@type":"ListItem","position":3,"name":"Galda pulkstenis ar sl\u0113pto kameru + nakts redzam\u012bbu un Wi-Fi."}]},{"@type":"WebSite","@id":"https:\/\/izsekosanasierices.lv\/#website","url":"https:\/\/izsekosanasierices.lv\/","name":"Nr1 Izseko\u0161anas ier\u012bces gps izseko\u0161anas iek\u0101rtas, klaus\u012b\u0161an\u0101s iek\u0101rtas","description":"","potentialAction":[{"@type":"SearchAction","target":{"@type":"EntryPoint","urlTemplate":"https:\/\/izsekosanasierices.lv\/?s={search_term_string}"},"query-input":{"@type":"PropertyValueSpecification","valueRequired":true,"valueName":"search_term_string"}}],"inLanguage":"et"}]}},"_links":{"self":[{"href":"https:\/\/izsekosanasierices.lv\/et\/wp-json\/wp\/v2\/product\/3571","targetHints":{"allow":["GET"]}}],"collection":[{"href":"https:\/\/izsekosanasierices.lv\/et\/wp-json\/wp\/v2\/product"}],"about":[{"href":"https:\/\/izsekosanasierices.lv\/et\/wp-json\/wp\/v2\/types\/product"}],"wp:featuredmedia":[{"embeddable":true,"href":"https:\/\/izsekosanasierices.lv\/et\/wp-json\/wp\/v2\/media\/3572"}],"wp:attachment":[{"href":"https:\/\/izsekosanasierices.lv\/et\/wp-json\/wp\/v2\/media?parent=3571"}],"wp:term":[{"taxonomy":"product_brand","embeddable":true,"href":"https:\/\/izsekosanasierices.lv\/et\/wp-json\/wp\/v2\/product_brand?post=3571"},{"taxonomy":"product_cat","embeddable":true,"href":"https:\/\/izsekosanasierices.lv\/et\/wp-json\/wp\/v2\/product_cat?post=3571"},{"taxonomy":"product_tag","embeddable":true,"href":"https:\/\/izsekosanasierices.lv\/et\/wp-json\/wp\/v2\/product_tag?post=3571"}],"curies":[{"name":"wp","href":"https:\/\/api.w.org\/{rel}","templated":true}]}}