{"id":3591,"date":"2025-01-20T13:32:32","date_gmt":"2025-01-20T11:32:32","guid":{"rendered":"https:\/\/izsekosanasierices.lv\/?post_type=product&#038;p=3591"},"modified":"2026-02-04T09:40:09","modified_gmt":"2026-02-04T07:40:09","slug":"dumu-detektors-ar-slepto-kameru-wifi-24-stundu-video-ierakstisana","status":"publish","type":"product","link":"https:\/\/izsekosanasierices.lv\/et\/produkts\/peidetud-kaameraga-suitsuandur-wifi-24h-videovalve\/","title":{"rendered":"Suitsuandur koos peidetud kaamera WiFi 24-tunnise videosalvestusega"},"content":{"rendered":"<h3><strong>Tehnilised parameetrid:<\/strong><\/h3>\n<div class=\"flex max-w-full flex-col flex-grow\">\n<div class=\"min-h-8 text-message flex w-full flex-col items-end gap-2 whitespace-normal break-words text-start [.text-message+&amp;]:mt-5\" dir=\"auto\" data-message-author-role=\"assistant\" data-message-id=\"fd056309-036b-4214-81c4-e874b19fbcce\" data-message-model-slug=\"gpt-4o-mini\">\n<div class=\"flex w-full flex-col gap-1 empty:hidden first:pt-[3px]\">\n<div class=\"markdown prose w-full break-words dark:prose-invert light\">\n<div class=\"group\/conversation-turn relative flex w-full min-w-0 flex-col agent-turn\">\n<div class=\"flex-col gap-1 md:gap-3\">\n<div class=\"flex max-w-full flex-col flex-grow\">\n<div class=\"min-h-8 text-message flex w-full flex-col items-end gap-2 whitespace-normal break-words text-start [.text-message+&amp;]:mt-5\" dir=\"auto\" data-message-author-role=\"assistant\" data-message-id=\"f5fbf38a-a47c-407e-a8f0-a009fa2ecfb6\" data-message-model-slug=\"gpt-4o-mini\">\n<div class=\"flex w-full flex-col gap-1 empty:hidden first:pt-[3px]\">\n<div class=\"markdown prose w-full break-words dark:prose-invert light\">\n<ul>\n<li>Piltide vaatamine veebis mobiilirakenduse kaudu<\/li>\n<li>Kiire \u00fchendus, QR-koodi skaneerimine kaamerast<\/li>\n<li>Originaalne suitsuandur (sisseehitatud peidetud kaameraga)<\/li>\n<li>Heli v\u00f5i valgus ei levi<\/li>\n<li>Pilt on salvestatud koos heliga<\/li>\n<li>T\u00f6\u00f6aeg ilma laadimiseta 21-24 tundi<\/li>\n<li>Salvestuslahutus: Full HD<\/li>\n<li>Video formaat: avi | max 25fps<\/li>\n<li>Vaatamisnurk: 100\u00b0 v\u00e4ga lai nurk<\/li>\n<li>Heli: m\u00fcrasummutusmikrofon<\/li>\n<li>\u00dchendusstandard: USB<\/li>\n<li>Otseseire interneti kaudu (mobiilirakendus)<\/li>\n<li>Liikumisandur (PIR)<\/li>\n<li>Videokodeerimine: H264<\/li>\n<li>Wifi kaamera (imitatsioon), micro SD kaardilugeja, USB-kaabel<\/li>\n<li>M\u00f5\u00f5tmed: 13,5 cm (l\u00e4bim\u00f5\u00f5t k\u00f5ige laiemas kohas), mis on v\u00e4hendatud 11 cm-ni. Paksus 3,5 cm.<\/li>\n<li>Garantii 12 kuud<\/li>\n<\/ul>\n<\/div>\n<\/div>\n<\/div>\n<\/div>\n<\/div>\n<\/div>\n<p><strong style=\"color: #ff0000;\">Vajad kiiret sama p\u00e4eva (ja n\u00e4dalavahetuse) kohaletoimetamist?  Helistage +37120484176<\/strong><\/p>\n<\/div>\n<\/div>\n<\/div>\n<\/div>\n<p>&nbsp;<\/p>","protected":false},"excerpt":{"rendered":"<p>Tehnilised omadused: Online vaatamine mobiilirakenduse kaudu Kiire \u00fchendus, peate skaneerima kaamera QR-koodi Originaal suitsuandur (sisseehitatud peidetud kaameraga) Heli v\u00f5i valgus ei ole...<\/p>","protected":false},"featured_media":3592,"template":"","meta":[],"product_brand":[],"product_cat":[330,321,331],"product_tag":[417,332,325,23,334,328,29],"class_list":{"0":"post-3591","1":"product","2":"type-product","3":"status-publish","4":"has-post-thumbnail","6":"product_cat-masketas-kameras","7":"product_cat-sleptas-kameras","8":"product_cat-wi-fi-slepenas-kameras","9":"product_tag-dumu-detektors","10":"product_tag-izsekosanas-iekartas","11":"product_tag-izsekosanas-kamera","12":"product_tag-kamera","13":"product_tag-masketa-kamera","14":"product_tag-slepena-kamera","15":"product_tag-wi-fi-kamera","17":"first","18":"instock","19":"sale","20":"taxable","21":"shipping-taxable","22":"purchasable","23":"product-type-simple"},"yoast_head":"<!-- This site is optimized with the Yoast SEO plugin v27.5 - https:\/\/yoast.com\/product\/yoast-seo-wordpress\/ -->\n<title>D\u016bmu detektors ar sl\u0113pto kameru WiFi 24h video ierakst\u012b\u0161ana<\/title>\n<meta name=\"robots\" content=\"index, follow, max-snippet:-1, max-image-preview:large, max-video-preview:-1\" \/>\n<link rel=\"canonical\" href=\"https:\/\/izsekosanasierices.lv\/et\/produkts\/peidetud-kaameraga-suitsuandur-wifi-24h-videovalve\/\" \/>\n<meta property=\"og:locale\" content=\"et_EE\" \/>\n<meta property=\"og:type\" content=\"article\" \/>\n<meta property=\"og:title\" content=\"D\u016bmu detektora uzst\u0101d\u012b\u0161ana ar sl\u0113pto nov\u0113ro\u0161anas kameru|Sekimoiranga.lt\" \/>\n<meta property=\"og:description\" content=\"D\u016bmu detektora imit\u0101cija T\u0101 ir apr\u012bkota ar slepenu nov\u0113ro\u0161anas kameru ar WI FI, kas \u013caus jums nov\u0113rot tie\u0161raidi tie\u0161saist\u0113 27\/7 Augstas kvalit\u0101tes att\u0113ls. Apm\u0101c\u012bba izmantot\" \/>\n<meta property=\"og:url\" content=\"https:\/\/izsekosanasierices.lv\/et\/produkts\/peidetud-kaameraga-suitsuandur-wifi-24h-videovalve\/\" \/>\n<meta property=\"og:site_name\" content=\"Nr1 Izseko\u0161anas ier\u012bces gps izseko\u0161anas iek\u0101rtas, klaus\u012b\u0161an\u0101s iek\u0101rtas\" \/>\n<meta property=\"article:modified_time\" content=\"2026-02-04T07:40:09+00:00\" \/>\n<meta property=\"og:image\" content=\"https:\/\/rvnski.dev\/sekimoiranga\/wp-content\/uploads\/izsekosanasierices.webp\" \/>\n<meta name=\"twitter:card\" content=\"summary_large_image\" \/>\n<meta name=\"twitter:title\" content=\"D\u016bmu detektora uzst\u0101d\u012b\u0161ana ar sl\u0113pto nov\u0113ro\u0161anas kameru|Sekimoiranga.lt\" \/>\n<meta name=\"twitter:description\" content=\"D\u016bmu detektora imit\u0101cija T\u0101 ir apr\u012bkota ar slepenu nov\u0113ro\u0161anas kameru ar WI FI, kas \u013caus jums nov\u0113rot tie\u0161raidi tie\u0161saist\u0113 27\/7 Augstas kvalit\u0101tes att\u0113ls. Apm\u0101c\u012bba izmantot\" \/>\n<meta name=\"twitter:label1\" content=\"Est. reading time\" \/>\n\t<meta name=\"twitter:data1\" content=\"1 minut\" \/>\n<script type=\"application\/ld+json\" class=\"yoast-schema-graph\">{\"@context\":\"https:\\\/\\\/schema.org\",\"@graph\":[{\"@type\":\"WebPage\",\"@id\":\"https:\\\/\\\/izsekosanasierices.lv\\\/produkts\\\/dumu-detektors-ar-slepto-kameru-wifi-24-stundu-video-ierakstisana\\\/\",\"url\":\"https:\\\/\\\/izsekosanasierices.lv\\\/produkts\\\/dumu-detektors-ar-slepto-kameru-wifi-24-stundu-video-ierakstisana\\\/\",\"name\":\"D\u016bmu detektors ar sl\u0113pto kameru WiFi 24h video ierakst\u012b\u0161ana\",\"isPartOf\":{\"@id\":\"https:\\\/\\\/izsekosanasierices.lv\\\/#website\"},\"primaryImageOfPage\":{\"@id\":\"https:\\\/\\\/izsekosanasierices.lv\\\/produkts\\\/dumu-detektors-ar-slepto-kameru-wifi-24-stundu-video-ierakstisana\\\/#primaryimage\"},\"image\":{\"@id\":\"https:\\\/\\\/izsekosanasierices.lv\\\/produkts\\\/dumu-detektors-ar-slepto-kameru-wifi-24-stundu-video-ierakstisana\\\/#primaryimage\"},\"thumbnailUrl\":\"https:\\\/\\\/izsekosanasierices.lv\\\/wp-content\\\/uploads\\\/kameras-dumu-detektors.png\",\"datePublished\":\"2025-01-20T11:32:32+00:00\",\"dateModified\":\"2026-02-04T07:40:09+00:00\",\"breadcrumb\":{\"@id\":\"https:\\\/\\\/izsekosanasierices.lv\\\/produkts\\\/dumu-detektors-ar-slepto-kameru-wifi-24-stundu-video-ierakstisana\\\/#breadcrumb\"},\"inLanguage\":\"et\",\"potentialAction\":[{\"@type\":\"ReadAction\",\"target\":[\"https:\\\/\\\/izsekosanasierices.lv\\\/produkts\\\/dumu-detektors-ar-slepto-kameru-wifi-24-stundu-video-ierakstisana\\\/\"]}]},{\"@type\":\"ImageObject\",\"inLanguage\":\"et\",\"@id\":\"https:\\\/\\\/izsekosanasierices.lv\\\/produkts\\\/dumu-detektors-ar-slepto-kameru-wifi-24-stundu-video-ierakstisana\\\/#primaryimage\",\"url\":\"https:\\\/\\\/izsekosanasierices.lv\\\/wp-content\\\/uploads\\\/kameras-dumu-detektors.png\",\"contentUrl\":\"https:\\\/\\\/izsekosanasierices.lv\\\/wp-content\\\/uploads\\\/kameras-dumu-detektors.png\",\"width\":600,\"height\":600,\"caption\":\"kameras d\u016bmu detektors\"},{\"@type\":\"BreadcrumbList\",\"@id\":\"https:\\\/\\\/izsekosanasierices.lv\\\/produkts\\\/dumu-detektors-ar-slepto-kameru-wifi-24-stundu-video-ierakstisana\\\/#breadcrumb\",\"itemListElement\":[{\"@type\":\"ListItem\",\"position\":1,\"name\":\"S\u0101kums\",\"item\":\"https:\\\/\\\/izsekosanasierices.lv\\\/\"},{\"@type\":\"ListItem\",\"position\":2,\"name\":\"Veikals\",\"item\":\"https:\\\/\\\/izsekosanasierices.lv\\\/veikals\\\/\"},{\"@type\":\"ListItem\",\"position\":3,\"name\":\"D\u016bmu detektors ar sl\u0113pto kameru WiFi 24 stundu video ierakst\u012b\u0161ana\"}]},{\"@type\":\"WebSite\",\"@id\":\"https:\\\/\\\/izsekosanasierices.lv\\\/#website\",\"url\":\"https:\\\/\\\/izsekosanasierices.lv\\\/\",\"name\":\"Nr1 Izseko\u0161anas ier\u012bces gps izseko\u0161anas iek\u0101rtas, klaus\u012b\u0161an\u0101s iek\u0101rtas\",\"description\":\"\",\"potentialAction\":[{\"@type\":\"SearchAction\",\"target\":{\"@type\":\"EntryPoint\",\"urlTemplate\":\"https:\\\/\\\/izsekosanasierices.lv\\\/?s={search_term_string}\"},\"query-input\":{\"@type\":\"PropertyValueSpecification\",\"valueRequired\":true,\"valueName\":\"search_term_string\"}}],\"inLanguage\":\"et\"}]}<\/script>\n<!-- \/ Yoast SEO plugin. -->","yoast_head_json":{"title":"D\u016bmu detektors ar sl\u0113pto kameru WiFi 24h video ierakst\u012b\u0161ana","robots":{"index":"index","follow":"follow","max-snippet":"max-snippet:-1","max-image-preview":"max-image-preview:large","max-video-preview":"max-video-preview:-1"},"canonical":"https:\/\/izsekosanasierices.lv\/et\/produkts\/peidetud-kaameraga-suitsuandur-wifi-24h-videovalve\/","og_locale":"et_EE","og_type":"article","og_title":"D\u016bmu detektora uzst\u0101d\u012b\u0161ana ar sl\u0113pto nov\u0113ro\u0161anas kameru|Sekimoiranga.lt","og_description":"D\u016bmu detektora imit\u0101cija T\u0101 ir apr\u012bkota ar slepenu nov\u0113ro\u0161anas kameru ar WI FI, kas \u013caus jums nov\u0113rot tie\u0161raidi tie\u0161saist\u0113 27\/7 Augstas kvalit\u0101tes att\u0113ls. Apm\u0101c\u012bba izmantot","og_url":"https:\/\/izsekosanasierices.lv\/et\/produkts\/peidetud-kaameraga-suitsuandur-wifi-24h-videovalve\/","og_site_name":"Nr1 Izseko\u0161anas ier\u012bces gps izseko\u0161anas iek\u0101rtas, klaus\u012b\u0161an\u0101s iek\u0101rtas","article_modified_time":"2026-02-04T07:40:09+00:00","og_image":[{"url":"https:\/\/rvnski.dev\/sekimoiranga\/wp-content\/uploads\/izsekosanasierices.webp","type":"","width":"","height":""}],"twitter_card":"summary_large_image","twitter_title":"D\u016bmu detektora uzst\u0101d\u012b\u0161ana ar sl\u0113pto nov\u0113ro\u0161anas kameru|Sekimoiranga.lt","twitter_description":"D\u016bmu detektora imit\u0101cija T\u0101 ir apr\u012bkota ar slepenu nov\u0113ro\u0161anas kameru ar WI FI, kas \u013caus jums nov\u0113rot tie\u0161raidi tie\u0161saist\u0113 27\/7 Augstas kvalit\u0101tes att\u0113ls. Apm\u0101c\u012bba izmantot","twitter_misc":{"Est. reading time":"1 minut"},"schema":{"@context":"https:\/\/schema.org","@graph":[{"@type":"WebPage","@id":"https:\/\/izsekosanasierices.lv\/produkts\/dumu-detektors-ar-slepto-kameru-wifi-24-stundu-video-ierakstisana\/","url":"https:\/\/izsekosanasierices.lv\/produkts\/dumu-detektors-ar-slepto-kameru-wifi-24-stundu-video-ierakstisana\/","name":"D\u016bmu detektors ar sl\u0113pto kameru WiFi 24h video ierakst\u012b\u0161ana","isPartOf":{"@id":"https:\/\/izsekosanasierices.lv\/#website"},"primaryImageOfPage":{"@id":"https:\/\/izsekosanasierices.lv\/produkts\/dumu-detektors-ar-slepto-kameru-wifi-24-stundu-video-ierakstisana\/#primaryimage"},"image":{"@id":"https:\/\/izsekosanasierices.lv\/produkts\/dumu-detektors-ar-slepto-kameru-wifi-24-stundu-video-ierakstisana\/#primaryimage"},"thumbnailUrl":"https:\/\/izsekosanasierices.lv\/wp-content\/uploads\/kameras-dumu-detektors.png","datePublished":"2025-01-20T11:32:32+00:00","dateModified":"2026-02-04T07:40:09+00:00","breadcrumb":{"@id":"https:\/\/izsekosanasierices.lv\/produkts\/dumu-detektors-ar-slepto-kameru-wifi-24-stundu-video-ierakstisana\/#breadcrumb"},"inLanguage":"et","potentialAction":[{"@type":"ReadAction","target":["https:\/\/izsekosanasierices.lv\/produkts\/dumu-detektors-ar-slepto-kameru-wifi-24-stundu-video-ierakstisana\/"]}]},{"@type":"ImageObject","inLanguage":"et","@id":"https:\/\/izsekosanasierices.lv\/produkts\/dumu-detektors-ar-slepto-kameru-wifi-24-stundu-video-ierakstisana\/#primaryimage","url":"https:\/\/izsekosanasierices.lv\/wp-content\/uploads\/kameras-dumu-detektors.png","contentUrl":"https:\/\/izsekosanasierices.lv\/wp-content\/uploads\/kameras-dumu-detektors.png","width":600,"height":600,"caption":"kameras d\u016bmu detektors"},{"@type":"BreadcrumbList","@id":"https:\/\/izsekosanasierices.lv\/produkts\/dumu-detektors-ar-slepto-kameru-wifi-24-stundu-video-ierakstisana\/#breadcrumb","itemListElement":[{"@type":"ListItem","position":1,"name":"S\u0101kums","item":"https:\/\/izsekosanasierices.lv\/"},{"@type":"ListItem","position":2,"name":"Veikals","item":"https:\/\/izsekosanasierices.lv\/veikals\/"},{"@type":"ListItem","position":3,"name":"D\u016bmu detektors ar sl\u0113pto kameru WiFi 24 stundu video ierakst\u012b\u0161ana"}]},{"@type":"WebSite","@id":"https:\/\/izsekosanasierices.lv\/#website","url":"https:\/\/izsekosanasierices.lv\/","name":"Nr1 Izseko\u0161anas ier\u012bces gps izseko\u0161anas iek\u0101rtas, klaus\u012b\u0161an\u0101s iek\u0101rtas","description":"","potentialAction":[{"@type":"SearchAction","target":{"@type":"EntryPoint","urlTemplate":"https:\/\/izsekosanasierices.lv\/?s={search_term_string}"},"query-input":{"@type":"PropertyValueSpecification","valueRequired":true,"valueName":"search_term_string"}}],"inLanguage":"et"}]}},"_links":{"self":[{"href":"https:\/\/izsekosanasierices.lv\/et\/wp-json\/wp\/v2\/product\/3591","targetHints":{"allow":["GET"]}}],"collection":[{"href":"https:\/\/izsekosanasierices.lv\/et\/wp-json\/wp\/v2\/product"}],"about":[{"href":"https:\/\/izsekosanasierices.lv\/et\/wp-json\/wp\/v2\/types\/product"}],"wp:featuredmedia":[{"embeddable":true,"href":"https:\/\/izsekosanasierices.lv\/et\/wp-json\/wp\/v2\/media\/3592"}],"wp:attachment":[{"href":"https:\/\/izsekosanasierices.lv\/et\/wp-json\/wp\/v2\/media?parent=3591"}],"wp:term":[{"taxonomy":"product_brand","embeddable":true,"href":"https:\/\/izsekosanasierices.lv\/et\/wp-json\/wp\/v2\/product_brand?post=3591"},{"taxonomy":"product_cat","embeddable":true,"href":"https:\/\/izsekosanasierices.lv\/et\/wp-json\/wp\/v2\/product_cat?post=3591"},{"taxonomy":"product_tag","embeddable":true,"href":"https:\/\/izsekosanasierices.lv\/et\/wp-json\/wp\/v2\/product_tag?post=3591"}],"curies":[{"name":"wp","href":"https:\/\/api.w.org\/{rel}","templated":true}]}}