{"id":3615,"date":"2025-01-20T14:18:45","date_gmt":"2025-01-20T12:18:45","guid":{"rendered":"https:\/\/izsekosanasierices.lv\/?post_type=product&#038;p=3615"},"modified":"2026-03-24T12:07:58","modified_gmt":"2026-03-24T10:07:58","slug":"dumu-detektors-wifi-slepena-kamera-ar-iespeju-griezt-attelu-330-lenki","status":"publish","type":"product","link":"https:\/\/izsekosanasierices.lv\/et\/produkts\/suitsuandur-wifi-peidetud-kaamera-voimalusega-poorata-pilti-330-nurga-all\/","title":{"rendered":"Suitsuanduri WiFi varjatu kaamera 330\u00b0 p\u00f6\u00f6rlemisega"},"content":{"rendered":"<p><strong>PROMOTION: 32 GB micro SD kingitusena <\/strong><\/p>\n<p><strong>Tehnilised parameetrid:<\/strong><\/p>\n<ul>\n<li>Kaugvaatamine: JAH, saate pilti vaadata mis tahes riigist maailmas.<\/li>\n<li>GIFT 32GB m\u00e4lukaart<\/li>\n<li>Pilt on salvestatud koos heliga<\/li>\n<li>Toitub elektriv\u00f5rgust, 24\/7<\/li>\n<li>Aku 2600mAh<\/li>\n<li>\u00d6\u00f6n\u00e4gemine \u00b1 5 meetrit<\/li>\n<li>Kaamera on p\u00f6\u00f6ratav 330\u00b0 v\u00f5rra<\/li>\n<li>Saate kuulda, mis ruumis toimub, ja r\u00e4\u00e4kida l\u00e4bi kaamera.<\/li>\n<li>Pildi kvaliteet: 2MP Full HD 1920*1080<\/li>\n<li>Piltide vaatamine: mobiiltelefon v\u00f5i tahvelarvuti<\/li>\n<li>Teated telefonile: kaamera v\u00f5ib saata telefonile teate, kui tuvastatakse liikumine.<\/li>\n<li>\u00d6ine salvestusfunktsioon: jah<\/li>\n<li>Liikumisanduri funktsioon: JAH<\/li>\n<li>Vaatamisnurk: 145\u00b0<\/li>\n<li>Toetatav kaart: kuni 128 GB (kaart ei kuulu komplekti)<\/li>\n<li>Pakkimisformaat: AVI H.264<\/li>\n<li>FPS: 25FPS<\/li>\n<li>Toetatud s\u00fcsteemid \"iOS\", \"Android\"<\/li>\n<li>Mobiilirakendus: Jah<\/li>\n<li>Salvestuse juhtimine: mis tahes nutiseadmes (telefon, arvuti v\u00f5i tahvelarvuti)<\/li>\n<li>Garantii: 12 kuud<\/li>\n<li>Varustus:<\/li>\n<li>Kaamera<\/li>\n<li>USB-kaabel<\/li>\n<li>Juhised<\/li>\n<li>Micro SD kaardi lugeja<\/li>\n<li>Adapter<\/li>\n<\/ul>\n<p><span style=\"color: #ff0000;\"><strong>Vajad kiiret sama p\u00e4eva (ja n\u00e4dalavahetuse) kohaletoimetamist?  Helistage +37120484176<\/strong><\/span><\/p>\n<p>Simuleeritud suitsuandur koos salajase sisseehitatud kaameraga. Ideaalne kodukontori v\u00f5i muu ruumi kaitsmiseks. Sellel kaameral on liikumisandur, nii et kui keegi siseneb tuppa, saadetakse teade teie mobiiltelefonile. Sellel kaameral on ka k\u00f5rge kvaliteediga \u00f6\u00f6n\u00e4gemine, suurep\u00e4rased ja selged pildid kuni 5 meetri kaugusel kaamerast. Kaamera paigaldamine mobiiltelefoni v\u00f5tab vaid m\u00f5ned minutid. Peate alla laadima mobiilirakenduse ja \u00fchendama kaamera sellega. Lisatud on juhised, mis aitavad teil kiiresti ja lihtsalt hakkama saada. Kui asjad l\u00e4hevad valesti, v\u00f5ite alati meiega \u00fchendust v\u00f5tta ja me aitame kindlasti.<\/p>\n<p>Suitsuanduri WiFi-kaamera on spetsiaalselt kujundatud nii, et see n\u00e4eb v\u00e4lja nagu traditsiooniline suitsuandur, mis sobib ideaalselt teie kodu interj\u00f6\u00f6ri. Kuid see keerukas seade on palju enamat kui see, mis silmale paistab. See on varustatud tipptasemel tehnoloogiaga ja suudab p\u00f6\u00f6relda 330\u00b0 ulatuses, pakkudes panoraamvaadet teie kodu\u00fcmbrusest.<br \/>\nEsiteks saab seda kasutada otse\u00fclekande vaatamiseks p\u00e4eval v\u00f5i \u00f6\u00f6sel (n\u00e4htamatu \u00f6\u00f6n\u00e4gemine kuni umbes 5 meetri kaugusele) ning kui see on \u00fchendatud Wi-Fi-\u00fchendusega, saate telefoni rakendusega eemalt fotosid ja videoid teha.<br \/>\nTeiseks toetab see liikumistuvastust, otseseid h\u00e4iresignaalide teateid, ts\u00fcklilist salvestamist, kui m\u00e4lu on t\u00e4is, ja salvestamist uutele andmetele.<br \/>\nL\u00f5puks saab seda paigaldada lakke v\u00f5i seinakinnitusele ja objektiivi saab k\u00e4sitsi reguleerida 330 kraadini, et seda saaks paindlikult ja ohutult kasutada, mis sobib ideaalselt siseruumides, laos, kaupluses v\u00f5i kontoris kasutamiseks.<\/p>","protected":false},"excerpt":{"rendered":"<p>PROMOTION: 32 GB micro SD kingitusena Tehnilised parameetrid: Kaugvaatamine: jah, saate vaadata pilti mis tahes riigist maailmas Kinkekaart 32GB m\u00e4lukaart Pilt on salvestatud koos heliga Toitub elektrilisest...<\/p>","protected":false},"featured_media":3616,"template":"","meta":[],"product_brand":[],"product_cat":[330,321,331],"product_tag":[332,325,23,333,334,328,29],"class_list":{"0":"post-3615","1":"product","2":"type-product","3":"status-publish","4":"has-post-thumbnail","6":"product_cat-masketas-kameras","7":"product_cat-sleptas-kameras","8":"product_cat-wi-fi-slepenas-kameras","9":"product_tag-izsekosanas-iekartas","10":"product_tag-izsekosanas-kamera","11":"product_tag-kamera","12":"product_tag-kameras-pulkstenis","13":"product_tag-masketa-kamera","14":"product_tag-slepena-kamera","15":"product_tag-wi-fi-kamera","17":"first","18":"instock","19":"taxable","20":"shipping-taxable","21":"purchasable","22":"product-type-simple"},"yoast_head":"<!-- This site is optimized with the Yoast SEO plugin v27.4 - https:\/\/yoast.com\/product\/yoast-seo-wordpress\/ -->\n<title>D\u016bmu detektors WiFi slepen\u0101 kamera ar iesp\u0113ju griezt att\u0113lu 330\u00b0<\/title>\n<meta name=\"robots\" content=\"index, follow, max-snippet:-1, max-image-preview:large, max-video-preview:-1\" \/>\n<link rel=\"canonical\" href=\"https:\/\/izsekosanasierices.lv\/et\/produkts\/suitsuandur-wifi-peidetud-kaamera-voimalusega-poorata-pilti-330-nurga-all\/\" \/>\n<meta property=\"og:locale\" content=\"et_EE\" \/>\n<meta property=\"og:type\" content=\"article\" \/>\n<meta property=\"og:title\" content=\"Elektrisk\u0101 kontaktligzda ar slepeno kameru WIFI - Sekimoiranga.lt\" \/>\n<meta property=\"og:description\" content=\"Slepen\u0101 kamera ir ieb\u016bv\u0113ta ce\u013cojuma t\u0101lru\u0146a l\u0101d\u0113t\u0101j\u0101. Augstas kvalit\u0101tes att\u0113ls, viegli lietojams. Att\u0101lin\u0101ta skat\u012b\u0161an\u0101s. Bezmaksas pieg\u0101de\" \/>\n<meta property=\"og:url\" content=\"https:\/\/izsekosanasierices.lv\/et\/produkts\/suitsuandur-wifi-peidetud-kaamera-voimalusega-poorata-pilti-330-nurga-all\/\" \/>\n<meta property=\"og:site_name\" content=\"Nr1 Izseko\u0161anas ier\u012bces gps izseko\u0161anas iek\u0101rtas, klaus\u012b\u0161an\u0101s iek\u0101rtas\" \/>\n<meta property=\"article:modified_time\" content=\"2026-03-24T10:07:58+00:00\" \/>\n<meta property=\"og:image\" content=\"https:\/\/rvnski.dev\/sekimoiranga\/wp-content\/uploads\/izsekosanasierices.webp\" \/>\n<meta name=\"twitter:card\" content=\"summary_large_image\" \/>\n<meta name=\"twitter:title\" content=\"Elektrisk\u0101 kontaktligzda ar slepeno kameru WIFI - Sekimoiranga.lt\" \/>\n<meta name=\"twitter:description\" content=\"Slepen\u0101 kamera ir ieb\u016bv\u0113ta ce\u013cojuma t\u0101lru\u0146a l\u0101d\u0113t\u0101j\u0101. Augstas kvalit\u0101tes att\u0113ls, viegli lietojams. Att\u0101lin\u0101ta skat\u012b\u0161an\u0101s. Bezmaksas pieg\u0101de\" \/>\n<meta name=\"twitter:label1\" content=\"Est. reading time\" \/>\n\t<meta name=\"twitter:data1\" content=\"3 minutit\" \/>\n<script type=\"application\/ld+json\" class=\"yoast-schema-graph\">{\"@context\":\"https:\\\/\\\/schema.org\",\"@graph\":[{\"@type\":\"WebPage\",\"@id\":\"https:\\\/\\\/izsekosanasierices.lv\\\/produkts\\\/dumu-detektors-wifi-slepena-kamera-ar-iespeju-griezt-attelu-330-lenki\\\/\",\"url\":\"https:\\\/\\\/izsekosanasierices.lv\\\/produkts\\\/dumu-detektors-wifi-slepena-kamera-ar-iespeju-griezt-attelu-330-lenki\\\/\",\"name\":\"D\u016bmu detektors WiFi slepen\u0101 kamera ar iesp\u0113ju griezt att\u0113lu 330\u00b0\",\"isPartOf\":{\"@id\":\"https:\\\/\\\/izsekosanasierices.lv\\\/#website\"},\"primaryImageOfPage\":{\"@id\":\"https:\\\/\\\/izsekosanasierices.lv\\\/produkts\\\/dumu-detektors-wifi-slepena-kamera-ar-iespeju-griezt-attelu-330-lenki\\\/#primaryimage\"},\"image\":{\"@id\":\"https:\\\/\\\/izsekosanasierices.lv\\\/produkts\\\/dumu-detektors-wifi-slepena-kamera-ar-iespeju-griezt-attelu-330-lenki\\\/#primaryimage\"},\"thumbnailUrl\":\"https:\\\/\\\/izsekosanasierices.lv\\\/wp-content\\\/uploads\\\/dumu-detektors-slepta-kamera-var-pagriezt-attelu-330-lenkis-4-600x600-1.jpg\",\"datePublished\":\"2025-01-20T12:18:45+00:00\",\"dateModified\":\"2026-03-24T10:07:58+00:00\",\"breadcrumb\":{\"@id\":\"https:\\\/\\\/izsekosanasierices.lv\\\/produkts\\\/dumu-detektors-wifi-slepena-kamera-ar-iespeju-griezt-attelu-330-lenki\\\/#breadcrumb\"},\"inLanguage\":\"et\",\"potentialAction\":[{\"@type\":\"ReadAction\",\"target\":[\"https:\\\/\\\/izsekosanasierices.lv\\\/produkts\\\/dumu-detektors-wifi-slepena-kamera-ar-iespeju-griezt-attelu-330-lenki\\\/\"]}]},{\"@type\":\"ImageObject\",\"inLanguage\":\"et\",\"@id\":\"https:\\\/\\\/izsekosanasierices.lv\\\/produkts\\\/dumu-detektors-wifi-slepena-kamera-ar-iespeju-griezt-attelu-330-lenki\\\/#primaryimage\",\"url\":\"https:\\\/\\\/izsekosanasierices.lv\\\/wp-content\\\/uploads\\\/dumu-detektors-slepta-kamera-var-pagriezt-attelu-330-lenkis-4-600x600-1.jpg\",\"contentUrl\":\"https:\\\/\\\/izsekosanasierices.lv\\\/wp-content\\\/uploads\\\/dumu-detektors-slepta-kamera-var-pagriezt-attelu-330-lenkis-4-600x600-1.jpg\",\"width\":600,\"height\":600,\"caption\":\"d\u016bmu detektors-sl\u0113pt\u0101-kamera-var-pagriezt-att\u0113lu-330-le\u0146\u0137is-4-600x600\"},{\"@type\":\"BreadcrumbList\",\"@id\":\"https:\\\/\\\/izsekosanasierices.lv\\\/produkts\\\/dumu-detektors-wifi-slepena-kamera-ar-iespeju-griezt-attelu-330-lenki\\\/#breadcrumb\",\"itemListElement\":[{\"@type\":\"ListItem\",\"position\":1,\"name\":\"S\u0101kums\",\"item\":\"https:\\\/\\\/izsekosanasierices.lv\\\/\"},{\"@type\":\"ListItem\",\"position\":2,\"name\":\"Veikals\",\"item\":\"https:\\\/\\\/izsekosanasierices.lv\\\/veikals\\\/\"},{\"@type\":\"ListItem\",\"position\":3,\"name\":\"D\u016bmu detektors WiFi slepen\u0101 kamera ar iesp\u0113ju griezt att\u0113lu 330\u00b0 le\u0146\u0137\u012b\"}]},{\"@type\":\"WebSite\",\"@id\":\"https:\\\/\\\/izsekosanasierices.lv\\\/#website\",\"url\":\"https:\\\/\\\/izsekosanasierices.lv\\\/\",\"name\":\"Nr1 Izseko\u0161anas ier\u012bces gps izseko\u0161anas iek\u0101rtas, klaus\u012b\u0161an\u0101s iek\u0101rtas\",\"description\":\"\",\"potentialAction\":[{\"@type\":\"SearchAction\",\"target\":{\"@type\":\"EntryPoint\",\"urlTemplate\":\"https:\\\/\\\/izsekosanasierices.lv\\\/?s={search_term_string}\"},\"query-input\":{\"@type\":\"PropertyValueSpecification\",\"valueRequired\":true,\"valueName\":\"search_term_string\"}}],\"inLanguage\":\"et\"}]}<\/script>\n<!-- \/ Yoast SEO plugin. -->","yoast_head_json":{"title":"D\u016bmu detektors WiFi slepen\u0101 kamera ar iesp\u0113ju griezt att\u0113lu 330\u00b0","robots":{"index":"index","follow":"follow","max-snippet":"max-snippet:-1","max-image-preview":"max-image-preview:large","max-video-preview":"max-video-preview:-1"},"canonical":"https:\/\/izsekosanasierices.lv\/et\/produkts\/suitsuandur-wifi-peidetud-kaamera-voimalusega-poorata-pilti-330-nurga-all\/","og_locale":"et_EE","og_type":"article","og_title":"Elektrisk\u0101 kontaktligzda ar slepeno kameru WIFI - Sekimoiranga.lt","og_description":"Slepen\u0101 kamera ir ieb\u016bv\u0113ta ce\u013cojuma t\u0101lru\u0146a l\u0101d\u0113t\u0101j\u0101. Augstas kvalit\u0101tes att\u0113ls, viegli lietojams. Att\u0101lin\u0101ta skat\u012b\u0161an\u0101s. Bezmaksas pieg\u0101de","og_url":"https:\/\/izsekosanasierices.lv\/et\/produkts\/suitsuandur-wifi-peidetud-kaamera-voimalusega-poorata-pilti-330-nurga-all\/","og_site_name":"Nr1 Izseko\u0161anas ier\u012bces gps izseko\u0161anas iek\u0101rtas, klaus\u012b\u0161an\u0101s iek\u0101rtas","article_modified_time":"2026-03-24T10:07:58+00:00","og_image":[{"url":"https:\/\/rvnski.dev\/sekimoiranga\/wp-content\/uploads\/izsekosanasierices.webp","type":"","width":"","height":""}],"twitter_card":"summary_large_image","twitter_title":"Elektrisk\u0101 kontaktligzda ar slepeno kameru WIFI - Sekimoiranga.lt","twitter_description":"Slepen\u0101 kamera ir ieb\u016bv\u0113ta ce\u013cojuma t\u0101lru\u0146a l\u0101d\u0113t\u0101j\u0101. Augstas kvalit\u0101tes att\u0113ls, viegli lietojams. Att\u0101lin\u0101ta skat\u012b\u0161an\u0101s. Bezmaksas pieg\u0101de","twitter_misc":{"Est. reading time":"3 minutit"},"schema":{"@context":"https:\/\/schema.org","@graph":[{"@type":"WebPage","@id":"https:\/\/izsekosanasierices.lv\/produkts\/dumu-detektors-wifi-slepena-kamera-ar-iespeju-griezt-attelu-330-lenki\/","url":"https:\/\/izsekosanasierices.lv\/produkts\/dumu-detektors-wifi-slepena-kamera-ar-iespeju-griezt-attelu-330-lenki\/","name":"D\u016bmu detektors WiFi slepen\u0101 kamera ar iesp\u0113ju griezt att\u0113lu 330\u00b0","isPartOf":{"@id":"https:\/\/izsekosanasierices.lv\/#website"},"primaryImageOfPage":{"@id":"https:\/\/izsekosanasierices.lv\/produkts\/dumu-detektors-wifi-slepena-kamera-ar-iespeju-griezt-attelu-330-lenki\/#primaryimage"},"image":{"@id":"https:\/\/izsekosanasierices.lv\/produkts\/dumu-detektors-wifi-slepena-kamera-ar-iespeju-griezt-attelu-330-lenki\/#primaryimage"},"thumbnailUrl":"https:\/\/izsekosanasierices.lv\/wp-content\/uploads\/dumu-detektors-slepta-kamera-var-pagriezt-attelu-330-lenkis-4-600x600-1.jpg","datePublished":"2025-01-20T12:18:45+00:00","dateModified":"2026-03-24T10:07:58+00:00","breadcrumb":{"@id":"https:\/\/izsekosanasierices.lv\/produkts\/dumu-detektors-wifi-slepena-kamera-ar-iespeju-griezt-attelu-330-lenki\/#breadcrumb"},"inLanguage":"et","potentialAction":[{"@type":"ReadAction","target":["https:\/\/izsekosanasierices.lv\/produkts\/dumu-detektors-wifi-slepena-kamera-ar-iespeju-griezt-attelu-330-lenki\/"]}]},{"@type":"ImageObject","inLanguage":"et","@id":"https:\/\/izsekosanasierices.lv\/produkts\/dumu-detektors-wifi-slepena-kamera-ar-iespeju-griezt-attelu-330-lenki\/#primaryimage","url":"https:\/\/izsekosanasierices.lv\/wp-content\/uploads\/dumu-detektors-slepta-kamera-var-pagriezt-attelu-330-lenkis-4-600x600-1.jpg","contentUrl":"https:\/\/izsekosanasierices.lv\/wp-content\/uploads\/dumu-detektors-slepta-kamera-var-pagriezt-attelu-330-lenkis-4-600x600-1.jpg","width":600,"height":600,"caption":"d\u016bmu detektors-sl\u0113pt\u0101-kamera-var-pagriezt-att\u0113lu-330-le\u0146\u0137is-4-600x600"},{"@type":"BreadcrumbList","@id":"https:\/\/izsekosanasierices.lv\/produkts\/dumu-detektors-wifi-slepena-kamera-ar-iespeju-griezt-attelu-330-lenki\/#breadcrumb","itemListElement":[{"@type":"ListItem","position":1,"name":"S\u0101kums","item":"https:\/\/izsekosanasierices.lv\/"},{"@type":"ListItem","position":2,"name":"Veikals","item":"https:\/\/izsekosanasierices.lv\/veikals\/"},{"@type":"ListItem","position":3,"name":"D\u016bmu detektors WiFi slepen\u0101 kamera ar iesp\u0113ju griezt att\u0113lu 330\u00b0 le\u0146\u0137\u012b"}]},{"@type":"WebSite","@id":"https:\/\/izsekosanasierices.lv\/#website","url":"https:\/\/izsekosanasierices.lv\/","name":"Nr1 Izseko\u0161anas ier\u012bces gps izseko\u0161anas iek\u0101rtas, klaus\u012b\u0161an\u0101s iek\u0101rtas","description":"","potentialAction":[{"@type":"SearchAction","target":{"@type":"EntryPoint","urlTemplate":"https:\/\/izsekosanasierices.lv\/?s={search_term_string}"},"query-input":{"@type":"PropertyValueSpecification","valueRequired":true,"valueName":"search_term_string"}}],"inLanguage":"et"}]}},"_links":{"self":[{"href":"https:\/\/izsekosanasierices.lv\/et\/wp-json\/wp\/v2\/product\/3615","targetHints":{"allow":["GET"]}}],"collection":[{"href":"https:\/\/izsekosanasierices.lv\/et\/wp-json\/wp\/v2\/product"}],"about":[{"href":"https:\/\/izsekosanasierices.lv\/et\/wp-json\/wp\/v2\/types\/product"}],"wp:featuredmedia":[{"embeddable":true,"href":"https:\/\/izsekosanasierices.lv\/et\/wp-json\/wp\/v2\/media\/3616"}],"wp:attachment":[{"href":"https:\/\/izsekosanasierices.lv\/et\/wp-json\/wp\/v2\/media?parent=3615"}],"wp:term":[{"taxonomy":"product_brand","embeddable":true,"href":"https:\/\/izsekosanasierices.lv\/et\/wp-json\/wp\/v2\/product_brand?post=3615"},{"taxonomy":"product_cat","embeddable":true,"href":"https:\/\/izsekosanasierices.lv\/et\/wp-json\/wp\/v2\/product_cat?post=3615"},{"taxonomy":"product_tag","embeddable":true,"href":"https:\/\/izsekosanasierices.lv\/et\/wp-json\/wp\/v2\/product_tag?post=3615"}],"curies":[{"name":"wp","href":"https:\/\/api.w.org\/{rel}","templated":true}]}}