{"id":3621,"date":"2025-01-20T14:25:40","date_gmt":"2025-01-20T12:25:40","guid":{"rendered":"https:\/\/izsekosanasierices.lv\/?post_type=product&#038;p=3621"},"modified":"2026-03-13T19:24:50","modified_gmt":"2026-03-13T17:24:50","slug":"elektribas-sadalitajs-ar-slepenu-kameru-5-kontaktligzdas-4-usb","status":"publish","type":"product","link":"https:\/\/izsekosanasierices.lv\/et\/produkts\/varjatud-kaameraga-toitejuhe-5-pistikupesa-4-usb\/","title":{"rendered":"Salajase kaameraga toiteallikas, 5 pesa + 4 USB."},"content":{"rendered":"<p><strong>PROMOTION: 32 GB micro SD kingitusena <\/strong><\/p>\n<p><strong>Tehnilised parameetrid:<\/strong><\/p>\n<ul>\n<li>Kaugvaatamine: JAH<\/li>\n<li>5 elektrilised \u00fchendused<\/li>\n<li>4 USB-laadimis\u00fchendust<\/li>\n<li>M\u00f5\u00f5tmed: k\u00f5rgus 9,6 cm x laius 9,15 cm x s\u00fcgavus 9,15 cm<\/li>\n<li>Pilt on salvestatud koos heliga<\/li>\n<li>Kiire \u00fchendus, v\u00f5tab aega m\u00f5ne minuti<\/li>\n<li>Kaamerat ei ole v\u00f5imalik tuvastada<\/li>\n<li>Pilt salvestatakse sisem\u00e4llu<\/li>\n<li>Pildi kvaliteet: FULL HD 1080P, 1920*1080<\/li>\n<li>Piltide vaatamine telefonis, tahvelarvutis<\/li>\n<li>Liikumistuvastuse re\u017eiim: JAH (digitaalne)<\/li>\n<li>Vaatamisnurk: 100\u00b0<\/li>\n<li>1 tund videot kulutab vaid 360 MB m\u00e4lu<\/li>\n<li>Pakkimisformaat: AVI H.264<\/li>\n<li>Toetatud s\u00fcsteemid \"iOS\", \"Android\"<\/li>\n<li>Rakendused Androidile \/ iPhone'ile<\/li>\n<li>Wi-Fi: IEEE802.11 b\/g\/n<\/li>\n<li>Salvestuse juhtimine: mis tahes nutiseadmega (telefon, arvuti v\u00f5i tahvelarvuti)<\/li>\n<li>Garantii: 12 kuud<\/li>\n<\/ul>\n<p><span style=\"color: #ff0000;\"><strong>Vajad kiiret sama p\u00e4eva (ja n\u00e4dalavahetuse) kohaletoimetamist?  Helistage +37120484176!<\/strong><\/span><\/p>\n<p>&nbsp;<\/p>","protected":false},"excerpt":{"rendered":"<p>PROMOTION: 32 GB micro SD kingitusena Tehnilised andmed Kaugvaatamine: JAH 5 voolu\u00fchendust 4 USB laadimis\u00fchendust M\u00f5\u00f5tmed: k\u00f5rgus 9,6 cm x laius 9,15 cm x s\u00fcgavus 9,15 cm Pilt...<\/p>","protected":false},"featured_media":3622,"template":"","meta":[],"product_brand":[],"product_cat":[330,321,331],"product_tag":[332,325,23,333,334,328,29],"class_list":{"0":"post-3621","1":"product","2":"type-product","3":"status-publish","4":"has-post-thumbnail","6":"product_cat-masketas-kameras","7":"product_cat-sleptas-kameras","8":"product_cat-wi-fi-slepenas-kameras","9":"product_tag-izsekosanas-iekartas","10":"product_tag-izsekosanas-kamera","11":"product_tag-kamera","12":"product_tag-kameras-pulkstenis","13":"product_tag-masketa-kamera","14":"product_tag-slepena-kamera","15":"product_tag-wi-fi-kamera","17":"first","18":"instock","19":"taxable","20":"shipping-taxable","21":"purchasable","22":"product-type-simple"},"yoast_head":"<!-- This site is optimized with the Yoast SEO plugin v27.4 - https:\/\/yoast.com\/product\/yoast-seo-wordpress\/ -->\n<title>Elektr\u012bbas sadal\u012bt\u0101js ar slepenu kameru, 5 kontaktligzdas + 4 USB.<\/title>\n<meta name=\"robots\" content=\"index, follow, max-snippet:-1, max-image-preview:large, max-video-preview:-1\" \/>\n<link rel=\"canonical\" href=\"https:\/\/izsekosanasierices.lv\/et\/produkts\/varjatud-kaameraga-toitejuhe-5-pistikupesa-4-usb\/\" \/>\n<meta property=\"og:locale\" content=\"et_EE\" \/>\n<meta property=\"og:type\" content=\"article\" \/>\n<meta property=\"og:title\" content=\"Elektrisk\u0101 kontaktligzda ar slepeno kameru WIFI - Sekimoiranga.lt\" \/>\n<meta property=\"og:description\" content=\"Slepen\u0101 kamera ir ieb\u016bv\u0113ta ce\u013cojuma t\u0101lru\u0146a l\u0101d\u0113t\u0101j\u0101. Augstas kvalit\u0101tes att\u0113ls, viegli lietojams. Att\u0101lin\u0101ta skat\u012b\u0161an\u0101s. Bezmaksas pieg\u0101de\" \/>\n<meta property=\"og:url\" content=\"https:\/\/izsekosanasierices.lv\/et\/produkts\/varjatud-kaameraga-toitejuhe-5-pistikupesa-4-usb\/\" \/>\n<meta property=\"og:site_name\" content=\"Nr1 Izseko\u0161anas ier\u012bces gps izseko\u0161anas iek\u0101rtas, klaus\u012b\u0161an\u0101s iek\u0101rtas\" \/>\n<meta property=\"article:modified_time\" content=\"2026-03-13T17:24:50+00:00\" \/>\n<meta property=\"og:image\" content=\"https:\/\/rvnski.dev\/sekimoiranga\/wp-content\/uploads\/izsekosanasierices.webp\" \/>\n<meta name=\"twitter:card\" content=\"summary_large_image\" \/>\n<meta name=\"twitter:title\" content=\"Elektrisk\u0101 kontaktligzda ar slepeno kameru WIFI - Sekimoiranga.lt\" \/>\n<meta name=\"twitter:description\" content=\"Slepen\u0101 kamera ir ieb\u016bv\u0113ta ce\u013cojuma t\u0101lru\u0146a l\u0101d\u0113t\u0101j\u0101. Augstas kvalit\u0101tes att\u0113ls, viegli lietojams. Att\u0101lin\u0101ta skat\u012b\u0161an\u0101s. Bezmaksas pieg\u0101de\" \/>\n<meta name=\"twitter:label1\" content=\"Est. reading time\" \/>\n\t<meta name=\"twitter:data1\" content=\"1 minut\" \/>\n<script type=\"application\/ld+json\" class=\"yoast-schema-graph\">{\"@context\":\"https:\\\/\\\/schema.org\",\"@graph\":[{\"@type\":\"WebPage\",\"@id\":\"https:\\\/\\\/izsekosanasierices.lv\\\/produkts\\\/elektribas-sadalitajs-ar-slepenu-kameru-5-kontaktligzdas-4-usb\\\/\",\"url\":\"https:\\\/\\\/izsekosanasierices.lv\\\/produkts\\\/elektribas-sadalitajs-ar-slepenu-kameru-5-kontaktligzdas-4-usb\\\/\",\"name\":\"Elektr\u012bbas sadal\u012bt\u0101js ar slepenu kameru, 5 kontaktligzdas + 4 USB.\",\"isPartOf\":{\"@id\":\"https:\\\/\\\/izsekosanasierices.lv\\\/#website\"},\"primaryImageOfPage\":{\"@id\":\"https:\\\/\\\/izsekosanasierices.lv\\\/produkts\\\/elektribas-sadalitajs-ar-slepenu-kameru-5-kontaktligzdas-4-usb\\\/#primaryimage\"},\"image\":{\"@id\":\"https:\\\/\\\/izsekosanasierices.lv\\\/produkts\\\/elektribas-sadalitajs-ar-slepenu-kameru-5-kontaktligzdas-4-usb\\\/#primaryimage\"},\"thumbnailUrl\":\"https:\\\/\\\/izsekosanasierices.lv\\\/wp-content\\\/uploads\\\/elektriska-saspiez-600x600-1.jpg\",\"datePublished\":\"2025-01-20T12:25:40+00:00\",\"dateModified\":\"2026-03-13T17:24:50+00:00\",\"breadcrumb\":{\"@id\":\"https:\\\/\\\/izsekosanasierices.lv\\\/produkts\\\/elektribas-sadalitajs-ar-slepenu-kameru-5-kontaktligzdas-4-usb\\\/#breadcrumb\"},\"inLanguage\":\"et\",\"potentialAction\":[{\"@type\":\"ReadAction\",\"target\":[\"https:\\\/\\\/izsekosanasierices.lv\\\/produkts\\\/elektribas-sadalitajs-ar-slepenu-kameru-5-kontaktligzdas-4-usb\\\/\"]}]},{\"@type\":\"ImageObject\",\"inLanguage\":\"et\",\"@id\":\"https:\\\/\\\/izsekosanasierices.lv\\\/produkts\\\/elektribas-sadalitajs-ar-slepenu-kameru-5-kontaktligzdas-4-usb\\\/#primaryimage\",\"url\":\"https:\\\/\\\/izsekosanasierices.lv\\\/wp-content\\\/uploads\\\/elektriska-saspiez-600x600-1.jpg\",\"contentUrl\":\"https:\\\/\\\/izsekosanasierices.lv\\\/wp-content\\\/uploads\\\/elektriska-saspiez-600x600-1.jpg\",\"width\":600,\"height\":600,\"caption\":\"elektrisk\u0101-saspie\u017e-600x600\"},{\"@type\":\"BreadcrumbList\",\"@id\":\"https:\\\/\\\/izsekosanasierices.lv\\\/produkts\\\/elektribas-sadalitajs-ar-slepenu-kameru-5-kontaktligzdas-4-usb\\\/#breadcrumb\",\"itemListElement\":[{\"@type\":\"ListItem\",\"position\":1,\"name\":\"S\u0101kums\",\"item\":\"https:\\\/\\\/izsekosanasierices.lv\\\/\"},{\"@type\":\"ListItem\",\"position\":2,\"name\":\"Veikals\",\"item\":\"https:\\\/\\\/izsekosanasierices.lv\\\/veikals\\\/\"},{\"@type\":\"ListItem\",\"position\":3,\"name\":\"Elektr\u012bbas sadal\u012bt\u0101js ar slepenu kameru, 5 kontaktligzdas + 4 USB.\"}]},{\"@type\":\"WebSite\",\"@id\":\"https:\\\/\\\/izsekosanasierices.lv\\\/#website\",\"url\":\"https:\\\/\\\/izsekosanasierices.lv\\\/\",\"name\":\"Nr1 Izseko\u0161anas ier\u012bces gps izseko\u0161anas iek\u0101rtas, klaus\u012b\u0161an\u0101s iek\u0101rtas\",\"description\":\"\",\"potentialAction\":[{\"@type\":\"SearchAction\",\"target\":{\"@type\":\"EntryPoint\",\"urlTemplate\":\"https:\\\/\\\/izsekosanasierices.lv\\\/?s={search_term_string}\"},\"query-input\":{\"@type\":\"PropertyValueSpecification\",\"valueRequired\":true,\"valueName\":\"search_term_string\"}}],\"inLanguage\":\"et\"}]}<\/script>\n<!-- \/ Yoast SEO plugin. -->","yoast_head_json":{"title":"Elektr\u012bbas sadal\u012bt\u0101js ar slepenu kameru, 5 kontaktligzdas + 4 USB.","robots":{"index":"index","follow":"follow","max-snippet":"max-snippet:-1","max-image-preview":"max-image-preview:large","max-video-preview":"max-video-preview:-1"},"canonical":"https:\/\/izsekosanasierices.lv\/et\/produkts\/varjatud-kaameraga-toitejuhe-5-pistikupesa-4-usb\/","og_locale":"et_EE","og_type":"article","og_title":"Elektrisk\u0101 kontaktligzda ar slepeno kameru WIFI - Sekimoiranga.lt","og_description":"Slepen\u0101 kamera ir ieb\u016bv\u0113ta ce\u013cojuma t\u0101lru\u0146a l\u0101d\u0113t\u0101j\u0101. Augstas kvalit\u0101tes att\u0113ls, viegli lietojams. Att\u0101lin\u0101ta skat\u012b\u0161an\u0101s. Bezmaksas pieg\u0101de","og_url":"https:\/\/izsekosanasierices.lv\/et\/produkts\/varjatud-kaameraga-toitejuhe-5-pistikupesa-4-usb\/","og_site_name":"Nr1 Izseko\u0161anas ier\u012bces gps izseko\u0161anas iek\u0101rtas, klaus\u012b\u0161an\u0101s iek\u0101rtas","article_modified_time":"2026-03-13T17:24:50+00:00","og_image":[{"url":"https:\/\/rvnski.dev\/sekimoiranga\/wp-content\/uploads\/izsekosanasierices.webp","type":"","width":"","height":""}],"twitter_card":"summary_large_image","twitter_title":"Elektrisk\u0101 kontaktligzda ar slepeno kameru WIFI - Sekimoiranga.lt","twitter_description":"Slepen\u0101 kamera ir ieb\u016bv\u0113ta ce\u013cojuma t\u0101lru\u0146a l\u0101d\u0113t\u0101j\u0101. Augstas kvalit\u0101tes att\u0113ls, viegli lietojams. Att\u0101lin\u0101ta skat\u012b\u0161an\u0101s. Bezmaksas pieg\u0101de","twitter_misc":{"Est. reading time":"1 minut"},"schema":{"@context":"https:\/\/schema.org","@graph":[{"@type":"WebPage","@id":"https:\/\/izsekosanasierices.lv\/produkts\/elektribas-sadalitajs-ar-slepenu-kameru-5-kontaktligzdas-4-usb\/","url":"https:\/\/izsekosanasierices.lv\/produkts\/elektribas-sadalitajs-ar-slepenu-kameru-5-kontaktligzdas-4-usb\/","name":"Elektr\u012bbas sadal\u012bt\u0101js ar slepenu kameru, 5 kontaktligzdas + 4 USB.","isPartOf":{"@id":"https:\/\/izsekosanasierices.lv\/#website"},"primaryImageOfPage":{"@id":"https:\/\/izsekosanasierices.lv\/produkts\/elektribas-sadalitajs-ar-slepenu-kameru-5-kontaktligzdas-4-usb\/#primaryimage"},"image":{"@id":"https:\/\/izsekosanasierices.lv\/produkts\/elektribas-sadalitajs-ar-slepenu-kameru-5-kontaktligzdas-4-usb\/#primaryimage"},"thumbnailUrl":"https:\/\/izsekosanasierices.lv\/wp-content\/uploads\/elektriska-saspiez-600x600-1.jpg","datePublished":"2025-01-20T12:25:40+00:00","dateModified":"2026-03-13T17:24:50+00:00","breadcrumb":{"@id":"https:\/\/izsekosanasierices.lv\/produkts\/elektribas-sadalitajs-ar-slepenu-kameru-5-kontaktligzdas-4-usb\/#breadcrumb"},"inLanguage":"et","potentialAction":[{"@type":"ReadAction","target":["https:\/\/izsekosanasierices.lv\/produkts\/elektribas-sadalitajs-ar-slepenu-kameru-5-kontaktligzdas-4-usb\/"]}]},{"@type":"ImageObject","inLanguage":"et","@id":"https:\/\/izsekosanasierices.lv\/produkts\/elektribas-sadalitajs-ar-slepenu-kameru-5-kontaktligzdas-4-usb\/#primaryimage","url":"https:\/\/izsekosanasierices.lv\/wp-content\/uploads\/elektriska-saspiez-600x600-1.jpg","contentUrl":"https:\/\/izsekosanasierices.lv\/wp-content\/uploads\/elektriska-saspiez-600x600-1.jpg","width":600,"height":600,"caption":"elektrisk\u0101-saspie\u017e-600x600"},{"@type":"BreadcrumbList","@id":"https:\/\/izsekosanasierices.lv\/produkts\/elektribas-sadalitajs-ar-slepenu-kameru-5-kontaktligzdas-4-usb\/#breadcrumb","itemListElement":[{"@type":"ListItem","position":1,"name":"S\u0101kums","item":"https:\/\/izsekosanasierices.lv\/"},{"@type":"ListItem","position":2,"name":"Veikals","item":"https:\/\/izsekosanasierices.lv\/veikals\/"},{"@type":"ListItem","position":3,"name":"Elektr\u012bbas sadal\u012bt\u0101js ar slepenu kameru, 5 kontaktligzdas + 4 USB."}]},{"@type":"WebSite","@id":"https:\/\/izsekosanasierices.lv\/#website","url":"https:\/\/izsekosanasierices.lv\/","name":"Nr1 Izseko\u0161anas ier\u012bces gps izseko\u0161anas iek\u0101rtas, klaus\u012b\u0161an\u0101s iek\u0101rtas","description":"","potentialAction":[{"@type":"SearchAction","target":{"@type":"EntryPoint","urlTemplate":"https:\/\/izsekosanasierices.lv\/?s={search_term_string}"},"query-input":{"@type":"PropertyValueSpecification","valueRequired":true,"valueName":"search_term_string"}}],"inLanguage":"et"}]}},"_links":{"self":[{"href":"https:\/\/izsekosanasierices.lv\/et\/wp-json\/wp\/v2\/product\/3621","targetHints":{"allow":["GET"]}}],"collection":[{"href":"https:\/\/izsekosanasierices.lv\/et\/wp-json\/wp\/v2\/product"}],"about":[{"href":"https:\/\/izsekosanasierices.lv\/et\/wp-json\/wp\/v2\/types\/product"}],"wp:featuredmedia":[{"embeddable":true,"href":"https:\/\/izsekosanasierices.lv\/et\/wp-json\/wp\/v2\/media\/3622"}],"wp:attachment":[{"href":"https:\/\/izsekosanasierices.lv\/et\/wp-json\/wp\/v2\/media?parent=3621"}],"wp:term":[{"taxonomy":"product_brand","embeddable":true,"href":"https:\/\/izsekosanasierices.lv\/et\/wp-json\/wp\/v2\/product_brand?post=3621"},{"taxonomy":"product_cat","embeddable":true,"href":"https:\/\/izsekosanasierices.lv\/et\/wp-json\/wp\/v2\/product_cat?post=3621"},{"taxonomy":"product_tag","embeddable":true,"href":"https:\/\/izsekosanasierices.lv\/et\/wp-json\/wp\/v2\/product_tag?post=3621"}],"curies":[{"name":"wp","href":"https:\/\/api.w.org\/{rel}","templated":true}]}}