{"id":3656,"date":"2025-01-27T14:32:09","date_gmt":"2025-01-27T12:32:09","guid":{"rendered":"https:\/\/izsekosanasierices.lv\/?post_type=product&#038;p=3656"},"modified":"2026-03-31T19:42:32","modified_gmt":"2026-03-31T16:42:32","slug":"eterisko-ellu-iztvaicetajs-120ml-ar-iebuvetu-slepeno-kameru","status":"publish","type":"product","link":"https:\/\/izsekosanasierices.lv\/et\/produkts\/eeterlike-olide-difuusor-120ml-sisseehitatud-salakaameraga\/","title":{"rendered":"Eeterlike \u00f5lide aurusti 120ml sisseehitatud salajase kambriga"},"content":{"rendered":"<h3><strong>PROMOTION: Micro SD 32GB kingitusena<\/strong><br \/>\n<strong>Tehnilised parameetrid:<\/strong><\/h3>\n<ul>\n<li>Vaata live-videot mobiilirakenduse kaudu<\/li>\n<li>Eeterlike \u00f5lide aurusti 120 ml veepaagiga<\/li>\n<li>LED-valgustus<\/li>\n<li>100% Funktsionaalne aurusti<\/li>\n<li>Kiire paigaldus - v\u00f5tab vaid 2 minutit<\/li>\n<li>Otsevideo on saadaval teie telefonis<\/li>\n<li>Ei tekita heli ega valgust<\/li>\n<li>Toiteallikas - akut ei ole vaja laadida.<\/li>\n<li>Salvestuslahutus: Full HD<\/li>\n<li>Videoformaat: AVI | max 25 fps<\/li>\n<li>Vaatamisnurk: 100\u00b0 v\u00e4ga lai<\/li>\n<li>Heli: m\u00fcrasummutusmikrofon<\/li>\n<li>USB-kaabel laadimiseks<\/li>\n<li>Videokodeerimine: H264<\/li>\n<li>V\u00e4rv: must puit<\/li>\n<li>Kaasas: Wi-Fi kaamera, eeterlike \u00f5lide aurusti, micro SD-kaardi lugeja, USB-kaabel.<\/li>\n<li>M\u00f5\u00f5tmed: 115 x 115 x 131 mm<\/li>\n<li>Garantii: 12 kuud<\/li>\n<\/ul>","protected":false},"excerpt":{"rendered":"<p>Varjatud WiFi valvekaamera FULL HD resolutsiooniga. Kaameral on v\u00e4line aku, mis kestab salvestusre\u017eiimis kuni 4 tundi. Seda minikaamerat saab h\u00f5lpsasti m\u00f6\u00f6blisse peita.<\/p>","protected":false},"featured_media":3657,"template":"","meta":[],"product_brand":[],"product_cat":[330,321,331],"product_tag":[324,325,326,36,327,328,329,32],"class_list":{"0":"post-3656","1":"product","2":"type-product","3":"status-publish","4":"has-post-thumbnail","6":"product_cat-masketas-kameras","7":"product_cat-sleptas-kameras","8":"product_cat-wi-fi-slepenas-kameras","9":"product_tag-izlukosanas-kamera","10":"product_tag-izsekosanas-kamera","11":"product_tag-maskesanas-kamera","12":"product_tag-mini-kamera","13":"product_tag-noverosanas-kamera","14":"product_tag-slepena-kamera","15":"product_tag-slepta-noverosanas-kamera","16":"product_tag-wifi-kamera","18":"first","19":"instock","20":"taxable","21":"shipping-taxable","22":"purchasable","23":"product-type-simple"},"yoast_head":"<!-- This site is optimized with the Yoast SEO plugin v27.5 - https:\/\/yoast.com\/product\/yoast-seo-wordpress\/ -->\n<title>\u0112terisko e\u013c\u013cu iztvaic\u0113t\u0101js 120ml ar ieb\u016bv\u0113tu slepeno kameru<\/title>\n<meta name=\"robots\" content=\"index, follow, max-snippet:-1, max-image-preview:large, max-video-preview:-1\" \/>\n<link rel=\"canonical\" href=\"https:\/\/izsekosanasierices.lv\/et\/produkts\/eeterlike-olide-difuusor-120ml-sisseehitatud-salakaameraga\/\" \/>\n<meta property=\"og:locale\" content=\"et_EE\" \/>\n<meta property=\"og:type\" content=\"article\" \/>\n<meta property=\"og:title\" content=\"WiFi sl\u0113pta nov\u0113ro\u0161anas kamera FULL HD, viegli sl\u0113pta ar akumulatoru\" \/>\n<meta property=\"og:description\" content=\"WiFi slepena nov\u0113ro\u0161anas kamera FULL HD iz\u0161\u0137irtsp\u0113j\u0101, ko ir viegli nosl\u0113pt. Kamerai ir \u0101r\u0113jais akumulators, kas darbojas l\u012bdz 4 stund\u0101m. ierakstiem. Mini kameru var viegli pasl\u0113pt m\u0113bel\u0113s\" \/>\n<meta property=\"og:url\" content=\"https:\/\/izsekosanasierices.lv\/et\/produkts\/eeterlike-olide-difuusor-120ml-sisseehitatud-salakaameraga\/\" \/>\n<meta property=\"og:site_name\" content=\"Nr1 Izseko\u0161anas ier\u012bces gps izseko\u0161anas iek\u0101rtas, klaus\u012b\u0161an\u0101s iek\u0101rtas\" \/>\n<meta property=\"article:modified_time\" content=\"2026-03-31T16:42:32+00:00\" \/>\n<meta property=\"og:image\" content=\"https:\/\/rvnski.dev\/sekimoiranga\/wp-content\/uploads\/izsekosanasierices.webp\" \/>\n<meta name=\"twitter:card\" content=\"summary_large_image\" \/>\n<meta name=\"twitter:title\" content=\"WiFi sl\u0113pta nov\u0113ro\u0161anas kamera FULL HD, viegli sl\u0113pta ar akumulatoru\" \/>\n<meta name=\"twitter:description\" content=\"WiFi slepena nov\u0113ro\u0161anas kamera FULL HD iz\u0161\u0137irtsp\u0113j\u0101, ko ir viegli nosl\u0113pt. Kamerai ir \u0101r\u0113jais akumulators, kas darbojas l\u012bdz 4 stund\u0101m. ierakstiem. Mini kameru var viegli pasl\u0113pt m\u0113bel\u0113s\" \/>\n<meta name=\"twitter:label1\" content=\"Est. reading time\" \/>\n\t<meta name=\"twitter:data1\" content=\"1 minut\" \/>\n<script type=\"application\/ld+json\" class=\"yoast-schema-graph\">{\"@context\":\"https:\\\/\\\/schema.org\",\"@graph\":[{\"@type\":\"WebPage\",\"@id\":\"https:\\\/\\\/izsekosanasierices.lv\\\/produkts\\\/eterisko-ellu-iztvaicetajs-120ml-ar-iebuvetu-slepeno-kameru\\\/\",\"url\":\"https:\\\/\\\/izsekosanasierices.lv\\\/produkts\\\/eterisko-ellu-iztvaicetajs-120ml-ar-iebuvetu-slepeno-kameru\\\/\",\"name\":\"\u0112terisko e\u013c\u013cu iztvaic\u0113t\u0101js 120ml ar ieb\u016bv\u0113tu slepeno kameru\",\"isPartOf\":{\"@id\":\"https:\\\/\\\/izsekosanasierices.lv\\\/#website\"},\"primaryImageOfPage\":{\"@id\":\"https:\\\/\\\/izsekosanasierices.lv\\\/produkts\\\/eterisko-ellu-iztvaicetajs-120ml-ar-iebuvetu-slepeno-kameru\\\/#primaryimage\"},\"image\":{\"@id\":\"https:\\\/\\\/izsekosanasierices.lv\\\/produkts\\\/eterisko-ellu-iztvaicetajs-120ml-ar-iebuvetu-slepeno-kameru\\\/#primaryimage\"},\"thumbnailUrl\":\"https:\\\/\\\/izsekosanasierices.lv\\\/wp-content\\\/uploads\\\/gaisa-mitrinatajs-ella-iztvaicetajs-ar-slepto-kameru-500x500-1.jpg\",\"datePublished\":\"2025-01-27T12:32:09+00:00\",\"dateModified\":\"2026-03-31T16:42:32+00:00\",\"breadcrumb\":{\"@id\":\"https:\\\/\\\/izsekosanasierices.lv\\\/produkts\\\/eterisko-ellu-iztvaicetajs-120ml-ar-iebuvetu-slepeno-kameru\\\/#breadcrumb\"},\"inLanguage\":\"et\",\"potentialAction\":[{\"@type\":\"ReadAction\",\"target\":[\"https:\\\/\\\/izsekosanasierices.lv\\\/produkts\\\/eterisko-ellu-iztvaicetajs-120ml-ar-iebuvetu-slepeno-kameru\\\/\"]}]},{\"@type\":\"ImageObject\",\"inLanguage\":\"et\",\"@id\":\"https:\\\/\\\/izsekosanasierices.lv\\\/produkts\\\/eterisko-ellu-iztvaicetajs-120ml-ar-iebuvetu-slepeno-kameru\\\/#primaryimage\",\"url\":\"https:\\\/\\\/izsekosanasierices.lv\\\/wp-content\\\/uploads\\\/gaisa-mitrinatajs-ella-iztvaicetajs-ar-slepto-kameru-500x500-1.jpg\",\"contentUrl\":\"https:\\\/\\\/izsekosanasierices.lv\\\/wp-content\\\/uploads\\\/gaisa-mitrinatajs-ella-iztvaicetajs-ar-slepto-kameru-500x500-1.jpg\",\"width\":500,\"height\":500,\"caption\":\"gaisa mitrin\u0101t\u0101js-e\u013c\u013ca-iztvaic\u0113t\u0101js-ar-sl\u0113pto-kameru-500x500\"},{\"@type\":\"BreadcrumbList\",\"@id\":\"https:\\\/\\\/izsekosanasierices.lv\\\/produkts\\\/eterisko-ellu-iztvaicetajs-120ml-ar-iebuvetu-slepeno-kameru\\\/#breadcrumb\",\"itemListElement\":[{\"@type\":\"ListItem\",\"position\":1,\"name\":\"S\u0101kums\",\"item\":\"https:\\\/\\\/izsekosanasierices.lv\\\/\"},{\"@type\":\"ListItem\",\"position\":2,\"name\":\"Veikals\",\"item\":\"https:\\\/\\\/izsekosanasierices.lv\\\/veikals\\\/\"},{\"@type\":\"ListItem\",\"position\":3,\"name\":\"\u0112terisko e\u013c\u013cu iztvaic\u0113t\u0101js 120ml ar ieb\u016bv\u0113tu slepeno kameru\"}]},{\"@type\":\"WebSite\",\"@id\":\"https:\\\/\\\/izsekosanasierices.lv\\\/#website\",\"url\":\"https:\\\/\\\/izsekosanasierices.lv\\\/\",\"name\":\"Nr1 Izseko\u0161anas ier\u012bces gps izseko\u0161anas iek\u0101rtas, klaus\u012b\u0161an\u0101s iek\u0101rtas\",\"description\":\"\",\"potentialAction\":[{\"@type\":\"SearchAction\",\"target\":{\"@type\":\"EntryPoint\",\"urlTemplate\":\"https:\\\/\\\/izsekosanasierices.lv\\\/?s={search_term_string}\"},\"query-input\":{\"@type\":\"PropertyValueSpecification\",\"valueRequired\":true,\"valueName\":\"search_term_string\"}}],\"inLanguage\":\"et\"}]}<\/script>\n<!-- \/ Yoast SEO plugin. -->","yoast_head_json":{"title":"\u0112terisko e\u013c\u013cu iztvaic\u0113t\u0101js 120ml ar ieb\u016bv\u0113tu slepeno kameru","robots":{"index":"index","follow":"follow","max-snippet":"max-snippet:-1","max-image-preview":"max-image-preview:large","max-video-preview":"max-video-preview:-1"},"canonical":"https:\/\/izsekosanasierices.lv\/et\/produkts\/eeterlike-olide-difuusor-120ml-sisseehitatud-salakaameraga\/","og_locale":"et_EE","og_type":"article","og_title":"WiFi sl\u0113pta nov\u0113ro\u0161anas kamera FULL HD, viegli sl\u0113pta ar akumulatoru","og_description":"WiFi slepena nov\u0113ro\u0161anas kamera FULL HD iz\u0161\u0137irtsp\u0113j\u0101, ko ir viegli nosl\u0113pt. Kamerai ir \u0101r\u0113jais akumulators, kas darbojas l\u012bdz 4 stund\u0101m. ierakstiem. Mini kameru var viegli pasl\u0113pt m\u0113bel\u0113s","og_url":"https:\/\/izsekosanasierices.lv\/et\/produkts\/eeterlike-olide-difuusor-120ml-sisseehitatud-salakaameraga\/","og_site_name":"Nr1 Izseko\u0161anas ier\u012bces gps izseko\u0161anas iek\u0101rtas, klaus\u012b\u0161an\u0101s iek\u0101rtas","article_modified_time":"2026-03-31T16:42:32+00:00","og_image":[{"url":"https:\/\/rvnski.dev\/sekimoiranga\/wp-content\/uploads\/izsekosanasierices.webp","type":"","width":"","height":""}],"twitter_card":"summary_large_image","twitter_title":"WiFi sl\u0113pta nov\u0113ro\u0161anas kamera FULL HD, viegli sl\u0113pta ar akumulatoru","twitter_description":"WiFi slepena nov\u0113ro\u0161anas kamera FULL HD iz\u0161\u0137irtsp\u0113j\u0101, ko ir viegli nosl\u0113pt. Kamerai ir \u0101r\u0113jais akumulators, kas darbojas l\u012bdz 4 stund\u0101m. ierakstiem. Mini kameru var viegli pasl\u0113pt m\u0113bel\u0113s","twitter_misc":{"Est. reading time":"1 minut"},"schema":{"@context":"https:\/\/schema.org","@graph":[{"@type":"WebPage","@id":"https:\/\/izsekosanasierices.lv\/produkts\/eterisko-ellu-iztvaicetajs-120ml-ar-iebuvetu-slepeno-kameru\/","url":"https:\/\/izsekosanasierices.lv\/produkts\/eterisko-ellu-iztvaicetajs-120ml-ar-iebuvetu-slepeno-kameru\/","name":"\u0112terisko e\u013c\u013cu iztvaic\u0113t\u0101js 120ml ar ieb\u016bv\u0113tu slepeno kameru","isPartOf":{"@id":"https:\/\/izsekosanasierices.lv\/#website"},"primaryImageOfPage":{"@id":"https:\/\/izsekosanasierices.lv\/produkts\/eterisko-ellu-iztvaicetajs-120ml-ar-iebuvetu-slepeno-kameru\/#primaryimage"},"image":{"@id":"https:\/\/izsekosanasierices.lv\/produkts\/eterisko-ellu-iztvaicetajs-120ml-ar-iebuvetu-slepeno-kameru\/#primaryimage"},"thumbnailUrl":"https:\/\/izsekosanasierices.lv\/wp-content\/uploads\/gaisa-mitrinatajs-ella-iztvaicetajs-ar-slepto-kameru-500x500-1.jpg","datePublished":"2025-01-27T12:32:09+00:00","dateModified":"2026-03-31T16:42:32+00:00","breadcrumb":{"@id":"https:\/\/izsekosanasierices.lv\/produkts\/eterisko-ellu-iztvaicetajs-120ml-ar-iebuvetu-slepeno-kameru\/#breadcrumb"},"inLanguage":"et","potentialAction":[{"@type":"ReadAction","target":["https:\/\/izsekosanasierices.lv\/produkts\/eterisko-ellu-iztvaicetajs-120ml-ar-iebuvetu-slepeno-kameru\/"]}]},{"@type":"ImageObject","inLanguage":"et","@id":"https:\/\/izsekosanasierices.lv\/produkts\/eterisko-ellu-iztvaicetajs-120ml-ar-iebuvetu-slepeno-kameru\/#primaryimage","url":"https:\/\/izsekosanasierices.lv\/wp-content\/uploads\/gaisa-mitrinatajs-ella-iztvaicetajs-ar-slepto-kameru-500x500-1.jpg","contentUrl":"https:\/\/izsekosanasierices.lv\/wp-content\/uploads\/gaisa-mitrinatajs-ella-iztvaicetajs-ar-slepto-kameru-500x500-1.jpg","width":500,"height":500,"caption":"gaisa mitrin\u0101t\u0101js-e\u013c\u013ca-iztvaic\u0113t\u0101js-ar-sl\u0113pto-kameru-500x500"},{"@type":"BreadcrumbList","@id":"https:\/\/izsekosanasierices.lv\/produkts\/eterisko-ellu-iztvaicetajs-120ml-ar-iebuvetu-slepeno-kameru\/#breadcrumb","itemListElement":[{"@type":"ListItem","position":1,"name":"S\u0101kums","item":"https:\/\/izsekosanasierices.lv\/"},{"@type":"ListItem","position":2,"name":"Veikals","item":"https:\/\/izsekosanasierices.lv\/veikals\/"},{"@type":"ListItem","position":3,"name":"\u0112terisko e\u013c\u013cu iztvaic\u0113t\u0101js 120ml ar ieb\u016bv\u0113tu slepeno kameru"}]},{"@type":"WebSite","@id":"https:\/\/izsekosanasierices.lv\/#website","url":"https:\/\/izsekosanasierices.lv\/","name":"Nr1 Izseko\u0161anas ier\u012bces gps izseko\u0161anas iek\u0101rtas, klaus\u012b\u0161an\u0101s iek\u0101rtas","description":"","potentialAction":[{"@type":"SearchAction","target":{"@type":"EntryPoint","urlTemplate":"https:\/\/izsekosanasierices.lv\/?s={search_term_string}"},"query-input":{"@type":"PropertyValueSpecification","valueRequired":true,"valueName":"search_term_string"}}],"inLanguage":"et"}]}},"_links":{"self":[{"href":"https:\/\/izsekosanasierices.lv\/et\/wp-json\/wp\/v2\/product\/3656","targetHints":{"allow":["GET"]}}],"collection":[{"href":"https:\/\/izsekosanasierices.lv\/et\/wp-json\/wp\/v2\/product"}],"about":[{"href":"https:\/\/izsekosanasierices.lv\/et\/wp-json\/wp\/v2\/types\/product"}],"wp:featuredmedia":[{"embeddable":true,"href":"https:\/\/izsekosanasierices.lv\/et\/wp-json\/wp\/v2\/media\/3657"}],"wp:attachment":[{"href":"https:\/\/izsekosanasierices.lv\/et\/wp-json\/wp\/v2\/media?parent=3656"}],"wp:term":[{"taxonomy":"product_brand","embeddable":true,"href":"https:\/\/izsekosanasierices.lv\/et\/wp-json\/wp\/v2\/product_brand?post=3656"},{"taxonomy":"product_cat","embeddable":true,"href":"https:\/\/izsekosanasierices.lv\/et\/wp-json\/wp\/v2\/product_cat?post=3656"},{"taxonomy":"product_tag","embeddable":true,"href":"https:\/\/izsekosanasierices.lv\/et\/wp-json\/wp\/v2\/product_tag?post=3656"}],"curies":[{"name":"wp","href":"https:\/\/api.w.org\/{rel}","templated":true}]}}