{"id":3660,"date":"2025-01-27T14:36:35","date_gmt":"2025-01-27T12:36:35","guid":{"rendered":"https:\/\/izsekosanasierices.lv\/?post_type=product&#038;p=3660"},"modified":"2026-01-20T12:52:11","modified_gmt":"2026-01-20T10:52:11","slug":"kalkulators-ar-wifi-slepeno-videokameru","status":"publish","type":"product","link":"https:\/\/izsekosanasierices.lv\/et\/produkts\/varjatud-kaameraga-kalkulaator-2\/","title":{"rendered":"WiFi salajase videokaameraga kalkulaator"},"content":{"rendered":"<div class=\"flex-shrink-0 flex flex-col relative items-end\">\n<div>\n<div class=\"pt-0\">\n<div class=\"gizmo-bot-avatar flex h-8 w-8 items-center justify-center overflow-hidden rounded-full\">\n<div class=\"relative p-1 rounded-sm flex items-center justify-center bg-token-main-surface-primary text-token-text-primary h-8 w-8\"><\/div>\n<\/div>\n<\/div>\n<\/div>\n<\/div>\n<div class=\"group\/conversation-turn relative flex w-full min-w-0 flex-col agent-turn\">\n<div class=\"flex-col gap-1 md:gap-3\">\n<div class=\"flex max-w-full flex-col flex-grow\">\n<div class=\"min-h-8 text-message flex w-full flex-col items-end gap-2 whitespace-normal break-words text-start [.text-message+&amp;]:mt-5\" dir=\"auto\" data-message-author-role=\"assistant\" data-message-id=\"5c63a749-2ce0-47f1-8603-92f08efbd1f9\" data-message-model-slug=\"gpt-4o\">\n<div class=\"flex w-full flex-col gap-1 empty:hidden first:pt-[3px]\">\n<div class=\"markdown prose w-full break-words dark:prose-invert light\">\n<h3><strong>Tehnilised parameetrid:<\/strong><\/h3>\n<ul>\n<li>T\u00f5eline kalkulaator<\/li>\n<li>Video salvestamine koos heliga<\/li>\n<li>T\u00f6\u00f6aeg ilma laadimiseta: 2-3 tundi<\/li>\n<li>Videokvaliteet: FULL HD 1080P, 1920*1080<\/li>\n<li>Vaadake videoid oma telefonis, arvutis ja tahvelarvutis<\/li>\n<li>Salvestusaeg akut kasutades: umbes 3-4 tundi (v\u00f5ib kasutada suurema v\u00f5imsusega akut, n\u00e4iteks akupanka).<\/li>\n<li>\u00d6ine salvestusfunktsioon: EI OLE<\/li>\n<li>Liikumistuvastuse re\u017eiim: JAH (digitaalne)<\/li>\n<li>Vaatlusnurk: 90\u00b0<\/li>\n<li>M\u00e4lukaart: toetab 16-128 GB<\/li>\n<li>1 tund videosalvestust: 320 MB<\/li>\n<li>Pakkimisformaat: AVI H.264<\/li>\n<li>Toetatud s\u00fcsteemid iOS, Android, Windows<\/li>\n<li>Rakendused Androidile \/ iPhone'ile<\/li>\n<li>Toiteallikas: aku v\u00f5i v\u00f5rgu\u00fchendus (nt mobiiltelefoni laadija)<\/li>\n<li>Wi-Fi: IEEE802.11 b\/g\/n<\/li>\n<li>Salvestuse juhtimine: mis tahes nutiseadmega (telefon, arvuti v\u00f5i tahvelarvuti)<\/li>\n<li>Garantii: 24 kuud<\/li>\n<\/ul>\n<\/div>\n<\/div>\n<\/div>\n<\/div>\n<\/div>\n<\/div>","protected":false},"excerpt":{"rendered":"<p>Varjatud WiFi valvekaamera FULL HD resolutsiooniga. Kaameral on v\u00e4line aku, mis kestab salvestusre\u017eiimis kuni 4 tundi. Seda minikaamerat saab h\u00f5lpsasti m\u00f6\u00f6blisse peita.<\/p>","protected":false},"featured_media":3661,"template":"","meta":[],"product_brand":[],"product_cat":[330,321,331],"product_tag":[324,325,326,36,327,328,329,32],"class_list":{"0":"post-3660","1":"product","2":"type-product","3":"status-publish","4":"has-post-thumbnail","6":"product_cat-masketas-kameras","7":"product_cat-sleptas-kameras","8":"product_cat-wi-fi-slepenas-kameras","9":"product_tag-izlukosanas-kamera","10":"product_tag-izsekosanas-kamera","11":"product_tag-maskesanas-kamera","12":"product_tag-mini-kamera","13":"product_tag-noverosanas-kamera","14":"product_tag-slepena-kamera","15":"product_tag-slepta-noverosanas-kamera","16":"product_tag-wifi-kamera","18":"first","19":"instock","20":"taxable","21":"shipping-taxable","22":"purchasable","23":"product-type-simple"},"yoast_head":"<!-- This site is optimized with the Yoast SEO plugin v27.5 - https:\/\/yoast.com\/product\/yoast-seo-wordpress\/ -->\n<title>Kalkulators ar WiFi slepeno videokameru<\/title>\n<meta name=\"description\" content=\"Slepena wifi nov\u0113ro\u0161anas kamera ar full hd iz\u0161\u0137irtsp\u0113ju Kamerai ir \u0101r\u0113jais akumulators kas ieraksta re\u017e\u012bm\u0101 darbojas l\u012bdz 4 stund\u0101m \u0160o mini kameru var viegli\" \/>\n<meta name=\"robots\" content=\"index, follow, max-snippet:-1, max-image-preview:large, max-video-preview:-1\" \/>\n<link rel=\"canonical\" href=\"https:\/\/izsekosanasierices.lv\/et\/produkts\/varjatud-kaameraga-kalkulaator-2\/\" \/>\n<meta property=\"og:locale\" content=\"et_EE\" \/>\n<meta property=\"og:type\" content=\"article\" \/>\n<meta property=\"og:title\" content=\"WiFi sl\u0113pta nov\u0113ro\u0161anas kamera FULL HD, viegli sl\u0113pta ar akumulatoru\" \/>\n<meta property=\"og:description\" content=\"WiFi slepena nov\u0113ro\u0161anas kamera FULL HD iz\u0161\u0137irtsp\u0113j\u0101, ko ir viegli nosl\u0113pt. Kamerai ir \u0101r\u0113jais akumulators, kas darbojas l\u012bdz 4 stund\u0101m. ierakstiem. Mini kameru var viegli pasl\u0113pt m\u0113bel\u0113s\" \/>\n<meta property=\"og:url\" content=\"https:\/\/izsekosanasierices.lv\/et\/produkts\/varjatud-kaameraga-kalkulaator-2\/\" \/>\n<meta property=\"og:site_name\" content=\"Nr1 Izseko\u0161anas ier\u012bces gps izseko\u0161anas iek\u0101rtas, klaus\u012b\u0161an\u0101s iek\u0101rtas\" \/>\n<meta property=\"article:modified_time\" content=\"2026-01-20T10:52:11+00:00\" \/>\n<meta property=\"og:image\" content=\"https:\/\/rvnski.dev\/sekimoiranga\/wp-content\/uploads\/izsekosanasierices.webp\" \/>\n<meta name=\"twitter:card\" content=\"summary_large_image\" \/>\n<meta name=\"twitter:title\" content=\"WiFi sl\u0113pta nov\u0113ro\u0161anas kamera FULL HD, viegli sl\u0113pta ar akumulatoru\" \/>\n<meta name=\"twitter:description\" content=\"WiFi slepena nov\u0113ro\u0161anas kamera FULL HD iz\u0161\u0137irtsp\u0113j\u0101, ko ir viegli nosl\u0113pt. Kamerai ir \u0101r\u0113jais akumulators, kas darbojas l\u012bdz 4 stund\u0101m. ierakstiem. Mini kameru var viegli pasl\u0113pt m\u0113bel\u0113s\" \/>\n<meta name=\"twitter:label1\" content=\"Est. reading time\" \/>\n\t<meta name=\"twitter:data1\" content=\"1 minut\" \/>\n<script type=\"application\/ld+json\" class=\"yoast-schema-graph\">{\"@context\":\"https:\\\/\\\/schema.org\",\"@graph\":[{\"@type\":\"WebPage\",\"@id\":\"https:\\\/\\\/izsekosanasierices.lv\\\/produkts\\\/kalkulators-ar-wifi-slepeno-videokameru\\\/\",\"url\":\"https:\\\/\\\/izsekosanasierices.lv\\\/produkts\\\/kalkulators-ar-wifi-slepeno-videokameru\\\/\",\"name\":\"Kalkulators ar WiFi slepeno videokameru\",\"isPartOf\":{\"@id\":\"https:\\\/\\\/izsekosanasierices.lv\\\/#website\"},\"primaryImageOfPage\":{\"@id\":\"https:\\\/\\\/izsekosanasierices.lv\\\/produkts\\\/kalkulators-ar-wifi-slepeno-videokameru\\\/#primaryimage\"},\"image\":{\"@id\":\"https:\\\/\\\/izsekosanasierices.lv\\\/produkts\\\/kalkulators-ar-wifi-slepeno-videokameru\\\/#primaryimage\"},\"thumbnailUrl\":\"https:\\\/\\\/izsekosanasierices.lv\\\/wp-content\\\/uploads\\\/kalkulators-slepta-kamera-600x600-1.jpg\",\"datePublished\":\"2025-01-27T12:36:35+00:00\",\"dateModified\":\"2026-01-20T10:52:11+00:00\",\"description\":\"Slepena wifi nov\u0113ro\u0161anas kamera ar full hd iz\u0161\u0137irtsp\u0113ju Kamerai ir \u0101r\u0113jais akumulators kas ieraksta re\u017e\u012bm\u0101 darbojas l\u012bdz 4 stund\u0101m \u0160o mini kameru var viegli\",\"breadcrumb\":{\"@id\":\"https:\\\/\\\/izsekosanasierices.lv\\\/produkts\\\/kalkulators-ar-wifi-slepeno-videokameru\\\/#breadcrumb\"},\"inLanguage\":\"et\",\"potentialAction\":[{\"@type\":\"ReadAction\",\"target\":[\"https:\\\/\\\/izsekosanasierices.lv\\\/produkts\\\/kalkulators-ar-wifi-slepeno-videokameru\\\/\"]}]},{\"@type\":\"ImageObject\",\"inLanguage\":\"et\",\"@id\":\"https:\\\/\\\/izsekosanasierices.lv\\\/produkts\\\/kalkulators-ar-wifi-slepeno-videokameru\\\/#primaryimage\",\"url\":\"https:\\\/\\\/izsekosanasierices.lv\\\/wp-content\\\/uploads\\\/kalkulators-slepta-kamera-600x600-1.jpg\",\"contentUrl\":\"https:\\\/\\\/izsekosanasierices.lv\\\/wp-content\\\/uploads\\\/kalkulators-slepta-kamera-600x600-1.jpg\",\"width\":600,\"height\":600,\"caption\":\"kalkulators-sl\u0113pt\u0101-kamera-600x600\"},{\"@type\":\"BreadcrumbList\",\"@id\":\"https:\\\/\\\/izsekosanasierices.lv\\\/produkts\\\/kalkulators-ar-wifi-slepeno-videokameru\\\/#breadcrumb\",\"itemListElement\":[{\"@type\":\"ListItem\",\"position\":1,\"name\":\"S\u0101kums\",\"item\":\"https:\\\/\\\/izsekosanasierices.lv\\\/\"},{\"@type\":\"ListItem\",\"position\":2,\"name\":\"Veikals\",\"item\":\"https:\\\/\\\/izsekosanasierices.lv\\\/veikals\\\/\"},{\"@type\":\"ListItem\",\"position\":3,\"name\":\"Kalkulators ar WiFi slepeno videokameru\"}]},{\"@type\":\"WebSite\",\"@id\":\"https:\\\/\\\/izsekosanasierices.lv\\\/#website\",\"url\":\"https:\\\/\\\/izsekosanasierices.lv\\\/\",\"name\":\"Nr1 Izseko\u0161anas ier\u012bces gps izseko\u0161anas iek\u0101rtas, klaus\u012b\u0161an\u0101s iek\u0101rtas\",\"description\":\"\",\"potentialAction\":[{\"@type\":\"SearchAction\",\"target\":{\"@type\":\"EntryPoint\",\"urlTemplate\":\"https:\\\/\\\/izsekosanasierices.lv\\\/?s={search_term_string}\"},\"query-input\":{\"@type\":\"PropertyValueSpecification\",\"valueRequired\":true,\"valueName\":\"search_term_string\"}}],\"inLanguage\":\"et\"}]}<\/script>\n<!-- \/ Yoast SEO plugin. -->","yoast_head_json":{"title":"Kalkulators ar WiFi slepeno videokameru","description":"Slepena wifi nov\u0113ro\u0161anas kamera ar full hd iz\u0161\u0137irtsp\u0113ju Kamerai ir \u0101r\u0113jais akumulators kas ieraksta re\u017e\u012bm\u0101 darbojas l\u012bdz 4 stund\u0101m \u0160o mini kameru var viegli","robots":{"index":"index","follow":"follow","max-snippet":"max-snippet:-1","max-image-preview":"max-image-preview:large","max-video-preview":"max-video-preview:-1"},"canonical":"https:\/\/izsekosanasierices.lv\/et\/produkts\/varjatud-kaameraga-kalkulaator-2\/","og_locale":"et_EE","og_type":"article","og_title":"WiFi sl\u0113pta nov\u0113ro\u0161anas kamera FULL HD, viegli sl\u0113pta ar akumulatoru","og_description":"WiFi slepena nov\u0113ro\u0161anas kamera FULL HD iz\u0161\u0137irtsp\u0113j\u0101, ko ir viegli nosl\u0113pt. Kamerai ir \u0101r\u0113jais akumulators, kas darbojas l\u012bdz 4 stund\u0101m. ierakstiem. Mini kameru var viegli pasl\u0113pt m\u0113bel\u0113s","og_url":"https:\/\/izsekosanasierices.lv\/et\/produkts\/varjatud-kaameraga-kalkulaator-2\/","og_site_name":"Nr1 Izseko\u0161anas ier\u012bces gps izseko\u0161anas iek\u0101rtas, klaus\u012b\u0161an\u0101s iek\u0101rtas","article_modified_time":"2026-01-20T10:52:11+00:00","og_image":[{"url":"https:\/\/rvnski.dev\/sekimoiranga\/wp-content\/uploads\/izsekosanasierices.webp","type":"","width":"","height":""}],"twitter_card":"summary_large_image","twitter_title":"WiFi sl\u0113pta nov\u0113ro\u0161anas kamera FULL HD, viegli sl\u0113pta ar akumulatoru","twitter_description":"WiFi slepena nov\u0113ro\u0161anas kamera FULL HD iz\u0161\u0137irtsp\u0113j\u0101, ko ir viegli nosl\u0113pt. Kamerai ir \u0101r\u0113jais akumulators, kas darbojas l\u012bdz 4 stund\u0101m. ierakstiem. Mini kameru var viegli pasl\u0113pt m\u0113bel\u0113s","twitter_misc":{"Est. reading time":"1 minut"},"schema":{"@context":"https:\/\/schema.org","@graph":[{"@type":"WebPage","@id":"https:\/\/izsekosanasierices.lv\/produkts\/kalkulators-ar-wifi-slepeno-videokameru\/","url":"https:\/\/izsekosanasierices.lv\/produkts\/kalkulators-ar-wifi-slepeno-videokameru\/","name":"Kalkulators ar WiFi slepeno videokameru","isPartOf":{"@id":"https:\/\/izsekosanasierices.lv\/#website"},"primaryImageOfPage":{"@id":"https:\/\/izsekosanasierices.lv\/produkts\/kalkulators-ar-wifi-slepeno-videokameru\/#primaryimage"},"image":{"@id":"https:\/\/izsekosanasierices.lv\/produkts\/kalkulators-ar-wifi-slepeno-videokameru\/#primaryimage"},"thumbnailUrl":"https:\/\/izsekosanasierices.lv\/wp-content\/uploads\/kalkulators-slepta-kamera-600x600-1.jpg","datePublished":"2025-01-27T12:36:35+00:00","dateModified":"2026-01-20T10:52:11+00:00","description":"Slepena wifi nov\u0113ro\u0161anas kamera ar full hd iz\u0161\u0137irtsp\u0113ju Kamerai ir \u0101r\u0113jais akumulators kas ieraksta re\u017e\u012bm\u0101 darbojas l\u012bdz 4 stund\u0101m \u0160o mini kameru var viegli","breadcrumb":{"@id":"https:\/\/izsekosanasierices.lv\/produkts\/kalkulators-ar-wifi-slepeno-videokameru\/#breadcrumb"},"inLanguage":"et","potentialAction":[{"@type":"ReadAction","target":["https:\/\/izsekosanasierices.lv\/produkts\/kalkulators-ar-wifi-slepeno-videokameru\/"]}]},{"@type":"ImageObject","inLanguage":"et","@id":"https:\/\/izsekosanasierices.lv\/produkts\/kalkulators-ar-wifi-slepeno-videokameru\/#primaryimage","url":"https:\/\/izsekosanasierices.lv\/wp-content\/uploads\/kalkulators-slepta-kamera-600x600-1.jpg","contentUrl":"https:\/\/izsekosanasierices.lv\/wp-content\/uploads\/kalkulators-slepta-kamera-600x600-1.jpg","width":600,"height":600,"caption":"kalkulators-sl\u0113pt\u0101-kamera-600x600"},{"@type":"BreadcrumbList","@id":"https:\/\/izsekosanasierices.lv\/produkts\/kalkulators-ar-wifi-slepeno-videokameru\/#breadcrumb","itemListElement":[{"@type":"ListItem","position":1,"name":"S\u0101kums","item":"https:\/\/izsekosanasierices.lv\/"},{"@type":"ListItem","position":2,"name":"Veikals","item":"https:\/\/izsekosanasierices.lv\/veikals\/"},{"@type":"ListItem","position":3,"name":"Kalkulators ar WiFi slepeno videokameru"}]},{"@type":"WebSite","@id":"https:\/\/izsekosanasierices.lv\/#website","url":"https:\/\/izsekosanasierices.lv\/","name":"Nr1 Izseko\u0161anas ier\u012bces gps izseko\u0161anas iek\u0101rtas, klaus\u012b\u0161an\u0101s iek\u0101rtas","description":"","potentialAction":[{"@type":"SearchAction","target":{"@type":"EntryPoint","urlTemplate":"https:\/\/izsekosanasierices.lv\/?s={search_term_string}"},"query-input":{"@type":"PropertyValueSpecification","valueRequired":true,"valueName":"search_term_string"}}],"inLanguage":"et"}]}},"_links":{"self":[{"href":"https:\/\/izsekosanasierices.lv\/et\/wp-json\/wp\/v2\/product\/3660","targetHints":{"allow":["GET"]}}],"collection":[{"href":"https:\/\/izsekosanasierices.lv\/et\/wp-json\/wp\/v2\/product"}],"about":[{"href":"https:\/\/izsekosanasierices.lv\/et\/wp-json\/wp\/v2\/types\/product"}],"wp:featuredmedia":[{"embeddable":true,"href":"https:\/\/izsekosanasierices.lv\/et\/wp-json\/wp\/v2\/media\/3661"}],"wp:attachment":[{"href":"https:\/\/izsekosanasierices.lv\/et\/wp-json\/wp\/v2\/media?parent=3660"}],"wp:term":[{"taxonomy":"product_brand","embeddable":true,"href":"https:\/\/izsekosanasierices.lv\/et\/wp-json\/wp\/v2\/product_brand?post=3660"},{"taxonomy":"product_cat","embeddable":true,"href":"https:\/\/izsekosanasierices.lv\/et\/wp-json\/wp\/v2\/product_cat?post=3660"},{"taxonomy":"product_tag","embeddable":true,"href":"https:\/\/izsekosanasierices.lv\/et\/wp-json\/wp\/v2\/product_tag?post=3660"}],"curies":[{"name":"wp","href":"https:\/\/api.w.org\/{rel}","templated":true}]}}