{"id":3664,"date":"2025-01-27T15:00:08","date_gmt":"2025-01-27T13:00:08","guid":{"rendered":"https:\/\/izsekosanasierices.lv\/?post_type=product&#038;p=3664"},"modified":"2025-11-19T17:23:46","modified_gmt":"2025-11-19T15:23:46","slug":"salvesu-kastite-ar-iebuvetu-wifi-slepeno-kameru","status":"publish","type":"product","link":"https:\/\/izsekosanasierices.lv\/et\/produkts\/sisseehitatud-wifi-salakaameraga-koekarp\/","title":{"rendered":"Sisseehitatud WiFi salajase kaameraga paberkandikarp"},"content":{"rendered":"<div class=\"flex-shrink-0 flex flex-col relative items-end\">\n<div>\n<div class=\"pt-0\">\n<div class=\"gizmo-bot-avatar flex h-8 w-8 items-center justify-center overflow-hidden rounded-full\">\n<div class=\"relative p-1 rounded-sm flex items-center justify-center bg-token-main-surface-primary text-token-text-primary h-8 w-8\"><\/div>\n<\/div>\n<\/div>\n<\/div>\n<\/div>\n<div class=\"group\/conversation-turn relative flex w-full min-w-0 flex-col agent-turn\">\n<div class=\"flex-col gap-1 md:gap-3\">\n<div class=\"flex max-w-full flex-col flex-grow\">\n<div class=\"min-h-8 text-message flex w-full flex-col items-end gap-2 whitespace-normal break-words text-start [.text-message+&amp;]:mt-5\" dir=\"auto\" data-message-author-role=\"assistant\" data-message-id=\"75cf1c4a-ea7d-4a1d-a582-e346b461020a\" data-message-model-slug=\"gpt-4o\">\n<div class=\"flex w-full flex-col gap-1 empty:hidden first:pt-[3px]\">\n<div class=\"markdown prose w-full break-words dark:prose-invert light\">\n<h3><strong>Tehnilised parameetrid:<\/strong><\/h3>\n<ul>\n<li>Kaugvaatamine: JAH<\/li>\n<li>Paberikarp<\/li>\n<li>M\u00f5\u00f5tmed: 25 cm x 13,5 cm x 9 cm<\/li>\n<li>Video salvestamine koos heliga<\/li>\n<li>T\u00f6\u00f6aeg ilma laadimiseta: 3-4 tundi<\/li>\n<li>Powerbank v\u00f5imalus - kaamera kestab kuni 5 p\u00e4eva<\/li>\n<li>Videokvaliteet: FULL HD1080P, 1920*1080<\/li>\n<li>Vaadake videoid oma telefonis, arvutis ja tahvelarvutis<\/li>\n<li>Liikumistuvastuse re\u017eiim: JAH (digitaalne)<\/li>\n<li>Vaatlusnurk: 100\u00b0<\/li>\n<li>M\u00e4lukaart: toetab 16-128 GB<\/li>\n<li>1 tund videosalvestust: 360 MB<\/li>\n<li>Pakkimisformaat: AVI H.264<\/li>\n<li>Toetatud s\u00fcsteemid \"iOS\", \"Android\"<\/li>\n<li>Rakendused Androidile \/ iPhone'ile<\/li>\n<li>Wi-Fi: IEEE802.11 b\/g\/n<\/li>\n<li>Salvestuse juhtimine: mis tahes nutiseadmega (telefon, arvuti v\u00f5i tahvelarvuti)<\/li>\n<li>Garantii: 24 kuud<\/li>\n<li>Kasutamine: enda v\u00f5i laste ohutuse tagamiseks<\/li>\n<\/ul>\n<\/div>\n<\/div>\n<\/div>\n<\/div>\n<\/div>\n<\/div>","protected":false},"excerpt":{"rendered":"<p>Varjatud WiFi valvekaamera FULL HD resolutsiooniga. Kaameral on v\u00e4line aku, mis kestab salvestusre\u017eiimis kuni 4 tundi. Seda minikaamerat saab h\u00f5lpsasti m\u00f6\u00f6blisse peita.<\/p>","protected":false},"featured_media":3665,"template":"","meta":[],"product_brand":[],"product_cat":[330,321,331],"product_tag":[324,325,326,36,327,328,329,32],"class_list":{"0":"post-3664","1":"product","2":"type-product","3":"status-publish","4":"has-post-thumbnail","6":"product_cat-masketas-kameras","7":"product_cat-sleptas-kameras","8":"product_cat-wi-fi-slepenas-kameras","9":"product_tag-izlukosanas-kamera","10":"product_tag-izsekosanas-kamera","11":"product_tag-maskesanas-kamera","12":"product_tag-mini-kamera","13":"product_tag-noverosanas-kamera","14":"product_tag-slepena-kamera","15":"product_tag-slepta-noverosanas-kamera","16":"product_tag-wifi-kamera","18":"first","19":"instock","20":"taxable","21":"shipping-taxable","22":"purchasable","23":"product-type-simple"},"yoast_head":"<!-- This site is optimized with the Yoast SEO plugin v27.5 - https:\/\/yoast.com\/product\/yoast-seo-wordpress\/ -->\n<title>Salve\u0161u kast\u012bte ar ieb\u016bv\u0113tu WiFi slepeno kameru<\/title>\n<meta name=\"robots\" content=\"index, follow, max-snippet:-1, max-image-preview:large, max-video-preview:-1\" \/>\n<link rel=\"canonical\" href=\"https:\/\/izsekosanasierices.lv\/et\/produkts\/sisseehitatud-wifi-salakaameraga-koekarp\/\" \/>\n<meta property=\"og:locale\" content=\"et_EE\" \/>\n<meta property=\"og:type\" content=\"article\" \/>\n<meta property=\"og:title\" content=\"WiFi sl\u0113pta nov\u0113ro\u0161anas kamera FULL HD, viegli sl\u0113pta ar akumulatoru\" \/>\n<meta property=\"og:description\" content=\"WiFi slepena nov\u0113ro\u0161anas kamera FULL HD iz\u0161\u0137irtsp\u0113j\u0101, ko ir viegli nosl\u0113pt. Kamerai ir \u0101r\u0113jais akumulators, kas darbojas l\u012bdz 4 stund\u0101m. ierakstiem. Mini kameru var viegli pasl\u0113pt m\u0113bel\u0113s\" \/>\n<meta property=\"og:url\" content=\"https:\/\/izsekosanasierices.lv\/et\/produkts\/sisseehitatud-wifi-salakaameraga-koekarp\/\" \/>\n<meta property=\"og:site_name\" content=\"Nr1 Izseko\u0161anas ier\u012bces gps izseko\u0161anas iek\u0101rtas, klaus\u012b\u0161an\u0101s iek\u0101rtas\" \/>\n<meta property=\"article:modified_time\" content=\"2025-11-19T15:23:46+00:00\" \/>\n<meta property=\"og:image\" content=\"https:\/\/rvnski.dev\/sekimoiranga\/wp-content\/uploads\/izsekosanasierices.webp\" \/>\n<meta name=\"twitter:card\" content=\"summary_large_image\" \/>\n<meta name=\"twitter:title\" content=\"WiFi sl\u0113pta nov\u0113ro\u0161anas kamera FULL HD, viegli sl\u0113pta ar akumulatoru\" \/>\n<meta name=\"twitter:description\" content=\"WiFi slepena nov\u0113ro\u0161anas kamera FULL HD iz\u0161\u0137irtsp\u0113j\u0101, ko ir viegli nosl\u0113pt. Kamerai ir \u0101r\u0113jais akumulators, kas darbojas l\u012bdz 4 stund\u0101m. ierakstiem. Mini kameru var viegli pasl\u0113pt m\u0113bel\u0113s\" \/>\n<meta name=\"twitter:label1\" content=\"Est. reading time\" \/>\n\t<meta name=\"twitter:data1\" content=\"1 minut\" \/>\n<script type=\"application\/ld+json\" class=\"yoast-schema-graph\">{\"@context\":\"https:\\\/\\\/schema.org\",\"@graph\":[{\"@type\":\"WebPage\",\"@id\":\"https:\\\/\\\/izsekosanasierices.lv\\\/produkts\\\/salvesu-kastite-ar-iebuvetu-wifi-slepeno-kameru\\\/\",\"url\":\"https:\\\/\\\/izsekosanasierices.lv\\\/produkts\\\/salvesu-kastite-ar-iebuvetu-wifi-slepeno-kameru\\\/\",\"name\":\"Salve\u0161u kast\u012bte ar ieb\u016bv\u0113tu WiFi slepeno kameru\",\"isPartOf\":{\"@id\":\"https:\\\/\\\/izsekosanasierices.lv\\\/#website\"},\"primaryImageOfPage\":{\"@id\":\"https:\\\/\\\/izsekosanasierices.lv\\\/produkts\\\/salvesu-kastite-ar-iebuvetu-wifi-slepeno-kameru\\\/#primaryimage\"},\"image\":{\"@id\":\"https:\\\/\\\/izsekosanasierices.lv\\\/produkts\\\/salvesu-kastite-ar-iebuvetu-wifi-slepeno-kameru\\\/#primaryimage\"},\"thumbnailUrl\":\"https:\\\/\\\/izsekosanasierices.lv\\\/wp-content\\\/uploads\\\/salvete-kaste-ar-slepto-kameru-1000x1000-1.jpg\",\"datePublished\":\"2025-01-27T13:00:08+00:00\",\"dateModified\":\"2025-11-19T15:23:46+00:00\",\"breadcrumb\":{\"@id\":\"https:\\\/\\\/izsekosanasierices.lv\\\/produkts\\\/salvesu-kastite-ar-iebuvetu-wifi-slepeno-kameru\\\/#breadcrumb\"},\"inLanguage\":\"et\",\"potentialAction\":[{\"@type\":\"ReadAction\",\"target\":[\"https:\\\/\\\/izsekosanasierices.lv\\\/produkts\\\/salvesu-kastite-ar-iebuvetu-wifi-slepeno-kameru\\\/\"]}]},{\"@type\":\"ImageObject\",\"inLanguage\":\"et\",\"@id\":\"https:\\\/\\\/izsekosanasierices.lv\\\/produkts\\\/salvesu-kastite-ar-iebuvetu-wifi-slepeno-kameru\\\/#primaryimage\",\"url\":\"https:\\\/\\\/izsekosanasierices.lv\\\/wp-content\\\/uploads\\\/salvete-kaste-ar-slepto-kameru-1000x1000-1.jpg\",\"contentUrl\":\"https:\\\/\\\/izsekosanasierices.lv\\\/wp-content\\\/uploads\\\/salvete-kaste-ar-slepto-kameru-1000x1000-1.jpg\",\"width\":1000,\"height\":1000,\"caption\":\"salvete-kaste-ar-sl\u0113pto-kameru-1000x1000\"},{\"@type\":\"BreadcrumbList\",\"@id\":\"https:\\\/\\\/izsekosanasierices.lv\\\/produkts\\\/salvesu-kastite-ar-iebuvetu-wifi-slepeno-kameru\\\/#breadcrumb\",\"itemListElement\":[{\"@type\":\"ListItem\",\"position\":1,\"name\":\"S\u0101kums\",\"item\":\"https:\\\/\\\/izsekosanasierices.lv\\\/\"},{\"@type\":\"ListItem\",\"position\":2,\"name\":\"Veikals\",\"item\":\"https:\\\/\\\/izsekosanasierices.lv\\\/veikals\\\/\"},{\"@type\":\"ListItem\",\"position\":3,\"name\":\"Salve\u0161u kast\u012bte ar ieb\u016bv\u0113tu WiFi slepeno kameru\"}]},{\"@type\":\"WebSite\",\"@id\":\"https:\\\/\\\/izsekosanasierices.lv\\\/#website\",\"url\":\"https:\\\/\\\/izsekosanasierices.lv\\\/\",\"name\":\"Nr1 Izseko\u0161anas ier\u012bces gps izseko\u0161anas iek\u0101rtas, klaus\u012b\u0161an\u0101s iek\u0101rtas\",\"description\":\"\",\"potentialAction\":[{\"@type\":\"SearchAction\",\"target\":{\"@type\":\"EntryPoint\",\"urlTemplate\":\"https:\\\/\\\/izsekosanasierices.lv\\\/?s={search_term_string}\"},\"query-input\":{\"@type\":\"PropertyValueSpecification\",\"valueRequired\":true,\"valueName\":\"search_term_string\"}}],\"inLanguage\":\"et\"}]}<\/script>\n<!-- \/ Yoast SEO plugin. -->","yoast_head_json":{"title":"Salve\u0161u kast\u012bte ar ieb\u016bv\u0113tu WiFi slepeno kameru","robots":{"index":"index","follow":"follow","max-snippet":"max-snippet:-1","max-image-preview":"max-image-preview:large","max-video-preview":"max-video-preview:-1"},"canonical":"https:\/\/izsekosanasierices.lv\/et\/produkts\/sisseehitatud-wifi-salakaameraga-koekarp\/","og_locale":"et_EE","og_type":"article","og_title":"WiFi sl\u0113pta nov\u0113ro\u0161anas kamera FULL HD, viegli sl\u0113pta ar akumulatoru","og_description":"WiFi slepena nov\u0113ro\u0161anas kamera FULL HD iz\u0161\u0137irtsp\u0113j\u0101, ko ir viegli nosl\u0113pt. Kamerai ir \u0101r\u0113jais akumulators, kas darbojas l\u012bdz 4 stund\u0101m. ierakstiem. Mini kameru var viegli pasl\u0113pt m\u0113bel\u0113s","og_url":"https:\/\/izsekosanasierices.lv\/et\/produkts\/sisseehitatud-wifi-salakaameraga-koekarp\/","og_site_name":"Nr1 Izseko\u0161anas ier\u012bces gps izseko\u0161anas iek\u0101rtas, klaus\u012b\u0161an\u0101s iek\u0101rtas","article_modified_time":"2025-11-19T15:23:46+00:00","og_image":[{"url":"https:\/\/rvnski.dev\/sekimoiranga\/wp-content\/uploads\/izsekosanasierices.webp","type":"","width":"","height":""}],"twitter_card":"summary_large_image","twitter_title":"WiFi sl\u0113pta nov\u0113ro\u0161anas kamera FULL HD, viegli sl\u0113pta ar akumulatoru","twitter_description":"WiFi slepena nov\u0113ro\u0161anas kamera FULL HD iz\u0161\u0137irtsp\u0113j\u0101, ko ir viegli nosl\u0113pt. Kamerai ir \u0101r\u0113jais akumulators, kas darbojas l\u012bdz 4 stund\u0101m. ierakstiem. Mini kameru var viegli pasl\u0113pt m\u0113bel\u0113s","twitter_misc":{"Est. reading time":"1 minut"},"schema":{"@context":"https:\/\/schema.org","@graph":[{"@type":"WebPage","@id":"https:\/\/izsekosanasierices.lv\/produkts\/salvesu-kastite-ar-iebuvetu-wifi-slepeno-kameru\/","url":"https:\/\/izsekosanasierices.lv\/produkts\/salvesu-kastite-ar-iebuvetu-wifi-slepeno-kameru\/","name":"Salve\u0161u kast\u012bte ar ieb\u016bv\u0113tu WiFi slepeno kameru","isPartOf":{"@id":"https:\/\/izsekosanasierices.lv\/#website"},"primaryImageOfPage":{"@id":"https:\/\/izsekosanasierices.lv\/produkts\/salvesu-kastite-ar-iebuvetu-wifi-slepeno-kameru\/#primaryimage"},"image":{"@id":"https:\/\/izsekosanasierices.lv\/produkts\/salvesu-kastite-ar-iebuvetu-wifi-slepeno-kameru\/#primaryimage"},"thumbnailUrl":"https:\/\/izsekosanasierices.lv\/wp-content\/uploads\/salvete-kaste-ar-slepto-kameru-1000x1000-1.jpg","datePublished":"2025-01-27T13:00:08+00:00","dateModified":"2025-11-19T15:23:46+00:00","breadcrumb":{"@id":"https:\/\/izsekosanasierices.lv\/produkts\/salvesu-kastite-ar-iebuvetu-wifi-slepeno-kameru\/#breadcrumb"},"inLanguage":"et","potentialAction":[{"@type":"ReadAction","target":["https:\/\/izsekosanasierices.lv\/produkts\/salvesu-kastite-ar-iebuvetu-wifi-slepeno-kameru\/"]}]},{"@type":"ImageObject","inLanguage":"et","@id":"https:\/\/izsekosanasierices.lv\/produkts\/salvesu-kastite-ar-iebuvetu-wifi-slepeno-kameru\/#primaryimage","url":"https:\/\/izsekosanasierices.lv\/wp-content\/uploads\/salvete-kaste-ar-slepto-kameru-1000x1000-1.jpg","contentUrl":"https:\/\/izsekosanasierices.lv\/wp-content\/uploads\/salvete-kaste-ar-slepto-kameru-1000x1000-1.jpg","width":1000,"height":1000,"caption":"salvete-kaste-ar-sl\u0113pto-kameru-1000x1000"},{"@type":"BreadcrumbList","@id":"https:\/\/izsekosanasierices.lv\/produkts\/salvesu-kastite-ar-iebuvetu-wifi-slepeno-kameru\/#breadcrumb","itemListElement":[{"@type":"ListItem","position":1,"name":"S\u0101kums","item":"https:\/\/izsekosanasierices.lv\/"},{"@type":"ListItem","position":2,"name":"Veikals","item":"https:\/\/izsekosanasierices.lv\/veikals\/"},{"@type":"ListItem","position":3,"name":"Salve\u0161u kast\u012bte ar ieb\u016bv\u0113tu WiFi slepeno kameru"}]},{"@type":"WebSite","@id":"https:\/\/izsekosanasierices.lv\/#website","url":"https:\/\/izsekosanasierices.lv\/","name":"Nr1 Izseko\u0161anas ier\u012bces gps izseko\u0161anas iek\u0101rtas, klaus\u012b\u0161an\u0101s iek\u0101rtas","description":"","potentialAction":[{"@type":"SearchAction","target":{"@type":"EntryPoint","urlTemplate":"https:\/\/izsekosanasierices.lv\/?s={search_term_string}"},"query-input":{"@type":"PropertyValueSpecification","valueRequired":true,"valueName":"search_term_string"}}],"inLanguage":"et"}]}},"_links":{"self":[{"href":"https:\/\/izsekosanasierices.lv\/et\/wp-json\/wp\/v2\/product\/3664","targetHints":{"allow":["GET"]}}],"collection":[{"href":"https:\/\/izsekosanasierices.lv\/et\/wp-json\/wp\/v2\/product"}],"about":[{"href":"https:\/\/izsekosanasierices.lv\/et\/wp-json\/wp\/v2\/types\/product"}],"wp:featuredmedia":[{"embeddable":true,"href":"https:\/\/izsekosanasierices.lv\/et\/wp-json\/wp\/v2\/media\/3665"}],"wp:attachment":[{"href":"https:\/\/izsekosanasierices.lv\/et\/wp-json\/wp\/v2\/media?parent=3664"}],"wp:term":[{"taxonomy":"product_brand","embeddable":true,"href":"https:\/\/izsekosanasierices.lv\/et\/wp-json\/wp\/v2\/product_brand?post=3664"},{"taxonomy":"product_cat","embeddable":true,"href":"https:\/\/izsekosanasierices.lv\/et\/wp-json\/wp\/v2\/product_cat?post=3664"},{"taxonomy":"product_tag","embeddable":true,"href":"https:\/\/izsekosanasierices.lv\/et\/wp-json\/wp\/v2\/product_tag?post=3664"}],"curies":[{"name":"wp","href":"https:\/\/api.w.org\/{rel}","templated":true}]}}