{"id":3676,"date":"2025-01-27T15:18:09","date_gmt":"2025-01-27T13:18:09","guid":{"rendered":"https:\/\/izsekosanasierices.lv\/?post_type=product&#038;p=3676"},"modified":"2025-11-19T17:56:38","modified_gmt":"2025-11-19T15:56:38","slug":"gramata-ar-mini-slepeno-kameru-wifi","status":"publish","type":"product","link":"https:\/\/izsekosanasierices.lv\/et\/produkts\/raamat-varjatud-kaameraga\/","title":{"rendered":"Broneeri koos mini salakaameraga WiFi"},"content":{"rendered":"<p><strong>Tehnilised parameetrid:<\/strong><\/p>\n<ul>\n<li>Kaugvaatamine: JAH<\/li>\n<li>Video salvestamine koos heliga<\/li>\n<li>Videokvaliteet: FULL HD 1080P, 1920*1080<\/li>\n<li>Vaadake videoid oma telefonis, arvutis ja tahvelarvutis<\/li>\n<li>Salvestusaeg akut kasutades: umbes 3-4 tundi (v\u00f5ib kasutada suuremat akut, n\u00e4iteks akupanka).<\/li>\n<li>\u00d6ine salvestusfunktsioon: EI OLE<\/li>\n<li>Liikumistuvastuse re\u017eiim: JAH (digitaalne)<\/li>\n<li>Vaatlusnurk: 90\u00b0<\/li>\n<li>Toetatav m\u00e4lukaart: 8-128 GB (kaart ei kuulu komplekti)<\/li>\n<li>1 tund videosalvestust 310 MB<\/li>\n<li>Pakkimisformaat: AVI H.264<\/li>\n<li>Toetatud s\u00fcsteemid iOS, Android, Windows<\/li>\n<li>Rakendused Androidile \/ iPhone'ile<\/li>\n<li>Toiteallikad: aku v\u00f5i v\u00f5rgu\u00fchendus (nt mobiiltelefoni laadija)<\/li>\n<li>Wi-Fi: IEEE802.11 b\/g\/n<\/li>\n<li>Aku mahutavus: 4000 mAh<\/li>\n<li>Raamatu suurus: 50 mm x 32 mm x 12 mm<\/li>\n<li>Salvestuse juhtimine: mis tahes nutiseadmes (telefon, arvuti v\u00f5i tahvelarvuti)<\/li>\n<li>Garantii: 24 kuud<\/li>\n<\/ul>\n<p><strong>Kui vajate kiiret tarnet samal p\u00e4eval (ka n\u00e4dalavahetustel), helistage palun +37068411114.<\/strong><\/p>\n<p><strong>Salajane kaamera raamatus: ideaalne lahendus kontori ja kodu j\u00e4lgimiseks<\/strong><\/p>\n<p>Videosid saab vaadata k\u00f5ikjal maailmas, kasutades oma mobiiltelefoni rakendust. Raamatusse integreeritud salakaamera on v\u00e4ga nutikas ja t\u00f5hus seade nii kontori kui ka kodu turvamiseks. See seadmelahendus ei n\u00e4e mitte ainult v\u00e4lja nagu tavaline raamat, vaid pakub ka kvaliteetset videovalvet, mis v\u00f5imaldab olulisi s\u00fcndmusi diskreetselt j\u00e4\u00e4dvustada. Siin on m\u00f5ned p\u00f5hjused, miks tasub valida raamatusse integreeritud salakaamera.<\/p>\n<p><strong>N\u00e4htamatus<\/strong><\/p>\n<p>Raamatusse peidetud salakambrit on peaaegu v\u00f5imatu avastada. See sobib ideaalselt erinevatesse keskkondadesse, alates raamaturiiulist kuni kirjutuslauani. T\u00e4nu sellele varjatusele on see ideaalne valik, et keegi ei m\u00e4rkaks, et j\u00e4lgimine on sisse seatud.<\/p>\n<p><strong>Kvaliteetne pilt<\/strong><\/p>\n<p>Vaatamata oma v\u00e4iksusele pakub raamatus olev salajane kaamera kvaliteetset videomaterjali. Enamik selliseid kaameraid filmib k\u00f5rglahutusega (HD), nii et k\u00f5ik olulised detailid on selgelt n\u00e4ha. See on eriti oluline isikute v\u00f5i s\u00fcndmuste tuvastamiseks.<\/p>\n<p><strong>Lihtne paigaldamine ja kasutamine<\/strong><\/p>\n<p>Raamatus olev salajane kaamera ei n\u00f5ua keerulist paigaldamist. Enamik neist kaameratest on kohe kasutusvalmis. Lihtsalt asetage raamat koos integreeritud kaameraga valitud kohta, l\u00fclitage see sisse ja see hakkab videot salvestama. Paljud neist kaameratest toetavad Wi-Fi-\u00fchendust, nii et saate j\u00e4lgida otse\u00fclekannet oma telefonist v\u00f5i arvutist.<\/p>\n<p><strong>Turvalisus ja privaatsus<\/strong><\/p>\n<p>Need kaamerad on ideaalsed mitte ainult ettev\u00f5tte, vaid ka isiklike ruumide turvalisuse tagamiseks. Sellise kaameraga saate oma kodu v\u00f5i kontorit igal ajal j\u00e4lgida, isegi kui teid ei ole kohal. See annab teile meelerahu, teades, et teie vara ja isiklikud esemed on turvaliselt kaitstud.<\/p>\n<p><strong>Mitmekesisus<\/strong><\/p>\n<p>Raamatus olevat salakaamerat saab kasutada erinevatel eesm\u00e4rkidel. See v\u00f5ib aidata j\u00e4lgida t\u00f6\u00f6tajate tegevust kontoris, kaitsta varguste eest v\u00f5i lihtsalt hoida lapsi kodus turvaliselt. Lisaks v\u00f5ib see olla suurep\u00e4rane lahendus lemmikloomadel silma peal hoidmiseks v\u00f5i lihtsalt huvitavate hetkede j\u00e4\u00e4dvustamiseks igap\u00e4evaelus.<\/p>\n<p><strong>Kokkuv\u00f5te<\/strong><\/p>\n<p>Secret Camera Book on suurep\u00e4rane lahendus neile, kes otsivad diskreetset ja t\u00f5husat videovalveseadet. See pakub kvaliteetseid pilte, seda on lihtne seadistada ja kasutada ning see tagab turvalisuse ja privaatsuse. Valides selle kaamera, v\u00f5ite olla rahulikult teadlik, et teie kontorit v\u00f5i kodu j\u00e4lgitakse ja kaitstakse.<\/p>","protected":false},"excerpt":{"rendered":"<p>Varjatud WiFi valvekaamera FULL HD resolutsiooniga. Kaameral on v\u00e4line aku, mis kestab salvestusre\u017eiimis kuni 4 tundi. Seda minikaamerat saab h\u00f5lpsasti m\u00f6\u00f6blisse peita.<\/p>","protected":false},"featured_media":3677,"template":"","meta":[],"product_brand":[],"product_cat":[330,321,331],"product_tag":[324,325,326,36,327,328,329,32],"class_list":{"0":"post-3676","1":"product","2":"type-product","3":"status-publish","4":"has-post-thumbnail","6":"product_cat-masketas-kameras","7":"product_cat-sleptas-kameras","8":"product_cat-wi-fi-slepenas-kameras","9":"product_tag-izlukosanas-kamera","10":"product_tag-izsekosanas-kamera","11":"product_tag-maskesanas-kamera","12":"product_tag-mini-kamera","13":"product_tag-noverosanas-kamera","14":"product_tag-slepena-kamera","15":"product_tag-slepta-noverosanas-kamera","16":"product_tag-wifi-kamera","18":"first","19":"instock","20":"taxable","21":"shipping-taxable","22":"purchasable","23":"product-type-simple"},"yoast_head":"<!-- This site is optimized with the Yoast SEO plugin v27.5 - https:\/\/yoast.com\/product\/yoast-seo-wordpress\/ -->\n<title>Gr\u0101mata ar mini slepeno kameru WiFi<\/title>\n<meta name=\"robots\" content=\"index, follow, max-snippet:-1, max-image-preview:large, max-video-preview:-1\" \/>\n<link rel=\"canonical\" href=\"https:\/\/izsekosanasierices.lv\/et\/produkts\/raamat-varjatud-kaameraga\/\" \/>\n<meta property=\"og:locale\" content=\"et_EE\" \/>\n<meta property=\"og:type\" content=\"article\" \/>\n<meta property=\"og:title\" content=\"WiFi sl\u0113pta nov\u0113ro\u0161anas kamera FULL HD, viegli sl\u0113pta ar akumulatoru\" \/>\n<meta property=\"og:description\" content=\"WiFi slepena nov\u0113ro\u0161anas kamera FULL HD iz\u0161\u0137irtsp\u0113j\u0101, ko ir viegli nosl\u0113pt. Kamerai ir \u0101r\u0113jais akumulators, kas darbojas l\u012bdz 4 stund\u0101m. ierakstiem. Mini kameru var viegli pasl\u0113pt m\u0113bel\u0113s\" \/>\n<meta property=\"og:url\" content=\"https:\/\/izsekosanasierices.lv\/et\/produkts\/raamat-varjatud-kaameraga\/\" \/>\n<meta property=\"og:site_name\" content=\"Nr1 Izseko\u0161anas ier\u012bces gps izseko\u0161anas iek\u0101rtas, klaus\u012b\u0161an\u0101s iek\u0101rtas\" \/>\n<meta property=\"article:modified_time\" content=\"2025-11-19T15:56:38+00:00\" \/>\n<meta property=\"og:image\" content=\"https:\/\/rvnski.dev\/sekimoiranga\/wp-content\/uploads\/izsekosanasierices.webp\" \/>\n<meta name=\"twitter:card\" content=\"summary_large_image\" \/>\n<meta name=\"twitter:title\" content=\"WiFi sl\u0113pta nov\u0113ro\u0161anas kamera FULL HD, viegli sl\u0113pta ar akumulatoru\" \/>\n<meta name=\"twitter:description\" content=\"WiFi slepena nov\u0113ro\u0161anas kamera FULL HD iz\u0161\u0137irtsp\u0113j\u0101, ko ir viegli nosl\u0113pt. Kamerai ir \u0101r\u0113jais akumulators, kas darbojas l\u012bdz 4 stund\u0101m. ierakstiem. Mini kameru var viegli pasl\u0113pt m\u0113bel\u0113s\" \/>\n<meta name=\"twitter:label1\" content=\"Est. reading time\" \/>\n\t<meta name=\"twitter:data1\" content=\"3 minutit\" \/>\n<script type=\"application\/ld+json\" class=\"yoast-schema-graph\">{\"@context\":\"https:\\\/\\\/schema.org\",\"@graph\":[{\"@type\":\"WebPage\",\"@id\":\"https:\\\/\\\/izsekosanasierices.lv\\\/produkts\\\/gramata-ar-mini-slepeno-kameru-wifi\\\/\",\"url\":\"https:\\\/\\\/izsekosanasierices.lv\\\/produkts\\\/gramata-ar-mini-slepeno-kameru-wifi\\\/\",\"name\":\"Gr\u0101mata ar mini slepeno kameru WiFi\",\"isPartOf\":{\"@id\":\"https:\\\/\\\/izsekosanasierices.lv\\\/#website\"},\"primaryImageOfPage\":{\"@id\":\"https:\\\/\\\/izsekosanasierices.lv\\\/produkts\\\/gramata-ar-mini-slepeno-kameru-wifi\\\/#primaryimage\"},\"image\":{\"@id\":\"https:\\\/\\\/izsekosanasierices.lv\\\/produkts\\\/gramata-ar-mini-slepeno-kameru-wifi\\\/#primaryimage\"},\"thumbnailUrl\":\"https:\\\/\\\/izsekosanasierices.lv\\\/wp-content\\\/uploads\\\/slepta-kamera-ar-iebuvetu-wifi-gramata-1-600x600-1.png\",\"datePublished\":\"2025-01-27T13:18:09+00:00\",\"dateModified\":\"2025-11-19T15:56:38+00:00\",\"breadcrumb\":{\"@id\":\"https:\\\/\\\/izsekosanasierices.lv\\\/produkts\\\/gramata-ar-mini-slepeno-kameru-wifi\\\/#breadcrumb\"},\"inLanguage\":\"et\",\"potentialAction\":[{\"@type\":\"ReadAction\",\"target\":[\"https:\\\/\\\/izsekosanasierices.lv\\\/produkts\\\/gramata-ar-mini-slepeno-kameru-wifi\\\/\"]}]},{\"@type\":\"ImageObject\",\"inLanguage\":\"et\",\"@id\":\"https:\\\/\\\/izsekosanasierices.lv\\\/produkts\\\/gramata-ar-mini-slepeno-kameru-wifi\\\/#primaryimage\",\"url\":\"https:\\\/\\\/izsekosanasierices.lv\\\/wp-content\\\/uploads\\\/slepta-kamera-ar-iebuvetu-wifi-gramata-1-600x600-1.png\",\"contentUrl\":\"https:\\\/\\\/izsekosanasierices.lv\\\/wp-content\\\/uploads\\\/slepta-kamera-ar-iebuvetu-wifi-gramata-1-600x600-1.png\",\"width\":600,\"height\":600,\"caption\":\"sl\u0113pt\u0101 kamera ar ieb\u016bv\u0113tu-wifi-gr\u0101mat\u0101-1-600x600\"},{\"@type\":\"BreadcrumbList\",\"@id\":\"https:\\\/\\\/izsekosanasierices.lv\\\/produkts\\\/gramata-ar-mini-slepeno-kameru-wifi\\\/#breadcrumb\",\"itemListElement\":[{\"@type\":\"ListItem\",\"position\":1,\"name\":\"S\u0101kums\",\"item\":\"https:\\\/\\\/izsekosanasierices.lv\\\/\"},{\"@type\":\"ListItem\",\"position\":2,\"name\":\"Veikals\",\"item\":\"https:\\\/\\\/izsekosanasierices.lv\\\/veikals\\\/\"},{\"@type\":\"ListItem\",\"position\":3,\"name\":\"Gr\u0101mata ar mini slepeno kameru WiFi\"}]},{\"@type\":\"WebSite\",\"@id\":\"https:\\\/\\\/izsekosanasierices.lv\\\/#website\",\"url\":\"https:\\\/\\\/izsekosanasierices.lv\\\/\",\"name\":\"Nr1 Izseko\u0161anas ier\u012bces gps izseko\u0161anas iek\u0101rtas, klaus\u012b\u0161an\u0101s iek\u0101rtas\",\"description\":\"\",\"potentialAction\":[{\"@type\":\"SearchAction\",\"target\":{\"@type\":\"EntryPoint\",\"urlTemplate\":\"https:\\\/\\\/izsekosanasierices.lv\\\/?s={search_term_string}\"},\"query-input\":{\"@type\":\"PropertyValueSpecification\",\"valueRequired\":true,\"valueName\":\"search_term_string\"}}],\"inLanguage\":\"et\"}]}<\/script>\n<!-- \/ Yoast SEO plugin. -->","yoast_head_json":{"title":"Gr\u0101mata ar mini slepeno kameru WiFi","robots":{"index":"index","follow":"follow","max-snippet":"max-snippet:-1","max-image-preview":"max-image-preview:large","max-video-preview":"max-video-preview:-1"},"canonical":"https:\/\/izsekosanasierices.lv\/et\/produkts\/raamat-varjatud-kaameraga\/","og_locale":"et_EE","og_type":"article","og_title":"WiFi sl\u0113pta nov\u0113ro\u0161anas kamera FULL HD, viegli sl\u0113pta ar akumulatoru","og_description":"WiFi slepena nov\u0113ro\u0161anas kamera FULL HD iz\u0161\u0137irtsp\u0113j\u0101, ko ir viegli nosl\u0113pt. Kamerai ir \u0101r\u0113jais akumulators, kas darbojas l\u012bdz 4 stund\u0101m. ierakstiem. Mini kameru var viegli pasl\u0113pt m\u0113bel\u0113s","og_url":"https:\/\/izsekosanasierices.lv\/et\/produkts\/raamat-varjatud-kaameraga\/","og_site_name":"Nr1 Izseko\u0161anas ier\u012bces gps izseko\u0161anas iek\u0101rtas, klaus\u012b\u0161an\u0101s iek\u0101rtas","article_modified_time":"2025-11-19T15:56:38+00:00","og_image":[{"url":"https:\/\/rvnski.dev\/sekimoiranga\/wp-content\/uploads\/izsekosanasierices.webp","type":"","width":"","height":""}],"twitter_card":"summary_large_image","twitter_title":"WiFi sl\u0113pta nov\u0113ro\u0161anas kamera FULL HD, viegli sl\u0113pta ar akumulatoru","twitter_description":"WiFi slepena nov\u0113ro\u0161anas kamera FULL HD iz\u0161\u0137irtsp\u0113j\u0101, ko ir viegli nosl\u0113pt. Kamerai ir \u0101r\u0113jais akumulators, kas darbojas l\u012bdz 4 stund\u0101m. ierakstiem. Mini kameru var viegli pasl\u0113pt m\u0113bel\u0113s","twitter_misc":{"Est. reading time":"3 minutit"},"schema":{"@context":"https:\/\/schema.org","@graph":[{"@type":"WebPage","@id":"https:\/\/izsekosanasierices.lv\/produkts\/gramata-ar-mini-slepeno-kameru-wifi\/","url":"https:\/\/izsekosanasierices.lv\/produkts\/gramata-ar-mini-slepeno-kameru-wifi\/","name":"Gr\u0101mata ar mini slepeno kameru WiFi","isPartOf":{"@id":"https:\/\/izsekosanasierices.lv\/#website"},"primaryImageOfPage":{"@id":"https:\/\/izsekosanasierices.lv\/produkts\/gramata-ar-mini-slepeno-kameru-wifi\/#primaryimage"},"image":{"@id":"https:\/\/izsekosanasierices.lv\/produkts\/gramata-ar-mini-slepeno-kameru-wifi\/#primaryimage"},"thumbnailUrl":"https:\/\/izsekosanasierices.lv\/wp-content\/uploads\/slepta-kamera-ar-iebuvetu-wifi-gramata-1-600x600-1.png","datePublished":"2025-01-27T13:18:09+00:00","dateModified":"2025-11-19T15:56:38+00:00","breadcrumb":{"@id":"https:\/\/izsekosanasierices.lv\/produkts\/gramata-ar-mini-slepeno-kameru-wifi\/#breadcrumb"},"inLanguage":"et","potentialAction":[{"@type":"ReadAction","target":["https:\/\/izsekosanasierices.lv\/produkts\/gramata-ar-mini-slepeno-kameru-wifi\/"]}]},{"@type":"ImageObject","inLanguage":"et","@id":"https:\/\/izsekosanasierices.lv\/produkts\/gramata-ar-mini-slepeno-kameru-wifi\/#primaryimage","url":"https:\/\/izsekosanasierices.lv\/wp-content\/uploads\/slepta-kamera-ar-iebuvetu-wifi-gramata-1-600x600-1.png","contentUrl":"https:\/\/izsekosanasierices.lv\/wp-content\/uploads\/slepta-kamera-ar-iebuvetu-wifi-gramata-1-600x600-1.png","width":600,"height":600,"caption":"sl\u0113pt\u0101 kamera ar ieb\u016bv\u0113tu-wifi-gr\u0101mat\u0101-1-600x600"},{"@type":"BreadcrumbList","@id":"https:\/\/izsekosanasierices.lv\/produkts\/gramata-ar-mini-slepeno-kameru-wifi\/#breadcrumb","itemListElement":[{"@type":"ListItem","position":1,"name":"S\u0101kums","item":"https:\/\/izsekosanasierices.lv\/"},{"@type":"ListItem","position":2,"name":"Veikals","item":"https:\/\/izsekosanasierices.lv\/veikals\/"},{"@type":"ListItem","position":3,"name":"Gr\u0101mata ar mini slepeno kameru WiFi"}]},{"@type":"WebSite","@id":"https:\/\/izsekosanasierices.lv\/#website","url":"https:\/\/izsekosanasierices.lv\/","name":"Nr1 Izseko\u0161anas ier\u012bces gps izseko\u0161anas iek\u0101rtas, klaus\u012b\u0161an\u0101s iek\u0101rtas","description":"","potentialAction":[{"@type":"SearchAction","target":{"@type":"EntryPoint","urlTemplate":"https:\/\/izsekosanasierices.lv\/?s={search_term_string}"},"query-input":{"@type":"PropertyValueSpecification","valueRequired":true,"valueName":"search_term_string"}}],"inLanguage":"et"}]}},"_links":{"self":[{"href":"https:\/\/izsekosanasierices.lv\/et\/wp-json\/wp\/v2\/product\/3676","targetHints":{"allow":["GET"]}}],"collection":[{"href":"https:\/\/izsekosanasierices.lv\/et\/wp-json\/wp\/v2\/product"}],"about":[{"href":"https:\/\/izsekosanasierices.lv\/et\/wp-json\/wp\/v2\/types\/product"}],"wp:featuredmedia":[{"embeddable":true,"href":"https:\/\/izsekosanasierices.lv\/et\/wp-json\/wp\/v2\/media\/3677"}],"wp:attachment":[{"href":"https:\/\/izsekosanasierices.lv\/et\/wp-json\/wp\/v2\/media?parent=3676"}],"wp:term":[{"taxonomy":"product_brand","embeddable":true,"href":"https:\/\/izsekosanasierices.lv\/et\/wp-json\/wp\/v2\/product_brand?post=3676"},{"taxonomy":"product_cat","embeddable":true,"href":"https:\/\/izsekosanasierices.lv\/et\/wp-json\/wp\/v2\/product_cat?post=3676"},{"taxonomy":"product_tag","embeddable":true,"href":"https:\/\/izsekosanasierices.lv\/et\/wp-json\/wp\/v2\/product_tag?post=3676"}],"curies":[{"name":"wp","href":"https:\/\/api.w.org\/{rel}","templated":true}]}}