{"id":3691,"date":"2025-01-27T15:34:30","date_gmt":"2025-01-27T13:34:30","guid":{"rendered":"https:\/\/izsekosanasierices.lv\/?post_type=product&#038;p=3691"},"modified":"2026-04-26T12:28:23","modified_gmt":"2026-04-26T09:28:23","slug":"kamera-saglaba-eksamenus-wi-fi-iespejams-skatities-tiesraide","status":"publish","type":"product","link":"https:\/\/izsekosanasierices.lv\/et\/produkts\/varjatud-kaamera-eksamite-jaoks-koos-voimalusega-pilti-otse-telefonis-naha\/","title":{"rendered":"Kaamera salvestab eksameid (Wi-Fi), v\u00f5imalik otse\u00fclekanne."},"content":{"rendered":"<h3><strong>Tehnilised parameetrid:<\/strong><\/h3>\n<ul>\n<li>Kaugvaatamine: jah<\/li>\n<li>Sobib paberkandjal eksamiteks<\/li>\n<li>Kaasas olev m\u00e4lukaart 32 GB<\/li>\n<li>Video salvestamine koos heliga<\/li>\n<li>Videokvaliteet: FULL HD 1080P<\/li>\n<li>Videote vaatamine: rakenduse kaudu<\/li>\n<li>Salvestusaeg akut kasutades: umbes 1-2 tundi (lisatoitepank kaasas)<\/li>\n<li>Liikumistuvastuse re\u017eiim: jah (digitaalne)<\/li>\n<li>Vaatamisnurk: 110\u00b0<\/li>\n<li>Toetatav kaart: 16-128 GB (kaart ei kuulu komplekti)<\/li>\n<li>1 tund videosalvestust n\u00f5uab 310 MB m\u00e4lu<\/li>\n<li>Toetatud s\u00fcsteemid: iOS, Android<\/li>\n<li>Rakendused Androidile \/ iPhone'ile<\/li>\n<li>Wi-Fi: IEEE802.11 b\/g\/n<\/li>\n<li>M\u00f5\u00f5tmed: pikkus 5,8 cm x paksus 1,3 cm x laius 2,1 cm.<\/li>\n<li>Salvestuse juhtimine: mis tahes nutiseadmest (telefon, arvuti v\u00f5i tahvelarvuti)<\/li>\n<li>Garantii: 24 kuud<\/li>\n<li>Rakendus: oma, laste ohutus<\/li>\n<\/ul>\n<p><strong>Kui vajate kiiret tarnet samal p\u00e4eval (ka n\u00e4dalavahetustel) - helistage +<\/strong><\/p>\n<p>Wi-Fi kaamera - pott live-eksamite jaoks<br \/>\nKeegi ei m\u00e4rka neid salakaameraid, sest need on teie s\u00e4rgi taha peidetud. Nupu sisse ehitatud kaameraimitatsioonil\u00e4\u00e4ts on vaid 1 mm l\u00e4bim\u00f5\u00f5duga, nii et seda on raske m\u00e4rgata. See salakaamera fookustab suurep\u00e4raselt teksti, mis on selgelt loetav. Kaamera-nuppu saab kasutada eksamite ajal v\u00f5i siis, kui on vaja koguda konkreetset salajast teavet.<\/p>\n<p>Seda salakaamerat on v\u00e4ga lihtne \u00fchendada Wi-Fi-v\u00f5rku. Pilti saab kontrollida mis tahes nutiseadmest: mobiiltelefonist, arvutist v\u00f5i tahvelarvutist. Lihtsalt seadistage telefonis Wi-Fi v\u00f5rk, millega salakaamera \u00fchendatakse, ja saate salvestatud pilti kohe otse\u00fclekandes vaadata.<\/p>\n<p>Salajane kaamera-nupp v\u00f5ib salvestada 1-2 tundi videot. Kaasas on ka 4000 mAh aku, mida saab kasutada, kui kaamera saab t\u00fchjaks. See lisaaku v\u00f5imaldab salvestada umbes 3 tundi. Videod salvestatakse koos heliga, nii et see v\u00f5ib pakkuda veelgi rohkem detaile.<\/p>\n<p>Varjatud kaamera on v\u00e4ga hea videoresolutsiooniga, nii et teil ei ole raskusi pildistatud pildi n\u00e4gemisega. Kaameral on liikumistuvastuse funktsioon, nii et saate alustada video voogesitust ainult siis, kui sensorid tuvastavad liikumise. See aitab s\u00e4\u00e4sta akut ja hoiab \u00e4ra t\u00fchjad salvestused.<\/p>\n<p>Varjatud kaamerat saab kasutada 16-128 GB m\u00e4lukaardiga (32 GB kaart on kaasas). \u00dcks tund videosalvestust v\u00f5tab umbes 310 MB, nii et saate s\u00e4ilitada palju videosalvestusi ilma vanema teabe vahelej\u00e4tmiseta.<\/p>\n<p>See kaamera sobib ideaalselt eksamiteks v\u00f5i t\u00f5endite kogumiseks. \u00dchendage see h\u00f5lpsasti Wi-Fi-v\u00f5rku (v\u00f5ite kasutada oma mobiiltelefoni). Looge n\u00e4iteks oma telefonis Wi-Fi-v\u00f5rk, \u00fchendage kaamera v\u00f5rku ja ongi k\u00f5ik - keegi teine saab kaamera poolt edastatud pilti eemalt vaadata. Kaasas on ka 4000 mAh aku, mis hoiab kaamerat t\u00f6\u00f6s umbes 3 tundi. Kaamera objektiiv on vaid 1 mm ja raskesti n\u00e4ha. Kaamera objektiiv on peidetud nupu sisse. Tegemist on suurep\u00e4rase kaameraga, mida on lihtne kasutada ja mille pildi eraldusv\u00f5ime on suurep\u00e4rane. Me aitame teil kaamerat konfigureerida, et saaksite seda kasutada.<\/p>","protected":false},"excerpt":{"rendered":"<p>Varjatud WiFi valvekaamera FULL HD resolutsiooniga. Kaameral on v\u00e4line aku, mis kestab salvestusre\u017eiimis kuni 4 tundi. Seda minikaamerat saab h\u00f5lpsasti m\u00f6\u00f6blisse peita.<\/p>","protected":false},"featured_media":4027,"template":"","meta":[],"product_brand":[],"product_cat":[353,330,321,331],"product_tag":[324,325,326,36,327,328,329,32],"class_list":{"0":"post-3691","1":"product","2":"type-product","3":"status-publish","4":"has-post-thumbnail","6":"product_cat-austinas-eksameniem","7":"product_cat-masketas-kameras","8":"product_cat-sleptas-kameras","9":"product_cat-wi-fi-slepenas-kameras","10":"product_tag-izlukosanas-kamera","11":"product_tag-izsekosanas-kamera","12":"product_tag-maskesanas-kamera","13":"product_tag-mini-kamera","14":"product_tag-noverosanas-kamera","15":"product_tag-slepena-kamera","16":"product_tag-slepta-noverosanas-kamera","17":"product_tag-wifi-kamera","19":"first","20":"instock","21":"taxable","22":"shipping-taxable","23":"purchasable","24":"product-type-simple"},"yoast_head":"<!-- This site is optimized with the Yoast SEO plugin v27.5 - https:\/\/yoast.com\/product\/yoast-seo-wordpress\/ -->\n<title>Kamera saglab\u0101 eks\u0101menus (Wi-Fi), iesp\u0113jams skat\u012bties tie\u0161raid\u0113.<\/title>\n<meta name=\"robots\" content=\"index, follow, max-snippet:-1, max-image-preview:large, max-video-preview:-1\" \/>\n<link rel=\"canonical\" href=\"https:\/\/izsekosanasierices.lv\/et\/produkts\/varjatud-kaamera-eksamite-jaoks-koos-voimalusega-pilti-otse-telefonis-naha\/\" \/>\n<meta property=\"og:locale\" content=\"et_EE\" \/>\n<meta property=\"og:type\" content=\"article\" \/>\n<meta property=\"og:title\" content=\"WiFi sl\u0113pta nov\u0113ro\u0161anas kamera FULL HD, viegli sl\u0113pta ar akumulatoru\" \/>\n<meta property=\"og:description\" content=\"WiFi slepena nov\u0113ro\u0161anas kamera FULL HD iz\u0161\u0137irtsp\u0113j\u0101, ko ir viegli nosl\u0113pt. Kamerai ir \u0101r\u0113jais akumulators, kas darbojas l\u012bdz 4 stund\u0101m. ierakstiem. Mini kameru var viegli pasl\u0113pt m\u0113bel\u0113s\" \/>\n<meta property=\"og:url\" content=\"https:\/\/izsekosanasierices.lv\/et\/produkts\/varjatud-kaamera-eksamite-jaoks-koos-voimalusega-pilti-otse-telefonis-naha\/\" \/>\n<meta property=\"og:site_name\" content=\"Nr1 Izseko\u0161anas ier\u012bces gps izseko\u0161anas iek\u0101rtas, klaus\u012b\u0161an\u0101s iek\u0101rtas\" \/>\n<meta property=\"article:modified_time\" content=\"2026-04-26T09:28:23+00:00\" \/>\n<meta property=\"og:image\" content=\"https:\/\/rvnski.dev\/sekimoiranga\/wp-content\/uploads\/izsekosanasierices.webp\" \/>\n<meta name=\"twitter:card\" content=\"summary_large_image\" \/>\n<meta name=\"twitter:title\" content=\"WiFi sl\u0113pta nov\u0113ro\u0161anas kamera FULL HD, viegli sl\u0113pta ar akumulatoru\" \/>\n<meta name=\"twitter:description\" content=\"WiFi slepena nov\u0113ro\u0161anas kamera FULL HD iz\u0161\u0137irtsp\u0113j\u0101, ko ir viegli nosl\u0113pt. Kamerai ir \u0101r\u0113jais akumulators, kas darbojas l\u012bdz 4 stund\u0101m. ierakstiem. Mini kameru var viegli pasl\u0113pt m\u0113bel\u0113s\" \/>\n<meta name=\"twitter:label1\" content=\"Est. reading time\" \/>\n\t<meta name=\"twitter:data1\" content=\"3 minutit\" \/>\n<script type=\"application\/ld+json\" class=\"yoast-schema-graph\">{\"@context\":\"https:\\\/\\\/schema.org\",\"@graph\":[{\"@type\":\"WebPage\",\"@id\":\"https:\\\/\\\/izsekosanasierices.lv\\\/produkts\\\/kamera-saglaba-eksamenus-wi-fi-iespejams-skatities-tiesraide\\\/\",\"url\":\"https:\\\/\\\/izsekosanasierices.lv\\\/produkts\\\/kamera-saglaba-eksamenus-wi-fi-iespejams-skatities-tiesraide\\\/\",\"name\":\"Kamera saglab\u0101 eks\u0101menus (Wi-Fi), iesp\u0113jams skat\u012bties tie\u0161raid\u0113.\",\"isPartOf\":{\"@id\":\"https:\\\/\\\/izsekosanasierices.lv\\\/#website\"},\"primaryImageOfPage\":{\"@id\":\"https:\\\/\\\/izsekosanasierices.lv\\\/produkts\\\/kamera-saglaba-eksamenus-wi-fi-iespejams-skatities-tiesraide\\\/#primaryimage\"},\"image\":{\"@id\":\"https:\\\/\\\/izsekosanasierices.lv\\\/produkts\\\/kamera-saglaba-eksamenus-wi-fi-iespejams-skatities-tiesraide\\\/#primaryimage\"},\"thumbnailUrl\":\"https:\\\/\\\/izsekosanasierices.lv\\\/wp-content\\\/uploads\\\/kamera-eksameniem.jpg\",\"datePublished\":\"2025-01-27T13:34:30+00:00\",\"dateModified\":\"2026-04-26T09:28:23+00:00\",\"breadcrumb\":{\"@id\":\"https:\\\/\\\/izsekosanasierices.lv\\\/produkts\\\/kamera-saglaba-eksamenus-wi-fi-iespejams-skatities-tiesraide\\\/#breadcrumb\"},\"inLanguage\":\"et\",\"potentialAction\":[{\"@type\":\"ReadAction\",\"target\":[\"https:\\\/\\\/izsekosanasierices.lv\\\/produkts\\\/kamera-saglaba-eksamenus-wi-fi-iespejams-skatities-tiesraide\\\/\"]}]},{\"@type\":\"ImageObject\",\"inLanguage\":\"et\",\"@id\":\"https:\\\/\\\/izsekosanasierices.lv\\\/produkts\\\/kamera-saglaba-eksamenus-wi-fi-iespejams-skatities-tiesraide\\\/#primaryimage\",\"url\":\"https:\\\/\\\/izsekosanasierices.lv\\\/wp-content\\\/uploads\\\/kamera-eksameniem.jpg\",\"contentUrl\":\"https:\\\/\\\/izsekosanasierices.lv\\\/wp-content\\\/uploads\\\/kamera-eksameniem.jpg\",\"width\":1000,\"height\":1000,\"caption\":\"kamera eksa\u0304meniem\"},{\"@type\":\"BreadcrumbList\",\"@id\":\"https:\\\/\\\/izsekosanasierices.lv\\\/produkts\\\/kamera-saglaba-eksamenus-wi-fi-iespejams-skatities-tiesraide\\\/#breadcrumb\",\"itemListElement\":[{\"@type\":\"ListItem\",\"position\":1,\"name\":\"S\u0101kums\",\"item\":\"https:\\\/\\\/izsekosanasierices.lv\\\/\"},{\"@type\":\"ListItem\",\"position\":2,\"name\":\"Veikals\",\"item\":\"https:\\\/\\\/izsekosanasierices.lv\\\/veikals\\\/\"},{\"@type\":\"ListItem\",\"position\":3,\"name\":\"Kamera saglab\u0101 eks\u0101menus (Wi-Fi), iesp\u0113jams skat\u012bties tie\u0161raid\u0113.\"}]},{\"@type\":\"WebSite\",\"@id\":\"https:\\\/\\\/izsekosanasierices.lv\\\/#website\",\"url\":\"https:\\\/\\\/izsekosanasierices.lv\\\/\",\"name\":\"Nr1 Izseko\u0161anas ier\u012bces gps izseko\u0161anas iek\u0101rtas, klaus\u012b\u0161an\u0101s iek\u0101rtas\",\"description\":\"\",\"potentialAction\":[{\"@type\":\"SearchAction\",\"target\":{\"@type\":\"EntryPoint\",\"urlTemplate\":\"https:\\\/\\\/izsekosanasierices.lv\\\/?s={search_term_string}\"},\"query-input\":{\"@type\":\"PropertyValueSpecification\",\"valueRequired\":true,\"valueName\":\"search_term_string\"}}],\"inLanguage\":\"et\"}]}<\/script>\n<!-- \/ Yoast SEO plugin. -->","yoast_head_json":{"title":"Kamera saglab\u0101 eks\u0101menus (Wi-Fi), iesp\u0113jams skat\u012bties tie\u0161raid\u0113.","robots":{"index":"index","follow":"follow","max-snippet":"max-snippet:-1","max-image-preview":"max-image-preview:large","max-video-preview":"max-video-preview:-1"},"canonical":"https:\/\/izsekosanasierices.lv\/et\/produkts\/varjatud-kaamera-eksamite-jaoks-koos-voimalusega-pilti-otse-telefonis-naha\/","og_locale":"et_EE","og_type":"article","og_title":"WiFi sl\u0113pta nov\u0113ro\u0161anas kamera FULL HD, viegli sl\u0113pta ar akumulatoru","og_description":"WiFi slepena nov\u0113ro\u0161anas kamera FULL HD iz\u0161\u0137irtsp\u0113j\u0101, ko ir viegli nosl\u0113pt. Kamerai ir \u0101r\u0113jais akumulators, kas darbojas l\u012bdz 4 stund\u0101m. ierakstiem. Mini kameru var viegli pasl\u0113pt m\u0113bel\u0113s","og_url":"https:\/\/izsekosanasierices.lv\/et\/produkts\/varjatud-kaamera-eksamite-jaoks-koos-voimalusega-pilti-otse-telefonis-naha\/","og_site_name":"Nr1 Izseko\u0161anas ier\u012bces gps izseko\u0161anas iek\u0101rtas, klaus\u012b\u0161an\u0101s iek\u0101rtas","article_modified_time":"2026-04-26T09:28:23+00:00","og_image":[{"url":"https:\/\/rvnski.dev\/sekimoiranga\/wp-content\/uploads\/izsekosanasierices.webp","type":"","width":"","height":""}],"twitter_card":"summary_large_image","twitter_title":"WiFi sl\u0113pta nov\u0113ro\u0161anas kamera FULL HD, viegli sl\u0113pta ar akumulatoru","twitter_description":"WiFi slepena nov\u0113ro\u0161anas kamera FULL HD iz\u0161\u0137irtsp\u0113j\u0101, ko ir viegli nosl\u0113pt. Kamerai ir \u0101r\u0113jais akumulators, kas darbojas l\u012bdz 4 stund\u0101m. ierakstiem. Mini kameru var viegli pasl\u0113pt m\u0113bel\u0113s","twitter_misc":{"Est. reading time":"3 minutit"},"schema":{"@context":"https:\/\/schema.org","@graph":[{"@type":"WebPage","@id":"https:\/\/izsekosanasierices.lv\/produkts\/kamera-saglaba-eksamenus-wi-fi-iespejams-skatities-tiesraide\/","url":"https:\/\/izsekosanasierices.lv\/produkts\/kamera-saglaba-eksamenus-wi-fi-iespejams-skatities-tiesraide\/","name":"Kamera saglab\u0101 eks\u0101menus (Wi-Fi), iesp\u0113jams skat\u012bties tie\u0161raid\u0113.","isPartOf":{"@id":"https:\/\/izsekosanasierices.lv\/#website"},"primaryImageOfPage":{"@id":"https:\/\/izsekosanasierices.lv\/produkts\/kamera-saglaba-eksamenus-wi-fi-iespejams-skatities-tiesraide\/#primaryimage"},"image":{"@id":"https:\/\/izsekosanasierices.lv\/produkts\/kamera-saglaba-eksamenus-wi-fi-iespejams-skatities-tiesraide\/#primaryimage"},"thumbnailUrl":"https:\/\/izsekosanasierices.lv\/wp-content\/uploads\/kamera-eksameniem.jpg","datePublished":"2025-01-27T13:34:30+00:00","dateModified":"2026-04-26T09:28:23+00:00","breadcrumb":{"@id":"https:\/\/izsekosanasierices.lv\/produkts\/kamera-saglaba-eksamenus-wi-fi-iespejams-skatities-tiesraide\/#breadcrumb"},"inLanguage":"et","potentialAction":[{"@type":"ReadAction","target":["https:\/\/izsekosanasierices.lv\/produkts\/kamera-saglaba-eksamenus-wi-fi-iespejams-skatities-tiesraide\/"]}]},{"@type":"ImageObject","inLanguage":"et","@id":"https:\/\/izsekosanasierices.lv\/produkts\/kamera-saglaba-eksamenus-wi-fi-iespejams-skatities-tiesraide\/#primaryimage","url":"https:\/\/izsekosanasierices.lv\/wp-content\/uploads\/kamera-eksameniem.jpg","contentUrl":"https:\/\/izsekosanasierices.lv\/wp-content\/uploads\/kamera-eksameniem.jpg","width":1000,"height":1000,"caption":"kamera eksa\u0304meniem"},{"@type":"BreadcrumbList","@id":"https:\/\/izsekosanasierices.lv\/produkts\/kamera-saglaba-eksamenus-wi-fi-iespejams-skatities-tiesraide\/#breadcrumb","itemListElement":[{"@type":"ListItem","position":1,"name":"S\u0101kums","item":"https:\/\/izsekosanasierices.lv\/"},{"@type":"ListItem","position":2,"name":"Veikals","item":"https:\/\/izsekosanasierices.lv\/veikals\/"},{"@type":"ListItem","position":3,"name":"Kamera saglab\u0101 eks\u0101menus (Wi-Fi), iesp\u0113jams skat\u012bties tie\u0161raid\u0113."}]},{"@type":"WebSite","@id":"https:\/\/izsekosanasierices.lv\/#website","url":"https:\/\/izsekosanasierices.lv\/","name":"Nr1 Izseko\u0161anas ier\u012bces gps izseko\u0161anas iek\u0101rtas, klaus\u012b\u0161an\u0101s iek\u0101rtas","description":"","potentialAction":[{"@type":"SearchAction","target":{"@type":"EntryPoint","urlTemplate":"https:\/\/izsekosanasierices.lv\/?s={search_term_string}"},"query-input":{"@type":"PropertyValueSpecification","valueRequired":true,"valueName":"search_term_string"}}],"inLanguage":"et"}]}},"_links":{"self":[{"href":"https:\/\/izsekosanasierices.lv\/et\/wp-json\/wp\/v2\/product\/3691","targetHints":{"allow":["GET"]}}],"collection":[{"href":"https:\/\/izsekosanasierices.lv\/et\/wp-json\/wp\/v2\/product"}],"about":[{"href":"https:\/\/izsekosanasierices.lv\/et\/wp-json\/wp\/v2\/types\/product"}],"wp:featuredmedia":[{"embeddable":true,"href":"https:\/\/izsekosanasierices.lv\/et\/wp-json\/wp\/v2\/media\/4027"}],"wp:attachment":[{"href":"https:\/\/izsekosanasierices.lv\/et\/wp-json\/wp\/v2\/media?parent=3691"}],"wp:term":[{"taxonomy":"product_brand","embeddable":true,"href":"https:\/\/izsekosanasierices.lv\/et\/wp-json\/wp\/v2\/product_brand?post=3691"},{"taxonomy":"product_cat","embeddable":true,"href":"https:\/\/izsekosanasierices.lv\/et\/wp-json\/wp\/v2\/product_cat?post=3691"},{"taxonomy":"product_tag","embeddable":true,"href":"https:\/\/izsekosanasierices.lv\/et\/wp-json\/wp\/v2\/product_tag?post=3691"}],"curies":[{"name":"wp","href":"https:\/\/api.w.org\/{rel}","templated":true}]}}