{"id":4572,"date":"2025-11-20T13:02:35","date_gmt":"2025-11-20T11:02:35","guid":{"rendered":"https:\/\/izsekosanasierices.lv\/?post_type=product&#038;p=4572"},"modified":"2025-11-20T14:52:14","modified_gmt":"2025-11-20T12:52:14","slug":"usb-huba-ladetajs-ar-slepenu-wifi-kameru","status":"publish","type":"product","link":"https:\/\/izsekosanasierices.lv\/et\/produkts\/usb-hub-laadija-peidetud-wifi-kaameraga\/","title":{"rendered":"USB Hub laadija peidetud wifi kaameraga"},"content":{"rendered":"<h3><strong>Tehnilised parameetrid:<\/strong><\/h3>\n<ul>\n<li>Kaugem video vaatamine: JAH<\/li>\n<li>5 kontaktliidest USB pikendus<\/li>\n<li>Sisemine m\u00e4lu 32Gb<\/li>\n<li>Pilt on salvestatud koos heliga<\/li>\n<li>Objektiiv: 2px CMOS<\/li>\n<li>Muusika: \u00dchendatav l\u00e4bi BLUETOOTH<\/li>\n<li>Video kvaliteet: HD 1920*1080<\/li>\n<li>Pildi eraldusv\u00f5ime: 4032*3024<\/li>\n<li>Video salvestus: 1st. 360mb<\/li>\n<li>Teated, avastades liikumist (Push notification)<\/li>\n<li>Video j\u00e4lgimine: Telefonis v\u00f5i arvutis (otse)<\/li>\n<li>Adapter 220v (p\u00fcsivaks \u00fchendamiseks elektriv\u00f5rguga, ei ole komplektis)<\/li>\n<li>Liikumise tuvastamine: JAH, digitaalne<\/li>\n<li>Kompressiooniformaat: AVI H.265<\/li>\n<li>Video formaat: Avi<\/li>\n<li>Rakendus: \u201eiOS\u201d, \u201eAndroid\u201d,<\/li>\n<li>Wi-Fi: On<\/li>\n<li><strong>Garantii 12 kuud<\/strong><\/li>\n<\/ul>\n<p><strong>Kasutamine:<\/strong> Teie ja laste turvalisuse nimel.<\/p>\n<p><strong class=\"rednew\">Kas vajate kiiret kohaletoimetamist samal p\u00e4eval? (ka n\u00e4dalavahetustel) \u2013 helistage +37068411114<\/strong><\/p>\n<h2><strong>Pikenduslaadija salajase kaameraga<\/strong><\/h2>\n<p>Salajased kaamerad on viimastel aastatel t\u00f5eliselt m\u00e4rkimisv\u00e4\u00e4rset populaarsust kogunud. See t\u00f5esti<br \/>\nei tule \u00fcllatusena: nendel rahututel aegadel tahab iga\u00fcks meist olla kindel oma<br \/>\nturvalisuses. \u00d5nneks on salajase teabe kogumine n\u00fc\u00fcd v\u00e4ga lihtne: pikenduslaadija<br \/>\nsalajase kaameraga aitab kindlasti seda teha.<\/p>\n<p>Visualiseerides, see seade ei erine kuidagi tavalisest pikenduslaadijast, seega aitab see koguda<br \/>\nteid huvitava materjali (n\u00e4iteks, peidetud kaamera v\u00f5ib olla kasulik, kui soovite teada, kas<br \/>\nlapsehoidja k\u00e4itub \u00f5igesti teie lastega). See seade salvestab visuaalset materjali koos<br \/>\nheliga, seega on salvestised veel informatiivsemad.<\/p>\n<p>5-pesaga USB jaotur t\u00e4idab nii tavalise kui ka peidetud kaamera funktsiooni, seega on see t\u00f5eliselt praktiline<br \/>\npeidetud kaamera valik. Ruumi inimesed ei kahtlusta isegi, et te kasutate<br \/>\nkaamerat, seega k\u00e4ituvad nad nii, nagu nad on harjunud.<\/p>\n<p>Salvestatud videoklippe saate vaadata kaugelt. Videoklippe saab j\u00e4lgida<br \/>\nreaalajas telefoni v\u00f5i arvuti kaudu. T\u00e4iesti ei ole oluline, kus maailmas te viibite,<br \/>\nsaate teada, mis praegu toimub j\u00e4lgitavas ruumis. Jaotur peidetud kaameraga<br \/>\nsaadab ka teateid, kui tuvastatakse liikumine, seega v\u00f5ite olla t\u00e4iesti rahulik, et ei j\u00e4ta<br \/>\nmidagi olulist vahele. Te peate lihtsalt rakenduse oma telefoni alla laadima ja varsti saate alustada<br \/>\nsalvestatud videoklippide vaatamist (seade on \u00fchilduv \u201eiOs\u201d ja \u201eAndroid\u201d operatsioonis\u00fcsteemidega).<\/p>\n<p>Jaotur laadija peidetud kaameraga v\u00f5ib olla kasutatud teie v\u00f5i teie laste turvalisuse tagamiseks.<br \/>\nSituatsioone, kus v\u00f5ib olla vajalik salaja teatud teavet koguda, ei ole sugugi v\u00e4he, seega<br \/>\non soovitatav hajutada oma kahtlused ja ruumis kasutada jaotur laadijat peidetud<br \/>\nkaamera funktsiooniga. Selle seadme ostmine on t\u00f5eliselt soodsa hinnaga, lisaks sellele antakse isegi 12<br \/>\nkuu garantii!<\/p>","protected":false},"excerpt":{"rendered":"<p>Tehniskie parametri: Att\u0101lin\u0101t\u0101 video apskate: J\u0100 5 kontaktligzdu USB izpletnis Iek\u0161\u0113j\u0101 atmi\u0146a 32Gb Att\u0113ls tiek ierakst\u012bts ar ska\u0146u Objekt\u012bvs: 2px CMOS M\u016bzika: Savienojama caur BLUETOOTH Video kvalit\u0101te: HD 1920*1080 Att\u0113lu&#8230;<\/p>","protected":false},"featured_media":4573,"template":"","meta":[],"product_brand":[],"product_cat":[330,321,331],"product_tag":[],"class_list":{"0":"post-4572","1":"product","2":"type-product","3":"status-publish","4":"has-post-thumbnail","6":"product_cat-masketas-kameras","7":"product_cat-sleptas-kameras","8":"product_cat-wi-fi-slepenas-kameras","10":"first","11":"instock","12":"purchasable","13":"product-type-simple"},"yoast_head":"<!-- This site is optimized with the Yoast SEO plugin v27.5 - https:\/\/yoast.com\/product\/yoast-seo-wordpress\/ -->\n<title>USB Huba l\u0101d\u0113t\u0101js ar slepenu wifi kameru<\/title>\n<meta name=\"robots\" content=\"index, follow, max-snippet:-1, max-image-preview:large, max-video-preview:-1\" \/>\n<link rel=\"canonical\" href=\"https:\/\/izsekosanasierices.lv\/et\/produkts\/usb-hub-laadija-peidetud-wifi-kaameraga\/\" \/>\n<meta property=\"og:locale\" content=\"et_EE\" \/>\n<meta property=\"og:type\" content=\"article\" \/>\n<meta property=\"og:title\" content=\"USB Huba l\u0101d\u0113t\u0101js ar slepenu wifi kameru\" \/>\n<meta property=\"og:description\" content=\"Tehniskie parametri: Att\u0101lin\u0101t\u0101 video apskate: J\u0100 5 kontaktligzdu USB izpletnis Iek\u0161\u0113j\u0101 atmi\u0146a 32Gb Att\u0113ls tiek ierakst\u012bts ar ska\u0146u Objekt\u012bvs: 2px CMOS M\u016bzika: Savienojama caur BLUETOOTH Video kvalit\u0101te: HD 1920*1080 Att\u0113lu...\" \/>\n<meta property=\"og:url\" content=\"https:\/\/izsekosanasierices.lv\/et\/produkts\/usb-hub-laadija-peidetud-wifi-kaameraga\/\" \/>\n<meta property=\"og:site_name\" content=\"Nr1 Izseko\u0161anas ier\u012bces gps izseko\u0161anas iek\u0101rtas, klaus\u012b\u0161an\u0101s iek\u0101rtas\" \/>\n<meta property=\"article:modified_time\" content=\"2025-11-20T12:52:14+00:00\" \/>\n<meta property=\"og:image\" content=\"https:\/\/izsekosanasierices.lv\/wp-content\/uploads\/usb-sakotuvas-su-slapta-kamera.jpg\" \/>\n\t<meta property=\"og:image:width\" content=\"458\" \/>\n\t<meta property=\"og:image:height\" content=\"458\" \/>\n\t<meta property=\"og:image:type\" content=\"image\/jpeg\" \/>\n<meta name=\"twitter:card\" content=\"summary_large_image\" \/>\n<meta name=\"twitter:label1\" content=\"Est. reading time\" \/>\n\t<meta name=\"twitter:data1\" content=\"3 minutit\" \/>\n<script type=\"application\/ld+json\" class=\"yoast-schema-graph\">{\"@context\":\"https:\\\/\\\/schema.org\",\"@graph\":[{\"@type\":\"WebPage\",\"@id\":\"https:\\\/\\\/izsekosanasierices.lv\\\/produkts\\\/usb-huba-ladetajs-ar-slepenu-wifi-kameru\\\/\",\"url\":\"https:\\\/\\\/izsekosanasierices.lv\\\/produkts\\\/usb-huba-ladetajs-ar-slepenu-wifi-kameru\\\/\",\"name\":\"USB Huba l\u0101d\u0113t\u0101js ar slepenu wifi kameru\",\"isPartOf\":{\"@id\":\"https:\\\/\\\/izsekosanasierices.lv\\\/#website\"},\"primaryImageOfPage\":{\"@id\":\"https:\\\/\\\/izsekosanasierices.lv\\\/produkts\\\/usb-huba-ladetajs-ar-slepenu-wifi-kameru\\\/#primaryimage\"},\"image\":{\"@id\":\"https:\\\/\\\/izsekosanasierices.lv\\\/produkts\\\/usb-huba-ladetajs-ar-slepenu-wifi-kameru\\\/#primaryimage\"},\"thumbnailUrl\":\"https:\\\/\\\/izsekosanasierices.lv\\\/wp-content\\\/uploads\\\/usb-sakotuvas-su-slapta-kamera.jpg\",\"datePublished\":\"2025-11-20T11:02:35+00:00\",\"dateModified\":\"2025-11-20T12:52:14+00:00\",\"breadcrumb\":{\"@id\":\"https:\\\/\\\/izsekosanasierices.lv\\\/produkts\\\/usb-huba-ladetajs-ar-slepenu-wifi-kameru\\\/#breadcrumb\"},\"inLanguage\":\"et\",\"potentialAction\":[{\"@type\":\"ReadAction\",\"target\":[\"https:\\\/\\\/izsekosanasierices.lv\\\/produkts\\\/usb-huba-ladetajs-ar-slepenu-wifi-kameru\\\/\"]}]},{\"@type\":\"ImageObject\",\"inLanguage\":\"et\",\"@id\":\"https:\\\/\\\/izsekosanasierices.lv\\\/produkts\\\/usb-huba-ladetajs-ar-slepenu-wifi-kameru\\\/#primaryimage\",\"url\":\"https:\\\/\\\/izsekosanasierices.lv\\\/wp-content\\\/uploads\\\/usb-sakotuvas-su-slapta-kamera.jpg\",\"contentUrl\":\"https:\\\/\\\/izsekosanasierices.lv\\\/wp-content\\\/uploads\\\/usb-sakotuvas-su-slapta-kamera.jpg\",\"width\":458,\"height\":458},{\"@type\":\"BreadcrumbList\",\"@id\":\"https:\\\/\\\/izsekosanasierices.lv\\\/produkts\\\/usb-huba-ladetajs-ar-slepenu-wifi-kameru\\\/#breadcrumb\",\"itemListElement\":[{\"@type\":\"ListItem\",\"position\":1,\"name\":\"S\u0101kums\",\"item\":\"https:\\\/\\\/izsekosanasierices.lv\\\/\"},{\"@type\":\"ListItem\",\"position\":2,\"name\":\"Veikals\",\"item\":\"https:\\\/\\\/izsekosanasierices.lv\\\/veikals\\\/\"},{\"@type\":\"ListItem\",\"position\":3,\"name\":\"USB Huba l\u0101d\u0113t\u0101js ar slepenu wifi kameru\"}]},{\"@type\":\"WebSite\",\"@id\":\"https:\\\/\\\/izsekosanasierices.lv\\\/#website\",\"url\":\"https:\\\/\\\/izsekosanasierices.lv\\\/\",\"name\":\"Nr1 Izseko\u0161anas ier\u012bces gps izseko\u0161anas iek\u0101rtas, klaus\u012b\u0161an\u0101s iek\u0101rtas\",\"description\":\"\",\"potentialAction\":[{\"@type\":\"SearchAction\",\"target\":{\"@type\":\"EntryPoint\",\"urlTemplate\":\"https:\\\/\\\/izsekosanasierices.lv\\\/?s={search_term_string}\"},\"query-input\":{\"@type\":\"PropertyValueSpecification\",\"valueRequired\":true,\"valueName\":\"search_term_string\"}}],\"inLanguage\":\"et\"}]}<\/script>\n<!-- \/ Yoast SEO plugin. -->","yoast_head_json":{"title":"USB Huba l\u0101d\u0113t\u0101js ar slepenu wifi kameru","robots":{"index":"index","follow":"follow","max-snippet":"max-snippet:-1","max-image-preview":"max-image-preview:large","max-video-preview":"max-video-preview:-1"},"canonical":"https:\/\/izsekosanasierices.lv\/et\/produkts\/usb-hub-laadija-peidetud-wifi-kaameraga\/","og_locale":"et_EE","og_type":"article","og_title":"USB Huba l\u0101d\u0113t\u0101js ar slepenu wifi kameru","og_description":"Tehniskie parametri: Att\u0101lin\u0101t\u0101 video apskate: J\u0100 5 kontaktligzdu USB izpletnis Iek\u0161\u0113j\u0101 atmi\u0146a 32Gb Att\u0113ls tiek ierakst\u012bts ar ska\u0146u Objekt\u012bvs: 2px CMOS M\u016bzika: Savienojama caur BLUETOOTH Video kvalit\u0101te: HD 1920*1080 Att\u0113lu...","og_url":"https:\/\/izsekosanasierices.lv\/et\/produkts\/usb-hub-laadija-peidetud-wifi-kaameraga\/","og_site_name":"Nr1 Izseko\u0161anas ier\u012bces gps izseko\u0161anas iek\u0101rtas, klaus\u012b\u0161an\u0101s iek\u0101rtas","article_modified_time":"2025-11-20T12:52:14+00:00","og_image":[{"width":458,"height":458,"url":"https:\/\/izsekosanasierices.lv\/wp-content\/uploads\/usb-sakotuvas-su-slapta-kamera.jpg","type":"image\/jpeg"}],"twitter_card":"summary_large_image","twitter_misc":{"Est. reading time":"3 minutit"},"schema":{"@context":"https:\/\/schema.org","@graph":[{"@type":"WebPage","@id":"https:\/\/izsekosanasierices.lv\/produkts\/usb-huba-ladetajs-ar-slepenu-wifi-kameru\/","url":"https:\/\/izsekosanasierices.lv\/produkts\/usb-huba-ladetajs-ar-slepenu-wifi-kameru\/","name":"USB Huba l\u0101d\u0113t\u0101js ar slepenu wifi kameru","isPartOf":{"@id":"https:\/\/izsekosanasierices.lv\/#website"},"primaryImageOfPage":{"@id":"https:\/\/izsekosanasierices.lv\/produkts\/usb-huba-ladetajs-ar-slepenu-wifi-kameru\/#primaryimage"},"image":{"@id":"https:\/\/izsekosanasierices.lv\/produkts\/usb-huba-ladetajs-ar-slepenu-wifi-kameru\/#primaryimage"},"thumbnailUrl":"https:\/\/izsekosanasierices.lv\/wp-content\/uploads\/usb-sakotuvas-su-slapta-kamera.jpg","datePublished":"2025-11-20T11:02:35+00:00","dateModified":"2025-11-20T12:52:14+00:00","breadcrumb":{"@id":"https:\/\/izsekosanasierices.lv\/produkts\/usb-huba-ladetajs-ar-slepenu-wifi-kameru\/#breadcrumb"},"inLanguage":"et","potentialAction":[{"@type":"ReadAction","target":["https:\/\/izsekosanasierices.lv\/produkts\/usb-huba-ladetajs-ar-slepenu-wifi-kameru\/"]}]},{"@type":"ImageObject","inLanguage":"et","@id":"https:\/\/izsekosanasierices.lv\/produkts\/usb-huba-ladetajs-ar-slepenu-wifi-kameru\/#primaryimage","url":"https:\/\/izsekosanasierices.lv\/wp-content\/uploads\/usb-sakotuvas-su-slapta-kamera.jpg","contentUrl":"https:\/\/izsekosanasierices.lv\/wp-content\/uploads\/usb-sakotuvas-su-slapta-kamera.jpg","width":458,"height":458},{"@type":"BreadcrumbList","@id":"https:\/\/izsekosanasierices.lv\/produkts\/usb-huba-ladetajs-ar-slepenu-wifi-kameru\/#breadcrumb","itemListElement":[{"@type":"ListItem","position":1,"name":"S\u0101kums","item":"https:\/\/izsekosanasierices.lv\/"},{"@type":"ListItem","position":2,"name":"Veikals","item":"https:\/\/izsekosanasierices.lv\/veikals\/"},{"@type":"ListItem","position":3,"name":"USB Huba l\u0101d\u0113t\u0101js ar slepenu wifi kameru"}]},{"@type":"WebSite","@id":"https:\/\/izsekosanasierices.lv\/#website","url":"https:\/\/izsekosanasierices.lv\/","name":"Nr1 Izseko\u0161anas ier\u012bces gps izseko\u0161anas iek\u0101rtas, klaus\u012b\u0161an\u0101s iek\u0101rtas","description":"","potentialAction":[{"@type":"SearchAction","target":{"@type":"EntryPoint","urlTemplate":"https:\/\/izsekosanasierices.lv\/?s={search_term_string}"},"query-input":{"@type":"PropertyValueSpecification","valueRequired":true,"valueName":"search_term_string"}}],"inLanguage":"et"}]}},"_links":{"self":[{"href":"https:\/\/izsekosanasierices.lv\/et\/wp-json\/wp\/v2\/product\/4572","targetHints":{"allow":["GET"]}}],"collection":[{"href":"https:\/\/izsekosanasierices.lv\/et\/wp-json\/wp\/v2\/product"}],"about":[{"href":"https:\/\/izsekosanasierices.lv\/et\/wp-json\/wp\/v2\/types\/product"}],"wp:featuredmedia":[{"embeddable":true,"href":"https:\/\/izsekosanasierices.lv\/et\/wp-json\/wp\/v2\/media\/4573"}],"wp:attachment":[{"href":"https:\/\/izsekosanasierices.lv\/et\/wp-json\/wp\/v2\/media?parent=4572"}],"wp:term":[{"taxonomy":"product_brand","embeddable":true,"href":"https:\/\/izsekosanasierices.lv\/et\/wp-json\/wp\/v2\/product_brand?post=4572"},{"taxonomy":"product_cat","embeddable":true,"href":"https:\/\/izsekosanasierices.lv\/et\/wp-json\/wp\/v2\/product_cat?post=4572"},{"taxonomy":"product_tag","embeddable":true,"href":"https:\/\/izsekosanasierices.lv\/et\/wp-json\/wp\/v2\/product_tag?post=4572"}],"curies":[{"name":"wp","href":"https:\/\/api.w.org\/{rel}","templated":true}]}}