{"id":4894,"date":"2025-11-20T13:19:04","date_gmt":"2025-11-20T11:19:04","guid":{"rendered":"https:\/\/izsekosanasierices.lv\/?post_type=product&#038;p=4894"},"modified":"2025-12-29T15:19:41","modified_gmt":"2025-12-29T13:19:41","slug":"usb-ladetajs-ar-slepenu-videokameru","status":"publish","type":"product","link":"https:\/\/izsekosanasierices.lv\/et\/produkts\/usb-laadija-peidetud-kaameraga\/","title":{"rendered":"USB laadija peidetud kaameraga"},"content":{"rendered":"<h3><strong>Tehnilised parameetrid:<\/strong><\/h3>\n<ul>\n<li>Kaugvaatamine: JAH<\/li>\n<li>Pilt on salvestatud koos heliga<\/li>\n<li>Paigaldamine v\u00f5tab paar minutit<\/li>\n<li>Videokvaliteet: FULL HD1080P, 1920*1080<\/li>\n<li>Pilte saab vaadata: telefonis, arvutis ja tahvelarvutis<\/li>\n<li>\u00dcHENDATUD V\u00d5RGUST T\u00d6\u00d6TAB 24\/7<\/li>\n<li>Liikumise tuvastamise re\u017eiim: JAH (digitaalne)<\/li>\n<li>\u00d6\u00f6sel n\u00e4htavus kuni 3m<\/li>\n<li>J\u00e4lgimisnurk: 120 \u00b0<\/li>\n<li>Toetatud kaart: 32-128 GB (kaart ei ole komplektis)<\/li>\n<li>1 h. video salvestus 315 MB<\/li>\n<li>Pakkimisformaat: AVI H.264<\/li>\n<li>Toetatud s\u00fcsteemid: \u201eiOS\u201c \u201eAndroid\u201c \u201eWindows\u201c<\/li>\n<li>Rakendused: Android \/ iPhone<\/li>\n<li>Toiteallikad: aku v\u00f5i vooluv\u00f5rgust (nt mobiiltelefoni laadija)<\/li>\n<li>Wi-Fi: IEEE802.11 b\/g\/n<\/li>\n<li>Salvestuse juhtimine: igas nutiseadmest (telefon, arvuti v\u00f5i tahvelarvuti).<\/li>\n<li><strong>24 kuu garantii.<\/strong><\/li>\n<\/ul>\n<p>Kasutamine: enda, laste turvalisuse tagamiseks.<\/p>\n<p><span style=\"color: #d0121a\"><strong>Kui vajate kiiret kohaletoimetamist samal p\u00e4eval (ja n\u00e4dalavahetustel) \u2013 helistage +37068411114<\/strong><\/span><\/p>","protected":false},"excerpt":{"rendered":"<p>Tehniskie parametri: Att\u0101lin\u0101t\u0101 skat\u012b\u0161an\u0101s: J\u0100 Att\u0113ls tiek ierakst\u012bts ar ska\u0146u Uzst\u0101d\u012b\u0161ana aiz\u0146em da\u017eas min\u016btes Video kvalit\u0101te: FULL HD1080P, 1920*1080 Skat\u012bt att\u0113lus var: telefon\u0101, dator\u0101 un plan\u0161etdator\u0101 PIESL\u0112GTS NO T\u012aKLA DARBOJAS&#8230;<\/p>","protected":false},"featured_media":4895,"template":"","meta":[],"product_brand":[],"product_cat":[330,321,331],"product_tag":[],"class_list":{"0":"post-4894","1":"product","2":"type-product","3":"status-publish","4":"has-post-thumbnail","6":"product_cat-masketas-kameras","7":"product_cat-sleptas-kameras","8":"product_cat-wi-fi-slepenas-kameras","10":"first","11":"instock","12":"sale","13":"purchasable","14":"product-type-simple"},"yoast_head":"<!-- This site is optimized with the Yoast SEO plugin v27.4 - https:\/\/yoast.com\/product\/yoast-seo-wordpress\/ -->\n<title>USB l\u0101d\u0113t\u0101js ar slepenu videokameru<\/title>\n<meta name=\"robots\" content=\"index, follow, max-snippet:-1, max-image-preview:large, max-video-preview:-1\" \/>\n<link rel=\"canonical\" href=\"https:\/\/izsekosanasierices.lv\/et\/produkts\/usb-laadija-peidetud-kaameraga\/\" \/>\n<meta property=\"og:locale\" content=\"et_EE\" \/>\n<meta property=\"og:type\" content=\"article\" \/>\n<meta property=\"og:title\" content=\"USB l\u0101d\u0113t\u0101js ar slepenu videokameru\" \/>\n<meta property=\"og:description\" content=\"Tehniskie parametri: Att\u0101lin\u0101t\u0101 skat\u012b\u0161an\u0101s: J\u0100 Att\u0113ls tiek ierakst\u012bts ar ska\u0146u Uzst\u0101d\u012b\u0161ana aiz\u0146em da\u017eas min\u016btes Video kvalit\u0101te: FULL HD1080P, 1920*1080 Skat\u012bt att\u0113lus var: telefon\u0101, dator\u0101 un plan\u0161etdator\u0101 PIESL\u0112GTS NO T\u012aKLA DARBOJAS...\" \/>\n<meta property=\"og:url\" content=\"https:\/\/izsekosanasierices.lv\/et\/produkts\/usb-laadija-peidetud-kaameraga\/\" \/>\n<meta property=\"og:site_name\" content=\"Nr1 Izseko\u0161anas ier\u012bces gps izseko\u0161anas iek\u0101rtas, klaus\u012b\u0161an\u0101s iek\u0101rtas\" \/>\n<meta property=\"article:modified_time\" content=\"2025-12-29T13:19:41+00:00\" \/>\n<meta property=\"og:image\" content=\"https:\/\/izsekosanasierices.lv\/wp-content\/uploads\/slapta-vaizdo-kamera-imontuota-i-telefono-pakroveja.jpg\" \/>\n\t<meta property=\"og:image:width\" content=\"787\" \/>\n\t<meta property=\"og:image:height\" content=\"791\" \/>\n\t<meta property=\"og:image:type\" content=\"image\/jpeg\" \/>\n<meta name=\"twitter:card\" content=\"summary_large_image\" \/>\n<meta name=\"twitter:label1\" content=\"Est. reading time\" \/>\n\t<meta name=\"twitter:data1\" content=\"1 minut\" \/>\n<script type=\"application\/ld+json\" class=\"yoast-schema-graph\">{\"@context\":\"https:\\\/\\\/schema.org\",\"@graph\":[{\"@type\":\"WebPage\",\"@id\":\"https:\\\/\\\/izsekosanasierices.lv\\\/produkts\\\/usb-ladetajs-ar-slepenu-videokameru\\\/\",\"url\":\"https:\\\/\\\/izsekosanasierices.lv\\\/produkts\\\/usb-ladetajs-ar-slepenu-videokameru\\\/\",\"name\":\"USB l\u0101d\u0113t\u0101js ar slepenu videokameru\",\"isPartOf\":{\"@id\":\"https:\\\/\\\/izsekosanasierices.lv\\\/#website\"},\"primaryImageOfPage\":{\"@id\":\"https:\\\/\\\/izsekosanasierices.lv\\\/produkts\\\/usb-ladetajs-ar-slepenu-videokameru\\\/#primaryimage\"},\"image\":{\"@id\":\"https:\\\/\\\/izsekosanasierices.lv\\\/produkts\\\/usb-ladetajs-ar-slepenu-videokameru\\\/#primaryimage\"},\"thumbnailUrl\":\"https:\\\/\\\/izsekosanasierices.lv\\\/wp-content\\\/uploads\\\/slapta-vaizdo-kamera-imontuota-i-telefono-pakroveja.jpg\",\"datePublished\":\"2025-11-20T11:19:04+00:00\",\"dateModified\":\"2025-12-29T13:19:41+00:00\",\"breadcrumb\":{\"@id\":\"https:\\\/\\\/izsekosanasierices.lv\\\/produkts\\\/usb-ladetajs-ar-slepenu-videokameru\\\/#breadcrumb\"},\"inLanguage\":\"et\",\"potentialAction\":[{\"@type\":\"ReadAction\",\"target\":[\"https:\\\/\\\/izsekosanasierices.lv\\\/produkts\\\/usb-ladetajs-ar-slepenu-videokameru\\\/\"]}]},{\"@type\":\"ImageObject\",\"inLanguage\":\"et\",\"@id\":\"https:\\\/\\\/izsekosanasierices.lv\\\/produkts\\\/usb-ladetajs-ar-slepenu-videokameru\\\/#primaryimage\",\"url\":\"https:\\\/\\\/izsekosanasierices.lv\\\/wp-content\\\/uploads\\\/slapta-vaizdo-kamera-imontuota-i-telefono-pakroveja.jpg\",\"contentUrl\":\"https:\\\/\\\/izsekosanasierices.lv\\\/wp-content\\\/uploads\\\/slapta-vaizdo-kamera-imontuota-i-telefono-pakroveja.jpg\",\"width\":787,\"height\":791},{\"@type\":\"BreadcrumbList\",\"@id\":\"https:\\\/\\\/izsekosanasierices.lv\\\/produkts\\\/usb-ladetajs-ar-slepenu-videokameru\\\/#breadcrumb\",\"itemListElement\":[{\"@type\":\"ListItem\",\"position\":1,\"name\":\"S\u0101kums\",\"item\":\"https:\\\/\\\/izsekosanasierices.lv\\\/\"},{\"@type\":\"ListItem\",\"position\":2,\"name\":\"Veikals\",\"item\":\"https:\\\/\\\/izsekosanasierices.lv\\\/veikals\\\/\"},{\"@type\":\"ListItem\",\"position\":3,\"name\":\"USB l\u0101d\u0113t\u0101js ar slepenu videokameru\"}]},{\"@type\":\"WebSite\",\"@id\":\"https:\\\/\\\/izsekosanasierices.lv\\\/#website\",\"url\":\"https:\\\/\\\/izsekosanasierices.lv\\\/\",\"name\":\"Nr1 Izseko\u0161anas ier\u012bces gps izseko\u0161anas iek\u0101rtas, klaus\u012b\u0161an\u0101s iek\u0101rtas\",\"description\":\"\",\"potentialAction\":[{\"@type\":\"SearchAction\",\"target\":{\"@type\":\"EntryPoint\",\"urlTemplate\":\"https:\\\/\\\/izsekosanasierices.lv\\\/?s={search_term_string}\"},\"query-input\":{\"@type\":\"PropertyValueSpecification\",\"valueRequired\":true,\"valueName\":\"search_term_string\"}}],\"inLanguage\":\"et\"}]}<\/script>\n<!-- \/ Yoast SEO plugin. -->","yoast_head_json":{"title":"USB l\u0101d\u0113t\u0101js ar slepenu videokameru","robots":{"index":"index","follow":"follow","max-snippet":"max-snippet:-1","max-image-preview":"max-image-preview:large","max-video-preview":"max-video-preview:-1"},"canonical":"https:\/\/izsekosanasierices.lv\/et\/produkts\/usb-laadija-peidetud-kaameraga\/","og_locale":"et_EE","og_type":"article","og_title":"USB l\u0101d\u0113t\u0101js ar slepenu videokameru","og_description":"Tehniskie parametri: Att\u0101lin\u0101t\u0101 skat\u012b\u0161an\u0101s: J\u0100 Att\u0113ls tiek ierakst\u012bts ar ska\u0146u Uzst\u0101d\u012b\u0161ana aiz\u0146em da\u017eas min\u016btes Video kvalit\u0101te: FULL HD1080P, 1920*1080 Skat\u012bt att\u0113lus var: telefon\u0101, dator\u0101 un plan\u0161etdator\u0101 PIESL\u0112GTS NO T\u012aKLA DARBOJAS...","og_url":"https:\/\/izsekosanasierices.lv\/et\/produkts\/usb-laadija-peidetud-kaameraga\/","og_site_name":"Nr1 Izseko\u0161anas ier\u012bces gps izseko\u0161anas iek\u0101rtas, klaus\u012b\u0161an\u0101s iek\u0101rtas","article_modified_time":"2025-12-29T13:19:41+00:00","og_image":[{"width":787,"height":791,"url":"https:\/\/izsekosanasierices.lv\/wp-content\/uploads\/slapta-vaizdo-kamera-imontuota-i-telefono-pakroveja.jpg","type":"image\/jpeg"}],"twitter_card":"summary_large_image","twitter_misc":{"Est. reading time":"1 minut"},"schema":{"@context":"https:\/\/schema.org","@graph":[{"@type":"WebPage","@id":"https:\/\/izsekosanasierices.lv\/produkts\/usb-ladetajs-ar-slepenu-videokameru\/","url":"https:\/\/izsekosanasierices.lv\/produkts\/usb-ladetajs-ar-slepenu-videokameru\/","name":"USB l\u0101d\u0113t\u0101js ar slepenu videokameru","isPartOf":{"@id":"https:\/\/izsekosanasierices.lv\/#website"},"primaryImageOfPage":{"@id":"https:\/\/izsekosanasierices.lv\/produkts\/usb-ladetajs-ar-slepenu-videokameru\/#primaryimage"},"image":{"@id":"https:\/\/izsekosanasierices.lv\/produkts\/usb-ladetajs-ar-slepenu-videokameru\/#primaryimage"},"thumbnailUrl":"https:\/\/izsekosanasierices.lv\/wp-content\/uploads\/slapta-vaizdo-kamera-imontuota-i-telefono-pakroveja.jpg","datePublished":"2025-11-20T11:19:04+00:00","dateModified":"2025-12-29T13:19:41+00:00","breadcrumb":{"@id":"https:\/\/izsekosanasierices.lv\/produkts\/usb-ladetajs-ar-slepenu-videokameru\/#breadcrumb"},"inLanguage":"et","potentialAction":[{"@type":"ReadAction","target":["https:\/\/izsekosanasierices.lv\/produkts\/usb-ladetajs-ar-slepenu-videokameru\/"]}]},{"@type":"ImageObject","inLanguage":"et","@id":"https:\/\/izsekosanasierices.lv\/produkts\/usb-ladetajs-ar-slepenu-videokameru\/#primaryimage","url":"https:\/\/izsekosanasierices.lv\/wp-content\/uploads\/slapta-vaizdo-kamera-imontuota-i-telefono-pakroveja.jpg","contentUrl":"https:\/\/izsekosanasierices.lv\/wp-content\/uploads\/slapta-vaizdo-kamera-imontuota-i-telefono-pakroveja.jpg","width":787,"height":791},{"@type":"BreadcrumbList","@id":"https:\/\/izsekosanasierices.lv\/produkts\/usb-ladetajs-ar-slepenu-videokameru\/#breadcrumb","itemListElement":[{"@type":"ListItem","position":1,"name":"S\u0101kums","item":"https:\/\/izsekosanasierices.lv\/"},{"@type":"ListItem","position":2,"name":"Veikals","item":"https:\/\/izsekosanasierices.lv\/veikals\/"},{"@type":"ListItem","position":3,"name":"USB l\u0101d\u0113t\u0101js ar slepenu videokameru"}]},{"@type":"WebSite","@id":"https:\/\/izsekosanasierices.lv\/#website","url":"https:\/\/izsekosanasierices.lv\/","name":"Nr1 Izseko\u0161anas ier\u012bces gps izseko\u0161anas iek\u0101rtas, klaus\u012b\u0161an\u0101s iek\u0101rtas","description":"","potentialAction":[{"@type":"SearchAction","target":{"@type":"EntryPoint","urlTemplate":"https:\/\/izsekosanasierices.lv\/?s={search_term_string}"},"query-input":{"@type":"PropertyValueSpecification","valueRequired":true,"valueName":"search_term_string"}}],"inLanguage":"et"}]}},"_links":{"self":[{"href":"https:\/\/izsekosanasierices.lv\/et\/wp-json\/wp\/v2\/product\/4894","targetHints":{"allow":["GET"]}}],"collection":[{"href":"https:\/\/izsekosanasierices.lv\/et\/wp-json\/wp\/v2\/product"}],"about":[{"href":"https:\/\/izsekosanasierices.lv\/et\/wp-json\/wp\/v2\/types\/product"}],"wp:featuredmedia":[{"embeddable":true,"href":"https:\/\/izsekosanasierices.lv\/et\/wp-json\/wp\/v2\/media\/4895"}],"wp:attachment":[{"href":"https:\/\/izsekosanasierices.lv\/et\/wp-json\/wp\/v2\/media?parent=4894"}],"wp:term":[{"taxonomy":"product_brand","embeddable":true,"href":"https:\/\/izsekosanasierices.lv\/et\/wp-json\/wp\/v2\/product_brand?post=4894"},{"taxonomy":"product_cat","embeddable":true,"href":"https:\/\/izsekosanasierices.lv\/et\/wp-json\/wp\/v2\/product_cat?post=4894"},{"taxonomy":"product_tag","embeddable":true,"href":"https:\/\/izsekosanasierices.lv\/et\/wp-json\/wp\/v2\/product_tag?post=4894"}],"curies":[{"name":"wp","href":"https:\/\/api.w.org\/{rel}","templated":true}]}}