{"id":4986,"date":"2025-11-20T13:20:48","date_gmt":"2025-11-20T11:20:48","guid":{"rendered":"https:\/\/izsekosanasierices.lv\/?post_type=product&#038;p=4986"},"modified":"2025-11-20T14:39:08","modified_gmt":"2025-11-20T12:39:08","slug":"tikla-sadalitajs-telefona-ladetajs-usb-type-c","status":"publish","type":"product","link":"https:\/\/izsekosanasierices.lv\/et\/produkts\/vorgu-jagaja-telefoni-laadija-usb-type-c\/","title":{"rendered":"V\u00f5rgu jaotur telefoni laadija USB type C"},"content":{"rendered":"<p><strong>Tehnilised parameetrid:<\/strong><\/p>\n<ul>\n<li>Te saate n\u00e4ha igast maailma nurgast<\/li>\n<li>Kaamera seadistamine on v\u00e4ga lihtne.<\/li>\n<li>Atbilst android iphone telefonidele<\/li>\n<li>Type -C ja USB laadimisportid<\/li>\n<li>Video salvestamine koos heliga<\/li>\n<li>Salvestamise eraldusv\u00f5ime: FULLHD<\/li>\n<li>Heli: m\u00fcrasummutusmikrofon<\/li>\n<li>J\u00e4lgimine veebis reaalajas (mobiilirakenduse kaudu)<\/li>\n<li>Liikumisandur \u2013 saab salvestada pilti liikumisest<\/li>\n<li>Video salvestamine pidevalt v\u00f5i (\u00fcles)<\/li>\n<li>Videosalvestus: H264<\/li>\n<li>M\u00f5\u00f5dud 102 mm x 100 mm x 44 mm<\/li>\n<li>Komplekt: Wifi kaamera<\/li>\n<li><strong>Garantii 12 kuud.<\/strong><\/li>\n<\/ul>\n<p><span style=\"color: #d0121a\"><strong>Kas vajate kiiret kohaletoimetamist samal p\u00e4eval? (ja n\u00e4dalavahetustel) \u2013 helistage +37068411114<\/strong><\/span><\/p>\n<p>Kasutamine: Teie laste kaitseks.<\/p>\n<p><b>Diskreetsus Ilma Kompromissideta: Salajane FULL HD Kaamera, Mis J\u00e4\u00e4b M\u00e4rkamata<\/b><\/p>\n<p>Otsite lahendust, mis tagab t\u00e4ieliku turvalisuse, kuid ei tekita kahtlusi? Meie vastus \u2013 <b>funktsionaalne v\u00f5rgu jaotur integreeritud salajase kaameraga.<\/b><\/p>\n<p>See ei ole lihtsalt veel \u00fcks laadija. See on tipptasemel j\u00e4lgimisseade, mis on ideaalselt maskeeritud igap\u00e4evases seadmes.<\/p>\n<p><b>Teie Rahu \u2013 Meie Prioriteet:<\/b><\/p>\n<ul>\n<li><b>T\u00e4ielik Saladus:<\/b> Seade n\u00e4eb v\u00e4lja ja t\u00f6\u00f6tab nagu tavaline laadimiskeskus, kaasaegsete <b>Type-C ja USB laadimisportidega<\/b>. Keegi ei kahtlusta, et korpuse all peitub <b>FULL HD<\/b> j\u00e4lgimisseade.<\/li>\n<li><b>Juurdep\u00e4\u00e4s Igalt Poolt:<\/b> J\u00e4lgige pilti <b>reaalajas igast maailma nurgast<\/b> \u2013 mobiilirakenduse kaudu, mis on m\u00f5eldud <b>Android<\/b> ja <b>iPhone<\/b> telefonidele. Konfiguratsioon on v\u00e4ga lihtne ja kiire.<\/li>\n<li><b>Numbriline Helisalvestus:<\/b> Kuulake iga detaili. Sisseehitatud <b>mikrofon m\u00fcrasummutuse funktsiooniga<\/b> tagab, et video salvestamine koos heliga fikseerib selge vestluse sisu.<\/li>\n<li><b>Nutikas Salvestus:<\/b> <b>Liikumisandur<\/b> salvestab ainult siis, kui see on vajalik, s\u00e4\u00e4stes m\u00e4lu. Samuti saate valida pideva v\u00f5i ts\u00fcklilise (\u00fcles) salvestamise.<\/li>\n<\/ul>","protected":false},"excerpt":{"rendered":"<p>Tehniskie parametri: J\u016bs varat redz\u0113t no jebkuras pasaules vietas \u013boti viegli konfigur\u0113t kameru. Atbilst android iphone telefoniem Type -C un USB uzl\u0101des ligzdas Video ierakst\u012b\u0161ana ar ska\u0146u Ieraksta iz\u0161\u0137irtsp\u0113ja: FULLHD&#8230;<\/p>","protected":false},"featured_media":4987,"template":"","meta":[],"product_brand":[],"product_cat":[15,330,321,331],"product_tag":[],"class_list":{"0":"post-4986","1":"product","2":"type-product","3":"status-publish","4":"has-post-thumbnail","6":"product_cat-be-kategorijos","7":"product_cat-masketas-kameras","8":"product_cat-sleptas-kameras","9":"product_cat-wi-fi-slepenas-kameras","11":"first","12":"instock","13":"purchasable","14":"product-type-simple"},"yoast_head":"<!-- This site is optimized with the Yoast SEO plugin v27.4 - https:\/\/yoast.com\/product\/yoast-seo-wordpress\/ -->\n<title>T\u012bkla sadal\u012bt\u0101js telefona l\u0101d\u0113t\u0101js USB type C<\/title>\n<meta name=\"robots\" content=\"index, follow, max-snippet:-1, max-image-preview:large, max-video-preview:-1\" \/>\n<link rel=\"canonical\" href=\"https:\/\/izsekosanasierices.lv\/et\/produkts\/vorgu-jagaja-telefoni-laadija-usb-type-c\/\" \/>\n<meta property=\"og:locale\" content=\"et_EE\" \/>\n<meta property=\"og:type\" content=\"article\" \/>\n<meta property=\"og:title\" content=\"T\u012bkla sadal\u012bt\u0101js telefona l\u0101d\u0113t\u0101js USB type C\" \/>\n<meta property=\"og:description\" content=\"Tehniskie parametri: J\u016bs varat redz\u0113t no jebkuras pasaules vietas \u013boti viegli konfigur\u0113t kameru. Atbilst android iphone telefoniem Type -C un USB uzl\u0101des ligzdas Video ierakst\u012b\u0161ana ar ska\u0146u Ieraksta iz\u0161\u0137irtsp\u0113ja: FULLHD...\" \/>\n<meta property=\"og:url\" content=\"https:\/\/izsekosanasierices.lv\/et\/produkts\/vorgu-jagaja-telefoni-laadija-usb-type-c\/\" \/>\n<meta property=\"og:site_name\" content=\"Nr1 Izseko\u0161anas ier\u012bces gps izseko\u0161anas iek\u0101rtas, klaus\u012b\u0161an\u0101s iek\u0101rtas\" \/>\n<meta property=\"article:modified_time\" content=\"2025-11-20T12:39:08+00:00\" \/>\n<meta property=\"og:image\" content=\"https:\/\/izsekosanasierices.lv\/wp-content\/uploads\/Slapta-kamera-tinklo-sakotuvas-pilkas.jpeg\" \/>\n\t<meta property=\"og:image:width\" content=\"1020\" \/>\n\t<meta property=\"og:image:height\" content=\"1020\" \/>\n\t<meta property=\"og:image:type\" content=\"image\/jpeg\" \/>\n<meta name=\"twitter:card\" content=\"summary_large_image\" \/>\n<meta name=\"twitter:label1\" content=\"Est. reading time\" \/>\n\t<meta name=\"twitter:data1\" content=\"2 minutit\" \/>\n<script type=\"application\/ld+json\" class=\"yoast-schema-graph\">{\"@context\":\"https:\\\/\\\/schema.org\",\"@graph\":[{\"@type\":\"WebPage\",\"@id\":\"https:\\\/\\\/izsekosanasierices.lv\\\/produkts\\\/tikla-sadalitajs-telefona-ladetajs-usb-type-c\\\/\",\"url\":\"https:\\\/\\\/izsekosanasierices.lv\\\/produkts\\\/tikla-sadalitajs-telefona-ladetajs-usb-type-c\\\/\",\"name\":\"T\u012bkla sadal\u012bt\u0101js telefona l\u0101d\u0113t\u0101js USB type C\",\"isPartOf\":{\"@id\":\"https:\\\/\\\/izsekosanasierices.lv\\\/#website\"},\"primaryImageOfPage\":{\"@id\":\"https:\\\/\\\/izsekosanasierices.lv\\\/produkts\\\/tikla-sadalitajs-telefona-ladetajs-usb-type-c\\\/#primaryimage\"},\"image\":{\"@id\":\"https:\\\/\\\/izsekosanasierices.lv\\\/produkts\\\/tikla-sadalitajs-telefona-ladetajs-usb-type-c\\\/#primaryimage\"},\"thumbnailUrl\":\"https:\\\/\\\/izsekosanasierices.lv\\\/wp-content\\\/uploads\\\/Slapta-kamera-tinklo-sakotuvas-pilkas.jpeg\",\"datePublished\":\"2025-11-20T11:20:48+00:00\",\"dateModified\":\"2025-11-20T12:39:08+00:00\",\"breadcrumb\":{\"@id\":\"https:\\\/\\\/izsekosanasierices.lv\\\/produkts\\\/tikla-sadalitajs-telefona-ladetajs-usb-type-c\\\/#breadcrumb\"},\"inLanguage\":\"et\",\"potentialAction\":[{\"@type\":\"ReadAction\",\"target\":[\"https:\\\/\\\/izsekosanasierices.lv\\\/produkts\\\/tikla-sadalitajs-telefona-ladetajs-usb-type-c\\\/\"]}]},{\"@type\":\"ImageObject\",\"inLanguage\":\"et\",\"@id\":\"https:\\\/\\\/izsekosanasierices.lv\\\/produkts\\\/tikla-sadalitajs-telefona-ladetajs-usb-type-c\\\/#primaryimage\",\"url\":\"https:\\\/\\\/izsekosanasierices.lv\\\/wp-content\\\/uploads\\\/Slapta-kamera-tinklo-sakotuvas-pilkas.jpeg\",\"contentUrl\":\"https:\\\/\\\/izsekosanasierices.lv\\\/wp-content\\\/uploads\\\/Slapta-kamera-tinklo-sakotuvas-pilkas.jpeg\",\"width\":1020,\"height\":1020},{\"@type\":\"BreadcrumbList\",\"@id\":\"https:\\\/\\\/izsekosanasierices.lv\\\/produkts\\\/tikla-sadalitajs-telefona-ladetajs-usb-type-c\\\/#breadcrumb\",\"itemListElement\":[{\"@type\":\"ListItem\",\"position\":1,\"name\":\"S\u0101kums\",\"item\":\"https:\\\/\\\/izsekosanasierices.lv\\\/\"},{\"@type\":\"ListItem\",\"position\":2,\"name\":\"Veikals\",\"item\":\"https:\\\/\\\/izsekosanasierices.lv\\\/veikals\\\/\"},{\"@type\":\"ListItem\",\"position\":3,\"name\":\"T\u012bkla sadal\u012bt\u0101js telefona l\u0101d\u0113t\u0101js USB type C\"}]},{\"@type\":\"WebSite\",\"@id\":\"https:\\\/\\\/izsekosanasierices.lv\\\/#website\",\"url\":\"https:\\\/\\\/izsekosanasierices.lv\\\/\",\"name\":\"Nr1 Izseko\u0161anas ier\u012bces gps izseko\u0161anas iek\u0101rtas, klaus\u012b\u0161an\u0101s iek\u0101rtas\",\"description\":\"\",\"potentialAction\":[{\"@type\":\"SearchAction\",\"target\":{\"@type\":\"EntryPoint\",\"urlTemplate\":\"https:\\\/\\\/izsekosanasierices.lv\\\/?s={search_term_string}\"},\"query-input\":{\"@type\":\"PropertyValueSpecification\",\"valueRequired\":true,\"valueName\":\"search_term_string\"}}],\"inLanguage\":\"et\"}]}<\/script>\n<!-- \/ Yoast SEO plugin. -->","yoast_head_json":{"title":"T\u012bkla sadal\u012bt\u0101js telefona l\u0101d\u0113t\u0101js USB type C","robots":{"index":"index","follow":"follow","max-snippet":"max-snippet:-1","max-image-preview":"max-image-preview:large","max-video-preview":"max-video-preview:-1"},"canonical":"https:\/\/izsekosanasierices.lv\/et\/produkts\/vorgu-jagaja-telefoni-laadija-usb-type-c\/","og_locale":"et_EE","og_type":"article","og_title":"T\u012bkla sadal\u012bt\u0101js telefona l\u0101d\u0113t\u0101js USB type C","og_description":"Tehniskie parametri: J\u016bs varat redz\u0113t no jebkuras pasaules vietas \u013boti viegli konfigur\u0113t kameru. Atbilst android iphone telefoniem Type -C un USB uzl\u0101des ligzdas Video ierakst\u012b\u0161ana ar ska\u0146u Ieraksta iz\u0161\u0137irtsp\u0113ja: FULLHD...","og_url":"https:\/\/izsekosanasierices.lv\/et\/produkts\/vorgu-jagaja-telefoni-laadija-usb-type-c\/","og_site_name":"Nr1 Izseko\u0161anas ier\u012bces gps izseko\u0161anas iek\u0101rtas, klaus\u012b\u0161an\u0101s iek\u0101rtas","article_modified_time":"2025-11-20T12:39:08+00:00","og_image":[{"width":1020,"height":1020,"url":"https:\/\/izsekosanasierices.lv\/wp-content\/uploads\/Slapta-kamera-tinklo-sakotuvas-pilkas.jpeg","type":"image\/jpeg"}],"twitter_card":"summary_large_image","twitter_misc":{"Est. reading time":"2 minutit"},"schema":{"@context":"https:\/\/schema.org","@graph":[{"@type":"WebPage","@id":"https:\/\/izsekosanasierices.lv\/produkts\/tikla-sadalitajs-telefona-ladetajs-usb-type-c\/","url":"https:\/\/izsekosanasierices.lv\/produkts\/tikla-sadalitajs-telefona-ladetajs-usb-type-c\/","name":"T\u012bkla sadal\u012bt\u0101js telefona l\u0101d\u0113t\u0101js USB type C","isPartOf":{"@id":"https:\/\/izsekosanasierices.lv\/#website"},"primaryImageOfPage":{"@id":"https:\/\/izsekosanasierices.lv\/produkts\/tikla-sadalitajs-telefona-ladetajs-usb-type-c\/#primaryimage"},"image":{"@id":"https:\/\/izsekosanasierices.lv\/produkts\/tikla-sadalitajs-telefona-ladetajs-usb-type-c\/#primaryimage"},"thumbnailUrl":"https:\/\/izsekosanasierices.lv\/wp-content\/uploads\/Slapta-kamera-tinklo-sakotuvas-pilkas.jpeg","datePublished":"2025-11-20T11:20:48+00:00","dateModified":"2025-11-20T12:39:08+00:00","breadcrumb":{"@id":"https:\/\/izsekosanasierices.lv\/produkts\/tikla-sadalitajs-telefona-ladetajs-usb-type-c\/#breadcrumb"},"inLanguage":"et","potentialAction":[{"@type":"ReadAction","target":["https:\/\/izsekosanasierices.lv\/produkts\/tikla-sadalitajs-telefona-ladetajs-usb-type-c\/"]}]},{"@type":"ImageObject","inLanguage":"et","@id":"https:\/\/izsekosanasierices.lv\/produkts\/tikla-sadalitajs-telefona-ladetajs-usb-type-c\/#primaryimage","url":"https:\/\/izsekosanasierices.lv\/wp-content\/uploads\/Slapta-kamera-tinklo-sakotuvas-pilkas.jpeg","contentUrl":"https:\/\/izsekosanasierices.lv\/wp-content\/uploads\/Slapta-kamera-tinklo-sakotuvas-pilkas.jpeg","width":1020,"height":1020},{"@type":"BreadcrumbList","@id":"https:\/\/izsekosanasierices.lv\/produkts\/tikla-sadalitajs-telefona-ladetajs-usb-type-c\/#breadcrumb","itemListElement":[{"@type":"ListItem","position":1,"name":"S\u0101kums","item":"https:\/\/izsekosanasierices.lv\/"},{"@type":"ListItem","position":2,"name":"Veikals","item":"https:\/\/izsekosanasierices.lv\/veikals\/"},{"@type":"ListItem","position":3,"name":"T\u012bkla sadal\u012bt\u0101js telefona l\u0101d\u0113t\u0101js USB type C"}]},{"@type":"WebSite","@id":"https:\/\/izsekosanasierices.lv\/#website","url":"https:\/\/izsekosanasierices.lv\/","name":"Nr1 Izseko\u0161anas ier\u012bces gps izseko\u0161anas iek\u0101rtas, klaus\u012b\u0161an\u0101s iek\u0101rtas","description":"","potentialAction":[{"@type":"SearchAction","target":{"@type":"EntryPoint","urlTemplate":"https:\/\/izsekosanasierices.lv\/?s={search_term_string}"},"query-input":{"@type":"PropertyValueSpecification","valueRequired":true,"valueName":"search_term_string"}}],"inLanguage":"et"}]}},"_links":{"self":[{"href":"https:\/\/izsekosanasierices.lv\/et\/wp-json\/wp\/v2\/product\/4986","targetHints":{"allow":["GET"]}}],"collection":[{"href":"https:\/\/izsekosanasierices.lv\/et\/wp-json\/wp\/v2\/product"}],"about":[{"href":"https:\/\/izsekosanasierices.lv\/et\/wp-json\/wp\/v2\/types\/product"}],"wp:featuredmedia":[{"embeddable":true,"href":"https:\/\/izsekosanasierices.lv\/et\/wp-json\/wp\/v2\/media\/4987"}],"wp:attachment":[{"href":"https:\/\/izsekosanasierices.lv\/et\/wp-json\/wp\/v2\/media?parent=4986"}],"wp:term":[{"taxonomy":"product_brand","embeddable":true,"href":"https:\/\/izsekosanasierices.lv\/et\/wp-json\/wp\/v2\/product_brand?post=4986"},{"taxonomy":"product_cat","embeddable":true,"href":"https:\/\/izsekosanasierices.lv\/et\/wp-json\/wp\/v2\/product_cat?post=4986"},{"taxonomy":"product_tag","embeddable":true,"href":"https:\/\/izsekosanasierices.lv\/et\/wp-json\/wp\/v2\/product_tag?post=4986"}],"curies":[{"name":"wp","href":"https:\/\/api.w.org\/{rel}","templated":true}]}}