{"id":5009,"date":"2025-11-20T13:24:13","date_gmt":"2025-11-20T11:24:13","guid":{"rendered":"https:\/\/izsekosanasierices.lv\/?post_type=product&#038;p=5009"},"modified":"2025-11-20T15:05:28","modified_gmt":"2025-11-20T13:05:28","slug":"slepena-kamera-eterisko-ellu-tvaicetajs-balts","status":"publish","type":"product","link":"https:\/\/izsekosanasierices.lv\/et\/produkts\/peidetud-kaamera-eeterilise-elu-auru-generaator-valge\/","title":{"rendered":"Peidetud kaamera eeterlike \u00f5lide auru generaator valge"},"content":{"rendered":"<h2><strong>Tehnilised parameetrid:<\/strong><\/h2>\n<ul>\n<li>V\u00f5imalus vaadata pilti otse\u00fclekandes mobiilirakenduse kaudu<\/li>\n<li>Parim valik<\/li>\n<li>Puitv\u00e4rv<\/li>\n<li>Eeterlike \u00f5lide auru generaator 120ml. vee maht<\/li>\n<li>Vee maht 120ml.<\/li>\n<li>7 v\u00e4rvi valgustus<\/li>\n<li>100% Funktsionaalne aurusti<\/li>\n<li>Kiire \u00fchendamine v\u00f5tab vaid 2 minutit.<\/li>\n<li>Saate vaadata otse\u00fclekannet oma telefonist<\/li>\n<li>Ei levita m\u00fcra ja valguse ei levita<\/li>\n<li>\u00dchendatav elektriv\u00f5rku, t\u00f6\u00f6tab pidevalt, akut ei pea laadima<\/li>\n<li>Salvestuslahutus: Full HD<\/li>\n<li>Video formaat: avi | max 25fps<\/li>\n<li>Vaate nurk: 100 \u00b0 v\u00e4ga lai nurk<\/li>\n<li>M\u00fcra: mikrofon m\u00fcrasummutuse funktsiooniga<\/li>\n<li>Laadimine USB kaabli kaudu<\/li>\n<li>Videokodeerimine: H264<\/li>\n<li>Musta puidu v\u00e4rv<\/li>\n<li>Komplekt: Wifi kaamera eeterlike \u00f5lide auru generaator, micro SD kaardilugeja, usb kaabel<\/li>\n<li>M\u00f5\u00f5dud: 115mm x 115mm x 160mm<\/li>\n<li>Garantii 12 kuud.<\/li>\n<\/ul>\n<p>\u00a0<\/p>\n<h4>Peidetud kaamera: Suurep\u00e4raselt maskeeritud \u00f5huniisutajas<\/h4>\n<p>Kas otsite usaldusv\u00e4\u00e4rset viisi ruumide diskreetseks j\u00e4lgimiseks? See seade on lahendus, kus <b>peidetud kaamera on suurep\u00e4raselt maskeeritud<\/b> nagu igap\u00e4evane kodune ese.<\/p>\n<p>Selle seadme peamine funktsioon on <b>salajane video j\u00e4lgimine<\/b>. Kaamera on integreeritud nii m\u00e4rkamatult, et keegi ei kahtlusta selle t\u00f5elist eesm\u00e4rki. Saate kaugelt j\u00e4lgida pilti reaalajas, tagades oma rahu ja turvalisuse.<\/p>\n<p><b>Maskeerimisfunktsionaalsus (\u00d5huniisutaja \/ Difuusor):<\/b><\/p>\n<p>Et tagada maksimaalne salajasus, t\u00f6\u00f6tab seade t\u00e4ielikult nagu <b>\u00f5huniisutaja<\/b> ja <b>eeterlike \u00f5lide difuusor<\/b>. Need funktsioonid mitte ainult ei lase seadmel igas ruumis loomulikult v\u00e4lja n\u00e4ha, vaid pakuvad ka kasu \u2013 niisutavad \u00f5hku ja levitavad meeldivaid l\u00f5hnu. Nii muutub seade normaalseks sisekujunduse osaks ja seda ei pea peitma.<\/p>\n<p>See on ideaalne lahendus, kui vajate <b>k\u00f5rgetasemelist maskeerimist<\/b> j\u00e4lgimisseadmele.<\/p>","protected":false},"excerpt":{"rendered":"<p>Tehniskie parametri: Iesp\u0113ja skat\u012bties att\u0113lu tie\u0161raid\u0113 caur mob. lietotni Lab\u0101kais izv\u0113le Koka kr\u0101sa \u0112terisko e\u013c\u013cu iztvaic\u0113t\u0101js 120ml. \u016bdens tilpums \u016adens tilpums 120ml. 7 kr\u0101su apgaismojums 100% funkcion\u0113jo\u0161s iztvaic\u0113t\u0101js \u0100tra piesl\u0113g\u0161ana&#8230;<\/p>","protected":false},"featured_media":5010,"template":"","meta":[],"product_brand":[],"product_cat":[330,321,331],"product_tag":[],"class_list":{"0":"post-5009","1":"product","2":"type-product","3":"status-publish","4":"has-post-thumbnail","6":"product_cat-masketas-kameras","7":"product_cat-sleptas-kameras","8":"product_cat-wi-fi-slepenas-kameras","10":"first","11":"instock","12":"purchasable","13":"product-type-simple"},"yoast_head":"<!-- This site is optimized with the Yoast SEO plugin v27.5 - https:\/\/yoast.com\/product\/yoast-seo-wordpress\/ -->\n<title>Slepen\u0101 kamera \u0113terisko e\u013c\u013cu tvaic\u0113t\u0101js balts<\/title>\n<meta name=\"robots\" content=\"index, follow, max-snippet:-1, max-image-preview:large, max-video-preview:-1\" \/>\n<link rel=\"canonical\" href=\"https:\/\/izsekosanasierices.lv\/et\/produkts\/peidetud-kaamera-eeterilise-elu-auru-generaator-valge\/\" \/>\n<meta property=\"og:locale\" content=\"et_EE\" \/>\n<meta property=\"og:type\" content=\"article\" \/>\n<meta property=\"og:title\" content=\"Slepen\u0101 kamera \u0113terisko e\u013c\u013cu tvaic\u0113t\u0101js balts\" \/>\n<meta property=\"og:description\" content=\"Tehniskie parametri: Iesp\u0113ja skat\u012bties att\u0113lu tie\u0161raid\u0113 caur mob. lietotni Lab\u0101kais izv\u0113le Koka kr\u0101sa \u0112terisko e\u013c\u013cu iztvaic\u0113t\u0101js 120ml. \u016bdens tilpums \u016adens tilpums 120ml. 7 kr\u0101su apgaismojums 100% funkcion\u0113jo\u0161s iztvaic\u0113t\u0101js \u0100tra piesl\u0113g\u0161ana...\" \/>\n<meta property=\"og:url\" content=\"https:\/\/izsekosanasierices.lv\/et\/produkts\/peidetud-kaamera-eeterilise-elu-auru-generaator-valge\/\" \/>\n<meta property=\"og:site_name\" content=\"Nr1 Izseko\u0161anas ier\u012bces gps izseko\u0161anas iek\u0101rtas, klaus\u012b\u0161an\u0101s iek\u0101rtas\" \/>\n<meta property=\"article:modified_time\" content=\"2025-11-20T13:05:28+00:00\" \/>\n<meta property=\"og:image\" content=\"https:\/\/izsekosanasierices.lv\/wp-content\/uploads\/slapta-kamera-eteriniu-alieju-garintuvas.jpeg\" \/>\n\t<meta property=\"og:image:width\" content=\"584\" \/>\n\t<meta property=\"og:image:height\" content=\"595\" \/>\n\t<meta property=\"og:image:type\" content=\"image\/jpeg\" \/>\n<meta name=\"twitter:card\" content=\"summary_large_image\" \/>\n<meta name=\"twitter:label1\" content=\"Est. reading time\" \/>\n\t<meta name=\"twitter:data1\" content=\"2 minutit\" \/>\n<script type=\"application\/ld+json\" class=\"yoast-schema-graph\">{\"@context\":\"https:\\\/\\\/schema.org\",\"@graph\":[{\"@type\":\"WebPage\",\"@id\":\"https:\\\/\\\/izsekosanasierices.lv\\\/produkts\\\/slepena-kamera-eterisko-ellu-tvaicetajs-balts\\\/\",\"url\":\"https:\\\/\\\/izsekosanasierices.lv\\\/produkts\\\/slepena-kamera-eterisko-ellu-tvaicetajs-balts\\\/\",\"name\":\"Slepen\u0101 kamera \u0113terisko e\u013c\u013cu tvaic\u0113t\u0101js balts\",\"isPartOf\":{\"@id\":\"https:\\\/\\\/izsekosanasierices.lv\\\/#website\"},\"primaryImageOfPage\":{\"@id\":\"https:\\\/\\\/izsekosanasierices.lv\\\/produkts\\\/slepena-kamera-eterisko-ellu-tvaicetajs-balts\\\/#primaryimage\"},\"image\":{\"@id\":\"https:\\\/\\\/izsekosanasierices.lv\\\/produkts\\\/slepena-kamera-eterisko-ellu-tvaicetajs-balts\\\/#primaryimage\"},\"thumbnailUrl\":\"https:\\\/\\\/izsekosanasierices.lv\\\/wp-content\\\/uploads\\\/slapta-kamera-eteriniu-alieju-garintuvas.jpeg\",\"datePublished\":\"2025-11-20T11:24:13+00:00\",\"dateModified\":\"2025-11-20T13:05:28+00:00\",\"breadcrumb\":{\"@id\":\"https:\\\/\\\/izsekosanasierices.lv\\\/produkts\\\/slepena-kamera-eterisko-ellu-tvaicetajs-balts\\\/#breadcrumb\"},\"inLanguage\":\"et\",\"potentialAction\":[{\"@type\":\"ReadAction\",\"target\":[\"https:\\\/\\\/izsekosanasierices.lv\\\/produkts\\\/slepena-kamera-eterisko-ellu-tvaicetajs-balts\\\/\"]}]},{\"@type\":\"ImageObject\",\"inLanguage\":\"et\",\"@id\":\"https:\\\/\\\/izsekosanasierices.lv\\\/produkts\\\/slepena-kamera-eterisko-ellu-tvaicetajs-balts\\\/#primaryimage\",\"url\":\"https:\\\/\\\/izsekosanasierices.lv\\\/wp-content\\\/uploads\\\/slapta-kamera-eteriniu-alieju-garintuvas.jpeg\",\"contentUrl\":\"https:\\\/\\\/izsekosanasierices.lv\\\/wp-content\\\/uploads\\\/slapta-kamera-eteriniu-alieju-garintuvas.jpeg\",\"width\":584,\"height\":595},{\"@type\":\"BreadcrumbList\",\"@id\":\"https:\\\/\\\/izsekosanasierices.lv\\\/produkts\\\/slepena-kamera-eterisko-ellu-tvaicetajs-balts\\\/#breadcrumb\",\"itemListElement\":[{\"@type\":\"ListItem\",\"position\":1,\"name\":\"S\u0101kums\",\"item\":\"https:\\\/\\\/izsekosanasierices.lv\\\/\"},{\"@type\":\"ListItem\",\"position\":2,\"name\":\"Veikals\",\"item\":\"https:\\\/\\\/izsekosanasierices.lv\\\/veikals\\\/\"},{\"@type\":\"ListItem\",\"position\":3,\"name\":\"Slepen\u0101 kamera \u0113terisko e\u013c\u013cu tvaic\u0113t\u0101js balts\"}]},{\"@type\":\"WebSite\",\"@id\":\"https:\\\/\\\/izsekosanasierices.lv\\\/#website\",\"url\":\"https:\\\/\\\/izsekosanasierices.lv\\\/\",\"name\":\"Nr1 Izseko\u0161anas ier\u012bces gps izseko\u0161anas iek\u0101rtas, klaus\u012b\u0161an\u0101s iek\u0101rtas\",\"description\":\"\",\"potentialAction\":[{\"@type\":\"SearchAction\",\"target\":{\"@type\":\"EntryPoint\",\"urlTemplate\":\"https:\\\/\\\/izsekosanasierices.lv\\\/?s={search_term_string}\"},\"query-input\":{\"@type\":\"PropertyValueSpecification\",\"valueRequired\":true,\"valueName\":\"search_term_string\"}}],\"inLanguage\":\"et\"}]}<\/script>\n<!-- \/ Yoast SEO plugin. -->","yoast_head_json":{"title":"Slepen\u0101 kamera \u0113terisko e\u013c\u013cu tvaic\u0113t\u0101js balts","robots":{"index":"index","follow":"follow","max-snippet":"max-snippet:-1","max-image-preview":"max-image-preview:large","max-video-preview":"max-video-preview:-1"},"canonical":"https:\/\/izsekosanasierices.lv\/et\/produkts\/peidetud-kaamera-eeterilise-elu-auru-generaator-valge\/","og_locale":"et_EE","og_type":"article","og_title":"Slepen\u0101 kamera \u0113terisko e\u013c\u013cu tvaic\u0113t\u0101js balts","og_description":"Tehniskie parametri: Iesp\u0113ja skat\u012bties att\u0113lu tie\u0161raid\u0113 caur mob. lietotni Lab\u0101kais izv\u0113le Koka kr\u0101sa \u0112terisko e\u013c\u013cu iztvaic\u0113t\u0101js 120ml. \u016bdens tilpums \u016adens tilpums 120ml. 7 kr\u0101su apgaismojums 100% funkcion\u0113jo\u0161s iztvaic\u0113t\u0101js \u0100tra piesl\u0113g\u0161ana...","og_url":"https:\/\/izsekosanasierices.lv\/et\/produkts\/peidetud-kaamera-eeterilise-elu-auru-generaator-valge\/","og_site_name":"Nr1 Izseko\u0161anas ier\u012bces gps izseko\u0161anas iek\u0101rtas, klaus\u012b\u0161an\u0101s iek\u0101rtas","article_modified_time":"2025-11-20T13:05:28+00:00","og_image":[{"width":584,"height":595,"url":"https:\/\/izsekosanasierices.lv\/wp-content\/uploads\/slapta-kamera-eteriniu-alieju-garintuvas.jpeg","type":"image\/jpeg"}],"twitter_card":"summary_large_image","twitter_misc":{"Est. reading time":"2 minutit"},"schema":{"@context":"https:\/\/schema.org","@graph":[{"@type":"WebPage","@id":"https:\/\/izsekosanasierices.lv\/produkts\/slepena-kamera-eterisko-ellu-tvaicetajs-balts\/","url":"https:\/\/izsekosanasierices.lv\/produkts\/slepena-kamera-eterisko-ellu-tvaicetajs-balts\/","name":"Slepen\u0101 kamera \u0113terisko e\u013c\u013cu tvaic\u0113t\u0101js balts","isPartOf":{"@id":"https:\/\/izsekosanasierices.lv\/#website"},"primaryImageOfPage":{"@id":"https:\/\/izsekosanasierices.lv\/produkts\/slepena-kamera-eterisko-ellu-tvaicetajs-balts\/#primaryimage"},"image":{"@id":"https:\/\/izsekosanasierices.lv\/produkts\/slepena-kamera-eterisko-ellu-tvaicetajs-balts\/#primaryimage"},"thumbnailUrl":"https:\/\/izsekosanasierices.lv\/wp-content\/uploads\/slapta-kamera-eteriniu-alieju-garintuvas.jpeg","datePublished":"2025-11-20T11:24:13+00:00","dateModified":"2025-11-20T13:05:28+00:00","breadcrumb":{"@id":"https:\/\/izsekosanasierices.lv\/produkts\/slepena-kamera-eterisko-ellu-tvaicetajs-balts\/#breadcrumb"},"inLanguage":"et","potentialAction":[{"@type":"ReadAction","target":["https:\/\/izsekosanasierices.lv\/produkts\/slepena-kamera-eterisko-ellu-tvaicetajs-balts\/"]}]},{"@type":"ImageObject","inLanguage":"et","@id":"https:\/\/izsekosanasierices.lv\/produkts\/slepena-kamera-eterisko-ellu-tvaicetajs-balts\/#primaryimage","url":"https:\/\/izsekosanasierices.lv\/wp-content\/uploads\/slapta-kamera-eteriniu-alieju-garintuvas.jpeg","contentUrl":"https:\/\/izsekosanasierices.lv\/wp-content\/uploads\/slapta-kamera-eteriniu-alieju-garintuvas.jpeg","width":584,"height":595},{"@type":"BreadcrumbList","@id":"https:\/\/izsekosanasierices.lv\/produkts\/slepena-kamera-eterisko-ellu-tvaicetajs-balts\/#breadcrumb","itemListElement":[{"@type":"ListItem","position":1,"name":"S\u0101kums","item":"https:\/\/izsekosanasierices.lv\/"},{"@type":"ListItem","position":2,"name":"Veikals","item":"https:\/\/izsekosanasierices.lv\/veikals\/"},{"@type":"ListItem","position":3,"name":"Slepen\u0101 kamera \u0113terisko e\u013c\u013cu tvaic\u0113t\u0101js balts"}]},{"@type":"WebSite","@id":"https:\/\/izsekosanasierices.lv\/#website","url":"https:\/\/izsekosanasierices.lv\/","name":"Nr1 Izseko\u0161anas ier\u012bces gps izseko\u0161anas iek\u0101rtas, klaus\u012b\u0161an\u0101s iek\u0101rtas","description":"","potentialAction":[{"@type":"SearchAction","target":{"@type":"EntryPoint","urlTemplate":"https:\/\/izsekosanasierices.lv\/?s={search_term_string}"},"query-input":{"@type":"PropertyValueSpecification","valueRequired":true,"valueName":"search_term_string"}}],"inLanguage":"et"}]}},"_links":{"self":[{"href":"https:\/\/izsekosanasierices.lv\/et\/wp-json\/wp\/v2\/product\/5009","targetHints":{"allow":["GET"]}}],"collection":[{"href":"https:\/\/izsekosanasierices.lv\/et\/wp-json\/wp\/v2\/product"}],"about":[{"href":"https:\/\/izsekosanasierices.lv\/et\/wp-json\/wp\/v2\/types\/product"}],"wp:featuredmedia":[{"embeddable":true,"href":"https:\/\/izsekosanasierices.lv\/et\/wp-json\/wp\/v2\/media\/5010"}],"wp:attachment":[{"href":"https:\/\/izsekosanasierices.lv\/et\/wp-json\/wp\/v2\/media?parent=5009"}],"wp:term":[{"taxonomy":"product_brand","embeddable":true,"href":"https:\/\/izsekosanasierices.lv\/et\/wp-json\/wp\/v2\/product_brand?post=5009"},{"taxonomy":"product_cat","embeddable":true,"href":"https:\/\/izsekosanasierices.lv\/et\/wp-json\/wp\/v2\/product_cat?post=5009"},{"taxonomy":"product_tag","embeddable":true,"href":"https:\/\/izsekosanasierices.lv\/et\/wp-json\/wp\/v2\/product_tag?post=5009"}],"curies":[{"name":"wp","href":"https:\/\/api.w.org\/{rel}","templated":true}]}}