{"id":5437,"date":"2026-04-03T09:48:23","date_gmt":"2026-04-03T06:48:23","guid":{"rendered":"https:\/\/izsekosanasierices.lv\/?post_type=product&#038;p=5437"},"modified":"2026-04-03T09:48:23","modified_gmt":"2026-04-03T06:48:23","slug":"led-gaismas-ar-slepena-kamera-ar-pulksteniem-un-skanas-kolonnu","status":"publish","type":"product","link":"https:\/\/izsekosanasierices.lv\/et\/produkts\/led-gaismas-ar-slepena-kamera-ar-pulksteniem-un-skanas-kolonnu\/","title":{"rendered":"LED gaismas ar slepen\u0101 kamera ar pulkste\u0146iem un ska\u0146as kolonnu"},"content":{"rendered":"<h3><strong>Tehnilised parameetrid:<\/strong><\/h3>\n<ul>\n<li>Att\u0101lin\u0101t\u0101 video apskate: J\u0100<\/li>\n<li>Att\u0113lu var redz\u0113t no jebkuras pasaules vietas<\/li>\n<li>Pilt on salvestatud koos heliga<\/li>\n<li>10 gaismas kr\u0101su ( visas varav\u012bksnes kr\u0101sas)<\/li>\n<li>Video kvalit\u0101te: apskate: Full hd \/ 4k<\/li>\n<li>Redzes le\u0146\u0137is: 110 gr\u0101di<\/li>\n<li>Kadru skaits: 25FPS<\/li>\n<li>Zi\u0146ojumi, atkl\u0101jot kust\u012bbu ( Push notification )<\/li>\n<li>Atmi\u0146as kar\u0161u atbalsts: no 16GB l\u012bdz 128 GB (karte komplekt\u0101 nav)<\/li>\n<li>Video uzraudz\u012bba: Telefon\u0101 vai dator\u0101 ( tie\u0161saist\u0113)<\/li>\n<li>Akumulatora darb\u012bbas laiks: l\u012bdz 2-3 stund\u0101m<\/li>\n<li>Akumulatora ietilp\u012bba: 1500 mAh<\/li>\n<li>Adapteris 220v ( past\u0101v\u012bgai piesl\u0113g\u0161anai pie elektr\u012bbas t\u012bkla )<\/li>\n<li>Kust\u012bbas noteik\u0161ana: J\u0100, digit\u0101la<\/li>\n<li>Kompressijas form\u0101ts: H265 V<\/li>\n<li>Sist\u0113mas: \u201e iOS\u201d, \u201eAndroid\u201d,<\/li>\n<li>Programma: Ir<\/li>\n<li>Baro\u0161ana: caur usb savienojumu<\/li>\n<li>Wi-Fi: Ir<\/li>\n<li><strong>Garantii 12 kuud<\/strong><\/li>\n<\/ul>\n<p><strong><span style=\"color: #d0121a\">Nepiecie\u0161ama \u0101tra pieg\u0101de, taj\u0101 pa\u0161\u0101 dien\u0101? (ar\u012b br\u012bvdien\u0101s) &#8211; zvaniet +37068411114<\/span><\/strong><\/p>\n<p style=\"text-align: left\"><span style=\"color: #000000\"><strong>Izmanto\u0161ana: Savu, b\u0113rnu dro\u0161\u012bbai.<\/strong><\/span><\/p>\n<p>\u00a0<\/p>\n<h3><strong>Viedais RGB gaismeklis-ska\u013crunis ar slepenu 4K video kameru<\/strong><\/h3>\n<p>Vai mekl\u0113jat uzticamu veidu, k\u0101 aizsarg\u0101t savu m\u0101ju vai biroju, lai neviens to pat neiedom\u0101tos? \u0160is stil\u012bgais, moderna dizaina RGB gaismeklis ir ide\u0101la mask\u0113\u0161an\u0101s. T\u0101 est\u0113tisk\u0101 izskata d\u0113\u013c tas dabiski iek\u013caujas jebkur\u0101 interjer\u0101 \u2013 gan viesistab\u0101, gan b\u0113rnu istab\u0101 vai uz naktsgaldi\u0146a. Kameru atkl\u0101t praktiski nav iesp\u0113jams, jo t\u0101 ir meistar\u012bgi pasl\u0113pta ier\u012bces korpus\u0101.<\/p>\n<h3><strong>K\u0101p\u0113c \u0161is izv\u0113le ir lab\u0101k\u0101?<\/strong><\/h3>\n<p>Nevainojams dizains un mask\u0113\u0161an\u0101s: Tas nav tikai augst\u0101k\u0101s kvalit\u0101tes slepen\u0101 kamera, bet ar\u012b funkcion\u0101ls gaismeklis, kam ir pat 10 da\u017e\u0101das kr\u0101sas (visas varav\u012bksnes spektra kr\u0101sas). Tas nerada nek\u0101das aizdomas, pat ja to izmanto redzam\u0101 viet\u0101.<\/p>\n<p>Augst\u0101k\u0101 video kvalit\u0101te: Uzraugiet apk\u0101rtni Full HD vai 4K iz\u0161\u0137irtsp\u0113j\u0101. Redzes le\u0146\u0137is sasniedz pat 110 gr\u0101dus, t\u0101p\u0113c ar vienu ier\u012bci varat aptvert gandr\u012bz visu istabu.<\/p>\n<p>Att\u0101lin\u0101ta kontrole no jebkuras vietas: Izmantojot \u012bpa\u0161u lietotni \u201eiOS\u201d vai \u201eAndroid\u201d telefon\u0101, att\u0113lu varat uzraudz\u012bt tie\u0161saist\u0113 no jebkuras pasaules vietas.<\/p>\n<p>Viedie pazi\u0146ojumi: Ieb\u016bv\u0113tais digit\u0101lais kust\u012bbas detektors acumirkl\u012b nos\u016bta <em>Push<\/em> pazi\u0146ojumu uz j\u016bsu telefonu, tikl\u012bdz tiek fiks\u0113ta darb\u012bba.<\/p>","protected":false},"excerpt":{"rendered":"<p>Tehniskie parametri: Att\u0101lin\u0101t\u0101 video apskate: J\u0100 Att\u0113lu var redz\u0113t no jebkuras pasaules vietas Att\u0113ls tiek ierakst\u012bts ar ska\u0146u 10 gaismas kr\u0101su ( visas varav\u012bksnes kr\u0101sas) Video kvalit\u0101te: apskate: Full hd&#8230;<\/p>","protected":false},"featured_media":5366,"template":"","meta":[],"product_brand":[],"product_cat":[504,321,505],"product_tag":[],"class_list":{"0":"post-5437","1":"product","2":"type-product","3":"status-publish","4":"has-post-thumbnail","6":"product_cat-masketas-kameras-2","7":"product_cat-sleptas-kameras","8":"product_cat-wi-fi-slepenas-kameras-2","10":"first","11":"instock","12":"taxable","13":"shipping-taxable","14":"purchasable","15":"product-type-simple"},"yoast_head":"<!-- This site is optimized with the Yoast SEO plugin v27.3 - https:\/\/yoast.com\/product\/yoast-seo-wordpress\/ -->\n<title>LED gaismas ar slepen\u0101 kamera ar pulkste\u0146iem un ska\u0146as kolonnu<\/title>\n<meta name=\"robots\" content=\"index, follow, max-snippet:-1, max-image-preview:large, max-video-preview:-1\" \/>\n<link rel=\"canonical\" href=\"https:\/\/izsekosanasierices.lv\/et\/produkts\/led-gaismas-ar-slepena-kamera-ar-pulksteniem-un-skanas-kolonnu\/\" \/>\n<meta property=\"og:locale\" content=\"et_EE\" \/>\n<meta property=\"og:type\" content=\"article\" \/>\n<meta property=\"og:title\" content=\"LED gaismas ar slepen\u0101 kamera ar pulkste\u0146iem un ska\u0146as kolonnu\" \/>\n<meta property=\"og:description\" content=\"Tehniskie parametri: Att\u0101lin\u0101t\u0101 video apskate: J\u0100 Att\u0113lu var redz\u0113t no jebkuras pasaules vietas Att\u0113ls tiek ierakst\u012bts ar ska\u0146u 10 gaismas kr\u0101su ( visas varav\u012bksnes kr\u0101sas) Video kvalit\u0101te: apskate: Full hd...\" \/>\n<meta property=\"og:url\" content=\"https:\/\/izsekosanasierices.lv\/et\/produkts\/led-gaismas-ar-slepena-kamera-ar-pulksteniem-un-skanas-kolonnu\/\" \/>\n<meta property=\"og:site_name\" content=\"Nr1 Izseko\u0161anas ier\u012bces gps izseko\u0161anas iek\u0101rtas, klaus\u012b\u0161an\u0101s iek\u0101rtas\" \/>\n<meta property=\"og:image\" content=\"https:\/\/izsekosanasierices.lv\/wp-content\/uploads\/stalinis-sviestuvas-zadintuvas-slapta-kamera.jpg\" \/>\n\t<meta property=\"og:image:width\" content=\"1024\" \/>\n\t<meta property=\"og:image:height\" content=\"1024\" \/>\n\t<meta property=\"og:image:type\" content=\"image\/jpeg\" \/>\n<meta name=\"twitter:card\" content=\"summary_large_image\" \/>\n<meta name=\"twitter:label1\" content=\"Est. reading time\" \/>\n\t<meta name=\"twitter:data1\" content=\"2 minutit\" \/>\n<script type=\"application\/ld+json\" class=\"yoast-schema-graph\">{\"@context\":\"https:\\\/\\\/schema.org\",\"@graph\":[{\"@type\":\"WebPage\",\"@id\":\"https:\\\/\\\/izsekosanasierices.lv\\\/produkts\\\/led-gaismas-ar-slepena-kamera-ar-pulksteniem-un-skanas-kolonnu\\\/\",\"url\":\"https:\\\/\\\/izsekosanasierices.lv\\\/produkts\\\/led-gaismas-ar-slepena-kamera-ar-pulksteniem-un-skanas-kolonnu\\\/\",\"name\":\"LED gaismas ar slepen\u0101 kamera ar pulkste\u0146iem un ska\u0146as kolonnu\",\"isPartOf\":{\"@id\":\"https:\\\/\\\/izsekosanasierices.lv\\\/#website\"},\"primaryImageOfPage\":{\"@id\":\"https:\\\/\\\/izsekosanasierices.lv\\\/produkts\\\/led-gaismas-ar-slepena-kamera-ar-pulksteniem-un-skanas-kolonnu\\\/#primaryimage\"},\"image\":{\"@id\":\"https:\\\/\\\/izsekosanasierices.lv\\\/produkts\\\/led-gaismas-ar-slepena-kamera-ar-pulksteniem-un-skanas-kolonnu\\\/#primaryimage\"},\"thumbnailUrl\":\"https:\\\/\\\/izsekosanasierices.lv\\\/wp-content\\\/uploads\\\/stalinis-sviestuvas-zadintuvas-slapta-kamera.jpg\",\"datePublished\":\"2026-04-03T06:48:23+00:00\",\"breadcrumb\":{\"@id\":\"https:\\\/\\\/izsekosanasierices.lv\\\/produkts\\\/led-gaismas-ar-slepena-kamera-ar-pulksteniem-un-skanas-kolonnu\\\/#breadcrumb\"},\"inLanguage\":\"et\",\"potentialAction\":[{\"@type\":\"ReadAction\",\"target\":[\"https:\\\/\\\/izsekosanasierices.lv\\\/produkts\\\/led-gaismas-ar-slepena-kamera-ar-pulksteniem-un-skanas-kolonnu\\\/\"]}]},{\"@type\":\"ImageObject\",\"inLanguage\":\"et\",\"@id\":\"https:\\\/\\\/izsekosanasierices.lv\\\/produkts\\\/led-gaismas-ar-slepena-kamera-ar-pulksteniem-un-skanas-kolonnu\\\/#primaryimage\",\"url\":\"https:\\\/\\\/izsekosanasierices.lv\\\/wp-content\\\/uploads\\\/stalinis-sviestuvas-zadintuvas-slapta-kamera.jpg\",\"contentUrl\":\"https:\\\/\\\/izsekosanasierices.lv\\\/wp-content\\\/uploads\\\/stalinis-sviestuvas-zadintuvas-slapta-kamera.jpg\",\"width\":1024,\"height\":1024},{\"@type\":\"BreadcrumbList\",\"@id\":\"https:\\\/\\\/izsekosanasierices.lv\\\/produkts\\\/led-gaismas-ar-slepena-kamera-ar-pulksteniem-un-skanas-kolonnu\\\/#breadcrumb\",\"itemListElement\":[{\"@type\":\"ListItem\",\"position\":1,\"name\":\"S\u0101kums\",\"item\":\"https:\\\/\\\/izsekosanasierices.lv\\\/\"},{\"@type\":\"ListItem\",\"position\":2,\"name\":\"Veikals\",\"item\":\"https:\\\/\\\/izsekosanasierices.lv\\\/veikals\\\/\"},{\"@type\":\"ListItem\",\"position\":3,\"name\":\"LED gaismas ar slepen\u0101 kamera ar pulkste\u0146iem un ska\u0146as kolonnu\"}]},{\"@type\":\"WebSite\",\"@id\":\"https:\\\/\\\/izsekosanasierices.lv\\\/#website\",\"url\":\"https:\\\/\\\/izsekosanasierices.lv\\\/\",\"name\":\"Nr1 Izseko\u0161anas ier\u012bces gps izseko\u0161anas iek\u0101rtas, klaus\u012b\u0161an\u0101s iek\u0101rtas\",\"description\":\"\",\"potentialAction\":[{\"@type\":\"SearchAction\",\"target\":{\"@type\":\"EntryPoint\",\"urlTemplate\":\"https:\\\/\\\/izsekosanasierices.lv\\\/?s={search_term_string}\"},\"query-input\":{\"@type\":\"PropertyValueSpecification\",\"valueRequired\":true,\"valueName\":\"search_term_string\"}}],\"inLanguage\":\"et\"}]}<\/script>\n<!-- \/ Yoast SEO plugin. -->","yoast_head_json":{"title":"LED gaismas ar slepen\u0101 kamera ar pulkste\u0146iem un ska\u0146as kolonnu","robots":{"index":"index","follow":"follow","max-snippet":"max-snippet:-1","max-image-preview":"max-image-preview:large","max-video-preview":"max-video-preview:-1"},"canonical":"https:\/\/izsekosanasierices.lv\/et\/produkts\/led-gaismas-ar-slepena-kamera-ar-pulksteniem-un-skanas-kolonnu\/","og_locale":"et_EE","og_type":"article","og_title":"LED gaismas ar slepen\u0101 kamera ar pulkste\u0146iem un ska\u0146as kolonnu","og_description":"Tehniskie parametri: Att\u0101lin\u0101t\u0101 video apskate: J\u0100 Att\u0113lu var redz\u0113t no jebkuras pasaules vietas Att\u0113ls tiek ierakst\u012bts ar ska\u0146u 10 gaismas kr\u0101su ( visas varav\u012bksnes kr\u0101sas) Video kvalit\u0101te: apskate: Full hd...","og_url":"https:\/\/izsekosanasierices.lv\/et\/produkts\/led-gaismas-ar-slepena-kamera-ar-pulksteniem-un-skanas-kolonnu\/","og_site_name":"Nr1 Izseko\u0161anas ier\u012bces gps izseko\u0161anas iek\u0101rtas, klaus\u012b\u0161an\u0101s iek\u0101rtas","og_image":[{"width":1024,"height":1024,"url":"https:\/\/izsekosanasierices.lv\/wp-content\/uploads\/stalinis-sviestuvas-zadintuvas-slapta-kamera.jpg","type":"image\/jpeg"}],"twitter_card":"summary_large_image","twitter_misc":{"Est. reading time":"2 minutit"},"schema":{"@context":"https:\/\/schema.org","@graph":[{"@type":"WebPage","@id":"https:\/\/izsekosanasierices.lv\/produkts\/led-gaismas-ar-slepena-kamera-ar-pulksteniem-un-skanas-kolonnu\/","url":"https:\/\/izsekosanasierices.lv\/produkts\/led-gaismas-ar-slepena-kamera-ar-pulksteniem-un-skanas-kolonnu\/","name":"LED gaismas ar slepen\u0101 kamera ar pulkste\u0146iem un ska\u0146as kolonnu","isPartOf":{"@id":"https:\/\/izsekosanasierices.lv\/#website"},"primaryImageOfPage":{"@id":"https:\/\/izsekosanasierices.lv\/produkts\/led-gaismas-ar-slepena-kamera-ar-pulksteniem-un-skanas-kolonnu\/#primaryimage"},"image":{"@id":"https:\/\/izsekosanasierices.lv\/produkts\/led-gaismas-ar-slepena-kamera-ar-pulksteniem-un-skanas-kolonnu\/#primaryimage"},"thumbnailUrl":"https:\/\/izsekosanasierices.lv\/wp-content\/uploads\/stalinis-sviestuvas-zadintuvas-slapta-kamera.jpg","datePublished":"2026-04-03T06:48:23+00:00","breadcrumb":{"@id":"https:\/\/izsekosanasierices.lv\/produkts\/led-gaismas-ar-slepena-kamera-ar-pulksteniem-un-skanas-kolonnu\/#breadcrumb"},"inLanguage":"et","potentialAction":[{"@type":"ReadAction","target":["https:\/\/izsekosanasierices.lv\/produkts\/led-gaismas-ar-slepena-kamera-ar-pulksteniem-un-skanas-kolonnu\/"]}]},{"@type":"ImageObject","inLanguage":"et","@id":"https:\/\/izsekosanasierices.lv\/produkts\/led-gaismas-ar-slepena-kamera-ar-pulksteniem-un-skanas-kolonnu\/#primaryimage","url":"https:\/\/izsekosanasierices.lv\/wp-content\/uploads\/stalinis-sviestuvas-zadintuvas-slapta-kamera.jpg","contentUrl":"https:\/\/izsekosanasierices.lv\/wp-content\/uploads\/stalinis-sviestuvas-zadintuvas-slapta-kamera.jpg","width":1024,"height":1024},{"@type":"BreadcrumbList","@id":"https:\/\/izsekosanasierices.lv\/produkts\/led-gaismas-ar-slepena-kamera-ar-pulksteniem-un-skanas-kolonnu\/#breadcrumb","itemListElement":[{"@type":"ListItem","position":1,"name":"S\u0101kums","item":"https:\/\/izsekosanasierices.lv\/"},{"@type":"ListItem","position":2,"name":"Veikals","item":"https:\/\/izsekosanasierices.lv\/veikals\/"},{"@type":"ListItem","position":3,"name":"LED gaismas ar slepen\u0101 kamera ar pulkste\u0146iem un ska\u0146as kolonnu"}]},{"@type":"WebSite","@id":"https:\/\/izsekosanasierices.lv\/#website","url":"https:\/\/izsekosanasierices.lv\/","name":"Nr1 Izseko\u0161anas ier\u012bces gps izseko\u0161anas iek\u0101rtas, klaus\u012b\u0161an\u0101s iek\u0101rtas","description":"","potentialAction":[{"@type":"SearchAction","target":{"@type":"EntryPoint","urlTemplate":"https:\/\/izsekosanasierices.lv\/?s={search_term_string}"},"query-input":{"@type":"PropertyValueSpecification","valueRequired":true,"valueName":"search_term_string"}}],"inLanguage":"et"}]}},"_links":{"self":[{"href":"https:\/\/izsekosanasierices.lv\/et\/wp-json\/wp\/v2\/product\/5437","targetHints":{"allow":["GET"]}}],"collection":[{"href":"https:\/\/izsekosanasierices.lv\/et\/wp-json\/wp\/v2\/product"}],"about":[{"href":"https:\/\/izsekosanasierices.lv\/et\/wp-json\/wp\/v2\/types\/product"}],"wp:featuredmedia":[{"embeddable":true,"href":"https:\/\/izsekosanasierices.lv\/et\/wp-json\/wp\/v2\/media\/5366"}],"wp:attachment":[{"href":"https:\/\/izsekosanasierices.lv\/et\/wp-json\/wp\/v2\/media?parent=5437"}],"wp:term":[{"taxonomy":"product_brand","embeddable":true,"href":"https:\/\/izsekosanasierices.lv\/et\/wp-json\/wp\/v2\/product_brand?post=5437"},{"taxonomy":"product_cat","embeddable":true,"href":"https:\/\/izsekosanasierices.lv\/et\/wp-json\/wp\/v2\/product_cat?post=5437"},{"taxonomy":"product_tag","embeddable":true,"href":"https:\/\/izsekosanasierices.lv\/et\/wp-json\/wp\/v2\/product_tag?post=5437"}],"curies":[{"name":"wp","href":"https:\/\/api.w.org\/{rel}","templated":true}]}}