{"id":5438,"date":"2026-04-03T09:48:23","date_gmt":"2026-04-03T06:48:23","guid":{"rendered":"https:\/\/izsekosanasierices.lv\/?post_type=product&#038;p=5438"},"modified":"2026-04-03T09:48:23","modified_gmt":"2026-04-03T06:48:23","slug":"gps-izsekotajs-ar-magnetu-darbojas-visa-pasaule-1-gada-sim-karte","status":"publish","type":"product","link":"https:\/\/izsekosanasierices.lv\/et\/produkts\/gps-izsekotajs-ar-magnetu-darbojas-visa-pasaule-1-gada-sim-karte\/","title":{"rendered":"GPS izsekot\u0101js ar magn\u0113tu darbojas vis\u0101 pasaul\u0113 +1 gada SIM karte"},"content":{"rendered":"<h4><span style=\"color: #c72020\">Ar ar SIM karte, kas darbo vis\u0101 pasaul\u0113.<\/span><\/h4>\n<h4><span style=\"color: #c72020\">Internets bez maksas 1 gadam. P\u0113c tam varat izmantot savu SIM karti, der jebkura mobilo sakaru operatora.<\/span><\/h4>\n<p>SIM KARTES ir paredz\u0113ta tikai \u0161ai ier\u012bcei<\/p>\n<h3><strong>Tehnilised parameetrid:<\/strong><\/h3>\n<ul>\n<li><strong>Euroopa server<\/strong> (ne \u0136\u012bnas) &#8211; Nek\u0101du trauc\u0113jumu TIK MUMS BEZ MAKSAS<\/li>\n<li>Var\u0113siet redz\u0113t visu mar\u0161rutu ar brauk\u0161anas v\u0113sturi, laik\u0101 un prec\u012bziem adres\u0113m<\/li>\n<li><strong>Uzl\u0101d\u0113jams akumulators<\/strong> (uzl\u0101d\u0113jas k\u0101 mobilais telefons)<\/li>\n<li>Akumulators 20 000 mAh<\/li>\n<li>Iek\u013cauts dzi\u013c\u0101 miega re\u017e\u012bms<\/li>\n<li>Darba temperat\u016bra: -25 C-+65 C<\/li>\n<li>Iesl\u0113g\u0161ana: apm\u0113ram 35 s (ja ier\u012bce ir auksta), 15 s (ja ier\u012bce ir silta), 1 s (ja ier\u012bce ir karsta)<\/li>\n<li>GPS-moodul: U-blox<\/li>\n<li>GSM\/GPRS modulis: Ir<\/li>\n<li>Mitrumiztur\u012bba: IP65<\/li>\n<li>Baterija: litija jonu (3.7V 20000mAh) uzl\u0101d\u0113jams atk\u0101rtoti (k\u0101 mobilais telefons)<\/li>\n<li><strong>Darba ilgums: apm\u0113ram 1,5 gadi<\/strong> (GSM miega re\u017e\u012bm\u0101)<\/li>\n<li>Jut\u012bba: -159dBm<\/li>\n<li>Koordinaatide viga: mitte rohkem kui 5 meetrit<\/li>\n<li>Izm\u0113ri: 114 mm x 73 mm x 42mm<\/li>\n<li>Svars: 450 g<\/li>\n<li>Bezmaksas uzraudz\u012bba internet\u0101<\/li>\n<li>Bezmaksas programma uzraudz\u012bbai (mobil\u0101 lietotne)<\/li>\n<li>\u0100truma p\u0101rsnieg\u0161anas br\u012bdin\u0101jums: Ir<\/li>\n<li>At\u0146em\u0161anas sensors: Ir<\/li>\n<li>Kust\u012bbas sensors: Ir<\/li>\n<li>Vibr\u0101cijas sensors: Ir<\/li>\n<li>Dzi\u013c\u0101 miega re\u017e\u012bms: Ir<\/li>\n<li>SOS-nupp: ei ole<\/li>\n<li>Sarunu noklaus\u012b\u0161an\u0101s: Ir<\/li>\n<li>GSM noklaus\u012b\u0161an\u0101s funkcija: Ir<\/li>\n<\/ul>\n<p><strong>Sisaldab:<\/strong><\/p>\n<ul>\n<li>GPS-j\u00e4lgimiss\u00fcsteem;<\/li>\n<li>USB-kaabel<\/li>\n<li>Instrukcija latvie\u0161u valod\u0101<\/li>\n<li>Piek\u013cuve kontam (lietot\u0101js + parole)<\/li>\n<li><strong>Garantii 12 kuud.<\/strong><\/li>\n<\/ul>\n<p><span style=\"color: #d0121a\"><strong>Nepiecie\u0161ams \u0101trs pieg\u0101de, taj\u0101 pa\u0161\u0101 dien\u0101? (ar\u012b br\u012bvdien\u0101s) &#8211; zvaniet +37068411114<\/strong><\/span><\/p>\n<h4><\/h4>","protected":false},"excerpt":{"rendered":"<p>Ar ar SIM karte, kas darbo vis\u0101 pasaul\u0113. Internets bez maksas 1 gadam. P\u0113c tam varat izmantot savu SIM karti, der jebkura mobilo sakaru operatora. SIM KARTES ir paredz\u0113ta tikai&#8230;<\/p>","protected":false},"featured_media":5372,"template":"","meta":[],"product_brand":[],"product_cat":[357],"product_tag":[],"class_list":{"0":"post-5438","1":"product","2":"type-product","3":"status-publish","4":"has-post-thumbnail","6":"product_cat-gps-izsekosanas-ierice","8":"first","9":"instock","10":"taxable","11":"shipping-taxable","12":"purchasable","13":"product-type-simple"},"yoast_head":"<!-- This site is optimized with the Yoast SEO plugin v27.3 - https:\/\/yoast.com\/product\/yoast-seo-wordpress\/ -->\n<title>GPS izsekot\u0101js ar magn\u0113tu darbojas vis\u0101 pasaul\u0113 +1 gada SIM karte<\/title>\n<meta name=\"robots\" content=\"index, follow, max-snippet:-1, max-image-preview:large, max-video-preview:-1\" \/>\n<link rel=\"canonical\" href=\"https:\/\/izsekosanasierices.lv\/et\/produkts\/gps-izsekotajs-ar-magnetu-darbojas-visa-pasaule-1-gada-sim-karte\/\" \/>\n<meta property=\"og:locale\" content=\"et_EE\" \/>\n<meta property=\"og:type\" content=\"article\" \/>\n<meta property=\"og:title\" content=\"GPS izsekot\u0101js ar magn\u0113tu darbojas vis\u0101 pasaul\u0113 +1 gada SIM karte\" \/>\n<meta property=\"og:description\" content=\"Ar ar SIM karte, kas darbo vis\u0101 pasaul\u0113. Internets bez maksas 1 gadam. P\u0113c tam varat izmantot savu SIM karti, der jebkura mobilo sakaru operatora. SIM KARTES ir paredz\u0113ta tikai...\" \/>\n<meta property=\"og:url\" content=\"https:\/\/izsekosanasierices.lv\/et\/produkts\/gps-izsekotajs-ar-magnetu-darbojas-visa-pasaule-1-gada-sim-karte\/\" \/>\n<meta property=\"og:site_name\" content=\"Nr1 Izseko\u0161anas ier\u012bces gps izseko\u0161anas iek\u0101rtas, klaus\u012b\u0161an\u0101s iek\u0101rtas\" \/>\n<meta property=\"og:image\" content=\"https:\/\/izsekosanasierices.lv\/wp-content\/uploads\/gps-sekiklis-sekimo-iranga-su-magnetais.png\" \/>\n\t<meta property=\"og:image:width\" content=\"1024\" \/>\n\t<meta property=\"og:image:height\" content=\"1024\" \/>\n\t<meta property=\"og:image:type\" content=\"image\/png\" \/>\n<meta name=\"twitter:card\" content=\"summary_large_image\" \/>\n<meta name=\"twitter:label1\" content=\"Est. reading time\" \/>\n\t<meta name=\"twitter:data1\" content=\"1 minut\" \/>\n<script type=\"application\/ld+json\" class=\"yoast-schema-graph\">{\"@context\":\"https:\\\/\\\/schema.org\",\"@graph\":[{\"@type\":\"WebPage\",\"@id\":\"https:\\\/\\\/izsekosanasierices.lv\\\/produkts\\\/gps-izsekotajs-ar-magnetu-darbojas-visa-pasaule-1-gada-sim-karte\\\/\",\"url\":\"https:\\\/\\\/izsekosanasierices.lv\\\/produkts\\\/gps-izsekotajs-ar-magnetu-darbojas-visa-pasaule-1-gada-sim-karte\\\/\",\"name\":\"GPS izsekot\u0101js ar magn\u0113tu darbojas vis\u0101 pasaul\u0113 +1 gada SIM karte\",\"isPartOf\":{\"@id\":\"https:\\\/\\\/izsekosanasierices.lv\\\/#website\"},\"primaryImageOfPage\":{\"@id\":\"https:\\\/\\\/izsekosanasierices.lv\\\/produkts\\\/gps-izsekotajs-ar-magnetu-darbojas-visa-pasaule-1-gada-sim-karte\\\/#primaryimage\"},\"image\":{\"@id\":\"https:\\\/\\\/izsekosanasierices.lv\\\/produkts\\\/gps-izsekotajs-ar-magnetu-darbojas-visa-pasaule-1-gada-sim-karte\\\/#primaryimage\"},\"thumbnailUrl\":\"https:\\\/\\\/izsekosanasierices.lv\\\/wp-content\\\/uploads\\\/gps-sekiklis-sekimo-iranga-su-magnetais.png\",\"datePublished\":\"2026-04-03T06:48:23+00:00\",\"breadcrumb\":{\"@id\":\"https:\\\/\\\/izsekosanasierices.lv\\\/produkts\\\/gps-izsekotajs-ar-magnetu-darbojas-visa-pasaule-1-gada-sim-karte\\\/#breadcrumb\"},\"inLanguage\":\"et\",\"potentialAction\":[{\"@type\":\"ReadAction\",\"target\":[\"https:\\\/\\\/izsekosanasierices.lv\\\/produkts\\\/gps-izsekotajs-ar-magnetu-darbojas-visa-pasaule-1-gada-sim-karte\\\/\"]}]},{\"@type\":\"ImageObject\",\"inLanguage\":\"et\",\"@id\":\"https:\\\/\\\/izsekosanasierices.lv\\\/produkts\\\/gps-izsekotajs-ar-magnetu-darbojas-visa-pasaule-1-gada-sim-karte\\\/#primaryimage\",\"url\":\"https:\\\/\\\/izsekosanasierices.lv\\\/wp-content\\\/uploads\\\/gps-sekiklis-sekimo-iranga-su-magnetais.png\",\"contentUrl\":\"https:\\\/\\\/izsekosanasierices.lv\\\/wp-content\\\/uploads\\\/gps-sekiklis-sekimo-iranga-su-magnetais.png\",\"width\":1024,\"height\":1024},{\"@type\":\"BreadcrumbList\",\"@id\":\"https:\\\/\\\/izsekosanasierices.lv\\\/produkts\\\/gps-izsekotajs-ar-magnetu-darbojas-visa-pasaule-1-gada-sim-karte\\\/#breadcrumb\",\"itemListElement\":[{\"@type\":\"ListItem\",\"position\":1,\"name\":\"S\u0101kums\",\"item\":\"https:\\\/\\\/izsekosanasierices.lv\\\/\"},{\"@type\":\"ListItem\",\"position\":2,\"name\":\"Veikals\",\"item\":\"https:\\\/\\\/izsekosanasierices.lv\\\/veikals\\\/\"},{\"@type\":\"ListItem\",\"position\":3,\"name\":\"GPS izsekot\u0101js ar magn\u0113tu darbojas vis\u0101 pasaul\u0113 +1 gada SIM karte\"}]},{\"@type\":\"WebSite\",\"@id\":\"https:\\\/\\\/izsekosanasierices.lv\\\/#website\",\"url\":\"https:\\\/\\\/izsekosanasierices.lv\\\/\",\"name\":\"Nr1 Izseko\u0161anas ier\u012bces gps izseko\u0161anas iek\u0101rtas, klaus\u012b\u0161an\u0101s iek\u0101rtas\",\"description\":\"\",\"potentialAction\":[{\"@type\":\"SearchAction\",\"target\":{\"@type\":\"EntryPoint\",\"urlTemplate\":\"https:\\\/\\\/izsekosanasierices.lv\\\/?s={search_term_string}\"},\"query-input\":{\"@type\":\"PropertyValueSpecification\",\"valueRequired\":true,\"valueName\":\"search_term_string\"}}],\"inLanguage\":\"et\"}]}<\/script>\n<!-- \/ Yoast SEO plugin. -->","yoast_head_json":{"title":"GPS izsekot\u0101js ar magn\u0113tu darbojas vis\u0101 pasaul\u0113 +1 gada SIM karte","robots":{"index":"index","follow":"follow","max-snippet":"max-snippet:-1","max-image-preview":"max-image-preview:large","max-video-preview":"max-video-preview:-1"},"canonical":"https:\/\/izsekosanasierices.lv\/et\/produkts\/gps-izsekotajs-ar-magnetu-darbojas-visa-pasaule-1-gada-sim-karte\/","og_locale":"et_EE","og_type":"article","og_title":"GPS izsekot\u0101js ar magn\u0113tu darbojas vis\u0101 pasaul\u0113 +1 gada SIM karte","og_description":"Ar ar SIM karte, kas darbo vis\u0101 pasaul\u0113. Internets bez maksas 1 gadam. P\u0113c tam varat izmantot savu SIM karti, der jebkura mobilo sakaru operatora. SIM KARTES ir paredz\u0113ta tikai...","og_url":"https:\/\/izsekosanasierices.lv\/et\/produkts\/gps-izsekotajs-ar-magnetu-darbojas-visa-pasaule-1-gada-sim-karte\/","og_site_name":"Nr1 Izseko\u0161anas ier\u012bces gps izseko\u0161anas iek\u0101rtas, klaus\u012b\u0161an\u0101s iek\u0101rtas","og_image":[{"width":1024,"height":1024,"url":"https:\/\/izsekosanasierices.lv\/wp-content\/uploads\/gps-sekiklis-sekimo-iranga-su-magnetais.png","type":"image\/png"}],"twitter_card":"summary_large_image","twitter_misc":{"Est. reading time":"1 minut"},"schema":{"@context":"https:\/\/schema.org","@graph":[{"@type":"WebPage","@id":"https:\/\/izsekosanasierices.lv\/produkts\/gps-izsekotajs-ar-magnetu-darbojas-visa-pasaule-1-gada-sim-karte\/","url":"https:\/\/izsekosanasierices.lv\/produkts\/gps-izsekotajs-ar-magnetu-darbojas-visa-pasaule-1-gada-sim-karte\/","name":"GPS izsekot\u0101js ar magn\u0113tu darbojas vis\u0101 pasaul\u0113 +1 gada SIM karte","isPartOf":{"@id":"https:\/\/izsekosanasierices.lv\/#website"},"primaryImageOfPage":{"@id":"https:\/\/izsekosanasierices.lv\/produkts\/gps-izsekotajs-ar-magnetu-darbojas-visa-pasaule-1-gada-sim-karte\/#primaryimage"},"image":{"@id":"https:\/\/izsekosanasierices.lv\/produkts\/gps-izsekotajs-ar-magnetu-darbojas-visa-pasaule-1-gada-sim-karte\/#primaryimage"},"thumbnailUrl":"https:\/\/izsekosanasierices.lv\/wp-content\/uploads\/gps-sekiklis-sekimo-iranga-su-magnetais.png","datePublished":"2026-04-03T06:48:23+00:00","breadcrumb":{"@id":"https:\/\/izsekosanasierices.lv\/produkts\/gps-izsekotajs-ar-magnetu-darbojas-visa-pasaule-1-gada-sim-karte\/#breadcrumb"},"inLanguage":"et","potentialAction":[{"@type":"ReadAction","target":["https:\/\/izsekosanasierices.lv\/produkts\/gps-izsekotajs-ar-magnetu-darbojas-visa-pasaule-1-gada-sim-karte\/"]}]},{"@type":"ImageObject","inLanguage":"et","@id":"https:\/\/izsekosanasierices.lv\/produkts\/gps-izsekotajs-ar-magnetu-darbojas-visa-pasaule-1-gada-sim-karte\/#primaryimage","url":"https:\/\/izsekosanasierices.lv\/wp-content\/uploads\/gps-sekiklis-sekimo-iranga-su-magnetais.png","contentUrl":"https:\/\/izsekosanasierices.lv\/wp-content\/uploads\/gps-sekiklis-sekimo-iranga-su-magnetais.png","width":1024,"height":1024},{"@type":"BreadcrumbList","@id":"https:\/\/izsekosanasierices.lv\/produkts\/gps-izsekotajs-ar-magnetu-darbojas-visa-pasaule-1-gada-sim-karte\/#breadcrumb","itemListElement":[{"@type":"ListItem","position":1,"name":"S\u0101kums","item":"https:\/\/izsekosanasierices.lv\/"},{"@type":"ListItem","position":2,"name":"Veikals","item":"https:\/\/izsekosanasierices.lv\/veikals\/"},{"@type":"ListItem","position":3,"name":"GPS izsekot\u0101js ar magn\u0113tu darbojas vis\u0101 pasaul\u0113 +1 gada SIM karte"}]},{"@type":"WebSite","@id":"https:\/\/izsekosanasierices.lv\/#website","url":"https:\/\/izsekosanasierices.lv\/","name":"Nr1 Izseko\u0161anas ier\u012bces gps izseko\u0161anas iek\u0101rtas, klaus\u012b\u0161an\u0101s iek\u0101rtas","description":"","potentialAction":[{"@type":"SearchAction","target":{"@type":"EntryPoint","urlTemplate":"https:\/\/izsekosanasierices.lv\/?s={search_term_string}"},"query-input":{"@type":"PropertyValueSpecification","valueRequired":true,"valueName":"search_term_string"}}],"inLanguage":"et"}]}},"_links":{"self":[{"href":"https:\/\/izsekosanasierices.lv\/et\/wp-json\/wp\/v2\/product\/5438","targetHints":{"allow":["GET"]}}],"collection":[{"href":"https:\/\/izsekosanasierices.lv\/et\/wp-json\/wp\/v2\/product"}],"about":[{"href":"https:\/\/izsekosanasierices.lv\/et\/wp-json\/wp\/v2\/types\/product"}],"wp:featuredmedia":[{"embeddable":true,"href":"https:\/\/izsekosanasierices.lv\/et\/wp-json\/wp\/v2\/media\/5372"}],"wp:attachment":[{"href":"https:\/\/izsekosanasierices.lv\/et\/wp-json\/wp\/v2\/media?parent=5438"}],"wp:term":[{"taxonomy":"product_brand","embeddable":true,"href":"https:\/\/izsekosanasierices.lv\/et\/wp-json\/wp\/v2\/product_brand?post=5438"},{"taxonomy":"product_cat","embeddable":true,"href":"https:\/\/izsekosanasierices.lv\/et\/wp-json\/wp\/v2\/product_cat?post=5438"},{"taxonomy":"product_tag","embeddable":true,"href":"https:\/\/izsekosanasierices.lv\/et\/wp-json\/wp\/v2\/product_tag?post=5438"}],"curies":[{"name":"wp","href":"https:\/\/api.w.org\/{rel}","templated":true}]}}