{"id":5445,"date":"2026-04-03T09:48:22","date_gmt":"2026-04-03T06:48:22","guid":{"rendered":"https:\/\/izsekosanasierices.lv\/?post_type=product&#038;p=5445"},"modified":"2026-04-03T09:48:23","modified_gmt":"2026-04-03T06:48:23","slug":"pagarinatajs-ar-slepto-kameru-type-c-bezvadu-uzlade","status":"publish","type":"product","link":"https:\/\/izsekosanasierices.lv\/et\/produkts\/pagarinatajs-ar-slepto-kameru-type-c-bezvadu-uzlade\/","title":{"rendered":"Pagarin\u0101t\u0101js ar sl\u0113pto kameru TYPE C bezvadu uzl\u0101de"},"content":{"rendered":"<h3><strong>Tehnilised parameetrid:<\/strong><\/h3>\n<ul>\n<li>Att\u0101lin\u0101t\u0101 apskate: J\u0100<\/li>\n<li>Pilt on salvestatud koos heliga<\/li>\n<li>Divas type c piesl\u0113gvietas<\/li>\n<li>Integr\u0113ts indukcijas l\u0101d\u0113t\u0101js (bezvadu l\u0101d\u0113t\u0101js)<\/li>\n<li>3 USB piesl\u0113gvietas<\/li>\n<li>Kabe\u013ca garums 2m.<\/li>\n<li>Instal\u0101cija aiz\u0146em da\u017eas min\u016btes<\/li>\n<li>Piesl\u0113dzams pie USB datora vai l\u0101d\u0113t\u0101ja<\/li>\n<li>Video kvalit\u0101te: FULL HD iz\u0161\u0137irtsp\u0113ja<\/li>\n<li>Apskat\u012bt att\u0113lus var: telefon\u0101, dator\u0101 un plan\u0161etdator\u0101<\/li>\n<li>Kust\u012bbu noteik\u0161anas re\u017e\u012bms: J\u0100 (digit\u0101lais)<\/li>\n<li>Vaatamisnurk: 100\u00b0<\/li>\n<li>Atbalst\u012bt\u0101 karte: 32-128 GB<\/li>\n<li>1 stunda video ieraksta 330 MB<\/li>\n<li>Pakkimisformaat: AVI H.264<\/li>\n<li>Atbalst\u012bt\u0101s sist\u0113mas: \u201eiOS\u201c \u201eAndroid\u201c \u201eWindows\u201c<\/li>\n<li>Programmas: Android \/ iPhone<\/li>\n<li>Baro\u0161anas veidi: akumulators vai no t\u012bkla (piem\u0113ram, mobil\u0101 telefona l\u0101d\u0113t\u0101js)<\/li>\n<li>Wi-Fi: IEEE802.11 b\/g\/n<\/li>\n<li>Ieraksta vad\u012bba: jebkur\u0101 viedier\u012bc\u0113 (telefons, dators vai plan\u0161etdators).<\/li>\n<li><strong>24 kuu garantii.<\/strong><\/li>\n<\/ul>\n<p>Izmanto\u0161ana: Savu, b\u0113rnu dro\u0161\u012bbai.<\/p>\n<p><span style=\"color: #d0121a\"><strong>Ja Jums nepiecie\u0161ams \u0101trs pieg\u0101de, taj\u0101 pa\u0161\u0101 dien\u0101 (un br\u012bvdien\u0101s) &#8211; zvaniet +37068411114<\/strong><\/span><\/p>","protected":false},"excerpt":{"rendered":"<p>Tehniskie parametri: Att\u0101lin\u0101t\u0101 apskate: J\u0100 Att\u0113ls tiek ierakst\u012bts ar ska\u0146u Divas type c piesl\u0113gvietas Integr\u0113ts indukcijas l\u0101d\u0113t\u0101js (bezvadu l\u0101d\u0113t\u0101js) 3 USB piesl\u0113gvietas Kabe\u013ca garums 2m. Instal\u0101cija aiz\u0146em da\u017eas min\u016btes Piesl\u0113dzams&#8230;<\/p>","protected":false},"featured_media":5407,"template":"","meta":[],"product_brand":[],"product_cat":[504,321,505],"product_tag":[],"class_list":{"0":"post-5445","1":"product","2":"type-product","3":"status-publish","4":"has-post-thumbnail","6":"product_cat-masketas-kameras-2","7":"product_cat-sleptas-kameras","8":"product_cat-wi-fi-slepenas-kameras-2","10":"first","11":"instock","12":"taxable","13":"shipping-taxable","14":"purchasable","15":"product-type-simple"},"yoast_head":"<!-- This site is optimized with the Yoast SEO plugin v27.3 - https:\/\/yoast.com\/product\/yoast-seo-wordpress\/ -->\n<title>Pagarin\u0101t\u0101js ar sl\u0113pto kameru TYPE C bezvadu uzl\u0101de<\/title>\n<meta name=\"robots\" content=\"index, follow, max-snippet:-1, max-image-preview:large, max-video-preview:-1\" \/>\n<link rel=\"canonical\" href=\"https:\/\/izsekosanasierices.lv\/et\/produkts\/pagarinatajs-ar-slepto-kameru-type-c-bezvadu-uzlade\/\" \/>\n<meta property=\"og:locale\" content=\"et_EE\" \/>\n<meta property=\"og:type\" content=\"article\" \/>\n<meta property=\"og:title\" content=\"Pagarin\u0101t\u0101js ar sl\u0113pto kameru TYPE C bezvadu uzl\u0101de\" \/>\n<meta property=\"og:description\" content=\"Tehniskie parametri: Att\u0101lin\u0101t\u0101 apskate: J\u0100 Att\u0113ls tiek ierakst\u012bts ar ska\u0146u Divas type c piesl\u0113gvietas Integr\u0113ts indukcijas l\u0101d\u0113t\u0101js (bezvadu l\u0101d\u0113t\u0101js) 3 USB piesl\u0113gvietas Kabe\u013ca garums 2m. Instal\u0101cija aiz\u0146em da\u017eas min\u016btes Piesl\u0113dzams...\" \/>\n<meta property=\"og:url\" content=\"https:\/\/izsekosanasierices.lv\/et\/produkts\/pagarinatajs-ar-slepto-kameru-type-c-bezvadu-uzlade\/\" \/>\n<meta property=\"og:site_name\" content=\"Nr1 Izseko\u0161anas ier\u012bces gps izseko\u0161anas iek\u0101rtas, klaus\u012b\u0161an\u0101s iek\u0101rtas\" \/>\n<meta property=\"article:modified_time\" content=\"2026-04-03T06:48:23+00:00\" \/>\n<meta property=\"og:image\" content=\"https:\/\/izsekosanasierices.lv\/wp-content\/uploads\/slapta-vaizdo-kamera-ilgiklis-prailgintuvas-juodas.png\" \/>\n\t<meta property=\"og:image:width\" content=\"1024\" \/>\n\t<meta property=\"og:image:height\" content=\"1024\" \/>\n\t<meta property=\"og:image:type\" content=\"image\/png\" \/>\n<meta name=\"twitter:card\" content=\"summary_large_image\" \/>\n<meta name=\"twitter:label1\" content=\"Est. reading time\" \/>\n\t<meta name=\"twitter:data1\" content=\"1 minut\" \/>\n<script type=\"application\/ld+json\" class=\"yoast-schema-graph\">{\"@context\":\"https:\\\/\\\/schema.org\",\"@graph\":[{\"@type\":\"WebPage\",\"@id\":\"https:\\\/\\\/izsekosanasierices.lv\\\/produkts\\\/pagarinatajs-ar-slepto-kameru-type-c-bezvadu-uzlade\\\/\",\"url\":\"https:\\\/\\\/izsekosanasierices.lv\\\/produkts\\\/pagarinatajs-ar-slepto-kameru-type-c-bezvadu-uzlade\\\/\",\"name\":\"Pagarin\u0101t\u0101js ar sl\u0113pto kameru TYPE C bezvadu uzl\u0101de\",\"isPartOf\":{\"@id\":\"https:\\\/\\\/izsekosanasierices.lv\\\/#website\"},\"primaryImageOfPage\":{\"@id\":\"https:\\\/\\\/izsekosanasierices.lv\\\/produkts\\\/pagarinatajs-ar-slepto-kameru-type-c-bezvadu-uzlade\\\/#primaryimage\"},\"image\":{\"@id\":\"https:\\\/\\\/izsekosanasierices.lv\\\/produkts\\\/pagarinatajs-ar-slepto-kameru-type-c-bezvadu-uzlade\\\/#primaryimage\"},\"thumbnailUrl\":\"https:\\\/\\\/izsekosanasierices.lv\\\/wp-content\\\/uploads\\\/slapta-vaizdo-kamera-ilgiklis-prailgintuvas-juodas.png\",\"datePublished\":\"2026-04-03T06:48:22+00:00\",\"dateModified\":\"2026-04-03T06:48:23+00:00\",\"breadcrumb\":{\"@id\":\"https:\\\/\\\/izsekosanasierices.lv\\\/produkts\\\/pagarinatajs-ar-slepto-kameru-type-c-bezvadu-uzlade\\\/#breadcrumb\"},\"inLanguage\":\"et\",\"potentialAction\":[{\"@type\":\"ReadAction\",\"target\":[\"https:\\\/\\\/izsekosanasierices.lv\\\/produkts\\\/pagarinatajs-ar-slepto-kameru-type-c-bezvadu-uzlade\\\/\"]}]},{\"@type\":\"ImageObject\",\"inLanguage\":\"et\",\"@id\":\"https:\\\/\\\/izsekosanasierices.lv\\\/produkts\\\/pagarinatajs-ar-slepto-kameru-type-c-bezvadu-uzlade\\\/#primaryimage\",\"url\":\"https:\\\/\\\/izsekosanasierices.lv\\\/wp-content\\\/uploads\\\/slapta-vaizdo-kamera-ilgiklis-prailgintuvas-juodas.png\",\"contentUrl\":\"https:\\\/\\\/izsekosanasierices.lv\\\/wp-content\\\/uploads\\\/slapta-vaizdo-kamera-ilgiklis-prailgintuvas-juodas.png\",\"width\":1024,\"height\":1024},{\"@type\":\"BreadcrumbList\",\"@id\":\"https:\\\/\\\/izsekosanasierices.lv\\\/produkts\\\/pagarinatajs-ar-slepto-kameru-type-c-bezvadu-uzlade\\\/#breadcrumb\",\"itemListElement\":[{\"@type\":\"ListItem\",\"position\":1,\"name\":\"S\u0101kums\",\"item\":\"https:\\\/\\\/izsekosanasierices.lv\\\/\"},{\"@type\":\"ListItem\",\"position\":2,\"name\":\"Veikals\",\"item\":\"https:\\\/\\\/izsekosanasierices.lv\\\/veikals\\\/\"},{\"@type\":\"ListItem\",\"position\":3,\"name\":\"Pagarin\u0101t\u0101js ar sl\u0113pto kameru TYPE C bezvadu uzl\u0101de\"}]},{\"@type\":\"WebSite\",\"@id\":\"https:\\\/\\\/izsekosanasierices.lv\\\/#website\",\"url\":\"https:\\\/\\\/izsekosanasierices.lv\\\/\",\"name\":\"Nr1 Izseko\u0161anas ier\u012bces gps izseko\u0161anas iek\u0101rtas, klaus\u012b\u0161an\u0101s iek\u0101rtas\",\"description\":\"\",\"potentialAction\":[{\"@type\":\"SearchAction\",\"target\":{\"@type\":\"EntryPoint\",\"urlTemplate\":\"https:\\\/\\\/izsekosanasierices.lv\\\/?s={search_term_string}\"},\"query-input\":{\"@type\":\"PropertyValueSpecification\",\"valueRequired\":true,\"valueName\":\"search_term_string\"}}],\"inLanguage\":\"et\"}]}<\/script>\n<!-- \/ Yoast SEO plugin. -->","yoast_head_json":{"title":"Pagarin\u0101t\u0101js ar sl\u0113pto kameru TYPE C bezvadu uzl\u0101de","robots":{"index":"index","follow":"follow","max-snippet":"max-snippet:-1","max-image-preview":"max-image-preview:large","max-video-preview":"max-video-preview:-1"},"canonical":"https:\/\/izsekosanasierices.lv\/et\/produkts\/pagarinatajs-ar-slepto-kameru-type-c-bezvadu-uzlade\/","og_locale":"et_EE","og_type":"article","og_title":"Pagarin\u0101t\u0101js ar sl\u0113pto kameru TYPE C bezvadu uzl\u0101de","og_description":"Tehniskie parametri: Att\u0101lin\u0101t\u0101 apskate: J\u0100 Att\u0113ls tiek ierakst\u012bts ar ska\u0146u Divas type c piesl\u0113gvietas Integr\u0113ts indukcijas l\u0101d\u0113t\u0101js (bezvadu l\u0101d\u0113t\u0101js) 3 USB piesl\u0113gvietas Kabe\u013ca garums 2m. Instal\u0101cija aiz\u0146em da\u017eas min\u016btes Piesl\u0113dzams...","og_url":"https:\/\/izsekosanasierices.lv\/et\/produkts\/pagarinatajs-ar-slepto-kameru-type-c-bezvadu-uzlade\/","og_site_name":"Nr1 Izseko\u0161anas ier\u012bces gps izseko\u0161anas iek\u0101rtas, klaus\u012b\u0161an\u0101s iek\u0101rtas","article_modified_time":"2026-04-03T06:48:23+00:00","og_image":[{"width":1024,"height":1024,"url":"https:\/\/izsekosanasierices.lv\/wp-content\/uploads\/slapta-vaizdo-kamera-ilgiklis-prailgintuvas-juodas.png","type":"image\/png"}],"twitter_card":"summary_large_image","twitter_misc":{"Est. reading time":"1 minut"},"schema":{"@context":"https:\/\/schema.org","@graph":[{"@type":"WebPage","@id":"https:\/\/izsekosanasierices.lv\/produkts\/pagarinatajs-ar-slepto-kameru-type-c-bezvadu-uzlade\/","url":"https:\/\/izsekosanasierices.lv\/produkts\/pagarinatajs-ar-slepto-kameru-type-c-bezvadu-uzlade\/","name":"Pagarin\u0101t\u0101js ar sl\u0113pto kameru TYPE C bezvadu uzl\u0101de","isPartOf":{"@id":"https:\/\/izsekosanasierices.lv\/#website"},"primaryImageOfPage":{"@id":"https:\/\/izsekosanasierices.lv\/produkts\/pagarinatajs-ar-slepto-kameru-type-c-bezvadu-uzlade\/#primaryimage"},"image":{"@id":"https:\/\/izsekosanasierices.lv\/produkts\/pagarinatajs-ar-slepto-kameru-type-c-bezvadu-uzlade\/#primaryimage"},"thumbnailUrl":"https:\/\/izsekosanasierices.lv\/wp-content\/uploads\/slapta-vaizdo-kamera-ilgiklis-prailgintuvas-juodas.png","datePublished":"2026-04-03T06:48:22+00:00","dateModified":"2026-04-03T06:48:23+00:00","breadcrumb":{"@id":"https:\/\/izsekosanasierices.lv\/produkts\/pagarinatajs-ar-slepto-kameru-type-c-bezvadu-uzlade\/#breadcrumb"},"inLanguage":"et","potentialAction":[{"@type":"ReadAction","target":["https:\/\/izsekosanasierices.lv\/produkts\/pagarinatajs-ar-slepto-kameru-type-c-bezvadu-uzlade\/"]}]},{"@type":"ImageObject","inLanguage":"et","@id":"https:\/\/izsekosanasierices.lv\/produkts\/pagarinatajs-ar-slepto-kameru-type-c-bezvadu-uzlade\/#primaryimage","url":"https:\/\/izsekosanasierices.lv\/wp-content\/uploads\/slapta-vaizdo-kamera-ilgiklis-prailgintuvas-juodas.png","contentUrl":"https:\/\/izsekosanasierices.lv\/wp-content\/uploads\/slapta-vaizdo-kamera-ilgiklis-prailgintuvas-juodas.png","width":1024,"height":1024},{"@type":"BreadcrumbList","@id":"https:\/\/izsekosanasierices.lv\/produkts\/pagarinatajs-ar-slepto-kameru-type-c-bezvadu-uzlade\/#breadcrumb","itemListElement":[{"@type":"ListItem","position":1,"name":"S\u0101kums","item":"https:\/\/izsekosanasierices.lv\/"},{"@type":"ListItem","position":2,"name":"Veikals","item":"https:\/\/izsekosanasierices.lv\/veikals\/"},{"@type":"ListItem","position":3,"name":"Pagarin\u0101t\u0101js ar sl\u0113pto kameru TYPE C bezvadu uzl\u0101de"}]},{"@type":"WebSite","@id":"https:\/\/izsekosanasierices.lv\/#website","url":"https:\/\/izsekosanasierices.lv\/","name":"Nr1 Izseko\u0161anas ier\u012bces gps izseko\u0161anas iek\u0101rtas, klaus\u012b\u0161an\u0101s iek\u0101rtas","description":"","potentialAction":[{"@type":"SearchAction","target":{"@type":"EntryPoint","urlTemplate":"https:\/\/izsekosanasierices.lv\/?s={search_term_string}"},"query-input":{"@type":"PropertyValueSpecification","valueRequired":true,"valueName":"search_term_string"}}],"inLanguage":"et"}]}},"_links":{"self":[{"href":"https:\/\/izsekosanasierices.lv\/et\/wp-json\/wp\/v2\/product\/5445","targetHints":{"allow":["GET"]}}],"collection":[{"href":"https:\/\/izsekosanasierices.lv\/et\/wp-json\/wp\/v2\/product"}],"about":[{"href":"https:\/\/izsekosanasierices.lv\/et\/wp-json\/wp\/v2\/types\/product"}],"wp:featuredmedia":[{"embeddable":true,"href":"https:\/\/izsekosanasierices.lv\/et\/wp-json\/wp\/v2\/media\/5407"}],"wp:attachment":[{"href":"https:\/\/izsekosanasierices.lv\/et\/wp-json\/wp\/v2\/media?parent=5445"}],"wp:term":[{"taxonomy":"product_brand","embeddable":true,"href":"https:\/\/izsekosanasierices.lv\/et\/wp-json\/wp\/v2\/product_brand?post=5445"},{"taxonomy":"product_cat","embeddable":true,"href":"https:\/\/izsekosanasierices.lv\/et\/wp-json\/wp\/v2\/product_cat?post=5445"},{"taxonomy":"product_tag","embeddable":true,"href":"https:\/\/izsekosanasierices.lv\/et\/wp-json\/wp\/v2\/product_tag?post=5445"}],"curies":[{"name":"wp","href":"https:\/\/api.w.org\/{rel}","templated":true}]}}