{"id":1227,"date":"2023-10-05T15:37:11","date_gmt":"2023-10-05T15:37:11","guid":{"rendered":"https:\/\/izsekosanasierices.lv\/produktas\/profesionali-gsm-pasiklausymo-iranga-apie-60-paru-budincia-baterija-ilgiausias-veikimo-laikas\/"},"modified":"2026-04-21T17:20:06","modified_gmt":"2026-04-21T14:20:06","slug":"profesionala-gsm-noklausisanas-iekarta-ar-visilgako-akumulatora-darbibas-laiku-lidz-pat-60-dienam","status":"publish","type":"product","link":"https:\/\/izsekosanasierices.lv\/ru\/produkts\/professionalnoe-oborudovanie-dlya-gsm-podslushivaniya-s-samym-dlitelnym-vremenem-avtonomnoy-raboty-do-60-dney\/","title":{"rendered":"\u041f\u0440\u043e\u0444\u0435\u0441\u0441\u0438\u043e\u043d\u0430\u043b\u044c\u043d\u043e\u0435 \u043e\u0431\u043e\u0440\u0443\u0434\u043e\u0432\u0430\u043d\u0438\u0435 \u0434\u043b\u044f GSM-\u043f\u043e\u0434\u0441\u043b\u0443\u0448\u0438\u0432\u0430\u043d\u0438\u044f \u0441 \u0441\u0430\u043c\u044b\u043c \u0434\u043b\u0438\u0442\u0435\u043b\u044c\u043d\u044b\u043c \u0432\u0440\u0435\u043c\u0435\u043d\u0435\u043c \u0430\u0432\u0442\u043e\u043d\u043e\u043c\u043d\u043e\u0439 \u0440\u0430\u0431\u043e\u0442\u044b - \u0434\u043e 60 \u0434\u043d\u0435\u0439"},"content":{"rendered":"<h3><strong>\u0422\u0435\u0445\u043d\u0438\u0447\u0435\u0441\u043a\u0438\u0435 \u043f\u0430\u0440\u0430\u043c\u0435\u0442\u0440\u044b:<\/strong><\/h3>\n<ul>\n<li>\u0427\u0430\u0441\u0442\u043e\u0442\u044b: \u0447\u0435\u0442\u044b\u0440\u0435, \u0434\u043e\u0441\u0442\u0443\u043f\u043d\u044b \u043f\u043e \u0432\u0441\u0435\u043c\u0443 \u043c\u0438\u0440\u0443 (850 \u041c\u0413\u0446 \/ 900 \u041c\u0413\u0446 \/ 1800 \u041c\u0413\u0446 \/ 1900 \u041c\u0413\u0446)<\/li>\n<li>\u041f\u0435\u0440\u0435\u0434\u0430\u0447\u0430 \u0437\u0432\u0443\u043a\u0430: \u0430\u043a\u0442\u0438\u0432\u043d\u044b\u0439 GSM<\/li>\n<li>\u041c\u0438\u043a\u0440\u043e\u0444\u043e\u043d: \u0432\u044b\u0441\u043e\u043a\u043e\u0435 \u043a\u0430\u0447\u0435\u0441\u0442\u0432\u043e; \u0447\u0438\u0441\u0442\u044b\u0439 \u0437\u0432\u0443\u043a<\/li>\n<li>\u0410\u043a\u043a\u0443\u043c\u0443\u043b\u044f\u0442\u043e\u0440: \u0432\u043d\u0443\u0442\u0440\u0435\u043d\u043d\u0438\u0439 (\u043b\u0438\u0442\u0438\u0439-\u0438\u043e\u043d\u043d\u044b\u0439)<\/li>\n<li>\u0421\u0440\u043e\u043a \u0441\u043b\u0443\u0436\u0431\u044b \u0431\u0430\u0442\u0430\u0440\u0435\u0438: 55 - 75 \u0434\u043d\u0435\u0439<\/li>\n<li>\u0412\u0440\u0435\u043c\u044f \u0440\u0430\u0431\u043e\u0442\u044b \u043e\u0442 \u0430\u043a\u043a\u0443\u043c\u0443\u043b\u044f\u0442\u043e\u0440\u0430 \u043f\u0440\u0438 \u043f\u0440\u043e\u0441\u043b\u0443\u0448\u0438\u0432\u0430\u043d\u0438\u0438: 23 - 26 \u0447\u0430\u0441\u043e\u0432<\/li>\n<li>\u0420\u0430\u0437\u043c\u0435\u0440\u044b \u0443\u0441\u0442\u0440\u043e\u0439\u0441\u0442\u0432\u0430: 52 \u043c\u043c x 32 \u043c\u043c x 16 \u043c\u043c<\/li>\n<li><strong>\u0413\u0410\u0420\u0410\u041d\u0422\u0418\u042f 12 \u043c\u0435\u0441\u044f\u0446\u0435\u0432<\/strong><\/li>\n<\/ul>\n<p>\u0418\u0441\u043f\u043e\u043b\u044c\u0437\u0443\u0439\u0442\u0435 \u0434\u043b\u044f \u0432\u0430\u0448\u0435\u0439 \u0431\u0435\u0437\u043e\u043f\u0430\u0441\u043d\u043e\u0441\u0442\u0438 \u0438 \u0431\u0435\u0437\u043e\u043f\u0430\u0441\u043d\u043e\u0441\u0442\u0438 \u0432\u0430\u0448\u0438\u0445 \u0434\u0435\u0442\u0435\u0439<\/p>\n<p><span style=\"color: #ff0000;\"><strong>\u041d\u0443\u0436\u043d\u0430 \u0431\u044b\u0441\u0442\u0440\u0430\u044f \u0434\u043e\u0441\u0442\u0430\u0432\u043a\u0430 \u0432 \u0442\u043e\u0442 \u0436\u0435 \u0434\u0435\u043d\u044c (\u0438 \u0432 \u0432\u044b\u0445\u043e\u0434\u043d\u044b\u0435)? \u041f\u043e\u0437\u0432\u043e\u043d\u0438\u0442\u0435 \u043f\u043e \u0442\u0435\u043b\u0435\u0444\u043e\u043d\u0443 +371-20484176<\/strong><\/span><\/p>\n<p><strong>\u0412\u043a\u043b\u044e\u0447\u0430\u0435\u0442 \u0432 \u0441\u0435\u0431\u044f:<\/strong><\/p>\n<ul>\n<li>\u043f\u043e\u0434\u0441\u043b\u0443\u0448\u0438\u0432\u0430\u044e\u0449\u0435\u0435 \u0443\u0441\u0442\u0440\u043e\u0439\u0441\u0442\u0432\u043e;<\/li>\n<li>\u0437\u0430\u0440\u044f\u0434\u043d\u043e\u0435 \u0443\u0441\u0442\u0440\u043e\u0439\u0441\u0442\u0432\u043e;<\/li>\n<li>\u041a\u0430\u0431\u0435\u043b\u044c USB;<\/li>\n<li>\u0438\u043d\u0441\u0442\u0440\u0443\u043a\u0446\u0438\u0438<\/li>\n<\/ul>\n<p>\u041c\u043e\u0431\u0438\u043b\u044c\u043d\u043e\u0435 \u043f\u0440\u043e\u0441\u043b\u0443\u0448\u0438\u0432\u0430\u044e\u0449\u0435\u0435 \u0443\u0441\u0442\u0440\u043e\u0439\u0441\u0442\u0432\u043e GSM, \u043e\u0441\u043e\u0431\u0435\u043d\u043d\u043e \u043f\u043e\u0434\u0445\u043e\u0434\u044f\u0449\u0435\u0435 \u0434\u043b\u044f \u0441\u043b\u0443\u0447\u0430\u0435\u0432, \u043a\u043e\u0433\u0434\u0430 \u0442\u0440\u0435\u0431\u0443\u0435\u0442\u0441\u044f \u0432\u044b\u0441\u043e\u043a\u043e\u0435 \u043a\u0430\u0447\u0435\u0441\u0442\u0432\u043e \u043f\u0435\u0440\u0435\u0434\u0430\u0447\u0438 \u0437\u0432\u0443\u043a\u0430. \u0414\u043b\u044f \u0440\u0430\u0431\u043e\u0442\u044b \u0443\u0441\u0442\u0440\u043e\u0439\u0441\u0442\u0432\u0430 \u043d\u0435 \u0442\u0440\u0435\u0431\u0443\u0435\u0442\u0441\u044f \u044d\u043b\u0435\u043a\u0442\u0440\u0438\u0447\u0435\u0441\u043a\u0430\u044f \u0440\u043e\u0437\u0435\u0442\u043a\u0430, \u043f\u043e\u0441\u043a\u043e\u043b\u044c\u043a\u0443 \u043e\u043d\u043e \u0438\u0441\u043f\u043e\u043b\u044c\u0437\u0443\u0435\u0442 \u044d\u043d\u0435\u0440\u0433\u0438\u044e \u0432\u0441\u0442\u0440\u043e\u0435\u043d\u043d\u043e\u0433\u043e \u0430\u043a\u043a\u0443\u043c\u0443\u043b\u044f\u0442\u043e\u0440\u0430, \u0437\u0430\u0440\u044f\u0434\u0430 \u043a\u043e\u0442\u043e\u0440\u043e\u0433\u043e \u0445\u0432\u0430\u0442\u0430\u0435\u0442 \u043d\u0430 51-70 \u0434\u043d\u0435\u0439 (\u0432 \u0440\u0435\u0436\u0438\u043c\u0435 \u043e\u0436\u0438\u0434\u0430\u043d\u0438\u044f).<\/p>\n<p>\u042d\u0442\u043e \u043c\u043e\u0431\u0438\u043b\u044c\u043d\u043e\u0435 \u0443\u0441\u0442\u0440\u043e\u0439\u0441\u0442\u0432\u043e, \u0434\u043b\u044f \u043a\u043e\u0442\u043e\u0440\u043e\u0433\u043e \u0442\u0440\u0435\u0431\u0443\u0435\u0442\u0441\u044f \u043c\u043e\u0431\u0438\u043b\u044c\u043d\u0430\u044f SIM-\u043a\u0430\u0440\u0442\u0430. \u0427\u0442\u043e\u0431\u044b \u043f\u0440\u043e\u0441\u043b\u0443\u0448\u0430\u0442\u044c, \u0447\u0442\u043e \u043f\u0440\u043e\u0438\u0441\u0445\u043e\u0434\u0438\u0442 \u0432 \u043a\u043e\u043c\u043d\u0430\u0442\u0435 \u0432\u043e\u043a\u0440\u0443\u0433 \u0443\u0441\u0442\u0440\u043e\u0439\u0441\u0442\u0432\u0430, \u043d\u0443\u0436\u043d\u043e \u043f\u043e\u0437\u0432\u043e\u043d\u0438\u0442\u044c \u043d\u0430 \u043d\u043e\u043c\u0435\u0440 \u0442\u0435\u043b\u0435\u0444\u043e\u043d\u0430, \u043f\u0440\u0438\u0441\u0432\u043e\u0435\u043d\u043d\u044b\u0439 \u043a\u0430\u0440\u0442\u0435. \u0423\u0434\u043e\u0431\u043d\u0430\u044f \u0444\u0443\u043d\u043a\u0446\u0438\u044f \u043e\u043f\u043e\u0432\u0435\u0449\u0435\u043d\u0438\u044f \u043f\u043e\u0437\u0432\u043e\u043b\u044f\u0435\u0442 \u043d\u0430\u0447\u0430\u0442\u044c \u043f\u043e\u0434\u0441\u043b\u0443\u0448\u0438\u0432\u0430\u043d\u0438\u0435 \u043f\u0440\u0438 \u043e\u0431\u043d\u0430\u0440\u0443\u0436\u0435\u043d\u0438\u0438 \u0448\u0443\u043c\u0430 (\u0432\u044b\u0431\u0440\u0430\u0432 \u0444\u0443\u043d\u043a\u0446\u0438\u044e \u043e\u043f\u043e\u0432\u0435\u0449\u0435\u043d\u0438\u044f, \u043f\u043e\u0434\u0441\u043b\u0443\u0448\u0438\u0432\u0430\u044e\u0449\u0435\u0435 \u0443\u0441\u0442\u0440\u043e\u0439\u0441\u0442\u0432\u043e \u043e\u0442\u043f\u0440\u0430\u0432\u043b\u044f\u0435\u0442 \u043c\u043e\u0431\u0438\u043b\u044c\u043d\u044b\u0439 \u0441\u0438\u0433\u043d\u0430\u043b \u043d\u0430 \u043e\u043f\u0440\u0435\u0434\u0435\u043b\u0435\u043d\u043d\u044b\u0439 \u043d\u043e\u043c\u0435\u0440 \u043f\u0440\u0438 \u043e\u0431\u043d\u0430\u0440\u0443\u0436\u0435\u043d\u0438\u0438 \u0437\u0432\u0443\u043a\u0430 \u0432 \u043f\u043e\u043c\u0435\u0449\u0435\u043d\u0438\u0438).<\/p>","protected":false},"excerpt":{"rendered":"<p>\u041f\u0440\u043e\u0444\u0435\u0441\u0441\u0438\u043e\u043d\u0430\u043b\u044c\u043d\u043e\u0435 GSM \u043f\u043e\u0434\u0441\u043b\u0443\u0448\u0438\u0432\u0430\u044e\u0449\u0435\u0435 \u0443\u0441\u0442\u0440\u043e\u0439\u0441\u0442\u0432\u043e (blake) \u0414\u043e 60 \u0434\u043d\u0435\u0439 \u0440\u0430\u0431\u043e\u0442\u044b. \u041e\u0442\u043b\u0438\u0447\u043d\u043e\u0435 \u043a\u0430\u0447\u0435\u0441\u0442\u0432\u043e \u0437\u0432\u0443\u043a\u0430, \u0444\u0443\u043d\u043a\u0446\u0438\u044f \u043e\u0431\u0440\u0430\u0442\u043d\u043e\u0433\u043e \u0432\u044b\u0437\u043e\u0432\u0430. \u0412\u044b\u0441\u043e\u0447\u0430\u0439\u0448\u0435\u0435 \u043a\u0430\u0447\u0435\u0441\u0442\u0432\u043e \u043e\u0431\u043e\u0440\u0443\u0434\u043e\u0432\u0430\u043d\u0438\u044f \u0434\u043b\u044f \u0441\u043b\u0435\u0436\u0435\u043d\u0438\u044f<\/p>","protected":false},"featured_media":1471,"template":"","meta":[],"product_brand":[],"product_cat":[336,335,337],"product_tag":[62,425,338,339,340,341],"class_list":{"0":"post-1227","1":"product","2":"type-product","3":"status-publish","4":"has-post-thumbnail","6":"product_cat-gsm-noklausisanas-iekartas-blakes","7":"product_cat-noklausisanas-ierices","8":"product_cat-profesionals-noklausisanas-aprikojums","9":"product_tag-gsm-blake","10":"product_tag-mni-noklausisanas-blusa","11":"product_tag-noklausisanas-iekartas","12":"product_tag-noklausisanas-kluda","13":"product_tag-profesionalas-noklausisanas-iekartas","14":"product_tag-sarunu-noklausisanas","16":"first","17":"instock","18":"sale","19":"taxable","20":"shipping-taxable","21":"purchasable","22":"product-type-simple"},"yoast_head":"<!-- This site is optimized with the Yoast SEO plugin v27.4 - https:\/\/yoast.com\/product\/yoast-seo-wordpress\/ -->\n<title>GSM noklaus\u012b\u0161an\u0101s iek\u0101rta ar visilg\u0101ko akumulatora darb\u012bbas 60d.<\/title>\n<meta name=\"description\" content=\"Profesion\u0101la gsm noklaus\u012b\u0161an\u0101s iek\u0101rta blake Darb\u012bbas laiks l\u012bdz 60d Lieliska ska\u0146as kvalit\u0101te, atzvana funkcija Augst\u0101k\u0101s kvalit\u0101tes izseko\u0161anas apr\u012bkojums\" \/>\n<meta name=\"robots\" content=\"index, follow, max-snippet:-1, max-image-preview:large, max-video-preview:-1\" \/>\n<link rel=\"canonical\" href=\"https:\/\/izsekosanasierices.lv\/ru\/produkts\/professionalnoe-oborudovanie-dlya-gsm-podslushivaniya-s-samym-dlitelnym-vremenem-avtonomnoy-raboty-do-60-dney\/\" \/>\n<meta property=\"og:locale\" content=\"ru_RU\" \/>\n<meta property=\"og:type\" content=\"article\" \/>\n<meta property=\"og:title\" content=\"Nr. 1 profesion\u0101la GSM noklaus\u012b\u0161an\u0101s iek\u0101rta ar 60 dienu akumulatora darb\u012bbas laiku\" \/>\n<meta property=\"og:description\" content=\"Profesion\u0101la GSM noklaus\u012b\u0161an\u0101s iek\u0101rta (blak\u0117) Darb\u012bbas laiks l\u012bdz 60 dien\u0101m. Lieliska ska\u0146as kvalit\u0101te, atgriezenisk\u0101 zvana funkcija. Augst\u0101k\u0101s kvalit\u0101tes izseko\u0161anas apr\u012bkojums\" \/>\n<meta property=\"og:url\" content=\"https:\/\/izsekosanasierices.lv\/ru\/produkts\/professionalnoe-oborudovanie-dlya-gsm-podslushivaniya-s-samym-dlitelnym-vremenem-avtonomnoy-raboty-do-60-dney\/\" \/>\n<meta property=\"og:site_name\" content=\"Nr1 Izseko\u0161anas ier\u012bces gps izseko\u0161anas iek\u0101rtas, klaus\u012b\u0161an\u0101s iek\u0101rtas\" \/>\n<meta property=\"article:modified_time\" content=\"2026-04-21T14:20:06+00:00\" \/>\n<meta property=\"og:image\" content=\"https:\/\/rvnski.dev\/sekimoiranga\/wp-content\/uploads\/izsekosanasierices.webp\" \/>\n<meta name=\"twitter:card\" content=\"summary_large_image\" \/>\n<meta name=\"twitter:title\" content=\"Nr. 1 profesion\u0101la GSM noklaus\u012b\u0161an\u0101s iek\u0101rta ar 60 dienu akumulatora darb\u012bbas laiku\" \/>\n<meta name=\"twitter:description\" content=\"Profesion\u0101la GSM noklaus\u012b\u0161an\u0101s iek\u0101rta (blak\u0117) Darb\u012bbas laiks l\u012bdz 60 dien\u0101m. Lieliska ska\u0146as kvalit\u0101te, atgriezenisk\u0101 zvana funkcija. Augst\u0101k\u0101s kvalit\u0101tes izseko\u0161anas apr\u012bkojums\" \/>\n<meta name=\"twitter:label1\" content=\"\u041f\u0440\u0438\u043c\u0435\u0440\u043d\u043e\u0435 \u0432\u0440\u0435\u043c\u044f \u0434\u043b\u044f \u0447\u0442\u0435\u043d\u0438\u044f\" \/>\n\t<meta name=\"twitter:data1\" content=\"2 \u043c\u0438\u043d\u0443\u0442\u044b\" \/>\n<script type=\"application\/ld+json\" class=\"yoast-schema-graph\">{\"@context\":\"https:\\\/\\\/schema.org\",\"@graph\":[{\"@type\":\"WebPage\",\"@id\":\"https:\\\/\\\/izsekosanasierices.lv\\\/produkts\\\/profesionala-gsm-noklausisanas-iekarta-ar-visilgako-akumulatora-darbibas-laiku-lidz-pat-60-dienam\\\/\",\"url\":\"https:\\\/\\\/izsekosanasierices.lv\\\/produkts\\\/profesionala-gsm-noklausisanas-iekarta-ar-visilgako-akumulatora-darbibas-laiku-lidz-pat-60-dienam\\\/\",\"name\":\"GSM noklaus\u012b\u0161an\u0101s iek\u0101rta ar visilg\u0101ko akumulatora darb\u012bbas 60d.\",\"isPartOf\":{\"@id\":\"https:\\\/\\\/izsekosanasierices.lv\\\/#website\"},\"primaryImageOfPage\":{\"@id\":\"https:\\\/\\\/izsekosanasierices.lv\\\/produkts\\\/profesionala-gsm-noklausisanas-iekarta-ar-visilgako-akumulatora-darbibas-laiku-lidz-pat-60-dienam\\\/#primaryimage\"},\"image\":{\"@id\":\"https:\\\/\\\/izsekosanasierices.lv\\\/produkts\\\/profesionala-gsm-noklausisanas-iekarta-ar-visilgako-akumulatora-darbibas-laiku-lidz-pat-60-dienam\\\/#primaryimage\"},\"thumbnailUrl\":\"https:\\\/\\\/izsekosanasierices.lv\\\/wp-content\\\/uploads\\\/izsekosanasierices-profesionali-gsm-pasiklausymo-iranga-apie-60-paru-budincia-baterija-ilgiausias-veikimo-laikas.jpg\",\"datePublished\":\"2023-10-05T15:37:11+00:00\",\"dateModified\":\"2026-04-21T14:20:06+00:00\",\"description\":\"Profesion\u0101la gsm noklaus\u012b\u0161an\u0101s iek\u0101rta blake Darb\u012bbas laiks l\u012bdz 60d Lieliska ska\u0146as kvalit\u0101te, atzvana funkcija Augst\u0101k\u0101s kvalit\u0101tes izseko\u0161anas apr\u012bkojums\",\"breadcrumb\":{\"@id\":\"https:\\\/\\\/izsekosanasierices.lv\\\/produkts\\\/profesionala-gsm-noklausisanas-iekarta-ar-visilgako-akumulatora-darbibas-laiku-lidz-pat-60-dienam\\\/#breadcrumb\"},\"inLanguage\":\"ru-RU\",\"potentialAction\":[{\"@type\":\"ReadAction\",\"target\":[\"https:\\\/\\\/izsekosanasierices.lv\\\/produkts\\\/profesionala-gsm-noklausisanas-iekarta-ar-visilgako-akumulatora-darbibas-laiku-lidz-pat-60-dienam\\\/\"]}]},{\"@type\":\"ImageObject\",\"inLanguage\":\"ru-RU\",\"@id\":\"https:\\\/\\\/izsekosanasierices.lv\\\/produkts\\\/profesionala-gsm-noklausisanas-iekarta-ar-visilgako-akumulatora-darbibas-laiku-lidz-pat-60-dienam\\\/#primaryimage\",\"url\":\"https:\\\/\\\/izsekosanasierices.lv\\\/wp-content\\\/uploads\\\/izsekosanasierices-profesionali-gsm-pasiklausymo-iranga-apie-60-paru-budincia-baterija-ilgiausias-veikimo-laikas.jpg\",\"contentUrl\":\"https:\\\/\\\/izsekosanasierices.lv\\\/wp-content\\\/uploads\\\/izsekosanasierices-profesionali-gsm-pasiklausymo-iranga-apie-60-paru-budincia-baterija-ilgiausias-veikimo-laikas.jpg\",\"width\":490,\"height\":338,\"caption\":\"Profesionali GSM pasiklausymo blak\u0117 60 par\u0173 veikimo laikas\"},{\"@type\":\"BreadcrumbList\",\"@id\":\"https:\\\/\\\/izsekosanasierices.lv\\\/produkts\\\/profesionala-gsm-noklausisanas-iekarta-ar-visilgako-akumulatora-darbibas-laiku-lidz-pat-60-dienam\\\/#breadcrumb\",\"itemListElement\":[{\"@type\":\"ListItem\",\"position\":1,\"name\":\"S\u0101kums\",\"item\":\"https:\\\/\\\/izsekosanasierices.lv\\\/\"},{\"@type\":\"ListItem\",\"position\":2,\"name\":\"Veikals\",\"item\":\"https:\\\/\\\/izsekosanasierices.lv\\\/veikals\\\/\"},{\"@type\":\"ListItem\",\"position\":3,\"name\":\"Profesion\u0101la GSM noklaus\u012b\u0161an\u0101s iek\u0101rta ar visilg\u0101ko akumulatora darb\u012bbas laiku \u2013 l\u012bdz pat 60 dien\u0101m\"}]},{\"@type\":\"WebSite\",\"@id\":\"https:\\\/\\\/izsekosanasierices.lv\\\/#website\",\"url\":\"https:\\\/\\\/izsekosanasierices.lv\\\/\",\"name\":\"Nr1 Izseko\u0161anas ier\u012bces gps izseko\u0161anas iek\u0101rtas, klaus\u012b\u0161an\u0101s iek\u0101rtas\",\"description\":\"\",\"potentialAction\":[{\"@type\":\"SearchAction\",\"target\":{\"@type\":\"EntryPoint\",\"urlTemplate\":\"https:\\\/\\\/izsekosanasierices.lv\\\/?s={search_term_string}\"},\"query-input\":{\"@type\":\"PropertyValueSpecification\",\"valueRequired\":true,\"valueName\":\"search_term_string\"}}],\"inLanguage\":\"ru-RU\"}]}<\/script>\n<!-- \/ Yoast SEO plugin. -->","yoast_head_json":{"title":"GSM noklaus\u012b\u0161an\u0101s iek\u0101rta ar visilg\u0101ko akumulatora darb\u012bbas 60d.","description":"Profesion\u0101la gsm noklaus\u012b\u0161an\u0101s iek\u0101rta blake Darb\u012bbas laiks l\u012bdz 60d Lieliska ska\u0146as kvalit\u0101te, atzvana funkcija Augst\u0101k\u0101s kvalit\u0101tes izseko\u0161anas apr\u012bkojums","robots":{"index":"index","follow":"follow","max-snippet":"max-snippet:-1","max-image-preview":"max-image-preview:large","max-video-preview":"max-video-preview:-1"},"canonical":"https:\/\/izsekosanasierices.lv\/ru\/produkts\/professionalnoe-oborudovanie-dlya-gsm-podslushivaniya-s-samym-dlitelnym-vremenem-avtonomnoy-raboty-do-60-dney\/","og_locale":"ru_RU","og_type":"article","og_title":"Nr. 1 profesion\u0101la GSM noklaus\u012b\u0161an\u0101s iek\u0101rta ar 60 dienu akumulatora darb\u012bbas laiku","og_description":"Profesion\u0101la GSM noklaus\u012b\u0161an\u0101s iek\u0101rta (blak\u0117) Darb\u012bbas laiks l\u012bdz 60 dien\u0101m. Lieliska ska\u0146as kvalit\u0101te, atgriezenisk\u0101 zvana funkcija. Augst\u0101k\u0101s kvalit\u0101tes izseko\u0161anas apr\u012bkojums","og_url":"https:\/\/izsekosanasierices.lv\/ru\/produkts\/professionalnoe-oborudovanie-dlya-gsm-podslushivaniya-s-samym-dlitelnym-vremenem-avtonomnoy-raboty-do-60-dney\/","og_site_name":"Nr1 Izseko\u0161anas ier\u012bces gps izseko\u0161anas iek\u0101rtas, klaus\u012b\u0161an\u0101s iek\u0101rtas","article_modified_time":"2026-04-21T14:20:06+00:00","og_image":[{"url":"https:\/\/rvnski.dev\/sekimoiranga\/wp-content\/uploads\/izsekosanasierices.webp","type":"","width":"","height":""}],"twitter_card":"summary_large_image","twitter_title":"Nr. 1 profesion\u0101la GSM noklaus\u012b\u0161an\u0101s iek\u0101rta ar 60 dienu akumulatora darb\u012bbas laiku","twitter_description":"Profesion\u0101la GSM noklaus\u012b\u0161an\u0101s iek\u0101rta (blak\u0117) Darb\u012bbas laiks l\u012bdz 60 dien\u0101m. Lieliska ska\u0146as kvalit\u0101te, atgriezenisk\u0101 zvana funkcija. Augst\u0101k\u0101s kvalit\u0101tes izseko\u0161anas apr\u012bkojums","twitter_misc":{"\u041f\u0440\u0438\u043c\u0435\u0440\u043d\u043e\u0435 \u0432\u0440\u0435\u043c\u044f \u0434\u043b\u044f \u0447\u0442\u0435\u043d\u0438\u044f":"2 \u043c\u0438\u043d\u0443\u0442\u044b"},"schema":{"@context":"https:\/\/schema.org","@graph":[{"@type":"WebPage","@id":"https:\/\/izsekosanasierices.lv\/produkts\/profesionala-gsm-noklausisanas-iekarta-ar-visilgako-akumulatora-darbibas-laiku-lidz-pat-60-dienam\/","url":"https:\/\/izsekosanasierices.lv\/produkts\/profesionala-gsm-noklausisanas-iekarta-ar-visilgako-akumulatora-darbibas-laiku-lidz-pat-60-dienam\/","name":"GSM noklaus\u012b\u0161an\u0101s iek\u0101rta ar visilg\u0101ko akumulatora darb\u012bbas 60d.","isPartOf":{"@id":"https:\/\/izsekosanasierices.lv\/#website"},"primaryImageOfPage":{"@id":"https:\/\/izsekosanasierices.lv\/produkts\/profesionala-gsm-noklausisanas-iekarta-ar-visilgako-akumulatora-darbibas-laiku-lidz-pat-60-dienam\/#primaryimage"},"image":{"@id":"https:\/\/izsekosanasierices.lv\/produkts\/profesionala-gsm-noklausisanas-iekarta-ar-visilgako-akumulatora-darbibas-laiku-lidz-pat-60-dienam\/#primaryimage"},"thumbnailUrl":"https:\/\/izsekosanasierices.lv\/wp-content\/uploads\/izsekosanasierices-profesionali-gsm-pasiklausymo-iranga-apie-60-paru-budincia-baterija-ilgiausias-veikimo-laikas.jpg","datePublished":"2023-10-05T15:37:11+00:00","dateModified":"2026-04-21T14:20:06+00:00","description":"Profesion\u0101la gsm noklaus\u012b\u0161an\u0101s iek\u0101rta blake Darb\u012bbas laiks l\u012bdz 60d Lieliska ska\u0146as kvalit\u0101te, atzvana funkcija Augst\u0101k\u0101s kvalit\u0101tes izseko\u0161anas apr\u012bkojums","breadcrumb":{"@id":"https:\/\/izsekosanasierices.lv\/produkts\/profesionala-gsm-noklausisanas-iekarta-ar-visilgako-akumulatora-darbibas-laiku-lidz-pat-60-dienam\/#breadcrumb"},"inLanguage":"ru-RU","potentialAction":[{"@type":"ReadAction","target":["https:\/\/izsekosanasierices.lv\/produkts\/profesionala-gsm-noklausisanas-iekarta-ar-visilgako-akumulatora-darbibas-laiku-lidz-pat-60-dienam\/"]}]},{"@type":"ImageObject","inLanguage":"ru-RU","@id":"https:\/\/izsekosanasierices.lv\/produkts\/profesionala-gsm-noklausisanas-iekarta-ar-visilgako-akumulatora-darbibas-laiku-lidz-pat-60-dienam\/#primaryimage","url":"https:\/\/izsekosanasierices.lv\/wp-content\/uploads\/izsekosanasierices-profesionali-gsm-pasiklausymo-iranga-apie-60-paru-budincia-baterija-ilgiausias-veikimo-laikas.jpg","contentUrl":"https:\/\/izsekosanasierices.lv\/wp-content\/uploads\/izsekosanasierices-profesionali-gsm-pasiklausymo-iranga-apie-60-paru-budincia-baterija-ilgiausias-veikimo-laikas.jpg","width":490,"height":338,"caption":"Profesionali GSM pasiklausymo blak\u0117 60 par\u0173 veikimo laikas"},{"@type":"BreadcrumbList","@id":"https:\/\/izsekosanasierices.lv\/produkts\/profesionala-gsm-noklausisanas-iekarta-ar-visilgako-akumulatora-darbibas-laiku-lidz-pat-60-dienam\/#breadcrumb","itemListElement":[{"@type":"ListItem","position":1,"name":"S\u0101kums","item":"https:\/\/izsekosanasierices.lv\/"},{"@type":"ListItem","position":2,"name":"Veikals","item":"https:\/\/izsekosanasierices.lv\/veikals\/"},{"@type":"ListItem","position":3,"name":"Profesion\u0101la GSM noklaus\u012b\u0161an\u0101s iek\u0101rta ar visilg\u0101ko akumulatora darb\u012bbas laiku \u2013 l\u012bdz pat 60 dien\u0101m"}]},{"@type":"WebSite","@id":"https:\/\/izsekosanasierices.lv\/#website","url":"https:\/\/izsekosanasierices.lv\/","name":"Nr1 Izseko\u0161anas ier\u012bces gps izseko\u0161anas iek\u0101rtas, klaus\u012b\u0161an\u0101s iek\u0101rtas","description":"","potentialAction":[{"@type":"SearchAction","target":{"@type":"EntryPoint","urlTemplate":"https:\/\/izsekosanasierices.lv\/?s={search_term_string}"},"query-input":{"@type":"PropertyValueSpecification","valueRequired":true,"valueName":"search_term_string"}}],"inLanguage":"ru-RU"}]}},"_links":{"self":[{"href":"https:\/\/izsekosanasierices.lv\/ru\/wp-json\/wp\/v2\/product\/1227","targetHints":{"allow":["GET"]}}],"collection":[{"href":"https:\/\/izsekosanasierices.lv\/ru\/wp-json\/wp\/v2\/product"}],"about":[{"href":"https:\/\/izsekosanasierices.lv\/ru\/wp-json\/wp\/v2\/types\/product"}],"wp:featuredmedia":[{"embeddable":true,"href":"https:\/\/izsekosanasierices.lv\/ru\/wp-json\/wp\/v2\/media\/1471"}],"wp:attachment":[{"href":"https:\/\/izsekosanasierices.lv\/ru\/wp-json\/wp\/v2\/media?parent=1227"}],"wp:term":[{"taxonomy":"product_brand","embeddable":true,"href":"https:\/\/izsekosanasierices.lv\/ru\/wp-json\/wp\/v2\/product_brand?post=1227"},{"taxonomy":"product_cat","embeddable":true,"href":"https:\/\/izsekosanasierices.lv\/ru\/wp-json\/wp\/v2\/product_cat?post=1227"},{"taxonomy":"product_tag","embeddable":true,"href":"https:\/\/izsekosanasierices.lv\/ru\/wp-json\/wp\/v2\/product_tag?post=1227"}],"curies":[{"name":"wp","href":"https:\/\/api.w.org\/{rel}","templated":true}]}}