{"id":1306,"date":"2023-10-05T15:37:25","date_gmt":"2023-10-05T15:37:25","guid":{"rendered":"https:\/\/izsekosanasierices.lv\/produktas\/mobilaus-telefono-pakrovejas-ikroviklis-su-slapta-pasiklausymo-iranga\/"},"modified":"2026-04-23T08:21:57","modified_gmt":"2026-04-23T05:21:57","slug":"mobilo-talrunu-ladetajs-ar-iebuvetu-noklausisanas-iekartu","status":"publish","type":"product","link":"https:\/\/izsekosanasierices.lv\/ru\/produkts\/tyuner-dlya-mobilnoy-svyazi-so-vstroennoy-funktsiey-podslushivaniya\/","title":{"rendered":"\u0417\u0430\u0440\u044f\u0434\u043d\u043e\u0435 \u0443\u0441\u0442\u0440\u043e\u0439\u0441\u0442\u0432\u043e \u0434\u043b\u044f \u043c\u043e\u0431\u0438\u043b\u044c\u043d\u043e\u0433\u043e \u0442\u0435\u043b\u0435\u0444\u043e\u043d\u0430 \u0441\u043e \u0432\u0441\u0442\u0440\u043e\u0435\u043d\u043d\u044b\u043c \u043f\u043e\u0434\u0441\u043b\u0443\u0448\u0438\u0432\u0430\u044e\u0449\u0438\u043c \u0443\u0441\u0442\u0440\u043e\u0439\u0441\u0442\u0432\u043e\u043c"},"content":{"rendered":"<h3><strong>\u0422\u0435\u0445\u043d\u0438\u0447\u0435\u0441\u043a\u0438\u0435 \u043f\u0430\u0440\u0430\u043c\u0435\u0442\u0440\u044b:<\/strong><\/h3>\n<ul>\n<li>\u0427\u0430\u0441\u0442\u043e\u0442\u044b: \u0447\u0435\u0442\u044b\u0440\u0435, \u0434\u043e\u0441\u0442\u0443\u043f\u043d\u044b \u043f\u043e \u0432\u0441\u0435\u043c\u0443 \u043c\u0438\u0440\u0443 (850 \u041c\u0413\u0446 \/ 900 \u041c\u0413\u0446 \/ 1800 \u041c\u0413\u0446 \/ 1900 \u041c\u0413\u0446)<\/li>\n<li>\u041f\u043e\u0434\u0445\u043e\u0434\u0438\u0442 \u0434\u043b\u044f \u0437\u0430\u0440\u044f\u0434\u043a\u0438: \u0442\u0435\u043b\u0435\u0444\u043e\u043d\u043e\u0432, \u043f\u043b\u0430\u043d\u0448\u0435\u0442\u043e\u0432, \u043a\u0430\u043c\u0435\u0440 \u0438 \u0434\u0440\u0443\u0433\u0438\u0445 \u0443\u0441\u0442\u0440\u043e\u0439\u0441\u0442\u0432<\/li>\n<li>\u041f\u0435\u0440\u0435\u0434\u0430\u0447\u0430 \u0437\u0432\u0443\u043a\u0430: \u0447\u0435\u0440\u0435\u0437 GSM<\/li>\n<li>\u041c\u0438\u043a\u0440\u043e\u0444\u043e\u043d: \u0432\u044b\u0441\u043e\u043a\u043e\u0435 \u043a\u0430\u0447\u0435\u0441\u0442\u0432\u043e; \u0447\u0438\u0441\u0442\u044b\u0439 \u0437\u0432\u0443\u043a<\/li>\n<li>\u0410\u043a\u043a\u0443\u043c\u0443\u043b\u044f\u0442\u043e\u0440: \u0432\u043d\u0443\u0442\u0440\u0435\u043d\u043d\u0438\u0439 (\u043b\u0438\u0442\u0438\u0439-\u0438\u043e\u043d\u043d\u044b\u0439). \u0420\u0430\u0431\u043e\u0442\u0430\u0435\u0442 \u043f\u0440\u0438 \u043e\u0442\u043a\u043b\u044e\u0447\u0435\u043d\u0438\u0438 \u0443\u0441\u0442\u0440\u043e\u0439\u0441\u0442\u0432\u0430 \u043e\u0442 \u0441\u0435\u0442\u0438<\/li>\n<li>\u0412\u044b \u043c\u043e\u0436\u0435\u0442\u0435 \u043f\u043e\u0441\u043b\u0443\u0448\u0430\u0442\u044c \u043f\u0440\u044f\u043c\u044b\u0435 \u0432\u043a\u043b\u044e\u0447\u0435\u043d\u0438\u044f<\/li>\n<li>\u0412\u044b \u0431\u0443\u0434\u0435\u0442\u0435 \u043f\u043e\u043b\u0443\u0447\u0430\u0442\u044c \u0443\u0432\u0435\u0434\u043e\u043c\u043b\u0435\u043d\u0438\u044f \u043e \u0432\u043a\u043b\u044e\u0447\u0435\u043d\u0438\u0438 \u0438\u043b\u0438 \u0432\u044b\u043a\u043b\u044e\u0447\u0435\u043d\u0438\u0438 \u0437\u0430\u0440\u044f\u0434\u043d\u043e\u0433\u043e \u0443\u0441\u0442\u0440\u043e\u0439\u0441\u0442\u0432\u0430<\/li>\n<li>\u0412\u0438\u0437\u0443\u0430\u043b\u044c\u043d\u043e \u043d\u0435\u043e\u0442\u043b\u0438\u0447\u0438\u043c\u043e \u043e\u0442 \u0441\u0442\u0430\u043d\u0434\u0430\u0440\u0442\u043d\u043e\u0433\u043e \u0437\u0430\u0440\u044f\u0434\u043d\u043e\u0433\u043e \u0443\u0441\u0442\u0440\u043e\u0439\u0441\u0442\u0432\u0430<\/li>\n<li>\u041d\u0438\u043a\u0430\u043a\u0438\u0445 \u0437\u0432\u0443\u043a\u043e\u0432 \u0438\u043b\u0438 \u0441\u0432\u0435\u0442\u0430<\/li>\n<li><strong>\u0413\u0410\u0420\u0410\u041d\u0422\u0418\u042f 12 \u043c\u0435\u0441\u044f\u0446\u0435\u0432<\/strong><\/li>\n<\/ul>\n<p><span style=\"color: #ff0000;\"><strong>\u041d\u0443\u0436\u043d\u0430 \u0431\u044b\u0441\u0442\u0440\u0430\u044f \u0434\u043e\u0441\u0442\u0430\u0432\u043a\u0430 \u0432 \u0442\u043e\u0442 \u0436\u0435 \u0434\u0435\u043d\u044c (\u0438 \u0432 \u0432\u044b\u0445\u043e\u0434\u043d\u044b\u0435)? \u041f\u043e\u0437\u0432\u043e\u043d\u0438\u0442\u0435 \u043f\u043e \u0442\u0435\u043b\u0435\u0444\u043e\u043d\u0443 +371-20484176<\/strong><\/span><\/p>\n<p>\u0418\u0441\u043f\u043e\u043b\u044c\u0437\u043e\u0432\u0430\u043d\u0438\u0435: \u0434\u043b\u044f \u0441\u043e\u0431\u0441\u0442\u0432\u0435\u043d\u043d\u043e\u0439 \u0437\u0430\u0449\u0438\u0442\u044b, \u0434\u043b\u044f \u0437\u0430\u0449\u0438\u0442\u044b \u0434\u0435\u0442\u0435\u0439.<\/p>\n<p><strong>\u0412\u043a\u043b\u044e\u0447\u0430\u0435\u0442 \u0432 \u0441\u0435\u0431\u044f:<\/strong><\/p>\n<ul>\n<li>\u0417\u0430\u0440\u044f\u0434\u043d\u043e\u0435 \u0443\u0441\u0442\u0440\u043e\u0439\u0441\u0442\u0432\u043e;<\/li>\n<li>\u0438\u043d\u0441\u0442\u0440\u0443\u043a\u0446\u0438\u0438<\/li>\n<\/ul>\n<p>USB-\u0437\u0430\u0440\u044f\u0434\u043d\u043e\u0435 \u0443\u0441\u0442\u0440\u043e\u0439\u0441\u0442\u0432\u043e \u0434\u043b\u044f \u043c\u043e\u0431\u0438\u043b\u044c\u043d\u043e\u0433\u043e \u0442\u0435\u043b\u0435\u0444\u043e\u043d\u0430 \u0438\u043b\u0438 \u0434\u0440\u0443\u0433\u043e\u0433\u043e \u043e\u0431\u043e\u0440\u0443\u0434\u043e\u0432\u0430\u043d\u0438\u044f. \u0418\u0434\u0435\u0430\u043b\u044c\u043d\u043e \u043f\u043e\u0434\u0445\u043e\u0434\u0438\u0442 \u0434\u043b\u044f \u0443\u0434\u0430\u043b\u0435\u043d\u043d\u043e\u0433\u043e \u043f\u043e\u0434\u0441\u043b\u0443\u0448\u0438\u0432\u0430\u043d\u0438\u044f \u043d\u0435\u0441\u043e\u0432\u0435\u0440\u0448\u0435\u043d\u043d\u043e\u043b\u0435\u0442\u043d\u0438\u0445 \u0434\u0435\u0442\u0435\u0439. \u0421\u0435\u0433\u043e\u0434\u043d\u044f 90 % \u0432\u0441\u0435\u0445 \u043c\u043e\u0431\u0438\u043b\u044c\u043d\u044b\u0445 \u0442\u0435\u043b\u0435\u0444\u043e\u043d\u043e\u0432 \u0437\u0430\u0440\u044f\u0436\u0430\u044e\u0442\u0441\u044f \u043a\u0430\u0436\u0434\u044b\u0439 \u0434\u0435\u043d\u044c, \u0438 \u043b\u044e\u0434\u0438 \u043d\u0435 \u043e\u0442\u043a\u043b\u044e\u0447\u0430\u044e\u0442 \u0437\u0430\u0440\u044f\u0434\u043d\u044b\u0435 \u0443\u0441\u0442\u0440\u043e\u0439\u0441\u0442\u0432\u0430 \u043e\u0442 \u0441\u0435\u0442\u0438. \u0412\u044b \u0441\u043c\u043e\u0436\u0435\u0442\u0435 \u043f\u043e\u0434\u0441\u043b\u0443\u0448\u0438\u0432\u0430\u0442\u044c, \u043e \u0447\u0435\u043c \u0433\u043e\u0432\u043e\u0440\u044f\u0442 \u0432\u043e\u043a\u0440\u0443\u0433 \u0432\u0430\u0441.<\/p>\n<p>\u0423\u0441\u0442\u0440\u043e\u0439\u0441\u0442\u0432\u043e \u043f\u0440\u043e\u0441\u0442\u043e \u0432 \u0438\u0441\u043f\u043e\u043b\u044c\u0437\u043e\u0432\u0430\u043d\u0438\u0438: \u0434\u043e\u0441\u0442\u0430\u0442\u043e\u0447\u043d\u043e \u0432\u0441\u0442\u0430\u0432\u0438\u0442\u044c SIM-\u043a\u0430\u0440\u0442\u0443, \u0438 \u0432\u044b \u0441\u043c\u043e\u0436\u0435\u0442\u0435 \u0441\u043e\u0432\u0435\u0440\u0448\u0430\u0442\u044c \u0437\u0432\u043e\u043d\u043a\u0438 \u0438 \u043f\u0440\u043e\u0441\u043b\u0443\u0448\u0438\u0432\u0430\u0442\u044c \u0440\u0430\u0437\u0433\u043e\u0432\u043e\u0440\u044b.<\/p>\n<p>\u0423\u0441\u0442\u0440\u043e\u0439\u0441\u0442\u0432\u043e \u0440\u0430\u0431\u043e\u0442\u0430\u0435\u0442 \u043f\u043e \u0432\u0441\u0435\u043c\u0443 \u043c\u0438\u0440\u0443, \u043f\u043e\u044d\u0442\u043e\u043c\u0443 \u0432\u044b \u043c\u043e\u0436\u0435\u0442\u0435 \u0441\u043b\u0443\u0448\u0430\u0442\u044c \u0438\u0437-\u0437\u0430 \u0433\u0440\u0430\u043d\u0438\u0446\u044b - \u043e\u0433\u0440\u0430\u043d\u0438\u0447\u0435\u043d\u0438\u0439 \u043f\u043e \u0440\u0430\u0441\u0441\u0442\u043e\u044f\u043d\u0438\u044e \u043d\u0435\u0442.<\/p>\n<p>\u041f\u0440\u0438\u0441\u043b\u0443\u0448\u0438\u0432\u0430\u0439\u0442\u0435\u0441\u044c \u043a \u0442\u043e\u043c\u0443, \u043e \u0447\u0435\u043c \u0432\u0430\u0448\u0438 \u0434\u0435\u0442\u0438 \u0433\u043e\u0432\u043e\u0440\u044f\u0442 \u0434\u043e\u043c\u0430, \u043a\u043e\u0433\u0434\u0430 \u0432\u044b \u043d\u0430 \u0440\u0430\u0431\u043e\u0442\u0435. \u041d\u044f\u043d\u0438 \u0447\u0430\u0441\u0442\u043e \u043f\u043b\u043e\u0445\u043e \u043e\u0431\u0440\u0430\u0449\u0430\u044e\u0442\u0441\u044f \u0441 \u043c\u0430\u043b\u0435\u043d\u044c\u043a\u0438\u043c\u0438 \u0434\u0435\u0442\u044c\u043c\u0438, \u043f\u043e\u0442\u043e\u043c\u0443 \u0447\u0442\u043e \u043e\u043d\u0438 \u0435\u0449\u0435 \u043d\u0435 \u0443\u043c\u0435\u044e\u0442 \u0433\u043e\u0432\u043e\u0440\u0438\u0442\u044c \u0438 \u043d\u0435 \u043c\u043e\u0433\u0443\u0442 \u0440\u0430\u0441\u0441\u043a\u0430\u0437\u0430\u0442\u044c \u043e\u0431 \u044d\u0442\u043e\u043c \u0440\u043e\u0434\u0438\u0442\u0435\u043b\u044f\u043c. \u041c\u043e\u0436\u0435\u0442 \u0431\u044b\u0442\u044c, \u0432\u044b \u043f\u043e\u0434\u043e\u0437\u0440\u0435\u0432\u0430\u0435\u0442\u0435, \u043a\u0430\u043a \u0432\u0435\u0434\u0435\u0442 \u0441\u0435\u0431\u044f \u0432\u0430\u0448 \u0441\u0443\u043f\u0440\u0443\u0433? \u042d\u0442\u043e \u043f\u043e\u0434\u0441\u043b\u0443\u0448\u0438\u0432\u0430\u044e\u0449\u0435\u0435 \u0443\u0441\u0442\u0440\u043e\u0439\u0441\u0442\u0432\u043e - \u043e\u0442\u043b\u0438\u0447\u043d\u044b\u0439 \u0441\u043f\u043e\u0441\u043e\u0431 \u0443\u0437\u043d\u0430\u0442\u044c \u043f\u0440\u0430\u0432\u0434\u0443.<\/p>\n<p>\u042d\u0442\u043e \u0437\u0430\u0440\u044f\u0434\u043d\u043e\u0435 \u0443\u0441\u0442\u0440\u043e\u0439\u0441\u0442\u0432\u043e \u043f\u043e\u0434\u0445\u043e\u0434\u0438\u0442 \u0434\u043b\u044f \u0432\u0441\u0435\u0445 \u0443\u0441\u0442\u0440\u043e\u0439\u0441\u0442\u0432.<\/p>","protected":false},"excerpt":{"rendered":"<p>\u0412\u044b\u0441\u043e\u043a\u043e\u043a\u0430\u0447\u0435\u0441\u0442\u0432\u0435\u043d\u043d\u043e\u0435 \u043f\u043e\u0434\u0441\u043b\u0443\u0448\u0438\u0432\u0430\u044e\u0449\u0435\u0435 \u0443\u0441\u0442\u0440\u043e\u0439\u0441\u0442\u0432\u043e - \u0437\u0430\u0440\u044f\u0434\u043d\u043e\u0435 \u0443\u0441\u0442\u0440\u043e\u0439\u0441\u0442\u0432\u043e \u0434\u043b\u044f \u043c\u043e\u0431\u0438\u043b\u044c\u043d\u043e\u0433\u043e \u0442\u0435\u043b\u0435\u0444\u043e\u043d\u0430 (\u043f\u043e\u0434\u0445\u043e\u0434\u0438\u0442 \u0434\u043b\u044f \u0432\u0441\u0435\u0445 \u0443\u0441\u0442\u0440\u043e\u0439\u0441\u0442\u0432). \u0412\u043e\u0437\u043c\u043e\u0436\u043d\u043e\u0441\u0442\u044c \u0443\u0434\u0430\u043b\u0435\u043d\u043d\u043e\u0433\u043e \u043f\u0440\u043e\u0441\u043b\u0443\u0448\u0438\u0432\u0430\u043d\u0438\u044f \u0440\u0430\u0437\u0433\u043e\u0432\u043e\u0440\u043e\u0432. \u0411\u0435\u0441\u043f\u043b\u0430\u0442\u043d\u0430\u044f \u0434\u043e\u0441\u0442\u0430\u0432\u043a\u0430.<\/p>","protected":false},"featured_media":1834,"template":"","meta":[],"product_brand":[],"product_cat":[336,335,337],"product_tag":[62,424,425,338,339,340,341],"class_list":{"0":"post-1306","1":"product","2":"type-product","3":"status-publish","4":"has-post-thumbnail","6":"product_cat-gsm-noklausisanas-iekartas-blakes","7":"product_cat-noklausisanas-ierices","8":"product_cat-profesionals-noklausisanas-aprikojums","9":"product_tag-gsm-blake","10":"product_tag-ladetajs-slepeni-novers-uzmanibu","11":"product_tag-mni-noklausisanas-blusa","12":"product_tag-noklausisanas-iekartas","13":"product_tag-noklausisanas-kluda","14":"product_tag-profesionalas-noklausisanas-iekartas","15":"product_tag-sarunu-noklausisanas","17":"first","18":"instock","19":"taxable","20":"shipping-taxable","21":"purchasable","22":"product-type-simple"},"yoast_head":"<!-- This site is optimized with the Yoast SEO plugin v27.4 - https:\/\/yoast.com\/product\/yoast-seo-wordpress\/ -->\n<title>Mobilo t\u0101lru\u0146u l\u0101d\u0113t\u0101js ar ieb\u016bv\u0113tu noklaus\u012b\u0161an\u0101s iek\u0101rtu<\/title>\n<meta name=\"description\" content=\"Augstas kvalit\u0101tes noklaus\u012b\u0161an\u0101s iek\u0101rta \u2013 mobilo t\u0101lru\u0146u l\u0101d\u0113t\u0101js (piem\u0113rots vis\u0101m ier\u012bc\u0113m). Iesp\u0113ja noklaus\u012bties sarunas att\u0101lin\u0101ti. Bezmaksas pieg\u0101de.\" \/>\n<meta name=\"robots\" content=\"index, follow, max-snippet:-1, max-image-preview:large, max-video-preview:-1\" \/>\n<link rel=\"canonical\" href=\"https:\/\/izsekosanasierices.lv\/ru\/produkts\/tyuner-dlya-mobilnoy-svyazi-so-vstroennoy-funktsiey-podslushivaniya\/\" \/>\n<meta property=\"og:locale\" content=\"ru_RU\" \/>\n<meta property=\"og:type\" content=\"article\" \/>\n<meta property=\"og:title\" content=\"USB l\u0101d\u0113t\u0101js ar ieb\u016bv\u0113tu noklaus\u012b\u0161an\u0101s iek\u0101rtu (GSM bug)\" \/>\n<meta property=\"og:description\" content=\"Augstas kvalit\u0101tes noklaus\u012b\u0161an\u0101s iek\u0101rta - mobilo t\u0101lru\u0146u l\u0101d\u0113t\u0101js (piem\u0113rots vis\u0101m ier\u012bc\u0113m) Iesp\u0113ja noklaus\u012bties sarunas att\u0101lin\u0101ti Bezmaksas pieg\u0101de\" \/>\n<meta property=\"og:url\" content=\"https:\/\/izsekosanasierices.lv\/ru\/produkts\/tyuner-dlya-mobilnoy-svyazi-so-vstroennoy-funktsiey-podslushivaniya\/\" \/>\n<meta property=\"og:site_name\" content=\"Nr1 Izseko\u0161anas ier\u012bces gps izseko\u0161anas iek\u0101rtas, klaus\u012b\u0161an\u0101s iek\u0101rtas\" \/>\n<meta property=\"article:modified_time\" content=\"2026-04-23T05:21:57+00:00\" \/>\n<meta property=\"og:image\" content=\"https:\/\/rvnski.dev\/sekimoiranga\/wp-content\/uploads\/izsekosanasierices.webp\" \/>\n<meta name=\"twitter:card\" content=\"summary_large_image\" \/>\n<meta name=\"twitter:title\" content=\"USB l\u0101d\u0113t\u0101js ar ieb\u016bv\u0113tu noklaus\u012b\u0161an\u0101s iek\u0101rtu (GSM bug)\" \/>\n<meta name=\"twitter:description\" content=\"Augstas kvalit\u0101tes noklaus\u012b\u0161an\u0101s iek\u0101rta - mobilo t\u0101lru\u0146u l\u0101d\u0113t\u0101js (piem\u0113rots vis\u0101m ier\u012bc\u0113m) Iesp\u0113ja noklaus\u012bties sarunas att\u0101lin\u0101ti Bezmaksas pieg\u0101de\" \/>\n<meta name=\"twitter:label1\" content=\"\u041f\u0440\u0438\u043c\u0435\u0440\u043d\u043e\u0435 \u0432\u0440\u0435\u043c\u044f \u0434\u043b\u044f \u0447\u0442\u0435\u043d\u0438\u044f\" \/>\n\t<meta name=\"twitter:data1\" content=\"2 \u043c\u0438\u043d\u0443\u0442\u044b\" \/>\n<script type=\"application\/ld+json\" class=\"yoast-schema-graph\">{\"@context\":\"https:\\\/\\\/schema.org\",\"@graph\":[{\"@type\":\"WebPage\",\"@id\":\"https:\\\/\\\/izsekosanasierices.lv\\\/produkts\\\/mobilo-talrunu-ladetajs-ar-iebuvetu-noklausisanas-iekartu\\\/\",\"url\":\"https:\\\/\\\/izsekosanasierices.lv\\\/produkts\\\/mobilo-talrunu-ladetajs-ar-iebuvetu-noklausisanas-iekartu\\\/\",\"name\":\"Mobilo t\u0101lru\u0146u l\u0101d\u0113t\u0101js ar ieb\u016bv\u0113tu noklaus\u012b\u0161an\u0101s iek\u0101rtu\",\"isPartOf\":{\"@id\":\"https:\\\/\\\/izsekosanasierices.lv\\\/#website\"},\"primaryImageOfPage\":{\"@id\":\"https:\\\/\\\/izsekosanasierices.lv\\\/produkts\\\/mobilo-talrunu-ladetajs-ar-iebuvetu-noklausisanas-iekartu\\\/#primaryimage\"},\"image\":{\"@id\":\"https:\\\/\\\/izsekosanasierices.lv\\\/produkts\\\/mobilo-talrunu-ladetajs-ar-iebuvetu-noklausisanas-iekartu\\\/#primaryimage\"},\"thumbnailUrl\":\"https:\\\/\\\/izsekosanasierices.lv\\\/wp-content\\\/uploads\\\/izsekosanasierices-mobilaus-telefono-pakrovejas-su-slapta-pasiklausymo-iranga.jpg\",\"datePublished\":\"2023-10-05T15:37:25+00:00\",\"dateModified\":\"2026-04-23T05:21:57+00:00\",\"description\":\"Augstas kvalit\u0101tes noklaus\u012b\u0161an\u0101s iek\u0101rta \u2013 mobilo t\u0101lru\u0146u l\u0101d\u0113t\u0101js (piem\u0113rots vis\u0101m ier\u012bc\u0113m). Iesp\u0113ja noklaus\u012bties sarunas att\u0101lin\u0101ti. Bezmaksas pieg\u0101de.\",\"breadcrumb\":{\"@id\":\"https:\\\/\\\/izsekosanasierices.lv\\\/produkts\\\/mobilo-talrunu-ladetajs-ar-iebuvetu-noklausisanas-iekartu\\\/#breadcrumb\"},\"inLanguage\":\"ru-RU\",\"potentialAction\":[{\"@type\":\"ReadAction\",\"target\":[\"https:\\\/\\\/izsekosanasierices.lv\\\/produkts\\\/mobilo-talrunu-ladetajs-ar-iebuvetu-noklausisanas-iekartu\\\/\"]}]},{\"@type\":\"ImageObject\",\"inLanguage\":\"ru-RU\",\"@id\":\"https:\\\/\\\/izsekosanasierices.lv\\\/produkts\\\/mobilo-talrunu-ladetajs-ar-iebuvetu-noklausisanas-iekartu\\\/#primaryimage\",\"url\":\"https:\\\/\\\/izsekosanasierices.lv\\\/wp-content\\\/uploads\\\/izsekosanasierices-mobilaus-telefono-pakrovejas-su-slapta-pasiklausymo-iranga.jpg\",\"contentUrl\":\"https:\\\/\\\/izsekosanasierices.lv\\\/wp-content\\\/uploads\\\/izsekosanasierices-mobilaus-telefono-pakrovejas-su-slapta-pasiklausymo-iranga.jpg\",\"width\":1000,\"height\":1000,\"caption\":\"Mobilaus telefono pakrov\u0117jas su slapta pasiklausymo \u012franga\"},{\"@type\":\"BreadcrumbList\",\"@id\":\"https:\\\/\\\/izsekosanasierices.lv\\\/produkts\\\/mobilo-talrunu-ladetajs-ar-iebuvetu-noklausisanas-iekartu\\\/#breadcrumb\",\"itemListElement\":[{\"@type\":\"ListItem\",\"position\":1,\"name\":\"S\u0101kums\",\"item\":\"https:\\\/\\\/izsekosanasierices.lv\\\/\"},{\"@type\":\"ListItem\",\"position\":2,\"name\":\"Veikals\",\"item\":\"https:\\\/\\\/izsekosanasierices.lv\\\/veikals\\\/\"},{\"@type\":\"ListItem\",\"position\":3,\"name\":\"Mobilo t\u0101lru\u0146u l\u0101d\u0113t\u0101js ar ieb\u016bv\u0113tu noklaus\u012b\u0161an\u0101s iek\u0101rtu\"}]},{\"@type\":\"WebSite\",\"@id\":\"https:\\\/\\\/izsekosanasierices.lv\\\/#website\",\"url\":\"https:\\\/\\\/izsekosanasierices.lv\\\/\",\"name\":\"Nr1 Izseko\u0161anas ier\u012bces gps izseko\u0161anas iek\u0101rtas, klaus\u012b\u0161an\u0101s iek\u0101rtas\",\"description\":\"\",\"potentialAction\":[{\"@type\":\"SearchAction\",\"target\":{\"@type\":\"EntryPoint\",\"urlTemplate\":\"https:\\\/\\\/izsekosanasierices.lv\\\/?s={search_term_string}\"},\"query-input\":{\"@type\":\"PropertyValueSpecification\",\"valueRequired\":true,\"valueName\":\"search_term_string\"}}],\"inLanguage\":\"ru-RU\"}]}<\/script>\n<!-- \/ Yoast SEO plugin. -->","yoast_head_json":{"title":"Mobilo t\u0101lru\u0146u l\u0101d\u0113t\u0101js ar ieb\u016bv\u0113tu noklaus\u012b\u0161an\u0101s iek\u0101rtu","description":"Augstas kvalit\u0101tes noklaus\u012b\u0161an\u0101s iek\u0101rta \u2013 mobilo t\u0101lru\u0146u l\u0101d\u0113t\u0101js (piem\u0113rots vis\u0101m ier\u012bc\u0113m). Iesp\u0113ja noklaus\u012bties sarunas att\u0101lin\u0101ti. Bezmaksas pieg\u0101de.","robots":{"index":"index","follow":"follow","max-snippet":"max-snippet:-1","max-image-preview":"max-image-preview:large","max-video-preview":"max-video-preview:-1"},"canonical":"https:\/\/izsekosanasierices.lv\/ru\/produkts\/tyuner-dlya-mobilnoy-svyazi-so-vstroennoy-funktsiey-podslushivaniya\/","og_locale":"ru_RU","og_type":"article","og_title":"USB l\u0101d\u0113t\u0101js ar ieb\u016bv\u0113tu noklaus\u012b\u0161an\u0101s iek\u0101rtu (GSM bug)","og_description":"Augstas kvalit\u0101tes noklaus\u012b\u0161an\u0101s iek\u0101rta - mobilo t\u0101lru\u0146u l\u0101d\u0113t\u0101js (piem\u0113rots vis\u0101m ier\u012bc\u0113m) Iesp\u0113ja noklaus\u012bties sarunas att\u0101lin\u0101ti Bezmaksas pieg\u0101de","og_url":"https:\/\/izsekosanasierices.lv\/ru\/produkts\/tyuner-dlya-mobilnoy-svyazi-so-vstroennoy-funktsiey-podslushivaniya\/","og_site_name":"Nr1 Izseko\u0161anas ier\u012bces gps izseko\u0161anas iek\u0101rtas, klaus\u012b\u0161an\u0101s iek\u0101rtas","article_modified_time":"2026-04-23T05:21:57+00:00","og_image":[{"url":"https:\/\/rvnski.dev\/sekimoiranga\/wp-content\/uploads\/izsekosanasierices.webp","type":"","width":"","height":""}],"twitter_card":"summary_large_image","twitter_title":"USB l\u0101d\u0113t\u0101js ar ieb\u016bv\u0113tu noklaus\u012b\u0161an\u0101s iek\u0101rtu (GSM bug)","twitter_description":"Augstas kvalit\u0101tes noklaus\u012b\u0161an\u0101s iek\u0101rta - mobilo t\u0101lru\u0146u l\u0101d\u0113t\u0101js (piem\u0113rots vis\u0101m ier\u012bc\u0113m) Iesp\u0113ja noklaus\u012bties sarunas att\u0101lin\u0101ti Bezmaksas pieg\u0101de","twitter_misc":{"\u041f\u0440\u0438\u043c\u0435\u0440\u043d\u043e\u0435 \u0432\u0440\u0435\u043c\u044f \u0434\u043b\u044f \u0447\u0442\u0435\u043d\u0438\u044f":"2 \u043c\u0438\u043d\u0443\u0442\u044b"},"schema":{"@context":"https:\/\/schema.org","@graph":[{"@type":"WebPage","@id":"https:\/\/izsekosanasierices.lv\/produkts\/mobilo-talrunu-ladetajs-ar-iebuvetu-noklausisanas-iekartu\/","url":"https:\/\/izsekosanasierices.lv\/produkts\/mobilo-talrunu-ladetajs-ar-iebuvetu-noklausisanas-iekartu\/","name":"Mobilo t\u0101lru\u0146u l\u0101d\u0113t\u0101js ar ieb\u016bv\u0113tu noklaus\u012b\u0161an\u0101s iek\u0101rtu","isPartOf":{"@id":"https:\/\/izsekosanasierices.lv\/#website"},"primaryImageOfPage":{"@id":"https:\/\/izsekosanasierices.lv\/produkts\/mobilo-talrunu-ladetajs-ar-iebuvetu-noklausisanas-iekartu\/#primaryimage"},"image":{"@id":"https:\/\/izsekosanasierices.lv\/produkts\/mobilo-talrunu-ladetajs-ar-iebuvetu-noklausisanas-iekartu\/#primaryimage"},"thumbnailUrl":"https:\/\/izsekosanasierices.lv\/wp-content\/uploads\/izsekosanasierices-mobilaus-telefono-pakrovejas-su-slapta-pasiklausymo-iranga.jpg","datePublished":"2023-10-05T15:37:25+00:00","dateModified":"2026-04-23T05:21:57+00:00","description":"Augstas kvalit\u0101tes noklaus\u012b\u0161an\u0101s iek\u0101rta \u2013 mobilo t\u0101lru\u0146u l\u0101d\u0113t\u0101js (piem\u0113rots vis\u0101m ier\u012bc\u0113m). Iesp\u0113ja noklaus\u012bties sarunas att\u0101lin\u0101ti. Bezmaksas pieg\u0101de.","breadcrumb":{"@id":"https:\/\/izsekosanasierices.lv\/produkts\/mobilo-talrunu-ladetajs-ar-iebuvetu-noklausisanas-iekartu\/#breadcrumb"},"inLanguage":"ru-RU","potentialAction":[{"@type":"ReadAction","target":["https:\/\/izsekosanasierices.lv\/produkts\/mobilo-talrunu-ladetajs-ar-iebuvetu-noklausisanas-iekartu\/"]}]},{"@type":"ImageObject","inLanguage":"ru-RU","@id":"https:\/\/izsekosanasierices.lv\/produkts\/mobilo-talrunu-ladetajs-ar-iebuvetu-noklausisanas-iekartu\/#primaryimage","url":"https:\/\/izsekosanasierices.lv\/wp-content\/uploads\/izsekosanasierices-mobilaus-telefono-pakrovejas-su-slapta-pasiklausymo-iranga.jpg","contentUrl":"https:\/\/izsekosanasierices.lv\/wp-content\/uploads\/izsekosanasierices-mobilaus-telefono-pakrovejas-su-slapta-pasiklausymo-iranga.jpg","width":1000,"height":1000,"caption":"Mobilaus telefono pakrov\u0117jas su slapta pasiklausymo \u012franga"},{"@type":"BreadcrumbList","@id":"https:\/\/izsekosanasierices.lv\/produkts\/mobilo-talrunu-ladetajs-ar-iebuvetu-noklausisanas-iekartu\/#breadcrumb","itemListElement":[{"@type":"ListItem","position":1,"name":"S\u0101kums","item":"https:\/\/izsekosanasierices.lv\/"},{"@type":"ListItem","position":2,"name":"Veikals","item":"https:\/\/izsekosanasierices.lv\/veikals\/"},{"@type":"ListItem","position":3,"name":"Mobilo t\u0101lru\u0146u l\u0101d\u0113t\u0101js ar ieb\u016bv\u0113tu noklaus\u012b\u0161an\u0101s iek\u0101rtu"}]},{"@type":"WebSite","@id":"https:\/\/izsekosanasierices.lv\/#website","url":"https:\/\/izsekosanasierices.lv\/","name":"Nr1 Izseko\u0161anas ier\u012bces gps izseko\u0161anas iek\u0101rtas, klaus\u012b\u0161an\u0101s iek\u0101rtas","description":"","potentialAction":[{"@type":"SearchAction","target":{"@type":"EntryPoint","urlTemplate":"https:\/\/izsekosanasierices.lv\/?s={search_term_string}"},"query-input":{"@type":"PropertyValueSpecification","valueRequired":true,"valueName":"search_term_string"}}],"inLanguage":"ru-RU"}]}},"_links":{"self":[{"href":"https:\/\/izsekosanasierices.lv\/ru\/wp-json\/wp\/v2\/product\/1306","targetHints":{"allow":["GET"]}}],"collection":[{"href":"https:\/\/izsekosanasierices.lv\/ru\/wp-json\/wp\/v2\/product"}],"about":[{"href":"https:\/\/izsekosanasierices.lv\/ru\/wp-json\/wp\/v2\/types\/product"}],"wp:featuredmedia":[{"embeddable":true,"href":"https:\/\/izsekosanasierices.lv\/ru\/wp-json\/wp\/v2\/media\/1834"}],"wp:attachment":[{"href":"https:\/\/izsekosanasierices.lv\/ru\/wp-json\/wp\/v2\/media?parent=1306"}],"wp:term":[{"taxonomy":"product_brand","embeddable":true,"href":"https:\/\/izsekosanasierices.lv\/ru\/wp-json\/wp\/v2\/product_brand?post=1306"},{"taxonomy":"product_cat","embeddable":true,"href":"https:\/\/izsekosanasierices.lv\/ru\/wp-json\/wp\/v2\/product_cat?post=1306"},{"taxonomy":"product_tag","embeddable":true,"href":"https:\/\/izsekosanasierices.lv\/ru\/wp-json\/wp\/v2\/product_tag?post=1306"}],"curies":[{"name":"wp","href":"https:\/\/api.w.org\/{rel}","templated":true}]}}